{"id":1671,"date":"2025-04-15T08:26:12","date_gmt":"2025-04-15T08:26:12","guid":{"rendered":"https:\/\/xenonkungen.com\/product\/skyltbelysning-led-till-bmw-e82-e90-e92-e39\/"},"modified":"2026-03-11T09:38:38","modified_gmt":"2026-03-11T08:38:38","slug":"nummerpladelys-led-til-bmw-e82-e90-e90-e39","status":"publish","type":"product","link":"https:\/\/xenonkungen.com\/dk\/vare\/nummerpladelys-led-til-bmw-e82-e90-e90-e39\/","title":{"rendered":"Nummerpladelys LED til BMW E82 | E90 E90 | E39"},"content":{"rendered":"<p>E82 | E88 | E90 | E92 | E39<\/p>\n<p>LED nummerpladebelysning, der erstatter den eksisterende halogenbelysning i din BMW.<\/p>\n<p>Giver et klart hvidt lys og bilen et moderne look.<\/p>\n<p>Volt: 12V<br \/>Bolt-on lysmodul.<\/p>\n<p>Skr\u00e6ddersyet skiltebelysning, der installeres p\u00e5 samme m\u00e5de som den oprindelige belysning.<\/p>\n<p>Lysmodulet har 24 dioder med en farvetemperatur p\u00e5 5000K.<\/p>\n<p><em>Denne vare er ikke original fra BMW, og m\u00e6rkerne bruges her til at angive, hvilken bil\/model produktet er beregnet til.<\/em><\/p>\n<p>Passer til BMW-modellen<br \/><strong>E82<br \/>E88<br \/>E90<br \/>E92<br \/>E39<br \/>Udv\u00e6lgelse<\/strong><\/p>\n<p><em>Vi forbeholder os ret til ukorrekte oplysninger.<\/em><\/p>\n<p><strong>Kunderapporter:<\/strong><br \/>&#8211;<\/p>\n<p>S\u00e6t med 2 stk.<br \/>3 \u00e5rs garanti.<br \/>E-autoriseret<\/p>","protected":false},"excerpt":{"rendered":"<p>Passer til BMW-modellen<br \/>\nE82<br \/>\nE88<br \/>\nE90<br \/>\nE92<br \/>\nE39<\/p>\n<p>Volt: 12V<br \/>\nBolt-on lysmodul.<\/p>\n<p>S\u00e6t med 2 stk.<br \/>\n3 \u00e5rs garanti.<br \/>\nE-autoriseret<\/p>","protected":false},"featured_media":1672,"comment_status":"closed","ping_status":"open","template":"","meta":{"_acf_changed":false,"_smort_price_nok":"315","_smort_price_dkk":"200","_smort_price_eur":"26.82","_smort_sale_price_nok":"","_smort_sale_price_dkk":"","_smort_sale_price_eur":"","smort_restorder":"","shipmondo_restorder":"","_kad_blocks_custom_css":"","_kad_blocks_head_custom_js":"","_kad_blocks_body_custom_js":"","_kad_blocks_footer_custom_js":"","smort_custom_pricelist_1":"188.8","smort_custom_pricelist_2":"165.2","smort_custom_pricelist_3":"153.4","smort_custom_pricelist_4":"236","smort_custom_pricelist_5":"165.2"},"anvandningsomrade":[],"bilmarken":[],"product_brand":[117],"product_cat":[2472,338],"product_tag":[],"class_list":{"0":"post-1671","1":"product","2":"type-product","3":"status-publish","4":"has-post-thumbnail","6":"product_brand-xenonkungen","7":"product_cat-skyltbelysning-diodlampor","8":"product_cat-diodlampor","9":"pa_fargtemperatur-5000k","10":"pa_volt-v-159","12":"first","13":"instock","14":"taxable","15":"shipping-taxable","16":"purchasable","17":"product-type-simple"},"bundled_by":[],"bundle_stock_status":"instock","bundle_stock_quantity":26,"bundle_virtual":false,"bundle_layout":"","bundle_add_to_cart_form_location":"","bundle_editable_in_cart":false,"bundle_sold_individually_context":"","bundle_item_grouping":"","bundle_min_size":"","bundle_max_size":"","bundle_price":[],"bundled_items":[],"bundle_sell_ids":[],"acf":[],"yoast_head":"<!-- This site is optimized with the Yoast SEO plugin v27.0 - https:\/\/yoast.com\/product\/yoast-seo-wordpress\/ -->\n<title>Skyltbelysning LED till BMW E82 | E90 E92 | E39 - Xenonkungen<\/title>\n<meta name=\"robots\" content=\"index, follow, max-snippet:-1, max-image-preview:large, max-video-preview:-1\" \/>\n<link rel=\"canonical\" href=\"https:\/\/xenonkungen.com\/dk\/vare\/nummerpladelys-led-til-bmw-e82-e90-e90-e39\/\" \/>\n<meta property=\"og:locale\" content=\"da_DK\" \/>\n<meta property=\"og:type\" content=\"article\" \/>\n<meta property=\"og:title\" content=\"Skyltbelysning LED till BMW E82 | E90 E92 | E39 - Xenonkungen\" \/>\n<meta property=\"og:description\" content=\"Passar BMW modell E82 E88 E90 E92 E39 Volt: 12V Bolt-on ljusmodul. Set om 2st. 3 \u00e5r garanti. E-godk\u00e4nd\" \/>\n<meta property=\"og:url\" content=\"https:\/\/xenonkungen.com\/dk\/vare\/nummerpladelys-led-til-bmw-e82-e90-e90-e39\/\" \/>\n<meta property=\"og:site_name\" content=\"Xenonkungen\" \/>\n<meta property=\"article:modified_time\" content=\"2026-03-11T08:38:38+00:00\" \/>\n<meta property=\"og:image\" content=\"https:\/\/xenonkungen.com\/wp-content\/uploads\/2025\/04\/166449159-origpic-7e2b09.png\" \/>\n\t<meta property=\"og:image:width\" content=\"1000\" \/>\n\t<meta property=\"og:image:height\" content=\"1000\" \/>\n\t<meta property=\"og:image:type\" content=\"image\/png\" \/>\n<meta name=\"twitter:card\" content=\"summary_large_image\" \/>\n<script type=\"application\/ld+json\" class=\"yoast-schema-graph\">{\"@context\":\"https:\/\/schema.org\",\"@graph\":[{\"@type\":\"WebPage\",\"@id\":\"https:\/\/xenonkungen.com\/nl\/product\/skyltbelysning-led-till-bmw-e82-e90-e92-e39\/\",\"url\":\"https:\/\/xenonkungen.com\/nl\/product\/skyltbelysning-led-till-bmw-e82-e90-e92-e39\/\",\"name\":\"Skyltbelysning LED till BMW E82 | E90 E92 | E39 - Xenonkungen\",\"isPartOf\":{\"@id\":\"https:\/\/xenonkungen.com\/#website\"},\"primaryImageOfPage\":{\"@id\":\"https:\/\/xenonkungen.com\/nl\/product\/skyltbelysning-led-till-bmw-e82-e90-e92-e39\/#primaryimage\"},\"image\":{\"@id\":\"https:\/\/xenonkungen.com\/nl\/product\/skyltbelysning-led-till-bmw-e82-e90-e92-e39\/#primaryimage\"},\"thumbnailUrl\":\"https:\/\/xenonkungen.com\/wp-content\/uploads\/2025\/04\/166449159-origpic-7e2b09.png\",\"datePublished\":\"2025-04-15T08:26:12+00:00\",\"dateModified\":\"2026-03-11T08:38:38+00:00\",\"breadcrumb\":{\"@id\":\"https:\/\/xenonkungen.com\/nl\/product\/skyltbelysning-led-till-bmw-e82-e90-e92-e39\/#breadcrumb\"},\"inLanguage\":\"da-DK\",\"potentialAction\":[{\"@type\":\"ReadAction\",\"target\":[\"https:\/\/xenonkungen.com\/nl\/product\/skyltbelysning-led-till-bmw-e82-e90-e92-e39\/\"]}]},{\"@type\":\"ImageObject\",\"inLanguage\":\"da-DK\",\"@id\":\"https:\/\/xenonkungen.com\/nl\/product\/skyltbelysning-led-till-bmw-e82-e90-e92-e39\/#primaryimage\",\"url\":\"https:\/\/xenonkungen.com\/wp-content\/uploads\/2025\/04\/166449159-origpic-7e2b09.png\",\"contentUrl\":\"https:\/\/xenonkungen.com\/wp-content\/uploads\/2025\/04\/166449159-origpic-7e2b09.png\",\"width\":1000,\"height\":1000},{\"@type\":\"BreadcrumbList\",\"@id\":\"https:\/\/xenonkungen.com\/nl\/product\/skyltbelysning-led-till-bmw-e82-e90-e92-e39\/#breadcrumb\",\"itemListElement\":[{\"@type\":\"ListItem\",\"position\":1,\"name\":\"Hem\",\"item\":\"https:\/\/xenonkungen.com\/\"},{\"@type\":\"ListItem\",\"position\":2,\"name\":\"Shop\",\"item\":\"https:\/\/xenonkungen.com\/shop\/\"},{\"@type\":\"ListItem\",\"position\":3,\"name\":\"Skyltbelysning LED till BMW E82 | E90 E92 | E39\"}]},{\"@type\":\"WebSite\",\"@id\":\"https:\/\/xenonkungen.com\/#website\",\"url\":\"https:\/\/xenonkungen.com\/\",\"name\":\"Xenonkungen\",\"description\":\"\",\"potentialAction\":[{\"@type\":\"SearchAction\",\"target\":{\"@type\":\"EntryPoint\",\"urlTemplate\":\"https:\/\/xenonkungen.com\/?s={search_term_string}\"},\"query-input\":{\"@type\":\"PropertyValueSpecification\",\"valueRequired\":true,\"valueName\":\"search_term_string\"}}],\"inLanguage\":\"da-DK\"}]}<\/script>\n<!-- \/ Yoast SEO plugin. -->","yoast_head_json":{"title":"Nummerpladelys LED til BMW E82 | E90 E92 | E39 - Xenonkungen","robots":{"index":"index","follow":"follow","max-snippet":"max-snippet:-1","max-image-preview":"max-image-preview:large","max-video-preview":"max-video-preview:-1"},"canonical":"https:\/\/xenonkungen.com\/dk\/vare\/nummerpladelys-led-til-bmw-e82-e90-e90-e39\/","og_locale":"da_DK","og_type":"article","og_title":"Skyltbelysning LED till BMW E82 | E90 E92 | E39 - Xenonkungen","og_description":"Passar BMW modell E82 E88 E90 E92 E39 Volt: 12V Bolt-on ljusmodul. Set om 2st. 3 \u00e5r garanti. E-godk\u00e4nd","og_url":"https:\/\/xenonkungen.com\/dk\/vare\/nummerpladelys-led-til-bmw-e82-e90-e90-e39\/","og_site_name":"Xenonkungen","article_modified_time":"2026-03-11T08:38:38+00:00","og_image":[{"width":1000,"height":1000,"url":"https:\/\/xenonkungen.com\/wp-content\/uploads\/2025\/04\/166449159-origpic-7e2b09.png","type":"image\/png"}],"twitter_card":"summary_large_image","schema":{"@context":"https:\/\/schema.org","@graph":[{"@type":"WebPage","@id":"https:\/\/xenonkungen.com\/nl\/product\/skyltbelysning-led-till-bmw-e82-e90-e92-e39\/","url":"https:\/\/xenonkungen.com\/nl\/product\/skyltbelysning-led-till-bmw-e82-e90-e92-e39\/","name":"Nummerpladelys LED til BMW E82 | E90 E92 | E39 - Xenonkungen","isPartOf":{"@id":"https:\/\/xenonkungen.com\/#website"},"primaryImageOfPage":{"@id":"https:\/\/xenonkungen.com\/nl\/product\/skyltbelysning-led-till-bmw-e82-e90-e92-e39\/#primaryimage"},"image":{"@id":"https:\/\/xenonkungen.com\/nl\/product\/skyltbelysning-led-till-bmw-e82-e90-e92-e39\/#primaryimage"},"thumbnailUrl":"https:\/\/xenonkungen.com\/wp-content\/uploads\/2025\/04\/166449159-origpic-7e2b09.png","datePublished":"2025-04-15T08:26:12+00:00","dateModified":"2026-03-11T08:38:38+00:00","breadcrumb":{"@id":"https:\/\/xenonkungen.com\/nl\/product\/skyltbelysning-led-till-bmw-e82-e90-e92-e39\/#breadcrumb"},"inLanguage":"da-DK","potentialAction":[{"@type":"ReadAction","target":["https:\/\/xenonkungen.com\/nl\/product\/skyltbelysning-led-till-bmw-e82-e90-e92-e39\/"]}]},{"@type":"ImageObject","inLanguage":"da-DK","@id":"https:\/\/xenonkungen.com\/nl\/product\/skyltbelysning-led-till-bmw-e82-e90-e92-e39\/#primaryimage","url":"https:\/\/xenonkungen.com\/wp-content\/uploads\/2025\/04\/166449159-origpic-7e2b09.png","contentUrl":"https:\/\/xenonkungen.com\/wp-content\/uploads\/2025\/04\/166449159-origpic-7e2b09.png","width":1000,"height":1000},{"@type":"BreadcrumbList","@id":"https:\/\/xenonkungen.com\/nl\/product\/skyltbelysning-led-till-bmw-e82-e90-e92-e39\/#breadcrumb","itemListElement":[{"@type":"ListItem","position":1,"name":"Hem","item":"https:\/\/xenonkungen.com\/"},{"@type":"ListItem","position":2,"name":"Shop","item":"https:\/\/xenonkungen.com\/shop\/"},{"@type":"ListItem","position":3,"name":"Skyltbelysning LED till BMW E82 | E90 E92 | E39"}]},{"@type":"WebSite","@id":"https:\/\/xenonkungen.com\/#website","url":"https:\/\/xenonkungen.com\/","name":"Xenonkungen","description":"","potentialAction":[{"@type":"SearchAction","target":{"@type":"EntryPoint","urlTemplate":"https:\/\/xenonkungen.com\/?s={search_term_string}"},"query-input":{"@type":"PropertyValueSpecification","valueRequired":true,"valueName":"search_term_string"}}],"inLanguage":"da-DK"}]}},"taxonomy_info":{"product_brand":[{"value":117,"label":"Xenonkungen"}],"product_cat":[{"value":2472,"label":"Skyltbelysning"},{"value":338,"label":"Diodlampor"}],"pa_fargtemperatur":[{"value":154,"label":"5000K"}],"pa_volt-v":[{"value":159,"label":"12"}]},"featured_image_src_large":["https:\/\/xenonkungen.com\/wp-content\/uploads\/2025\/04\/166449159-origpic-7e2b09.png",1000,1000,false],"author_info":[],"comment_info":0,"_links":{"self":[{"href":"https:\/\/xenonkungen.com\/dk\/wp-json\/wp\/v2\/product\/1671","targetHints":{"allow":["GET"]}}],"collection":[{"href":"https:\/\/xenonkungen.com\/dk\/wp-json\/wp\/v2\/product"}],"about":[{"href":"https:\/\/xenonkungen.com\/dk\/wp-json\/wp\/v2\/types\/product"}],"replies":[{"embeddable":true,"href":"https:\/\/xenonkungen.com\/dk\/wp-json\/wp\/v2\/comments?post=1671"}],"wp:featuredmedia":[{"embeddable":true,"href":"https:\/\/xenonkungen.com\/dk\/wp-json\/wp\/v2\/media\/1672"}],"wp:attachment":[{"href":"https:\/\/xenonkungen.com\/dk\/wp-json\/wp\/v2\/media?parent=1671"}],"wp:term":[{"taxonomy":"anvandningsomrade","embeddable":true,"href":"https:\/\/xenonkungen.com\/dk\/wp-json\/wp\/v2\/anvandningsomrade?post=1671"},{"taxonomy":"bilmarken","embeddable":true,"href":"https:\/\/xenonkungen.com\/dk\/wp-json\/wp\/v2\/bilmarken?post=1671"},{"taxonomy":"product_brand","embeddable":true,"href":"https:\/\/xenonkungen.com\/dk\/wp-json\/wp\/v2\/product_brand?post=1671"},{"taxonomy":"product_cat","embeddable":true,"href":"https:\/\/xenonkungen.com\/dk\/wp-json\/wp\/v2\/product_cat?post=1671"},{"taxonomy":"product_tag","embeddable":true,"href":"https:\/\/xenonkungen.com\/dk\/wp-json\/wp\/v2\/product_tag?post=1671"}],"curies":[{"name":"wp","href":"https:\/\/api.w.org\/{rel}","templated":true}]}}