{"id":17454,"date":"2025-11-06T15:00:55","date_gmt":"2025-11-06T14:00:55","guid":{"rendered":"https:\/\/xenonkungen.com\/?post_type=product&#038;p=17454"},"modified":"2026-03-12T13:22:19","modified_gmt":"2026-03-12T12:22:19","slug":"osram-led-driving-cube-mx230-cb-amber-extreme-9","status":"publish","type":"product","link":"https:\/\/xenonkungen.com\/dk\/vare\/osram-led-driving-cube-mx230-cb-amber-extreme-9\/","title":{"rendered":"Osram LEDriving\u00ae CUBE MX230-CB AMBER EXTREME | 9\u2033"},"content":{"rendered":"<p><strong>OSRAM LEDriving MX-serien 9\u2033 \u2013 Maksimal ydeevne. Overalt.<\/strong><\/p>\n<p>OSRAM MX-serien er bygget til dem, der \u00f8nsker \u00e6gte lys.<br \/>\nEn f\u00f8rsteklasses LED-hj\u00e6lpelygte, der leverer en brutal lysstyrke, moderne design og en robust konstruktion, der kan modst\u00e5 alt fra lange asfaltstr\u00e6kninger til kr\u00e6vende arbejdsmilj\u00f8er og terr\u00e6ng\u00e5ende k\u00f8rsel.<\/p>\n<p>Med op til 10.000 lumen i boost og avanceret kombinationsoptik f\u00e5r du b\u00e5de l\u00e6ngde og bredde i det samme lysm\u00f8nster \u2013 perfekt synlighed uanset hastighed, terr\u00e6n eller vejr.<\/p>\n<p><strong>4-i-1 \u2013 v\u00e6lg udtryk og funktion<\/strong><\/p>\n<p>MX-serien tilbyder fleksibel belysningsops\u00e6tning:<\/p>\n<ul>\n<li>Klart lys<\/li>\n<li>Boost-tilstand<\/li>\n<li>Hvidt positionslys<\/li>\n<li>Gult positionslys<\/li>\n<\/ul>\n<p>Du v\u00e6lger stilen \u2013 et rent OEM-look eller et mere aggressivt rally-inspireret udtryk.<\/p>\n<p><strong>Bygget til h\u00e5rd brug<\/strong><\/p>\n<p>Robust aluminiumshus, polycarbonatlinse og IP6K8\/IP6K9K-certificering betyder, at lampen er vandt\u00e6t, st\u00f8vt\u00e6t og vibrationsbestandig \u2013 hele \u00e5ret rundt.<\/p>\n<p><strong>Perfekt egnet til:<\/strong><\/p>\n<ul>\n<li>Bil \/ personbil<\/li>\n<li>Lastbil \/ lastbil<\/li>\n<li>4\u00d74 \/ Terr\u00e6ng\u00e5ende<\/li>\n<li>ATV&#039;er og UTV&#039;er<\/li>\n<li>Landbrugsmaskiner<\/li>\n<li>Arbejdsk\u00f8ret\u00f8jer \/ erhvervsk\u00f8ret\u00f8jer<\/li>\n<li>Byggeri \/ entrepren\u00f8rvirksomhed<\/li>\n<li>Campingvogn \/ autocamper &amp; trailer<\/li>\n<\/ul>\n<p><strong>Kort sagt:<\/strong><\/p>\n<p>OSRAM MX-serien er skabt til maksimal synlighed, pr\u00e6cision og sikkerhed \u2013 hvor du har brug for lys, der virkelig leverer.<\/p>\n<p><strong>Dette er inkluderet i pakken<\/strong><\/p>\n<ul>\n<li>OSRAM LEDriving Cube MX230<\/li>\n<li>Monteringsbeslag + 2. stabiliseringsstang<\/li>\n<li>Hankontakt med l\u00f8se ledere<\/li>\n<\/ul>\n<p>F\u00f8rsteklasses belysningsydelse \u2013 uanset hvor vejen f\u00f8rer hen.<\/p>\n<p><strong>5 \u00e5rs garanti.<\/strong><\/p>\n<p><a href=\"https:\/\/xenonkungen.com\/?attachment_id=17543\" rel=\"attachment wp-att-17543\"><img loading=\"lazy\" decoding=\"async\" class=\"alignnone size-full wp-image-17543\" src=\"https:\/\/xenonkungen.com\/wp-content\/uploads\/2025\/11\/Skarmbild-2025-11-06-151812.png\" alt=\"\" width=\"298\" height=\"54\" srcset=\"https:\/\/xenonkungen.com\/wp-content\/uploads\/2025\/11\/Skarmbild-2025-11-06-151812.png 298w, https:\/\/xenonkungen.com\/wp-content\/uploads\/2025\/11\/Skarmbild-2025-11-06-151812-18x3.png 18w\" sizes=\"auto, (max-width: 298px) 100vw, 298px\" \/><\/a><\/p>\n<p>OSRAM har v\u00e6ret en global leder inden for bilbelysning i over 110 \u00e5r og er i dag en af verdens st\u00f8rste og mest respekterede producenter i branchen. Det er ikke tilf\u00e6ldigt \u2013 det er resultatet af kompromisl\u00f8s kvalitet, avanceret teknik og grundig testning.<\/p>\n<p>Hver dag leveres nye k\u00f8ret\u00f8jer fra fabrikken, hvor mere end <em>halv<\/em> udstyret med originale OSRAM-lygter. OSRAM er ogs\u00e5 <strong>Nummer 1 globalt inden for LED-chipproduktion<\/strong>, og netop derfor er de ogs\u00e5 den oplagte favorit blandt entusiaster, professionelle mont\u00f8rer, v\u00e6rksteder og OEM-producenter verden over.<\/p>\n<p>Som tysk producent st\u00e5r OSRAM for pr\u00e6cision, robust konstruktion og \u00e6gte holdbarhed. Hver komponent \u2013 fra hus og k\u00f8ling til linse, t\u00e6tning og intern elektronik \u2013 er udviklet til at modst\u00e5 tryk, fugt, salt, vibrationer, ekstrem kulde\/varme og kontinuerlig brug over en meget lang periode. Dette er ikke bare klart lys \u2013 dette er kvalitet bygget til at overleve barske realiteter.<\/p>\n<p>Derfor kan OSRAM forlade <strong>lange garantier<\/strong> med tillid \u2013 konstruktionerne er holdbare.<\/p>\n<p>OSRAM er ikke kun markedsleder.<br \/>\nOSRAM er den benchmark, som resten af branchen fors\u00f8ger at m\u00e5le sig i forhold til.<\/p>\n<p>Derfor er OSRAM ogs\u00e5 s\u00e5 ofte <strong>f\u00f8rstevalget \u2013 den klare favorit<\/strong> til dem, der \u00f8nsker lysydelse og holdbarhed uden kompromis.<\/p>\n<p>Dette er \u00e6gte kvalitet.<br \/>\nDette er OSRAM.<\/p>","protected":false},"excerpt":{"rendered":"<p>OSRAM LEDriving MX Series 9\u2033 \u2013 Maximal prestanda. \u00d6verallt. OSRAM MX Series \u00e4r byggd f\u00f6r dig som vill ha riktigt ljus p\u00e5 riktigt. Ett premium LED-extraljus som levererar brutalt ljusfl\u00f6de, modern design och en robust konstruktion som t\u00e5l allt fr\u00e5n l\u00e5ng asfaltspendling till tunga arbetsmilj\u00f6er och offroad. Med upp till 10 000 lumen i boost [&hellip;]<\/p>","protected":false},"featured_media":17523,"comment_status":"open","ping_status":"closed","template":"","meta":{"_acf_changed":false,"_smort_price_nok":"3199","_smort_price_dkk":"","_smort_price_eur":"","_smort_sale_price_nok":"","_smort_sale_price_dkk":"","_smort_sale_price_eur":"","smort_restorder":"","shipmondo_restorder":"","_kad_blocks_custom_css":"","_kad_blocks_head_custom_js":"","_kad_blocks_body_custom_js":"","_kad_blocks_footer_custom_js":"","smort_custom_pricelist_1":"1437.6","smort_custom_pricelist_2":"1437.6","smort_custom_pricelist_3":"1437.6","smort_custom_pricelist_4":"2396","smort_custom_pricelist_5":"1437.6"},"anvandningsomrade":[],"bilmarken":[],"product_brand":[108],"product_cat":[2839,16,142],"product_tag":[],"class_list":{"0":"post-17454","1":"product","2":"type-product","3":"status-publish","4":"has-post-thumbnail","6":"product_brand-osram","7":"product_cat-extraljus-9","8":"product_cat-uncategorized","9":"product_cat-extraljus","10":"pa_fargtemperatur-6000k","11":"pa_fargtemperatur-1700k","12":"pa_volt-v-multivolt-10-12-16-18-24-28-30-32","14":"first","15":"instock","16":"taxable","17":"shipping-taxable","18":"purchasable","19":"product-type-simple"},"bundled_by":[],"bundle_stock_status":"instock","bundle_stock_quantity":65,"bundle_virtual":false,"bundle_layout":"","bundle_add_to_cart_form_location":"","bundle_editable_in_cart":false,"bundle_sold_individually_context":"","bundle_item_grouping":"","bundle_min_size":"","bundle_max_size":"","bundle_price":[],"bundled_items":[],"bundle_sell_ids":[],"acf":[],"yoast_head":"<!-- This site is optimized with the Yoast SEO plugin v27.0 - https:\/\/yoast.com\/product\/yoast-seo-wordpress\/ -->\n<title>Osram LEDriving\u00ae CUBE MX230-CB AMBER EXTREME | 9&quot; - Xenonkungen<\/title>\n<meta name=\"robots\" content=\"index, follow, max-snippet:-1, max-image-preview:large, max-video-preview:-1\" \/>\n<link rel=\"canonical\" href=\"https:\/\/xenonkungen.com\/dk\/vare\/osram-led-driving-cube-mx230-cb-amber-extreme-9\/\" \/>\n<meta property=\"og:locale\" content=\"da_DK\" \/>\n<meta property=\"og:type\" content=\"article\" \/>\n<meta property=\"og:title\" content=\"Osram LEDriving\u00ae CUBE MX230-CB AMBER EXTREME | 9&quot; - Xenonkungen\" \/>\n<meta property=\"og:description\" content=\"OSRAM LEDriving MX Series 9\u2033 \u2013 Maximal prestanda. \u00d6verallt. OSRAM MX Series \u00e4r byggd f\u00f6r dig som vill ha riktigt ljus p\u00e5 riktigt. Ett premium LED-extraljus som levererar brutalt ljusfl\u00f6de, modern design och en robust konstruktion som t\u00e5l allt fr\u00e5n l\u00e5ng asfaltspendling till tunga arbetsmilj\u00f6er och offroad. Med upp till 10 000 lumen i boost [&hellip;]\" \/>\n<meta property=\"og:url\" content=\"https:\/\/xenonkungen.com\/dk\/vare\/osram-led-driving-cube-mx230-cb-amber-extreme-9\/\" \/>\n<meta property=\"og:site_name\" content=\"Xenonkungen\" \/>\n<meta property=\"article:modified_time\" content=\"2026-03-12T12:22:19+00:00\" \/>\n<meta property=\"og:image\" content=\"https:\/\/xenonkungen.com\/wp-content\/uploads\/2025\/11\/Large-PI_WFPIO-328_LEDriving_Cube_MX230-CB_Amber_EXTREME_LEDDL137-CB_X_Side_Light1_Amber_04.jpg\" \/>\n\t<meta property=\"og:image:width\" content=\"1920\" \/>\n\t<meta property=\"og:image:height\" content=\"1920\" \/>\n\t<meta property=\"og:image:type\" content=\"image\/jpeg\" \/>\n<meta name=\"twitter:card\" content=\"summary_large_image\" \/>\n<meta name=\"twitter:label1\" content=\"Estimeret l\u00e6setid\" \/>\n\t<meta name=\"twitter:data1\" content=\"3 minutter\" \/>\n<script type=\"application\/ld+json\" class=\"yoast-schema-graph\">{\"@context\":\"https:\/\/schema.org\",\"@graph\":[{\"@type\":\"WebPage\",\"@id\":\"https:\/\/xenonkungen.com\/produkt\/osram-ledriving-cube-mx230-cb-amber-extreme-9\/\",\"url\":\"https:\/\/xenonkungen.com\/produkt\/osram-ledriving-cube-mx230-cb-amber-extreme-9\/\",\"name\":\"Osram LEDriving\u00ae CUBE MX230-CB AMBER EXTREME | 9\\\" - Xenonkungen\",\"isPartOf\":{\"@id\":\"https:\/\/xenonkungen.com\/#website\"},\"primaryImageOfPage\":{\"@id\":\"https:\/\/xenonkungen.com\/produkt\/osram-ledriving-cube-mx230-cb-amber-extreme-9\/#primaryimage\"},\"image\":{\"@id\":\"https:\/\/xenonkungen.com\/produkt\/osram-ledriving-cube-mx230-cb-amber-extreme-9\/#primaryimage\"},\"thumbnailUrl\":\"https:\/\/xenonkungen.com\/wp-content\/uploads\/2025\/11\/Large-PI_WFPIO-328_LEDriving_Cube_MX230-CB_Amber_EXTREME_LEDDL137-CB_X_Side_Light1_Amber_04.jpg\",\"datePublished\":\"2025-11-06T14:00:55+00:00\",\"dateModified\":\"2026-03-12T12:22:19+00:00\",\"breadcrumb\":{\"@id\":\"https:\/\/xenonkungen.com\/produkt\/osram-ledriving-cube-mx230-cb-amber-extreme-9\/#breadcrumb\"},\"inLanguage\":\"da-DK\",\"potentialAction\":[{\"@type\":\"ReadAction\",\"target\":[\"https:\/\/xenonkungen.com\/produkt\/osram-ledriving-cube-mx230-cb-amber-extreme-9\/\"]}]},{\"@type\":\"ImageObject\",\"inLanguage\":\"da-DK\",\"@id\":\"https:\/\/xenonkungen.com\/produkt\/osram-ledriving-cube-mx230-cb-amber-extreme-9\/#primaryimage\",\"url\":\"https:\/\/xenonkungen.com\/wp-content\/uploads\/2025\/11\/Large-PI_WFPIO-328_LEDriving_Cube_MX230-CB_Amber_EXTREME_LEDDL137-CB_X_Side_Light1_Amber_04.jpg\",\"contentUrl\":\"https:\/\/xenonkungen.com\/wp-content\/uploads\/2025\/11\/Large-PI_WFPIO-328_LEDriving_Cube_MX230-CB_Amber_EXTREME_LEDDL137-CB_X_Side_Light1_Amber_04.jpg\",\"width\":1920,\"height\":1920},{\"@type\":\"BreadcrumbList\",\"@id\":\"https:\/\/xenonkungen.com\/produkt\/osram-ledriving-cube-mx230-cb-amber-extreme-9\/#breadcrumb\",\"itemListElement\":[{\"@type\":\"ListItem\",\"position\":1,\"name\":\"Hem\",\"item\":\"https:\/\/xenonkungen.com\/\"},{\"@type\":\"ListItem\",\"position\":2,\"name\":\"Shop\",\"item\":\"https:\/\/xenonkungen.com\/shop\/\"},{\"@type\":\"ListItem\",\"position\":3,\"name\":\"Osram LEDriving\u00ae CUBE MX230-CB AMBER EXTREME | 9&#8243;\"}]},{\"@type\":\"WebSite\",\"@id\":\"https:\/\/xenonkungen.com\/#website\",\"url\":\"https:\/\/xenonkungen.com\/\",\"name\":\"Xenonkungen\",\"description\":\"\",\"potentialAction\":[{\"@type\":\"SearchAction\",\"target\":{\"@type\":\"EntryPoint\",\"urlTemplate\":\"https:\/\/xenonkungen.com\/?s={search_term_string}\"},\"query-input\":{\"@type\":\"PropertyValueSpecification\",\"valueRequired\":true,\"valueName\":\"search_term_string\"}}],\"inLanguage\":\"da-DK\"}]}<\/script>\n<!-- \/ Yoast SEO plugin. -->","yoast_head_json":{"title":"Osram LEDriving\u00ae CUBE MX230-CB AMBER EXTREME | 9&quot; - Xenon-kongen","robots":{"index":"index","follow":"follow","max-snippet":"max-snippet:-1","max-image-preview":"max-image-preview:large","max-video-preview":"max-video-preview:-1"},"canonical":"https:\/\/xenonkungen.com\/dk\/vare\/osram-led-driving-cube-mx230-cb-amber-extreme-9\/","og_locale":"da_DK","og_type":"article","og_title":"Osram LEDriving\u00ae CUBE MX230-CB AMBER EXTREME | 9\" - Xenonkungen","og_description":"OSRAM LEDriving MX Series 9\u2033 \u2013 Maximal prestanda. \u00d6verallt. OSRAM MX Series \u00e4r byggd f\u00f6r dig som vill ha riktigt ljus p\u00e5 riktigt. Ett premium LED-extraljus som levererar brutalt ljusfl\u00f6de, modern design och en robust konstruktion som t\u00e5l allt fr\u00e5n l\u00e5ng asfaltspendling till tunga arbetsmilj\u00f6er och offroad. Med upp till 10 000 lumen i boost [&hellip;]","og_url":"https:\/\/xenonkungen.com\/dk\/vare\/osram-led-driving-cube-mx230-cb-amber-extreme-9\/","og_site_name":"Xenonkungen","article_modified_time":"2026-03-12T12:22:19+00:00","og_image":[{"width":1920,"height":1920,"url":"https:\/\/xenonkungen.com\/wp-content\/uploads\/2025\/11\/Large-PI_WFPIO-328_LEDriving_Cube_MX230-CB_Amber_EXTREME_LEDDL137-CB_X_Side_Light1_Amber_04.jpg","type":"image\/jpeg"}],"twitter_card":"summary_large_image","twitter_misc":{"Estimeret l\u00e6setid":"3 minutter"},"schema":{"@context":"https:\/\/schema.org","@graph":[{"@type":"WebPage","@id":"https:\/\/xenonkungen.com\/produkt\/osram-ledriving-cube-mx230-cb-amber-extreme-9\/","url":"https:\/\/xenonkungen.com\/produkt\/osram-ledriving-cube-mx230-cb-amber-extreme-9\/","name":"Osram LEDriving\u00ae CUBE MX230-CB AMBER EXTREME | 9&quot; - Xenon-kongen","isPartOf":{"@id":"https:\/\/xenonkungen.com\/#website"},"primaryImageOfPage":{"@id":"https:\/\/xenonkungen.com\/produkt\/osram-ledriving-cube-mx230-cb-amber-extreme-9\/#primaryimage"},"image":{"@id":"https:\/\/xenonkungen.com\/produkt\/osram-ledriving-cube-mx230-cb-amber-extreme-9\/#primaryimage"},"thumbnailUrl":"https:\/\/xenonkungen.com\/wp-content\/uploads\/2025\/11\/Large-PI_WFPIO-328_LEDriving_Cube_MX230-CB_Amber_EXTREME_LEDDL137-CB_X_Side_Light1_Amber_04.jpg","datePublished":"2025-11-06T14:00:55+00:00","dateModified":"2026-03-12T12:22:19+00:00","breadcrumb":{"@id":"https:\/\/xenonkungen.com\/produkt\/osram-ledriving-cube-mx230-cb-amber-extreme-9\/#breadcrumb"},"inLanguage":"da-DK","potentialAction":[{"@type":"ReadAction","target":["https:\/\/xenonkungen.com\/produkt\/osram-ledriving-cube-mx230-cb-amber-extreme-9\/"]}]},{"@type":"ImageObject","inLanguage":"da-DK","@id":"https:\/\/xenonkungen.com\/produkt\/osram-ledriving-cube-mx230-cb-amber-extreme-9\/#primaryimage","url":"https:\/\/xenonkungen.com\/wp-content\/uploads\/2025\/11\/Large-PI_WFPIO-328_LEDriving_Cube_MX230-CB_Amber_EXTREME_LEDDL137-CB_X_Side_Light1_Amber_04.jpg","contentUrl":"https:\/\/xenonkungen.com\/wp-content\/uploads\/2025\/11\/Large-PI_WFPIO-328_LEDriving_Cube_MX230-CB_Amber_EXTREME_LEDDL137-CB_X_Side_Light1_Amber_04.jpg","width":1920,"height":1920},{"@type":"BreadcrumbList","@id":"https:\/\/xenonkungen.com\/produkt\/osram-ledriving-cube-mx230-cb-amber-extreme-9\/#breadcrumb","itemListElement":[{"@type":"ListItem","position":1,"name":"Hem","item":"https:\/\/xenonkungen.com\/"},{"@type":"ListItem","position":2,"name":"Shop","item":"https:\/\/xenonkungen.com\/shop\/"},{"@type":"ListItem","position":3,"name":"Osram LEDriving\u00ae CUBE MX230-CB AMBER EXTREME | 9&#8243;"}]},{"@type":"WebSite","@id":"https:\/\/xenonkungen.com\/#website","url":"https:\/\/xenonkungen.com\/","name":"Xenonkungen","description":"","potentialAction":[{"@type":"SearchAction","target":{"@type":"EntryPoint","urlTemplate":"https:\/\/xenonkungen.com\/?s={search_term_string}"},"query-input":{"@type":"PropertyValueSpecification","valueRequired":true,"valueName":"search_term_string"}}],"inLanguage":"da-DK"}]}},"taxonomy_info":{"product_brand":[{"value":108,"label":"OSRAM"}],"product_cat":[{"value":2839,"label":"Extraljus 9\""},{"value":16,"label":"Uncategorized"},{"value":142,"label":"Extraljus"}],"pa_fargtemperatur":[{"value":188,"label":"6000K"},{"value":2794,"label":"1700K"}],"pa_volt-v":[{"value":1084,"label":"Multivolt, 10, 12, 16, 18, 24, 28, 30, 32"}]},"featured_image_src_large":["https:\/\/xenonkungen.com\/wp-content\/uploads\/2025\/11\/Large-PI_WFPIO-328_LEDriving_Cube_MX230-CB_Amber_EXTREME_LEDDL137-CB_X_Side_Light1_Amber_04-1024x1024.jpg",1024,1024,true],"author_info":[],"comment_info":0,"_links":{"self":[{"href":"https:\/\/xenonkungen.com\/dk\/wp-json\/wp\/v2\/product\/17454","targetHints":{"allow":["GET"]}}],"collection":[{"href":"https:\/\/xenonkungen.com\/dk\/wp-json\/wp\/v2\/product"}],"about":[{"href":"https:\/\/xenonkungen.com\/dk\/wp-json\/wp\/v2\/types\/product"}],"replies":[{"embeddable":true,"href":"https:\/\/xenonkungen.com\/dk\/wp-json\/wp\/v2\/comments?post=17454"}],"wp:featuredmedia":[{"embeddable":true,"href":"https:\/\/xenonkungen.com\/dk\/wp-json\/wp\/v2\/media\/17523"}],"wp:attachment":[{"href":"https:\/\/xenonkungen.com\/dk\/wp-json\/wp\/v2\/media?parent=17454"}],"wp:term":[{"taxonomy":"anvandningsomrade","embeddable":true,"href":"https:\/\/xenonkungen.com\/dk\/wp-json\/wp\/v2\/anvandningsomrade?post=17454"},{"taxonomy":"bilmarken","embeddable":true,"href":"https:\/\/xenonkungen.com\/dk\/wp-json\/wp\/v2\/bilmarken?post=17454"},{"taxonomy":"product_brand","embeddable":true,"href":"https:\/\/xenonkungen.com\/dk\/wp-json\/wp\/v2\/product_brand?post=17454"},{"taxonomy":"product_cat","embeddable":true,"href":"https:\/\/xenonkungen.com\/dk\/wp-json\/wp\/v2\/product_cat?post=17454"},{"taxonomy":"product_tag","embeddable":true,"href":"https:\/\/xenonkungen.com\/dk\/wp-json\/wp\/v2\/product_tag?post=17454"}],"curies":[{"name":"wp","href":"https:\/\/api.w.org\/{rel}","templated":true}]}}