{"id":1879,"date":"2025-04-15T08:29:32","date_gmt":"2025-04-15T08:29:32","guid":{"rendered":"https:\/\/xenonkungen.com\/product\/nightshift-pro-arbetsljus-wl40-3400-lumen\/"},"modified":"2026-05-04T10:50:01","modified_gmt":"2026-05-04T09:50:01","slug":"luxtar-pro-arbetsljus-wl40-3400-lumen","status":"publish","type":"product","link":"https:\/\/xenonkungen.com\/dk\/vare\/luxtar-pro-arbetsljus-wl40-3400-lumen\/","title":{"rendered":"Luxtar\u00ae PRO arbejdslampe WL40 | 3400 lumen"},"content":{"rendered":"<h1>Luxtar Pro WL-serien<\/h1>\n<p>Dette er en perfekt arbejdslampe til dem, der s\u00e6tter pris p\u00e5 r\u00e5 ydeevne med solid holdbarhed. Vi har udviklet denne serie til dem, der ikke vil g\u00e5 p\u00e5 kompromis, men vil have mest muligt ud af det hele!<\/p>\n<p>Med en konstruktion st\u00f8bt i ADC12-aluminium, et glas i polykarbonat klasse 5 og et beslag i solidt 4 mm 304 rustfrit st\u00e5l er dette en arbejdslampe, der er perfekt til arbejde i s\u00e5rbare situationer. Det kan v\u00e6re i minen, skoven, grusgraven eller hvorfor ikke p\u00e5 havet?<\/p>\n<p>Takket v\u00e6re alt dette er den godkendt til at blive udsat for vibrationer og st\u00f8d p\u00e5 op til 30G uden problemer, og med en IP69K-godkendelse kan den modst\u00e5 alt vand, den m\u00e5tte blive udsat for. Stenslag er heller ikke et problem, da glasset er lavet af polykarbonat af h\u00f8j kvalitet.<\/p>","protected":false},"excerpt":{"rendered":"<p>Lille, men h\u00e5rdf\u00f8r!<br \/>\nTil dem, der har brug for en p\u00e5lidelig arbejdslampe, der giver mange lumen, men som ogs\u00e5 t\u00e5ler virkelig h\u00e5rde forhold.<\/p>","protected":false},"featured_media":29933,"comment_status":"closed","ping_status":"closed","template":"","meta":{"_acf_changed":false,"_smort_price_nok":"1276","_smort_price_dkk":"811","_smort_price_eur":"108.63","_smort_sale_price_nok":"","_smort_sale_price_dkk":"","_smort_sale_price_eur":"","smort_restorder":"","shipmondo_restorder":"","_kad_blocks_custom_css":"","_kad_blocks_head_custom_js":"","_kad_blocks_body_custom_js":"","_kad_blocks_footer_custom_js":"","smort_custom_pricelist_1":"764.8","smort_custom_pricelist_2":"573.6","smort_custom_pricelist_3":"544.92","smort_custom_pricelist_4":"956","smort_custom_pricelist_5":"573.6"},"anvandningsomrade":[],"bilmarken":[],"product_brand":[103],"product_cat":[2482,508],"product_tag":[],"class_list":{"0":"post-1879","1":"product","2":"type-product","3":"status-publish","4":"has-post-thumbnail","6":"product_brand-luxtar","7":"product_cat-pro-serie","8":"product_cat-arbetsbelysning","9":"pa_faktisk-effekts-forbrukning-533","10":"pa_fargtemperatur-5700k","11":"pa_fuktskydd-varde-ipxx-ip69k","12":"pa_godkannande-emc-cispr-25-class-4","13":"pa_lampsockel-kontakt-dt","14":"pa_led-chips-effekt-w-690","15":"pa_ljusbild-flood","16":"pa_ljusspridning-grader-688","17":"pa_stromforbrukning-12a24v","18":"pa_stromforbrukning-25a12v","19":"pa_volt-v-multivolt-9-12-16-18-24-28-30-32","21":"first","22":"instock","23":"taxable","24":"shipping-taxable","25":"purchasable","26":"product-type-simple"},"bundled_by":[],"bundle_stock_status":"instock","bundle_stock_quantity":55,"bundle_virtual":false,"bundle_layout":"","bundle_add_to_cart_form_location":"","bundle_editable_in_cart":false,"bundle_sold_individually_context":"","bundle_item_grouping":"","bundle_min_size":"","bundle_max_size":"","bundle_price":[],"bundled_items":[],"bundle_sell_ids":[],"acf":[],"yoast_head":"<!-- This site is optimized with the Yoast SEO plugin v27.0 - https:\/\/yoast.com\/product\/yoast-seo-wordpress\/ -->\n<title>Luxtar\u00ae PRO Arbetsljus WL40 | 3400 Lumen - Xenonkungen<\/title>\n<meta name=\"robots\" content=\"index, follow, max-snippet:-1, max-image-preview:large, max-video-preview:-1\" \/>\n<link rel=\"canonical\" href=\"https:\/\/xenonkungen.com\/dk\/vare\/luxtar-pro-arbetsljus-wl40-3400-lumen\/\" \/>\n<meta property=\"og:locale\" content=\"da_DK\" \/>\n<meta property=\"og:type\" content=\"article\" \/>\n<meta property=\"og:title\" content=\"Luxtar\u00ae PRO Arbetsljus WL40 | 3400 Lumen - Xenonkungen\" \/>\n<meta property=\"og:description\" content=\"Liten men tuff! F\u00f6r dig som kr\u00e4ver ett p\u00e5litlig arbetsljus som ger mycket lumen men ocks\u00e5 t\u00e5l riktigt tuffa tag.\" \/>\n<meta property=\"og:url\" content=\"https:\/\/xenonkungen.com\/dk\/vare\/luxtar-pro-arbetsljus-wl40-3400-lumen\/\" \/>\n<meta property=\"og:site_name\" content=\"Xenonkungen\" \/>\n<meta property=\"article:modified_time\" content=\"2026-05-04T09:50:01+00:00\" \/>\n<meta property=\"og:image\" content=\"https:\/\/xenonkungen.com\/wp-content\/uploads\/2025\/04\/Namnlos-design-1.png\" \/>\n\t<meta property=\"og:image:width\" content=\"1080\" \/>\n\t<meta property=\"og:image:height\" content=\"1350\" \/>\n\t<meta property=\"og:image:type\" content=\"image\/png\" \/>\n<meta name=\"twitter:card\" content=\"summary_large_image\" \/>\n<meta name=\"twitter:label1\" content=\"Estimeret l\u00e6setid\" \/>\n\t<meta name=\"twitter:data1\" content=\"1 minut\" \/>\n<script type=\"application\/ld+json\" class=\"yoast-schema-graph\">{\"@context\":\"https:\/\/schema.org\",\"@graph\":[{\"@type\":\"WebPage\",\"@id\":\"https:\/\/xenonkungen.com\/produkt\/luxtar-pro-arbetsljus-wl40-3400-lumen\/\",\"url\":\"https:\/\/xenonkungen.com\/produkt\/luxtar-pro-arbetsljus-wl40-3400-lumen\/\",\"name\":\"Luxtar\u00ae PRO Arbetsljus WL40 | 3400 Lumen - Xenonkungen\",\"isPartOf\":{\"@id\":\"https:\/\/xenonkungen.com\/#website\"},\"primaryImageOfPage\":{\"@id\":\"https:\/\/xenonkungen.com\/produkt\/luxtar-pro-arbetsljus-wl40-3400-lumen\/#primaryimage\"},\"image\":{\"@id\":\"https:\/\/xenonkungen.com\/produkt\/luxtar-pro-arbetsljus-wl40-3400-lumen\/#primaryimage\"},\"thumbnailUrl\":\"https:\/\/xenonkungen.com\/wp-content\/uploads\/2025\/04\/Namnlos-design-1.png\",\"datePublished\":\"2025-04-15T08:29:32+00:00\",\"dateModified\":\"2026-05-04T09:50:01+00:00\",\"breadcrumb\":{\"@id\":\"https:\/\/xenonkungen.com\/produkt\/luxtar-pro-arbetsljus-wl40-3400-lumen\/#breadcrumb\"},\"inLanguage\":\"da-DK\",\"potentialAction\":[{\"@type\":\"ReadAction\",\"target\":[\"https:\/\/xenonkungen.com\/produkt\/luxtar-pro-arbetsljus-wl40-3400-lumen\/\"]}]},{\"@type\":\"ImageObject\",\"inLanguage\":\"da-DK\",\"@id\":\"https:\/\/xenonkungen.com\/produkt\/luxtar-pro-arbetsljus-wl40-3400-lumen\/#primaryimage\",\"url\":\"https:\/\/xenonkungen.com\/wp-content\/uploads\/2025\/04\/Namnlos-design-1.png\",\"contentUrl\":\"https:\/\/xenonkungen.com\/wp-content\/uploads\/2025\/04\/Namnlos-design-1.png\",\"width\":1080,\"height\":1350},{\"@type\":\"BreadcrumbList\",\"@id\":\"https:\/\/xenonkungen.com\/produkt\/luxtar-pro-arbetsljus-wl40-3400-lumen\/#breadcrumb\",\"itemListElement\":[{\"@type\":\"ListItem\",\"position\":1,\"name\":\"Hem\",\"item\":\"https:\/\/xenonkungen.com\/\"},{\"@type\":\"ListItem\",\"position\":2,\"name\":\"Shop\",\"item\":\"https:\/\/xenonkungen.com\/shop\/\"},{\"@type\":\"ListItem\",\"position\":3,\"name\":\"Luxtar\u00ae PRO Arbetsljus WL40 | 3400 Lumen\"}]},{\"@type\":\"WebSite\",\"@id\":\"https:\/\/xenonkungen.com\/#website\",\"url\":\"https:\/\/xenonkungen.com\/\",\"name\":\"Xenonkungen\",\"description\":\"\",\"potentialAction\":[{\"@type\":\"SearchAction\",\"target\":{\"@type\":\"EntryPoint\",\"urlTemplate\":\"https:\/\/xenonkungen.com\/?s={search_term_string}\"},\"query-input\":{\"@type\":\"PropertyValueSpecification\",\"valueRequired\":true,\"valueName\":\"search_term_string\"}}],\"inLanguage\":\"da-DK\"}]}<\/script>\n<!-- \/ Yoast SEO plugin. -->","yoast_head_json":{"title":"Luxtar\u00ae PRO Arbetsljus WL40 | 3400 Lumen - Xenonkungen","robots":{"index":"index","follow":"follow","max-snippet":"max-snippet:-1","max-image-preview":"max-image-preview:large","max-video-preview":"max-video-preview:-1"},"canonical":"https:\/\/xenonkungen.com\/dk\/vare\/luxtar-pro-arbetsljus-wl40-3400-lumen\/","og_locale":"da_DK","og_type":"article","og_title":"Luxtar\u00ae PRO Arbetsljus WL40 | 3400 Lumen - Xenonkungen","og_description":"Liten men tuff! F\u00f6r dig som kr\u00e4ver ett p\u00e5litlig arbetsljus som ger mycket lumen men ocks\u00e5 t\u00e5l riktigt tuffa tag.","og_url":"https:\/\/xenonkungen.com\/dk\/vare\/luxtar-pro-arbetsljus-wl40-3400-lumen\/","og_site_name":"Xenonkungen","article_modified_time":"2026-05-04T09:50:01+00:00","og_image":[{"width":1080,"height":1350,"url":"https:\/\/xenonkungen.com\/wp-content\/uploads\/2025\/04\/Namnlos-design-1.png","type":"image\/png"}],"twitter_card":"summary_large_image","twitter_misc":{"Estimeret l\u00e6setid":"1 minut"},"schema":{"@context":"https:\/\/schema.org","@graph":[{"@type":"WebPage","@id":"https:\/\/xenonkungen.com\/produkt\/luxtar-pro-arbetsljus-wl40-3400-lumen\/","url":"https:\/\/xenonkungen.com\/produkt\/luxtar-pro-arbetsljus-wl40-3400-lumen\/","name":"Luxtar\u00ae PRO Arbetsljus WL40 | 3400 Lumen - Xenonkungen","isPartOf":{"@id":"https:\/\/xenonkungen.com\/#website"},"primaryImageOfPage":{"@id":"https:\/\/xenonkungen.com\/produkt\/luxtar-pro-arbetsljus-wl40-3400-lumen\/#primaryimage"},"image":{"@id":"https:\/\/xenonkungen.com\/produkt\/luxtar-pro-arbetsljus-wl40-3400-lumen\/#primaryimage"},"thumbnailUrl":"https:\/\/xenonkungen.com\/wp-content\/uploads\/2025\/04\/Namnlos-design-1.png","datePublished":"2025-04-15T08:29:32+00:00","dateModified":"2026-05-04T09:50:01+00:00","breadcrumb":{"@id":"https:\/\/xenonkungen.com\/produkt\/luxtar-pro-arbetsljus-wl40-3400-lumen\/#breadcrumb"},"inLanguage":"da-DK","potentialAction":[{"@type":"ReadAction","target":["https:\/\/xenonkungen.com\/produkt\/luxtar-pro-arbetsljus-wl40-3400-lumen\/"]}]},{"@type":"ImageObject","inLanguage":"da-DK","@id":"https:\/\/xenonkungen.com\/produkt\/luxtar-pro-arbetsljus-wl40-3400-lumen\/#primaryimage","url":"https:\/\/xenonkungen.com\/wp-content\/uploads\/2025\/04\/Namnlos-design-1.png","contentUrl":"https:\/\/xenonkungen.com\/wp-content\/uploads\/2025\/04\/Namnlos-design-1.png","width":1080,"height":1350},{"@type":"BreadcrumbList","@id":"https:\/\/xenonkungen.com\/produkt\/luxtar-pro-arbetsljus-wl40-3400-lumen\/#breadcrumb","itemListElement":[{"@type":"ListItem","position":1,"name":"Hem","item":"https:\/\/xenonkungen.com\/"},{"@type":"ListItem","position":2,"name":"Shop","item":"https:\/\/xenonkungen.com\/shop\/"},{"@type":"ListItem","position":3,"name":"Luxtar\u00ae PRO Arbetsljus WL40 | 3400 Lumen"}]},{"@type":"WebSite","@id":"https:\/\/xenonkungen.com\/#website","url":"https:\/\/xenonkungen.com\/","name":"Xenonkungen","description":"","potentialAction":[{"@type":"SearchAction","target":{"@type":"EntryPoint","urlTemplate":"https:\/\/xenonkungen.com\/?s={search_term_string}"},"query-input":{"@type":"PropertyValueSpecification","valueRequired":true,"valueName":"search_term_string"}}],"inLanguage":"da-DK"}]}},"taxonomy_info":{"product_brand":[{"value":103,"label":"LUXTAR"}],"product_cat":[{"value":2482,"label":"PRO-serie"},{"value":508,"label":"Arbetsbelysning"}],"pa_faktisk-effekts-forbrukning":[{"value":533,"label":"30"}],"pa_fargtemperatur":[{"value":226,"label":"5700K"}],"pa_fuktskydd-varde-ipxx":[{"value":155,"label":"IP69K"}],"pa_godkannande":[{"value":692,"label":"EMC, CISPR 25 - Class 4"}],"pa_lampsockel-kontakt":[{"value":329,"label":"DT"}],"pa_led-chips-effekt-w":[{"value":690,"label":"40"}],"pa_ljusbild":[{"value":503,"label":"FLOOD"}],"pa_ljusspridning-grader":[{"value":688,"label":"85"}],"pa_stromforbrukning":[{"value":535,"label":"1,2A@24V"},{"value":691,"label":"2,5A@12V"}],"pa_volt-v":[{"value":521,"label":"Multivolt, 9, 12, 16, 18, 24, 28, 30, 32"}]},"featured_image_src_large":["https:\/\/xenonkungen.com\/wp-content\/uploads\/2025\/04\/Namnlos-design-1-819x1024.png",819,1024,true],"author_info":[],"comment_info":0,"_links":{"self":[{"href":"https:\/\/xenonkungen.com\/dk\/wp-json\/wp\/v2\/product\/1879","targetHints":{"allow":["GET"]}}],"collection":[{"href":"https:\/\/xenonkungen.com\/dk\/wp-json\/wp\/v2\/product"}],"about":[{"href":"https:\/\/xenonkungen.com\/dk\/wp-json\/wp\/v2\/types\/product"}],"replies":[{"embeddable":true,"href":"https:\/\/xenonkungen.com\/dk\/wp-json\/wp\/v2\/comments?post=1879"}],"wp:featuredmedia":[{"embeddable":true,"href":"https:\/\/xenonkungen.com\/dk\/wp-json\/wp\/v2\/media\/29933"}],"wp:attachment":[{"href":"https:\/\/xenonkungen.com\/dk\/wp-json\/wp\/v2\/media?parent=1879"}],"wp:term":[{"taxonomy":"anvandningsomrade","embeddable":true,"href":"https:\/\/xenonkungen.com\/dk\/wp-json\/wp\/v2\/anvandningsomrade?post=1879"},{"taxonomy":"bilmarken","embeddable":true,"href":"https:\/\/xenonkungen.com\/dk\/wp-json\/wp\/v2\/bilmarken?post=1879"},{"taxonomy":"product_brand","embeddable":true,"href":"https:\/\/xenonkungen.com\/dk\/wp-json\/wp\/v2\/product_brand?post=1879"},{"taxonomy":"product_cat","embeddable":true,"href":"https:\/\/xenonkungen.com\/dk\/wp-json\/wp\/v2\/product_cat?post=1879"},{"taxonomy":"product_tag","embeddable":true,"href":"https:\/\/xenonkungen.com\/dk\/wp-json\/wp\/v2\/product_tag?post=1879"}],"curies":[{"name":"wp","href":"https:\/\/api.w.org\/{rel}","templated":true}]}}