{"id":1900,"date":"2025-04-15T08:30:26","date_gmt":"2025-04-15T08:30:26","guid":{"rendered":"https:\/\/xenonkungen.com\/product\/nightshift-pro-arbetsljus-wl160-13-600-lumen\/"},"modified":"2026-04-29T12:40:22","modified_gmt":"2026-04-29T11:40:22","slug":"nightshift-pro-arbejdslampe-wl160-13-600-lumen","status":"publish","type":"product","link":"https:\/\/xenonkungen.com\/dk\/vare\/nightshift-pro-arbejdslampe-wl160-13-600-lumen\/","title":{"rendered":"Luxtar PRO arbejdslampe WL160 | 13.600 lumen"},"content":{"rendered":"<h1>Luxtar Pro WL serien<\/h1>\n<p>Dette er en perfekt arbejdslampe til dem, der s\u00e6tter pris p\u00e5 r\u00e5 ydeevne med solid holdbarhed. Vi har udviklet denne serie til dem, der ikke vil g\u00e5 p\u00e5 kompromis, men vil have mest muligt ud af det hele!<\/p>\n<p>Med en konstruktion st\u00f8bt i ADC12-aluminium, et glas i polykarbonat klasse 5 og et beslag i solidt 4 mm 304 rustfrit st\u00e5l er dette en arbejdslampe, der er perfekt til arbejde i s\u00e5rbare situationer. Det kan v\u00e6re i minen, skoven, grusgraven eller hvorfor ikke p\u00e5 havet?<\/p>\n<p>Takket v\u00e6re alt dette er den godkendt til at blive udsat for vibrationer og st\u00f8d p\u00e5 op til 30G uden problemer, og med en IP69K-godkendelse kan den modst\u00e5 alt vand, den m\u00e5tte blive udsat for. Stenslag er heller ikke noget problem, da glasset er lavet af polykarbonat af h\u00f8j kvalitet.<\/p>","protected":false},"excerpt":{"rendered":"<p>160W arbejdslampe, der ikke skuffer nogen. Ekstrem ydeevne i b\u00e5de v\u00e5de og t\u00f8rre forhold.<\/p>","protected":false},"featured_media":29822,"comment_status":"closed","ping_status":"closed","template":"","meta":{"_acf_changed":false,"_smort_price_nok":"5335","_smort_price_dkk":"3389","_smort_price_eur":"454.07","_smort_sale_price_nok":"","_smort_sale_price_dkk":"","_smort_sale_price_eur":"","smort_restorder":"","shipmondo_restorder":"","_kad_blocks_custom_css":"","_kad_blocks_head_custom_js":"","_kad_blocks_body_custom_js":"","_kad_blocks_footer_custom_js":"","smort_custom_pricelist_1":"3196.8","smort_custom_pricelist_2":"2397.6","smort_custom_pricelist_3":"2277.72","smort_custom_pricelist_4":"3996","smort_custom_pricelist_5":"2397.6"},"anvandningsomrade":[],"bilmarken":[],"product_brand":[103],"product_cat":[2482,508],"product_tag":[],"class_list":{"0":"post-1900","1":"product","2":"type-product","3":"status-publish","4":"has-post-thumbnail","6":"product_brand-luxtar","7":"product_cat-pro-serie","8":"product_cat-arbetsbelysning","9":"pa_faktisk-effekts-forbrukning-704","10":"pa_fargtemperatur-6000k","11":"pa_fuktskydd-varde-ipxx-ip69k","12":"pa_godkannande-ce-rohs-emc-emi-cispr-25-class-4","13":"pa_lampsockel-kontakt-dt","14":"pa_led-chips-effekt-w-703","15":"pa_ljusbild-flood","16":"pa_ljusspridning-grader-688","17":"pa_stromforbrukning-49a24v","18":"pa_stromforbrukning-99a12v","19":"pa_volt-v-multivolt-9-12-16-18-24-28-30-32","21":"first","22":"instock","23":"taxable","24":"shipping-taxable","25":"purchasable","26":"product-type-simple"},"bundled_by":[],"bundle_stock_status":"instock","bundle_stock_quantity":48,"bundle_virtual":false,"bundle_layout":"","bundle_add_to_cart_form_location":"","bundle_editable_in_cart":false,"bundle_sold_individually_context":"","bundle_item_grouping":"","bundle_min_size":"","bundle_max_size":"","bundle_price":[],"bundled_items":[],"bundle_sell_ids":[],"acf":[],"yoast_head":"<!-- This site is optimized with the Yoast SEO plugin v27.0 - https:\/\/yoast.com\/product\/yoast-seo-wordpress\/ -->\n<title>Luxtar PRO Arbetsljus WL160 | 13 600 Lumen - Xenonkungen<\/title>\n<meta name=\"robots\" content=\"index, follow, max-snippet:-1, max-image-preview:large, max-video-preview:-1\" \/>\n<link rel=\"canonical\" href=\"https:\/\/xenonkungen.com\/dk\/vare\/nightshift-pro-arbejdslampe-wl160-13-600-lumen\/\" \/>\n<meta property=\"og:locale\" content=\"da_DK\" \/>\n<meta property=\"og:type\" content=\"article\" \/>\n<meta property=\"og:title\" content=\"Luxtar PRO Arbetsljus WL160 | 13 600 Lumen - Xenonkungen\" \/>\n<meta property=\"og:description\" content=\"160W arbetsljus som inte l\u00e4mnar n\u00e5gon besviken. Extrem prestanda i v\u00e5tt och torrt.\" \/>\n<meta property=\"og:url\" content=\"https:\/\/xenonkungen.com\/dk\/vare\/nightshift-pro-arbejdslampe-wl160-13-600-lumen\/\" \/>\n<meta property=\"og:site_name\" content=\"Xenonkungen\" \/>\n<meta property=\"article:modified_time\" content=\"2026-04-29T11:40:22+00:00\" \/>\n<meta property=\"og:image\" content=\"https:\/\/xenonkungen.com\/wp-content\/uploads\/2025\/04\/WL160.png\" \/>\n\t<meta property=\"og:image:width\" content=\"1080\" \/>\n\t<meta property=\"og:image:height\" content=\"1350\" \/>\n\t<meta property=\"og:image:type\" content=\"image\/png\" \/>\n<meta name=\"twitter:card\" content=\"summary_large_image\" \/>\n<meta name=\"twitter:label1\" content=\"Estimeret l\u00e6setid\" \/>\n\t<meta name=\"twitter:data1\" content=\"1 minut\" \/>\n<script type=\"application\/ld+json\" class=\"yoast-schema-graph\">{\"@context\":\"https:\/\/schema.org\",\"@graph\":[{\"@type\":\"WebPage\",\"@id\":\"https:\/\/xenonkungen.com\/produkt\/nightshift-pro-arbetsljus-wl160-13-600-lumen\/\",\"url\":\"https:\/\/xenonkungen.com\/produkt\/nightshift-pro-arbetsljus-wl160-13-600-lumen\/\",\"name\":\"Luxtar PRO Arbetsljus WL160 | 13 600 Lumen - Xenonkungen\",\"isPartOf\":{\"@id\":\"https:\/\/xenonkungen.com\/#website\"},\"primaryImageOfPage\":{\"@id\":\"https:\/\/xenonkungen.com\/produkt\/nightshift-pro-arbetsljus-wl160-13-600-lumen\/#primaryimage\"},\"image\":{\"@id\":\"https:\/\/xenonkungen.com\/produkt\/nightshift-pro-arbetsljus-wl160-13-600-lumen\/#primaryimage\"},\"thumbnailUrl\":\"https:\/\/xenonkungen.com\/wp-content\/uploads\/2025\/04\/WL160.png\",\"datePublished\":\"2025-04-15T08:30:26+00:00\",\"dateModified\":\"2026-04-29T11:40:22+00:00\",\"breadcrumb\":{\"@id\":\"https:\/\/xenonkungen.com\/produkt\/nightshift-pro-arbetsljus-wl160-13-600-lumen\/#breadcrumb\"},\"inLanguage\":\"da-DK\",\"potentialAction\":[{\"@type\":\"ReadAction\",\"target\":[\"https:\/\/xenonkungen.com\/produkt\/nightshift-pro-arbetsljus-wl160-13-600-lumen\/\"]}]},{\"@type\":\"ImageObject\",\"inLanguage\":\"da-DK\",\"@id\":\"https:\/\/xenonkungen.com\/produkt\/nightshift-pro-arbetsljus-wl160-13-600-lumen\/#primaryimage\",\"url\":\"https:\/\/xenonkungen.com\/wp-content\/uploads\/2025\/04\/WL160.png\",\"contentUrl\":\"https:\/\/xenonkungen.com\/wp-content\/uploads\/2025\/04\/WL160.png\",\"width\":1080,\"height\":1350},{\"@type\":\"BreadcrumbList\",\"@id\":\"https:\/\/xenonkungen.com\/produkt\/nightshift-pro-arbetsljus-wl160-13-600-lumen\/#breadcrumb\",\"itemListElement\":[{\"@type\":\"ListItem\",\"position\":1,\"name\":\"Hem\",\"item\":\"https:\/\/xenonkungen.com\/\"},{\"@type\":\"ListItem\",\"position\":2,\"name\":\"Shop\",\"item\":\"https:\/\/xenonkungen.com\/shop\/\"},{\"@type\":\"ListItem\",\"position\":3,\"name\":\"Luxtar PRO Arbetsljus WL160 | 13 600 Lumen\"}]},{\"@type\":\"WebSite\",\"@id\":\"https:\/\/xenonkungen.com\/#website\",\"url\":\"https:\/\/xenonkungen.com\/\",\"name\":\"Xenonkungen\",\"description\":\"\",\"potentialAction\":[{\"@type\":\"SearchAction\",\"target\":{\"@type\":\"EntryPoint\",\"urlTemplate\":\"https:\/\/xenonkungen.com\/?s={search_term_string}\"},\"query-input\":{\"@type\":\"PropertyValueSpecification\",\"valueRequired\":true,\"valueName\":\"search_term_string\"}}],\"inLanguage\":\"da-DK\"}]}<\/script>\n<!-- \/ Yoast SEO plugin. -->","yoast_head_json":{"title":"Luxtar PRO Arbetsljus WL160 | 13 600 Lumen - Xenonkungen","robots":{"index":"index","follow":"follow","max-snippet":"max-snippet:-1","max-image-preview":"max-image-preview:large","max-video-preview":"max-video-preview:-1"},"canonical":"https:\/\/xenonkungen.com\/dk\/vare\/nightshift-pro-arbejdslampe-wl160-13-600-lumen\/","og_locale":"da_DK","og_type":"article","og_title":"Luxtar PRO Arbetsljus WL160 | 13 600 Lumen - Xenonkungen","og_description":"160W arbetsljus som inte l\u00e4mnar n\u00e5gon besviken. Extrem prestanda i v\u00e5tt och torrt.","og_url":"https:\/\/xenonkungen.com\/dk\/vare\/nightshift-pro-arbejdslampe-wl160-13-600-lumen\/","og_site_name":"Xenonkungen","article_modified_time":"2026-04-29T11:40:22+00:00","og_image":[{"width":1080,"height":1350,"url":"https:\/\/xenonkungen.com\/wp-content\/uploads\/2025\/04\/WL160.png","type":"image\/png"}],"twitter_card":"summary_large_image","twitter_misc":{"Estimeret l\u00e6setid":"1 minut"},"schema":{"@context":"https:\/\/schema.org","@graph":[{"@type":"WebPage","@id":"https:\/\/xenonkungen.com\/produkt\/nightshift-pro-arbetsljus-wl160-13-600-lumen\/","url":"https:\/\/xenonkungen.com\/produkt\/nightshift-pro-arbetsljus-wl160-13-600-lumen\/","name":"Luxtar PRO Arbetsljus WL160 | 13 600 Lumen - Xenonkungen","isPartOf":{"@id":"https:\/\/xenonkungen.com\/#website"},"primaryImageOfPage":{"@id":"https:\/\/xenonkungen.com\/produkt\/nightshift-pro-arbetsljus-wl160-13-600-lumen\/#primaryimage"},"image":{"@id":"https:\/\/xenonkungen.com\/produkt\/nightshift-pro-arbetsljus-wl160-13-600-lumen\/#primaryimage"},"thumbnailUrl":"https:\/\/xenonkungen.com\/wp-content\/uploads\/2025\/04\/WL160.png","datePublished":"2025-04-15T08:30:26+00:00","dateModified":"2026-04-29T11:40:22+00:00","breadcrumb":{"@id":"https:\/\/xenonkungen.com\/produkt\/nightshift-pro-arbetsljus-wl160-13-600-lumen\/#breadcrumb"},"inLanguage":"da-DK","potentialAction":[{"@type":"ReadAction","target":["https:\/\/xenonkungen.com\/produkt\/nightshift-pro-arbetsljus-wl160-13-600-lumen\/"]}]},{"@type":"ImageObject","inLanguage":"da-DK","@id":"https:\/\/xenonkungen.com\/produkt\/nightshift-pro-arbetsljus-wl160-13-600-lumen\/#primaryimage","url":"https:\/\/xenonkungen.com\/wp-content\/uploads\/2025\/04\/WL160.png","contentUrl":"https:\/\/xenonkungen.com\/wp-content\/uploads\/2025\/04\/WL160.png","width":1080,"height":1350},{"@type":"BreadcrumbList","@id":"https:\/\/xenonkungen.com\/produkt\/nightshift-pro-arbetsljus-wl160-13-600-lumen\/#breadcrumb","itemListElement":[{"@type":"ListItem","position":1,"name":"Hem","item":"https:\/\/xenonkungen.com\/"},{"@type":"ListItem","position":2,"name":"Shop","item":"https:\/\/xenonkungen.com\/shop\/"},{"@type":"ListItem","position":3,"name":"Luxtar PRO Arbetsljus WL160 | 13 600 Lumen"}]},{"@type":"WebSite","@id":"https:\/\/xenonkungen.com\/#website","url":"https:\/\/xenonkungen.com\/","name":"Xenonkungen","description":"","potentialAction":[{"@type":"SearchAction","target":{"@type":"EntryPoint","urlTemplate":"https:\/\/xenonkungen.com\/?s={search_term_string}"},"query-input":{"@type":"PropertyValueSpecification","valueRequired":true,"valueName":"search_term_string"}}],"inLanguage":"da-DK"}]}},"taxonomy_info":{"product_brand":[{"value":103,"label":"LUXTAR"}],"product_cat":[{"value":2482,"label":"PRO-serie"},{"value":508,"label":"Arbetsbelysning"}],"pa_faktisk-effekts-forbrukning":[{"value":704,"label":"119"}],"pa_fargtemperatur":[{"value":188,"label":"6000K"}],"pa_fuktskydd-varde-ipxx":[{"value":155,"label":"IP69K"}],"pa_godkannande":[{"value":698,"label":"CE, RoHs, EMC\/EMI, CISPR 25 - Class 4"}],"pa_lampsockel-kontakt":[{"value":329,"label":"DT"}],"pa_led-chips-effekt-w":[{"value":703,"label":"160"}],"pa_ljusbild":[{"value":503,"label":"FLOOD"}],"pa_ljusspridning-grader":[{"value":688,"label":"85"}],"pa_stromforbrukning":[{"value":706,"label":"4,9A@24V"},{"value":705,"label":"9,9A@12V"}],"pa_volt-v":[{"value":521,"label":"Multivolt, 9, 12, 16, 18, 24, 28, 30, 32"}]},"featured_image_src_large":["https:\/\/xenonkungen.com\/wp-content\/uploads\/2025\/04\/WL160-819x1024.png",819,1024,true],"author_info":[],"comment_info":0,"_links":{"self":[{"href":"https:\/\/xenonkungen.com\/dk\/wp-json\/wp\/v2\/product\/1900","targetHints":{"allow":["GET"]}}],"collection":[{"href":"https:\/\/xenonkungen.com\/dk\/wp-json\/wp\/v2\/product"}],"about":[{"href":"https:\/\/xenonkungen.com\/dk\/wp-json\/wp\/v2\/types\/product"}],"replies":[{"embeddable":true,"href":"https:\/\/xenonkungen.com\/dk\/wp-json\/wp\/v2\/comments?post=1900"}],"wp:featuredmedia":[{"embeddable":true,"href":"https:\/\/xenonkungen.com\/dk\/wp-json\/wp\/v2\/media\/29822"}],"wp:attachment":[{"href":"https:\/\/xenonkungen.com\/dk\/wp-json\/wp\/v2\/media?parent=1900"}],"wp:term":[{"taxonomy":"anvandningsomrade","embeddable":true,"href":"https:\/\/xenonkungen.com\/dk\/wp-json\/wp\/v2\/anvandningsomrade?post=1900"},{"taxonomy":"bilmarken","embeddable":true,"href":"https:\/\/xenonkungen.com\/dk\/wp-json\/wp\/v2\/bilmarken?post=1900"},{"taxonomy":"product_brand","embeddable":true,"href":"https:\/\/xenonkungen.com\/dk\/wp-json\/wp\/v2\/product_brand?post=1900"},{"taxonomy":"product_cat","embeddable":true,"href":"https:\/\/xenonkungen.com\/dk\/wp-json\/wp\/v2\/product_cat?post=1900"},{"taxonomy":"product_tag","embeddable":true,"href":"https:\/\/xenonkungen.com\/dk\/wp-json\/wp\/v2\/product_tag?post=1900"}],"curies":[{"name":"wp","href":"https:\/\/api.w.org\/{rel}","templated":true}]}}