{"id":1943,"date":"2025-04-15T08:31:29","date_gmt":"2025-04-15T08:31:29","guid":{"rendered":"https:\/\/xenonkungen.com\/product\/nightshift-pro-arbetsljus-wl580-46-400-lumen\/"},"modified":"2026-05-04T10:49:40","modified_gmt":"2026-05-04T09:49:40","slug":"luxtar-pro-arbetsljus-wl580-46-400-lumen","status":"publish","type":"product","link":"https:\/\/xenonkungen.com\/dk\/vare\/luxtar-pro-arbetsljus-wl580-46-400-lumen\/","title":{"rendered":"Luxtar\u00ae PRO arbejdslampe WL580 | 46.400 lumen"},"content":{"rendered":"<h1>Luxtar PRO WL580<\/h1>\n<p>Med denne arbejdslampe vil du aldrig mangle lys igen. Med hele 46400 lumen lyser den b\u00e5de stort og kraftfuldt. Perfekt til alle de store maskiner, eller den lille maskine, der udf\u00f8rer store opgaver!<\/p>\n<p>Lanternen er fremstillet af aluminium, linsen er polycarbonat klasse 5, og fatningen er rustfrit st\u00e5l. Dette giver en virkelig solid lanterne, der ikke giver efter ved f\u00f8rste \u00f8jekast.<\/p>\n<p>For at f\u00e5 et perspektiv p\u00e5, hvor meget den rent faktisk lyser, kan man med sine 46.400 lumen betragte, at en bil med Xenon giver omkring 6.800 lumen i alt. Med begge forlygter!<\/p>","protected":false},"excerpt":{"rendered":"<p>Vores absolut kraftigste arbejdslampe! 46400 lumen fra en enkelt lampe!<\/p>","protected":false},"featured_media":29928,"comment_status":"closed","ping_status":"closed","template":"","meta":{"_acf_changed":false,"_smort_price_nok":"14948","_smort_price_dkk":"9496","_smort_price_eur":"1272.21","_smort_sale_price_nok":"","_smort_sale_price_dkk":"","_smort_sale_price_eur":"","smort_restorder":"","shipmondo_restorder":"","_kad_blocks_custom_css":"","_kad_blocks_head_custom_js":"","_kad_blocks_body_custom_js":"","_kad_blocks_footer_custom_js":"","smort_custom_pricelist_1":"8956.8","smort_custom_pricelist_2":"6500","smort_custom_pricelist_3":"6175","smort_custom_pricelist_4":"11196","smort_custom_pricelist_5":"6500"},"anvandningsomrade":[],"bilmarken":[],"product_brand":[103],"product_cat":[2482,508],"product_tag":[],"class_list":{"0":"post-1943","1":"product","2":"type-product","3":"status-publish","4":"has-post-thumbnail","6":"product_brand-luxtar","7":"product_cat-pro-serie","8":"product_cat-arbetsbelysning","9":"pa_fargtemperatur-6000k","10":"pa_fuktskydd-varde-ipxx-ip68","11":"pa_godkannande-ce-rohs-emc-emi-cispr-25-klass-4","12":"pa_lampsockel-kontakt-dt","13":"pa_led-chips-effekt-w-723","14":"pa_ljusbild-flood","15":"pa_volt-v-multivolt-9-12-16-18-24-28-30-32","17":"first","18":"outofstock","19":"taxable","20":"shipping-taxable","21":"purchasable","22":"product-type-simple"},"bundled_by":[],"bundle_stock_status":"outofstock","bundle_stock_quantity":0,"bundle_virtual":false,"bundle_layout":"","bundle_add_to_cart_form_location":"","bundle_editable_in_cart":false,"bundle_sold_individually_context":"","bundle_item_grouping":"","bundle_min_size":"","bundle_max_size":"","bundle_price":[],"bundled_items":[],"bundle_sell_ids":[],"acf":[],"yoast_head":"<!-- This site is optimized with the Yoast SEO plugin v27.0 - https:\/\/yoast.com\/product\/yoast-seo-wordpress\/ -->\n<title>Luxtar\u00ae PRO Arbetsljus WL580 | 46 400 LUMEN - Xenonkungen<\/title>\n<meta name=\"robots\" content=\"index, follow, max-snippet:-1, max-image-preview:large, max-video-preview:-1\" \/>\n<link rel=\"canonical\" href=\"https:\/\/xenonkungen.com\/dk\/vare\/luxtar-pro-arbetsljus-wl580-46-400-lumen\/\" \/>\n<meta property=\"og:locale\" content=\"da_DK\" \/>\n<meta property=\"og:type\" content=\"article\" \/>\n<meta property=\"og:title\" content=\"Luxtar\u00ae PRO Arbetsljus WL580 | 46 400 LUMEN - Xenonkungen\" \/>\n<meta property=\"og:description\" content=\"V\u00e5rt Absolut kraftigaste Arbetsljus! 46400 lumen, ur ett en enda lykta!\" \/>\n<meta property=\"og:url\" content=\"https:\/\/xenonkungen.com\/dk\/vare\/luxtar-pro-arbetsljus-wl580-46-400-lumen\/\" \/>\n<meta property=\"og:site_name\" content=\"Xenonkungen\" \/>\n<meta property=\"article:modified_time\" content=\"2026-05-04T09:49:40+00:00\" \/>\n<meta property=\"og:image\" content=\"https:\/\/xenonkungen.com\/wp-content\/uploads\/2025\/04\/6-1.png\" \/>\n\t<meta property=\"og:image:width\" content=\"1080\" \/>\n\t<meta property=\"og:image:height\" content=\"1350\" \/>\n\t<meta property=\"og:image:type\" content=\"image\/png\" \/>\n<meta name=\"twitter:card\" content=\"summary_large_image\" \/>\n<meta name=\"twitter:label1\" content=\"Estimeret l\u00e6setid\" \/>\n\t<meta name=\"twitter:data1\" content=\"1 minut\" \/>\n<script type=\"application\/ld+json\" class=\"yoast-schema-graph\">{\"@context\":\"https:\/\/schema.org\",\"@graph\":[{\"@type\":\"WebPage\",\"@id\":\"https:\/\/xenonkungen.com\/produkt\/luxtar-pro-arbetsljus-wl580-46-400-lumen\/\",\"url\":\"https:\/\/xenonkungen.com\/produkt\/luxtar-pro-arbetsljus-wl580-46-400-lumen\/\",\"name\":\"Luxtar\u00ae PRO Arbetsljus WL580 | 46 400 LUMEN - Xenonkungen\",\"isPartOf\":{\"@id\":\"https:\/\/xenonkungen.com\/#website\"},\"primaryImageOfPage\":{\"@id\":\"https:\/\/xenonkungen.com\/produkt\/luxtar-pro-arbetsljus-wl580-46-400-lumen\/#primaryimage\"},\"image\":{\"@id\":\"https:\/\/xenonkungen.com\/produkt\/luxtar-pro-arbetsljus-wl580-46-400-lumen\/#primaryimage\"},\"thumbnailUrl\":\"https:\/\/xenonkungen.com\/wp-content\/uploads\/2025\/04\/6-1.png\",\"datePublished\":\"2025-04-15T08:31:29+00:00\",\"dateModified\":\"2026-05-04T09:49:40+00:00\",\"breadcrumb\":{\"@id\":\"https:\/\/xenonkungen.com\/produkt\/luxtar-pro-arbetsljus-wl580-46-400-lumen\/#breadcrumb\"},\"inLanguage\":\"da-DK\",\"potentialAction\":[{\"@type\":\"ReadAction\",\"target\":[\"https:\/\/xenonkungen.com\/produkt\/luxtar-pro-arbetsljus-wl580-46-400-lumen\/\"]}]},{\"@type\":\"ImageObject\",\"inLanguage\":\"da-DK\",\"@id\":\"https:\/\/xenonkungen.com\/produkt\/luxtar-pro-arbetsljus-wl580-46-400-lumen\/#primaryimage\",\"url\":\"https:\/\/xenonkungen.com\/wp-content\/uploads\/2025\/04\/6-1.png\",\"contentUrl\":\"https:\/\/xenonkungen.com\/wp-content\/uploads\/2025\/04\/6-1.png\",\"width\":1080,\"height\":1350},{\"@type\":\"BreadcrumbList\",\"@id\":\"https:\/\/xenonkungen.com\/produkt\/luxtar-pro-arbetsljus-wl580-46-400-lumen\/#breadcrumb\",\"itemListElement\":[{\"@type\":\"ListItem\",\"position\":1,\"name\":\"Hem\",\"item\":\"https:\/\/xenonkungen.com\/\"},{\"@type\":\"ListItem\",\"position\":2,\"name\":\"Shop\",\"item\":\"https:\/\/xenonkungen.com\/shop\/\"},{\"@type\":\"ListItem\",\"position\":3,\"name\":\"Luxtar\u00ae PRO Arbetsljus WL580 | 46 400 LUMEN\"}]},{\"@type\":\"WebSite\",\"@id\":\"https:\/\/xenonkungen.com\/#website\",\"url\":\"https:\/\/xenonkungen.com\/\",\"name\":\"Xenonkungen\",\"description\":\"\",\"potentialAction\":[{\"@type\":\"SearchAction\",\"target\":{\"@type\":\"EntryPoint\",\"urlTemplate\":\"https:\/\/xenonkungen.com\/?s={search_term_string}\"},\"query-input\":{\"@type\":\"PropertyValueSpecification\",\"valueRequired\":true,\"valueName\":\"search_term_string\"}}],\"inLanguage\":\"da-DK\"}]}<\/script>\n<!-- \/ Yoast SEO plugin. -->","yoast_head_json":{"title":"Luxtar\u00ae PRO Arbetsljus WL580 | 46 400 LUMEN - Xenonkungen","robots":{"index":"index","follow":"follow","max-snippet":"max-snippet:-1","max-image-preview":"max-image-preview:large","max-video-preview":"max-video-preview:-1"},"canonical":"https:\/\/xenonkungen.com\/dk\/vare\/luxtar-pro-arbetsljus-wl580-46-400-lumen\/","og_locale":"da_DK","og_type":"article","og_title":"Luxtar\u00ae PRO Arbetsljus WL580 | 46 400 LUMEN - Xenonkungen","og_description":"V\u00e5rt Absolut kraftigaste Arbetsljus! 46400 lumen, ur ett en enda lykta!","og_url":"https:\/\/xenonkungen.com\/dk\/vare\/luxtar-pro-arbetsljus-wl580-46-400-lumen\/","og_site_name":"Xenonkungen","article_modified_time":"2026-05-04T09:49:40+00:00","og_image":[{"width":1080,"height":1350,"url":"https:\/\/xenonkungen.com\/wp-content\/uploads\/2025\/04\/6-1.png","type":"image\/png"}],"twitter_card":"summary_large_image","twitter_misc":{"Estimeret l\u00e6setid":"1 minut"},"schema":{"@context":"https:\/\/schema.org","@graph":[{"@type":"WebPage","@id":"https:\/\/xenonkungen.com\/produkt\/luxtar-pro-arbetsljus-wl580-46-400-lumen\/","url":"https:\/\/xenonkungen.com\/produkt\/luxtar-pro-arbetsljus-wl580-46-400-lumen\/","name":"Luxtar\u00ae PRO Arbetsljus WL580 | 46 400 LUMEN - Xenonkungen","isPartOf":{"@id":"https:\/\/xenonkungen.com\/#website"},"primaryImageOfPage":{"@id":"https:\/\/xenonkungen.com\/produkt\/luxtar-pro-arbetsljus-wl580-46-400-lumen\/#primaryimage"},"image":{"@id":"https:\/\/xenonkungen.com\/produkt\/luxtar-pro-arbetsljus-wl580-46-400-lumen\/#primaryimage"},"thumbnailUrl":"https:\/\/xenonkungen.com\/wp-content\/uploads\/2025\/04\/6-1.png","datePublished":"2025-04-15T08:31:29+00:00","dateModified":"2026-05-04T09:49:40+00:00","breadcrumb":{"@id":"https:\/\/xenonkungen.com\/produkt\/luxtar-pro-arbetsljus-wl580-46-400-lumen\/#breadcrumb"},"inLanguage":"da-DK","potentialAction":[{"@type":"ReadAction","target":["https:\/\/xenonkungen.com\/produkt\/luxtar-pro-arbetsljus-wl580-46-400-lumen\/"]}]},{"@type":"ImageObject","inLanguage":"da-DK","@id":"https:\/\/xenonkungen.com\/produkt\/luxtar-pro-arbetsljus-wl580-46-400-lumen\/#primaryimage","url":"https:\/\/xenonkungen.com\/wp-content\/uploads\/2025\/04\/6-1.png","contentUrl":"https:\/\/xenonkungen.com\/wp-content\/uploads\/2025\/04\/6-1.png","width":1080,"height":1350},{"@type":"BreadcrumbList","@id":"https:\/\/xenonkungen.com\/produkt\/luxtar-pro-arbetsljus-wl580-46-400-lumen\/#breadcrumb","itemListElement":[{"@type":"ListItem","position":1,"name":"Hem","item":"https:\/\/xenonkungen.com\/"},{"@type":"ListItem","position":2,"name":"Shop","item":"https:\/\/xenonkungen.com\/shop\/"},{"@type":"ListItem","position":3,"name":"Luxtar\u00ae PRO Arbetsljus WL580 | 46 400 LUMEN"}]},{"@type":"WebSite","@id":"https:\/\/xenonkungen.com\/#website","url":"https:\/\/xenonkungen.com\/","name":"Xenonkungen","description":"","potentialAction":[{"@type":"SearchAction","target":{"@type":"EntryPoint","urlTemplate":"https:\/\/xenonkungen.com\/?s={search_term_string}"},"query-input":{"@type":"PropertyValueSpecification","valueRequired":true,"valueName":"search_term_string"}}],"inLanguage":"da-DK"}]}},"taxonomy_info":{"product_brand":[{"value":103,"label":"LUXTAR"}],"product_cat":[{"value":2482,"label":"PRO-serie"},{"value":508,"label":"Arbetsbelysning"}],"pa_fargtemperatur":[{"value":188,"label":"6000K"}],"pa_fuktskydd-varde-ipxx":[{"value":177,"label":"IP68"}],"pa_godkannande":[{"value":722,"label":"CE RoHS EMC\/EMI CISPR 25 Klass 4"}],"pa_lampsockel-kontakt":[{"value":329,"label":"DT"}],"pa_led-chips-effekt-w":[{"value":723,"label":"580"}],"pa_ljusbild":[{"value":503,"label":"FLOOD"}],"pa_volt-v":[{"value":521,"label":"Multivolt, 9, 12, 16, 18, 24, 28, 30, 32"}]},"featured_image_src_large":["https:\/\/xenonkungen.com\/wp-content\/uploads\/2025\/04\/6-1-819x1024.png",819,1024,true],"author_info":[],"comment_info":0,"_links":{"self":[{"href":"https:\/\/xenonkungen.com\/dk\/wp-json\/wp\/v2\/product\/1943","targetHints":{"allow":["GET"]}}],"collection":[{"href":"https:\/\/xenonkungen.com\/dk\/wp-json\/wp\/v2\/product"}],"about":[{"href":"https:\/\/xenonkungen.com\/dk\/wp-json\/wp\/v2\/types\/product"}],"replies":[{"embeddable":true,"href":"https:\/\/xenonkungen.com\/dk\/wp-json\/wp\/v2\/comments?post=1943"}],"wp:featuredmedia":[{"embeddable":true,"href":"https:\/\/xenonkungen.com\/dk\/wp-json\/wp\/v2\/media\/29928"}],"wp:attachment":[{"href":"https:\/\/xenonkungen.com\/dk\/wp-json\/wp\/v2\/media?parent=1943"}],"wp:term":[{"taxonomy":"anvandningsomrade","embeddable":true,"href":"https:\/\/xenonkungen.com\/dk\/wp-json\/wp\/v2\/anvandningsomrade?post=1943"},{"taxonomy":"bilmarken","embeddable":true,"href":"https:\/\/xenonkungen.com\/dk\/wp-json\/wp\/v2\/bilmarken?post=1943"},{"taxonomy":"product_brand","embeddable":true,"href":"https:\/\/xenonkungen.com\/dk\/wp-json\/wp\/v2\/product_brand?post=1943"},{"taxonomy":"product_cat","embeddable":true,"href":"https:\/\/xenonkungen.com\/dk\/wp-json\/wp\/v2\/product_cat?post=1943"},{"taxonomy":"product_tag","embeddable":true,"href":"https:\/\/xenonkungen.com\/dk\/wp-json\/wp\/v2\/product_tag?post=1943"}],"curies":[{"name":"wp","href":"https:\/\/api.w.org\/{rel}","templated":true}]}}