{"id":1957,"date":"2025-04-15T08:31:29","date_gmt":"2025-04-15T08:31:29","guid":{"rendered":"https:\/\/xenonkungen.com\/product\/volkswagen-h7-led-uppgradering\/"},"modified":"2026-04-01T07:56:42","modified_gmt":"2026-04-01T06:56:42","slug":"volkswagen-h7-led-opgradering","status":"publish","type":"product","link":"https:\/\/xenonkungen.com\/dk\/vare\/volkswagen-h7-led-opgradering\/","title":{"rendered":"Volkswagen H7 LED-opgradering"},"content":{"rendered":"<p>Plug &amp; Play LED-opgradering til nedenst\u00e5ende Volkswagen-modeller udstyret med H7-halogenforlygter.<\/p>\n<p>VW H7 LED-opgraderingss\u00e6ttet er Canbus-kompatibelt (ingen fejladvarsler osv.) og giver din bil et mere moderne udseende med st\u00e6rkere n\u00e6rlys.<br \/>Lysm\u00f8nsteret skal svare til den eksisterende halogenlampe.<\/p>\n<p>Denne vare passer kun til VOLKSWAGEN-modeller udstyret med H7-lampefatninger med VW-varenummer 5K0941109A, 5K0941109E eller 5K0941109C.<\/p>\n<p>All-track | 2017<br \/>e-Golf | 2015-2017<br \/>EOS | 2012-2016<br \/>Golf | 2010-2017<br \/>Golf R | 2012-2013, 2015-2017<br \/>GTI | 2010-2017<br \/>Sportswagon | 2010-2014<br \/>Tiguan | 2012-2017<\/p>\n<p>Mercedes-Benz Vito | 2010-2012<\/p>\n<p>Bekr\u00e6ftet p\u00e5 Caddy 2013<\/p>\n<p>\u2013 Forbehold for undtagelser og yderligere modeller.<\/p>","protected":false},"excerpt":{"rendered":"<p>LED-n\u00e6rlys til Golf, Tiguan, Caddy og flere Volkswagen-modeller. 2 \u00e5rs garanti.<\/p>","protected":false},"featured_media":1958,"comment_status":"closed","ping_status":"closed","template":"","meta":{"_acf_changed":false,"_smort_price_nok":"1597","_smort_price_dkk":"1014","_smort_price_eur":"135.9","_smort_sale_price_nok":"","_smort_sale_price_dkk":"","_smort_sale_price_eur":"","smort_restorder":"","shipmondo_restorder":"","_kad_blocks_custom_css":"","_kad_blocks_head_custom_js":"","_kad_blocks_body_custom_js":"","_kad_blocks_footer_custom_js":"","smort_custom_pricelist_1":"956.8","smort_custom_pricelist_2":"837.2","smort_custom_pricelist_3":"777.4","smort_custom_pricelist_4":"1196","smort_custom_pricelist_5":"837.2"},"anvandningsomrade":[],"bilmarken":[],"product_brand":[2793],"product_cat":[2451,2849,733],"product_tag":[],"class_list":{"0":"post-1957","1":"product","2":"type-product","3":"status-publish","4":"has-post-thumbnail","6":"product_brand-ovrigt","7":"product_cat-led-konvertering","8":"product_cat-malvin","9":"product_cat-halvljus-helljus","10":"pa_fargtemperatur-6500k","11":"pa_fuktskydd-varde-ipxx-ip65","12":"pa_lampsockel-kontakt-h7","13":"pa_ljusspridning-grader-731","14":"pa_stromforbrukning-18a12v","15":"pa_volt-v-multivolt-9-12-16-18-24-28-30-32","17":"first","18":"instock","19":"taxable","20":"shipping-taxable","21":"purchasable","22":"product-type-simple"},"bundled_by":[],"bundle_stock_status":"instock","bundle_stock_quantity":41,"bundle_virtual":false,"bundle_layout":"","bundle_add_to_cart_form_location":"","bundle_editable_in_cart":false,"bundle_sold_individually_context":"","bundle_item_grouping":"","bundle_min_size":"","bundle_max_size":"","bundle_price":[],"bundled_items":[],"bundle_sell_ids":[],"acf":[],"yoast_head":"<!-- This site is optimized with the Yoast SEO plugin v27.0 - https:\/\/yoast.com\/product\/yoast-seo-wordpress\/ -->\n<title>Volkswagen H7 LED Uppgradering - Xenonkungen<\/title>\n<meta name=\"robots\" content=\"index, follow, max-snippet:-1, max-image-preview:large, max-video-preview:-1\" \/>\n<link rel=\"canonical\" href=\"https:\/\/xenonkungen.com\/dk\/vare\/volkswagen-h7-led-opgradering\/\" \/>\n<meta property=\"og:locale\" content=\"da_DK\" \/>\n<meta property=\"og:type\" content=\"article\" \/>\n<meta property=\"og:title\" content=\"Volkswagen H7 LED Uppgradering - Xenonkungen\" \/>\n<meta property=\"og:description\" content=\"LED halvljuslampor f\u00f6r Golf, Tiguan, Caddy med flera Volkswagenmodeller. 2 \u00e5rs garanti.\" \/>\n<meta property=\"og:url\" content=\"https:\/\/xenonkungen.com\/dk\/vare\/volkswagen-h7-led-opgradering\/\" \/>\n<meta property=\"og:site_name\" content=\"Xenonkungen\" \/>\n<meta property=\"article:modified_time\" content=\"2026-04-01T06:56:42+00:00\" \/>\n<meta property=\"og:image\" content=\"https:\/\/xenonkungen.com\/wp-content\/uploads\/2025\/04\/155445158-origpic-449988.jpg\" \/>\n\t<meta property=\"og:image:width\" content=\"1000\" \/>\n\t<meta property=\"og:image:height\" content=\"1000\" \/>\n\t<meta property=\"og:image:type\" content=\"image\/jpeg\" \/>\n<meta name=\"twitter:card\" content=\"summary_large_image\" \/>\n<meta name=\"twitter:label1\" content=\"Estimeret l\u00e6setid\" \/>\n\t<meta name=\"twitter:data1\" content=\"1 minut\" \/>\n<script type=\"application\/ld+json\" class=\"yoast-schema-graph\">{\"@context\":\"https:\/\/schema.org\",\"@graph\":[{\"@type\":\"WebPage\",\"@id\":\"https:\/\/xenonkungen.com\/nl\/product\/volkswagen-h7-led-uppgradering\/\",\"url\":\"https:\/\/xenonkungen.com\/nl\/product\/volkswagen-h7-led-uppgradering\/\",\"name\":\"Volkswagen H7 LED Uppgradering - Xenonkungen\",\"isPartOf\":{\"@id\":\"https:\/\/xenonkungen.com\/#website\"},\"primaryImageOfPage\":{\"@id\":\"https:\/\/xenonkungen.com\/nl\/product\/volkswagen-h7-led-uppgradering\/#primaryimage\"},\"image\":{\"@id\":\"https:\/\/xenonkungen.com\/nl\/product\/volkswagen-h7-led-uppgradering\/#primaryimage\"},\"thumbnailUrl\":\"https:\/\/xenonkungen.com\/wp-content\/uploads\/2025\/04\/155445158-origpic-449988.jpg\",\"datePublished\":\"2025-04-15T08:31:29+00:00\",\"dateModified\":\"2026-04-01T06:56:42+00:00\",\"breadcrumb\":{\"@id\":\"https:\/\/xenonkungen.com\/nl\/product\/volkswagen-h7-led-uppgradering\/#breadcrumb\"},\"inLanguage\":\"da-DK\",\"potentialAction\":[{\"@type\":\"ReadAction\",\"target\":[\"https:\/\/xenonkungen.com\/nl\/product\/volkswagen-h7-led-uppgradering\/\"]}]},{\"@type\":\"ImageObject\",\"inLanguage\":\"da-DK\",\"@id\":\"https:\/\/xenonkungen.com\/nl\/product\/volkswagen-h7-led-uppgradering\/#primaryimage\",\"url\":\"https:\/\/xenonkungen.com\/wp-content\/uploads\/2025\/04\/155445158-origpic-449988.jpg\",\"contentUrl\":\"https:\/\/xenonkungen.com\/wp-content\/uploads\/2025\/04\/155445158-origpic-449988.jpg\",\"width\":1000,\"height\":1000},{\"@type\":\"BreadcrumbList\",\"@id\":\"https:\/\/xenonkungen.com\/nl\/product\/volkswagen-h7-led-uppgradering\/#breadcrumb\",\"itemListElement\":[{\"@type\":\"ListItem\",\"position\":1,\"name\":\"Hem\",\"item\":\"https:\/\/xenonkungen.com\/\"},{\"@type\":\"ListItem\",\"position\":2,\"name\":\"Shop\",\"item\":\"https:\/\/xenonkungen.com\/shop\/\"},{\"@type\":\"ListItem\",\"position\":3,\"name\":\"Volkswagen H7 LED Uppgradering\"}]},{\"@type\":\"WebSite\",\"@id\":\"https:\/\/xenonkungen.com\/#website\",\"url\":\"https:\/\/xenonkungen.com\/\",\"name\":\"Xenonkungen\",\"description\":\"\",\"potentialAction\":[{\"@type\":\"SearchAction\",\"target\":{\"@type\":\"EntryPoint\",\"urlTemplate\":\"https:\/\/xenonkungen.com\/?s={search_term_string}\"},\"query-input\":{\"@type\":\"PropertyValueSpecification\",\"valueRequired\":true,\"valueName\":\"search_term_string\"}}],\"inLanguage\":\"da-DK\"}]}<\/script>\n<!-- \/ Yoast SEO plugin. -->","yoast_head_json":{"title":"Volkswagen H7 LED Upgrade - Xenonkungen","robots":{"index":"index","follow":"follow","max-snippet":"max-snippet:-1","max-image-preview":"max-image-preview:large","max-video-preview":"max-video-preview:-1"},"canonical":"https:\/\/xenonkungen.com\/dk\/vare\/volkswagen-h7-led-opgradering\/","og_locale":"da_DK","og_type":"article","og_title":"Volkswagen H7 LED Uppgradering - Xenonkungen","og_description":"LED halvljuslampor f\u00f6r Golf, Tiguan, Caddy med flera Volkswagenmodeller. 2 \u00e5rs garanti.","og_url":"https:\/\/xenonkungen.com\/dk\/vare\/volkswagen-h7-led-opgradering\/","og_site_name":"Xenonkungen","article_modified_time":"2026-04-01T06:56:42+00:00","og_image":[{"width":1000,"height":1000,"url":"https:\/\/xenonkungen.com\/wp-content\/uploads\/2025\/04\/155445158-origpic-449988.jpg","type":"image\/jpeg"}],"twitter_card":"summary_large_image","twitter_misc":{"Estimeret l\u00e6setid":"1 minut"},"schema":{"@context":"https:\/\/schema.org","@graph":[{"@type":"WebPage","@id":"https:\/\/xenonkungen.com\/nl\/product\/volkswagen-h7-led-uppgradering\/","url":"https:\/\/xenonkungen.com\/nl\/product\/volkswagen-h7-led-uppgradering\/","name":"Volkswagen H7 LED Upgrade - Xenonkungen","isPartOf":{"@id":"https:\/\/xenonkungen.com\/#website"},"primaryImageOfPage":{"@id":"https:\/\/xenonkungen.com\/nl\/product\/volkswagen-h7-led-uppgradering\/#primaryimage"},"image":{"@id":"https:\/\/xenonkungen.com\/nl\/product\/volkswagen-h7-led-uppgradering\/#primaryimage"},"thumbnailUrl":"https:\/\/xenonkungen.com\/wp-content\/uploads\/2025\/04\/155445158-origpic-449988.jpg","datePublished":"2025-04-15T08:31:29+00:00","dateModified":"2026-04-01T06:56:42+00:00","breadcrumb":{"@id":"https:\/\/xenonkungen.com\/nl\/product\/volkswagen-h7-led-uppgradering\/#breadcrumb"},"inLanguage":"da-DK","potentialAction":[{"@type":"ReadAction","target":["https:\/\/xenonkungen.com\/nl\/product\/volkswagen-h7-led-uppgradering\/"]}]},{"@type":"ImageObject","inLanguage":"da-DK","@id":"https:\/\/xenonkungen.com\/nl\/product\/volkswagen-h7-led-uppgradering\/#primaryimage","url":"https:\/\/xenonkungen.com\/wp-content\/uploads\/2025\/04\/155445158-origpic-449988.jpg","contentUrl":"https:\/\/xenonkungen.com\/wp-content\/uploads\/2025\/04\/155445158-origpic-449988.jpg","width":1000,"height":1000},{"@type":"BreadcrumbList","@id":"https:\/\/xenonkungen.com\/nl\/product\/volkswagen-h7-led-uppgradering\/#breadcrumb","itemListElement":[{"@type":"ListItem","position":1,"name":"Hem","item":"https:\/\/xenonkungen.com\/"},{"@type":"ListItem","position":2,"name":"Shop","item":"https:\/\/xenonkungen.com\/shop\/"},{"@type":"ListItem","position":3,"name":"Volkswagen H7 LED Uppgradering"}]},{"@type":"WebSite","@id":"https:\/\/xenonkungen.com\/#website","url":"https:\/\/xenonkungen.com\/","name":"Xenonkungen","description":"","potentialAction":[{"@type":"SearchAction","target":{"@type":"EntryPoint","urlTemplate":"https:\/\/xenonkungen.com\/?s={search_term_string}"},"query-input":{"@type":"PropertyValueSpecification","valueRequired":true,"valueName":"search_term_string"}}],"inLanguage":"da-DK"}]}},"taxonomy_info":{"product_brand":[{"value":2793,"label":"\u00d6VRIGT"}],"product_cat":[{"value":2451,"label":"Led-konvertering"},{"value":2849,"label":"Malvins VW Golf"},{"value":733,"label":"Halvljus \/ Helljus"}],"pa_fargtemperatur":[{"value":353,"label":"6500K"}],"pa_fuktskydd-varde-ipxx":[{"value":520,"label":"IP65"}],"pa_lampsockel-kontakt":[{"value":206,"label":"H7"}],"pa_ljusspridning-grader":[{"value":731,"label":"360"}],"pa_stromforbrukning":[{"value":732,"label":"1,8A@12V"}],"pa_volt-v":[{"value":521,"label":"Multivolt, 9, 12, 16, 18, 24, 28, 30, 32"}]},"featured_image_src_large":["https:\/\/xenonkungen.com\/wp-content\/uploads\/2025\/04\/155445158-origpic-449988.jpg",1000,1000,false],"author_info":[],"comment_info":1,"_links":{"self":[{"href":"https:\/\/xenonkungen.com\/dk\/wp-json\/wp\/v2\/product\/1957","targetHints":{"allow":["GET"]}}],"collection":[{"href":"https:\/\/xenonkungen.com\/dk\/wp-json\/wp\/v2\/product"}],"about":[{"href":"https:\/\/xenonkungen.com\/dk\/wp-json\/wp\/v2\/types\/product"}],"replies":[{"embeddable":true,"href":"https:\/\/xenonkungen.com\/dk\/wp-json\/wp\/v2\/comments?post=1957"}],"wp:featuredmedia":[{"embeddable":true,"href":"https:\/\/xenonkungen.com\/dk\/wp-json\/wp\/v2\/media\/1958"}],"wp:attachment":[{"href":"https:\/\/xenonkungen.com\/dk\/wp-json\/wp\/v2\/media?parent=1957"}],"wp:term":[{"taxonomy":"anvandningsomrade","embeddable":true,"href":"https:\/\/xenonkungen.com\/dk\/wp-json\/wp\/v2\/anvandningsomrade?post=1957"},{"taxonomy":"bilmarken","embeddable":true,"href":"https:\/\/xenonkungen.com\/dk\/wp-json\/wp\/v2\/bilmarken?post=1957"},{"taxonomy":"product_brand","embeddable":true,"href":"https:\/\/xenonkungen.com\/dk\/wp-json\/wp\/v2\/product_brand?post=1957"},{"taxonomy":"product_cat","embeddable":true,"href":"https:\/\/xenonkungen.com\/dk\/wp-json\/wp\/v2\/product_cat?post=1957"},{"taxonomy":"product_tag","embeddable":true,"href":"https:\/\/xenonkungen.com\/dk\/wp-json\/wp\/v2\/product_tag?post=1957"}],"curies":[{"name":"wp","href":"https:\/\/api.w.org\/{rel}","templated":true}]}}