{"id":1982,"date":"2025-04-15T08:31:58","date_gmt":"2025-04-15T08:31:58","guid":{"rendered":"https:\/\/xenonkungen.com\/product\/ledis-on-s2-led-konvertering-h7\/"},"modified":"2026-04-10T23:41:11","modified_gmt":"2026-04-10T22:41:11","slug":"ledis-pa-s2-led-konvertering-h7","status":"publish","type":"product","link":"https:\/\/xenonkungen.com\/dk\/vare\/ledis-pa-s2-led-konvertering-h7\/","title":{"rendered":"Ledis-on\u00ae S2 Led-konvertering H7"},"content":{"rendered":"<p>Med 2500 lumen (faktisk) giver LEDISON S2 dobbelt s\u00e5 meget lysstyrke som bilens eksisterende 55W halogenp\u00e6rer.<\/p>\n<p>Lysstyrken for disse dioder til n\u00e6rlys og\/eller fjernlys er t\u00e6t p\u00e5 35W xenonlys (6000K).<\/p>\n<p>Udstyret med koreansk Seoul LED type Y19, som er designet til k\u00f8ret\u00f8jsbelysning.<\/p>\n<p>Se billeder for mere detaljeret information.<br \/>S\u00e6t = 2 stk. <strong>H7<\/strong> S2 LED-lysmoduler.<\/p>\n<p>Kunderapporter p\u00e5 S2 H7:<br \/>&#8211; <\/p>","protected":false},"excerpt":{"rendered":"<p>Ledison S2 LED-forlygter er bl\u00e6serk\u00f8lede, hvilket giver h\u00f8jere effekt og kompakt st\u00f8rrelse. Originalt m\u00e6rke.<\/p>","protected":false},"featured_media":1983,"comment_status":"closed","ping_status":"closed","template":"","meta":{"_acf_changed":false,"_smort_price_nok":"742","_smort_price_dkk":"472","_smort_price_eur":"63.18","_smort_sale_price_nok":"","_smort_sale_price_dkk":"","_smort_sale_price_eur":"","smort_restorder":"","shipmondo_restorder":"","_kad_blocks_custom_css":"","_kad_blocks_head_custom_js":"","_kad_blocks_body_custom_js":"","_kad_blocks_footer_custom_js":"","smort_custom_pricelist_1":"444.8","smort_custom_pricelist_2":"330","smort_custom_pricelist_3":"313.5","smort_custom_pricelist_4":"556","smort_custom_pricelist_5":"330"},"anvandningsomrade":[],"bilmarken":[],"product_brand":[100],"product_cat":[2451,733],"product_tag":[],"class_list":{"0":"post-1982","1":"product","2":"type-product","3":"status-publish","4":"has-post-thumbnail","6":"product_brand-ledis-on","7":"product_cat-led-konvertering","8":"product_cat-halvljus-helljus","9":"pa_faktisk-effekts-forbrukning-734","10":"pa_fargtemperatur-6000k","11":"pa_lampsockel-kontakt-h7","12":"pa_stromforbrukning-26a12v","13":"pa_volt-v-12-24","15":"first","16":"outofstock","17":"taxable","18":"shipping-taxable","19":"purchasable","20":"product-type-simple"},"bundled_by":[],"bundle_stock_status":"outofstock","bundle_stock_quantity":0,"bundle_virtual":false,"bundle_layout":"","bundle_add_to_cart_form_location":"","bundle_editable_in_cart":false,"bundle_sold_individually_context":"","bundle_item_grouping":"","bundle_min_size":"","bundle_max_size":"","bundle_price":[],"bundled_items":[],"bundle_sell_ids":[],"acf":[],"yoast_head":"<!-- This site is optimized with the Yoast SEO plugin v27.0 - https:\/\/yoast.com\/product\/yoast-seo-wordpress\/ -->\n<title>Ledis-on\u00ae S2 Led Konvertering H7 - Xenonkungen<\/title>\n<meta name=\"robots\" content=\"index, follow, max-snippet:-1, max-image-preview:large, max-video-preview:-1\" \/>\n<link rel=\"canonical\" href=\"https:\/\/xenonkungen.com\/dk\/vare\/ledis-pa-s2-led-konvertering-h7\/\" \/>\n<meta property=\"og:locale\" content=\"da_DK\" \/>\n<meta property=\"og:type\" content=\"article\" \/>\n<meta property=\"og:title\" content=\"Ledis-on\u00ae S2 Led Konvertering H7 - Xenonkungen\" \/>\n<meta property=\"og:description\" content=\"Ledison S2 LED Headlights \u00e4r fl\u00e4ktkyld vilket m\u00f6jligg\u00f6r h\u00f6gre effekt och kompakt format. Original fabrikat.\" \/>\n<meta property=\"og:url\" content=\"https:\/\/xenonkungen.com\/dk\/vare\/ledis-pa-s2-led-konvertering-h7\/\" \/>\n<meta property=\"og:site_name\" content=\"Xenonkungen\" \/>\n<meta property=\"article:modified_time\" content=\"2026-04-10T22:41:11+00:00\" \/>\n<meta property=\"og:image\" content=\"https:\/\/xenonkungen.com\/wp-content\/uploads\/2025\/04\/85112493-origpic-cdd23a.png\" \/>\n\t<meta property=\"og:image:width\" content=\"1000\" \/>\n\t<meta property=\"og:image:height\" content=\"1000\" \/>\n\t<meta property=\"og:image:type\" content=\"image\/png\" \/>\n<meta name=\"twitter:card\" content=\"summary_large_image\" \/>\n<script type=\"application\/ld+json\" class=\"yoast-schema-graph\">{\"@context\":\"https:\/\/schema.org\",\"@graph\":[{\"@type\":\"WebPage\",\"@id\":\"https:\/\/xenonkungen.com\/en\/product\/ledis-on-s2-led-conversion-h7\/\",\"url\":\"https:\/\/xenonkungen.com\/en\/product\/ledis-on-s2-led-conversion-h7\/\",\"name\":\"Ledis-on\u00ae S2 Led Konvertering H7 - Xenonkungen\",\"isPartOf\":{\"@id\":\"https:\/\/xenonkungen.com\/#website\"},\"primaryImageOfPage\":{\"@id\":\"https:\/\/xenonkungen.com\/en\/product\/ledis-on-s2-led-conversion-h7\/#primaryimage\"},\"image\":{\"@id\":\"https:\/\/xenonkungen.com\/en\/product\/ledis-on-s2-led-conversion-h7\/#primaryimage\"},\"thumbnailUrl\":\"https:\/\/xenonkungen.com\/wp-content\/uploads\/2025\/04\/85112493-origpic-cdd23a.png\",\"datePublished\":\"2025-04-15T08:31:58+00:00\",\"dateModified\":\"2026-04-10T22:41:11+00:00\",\"breadcrumb\":{\"@id\":\"https:\/\/xenonkungen.com\/en\/product\/ledis-on-s2-led-conversion-h7\/#breadcrumb\"},\"inLanguage\":\"da-DK\",\"potentialAction\":[{\"@type\":\"ReadAction\",\"target\":[\"https:\/\/xenonkungen.com\/en\/product\/ledis-on-s2-led-conversion-h7\/\"]}]},{\"@type\":\"ImageObject\",\"inLanguage\":\"da-DK\",\"@id\":\"https:\/\/xenonkungen.com\/en\/product\/ledis-on-s2-led-conversion-h7\/#primaryimage\",\"url\":\"https:\/\/xenonkungen.com\/wp-content\/uploads\/2025\/04\/85112493-origpic-cdd23a.png\",\"contentUrl\":\"https:\/\/xenonkungen.com\/wp-content\/uploads\/2025\/04\/85112493-origpic-cdd23a.png\",\"width\":1000,\"height\":1000},{\"@type\":\"BreadcrumbList\",\"@id\":\"https:\/\/xenonkungen.com\/en\/product\/ledis-on-s2-led-conversion-h7\/#breadcrumb\",\"itemListElement\":[{\"@type\":\"ListItem\",\"position\":1,\"name\":\"Hem\",\"item\":\"https:\/\/xenonkungen.com\/\"},{\"@type\":\"ListItem\",\"position\":2,\"name\":\"Shop\",\"item\":\"https:\/\/xenonkungen.com\/shop\/\"},{\"@type\":\"ListItem\",\"position\":3,\"name\":\"Ledis-on\u00ae S2 Led Konvertering H7\"}]},{\"@type\":\"WebSite\",\"@id\":\"https:\/\/xenonkungen.com\/#website\",\"url\":\"https:\/\/xenonkungen.com\/\",\"name\":\"Xenonkungen\",\"description\":\"\",\"potentialAction\":[{\"@type\":\"SearchAction\",\"target\":{\"@type\":\"EntryPoint\",\"urlTemplate\":\"https:\/\/xenonkungen.com\/?s={search_term_string}\"},\"query-input\":{\"@type\":\"PropertyValueSpecification\",\"valueRequired\":true,\"valueName\":\"search_term_string\"}}],\"inLanguage\":\"da-DK\"}]}<\/script>\n<!-- \/ Yoast SEO plugin. -->","yoast_head_json":{"title":"Ledis-on\u00ae S2 LED-konvertering H7 - Xenon-kongen","robots":{"index":"index","follow":"follow","max-snippet":"max-snippet:-1","max-image-preview":"max-image-preview:large","max-video-preview":"max-video-preview:-1"},"canonical":"https:\/\/xenonkungen.com\/dk\/vare\/ledis-pa-s2-led-konvertering-h7\/","og_locale":"da_DK","og_type":"article","og_title":"Ledis-on\u00ae S2 Led Konvertering H7 - Xenonkungen","og_description":"Ledison S2 LED Headlights \u00e4r fl\u00e4ktkyld vilket m\u00f6jligg\u00f6r h\u00f6gre effekt och kompakt format. Original fabrikat.","og_url":"https:\/\/xenonkungen.com\/dk\/vare\/ledis-pa-s2-led-konvertering-h7\/","og_site_name":"Xenonkungen","article_modified_time":"2026-04-10T22:41:11+00:00","og_image":[{"width":1000,"height":1000,"url":"https:\/\/xenonkungen.com\/wp-content\/uploads\/2025\/04\/85112493-origpic-cdd23a.png","type":"image\/png"}],"twitter_card":"summary_large_image","schema":{"@context":"https:\/\/schema.org","@graph":[{"@type":"WebPage","@id":"https:\/\/xenonkungen.com\/en\/product\/ledis-on-s2-led-conversion-h7\/","url":"https:\/\/xenonkungen.com\/en\/product\/ledis-on-s2-led-conversion-h7\/","name":"Ledis-on\u00ae S2 LED-konvertering H7 - Xenon-kongen","isPartOf":{"@id":"https:\/\/xenonkungen.com\/#website"},"primaryImageOfPage":{"@id":"https:\/\/xenonkungen.com\/en\/product\/ledis-on-s2-led-conversion-h7\/#primaryimage"},"image":{"@id":"https:\/\/xenonkungen.com\/en\/product\/ledis-on-s2-led-conversion-h7\/#primaryimage"},"thumbnailUrl":"https:\/\/xenonkungen.com\/wp-content\/uploads\/2025\/04\/85112493-origpic-cdd23a.png","datePublished":"2025-04-15T08:31:58+00:00","dateModified":"2026-04-10T22:41:11+00:00","breadcrumb":{"@id":"https:\/\/xenonkungen.com\/en\/product\/ledis-on-s2-led-conversion-h7\/#breadcrumb"},"inLanguage":"da-DK","potentialAction":[{"@type":"ReadAction","target":["https:\/\/xenonkungen.com\/en\/product\/ledis-on-s2-led-conversion-h7\/"]}]},{"@type":"ImageObject","inLanguage":"da-DK","@id":"https:\/\/xenonkungen.com\/en\/product\/ledis-on-s2-led-conversion-h7\/#primaryimage","url":"https:\/\/xenonkungen.com\/wp-content\/uploads\/2025\/04\/85112493-origpic-cdd23a.png","contentUrl":"https:\/\/xenonkungen.com\/wp-content\/uploads\/2025\/04\/85112493-origpic-cdd23a.png","width":1000,"height":1000},{"@type":"BreadcrumbList","@id":"https:\/\/xenonkungen.com\/en\/product\/ledis-on-s2-led-conversion-h7\/#breadcrumb","itemListElement":[{"@type":"ListItem","position":1,"name":"Hem","item":"https:\/\/xenonkungen.com\/"},{"@type":"ListItem","position":2,"name":"Shop","item":"https:\/\/xenonkungen.com\/shop\/"},{"@type":"ListItem","position":3,"name":"Ledis-on\u00ae S2 Led Konvertering H7"}]},{"@type":"WebSite","@id":"https:\/\/xenonkungen.com\/#website","url":"https:\/\/xenonkungen.com\/","name":"Xenonkungen","description":"","potentialAction":[{"@type":"SearchAction","target":{"@type":"EntryPoint","urlTemplate":"https:\/\/xenonkungen.com\/?s={search_term_string}"},"query-input":{"@type":"PropertyValueSpecification","valueRequired":true,"valueName":"search_term_string"}}],"inLanguage":"da-DK"}]}},"taxonomy_info":{"product_brand":[{"value":100,"label":"LEDIS-ON"}],"product_cat":[{"value":2451,"label":"Led-konvertering"},{"value":733,"label":"Halvljus \/ Helljus"}],"pa_faktisk-effekts-forbrukning":[{"value":734,"label":"31,2"}],"pa_fargtemperatur":[{"value":188,"label":"6000K"}],"pa_lampsockel-kontakt":[{"value":206,"label":"H7"}],"pa_stromforbrukning":[{"value":735,"label":"2,6A@12V"}],"pa_volt-v":[{"value":348,"label":"12, 24"}]},"featured_image_src_large":["https:\/\/xenonkungen.com\/wp-content\/uploads\/2025\/04\/85112493-origpic-cdd23a.png",1000,1000,false],"author_info":[],"comment_info":3,"_links":{"self":[{"href":"https:\/\/xenonkungen.com\/dk\/wp-json\/wp\/v2\/product\/1982","targetHints":{"allow":["GET"]}}],"collection":[{"href":"https:\/\/xenonkungen.com\/dk\/wp-json\/wp\/v2\/product"}],"about":[{"href":"https:\/\/xenonkungen.com\/dk\/wp-json\/wp\/v2\/types\/product"}],"replies":[{"embeddable":true,"href":"https:\/\/xenonkungen.com\/dk\/wp-json\/wp\/v2\/comments?post=1982"}],"wp:featuredmedia":[{"embeddable":true,"href":"https:\/\/xenonkungen.com\/dk\/wp-json\/wp\/v2\/media\/1983"}],"wp:attachment":[{"href":"https:\/\/xenonkungen.com\/dk\/wp-json\/wp\/v2\/media?parent=1982"}],"wp:term":[{"taxonomy":"anvandningsomrade","embeddable":true,"href":"https:\/\/xenonkungen.com\/dk\/wp-json\/wp\/v2\/anvandningsomrade?post=1982"},{"taxonomy":"bilmarken","embeddable":true,"href":"https:\/\/xenonkungen.com\/dk\/wp-json\/wp\/v2\/bilmarken?post=1982"},{"taxonomy":"product_brand","embeddable":true,"href":"https:\/\/xenonkungen.com\/dk\/wp-json\/wp\/v2\/product_brand?post=1982"},{"taxonomy":"product_cat","embeddable":true,"href":"https:\/\/xenonkungen.com\/dk\/wp-json\/wp\/v2\/product_cat?post=1982"},{"taxonomy":"product_tag","embeddable":true,"href":"https:\/\/xenonkungen.com\/dk\/wp-json\/wp\/v2\/product_tag?post=1982"}],"curies":[{"name":"wp","href":"https:\/\/api.w.org\/{rel}","templated":true}]}}