{"id":20984,"date":"2025-12-12T15:18:48","date_gmt":"2025-12-12T14:18:48","guid":{"rendered":"https:\/\/xenonkungen.com\/?post_type=product&#038;p=20984"},"modified":"2026-05-08T15:41:30","modified_gmt":"2026-05-08T14:41:30","slug":"osram-daektaetning-essentiel","status":"publish","type":"product","link":"https:\/\/xenonkungen.com\/dk\/vare\/osram-daektaetning-essentiel\/","title":{"rendered":"OSRAM D\u00e6kforsegling Essential"},"content":{"rendered":"<h3 data-start=\"97\" data-end=\"125\">OSRAM D\u00c6KSEGLING ESSENTIAL<\/h3>\n<p data-start=\"127\" data-end=\"384\"><strong data-start=\"127\" data-end=\"155\">OSRAM D\u00c6KSEGLING ESSENTIAL<\/strong> er et d\u00e6kforsegler, der fungerer som en direkte erstatning for bilens originale forsegler. Produktet er fremstillet efter originale specifikationer med den nyeste partikelgelteknologi til hurtig og effektiv reparation af punkteringer.<\/p>\n<p data-start=\"386\" data-end=\"702\">Fugemassen reparerer huller op til <strong data-start=\"429\" data-end=\"437\">6 mm<\/strong> og g\u00f8r det muligt at forts\u00e6tte k\u00f8rslen i op til <strong data-start=\"485\" data-end=\"495\">200 km<\/strong>, s\u00e5 du sikkert kan afslutte din rejse eller komme til det n\u00e6rmeste v\u00e6rksted for at f\u00e5 skiftet d\u00e6k. Ingen donkraft eller v\u00e6rkt\u00f8j kr\u00e6ves \u2013 reparationen er hurtig, nem og f\u00e5r dig tilbage p\u00e5 vejen inden for <strong data-start=\"687\" data-end=\"701\">10 minutter<\/strong>.<\/p>\n<p data-start=\"704\" data-end=\"1027\">Formlen er designet til at str\u00f8mme gennem ventilen, hvilket g\u00f8r den <strong data-start=\"771\" data-end=\"810\">sikker at bruge med TPMS-ventiler<\/strong>Ventilindsatsen beh\u00f8ver ikke at blive fjernet. Flasken har et universelt design, der g\u00f8r det muligt at opbevare den sammen med bilens originale t\u00e6tningss\u00e6t, og den er kompatibel med <strong data-start=\"977\" data-end=\"1026\">OSRAM d\u00e6kpumper og de fleste andre pumper<\/strong>.<\/p>\n<p data-start=\"1029\" data-end=\"1193\">N\u00e5r d\u00e6kket er fjernet, kan t\u00e6tningsmidlet nemt skylles ud for at muligg\u00f8re en permanent reparation. L\u00f8sningen er <strong data-start=\"1145\" data-end=\"1172\">giftfri og milj\u00f8venlig<\/strong> n\u00e5r den skylles v\u00e6k.<\/p>\n<p data-start=\"1195\" data-end=\"1542\">\u2022 Direkte erstatning for bilens originale fugemasse<br data-start=\"1246\" data-end=\"1249\" \/>\u2022 Reparerer punkteringer op til 6 mm<br data-start=\"1283\" data-end=\"1286\" \/>\u2022 K\u00f8rbar i op til 200 km efter reparation<br data-start=\"1324\" data-end=\"1327\" \/>\u2022 Hurtig og nem reparation uden v\u00e6rkt\u00f8j<br data-start=\"1368\" data-end=\"1371\" \/>\u2022 Sikker til TPMS-ventiler<br data-start=\"1396\" data-end=\"1399\" \/>\u2022 Universalflaske \u2013 kompatibel med de fleste d\u00e6kpumper<br data-start=\"1456\" data-end=\"1459\" \/>\u2022 Let at vaske ud for permanent reparation<br data-start=\"1504\" data-end=\"1507\" \/>\u2022 Giftfri og milj\u00f8venlig l\u00f8sning<\/p>","protected":false},"excerpt":{"rendered":"<p>OSRAM TYREseal ESSENTIAL OSRAM TYREseal ESSENTIAL \u00e4r ett d\u00e4ckt\u00e4tningsmedel som fungerar som en direkt ers\u00e4ttare till bilens originalt\u00e4tningsmedel. Produkten \u00e4r tillverkad enligt OE-specifikation med den senaste partikelgel-tekniken f\u00f6r snabb och effektiv lagning vid punktering. T\u00e4tningsmedlet lagar punkteringar upp till 6 mm och g\u00f6r det m\u00f6jligt att k\u00f6ra vidare i upp till 200 km, s\u00e5 att [&hellip;]<\/p>","protected":false},"featured_media":20986,"comment_status":"open","ping_status":"closed","template":"","meta":{"_acf_changed":false,"_smort_price_nok":"246","_smort_price_dkk":"","_smort_price_eur":"","_smort_sale_price_nok":"","_smort_sale_price_dkk":"","_smort_sale_price_eur":"","smort_restorder":"","shipmondo_restorder":"","_kad_blocks_custom_css":"","_kad_blocks_head_custom_js":"","_kad_blocks_body_custom_js":"","_kad_blocks_footer_custom_js":"","smort_custom_pricelist_1":"147.2","smort_custom_pricelist_2":"128.8","smort_custom_pricelist_3":"119.6","smort_custom_pricelist_4":"184","smort_custom_pricelist_5":"128.8"},"anvandningsomrade":[],"bilmarken":[],"product_brand":[108],"product_cat":[2653,377],"product_tag":[],"class_list":{"0":"post-20984","1":"product","2":"type-product","3":"status-publish","4":"has-post-thumbnail","6":"product_brand-osram","7":"product_cat-dackpump","8":"product_cat-biltillbehor","10":"first","11":"instock","12":"taxable","13":"shipping-taxable","14":"purchasable","15":"product-type-simple"},"bundled_by":[],"bundle_stock_status":"instock","bundle_stock_quantity":5,"bundle_virtual":false,"bundle_layout":"","bundle_add_to_cart_form_location":"","bundle_editable_in_cart":false,"bundle_sold_individually_context":"","bundle_item_grouping":"","bundle_min_size":"","bundle_max_size":"","bundle_price":[],"bundled_items":[],"bundle_sell_ids":[],"acf":[],"yoast_head":"<!-- This site is optimized with the Yoast SEO plugin v27.0 - https:\/\/yoast.com\/product\/yoast-seo-wordpress\/ -->\n<title>OSRAM Tyreseal Essential - Xenonkungen<\/title>\n<meta name=\"robots\" content=\"index, follow, max-snippet:-1, max-image-preview:large, max-video-preview:-1\" \/>\n<link rel=\"canonical\" href=\"https:\/\/xenonkungen.com\/dk\/vare\/osram-daektaetning-essentiel\/\" \/>\n<meta property=\"og:locale\" content=\"da_DK\" \/>\n<meta property=\"og:type\" content=\"article\" \/>\n<meta property=\"og:title\" content=\"OSRAM Tyreseal Essential - Xenonkungen\" \/>\n<meta property=\"og:description\" content=\"OSRAM TYREseal ESSENTIAL OSRAM TYREseal ESSENTIAL \u00e4r ett d\u00e4ckt\u00e4tningsmedel som fungerar som en direkt ers\u00e4ttare till bilens originalt\u00e4tningsmedel. Produkten \u00e4r tillverkad enligt OE-specifikation med den senaste partikelgel-tekniken f\u00f6r snabb och effektiv lagning vid punktering. T\u00e4tningsmedlet lagar punkteringar upp till 6 mm och g\u00f6r det m\u00f6jligt att k\u00f6ra vidare i upp till 200 km, s\u00e5 att [&hellip;]\" \/>\n<meta property=\"og:url\" content=\"https:\/\/xenonkungen.com\/dk\/vare\/osram-daektaetning-essentiel\/\" \/>\n<meta property=\"og:site_name\" content=\"Xenonkungen\" \/>\n<meta property=\"article:modified_time\" content=\"2026-05-08T14:41:30+00:00\" \/>\n<meta property=\"og:image\" content=\"https:\/\/xenonkungen.com\/wp-content\/uploads\/2025\/12\/Small-for-web-and-ppt-OTSK6ESN_STUDIO_003.jpg\" \/>\n\t<meta property=\"og:image:width\" content=\"1024\" \/>\n\t<meta property=\"og:image:height\" content=\"968\" \/>\n\t<meta property=\"og:image:type\" content=\"image\/jpeg\" \/>\n<meta name=\"twitter:card\" content=\"summary_large_image\" \/>\n<meta name=\"twitter:label1\" content=\"Estimeret l\u00e6setid\" \/>\n\t<meta name=\"twitter:data1\" content=\"2 minutter\" \/>\n<script type=\"application\/ld+json\" class=\"yoast-schema-graph\">{\"@context\":\"https:\/\/schema.org\",\"@graph\":[{\"@type\":\"WebPage\",\"@id\":\"https:\/\/xenonkungen.com\/produkt\/osram-tyreseal-essential\/\",\"url\":\"https:\/\/xenonkungen.com\/produkt\/osram-tyreseal-essential\/\",\"name\":\"OSRAM Tyreseal Essential - Xenonkungen\",\"isPartOf\":{\"@id\":\"https:\/\/xenonkungen.com\/#website\"},\"primaryImageOfPage\":{\"@id\":\"https:\/\/xenonkungen.com\/produkt\/osram-tyreseal-essential\/#primaryimage\"},\"image\":{\"@id\":\"https:\/\/xenonkungen.com\/produkt\/osram-tyreseal-essential\/#primaryimage\"},\"thumbnailUrl\":\"https:\/\/xenonkungen.com\/wp-content\/uploads\/2025\/12\/Small-for-web-and-ppt-OTSK6ESN_STUDIO_003.jpg\",\"datePublished\":\"2025-12-12T14:18:48+00:00\",\"dateModified\":\"2026-05-08T14:41:30+00:00\",\"breadcrumb\":{\"@id\":\"https:\/\/xenonkungen.com\/produkt\/osram-tyreseal-essential\/#breadcrumb\"},\"inLanguage\":\"da-DK\",\"potentialAction\":[{\"@type\":\"ReadAction\",\"target\":[\"https:\/\/xenonkungen.com\/produkt\/osram-tyreseal-essential\/\"]}]},{\"@type\":\"ImageObject\",\"inLanguage\":\"da-DK\",\"@id\":\"https:\/\/xenonkungen.com\/produkt\/osram-tyreseal-essential\/#primaryimage\",\"url\":\"https:\/\/xenonkungen.com\/wp-content\/uploads\/2025\/12\/Small-for-web-and-ppt-OTSK6ESN_STUDIO_003.jpg\",\"contentUrl\":\"https:\/\/xenonkungen.com\/wp-content\/uploads\/2025\/12\/Small-for-web-and-ppt-OTSK6ESN_STUDIO_003.jpg\",\"width\":1024,\"height\":968},{\"@type\":\"BreadcrumbList\",\"@id\":\"https:\/\/xenonkungen.com\/produkt\/osram-tyreseal-essential\/#breadcrumb\",\"itemListElement\":[{\"@type\":\"ListItem\",\"position\":1,\"name\":\"Hem\",\"item\":\"https:\/\/xenonkungen.com\/\"},{\"@type\":\"ListItem\",\"position\":2,\"name\":\"Shop\",\"item\":\"https:\/\/xenonkungen.com\/shop\/\"},{\"@type\":\"ListItem\",\"position\":3,\"name\":\"OSRAM Tyreseal Essential\"}]},{\"@type\":\"WebSite\",\"@id\":\"https:\/\/xenonkungen.com\/#website\",\"url\":\"https:\/\/xenonkungen.com\/\",\"name\":\"Xenonkungen\",\"description\":\"\",\"potentialAction\":[{\"@type\":\"SearchAction\",\"target\":{\"@type\":\"EntryPoint\",\"urlTemplate\":\"https:\/\/xenonkungen.com\/?s={search_term_string}\"},\"query-input\":{\"@type\":\"PropertyValueSpecification\",\"valueRequired\":true,\"valueName\":\"search_term_string\"}}],\"inLanguage\":\"da-DK\"}]}<\/script>\n<!-- \/ Yoast SEO plugin. -->","yoast_head_json":{"title":"OSRAM D\u00e6kforsegling Essential - Xenon-kongen","robots":{"index":"index","follow":"follow","max-snippet":"max-snippet:-1","max-image-preview":"max-image-preview:large","max-video-preview":"max-video-preview:-1"},"canonical":"https:\/\/xenonkungen.com\/dk\/vare\/osram-daektaetning-essentiel\/","og_locale":"da_DK","og_type":"article","og_title":"OSRAM Tyreseal Essential - Xenonkungen","og_description":"OSRAM TYREseal ESSENTIAL OSRAM TYREseal ESSENTIAL \u00e4r ett d\u00e4ckt\u00e4tningsmedel som fungerar som en direkt ers\u00e4ttare till bilens originalt\u00e4tningsmedel. Produkten \u00e4r tillverkad enligt OE-specifikation med den senaste partikelgel-tekniken f\u00f6r snabb och effektiv lagning vid punktering. T\u00e4tningsmedlet lagar punkteringar upp till 6 mm och g\u00f6r det m\u00f6jligt att k\u00f6ra vidare i upp till 200 km, s\u00e5 att [&hellip;]","og_url":"https:\/\/xenonkungen.com\/dk\/vare\/osram-daektaetning-essentiel\/","og_site_name":"Xenonkungen","article_modified_time":"2026-05-08T14:41:30+00:00","og_image":[{"width":1024,"height":968,"url":"https:\/\/xenonkungen.com\/wp-content\/uploads\/2025\/12\/Small-for-web-and-ppt-OTSK6ESN_STUDIO_003.jpg","type":"image\/jpeg"}],"twitter_card":"summary_large_image","twitter_misc":{"Estimeret l\u00e6setid":"2 minutter"},"schema":{"@context":"https:\/\/schema.org","@graph":[{"@type":"WebPage","@id":"https:\/\/xenonkungen.com\/produkt\/osram-tyreseal-essential\/","url":"https:\/\/xenonkungen.com\/produkt\/osram-tyreseal-essential\/","name":"OSRAM D\u00e6kforsegling Essential - Xenon-kongen","isPartOf":{"@id":"https:\/\/xenonkungen.com\/#website"},"primaryImageOfPage":{"@id":"https:\/\/xenonkungen.com\/produkt\/osram-tyreseal-essential\/#primaryimage"},"image":{"@id":"https:\/\/xenonkungen.com\/produkt\/osram-tyreseal-essential\/#primaryimage"},"thumbnailUrl":"https:\/\/xenonkungen.com\/wp-content\/uploads\/2025\/12\/Small-for-web-and-ppt-OTSK6ESN_STUDIO_003.jpg","datePublished":"2025-12-12T14:18:48+00:00","dateModified":"2026-05-08T14:41:30+00:00","breadcrumb":{"@id":"https:\/\/xenonkungen.com\/produkt\/osram-tyreseal-essential\/#breadcrumb"},"inLanguage":"da-DK","potentialAction":[{"@type":"ReadAction","target":["https:\/\/xenonkungen.com\/produkt\/osram-tyreseal-essential\/"]}]},{"@type":"ImageObject","inLanguage":"da-DK","@id":"https:\/\/xenonkungen.com\/produkt\/osram-tyreseal-essential\/#primaryimage","url":"https:\/\/xenonkungen.com\/wp-content\/uploads\/2025\/12\/Small-for-web-and-ppt-OTSK6ESN_STUDIO_003.jpg","contentUrl":"https:\/\/xenonkungen.com\/wp-content\/uploads\/2025\/12\/Small-for-web-and-ppt-OTSK6ESN_STUDIO_003.jpg","width":1024,"height":968},{"@type":"BreadcrumbList","@id":"https:\/\/xenonkungen.com\/produkt\/osram-tyreseal-essential\/#breadcrumb","itemListElement":[{"@type":"ListItem","position":1,"name":"Hem","item":"https:\/\/xenonkungen.com\/"},{"@type":"ListItem","position":2,"name":"Shop","item":"https:\/\/xenonkungen.com\/shop\/"},{"@type":"ListItem","position":3,"name":"OSRAM Tyreseal Essential"}]},{"@type":"WebSite","@id":"https:\/\/xenonkungen.com\/#website","url":"https:\/\/xenonkungen.com\/","name":"Xenonkungen","description":"","potentialAction":[{"@type":"SearchAction","target":{"@type":"EntryPoint","urlTemplate":"https:\/\/xenonkungen.com\/?s={search_term_string}"},"query-input":{"@type":"PropertyValueSpecification","valueRequired":true,"valueName":"search_term_string"}}],"inLanguage":"da-DK"}]}},"taxonomy_info":{"product_brand":[{"value":108,"label":"OSRAM"}],"product_cat":[{"value":2653,"label":"D\u00e4ckpump"},{"value":377,"label":"Biltillbeh\u00f6r"}]},"featured_image_src_large":["https:\/\/xenonkungen.com\/wp-content\/uploads\/2025\/12\/Small-for-web-and-ppt-OTSK6ESN_STUDIO_003.jpg",1024,968,false],"author_info":[],"comment_info":0,"_links":{"self":[{"href":"https:\/\/xenonkungen.com\/dk\/wp-json\/wp\/v2\/product\/20984","targetHints":{"allow":["GET"]}}],"collection":[{"href":"https:\/\/xenonkungen.com\/dk\/wp-json\/wp\/v2\/product"}],"about":[{"href":"https:\/\/xenonkungen.com\/dk\/wp-json\/wp\/v2\/types\/product"}],"replies":[{"embeddable":true,"href":"https:\/\/xenonkungen.com\/dk\/wp-json\/wp\/v2\/comments?post=20984"}],"wp:featuredmedia":[{"embeddable":true,"href":"https:\/\/xenonkungen.com\/dk\/wp-json\/wp\/v2\/media\/20986"}],"wp:attachment":[{"href":"https:\/\/xenonkungen.com\/dk\/wp-json\/wp\/v2\/media?parent=20984"}],"wp:term":[{"taxonomy":"anvandningsomrade","embeddable":true,"href":"https:\/\/xenonkungen.com\/dk\/wp-json\/wp\/v2\/anvandningsomrade?post=20984"},{"taxonomy":"bilmarken","embeddable":true,"href":"https:\/\/xenonkungen.com\/dk\/wp-json\/wp\/v2\/bilmarken?post=20984"},{"taxonomy":"product_brand","embeddable":true,"href":"https:\/\/xenonkungen.com\/dk\/wp-json\/wp\/v2\/product_brand?post=20984"},{"taxonomy":"product_cat","embeddable":true,"href":"https:\/\/xenonkungen.com\/dk\/wp-json\/wp\/v2\/product_cat?post=20984"},{"taxonomy":"product_tag","embeddable":true,"href":"https:\/\/xenonkungen.com\/dk\/wp-json\/wp\/v2\/product_tag?post=20984"}],"curies":[{"name":"wp","href":"https:\/\/api.w.org\/{rel}","templated":true}]}}