{"id":2164,"date":"2025-04-15T08:33:45","date_gmt":"2025-04-15T08:33:45","guid":{"rendered":"https:\/\/xenonkungen.com\/product\/d1s-5000k-xenonlampor-xenonkungen\/"},"modified":"2026-05-12T23:43:18","modified_gmt":"2026-05-12T22:43:18","slug":"d1s-5000k-xenon-lamper-xenon-kongen","status":"publish","type":"product","link":"https:\/\/xenonkungen.com\/dk\/vare\/d1s-5000k-xenon-lamper-xenon-kongen\/","title":{"rendered":"D1S 5000K Xenon-lamper XENONKUNGEN\u00ae."},"content":{"rendered":"<h2>D1S 5000K Xenon-p\u00e6rer<\/h2>\n<p><strong>Beskrivelse<\/strong><br \/>XENON KING D1S. Dette er vores helt egen serie af xenonlamper til dig, der har brug for en ny standard xenonlampe. Vores D1S 5000K giver 50% mere lys end standard xenon og erstatter dine eksisterende D1S xenonlamper i din bil.<br \/>Med en farvetemperatur p\u00e5 5000k, hvilket bidrager til en hvidere gl\u00f8d og h\u00f8jere kontraster. <br \/>XENONKUNGEN D1S 5000K er E-m\u00e6rket og fremstillet med UV-kvartsglasr\u00f8r fra Philips, hvilket g\u00f8r den til en lampe af meget h\u00f8j kvalitet fra vores bedste producent med to \u00e5rs garanti. <\/p>\n<p>Vores D1S 5000K xenon-lampe har en lysstyrke p\u00e5 3200 lm, hvilket garanteret vil v\u00e6re en forbedring for dig som chauff\u00f8r og mere sikkert for menneskerne omkring dig.<\/p>\n<p>XENONKUNGEN D1S 5000K har 2 \u00e5rs funktionsgaranti med en forventet br\u00e6ndetid p\u00e5 cirka 2500 timer.<\/p>\n<p>D1S findes i de mest almindelige biler som Volvo, Audi, Saab, Volkswagen, BMW osv.<\/p>\n<p><strong>Godt at vide<\/strong><br \/>En xenonlampes farvetemperatur og lysstyrke \u00e6ndrer sig i l\u00f8bet af dens levetid. Vi anbefaler, at du udskifter xenonlamper efter cirka 5 \u00e5r.<br \/>Det mest \u00e5benlyse f\u00e6nomen, n\u00e5r en xenonlampe er ved at g\u00e5 i stykker, er dens farve\u00e6ndring. Hvis dine lamper er lyser\u00f8de i tonen, er styrken n\u00e6sten halveret og skal udskiftes med en ny.<\/p>\n<p>Anbefales ikke til SAAB, v\u00e6lg i stedet Osram D1s lamper, se link nedenfor.<\/p>\n<p>Bilens instruktionsbog kan angive den forkerte p\u00e6retype. Den sikreste m\u00e5de er at identificere p\u00e6ren direkte i bilen, afl\u00e6se bel\u00e6gningen p\u00e5 p\u00e6ren (D1S). Osram- og Philips-originaler ligger normalt omkring 4300K. <\/p>\n<p>D1S 5000K giver et hvidt lys, der minder om LED og harmonerer med LED-positionslys med 6000K. Denne xenonlampe f\u00e5s ogs\u00e5 i flere farvetemperaturer. <br \/>Denne farvetemperatur fungerer bedst om for\u00e5ret\/sommeren.<br \/>BEM\u00c6RK: Husk, at du mister lysstyrke ved h\u00f8jere Kelvin-v\u00e6rdier. <\/p>\n<p>Indhold i leveringen<br \/>1 par D1S xenonp\u00e6rer<\/p>\n<p>Garanti<br \/>2 \u00e5rs funktionsgaranti <\/p>\n<p>Links<br \/>&lt;ahref=https:\/\/www.xenonkungen.com\/se\/produkter\/xenon\/xenonlampor\/d1s-xenonlampa\/d1s-xenonkungen-4300k.html<\/p>\n<p>https:\/\/www.xenonkungen.com\/se\/produkter\/xenon\/xenonlampor\/d1s-xenonlampa\/d1s-xenonkungen-6000k.html<\/p>\n<p>https:\/\/www.xenonkungen.com\/se\/produkter\/xenon\/xenonlampor\/d1s-xenonlampa\/d1s-osram-xenonlampa.html<\/p>\n<p>https:\/\/www.xenonkungen.com\/se\/produkter\/xenon\/xenonlampor\/d1s-xenonlampa\/d1r-xenonkungen-4300k-1.html<\/p>","protected":false},"excerpt":{"rendered":"<p>E-godkendte xenonlamper med en hvidere lysfarve svarende til LED-forlygter.<\/p>","protected":false},"featured_media":2165,"comment_status":"closed","ping_status":"open","template":"","meta":{"_acf_changed":false,"_smort_price_nok":"742","_smort_price_dkk":"472","_smort_price_eur":"63.18","_smort_sale_price_nok":"","_smort_sale_price_dkk":"","_smort_sale_price_eur":"47.38","smort_restorder":"","shipmondo_restorder":"","_kad_blocks_custom_css":"","_kad_blocks_head_custom_js":"","_kad_blocks_body_custom_js":"","_kad_blocks_footer_custom_js":"","smort_custom_pricelist_1":"389.2","smort_custom_pricelist_2":"389.2","smort_custom_pricelist_3":"369.74","smort_custom_pricelist_4":"556","smort_custom_pricelist_5":"389.2"},"anvandningsomrade":[],"bilmarken":[],"product_brand":[],"product_cat":[2483,733],"product_tag":[],"class_list":{"0":"post-2164","1":"product","2":"type-product","3":"status-publish","4":"has-post-thumbnail","6":"product_cat-xenon","7":"product_cat-halvljus-helljus","8":"pa_fargtemperatur-5000k","9":"pa_godkannande-e-markt-e1-rohs-ce","10":"pa_lampsockel-kontakt-d1s","11":"pa_volt-v-12-24","13":"first","14":"instock","15":"taxable","16":"shipping-taxable","17":"purchasable","18":"product-type-simple"},"bundled_by":[],"bundle_stock_status":"instock","bundle_stock_quantity":224,"bundle_virtual":false,"bundle_layout":"","bundle_add_to_cart_form_location":"","bundle_editable_in_cart":false,"bundle_sold_individually_context":"","bundle_item_grouping":"","bundle_min_size":"","bundle_max_size":"","bundle_price":[],"bundled_items":[],"bundle_sell_ids":[],"acf":[],"yoast_head":"<!-- This site is optimized with the Yoast SEO plugin v27.0 - https:\/\/yoast.com\/product\/yoast-seo-wordpress\/ -->\n<title>D1S 5000K Xenonlampor XENONKUNGEN\u00ae - Xenonkungen<\/title>\n<meta name=\"robots\" content=\"index, follow, max-snippet:-1, max-image-preview:large, max-video-preview:-1\" \/>\n<link rel=\"canonical\" href=\"https:\/\/xenonkungen.com\/dk\/vare\/d1s-5000k-xenon-lamper-xenon-kongen\/\" \/>\n<meta property=\"og:locale\" content=\"da_DK\" \/>\n<meta property=\"og:type\" content=\"article\" \/>\n<meta property=\"og:title\" content=\"D1S 5000K Xenonlampor XENONKUNGEN\u00ae - Xenonkungen\" \/>\n<meta property=\"og:description\" content=\"E-godk\u00e4nda xenonlampor med en vitare ljusf\u00e4rg snarlik LED str\u00e5lkastare.\" \/>\n<meta property=\"og:url\" content=\"https:\/\/xenonkungen.com\/dk\/vare\/d1s-5000k-xenon-lamper-xenon-kongen\/\" \/>\n<meta property=\"og:site_name\" content=\"Xenonkungen\" \/>\n<meta property=\"article:modified_time\" content=\"2026-05-12T22:43:18+00:00\" \/>\n<meta property=\"og:image\" content=\"https:\/\/xenonkungen.com\/wp-content\/uploads\/2025\/04\/167048751-origpic-1d582a.png\" \/>\n\t<meta property=\"og:image:width\" content=\"1000\" \/>\n\t<meta property=\"og:image:height\" content=\"1000\" \/>\n\t<meta property=\"og:image:type\" content=\"image\/png\" \/>\n<meta name=\"twitter:card\" content=\"summary_large_image\" \/>\n<meta name=\"twitter:label1\" content=\"Estimeret l\u00e6setid\" \/>\n\t<meta name=\"twitter:data1\" content=\"2 minutter\" \/>\n<script type=\"application\/ld+json\" class=\"yoast-schema-graph\">{\"@context\":\"https:\/\/schema.org\",\"@graph\":[{\"@type\":\"WebPage\",\"@id\":\"https:\/\/xenonkungen.com\/nl\/product\/d1s-5000k-xenonlampor-xenonkungen\/\",\"url\":\"https:\/\/xenonkungen.com\/nl\/product\/d1s-5000k-xenonlampor-xenonkungen\/\",\"name\":\"D1S 5000K Xenonlampor XENONKUNGEN\u00ae - Xenonkungen\",\"isPartOf\":{\"@id\":\"https:\/\/xenonkungen.com\/#website\"},\"primaryImageOfPage\":{\"@id\":\"https:\/\/xenonkungen.com\/nl\/product\/d1s-5000k-xenonlampor-xenonkungen\/#primaryimage\"},\"image\":{\"@id\":\"https:\/\/xenonkungen.com\/nl\/product\/d1s-5000k-xenonlampor-xenonkungen\/#primaryimage\"},\"thumbnailUrl\":\"https:\/\/xenonkungen.com\/wp-content\/uploads\/2025\/04\/167048751-origpic-1d582a.png\",\"datePublished\":\"2025-04-15T08:33:45+00:00\",\"dateModified\":\"2026-05-12T22:43:18+00:00\",\"breadcrumb\":{\"@id\":\"https:\/\/xenonkungen.com\/nl\/product\/d1s-5000k-xenonlampor-xenonkungen\/#breadcrumb\"},\"inLanguage\":\"da-DK\",\"potentialAction\":[{\"@type\":\"ReadAction\",\"target\":[\"https:\/\/xenonkungen.com\/nl\/product\/d1s-5000k-xenonlampor-xenonkungen\/\"]}]},{\"@type\":\"ImageObject\",\"inLanguage\":\"da-DK\",\"@id\":\"https:\/\/xenonkungen.com\/nl\/product\/d1s-5000k-xenonlampor-xenonkungen\/#primaryimage\",\"url\":\"https:\/\/xenonkungen.com\/wp-content\/uploads\/2025\/04\/167048751-origpic-1d582a.png\",\"contentUrl\":\"https:\/\/xenonkungen.com\/wp-content\/uploads\/2025\/04\/167048751-origpic-1d582a.png\",\"width\":1000,\"height\":1000},{\"@type\":\"BreadcrumbList\",\"@id\":\"https:\/\/xenonkungen.com\/nl\/product\/d1s-5000k-xenonlampor-xenonkungen\/#breadcrumb\",\"itemListElement\":[{\"@type\":\"ListItem\",\"position\":1,\"name\":\"Hem\",\"item\":\"https:\/\/xenonkungen.com\/\"},{\"@type\":\"ListItem\",\"position\":2,\"name\":\"Shop\",\"item\":\"https:\/\/xenonkungen.com\/shop\/\"},{\"@type\":\"ListItem\",\"position\":3,\"name\":\"D1S 5000K Xenonlampor XENONKUNGEN\u00ae\"}]},{\"@type\":\"WebSite\",\"@id\":\"https:\/\/xenonkungen.com\/#website\",\"url\":\"https:\/\/xenonkungen.com\/\",\"name\":\"Xenonkungen\",\"description\":\"\",\"potentialAction\":[{\"@type\":\"SearchAction\",\"target\":{\"@type\":\"EntryPoint\",\"urlTemplate\":\"https:\/\/xenonkungen.com\/?s={search_term_string}\"},\"query-input\":{\"@type\":\"PropertyValueSpecification\",\"valueRequired\":true,\"valueName\":\"search_term_string\"}}],\"inLanguage\":\"da-DK\"}]}<\/script>\n<!-- \/ Yoast SEO plugin. -->","yoast_head_json":{"title":"D1S 5000K Xenon-lamper XENONKUNGEN\u00ae - Xenon-kongen","robots":{"index":"index","follow":"follow","max-snippet":"max-snippet:-1","max-image-preview":"max-image-preview:large","max-video-preview":"max-video-preview:-1"},"canonical":"https:\/\/xenonkungen.com\/dk\/vare\/d1s-5000k-xenon-lamper-xenon-kongen\/","og_locale":"da_DK","og_type":"article","og_title":"D1S 5000K Xenonlampor XENONKUNGEN\u00ae - Xenonkungen","og_description":"E-godk\u00e4nda xenonlampor med en vitare ljusf\u00e4rg snarlik LED str\u00e5lkastare.","og_url":"https:\/\/xenonkungen.com\/dk\/vare\/d1s-5000k-xenon-lamper-xenon-kongen\/","og_site_name":"Xenonkungen","article_modified_time":"2026-05-12T22:43:18+00:00","og_image":[{"width":1000,"height":1000,"url":"https:\/\/xenonkungen.com\/wp-content\/uploads\/2025\/04\/167048751-origpic-1d582a.png","type":"image\/png"}],"twitter_card":"summary_large_image","twitter_misc":{"Estimeret l\u00e6setid":"2 minutter"},"schema":{"@context":"https:\/\/schema.org","@graph":[{"@type":"WebPage","@id":"https:\/\/xenonkungen.com\/nl\/product\/d1s-5000k-xenonlampor-xenonkungen\/","url":"https:\/\/xenonkungen.com\/nl\/product\/d1s-5000k-xenonlampor-xenonkungen\/","name":"D1S 5000K Xenon-lamper XENONKUNGEN\u00ae - Xenon-kongen","isPartOf":{"@id":"https:\/\/xenonkungen.com\/#website"},"primaryImageOfPage":{"@id":"https:\/\/xenonkungen.com\/nl\/product\/d1s-5000k-xenonlampor-xenonkungen\/#primaryimage"},"image":{"@id":"https:\/\/xenonkungen.com\/nl\/product\/d1s-5000k-xenonlampor-xenonkungen\/#primaryimage"},"thumbnailUrl":"https:\/\/xenonkungen.com\/wp-content\/uploads\/2025\/04\/167048751-origpic-1d582a.png","datePublished":"2025-04-15T08:33:45+00:00","dateModified":"2026-05-12T22:43:18+00:00","breadcrumb":{"@id":"https:\/\/xenonkungen.com\/nl\/product\/d1s-5000k-xenonlampor-xenonkungen\/#breadcrumb"},"inLanguage":"da-DK","potentialAction":[{"@type":"ReadAction","target":["https:\/\/xenonkungen.com\/nl\/product\/d1s-5000k-xenonlampor-xenonkungen\/"]}]},{"@type":"ImageObject","inLanguage":"da-DK","@id":"https:\/\/xenonkungen.com\/nl\/product\/d1s-5000k-xenonlampor-xenonkungen\/#primaryimage","url":"https:\/\/xenonkungen.com\/wp-content\/uploads\/2025\/04\/167048751-origpic-1d582a.png","contentUrl":"https:\/\/xenonkungen.com\/wp-content\/uploads\/2025\/04\/167048751-origpic-1d582a.png","width":1000,"height":1000},{"@type":"BreadcrumbList","@id":"https:\/\/xenonkungen.com\/nl\/product\/d1s-5000k-xenonlampor-xenonkungen\/#breadcrumb","itemListElement":[{"@type":"ListItem","position":1,"name":"Hem","item":"https:\/\/xenonkungen.com\/"},{"@type":"ListItem","position":2,"name":"Shop","item":"https:\/\/xenonkungen.com\/shop\/"},{"@type":"ListItem","position":3,"name":"D1S 5000K Xenonlampor XENONKUNGEN\u00ae"}]},{"@type":"WebSite","@id":"https:\/\/xenonkungen.com\/#website","url":"https:\/\/xenonkungen.com\/","name":"Xenonkungen","description":"","potentialAction":[{"@type":"SearchAction","target":{"@type":"EntryPoint","urlTemplate":"https:\/\/xenonkungen.com\/?s={search_term_string}"},"query-input":{"@type":"PropertyValueSpecification","valueRequired":true,"valueName":"search_term_string"}}],"inLanguage":"da-DK"}]}},"taxonomy_info":{"product_cat":[{"value":2483,"label":"Xenon"},{"value":733,"label":"Halvljus \/ Helljus"}],"pa_fargtemperatur":[{"value":154,"label":"5000K"}],"pa_godkannande":[{"value":757,"label":"E-m\u00e4rkt (E1) , RoHS , CE"}],"pa_lampsockel-kontakt":[{"value":756,"label":"D1S"}],"pa_volt-v":[{"value":348,"label":"12, 24"}]},"featured_image_src_large":["https:\/\/xenonkungen.com\/wp-content\/uploads\/2025\/04\/167048751-origpic-1d582a.png",1000,1000,false],"author_info":[],"comment_info":4,"_links":{"self":[{"href":"https:\/\/xenonkungen.com\/dk\/wp-json\/wp\/v2\/product\/2164","targetHints":{"allow":["GET"]}}],"collection":[{"href":"https:\/\/xenonkungen.com\/dk\/wp-json\/wp\/v2\/product"}],"about":[{"href":"https:\/\/xenonkungen.com\/dk\/wp-json\/wp\/v2\/types\/product"}],"replies":[{"embeddable":true,"href":"https:\/\/xenonkungen.com\/dk\/wp-json\/wp\/v2\/comments?post=2164"}],"wp:featuredmedia":[{"embeddable":true,"href":"https:\/\/xenonkungen.com\/dk\/wp-json\/wp\/v2\/media\/2165"}],"wp:attachment":[{"href":"https:\/\/xenonkungen.com\/dk\/wp-json\/wp\/v2\/media?parent=2164"}],"wp:term":[{"taxonomy":"anvandningsomrade","embeddable":true,"href":"https:\/\/xenonkungen.com\/dk\/wp-json\/wp\/v2\/anvandningsomrade?post=2164"},{"taxonomy":"bilmarken","embeddable":true,"href":"https:\/\/xenonkungen.com\/dk\/wp-json\/wp\/v2\/bilmarken?post=2164"},{"taxonomy":"product_brand","embeddable":true,"href":"https:\/\/xenonkungen.com\/dk\/wp-json\/wp\/v2\/product_brand?post=2164"},{"taxonomy":"product_cat","embeddable":true,"href":"https:\/\/xenonkungen.com\/dk\/wp-json\/wp\/v2\/product_cat?post=2164"},{"taxonomy":"product_tag","embeddable":true,"href":"https:\/\/xenonkungen.com\/dk\/wp-json\/wp\/v2\/product_tag?post=2164"}],"curies":[{"name":"wp","href":"https:\/\/api.w.org\/{rel}","templated":true}]}}