{"id":2189,"date":"2025-04-15T08:34:04","date_gmt":"2025-04-15T08:34:04","guid":{"rendered":"https:\/\/xenonkungen.com\/product\/d2s-4300k-xenonlampor-xenonkungen\/"},"modified":"2026-04-10T17:36:50","modified_gmt":"2026-04-10T16:36:50","slug":"d2s-4300k-xenon-lamper-xenon-kongen","status":"publish","type":"product","link":"https:\/\/xenonkungen.com\/dk\/vare\/d2s-4300k-xenon-lamper-xenon-kongen\/","title":{"rendered":"D2S 4300K Xenon-lamper Xenon-hoveder\u00ae."},"content":{"rendered":"<p>Xenon King D2S 4300K standard xenonp\u00e6re til udskiftning. P\u00e6ren er E-m\u00e6rket, og vores version leveres med glasr\u00f8r fra Philips.<\/p>\n<p>XENONKUNGEN D2S 4300K xenonp\u00e6ren er af meget h\u00f8j kvalitet og kommer fra Kinas bedste producent.<\/p>\n<p>Standardfarvetemperaturen p\u00e5 4300K er cremet hvid og lys. Det bedste valg til efter\u00e5r og vinter!<\/p>\n<p>Selvom vores priser er lave, b\u00f8r de ikke forveksles med &quot;billigste online&quot; lamper. <\/p>\n<p><em>En xenonlampe \u00e6ndrer sig i l\u00f8bet af sin levetid i b\u00e5de farve og styrke. Hvis dine nuv\u00e6rende lamper har f\u00e5et en lyser\u00f8d tone, er styrken n\u00e6sten halveret. Vi anbefaler at udskifte efter 5 \u00e5r\/8000 km.<\/em><\/p>\n<p><strong>D2S<\/strong> = til forlygter med projektorlinse, f.eks. nogle BMW, Audi og nyere Mercedes osv. eller i Hella\/Bosch ekstralygter og arbejdslygter.<\/p>\n<p><strong>Bem\u00e6rk!<\/strong> <em>Bilens instruktionsbog kan angive den forkerte lampetype. Den sikreste m\u00e5de er at identificere lampen direkte i bilen. Sammenlign ogs\u00e5 med Osrams lampeguide.<\/em><\/p>\n<p>2 \u00e5rs garanti.<\/p>","protected":false},"excerpt":{"rendered":"<p>Xenonkungen D2S 4300K standard xenonlampa f\u00f6r utbyte. Lampan \u00e4r E-m\u00e4rkt och v\u00e5r version levereras med glasr\u00f6r fr\u00e5n Philips. Det \u00e4r mycket h\u00f6g kvalitet p\u00e5 xenonlampan XENONKUNGEN D2S 4300K som kommer fr\u00e5n Kinas b\u00e4sta tillverkare. F\u00e4rgtemperatur 4300K \u00e4r standard kr\u00e4mvit och ljusstark. B\u00e4sta valet h\u00f6st- och vintertid! \u00c4ven om v\u00e5rt pris \u00e4r l\u00e5gt skall de ej [&hellip;]<\/p>","protected":false},"featured_media":2190,"comment_status":"closed","ping_status":"open","template":"","meta":{"_acf_changed":false,"_smort_price_nok":"373","_smort_price_dkk":"237","_smort_price_eur":"31.73","_smort_sale_price_nok":"","_smort_sale_price_dkk":"","_smort_sale_price_eur":"23.79","smort_restorder":"","shipmondo_restorder":"","_kad_blocks_custom_css":"","_kad_blocks_head_custom_js":"","_kad_blocks_body_custom_js":"","_kad_blocks_footer_custom_js":"","smort_custom_pricelist_1":"195.44","smort_custom_pricelist_2":"195.44","smort_custom_pricelist_3":"185.67","smort_custom_pricelist_4":"279.2","smort_custom_pricelist_5":"195.44"},"anvandningsomrade":[],"bilmarken":[],"product_brand":[],"product_cat":[2483,733],"product_tag":[],"class_list":{"0":"post-2189","1":"product","2":"type-product","3":"status-publish","4":"has-post-thumbnail","6":"product_cat-xenon","7":"product_cat-halvljus-helljus","8":"pa_fargtemperatur-4300k","9":"pa_lampsockel-kontakt-d2s","10":"pa_volt-v-12-24","12":"first","13":"instock","14":"taxable","15":"shipping-taxable","16":"purchasable","17":"product-type-simple"},"bundled_by":[],"bundle_stock_status":"instock","bundle_stock_quantity":110,"bundle_virtual":false,"bundle_layout":"","bundle_add_to_cart_form_location":"","bundle_editable_in_cart":false,"bundle_sold_individually_context":"","bundle_item_grouping":"","bundle_min_size":"","bundle_max_size":"","bundle_price":[],"bundled_items":[],"bundle_sell_ids":[],"acf":[],"yoast_head":"<!-- This site is optimized with the Yoast SEO plugin v27.0 - https:\/\/yoast.com\/product\/yoast-seo-wordpress\/ -->\n<title>D2S 4300K Xenonlampor Xenonkungen\u00ae - Xenonkungen<\/title>\n<meta name=\"robots\" content=\"index, follow, max-snippet:-1, max-image-preview:large, max-video-preview:-1\" \/>\n<link rel=\"canonical\" href=\"https:\/\/xenonkungen.com\/dk\/vare\/d2s-4300k-xenon-lamper-xenon-kongen\/\" \/>\n<meta property=\"og:locale\" content=\"da_DK\" \/>\n<meta property=\"og:type\" content=\"article\" \/>\n<meta property=\"og:title\" content=\"D2S 4300K Xenonlampor Xenonkungen\u00ae - Xenonkungen\" \/>\n<meta property=\"og:description\" content=\"Xenonkungen D2S 4300K standard xenonlampa f\u00f6r utbyte. Lampan \u00e4r E-m\u00e4rkt och v\u00e5r version levereras med glasr\u00f6r fr\u00e5n Philips. Det \u00e4r mycket h\u00f6g kvalitet p\u00e5 xenonlampan XENONKUNGEN D2S 4300K som kommer fr\u00e5n Kinas b\u00e4sta tillverkare. F\u00e4rgtemperatur 4300K \u00e4r standard kr\u00e4mvit och ljusstark. B\u00e4sta valet h\u00f6st- och vintertid! \u00c4ven om v\u00e5rt pris \u00e4r l\u00e5gt skall de ej [&hellip;]\" \/>\n<meta property=\"og:url\" content=\"https:\/\/xenonkungen.com\/dk\/vare\/d2s-4300k-xenon-lamper-xenon-kongen\/\" \/>\n<meta property=\"og:site_name\" content=\"Xenonkungen\" \/>\n<meta property=\"article:modified_time\" content=\"2026-04-10T16:36:50+00:00\" \/>\n<meta property=\"og:image\" content=\"https:\/\/xenonkungen.com\/wp-content\/uploads\/2025\/04\/167048885-origpic-4de935.png\" \/>\n\t<meta property=\"og:image:width\" content=\"1000\" \/>\n\t<meta property=\"og:image:height\" content=\"1000\" \/>\n\t<meta property=\"og:image:type\" content=\"image\/png\" \/>\n<meta name=\"twitter:card\" content=\"summary_large_image\" \/>\n<meta name=\"twitter:label1\" content=\"Estimeret l\u00e6setid\" \/>\n\t<meta name=\"twitter:data1\" content=\"1 minut\" \/>\n<script type=\"application\/ld+json\" class=\"yoast-schema-graph\">{\"@context\":\"https:\/\/schema.org\",\"@graph\":[{\"@type\":\"WebPage\",\"@id\":\"https:\/\/xenonkungen.com\/produkt\/d2s-4300k-xenonlampor-xenonkungen\/\",\"url\":\"https:\/\/xenonkungen.com\/produkt\/d2s-4300k-xenonlampor-xenonkungen\/\",\"name\":\"D2S 4300K Xenonlampor Xenonkungen\u00ae - Xenonkungen\",\"isPartOf\":{\"@id\":\"https:\/\/xenonkungen.com\/#website\"},\"primaryImageOfPage\":{\"@id\":\"https:\/\/xenonkungen.com\/produkt\/d2s-4300k-xenonlampor-xenonkungen\/#primaryimage\"},\"image\":{\"@id\":\"https:\/\/xenonkungen.com\/produkt\/d2s-4300k-xenonlampor-xenonkungen\/#primaryimage\"},\"thumbnailUrl\":\"https:\/\/xenonkungen.com\/wp-content\/uploads\/2025\/04\/167048885-origpic-4de935.png\",\"datePublished\":\"2025-04-15T08:34:04+00:00\",\"dateModified\":\"2026-04-10T16:36:50+00:00\",\"breadcrumb\":{\"@id\":\"https:\/\/xenonkungen.com\/produkt\/d2s-4300k-xenonlampor-xenonkungen\/#breadcrumb\"},\"inLanguage\":\"da-DK\",\"potentialAction\":[{\"@type\":\"ReadAction\",\"target\":[\"https:\/\/xenonkungen.com\/produkt\/d2s-4300k-xenonlampor-xenonkungen\/\"]}]},{\"@type\":\"ImageObject\",\"inLanguage\":\"da-DK\",\"@id\":\"https:\/\/xenonkungen.com\/produkt\/d2s-4300k-xenonlampor-xenonkungen\/#primaryimage\",\"url\":\"https:\/\/xenonkungen.com\/wp-content\/uploads\/2025\/04\/167048885-origpic-4de935.png\",\"contentUrl\":\"https:\/\/xenonkungen.com\/wp-content\/uploads\/2025\/04\/167048885-origpic-4de935.png\",\"width\":1000,\"height\":1000},{\"@type\":\"BreadcrumbList\",\"@id\":\"https:\/\/xenonkungen.com\/produkt\/d2s-4300k-xenonlampor-xenonkungen\/#breadcrumb\",\"itemListElement\":[{\"@type\":\"ListItem\",\"position\":1,\"name\":\"Hem\",\"item\":\"https:\/\/xenonkungen.com\/\"},{\"@type\":\"ListItem\",\"position\":2,\"name\":\"Shop\",\"item\":\"https:\/\/xenonkungen.com\/shop\/\"},{\"@type\":\"ListItem\",\"position\":3,\"name\":\"D2S 4300K Xenonlampor Xenonkungen\u00ae\"}]},{\"@type\":\"WebSite\",\"@id\":\"https:\/\/xenonkungen.com\/#website\",\"url\":\"https:\/\/xenonkungen.com\/\",\"name\":\"Xenonkungen\",\"description\":\"\",\"potentialAction\":[{\"@type\":\"SearchAction\",\"target\":{\"@type\":\"EntryPoint\",\"urlTemplate\":\"https:\/\/xenonkungen.com\/?s={search_term_string}\"},\"query-input\":{\"@type\":\"PropertyValueSpecification\",\"valueRequired\":true,\"valueName\":\"search_term_string\"}}],\"inLanguage\":\"da-DK\"}]}<\/script>\n<!-- \/ Yoast SEO plugin. -->","yoast_head_json":{"title":"D2S 4300K Xenon-lamper Xenon-kongen\u00ae - Xenon-kongen","robots":{"index":"index","follow":"follow","max-snippet":"max-snippet:-1","max-image-preview":"max-image-preview:large","max-video-preview":"max-video-preview:-1"},"canonical":"https:\/\/xenonkungen.com\/dk\/vare\/d2s-4300k-xenon-lamper-xenon-kongen\/","og_locale":"da_DK","og_type":"article","og_title":"D2S 4300K Xenonlampor Xenonkungen\u00ae - Xenonkungen","og_description":"Xenonkungen D2S 4300K standard xenonlampa f\u00f6r utbyte. Lampan \u00e4r E-m\u00e4rkt och v\u00e5r version levereras med glasr\u00f6r fr\u00e5n Philips. Det \u00e4r mycket h\u00f6g kvalitet p\u00e5 xenonlampan XENONKUNGEN D2S 4300K som kommer fr\u00e5n Kinas b\u00e4sta tillverkare. F\u00e4rgtemperatur 4300K \u00e4r standard kr\u00e4mvit och ljusstark. B\u00e4sta valet h\u00f6st- och vintertid! \u00c4ven om v\u00e5rt pris \u00e4r l\u00e5gt skall de ej [&hellip;]","og_url":"https:\/\/xenonkungen.com\/dk\/vare\/d2s-4300k-xenon-lamper-xenon-kongen\/","og_site_name":"Xenonkungen","article_modified_time":"2026-04-10T16:36:50+00:00","og_image":[{"width":1000,"height":1000,"url":"https:\/\/xenonkungen.com\/wp-content\/uploads\/2025\/04\/167048885-origpic-4de935.png","type":"image\/png"}],"twitter_card":"summary_large_image","twitter_misc":{"Estimeret l\u00e6setid":"1 minut"},"schema":{"@context":"https:\/\/schema.org","@graph":[{"@type":"WebPage","@id":"https:\/\/xenonkungen.com\/produkt\/d2s-4300k-xenonlampor-xenonkungen\/","url":"https:\/\/xenonkungen.com\/produkt\/d2s-4300k-xenonlampor-xenonkungen\/","name":"D2S 4300K Xenon-lamper Xenon-kongen\u00ae - Xenon-kongen","isPartOf":{"@id":"https:\/\/xenonkungen.com\/#website"},"primaryImageOfPage":{"@id":"https:\/\/xenonkungen.com\/produkt\/d2s-4300k-xenonlampor-xenonkungen\/#primaryimage"},"image":{"@id":"https:\/\/xenonkungen.com\/produkt\/d2s-4300k-xenonlampor-xenonkungen\/#primaryimage"},"thumbnailUrl":"https:\/\/xenonkungen.com\/wp-content\/uploads\/2025\/04\/167048885-origpic-4de935.png","datePublished":"2025-04-15T08:34:04+00:00","dateModified":"2026-04-10T16:36:50+00:00","breadcrumb":{"@id":"https:\/\/xenonkungen.com\/produkt\/d2s-4300k-xenonlampor-xenonkungen\/#breadcrumb"},"inLanguage":"da-DK","potentialAction":[{"@type":"ReadAction","target":["https:\/\/xenonkungen.com\/produkt\/d2s-4300k-xenonlampor-xenonkungen\/"]}]},{"@type":"ImageObject","inLanguage":"da-DK","@id":"https:\/\/xenonkungen.com\/produkt\/d2s-4300k-xenonlampor-xenonkungen\/#primaryimage","url":"https:\/\/xenonkungen.com\/wp-content\/uploads\/2025\/04\/167048885-origpic-4de935.png","contentUrl":"https:\/\/xenonkungen.com\/wp-content\/uploads\/2025\/04\/167048885-origpic-4de935.png","width":1000,"height":1000},{"@type":"BreadcrumbList","@id":"https:\/\/xenonkungen.com\/produkt\/d2s-4300k-xenonlampor-xenonkungen\/#breadcrumb","itemListElement":[{"@type":"ListItem","position":1,"name":"Hem","item":"https:\/\/xenonkungen.com\/"},{"@type":"ListItem","position":2,"name":"Shop","item":"https:\/\/xenonkungen.com\/shop\/"},{"@type":"ListItem","position":3,"name":"D2S 4300K Xenonlampor Xenonkungen\u00ae"}]},{"@type":"WebSite","@id":"https:\/\/xenonkungen.com\/#website","url":"https:\/\/xenonkungen.com\/","name":"Xenonkungen","description":"","potentialAction":[{"@type":"SearchAction","target":{"@type":"EntryPoint","urlTemplate":"https:\/\/xenonkungen.com\/?s={search_term_string}"},"query-input":{"@type":"PropertyValueSpecification","valueRequired":true,"valueName":"search_term_string"}}],"inLanguage":"da-DK"}]}},"taxonomy_info":{"product_cat":[{"value":2483,"label":"Xenon"},{"value":733,"label":"Halvljus \/ Helljus"}],"pa_fargtemperatur":[{"value":755,"label":"4300K"}],"pa_lampsockel-kontakt":[{"value":760,"label":"D2S"}],"pa_volt-v":[{"value":348,"label":"12, 24"}]},"featured_image_src_large":["https:\/\/xenonkungen.com\/wp-content\/uploads\/2025\/04\/167048885-origpic-4de935.png",1000,1000,false],"author_info":[],"comment_info":0,"_links":{"self":[{"href":"https:\/\/xenonkungen.com\/dk\/wp-json\/wp\/v2\/product\/2189","targetHints":{"allow":["GET"]}}],"collection":[{"href":"https:\/\/xenonkungen.com\/dk\/wp-json\/wp\/v2\/product"}],"about":[{"href":"https:\/\/xenonkungen.com\/dk\/wp-json\/wp\/v2\/types\/product"}],"replies":[{"embeddable":true,"href":"https:\/\/xenonkungen.com\/dk\/wp-json\/wp\/v2\/comments?post=2189"}],"wp:featuredmedia":[{"embeddable":true,"href":"https:\/\/xenonkungen.com\/dk\/wp-json\/wp\/v2\/media\/2190"}],"wp:attachment":[{"href":"https:\/\/xenonkungen.com\/dk\/wp-json\/wp\/v2\/media?parent=2189"}],"wp:term":[{"taxonomy":"anvandningsomrade","embeddable":true,"href":"https:\/\/xenonkungen.com\/dk\/wp-json\/wp\/v2\/anvandningsomrade?post=2189"},{"taxonomy":"bilmarken","embeddable":true,"href":"https:\/\/xenonkungen.com\/dk\/wp-json\/wp\/v2\/bilmarken?post=2189"},{"taxonomy":"product_brand","embeddable":true,"href":"https:\/\/xenonkungen.com\/dk\/wp-json\/wp\/v2\/product_brand?post=2189"},{"taxonomy":"product_cat","embeddable":true,"href":"https:\/\/xenonkungen.com\/dk\/wp-json\/wp\/v2\/product_cat?post=2189"},{"taxonomy":"product_tag","embeddable":true,"href":"https:\/\/xenonkungen.com\/dk\/wp-json\/wp\/v2\/product_tag?post=2189"}],"curies":[{"name":"wp","href":"https:\/\/api.w.org\/{rel}","templated":true}]}}