{"id":2214,"date":"2025-04-15T08:34:24","date_gmt":"2025-04-15T08:34:24","guid":{"rendered":"https:\/\/xenonkungen.com\/product\/d2r-6000k-xenonlampor-xenonkungen\/"},"modified":"2026-04-17T12:03:45","modified_gmt":"2026-04-17T11:03:45","slug":"d2r-6000k-xenon-lamper-xenon-kongen","status":"publish","type":"product","link":"https:\/\/xenonkungen.com\/dk\/vare\/d2r-6000k-xenon-lamper-xenon-kongen\/","title":{"rendered":"D2R 6000K Xenon-lamper Xenon-hoveder\u00ae."},"content":{"rendered":"<p>Xenonkungen <strong>D2R 6000K Hvid<\/strong> Originale xenonp\u00e6rer til udskiftning.<\/p>\n<p>6000K Diamond White har en helt hvid lysfarve med bl\u00e5 detaljer.<\/p>\n<p>Xenon-lampe type D2R bruges i de fleste Volvo-model\u00e5r 1998-2009 ca, Mercedes C-. E-, S-klasse 1995-2002 ca med flere biler \/ modeller med reflektorforlygter (mangler den runde projektionslinse).<\/p>\n<p><em>En xenonp\u00e6re \u00e6ndrer sig i l\u00f8bet af sin levetid i b\u00e5de farve og intensitet. Hvis dine nuv\u00e6rende lamper er blevet lyser\u00f8de, er styrken n\u00e6sten halveret. Vi anbefaler udskiftning efter 5 \u00e5r\/8000 km for at f\u00e5 det bedste lys.<\/em><\/p>\n<p><strong>Bem\u00e6rk!<\/strong> <em>Bilens instruktionsbog kan angive den forkerte lampetype. Den sikreste m\u00e5de er at identificere lampen direkte i bilen. Sammenlign ogs\u00e5 med Osrams lampeguide.<\/em><\/p>\n<p>S\u00e6lges i par.<br \/>2 \u00e5rs garanti.<\/p>","protected":false},"excerpt":{"rendered":"<p>Xenonkungen D2R 6000K White original xenonlampor f\u00f6r utbyte. 6000K Diamond White har en helvit ljusf\u00e4rg med bl\u00e5 stick i ljuset. Xenonlampa typ D2R anv\u00e4nds i bl.a. flertalet Volvo \u00e5rsmodell 1998-2009 ca, Mercedes C-. E-, S-klass 1995-2002 ca med flera bilar\/modeller med reflektor str\u00e5lkastare (saknar den runda projektionslinsen). En xenonlampa f\u00f6r\u00e4ndras \u00f6ver livstiden i b\u00e5de f\u00e4rg [&hellip;]<\/p>","protected":false},"featured_media":2215,"comment_status":"closed","ping_status":"open","template":"","meta":{"_acf_changed":false,"_smort_price_nok":"373","_smort_price_dkk":"237","_smort_price_eur":"31.73","_smort_sale_price_nok":"","_smort_sale_price_dkk":"","_smort_sale_price_eur":"23.79","smort_restorder":"","shipmondo_restorder":"","_kad_blocks_custom_css":"","_kad_blocks_head_custom_js":"","_kad_blocks_body_custom_js":"","_kad_blocks_footer_custom_js":"","smort_custom_pricelist_1":"195.44","smort_custom_pricelist_2":"195.44","smort_custom_pricelist_3":"185.67","smort_custom_pricelist_4":"279.2","smort_custom_pricelist_5":"195.44"},"anvandningsomrade":[],"bilmarken":[],"product_brand":[],"product_cat":[2483,733],"product_tag":[],"class_list":{"0":"post-2214","1":"product","2":"type-product","3":"status-publish","4":"has-post-thumbnail","6":"product_cat-xenon","7":"product_cat-halvljus-helljus","8":"pa_fargtemperatur-6000k","9":"pa_lampsockel-kontakt-d2r","10":"pa_volt-v-12-24","12":"first","13":"instock","14":"taxable","15":"shipping-taxable","16":"purchasable","17":"product-type-simple"},"bundled_by":[],"bundle_stock_status":"instock","bundle_stock_quantity":86,"bundle_virtual":false,"bundle_layout":"","bundle_add_to_cart_form_location":"","bundle_editable_in_cart":false,"bundle_sold_individually_context":"","bundle_item_grouping":"","bundle_min_size":"","bundle_max_size":"","bundle_price":[],"bundled_items":[],"bundle_sell_ids":[],"acf":[],"yoast_head":"<!-- This site is optimized with the Yoast SEO plugin v27.0 - https:\/\/yoast.com\/product\/yoast-seo-wordpress\/ -->\n<title>D2R 6000K Xenonlampor Xenonkungen\u00ae - Xenonkungen<\/title>\n<meta name=\"robots\" content=\"index, follow, max-snippet:-1, max-image-preview:large, max-video-preview:-1\" \/>\n<link rel=\"canonical\" href=\"https:\/\/xenonkungen.com\/dk\/vare\/d2r-6000k-xenon-lamper-xenon-kongen\/\" \/>\n<meta property=\"og:locale\" content=\"da_DK\" \/>\n<meta property=\"og:type\" content=\"article\" \/>\n<meta property=\"og:title\" content=\"D2R 6000K Xenonlampor Xenonkungen\u00ae - Xenonkungen\" \/>\n<meta property=\"og:description\" content=\"Xenonkungen D2R 6000K White original xenonlampor f\u00f6r utbyte. 6000K Diamond White har en helvit ljusf\u00e4rg med bl\u00e5 stick i ljuset. Xenonlampa typ D2R anv\u00e4nds i bl.a. flertalet Volvo \u00e5rsmodell 1998-2009 ca, Mercedes C-. E-, S-klass 1995-2002 ca med flera bilar\/modeller med reflektor str\u00e5lkastare (saknar den runda projektionslinsen). En xenonlampa f\u00f6r\u00e4ndras \u00f6ver livstiden i b\u00e5de f\u00e4rg [&hellip;]\" \/>\n<meta property=\"og:url\" content=\"https:\/\/xenonkungen.com\/dk\/vare\/d2r-6000k-xenon-lamper-xenon-kongen\/\" \/>\n<meta property=\"og:site_name\" content=\"Xenonkungen\" \/>\n<meta property=\"article:modified_time\" content=\"2026-04-17T11:03:45+00:00\" \/>\n<meta property=\"og:image\" content=\"https:\/\/xenonkungen.com\/wp-content\/uploads\/2025\/04\/167048963-origpic-c214ff.png\" \/>\n\t<meta property=\"og:image:width\" content=\"1000\" \/>\n\t<meta property=\"og:image:height\" content=\"1000\" \/>\n\t<meta property=\"og:image:type\" content=\"image\/png\" \/>\n<meta name=\"twitter:card\" content=\"summary_large_image\" \/>\n<meta name=\"twitter:label1\" content=\"Estimeret l\u00e6setid\" \/>\n\t<meta name=\"twitter:data1\" content=\"1 minut\" \/>\n<script type=\"application\/ld+json\" class=\"yoast-schema-graph\">{\"@context\":\"https:\/\/schema.org\",\"@graph\":[{\"@type\":\"WebPage\",\"@id\":\"https:\/\/xenonkungen.com\/produkt\/d2r-6000k-xenonlampor-xenonkungen\/\",\"url\":\"https:\/\/xenonkungen.com\/produkt\/d2r-6000k-xenonlampor-xenonkungen\/\",\"name\":\"D2R 6000K Xenonlampor Xenonkungen\u00ae - Xenonkungen\",\"isPartOf\":{\"@id\":\"https:\/\/xenonkungen.com\/#website\"},\"primaryImageOfPage\":{\"@id\":\"https:\/\/xenonkungen.com\/produkt\/d2r-6000k-xenonlampor-xenonkungen\/#primaryimage\"},\"image\":{\"@id\":\"https:\/\/xenonkungen.com\/produkt\/d2r-6000k-xenonlampor-xenonkungen\/#primaryimage\"},\"thumbnailUrl\":\"https:\/\/xenonkungen.com\/wp-content\/uploads\/2025\/04\/167048963-origpic-c214ff.png\",\"datePublished\":\"2025-04-15T08:34:24+00:00\",\"dateModified\":\"2026-04-17T11:03:45+00:00\",\"breadcrumb\":{\"@id\":\"https:\/\/xenonkungen.com\/produkt\/d2r-6000k-xenonlampor-xenonkungen\/#breadcrumb\"},\"inLanguage\":\"da-DK\",\"potentialAction\":[{\"@type\":\"ReadAction\",\"target\":[\"https:\/\/xenonkungen.com\/produkt\/d2r-6000k-xenonlampor-xenonkungen\/\"]}]},{\"@type\":\"ImageObject\",\"inLanguage\":\"da-DK\",\"@id\":\"https:\/\/xenonkungen.com\/produkt\/d2r-6000k-xenonlampor-xenonkungen\/#primaryimage\",\"url\":\"https:\/\/xenonkungen.com\/wp-content\/uploads\/2025\/04\/167048963-origpic-c214ff.png\",\"contentUrl\":\"https:\/\/xenonkungen.com\/wp-content\/uploads\/2025\/04\/167048963-origpic-c214ff.png\",\"width\":1000,\"height\":1000},{\"@type\":\"BreadcrumbList\",\"@id\":\"https:\/\/xenonkungen.com\/produkt\/d2r-6000k-xenonlampor-xenonkungen\/#breadcrumb\",\"itemListElement\":[{\"@type\":\"ListItem\",\"position\":1,\"name\":\"Hem\",\"item\":\"https:\/\/xenonkungen.com\/\"},{\"@type\":\"ListItem\",\"position\":2,\"name\":\"Shop\",\"item\":\"https:\/\/xenonkungen.com\/shop\/\"},{\"@type\":\"ListItem\",\"position\":3,\"name\":\"D2R 6000K Xenonlampor Xenonkungen\u00ae\"}]},{\"@type\":\"WebSite\",\"@id\":\"https:\/\/xenonkungen.com\/#website\",\"url\":\"https:\/\/xenonkungen.com\/\",\"name\":\"Xenonkungen\",\"description\":\"\",\"potentialAction\":[{\"@type\":\"SearchAction\",\"target\":{\"@type\":\"EntryPoint\",\"urlTemplate\":\"https:\/\/xenonkungen.com\/?s={search_term_string}\"},\"query-input\":{\"@type\":\"PropertyValueSpecification\",\"valueRequired\":true,\"valueName\":\"search_term_string\"}}],\"inLanguage\":\"da-DK\"}]}<\/script>\n<!-- \/ Yoast SEO plugin. -->","yoast_head_json":{"title":"D2R 6000K Xenon-lamper Xenonkungen\u00ae - Xenonkungen","robots":{"index":"index","follow":"follow","max-snippet":"max-snippet:-1","max-image-preview":"max-image-preview:large","max-video-preview":"max-video-preview:-1"},"canonical":"https:\/\/xenonkungen.com\/dk\/vare\/d2r-6000k-xenon-lamper-xenon-kongen\/","og_locale":"da_DK","og_type":"article","og_title":"D2R 6000K Xenonlampor Xenonkungen\u00ae - Xenonkungen","og_description":"Xenonkungen D2R 6000K White original xenonlampor f\u00f6r utbyte. 6000K Diamond White har en helvit ljusf\u00e4rg med bl\u00e5 stick i ljuset. Xenonlampa typ D2R anv\u00e4nds i bl.a. flertalet Volvo \u00e5rsmodell 1998-2009 ca, Mercedes C-. E-, S-klass 1995-2002 ca med flera bilar\/modeller med reflektor str\u00e5lkastare (saknar den runda projektionslinsen). En xenonlampa f\u00f6r\u00e4ndras \u00f6ver livstiden i b\u00e5de f\u00e4rg [&hellip;]","og_url":"https:\/\/xenonkungen.com\/dk\/vare\/d2r-6000k-xenon-lamper-xenon-kongen\/","og_site_name":"Xenonkungen","article_modified_time":"2026-04-17T11:03:45+00:00","og_image":[{"width":1000,"height":1000,"url":"https:\/\/xenonkungen.com\/wp-content\/uploads\/2025\/04\/167048963-origpic-c214ff.png","type":"image\/png"}],"twitter_card":"summary_large_image","twitter_misc":{"Estimeret l\u00e6setid":"1 minut"},"schema":{"@context":"https:\/\/schema.org","@graph":[{"@type":"WebPage","@id":"https:\/\/xenonkungen.com\/produkt\/d2r-6000k-xenonlampor-xenonkungen\/","url":"https:\/\/xenonkungen.com\/produkt\/d2r-6000k-xenonlampor-xenonkungen\/","name":"D2R 6000K Xenon-lamper Xenonkungen\u00ae - Xenonkungen","isPartOf":{"@id":"https:\/\/xenonkungen.com\/#website"},"primaryImageOfPage":{"@id":"https:\/\/xenonkungen.com\/produkt\/d2r-6000k-xenonlampor-xenonkungen\/#primaryimage"},"image":{"@id":"https:\/\/xenonkungen.com\/produkt\/d2r-6000k-xenonlampor-xenonkungen\/#primaryimage"},"thumbnailUrl":"https:\/\/xenonkungen.com\/wp-content\/uploads\/2025\/04\/167048963-origpic-c214ff.png","datePublished":"2025-04-15T08:34:24+00:00","dateModified":"2026-04-17T11:03:45+00:00","breadcrumb":{"@id":"https:\/\/xenonkungen.com\/produkt\/d2r-6000k-xenonlampor-xenonkungen\/#breadcrumb"},"inLanguage":"da-DK","potentialAction":[{"@type":"ReadAction","target":["https:\/\/xenonkungen.com\/produkt\/d2r-6000k-xenonlampor-xenonkungen\/"]}]},{"@type":"ImageObject","inLanguage":"da-DK","@id":"https:\/\/xenonkungen.com\/produkt\/d2r-6000k-xenonlampor-xenonkungen\/#primaryimage","url":"https:\/\/xenonkungen.com\/wp-content\/uploads\/2025\/04\/167048963-origpic-c214ff.png","contentUrl":"https:\/\/xenonkungen.com\/wp-content\/uploads\/2025\/04\/167048963-origpic-c214ff.png","width":1000,"height":1000},{"@type":"BreadcrumbList","@id":"https:\/\/xenonkungen.com\/produkt\/d2r-6000k-xenonlampor-xenonkungen\/#breadcrumb","itemListElement":[{"@type":"ListItem","position":1,"name":"Hem","item":"https:\/\/xenonkungen.com\/"},{"@type":"ListItem","position":2,"name":"Shop","item":"https:\/\/xenonkungen.com\/shop\/"},{"@type":"ListItem","position":3,"name":"D2R 6000K Xenonlampor Xenonkungen\u00ae"}]},{"@type":"WebSite","@id":"https:\/\/xenonkungen.com\/#website","url":"https:\/\/xenonkungen.com\/","name":"Xenonkungen","description":"","potentialAction":[{"@type":"SearchAction","target":{"@type":"EntryPoint","urlTemplate":"https:\/\/xenonkungen.com\/?s={search_term_string}"},"query-input":{"@type":"PropertyValueSpecification","valueRequired":true,"valueName":"search_term_string"}}],"inLanguage":"da-DK"}]}},"taxonomy_info":{"product_cat":[{"value":2483,"label":"Xenon"},{"value":733,"label":"Halvljus \/ Helljus"}],"pa_fargtemperatur":[{"value":188,"label":"6000K"}],"pa_lampsockel-kontakt":[{"value":761,"label":"D2R"}],"pa_volt-v":[{"value":348,"label":"12, 24"}]},"featured_image_src_large":["https:\/\/xenonkungen.com\/wp-content\/uploads\/2025\/04\/167048963-origpic-c214ff.png",1000,1000,false],"author_info":[],"comment_info":3,"_links":{"self":[{"href":"https:\/\/xenonkungen.com\/dk\/wp-json\/wp\/v2\/product\/2214","targetHints":{"allow":["GET"]}}],"collection":[{"href":"https:\/\/xenonkungen.com\/dk\/wp-json\/wp\/v2\/product"}],"about":[{"href":"https:\/\/xenonkungen.com\/dk\/wp-json\/wp\/v2\/types\/product"}],"replies":[{"embeddable":true,"href":"https:\/\/xenonkungen.com\/dk\/wp-json\/wp\/v2\/comments?post=2214"}],"wp:featuredmedia":[{"embeddable":true,"href":"https:\/\/xenonkungen.com\/dk\/wp-json\/wp\/v2\/media\/2215"}],"wp:attachment":[{"href":"https:\/\/xenonkungen.com\/dk\/wp-json\/wp\/v2\/media?parent=2214"}],"wp:term":[{"taxonomy":"anvandningsomrade","embeddable":true,"href":"https:\/\/xenonkungen.com\/dk\/wp-json\/wp\/v2\/anvandningsomrade?post=2214"},{"taxonomy":"bilmarken","embeddable":true,"href":"https:\/\/xenonkungen.com\/dk\/wp-json\/wp\/v2\/bilmarken?post=2214"},{"taxonomy":"product_brand","embeddable":true,"href":"https:\/\/xenonkungen.com\/dk\/wp-json\/wp\/v2\/product_brand?post=2214"},{"taxonomy":"product_cat","embeddable":true,"href":"https:\/\/xenonkungen.com\/dk\/wp-json\/wp\/v2\/product_cat?post=2214"},{"taxonomy":"product_tag","embeddable":true,"href":"https:\/\/xenonkungen.com\/dk\/wp-json\/wp\/v2\/product_tag?post=2214"}],"curies":[{"name":"wp","href":"https:\/\/api.w.org\/{rel}","templated":true}]}}