{"id":2280,"date":"2025-04-15T08:35:25","date_gmt":"2025-04-15T08:35:25","guid":{"rendered":"https:\/\/xenonkungen.com\/product\/bay15d1157-switchback-vit-amber\/"},"modified":"2026-04-17T15:58:51","modified_gmt":"2026-04-17T14:58:51","slug":"bay15d1157-switchback-hvid-rav","status":"publish","type":"product","link":"https:\/\/xenonkungen.com\/dk\/vare\/bay15d1157-switchback-hvid-rav\/","title":{"rendered":"BAY15D|1157 Switchback Hvid\/Amber"},"content":{"rendered":"<p>BAY15D er vores to-polede diodelampe, der skifter lysfarve mellem hvid (positionslys) og gul\/amber (blinklys) afh\u00e6ngigt af den valgte funktion i k\u00f8ret\u00f8jer med en f\u00e6lles lampe til positionslys og blinklys. Den erstatter den eksisterende halogenlampe med konstant str\u00f8mregulering for sikrere str\u00f8mtoppe og -dyk, n\u00e5r din bil oplader for meget eller for lidt sp\u00e6nding. Dette giver l\u00e6ngere og mere sikker levetid for dioden.<br \/>Fungerer lige godt til 12V og 24V.<br \/>Diodelampen fungerer lige godt i biler og lastbiler. <\/p>","protected":false},"excerpt":{"rendered":"<p>En lampe til dem, der har advarsels-\/positionslys i samme lampe. Giver et klart hvidt lys (6000k) og et klart lys i Orange\/Amber , Fatning BAY15D , Lysfarve Hvid\/Orange , Multivolt 9-30VDC , Garanti 2 \u00e5r , Leveringsindhold 1st BAY15D Switchback<\/p>","protected":false},"featured_media":2281,"comment_status":"closed","ping_status":"open","template":"","meta":{"_acf_changed":false,"_smort_price_nok":"208","_smort_price_dkk":"132","_smort_price_eur":"17.73","_smort_sale_price_nok":"","_smort_sale_price_dkk":"","_smort_sale_price_eur":"","smort_restorder":"","shipmondo_restorder":"","_kad_blocks_custom_css":"","_kad_blocks_head_custom_js":"","_kad_blocks_body_custom_js":"","_kad_blocks_footer_custom_js":"","smort_custom_pricelist_1":"124.8","smort_custom_pricelist_2":"109.2","smort_custom_pricelist_3":"101.4","smort_custom_pricelist_4":"156","smort_custom_pricelist_5":"109.2"},"anvandningsomrade":[],"bilmarken":[],"product_brand":[117],"product_cat":[2518,2519,338],"product_tag":[],"class_list":{"0":"post-2280","1":"product","2":"type-product","3":"status-publish","4":"has-post-thumbnail","6":"product_brand-xenonkungen","7":"product_cat-bay15d","8":"product_cat-p21-5w","9":"product_cat-diodlampor","10":"pa_fargtemperatur-6000k-yellow","11":"pa_lampsockel-kontakt-bay15d-p21-5w-1157","12":"pa_ljusspridning-grader-731","13":"pa_storlek-mm-52x18","14":"pa_volt-v-12-24","16":"first","17":"instock","18":"taxable","19":"shipping-taxable","20":"purchasable","21":"product-type-simple"},"bundled_by":[],"bundle_stock_status":"instock","bundle_stock_quantity":43,"bundle_virtual":false,"bundle_layout":"","bundle_add_to_cart_form_location":"","bundle_editable_in_cart":false,"bundle_sold_individually_context":"","bundle_item_grouping":"","bundle_min_size":"","bundle_max_size":"","bundle_price":[],"bundled_items":[],"bundle_sell_ids":[],"acf":[],"yoast_head":"<!-- This site is optimized with the Yoast SEO plugin v27.0 - https:\/\/yoast.com\/product\/yoast-seo-wordpress\/ -->\n<title>BAY15D|1157 Switchback Vit\/Amber - Xenonkungen<\/title>\n<meta name=\"robots\" content=\"index, follow, max-snippet:-1, max-image-preview:large, max-video-preview:-1\" \/>\n<link rel=\"canonical\" href=\"https:\/\/xenonkungen.com\/dk\/vare\/bay15d1157-switchback-hvid-rav\/\" \/>\n<meta property=\"og:locale\" content=\"da_DK\" \/>\n<meta property=\"og:type\" content=\"article\" \/>\n<meta property=\"og:title\" content=\"BAY15D|1157 Switchback Vit\/Amber - Xenonkungen\" \/>\n<meta property=\"og:description\" content=\"En lampa f\u00f6r dig som har Varsel\/positionsljus i samma lampa. Ger ett starkt vitt sken(6000k) och ett tydligt ljus i Orange\/Amber. , Sockel BAY15D , Ljusf\u00e4rg Vit\/Orange , Multivolt 9-30VDC , Garanti 2 \u00e5r , Leveransinneh\u00e5ll 1st BAY15D Switchback\" \/>\n<meta property=\"og:url\" content=\"https:\/\/xenonkungen.com\/dk\/vare\/bay15d1157-switchback-hvid-rav\/\" \/>\n<meta property=\"og:site_name\" content=\"Xenonkungen\" \/>\n<meta property=\"article:modified_time\" content=\"2026-04-17T14:58:51+00:00\" \/>\n<meta property=\"og:image\" content=\"https:\/\/xenonkungen.com\/wp-content\/uploads\/2025\/04\/82957447-origpic-8f10a7.png\" \/>\n\t<meta property=\"og:image:width\" content=\"1000\" \/>\n\t<meta property=\"og:image:height\" content=\"1000\" \/>\n\t<meta property=\"og:image:type\" content=\"image\/png\" \/>\n<meta name=\"twitter:card\" content=\"summary_large_image\" \/>\n<script type=\"application\/ld+json\" class=\"yoast-schema-graph\">{\"@context\":\"https:\/\/schema.org\",\"@graph\":[{\"@type\":\"WebPage\",\"@id\":\"https:\/\/xenonkungen.com\/no\/produkt\/bay15d1157-switchback-hvit-rav\/\",\"url\":\"https:\/\/xenonkungen.com\/no\/produkt\/bay15d1157-switchback-hvit-rav\/\",\"name\":\"BAY15D|1157 Switchback Vit\/Amber - Xenonkungen\",\"isPartOf\":{\"@id\":\"https:\/\/xenonkungen.com\/#website\"},\"primaryImageOfPage\":{\"@id\":\"https:\/\/xenonkungen.com\/no\/produkt\/bay15d1157-switchback-hvit-rav\/#primaryimage\"},\"image\":{\"@id\":\"https:\/\/xenonkungen.com\/no\/produkt\/bay15d1157-switchback-hvit-rav\/#primaryimage\"},\"thumbnailUrl\":\"https:\/\/xenonkungen.com\/wp-content\/uploads\/2025\/04\/82957447-origpic-8f10a7.png\",\"datePublished\":\"2025-04-15T08:35:25+00:00\",\"dateModified\":\"2026-04-17T14:58:51+00:00\",\"breadcrumb\":{\"@id\":\"https:\/\/xenonkungen.com\/no\/produkt\/bay15d1157-switchback-hvit-rav\/#breadcrumb\"},\"inLanguage\":\"da-DK\",\"potentialAction\":[{\"@type\":\"ReadAction\",\"target\":[\"https:\/\/xenonkungen.com\/no\/produkt\/bay15d1157-switchback-hvit-rav\/\"]}]},{\"@type\":\"ImageObject\",\"inLanguage\":\"da-DK\",\"@id\":\"https:\/\/xenonkungen.com\/no\/produkt\/bay15d1157-switchback-hvit-rav\/#primaryimage\",\"url\":\"https:\/\/xenonkungen.com\/wp-content\/uploads\/2025\/04\/82957447-origpic-8f10a7.png\",\"contentUrl\":\"https:\/\/xenonkungen.com\/wp-content\/uploads\/2025\/04\/82957447-origpic-8f10a7.png\",\"width\":1000,\"height\":1000},{\"@type\":\"BreadcrumbList\",\"@id\":\"https:\/\/xenonkungen.com\/no\/produkt\/bay15d1157-switchback-hvit-rav\/#breadcrumb\",\"itemListElement\":[{\"@type\":\"ListItem\",\"position\":1,\"name\":\"Hem\",\"item\":\"https:\/\/xenonkungen.com\/\"},{\"@type\":\"ListItem\",\"position\":2,\"name\":\"Shop\",\"item\":\"https:\/\/xenonkungen.com\/shop\/\"},{\"@type\":\"ListItem\",\"position\":3,\"name\":\"BAY15D|1157 Switchback Vit\/Amber\"}]},{\"@type\":\"WebSite\",\"@id\":\"https:\/\/xenonkungen.com\/#website\",\"url\":\"https:\/\/xenonkungen.com\/\",\"name\":\"Xenonkungen\",\"description\":\"\",\"potentialAction\":[{\"@type\":\"SearchAction\",\"target\":{\"@type\":\"EntryPoint\",\"urlTemplate\":\"https:\/\/xenonkungen.com\/?s={search_term_string}\"},\"query-input\":{\"@type\":\"PropertyValueSpecification\",\"valueRequired\":true,\"valueName\":\"search_term_string\"}}],\"inLanguage\":\"da-DK\"}]}<\/script>\n<!-- \/ Yoast SEO plugin. -->","yoast_head_json":{"title":"BAY15D|1157 Switchback Hvid\/Rav - Xenon Kongen","robots":{"index":"index","follow":"follow","max-snippet":"max-snippet:-1","max-image-preview":"max-image-preview:large","max-video-preview":"max-video-preview:-1"},"canonical":"https:\/\/xenonkungen.com\/dk\/vare\/bay15d1157-switchback-hvid-rav\/","og_locale":"da_DK","og_type":"article","og_title":"BAY15D|1157 Switchback Vit\/Amber - Xenonkungen","og_description":"En lampa f\u00f6r dig som har Varsel\/positionsljus i samma lampa. Ger ett starkt vitt sken(6000k) och ett tydligt ljus i Orange\/Amber. , Sockel BAY15D , Ljusf\u00e4rg Vit\/Orange , Multivolt 9-30VDC , Garanti 2 \u00e5r , Leveransinneh\u00e5ll 1st BAY15D Switchback","og_url":"https:\/\/xenonkungen.com\/dk\/vare\/bay15d1157-switchback-hvid-rav\/","og_site_name":"Xenonkungen","article_modified_time":"2026-04-17T14:58:51+00:00","og_image":[{"width":1000,"height":1000,"url":"https:\/\/xenonkungen.com\/wp-content\/uploads\/2025\/04\/82957447-origpic-8f10a7.png","type":"image\/png"}],"twitter_card":"summary_large_image","schema":{"@context":"https:\/\/schema.org","@graph":[{"@type":"WebPage","@id":"https:\/\/xenonkungen.com\/no\/produkt\/bay15d1157-switchback-hvit-rav\/","url":"https:\/\/xenonkungen.com\/no\/produkt\/bay15d1157-switchback-hvit-rav\/","name":"BAY15D|1157 Switchback Hvid\/Rav - Xenon Kongen","isPartOf":{"@id":"https:\/\/xenonkungen.com\/#website"},"primaryImageOfPage":{"@id":"https:\/\/xenonkungen.com\/no\/produkt\/bay15d1157-switchback-hvit-rav\/#primaryimage"},"image":{"@id":"https:\/\/xenonkungen.com\/no\/produkt\/bay15d1157-switchback-hvit-rav\/#primaryimage"},"thumbnailUrl":"https:\/\/xenonkungen.com\/wp-content\/uploads\/2025\/04\/82957447-origpic-8f10a7.png","datePublished":"2025-04-15T08:35:25+00:00","dateModified":"2026-04-17T14:58:51+00:00","breadcrumb":{"@id":"https:\/\/xenonkungen.com\/no\/produkt\/bay15d1157-switchback-hvit-rav\/#breadcrumb"},"inLanguage":"da-DK","potentialAction":[{"@type":"ReadAction","target":["https:\/\/xenonkungen.com\/no\/produkt\/bay15d1157-switchback-hvit-rav\/"]}]},{"@type":"ImageObject","inLanguage":"da-DK","@id":"https:\/\/xenonkungen.com\/no\/produkt\/bay15d1157-switchback-hvit-rav\/#primaryimage","url":"https:\/\/xenonkungen.com\/wp-content\/uploads\/2025\/04\/82957447-origpic-8f10a7.png","contentUrl":"https:\/\/xenonkungen.com\/wp-content\/uploads\/2025\/04\/82957447-origpic-8f10a7.png","width":1000,"height":1000},{"@type":"BreadcrumbList","@id":"https:\/\/xenonkungen.com\/no\/produkt\/bay15d1157-switchback-hvit-rav\/#breadcrumb","itemListElement":[{"@type":"ListItem","position":1,"name":"Hem","item":"https:\/\/xenonkungen.com\/"},{"@type":"ListItem","position":2,"name":"Shop","item":"https:\/\/xenonkungen.com\/shop\/"},{"@type":"ListItem","position":3,"name":"BAY15D|1157 Switchback Vit\/Amber"}]},{"@type":"WebSite","@id":"https:\/\/xenonkungen.com\/#website","url":"https:\/\/xenonkungen.com\/","name":"Xenonkungen","description":"","potentialAction":[{"@type":"SearchAction","target":{"@type":"EntryPoint","urlTemplate":"https:\/\/xenonkungen.com\/?s={search_term_string}"},"query-input":{"@type":"PropertyValueSpecification","valueRequired":true,"valueName":"search_term_string"}}],"inLanguage":"da-DK"}]}},"taxonomy_info":{"product_brand":[{"value":117,"label":"Xenonkungen"}],"product_cat":[{"value":2518,"label":"BAY15D"},{"value":2519,"label":"P21\/5W"},{"value":338,"label":"Diodlampor"}],"pa_fargtemperatur":[{"value":770,"label":"6000K, Yellow"}],"pa_lampsockel-kontakt":[{"value":754,"label":"BAY15D, P21\/5W, 1157"}],"pa_ljusspridning-grader":[{"value":731,"label":"360"}],"pa_storlek-mm":[{"value":769,"label":"52x18"}],"pa_volt-v":[{"value":348,"label":"12, 24"}]},"featured_image_src_large":["https:\/\/xenonkungen.com\/wp-content\/uploads\/2025\/04\/82957447-origpic-8f10a7.png",1000,1000,false],"author_info":[],"comment_info":0,"_links":{"self":[{"href":"https:\/\/xenonkungen.com\/dk\/wp-json\/wp\/v2\/product\/2280","targetHints":{"allow":["GET"]}}],"collection":[{"href":"https:\/\/xenonkungen.com\/dk\/wp-json\/wp\/v2\/product"}],"about":[{"href":"https:\/\/xenonkungen.com\/dk\/wp-json\/wp\/v2\/types\/product"}],"replies":[{"embeddable":true,"href":"https:\/\/xenonkungen.com\/dk\/wp-json\/wp\/v2\/comments?post=2280"}],"wp:featuredmedia":[{"embeddable":true,"href":"https:\/\/xenonkungen.com\/dk\/wp-json\/wp\/v2\/media\/2281"}],"wp:attachment":[{"href":"https:\/\/xenonkungen.com\/dk\/wp-json\/wp\/v2\/media?parent=2280"}],"wp:term":[{"taxonomy":"anvandningsomrade","embeddable":true,"href":"https:\/\/xenonkungen.com\/dk\/wp-json\/wp\/v2\/anvandningsomrade?post=2280"},{"taxonomy":"bilmarken","embeddable":true,"href":"https:\/\/xenonkungen.com\/dk\/wp-json\/wp\/v2\/bilmarken?post=2280"},{"taxonomy":"product_brand","embeddable":true,"href":"https:\/\/xenonkungen.com\/dk\/wp-json\/wp\/v2\/product_brand?post=2280"},{"taxonomy":"product_cat","embeddable":true,"href":"https:\/\/xenonkungen.com\/dk\/wp-json\/wp\/v2\/product_cat?post=2280"},{"taxonomy":"product_tag","embeddable":true,"href":"https:\/\/xenonkungen.com\/dk\/wp-json\/wp\/v2\/product_tag?post=2280"}],"curies":[{"name":"wp","href":"https:\/\/api.w.org\/{rel}","templated":true}]}}