{"id":2353,"date":"2025-04-15T08:36:18","date_gmt":"2025-04-15T08:36:18","guid":{"rendered":"https:\/\/xenonkungen.com\/product\/xk-ballast-mitsubishi-8k0941597-w003t18471\/"},"modified":"2026-05-13T16:11:31","modified_gmt":"2026-05-13T15:11:31","slug":"xk-ballast-mitsubishi-8k0941597-w003t18471","status":"publish","type":"product","link":"https:\/\/xenonkungen.com\/dk\/vare\/xk-ballast-mitsubishi-8k0941597-w003t18471\/","title":{"rendered":"XK Ballast Mitsubishi 8K0941597\/ W003T18471"},"content":{"rendered":"<p>Aftermarket xenon-ballast i henhold til original model, der erstatter biler udstyret med lignende model af m\u00e6rket Mitsubishi 8K0941597. W03T18471<\/p>\n<p>OEM-fabrikater af denne ballast findes i f\u00f8lgende biler:<\/p>\n<p><strong>AUDI<\/strong><br \/>A3\/S3 <span>2009-2012<br \/><\/span>A3\/S3 8V 2012-2016<br \/>A4\/S4 <span>2008-2012\u00a0<\/span><br \/>A5\/S5 <span>2007-2012\u00a0<\/span><br \/>A6L\/S6 <span>2008-2010\u00a0<\/span><br \/>A7\/S7 <span>2010-2014\u00a0<\/span><br \/>A8\/S8 <span>2009-2014\u00a0<\/span><br \/>Q5 <span>2008-2012<\/span><br \/>Q7 <span>2010-2014\u00a0<\/span><\/p>\n<p><strong>VOLKSWAGEN<\/strong><br \/>Polo 6R GTI<br \/>Passat 2015-2017<br \/>Passat CC 2012-2014<br \/>Tiguan 2012-2014<br \/>Touran 2012-2014<br \/>Touareg 2011-2014<br \/>Magotan<br \/>Sharan 2010-2014<\/p>\n<p><strong>Porsche<br \/><\/strong>Boxer 981 2012-2014<br \/>Boxter 981 Spyder 2013-2016<br \/>Macan 2014-2018<br \/>911 991 2011-2015<br \/>Cayman 981C 2014-2015 <\/p>\n<p>Denne type kopi af originale produkter er tilg\u00e6ngelig p\u00e5 markedet. Det mest almindelige tr\u00e6k ved originaler og kopier er det ydre kabinet. Det, der adskiller dem, er komponenterne, programmeringen og kvaliteten.<br \/>Og det g\u00e6lder ogs\u00e5 mellem forskellige producenter af replikaer.<br \/>Mens originalen er fuldt funktionsdygtig for alle k\u00f8ret\u00f8jer p\u00e5 listen, kan nogle kopier v\u00e6re begr\u00e6nset i funktionalitet for individuelle m\u00e6rker eller modeller, afh\u00e6ngigt af blandt andet producentens tekniske viden og ambition.<br \/>Vores XK-forkoblinger er dyrere at k\u00f8be og derfor generelt bedre end billigere alternativer - som i \u00f8vrigt ogs\u00e5 kan v\u00e6re prissat h\u00f8jere af konkurrenterne. <\/p>\n<p>12V DC.<br \/>2 \u00e5rs garanti.<\/p>","protected":false},"excerpt":{"rendered":"<p>Aftermarket xenon-ballast efter original Mitsubishi-model til flere Audi-modeller og VAG\/VW-modeller.<\/p>","protected":false},"featured_media":2354,"comment_status":"closed","ping_status":"open","template":"","meta":{"_acf_changed":false,"_smort_price_nok":"849","_smort_price_dkk":"539","_smort_price_eur":"72.27","_smort_sale_price_nok":"","_smort_sale_price_dkk":"","_smort_sale_price_eur":"","smort_restorder":"","shipmondo_restorder":"","_kad_blocks_custom_css":"","_kad_blocks_head_custom_js":"","_kad_blocks_body_custom_js":"","_kad_blocks_footer_custom_js":"","smort_custom_pricelist_1":"445.2","smort_custom_pricelist_2":"445.2","smort_custom_pricelist_3":"422.94","smort_custom_pricelist_4":"636","smort_custom_pricelist_5":"445.2"},"anvandningsomrade":[],"bilmarken":[],"product_brand":[117],"product_cat":[2484,2485,789,733],"product_tag":[],"class_list":{"0":"post-2353","1":"product","2":"type-product","3":"status-publish","4":"has-post-thumbnail","6":"product_brand-xenonkungen","7":"product_cat-ballast-halvljus-helljus","8":"product_cat-xenonkonventering","9":"product_cat-ballast","10":"product_cat-halvljus-helljus","11":"pa_volt-v-159","13":"first","14":"instock","15":"taxable","16":"shipping-taxable","17":"purchasable","18":"product-type-simple"},"bundled_by":[],"bundle_stock_status":"instock","bundle_stock_quantity":17,"bundle_virtual":false,"bundle_layout":"","bundle_add_to_cart_form_location":"","bundle_editable_in_cart":false,"bundle_sold_individually_context":"","bundle_item_grouping":"","bundle_min_size":"","bundle_max_size":"","bundle_price":[],"bundled_items":[],"bundle_sell_ids":[],"acf":[],"yoast_head":"<!-- This site is optimized with the Yoast SEO plugin v27.0 - https:\/\/yoast.com\/product\/yoast-seo-wordpress\/ -->\n<title>XK Ballast Mitsubishi 8K0941597\/ W003T18471 - Xenonkungen<\/title>\n<meta name=\"robots\" content=\"index, follow, max-snippet:-1, max-image-preview:large, max-video-preview:-1\" \/>\n<link rel=\"canonical\" href=\"https:\/\/xenonkungen.com\/dk\/vare\/xk-ballast-mitsubishi-8k0941597-w003t18471\/\" \/>\n<meta property=\"og:locale\" content=\"da_DK\" \/>\n<meta property=\"og:type\" content=\"article\" \/>\n<meta property=\"og:title\" content=\"XK Ballast Mitsubishi 8K0941597\/ W003T18471 - Xenonkungen\" \/>\n<meta property=\"og:description\" content=\"Eftermarknads xenon ballast enligt original Mitsubishi f\u00f6rlaga f\u00f6r flertal Audi modeller samt VAG\/VW modeller.\" \/>\n<meta property=\"og:url\" content=\"https:\/\/xenonkungen.com\/dk\/vare\/xk-ballast-mitsubishi-8k0941597-w003t18471\/\" \/>\n<meta property=\"og:site_name\" content=\"Xenonkungen\" \/>\n<meta property=\"article:modified_time\" content=\"2026-05-13T15:11:31+00:00\" \/>\n<meta property=\"og:image\" content=\"https:\/\/xenonkungen.com\/wp-content\/uploads\/2025\/04\/154830658-origpic-ea365f.png\" \/>\n\t<meta property=\"og:image:width\" content=\"1000\" \/>\n\t<meta property=\"og:image:height\" content=\"1000\" \/>\n\t<meta property=\"og:image:type\" content=\"image\/png\" \/>\n<meta name=\"twitter:card\" content=\"summary_large_image\" \/>\n<meta name=\"twitter:label1\" content=\"Estimeret l\u00e6setid\" \/>\n\t<meta name=\"twitter:data1\" content=\"1 minut\" \/>\n<script type=\"application\/ld+json\" class=\"yoast-schema-graph\">{\"@context\":\"https:\/\/schema.org\",\"@graph\":[{\"@type\":\"WebPage\",\"@id\":\"https:\/\/xenonkungen.com\/nl\/product\/xk-ballast-mitsubishi-8k0941597-w003t18471\/\",\"url\":\"https:\/\/xenonkungen.com\/nl\/product\/xk-ballast-mitsubishi-8k0941597-w003t18471\/\",\"name\":\"XK Ballast Mitsubishi 8K0941597\/ W003T18471 - Xenonkungen\",\"isPartOf\":{\"@id\":\"https:\/\/xenonkungen.com\/#website\"},\"primaryImageOfPage\":{\"@id\":\"https:\/\/xenonkungen.com\/nl\/product\/xk-ballast-mitsubishi-8k0941597-w003t18471\/#primaryimage\"},\"image\":{\"@id\":\"https:\/\/xenonkungen.com\/nl\/product\/xk-ballast-mitsubishi-8k0941597-w003t18471\/#primaryimage\"},\"thumbnailUrl\":\"https:\/\/xenonkungen.com\/wp-content\/uploads\/2025\/04\/154830658-origpic-ea365f.png\",\"datePublished\":\"2025-04-15T08:36:18+00:00\",\"dateModified\":\"2026-05-13T15:11:31+00:00\",\"breadcrumb\":{\"@id\":\"https:\/\/xenonkungen.com\/nl\/product\/xk-ballast-mitsubishi-8k0941597-w003t18471\/#breadcrumb\"},\"inLanguage\":\"da-DK\",\"potentialAction\":[{\"@type\":\"ReadAction\",\"target\":[\"https:\/\/xenonkungen.com\/nl\/product\/xk-ballast-mitsubishi-8k0941597-w003t18471\/\"]}]},{\"@type\":\"ImageObject\",\"inLanguage\":\"da-DK\",\"@id\":\"https:\/\/xenonkungen.com\/nl\/product\/xk-ballast-mitsubishi-8k0941597-w003t18471\/#primaryimage\",\"url\":\"https:\/\/xenonkungen.com\/wp-content\/uploads\/2025\/04\/154830658-origpic-ea365f.png\",\"contentUrl\":\"https:\/\/xenonkungen.com\/wp-content\/uploads\/2025\/04\/154830658-origpic-ea365f.png\",\"width\":1000,\"height\":1000},{\"@type\":\"BreadcrumbList\",\"@id\":\"https:\/\/xenonkungen.com\/nl\/product\/xk-ballast-mitsubishi-8k0941597-w003t18471\/#breadcrumb\",\"itemListElement\":[{\"@type\":\"ListItem\",\"position\":1,\"name\":\"Hem\",\"item\":\"https:\/\/xenonkungen.com\/\"},{\"@type\":\"ListItem\",\"position\":2,\"name\":\"Shop\",\"item\":\"https:\/\/xenonkungen.com\/shop\/\"},{\"@type\":\"ListItem\",\"position\":3,\"name\":\"XK Ballast Mitsubishi 8K0941597\/ W003T18471\"}]},{\"@type\":\"WebSite\",\"@id\":\"https:\/\/xenonkungen.com\/#website\",\"url\":\"https:\/\/xenonkungen.com\/\",\"name\":\"Xenonkungen\",\"description\":\"\",\"potentialAction\":[{\"@type\":\"SearchAction\",\"target\":{\"@type\":\"EntryPoint\",\"urlTemplate\":\"https:\/\/xenonkungen.com\/?s={search_term_string}\"},\"query-input\":{\"@type\":\"PropertyValueSpecification\",\"valueRequired\":true,\"valueName\":\"search_term_string\"}}],\"inLanguage\":\"da-DK\"}]}<\/script>\n<!-- \/ Yoast SEO plugin. -->","yoast_head_json":{"title":"XK Forkobling Mitsubishi 8K0941597\/ W003T18471 - Xenon Kongen","robots":{"index":"index","follow":"follow","max-snippet":"max-snippet:-1","max-image-preview":"max-image-preview:large","max-video-preview":"max-video-preview:-1"},"canonical":"https:\/\/xenonkungen.com\/dk\/vare\/xk-ballast-mitsubishi-8k0941597-w003t18471\/","og_locale":"da_DK","og_type":"article","og_title":"XK Ballast Mitsubishi 8K0941597\/ W003T18471 - Xenonkungen","og_description":"Eftermarknads xenon ballast enligt original Mitsubishi f\u00f6rlaga f\u00f6r flertal Audi modeller samt VAG\/VW modeller.","og_url":"https:\/\/xenonkungen.com\/dk\/vare\/xk-ballast-mitsubishi-8k0941597-w003t18471\/","og_site_name":"Xenonkungen","article_modified_time":"2026-05-13T15:11:31+00:00","og_image":[{"width":1000,"height":1000,"url":"https:\/\/xenonkungen.com\/wp-content\/uploads\/2025\/04\/154830658-origpic-ea365f.png","type":"image\/png"}],"twitter_card":"summary_large_image","twitter_misc":{"Estimeret l\u00e6setid":"1 minut"},"schema":{"@context":"https:\/\/schema.org","@graph":[{"@type":"WebPage","@id":"https:\/\/xenonkungen.com\/nl\/product\/xk-ballast-mitsubishi-8k0941597-w003t18471\/","url":"https:\/\/xenonkungen.com\/nl\/product\/xk-ballast-mitsubishi-8k0941597-w003t18471\/","name":"XK Forkobling Mitsubishi 8K0941597\/ W003T18471 - Xenon Kongen","isPartOf":{"@id":"https:\/\/xenonkungen.com\/#website"},"primaryImageOfPage":{"@id":"https:\/\/xenonkungen.com\/nl\/product\/xk-ballast-mitsubishi-8k0941597-w003t18471\/#primaryimage"},"image":{"@id":"https:\/\/xenonkungen.com\/nl\/product\/xk-ballast-mitsubishi-8k0941597-w003t18471\/#primaryimage"},"thumbnailUrl":"https:\/\/xenonkungen.com\/wp-content\/uploads\/2025\/04\/154830658-origpic-ea365f.png","datePublished":"2025-04-15T08:36:18+00:00","dateModified":"2026-05-13T15:11:31+00:00","breadcrumb":{"@id":"https:\/\/xenonkungen.com\/nl\/product\/xk-ballast-mitsubishi-8k0941597-w003t18471\/#breadcrumb"},"inLanguage":"da-DK","potentialAction":[{"@type":"ReadAction","target":["https:\/\/xenonkungen.com\/nl\/product\/xk-ballast-mitsubishi-8k0941597-w003t18471\/"]}]},{"@type":"ImageObject","inLanguage":"da-DK","@id":"https:\/\/xenonkungen.com\/nl\/product\/xk-ballast-mitsubishi-8k0941597-w003t18471\/#primaryimage","url":"https:\/\/xenonkungen.com\/wp-content\/uploads\/2025\/04\/154830658-origpic-ea365f.png","contentUrl":"https:\/\/xenonkungen.com\/wp-content\/uploads\/2025\/04\/154830658-origpic-ea365f.png","width":1000,"height":1000},{"@type":"BreadcrumbList","@id":"https:\/\/xenonkungen.com\/nl\/product\/xk-ballast-mitsubishi-8k0941597-w003t18471\/#breadcrumb","itemListElement":[{"@type":"ListItem","position":1,"name":"Hem","item":"https:\/\/xenonkungen.com\/"},{"@type":"ListItem","position":2,"name":"Shop","item":"https:\/\/xenonkungen.com\/shop\/"},{"@type":"ListItem","position":3,"name":"XK Ballast Mitsubishi 8K0941597\/ W003T18471"}]},{"@type":"WebSite","@id":"https:\/\/xenonkungen.com\/#website","url":"https:\/\/xenonkungen.com\/","name":"Xenonkungen","description":"","potentialAction":[{"@type":"SearchAction","target":{"@type":"EntryPoint","urlTemplate":"https:\/\/xenonkungen.com\/?s={search_term_string}"},"query-input":{"@type":"PropertyValueSpecification","valueRequired":true,"valueName":"search_term_string"}}],"inLanguage":"da-DK"}]}},"taxonomy_info":{"product_brand":[{"value":117,"label":"Xenonkungen"}],"product_cat":[{"value":2484,"label":"Ballast"},{"value":2485,"label":"Xenonkonvertering"},{"value":789,"label":"Ballast"},{"value":733,"label":"Halvljus \/ Helljus"}],"pa_volt-v":[{"value":159,"label":"12"}]},"featured_image_src_large":["https:\/\/xenonkungen.com\/wp-content\/uploads\/2025\/04\/154830658-origpic-ea365f.png",1000,1000,false],"author_info":[],"comment_info":0,"_links":{"self":[{"href":"https:\/\/xenonkungen.com\/dk\/wp-json\/wp\/v2\/product\/2353","targetHints":{"allow":["GET"]}}],"collection":[{"href":"https:\/\/xenonkungen.com\/dk\/wp-json\/wp\/v2\/product"}],"about":[{"href":"https:\/\/xenonkungen.com\/dk\/wp-json\/wp\/v2\/types\/product"}],"replies":[{"embeddable":true,"href":"https:\/\/xenonkungen.com\/dk\/wp-json\/wp\/v2\/comments?post=2353"}],"wp:featuredmedia":[{"embeddable":true,"href":"https:\/\/xenonkungen.com\/dk\/wp-json\/wp\/v2\/media\/2354"}],"wp:attachment":[{"href":"https:\/\/xenonkungen.com\/dk\/wp-json\/wp\/v2\/media?parent=2353"}],"wp:term":[{"taxonomy":"anvandningsomrade","embeddable":true,"href":"https:\/\/xenonkungen.com\/dk\/wp-json\/wp\/v2\/anvandningsomrade?post=2353"},{"taxonomy":"bilmarken","embeddable":true,"href":"https:\/\/xenonkungen.com\/dk\/wp-json\/wp\/v2\/bilmarken?post=2353"},{"taxonomy":"product_brand","embeddable":true,"href":"https:\/\/xenonkungen.com\/dk\/wp-json\/wp\/v2\/product_brand?post=2353"},{"taxonomy":"product_cat","embeddable":true,"href":"https:\/\/xenonkungen.com\/dk\/wp-json\/wp\/v2\/product_cat?post=2353"},{"taxonomy":"product_tag","embeddable":true,"href":"https:\/\/xenonkungen.com\/dk\/wp-json\/wp\/v2\/product_tag?post=2353"}],"curies":[{"name":"wp","href":"https:\/\/api.w.org\/{rel}","templated":true}]}}