{"id":2358,"date":"2025-04-15T08:36:31","date_gmt":"2025-04-15T08:36:31","guid":{"rendered":"https:\/\/xenonkungen.com\/product\/xk-ballast-bmw-e90-e91-2006-2008\/"},"modified":"2026-04-24T16:32:03","modified_gmt":"2026-04-24T15:32:03","slug":"xk-ballast-bmw-e90-e91-2006-2008","status":"publish","type":"product","link":"https:\/\/xenonkungen.com\/dk\/vare\/xk-ballast-bmw-e90-e91-2006-2008\/","title":{"rendered":"XK Ballast BMW E90\/E91 2006-2008"},"content":{"rendered":"<p>Eftermarkeds xenon-ballast til BMW 3-serie E90\/E91 2006-2008 og Volvo V70\/XC70 2008-2015 i henhold til originalmodel, der erstatter lignende model fra m\u00e6rkerne Mitsubishi 6948180, 63126948180 og W3T13271.<\/p>\n<p>12V DC.<br \/>2 \u00e5rs garanti.<br \/>OEM-fabrikater af denne ballast findes i f\u00f8lgende biler:<\/p>\n<p>BMW 3-serie E90\/E91 2006-2008<br \/>Passer ogs\u00e5 til Volvo V70 2008-2015 <\/p>\n<p>Denne type kopi af originale produkter er tilg\u00e6ngelig p\u00e5 markedet. Det mest almindelige tr\u00e6k ved originaler og kopier er det ydre kabinet. Det, der adskiller dem, er komponenterne, programmeringen og kvaliteten.<br \/>Og det g\u00e6lder ogs\u00e5 mellem forskellige producenter af replikaer.<br \/>Mens originalen er fuldt funktionsdygtig for alle k\u00f8ret\u00f8jer p\u00e5 listen, kan nogle kopier v\u00e6re begr\u00e6nset i funktionalitet for individuelle m\u00e6rker eller modeller, afh\u00e6ngigt af blandt andet producentens tekniske viden og ambition.<br \/>Vores XK-forkoblinger er dyrere at k\u00f8be og derfor generelt bedre end billigere alternativer - som i \u00f8vrigt ogs\u00e5 kan v\u00e6re prissat h\u00f8jere af konkurrenterne.<\/p>","protected":false},"excerpt":{"rendered":"<p>Eftermarkeds xenon-ballast i henhold til original Mitsubishi-model til BMW 3-serie E90\/E91 2006-2008 Volvo V70\/XC70 2008-2015<\/p>","protected":false},"featured_media":2359,"comment_status":"closed","ping_status":"open","template":"","meta":{"_acf_changed":false,"_smort_price_nok":"956","_smort_price_dkk":"607","_smort_price_eur":"81.36","_smort_sale_price_nok":"","_smort_sale_price_dkk":"","_smort_sale_price_eur":"","smort_restorder":"","shipmondo_restorder":"","_kad_blocks_custom_css":"","_kad_blocks_head_custom_js":"","_kad_blocks_body_custom_js":"","_kad_blocks_footer_custom_js":"","smort_custom_pricelist_1":"501.2","smort_custom_pricelist_2":"501.2","smort_custom_pricelist_3":"476.14","smort_custom_pricelist_4":"716","smort_custom_pricelist_5":"501.2"},"anvandningsomrade":[],"bilmarken":[],"product_brand":[117],"product_cat":[2484,2485,789,733],"product_tag":[],"class_list":{"0":"post-2358","1":"product","2":"type-product","3":"status-publish","4":"has-post-thumbnail","6":"product_brand-xenonkungen","7":"product_cat-ballast-halvljus-helljus","8":"product_cat-xenonkonventering","9":"product_cat-ballast","10":"product_cat-halvljus-helljus","11":"pa_volt-v-159","13":"first","14":"instock","15":"taxable","16":"shipping-taxable","17":"purchasable","18":"product-type-simple"},"bundled_by":[],"bundle_stock_status":"instock","bundle_stock_quantity":54,"bundle_virtual":false,"bundle_layout":"","bundle_add_to_cart_form_location":"","bundle_editable_in_cart":false,"bundle_sold_individually_context":"","bundle_item_grouping":"","bundle_min_size":"","bundle_max_size":"","bundle_price":[],"bundled_items":[],"bundle_sell_ids":[],"acf":[],"yoast_head":"<!-- This site is optimized with the Yoast SEO plugin v27.0 - https:\/\/yoast.com\/product\/yoast-seo-wordpress\/ -->\n<title>XK Ballast BMW E90\/E91 2006-2008 - Xenonkungen<\/title>\n<meta name=\"robots\" content=\"index, follow, max-snippet:-1, max-image-preview:large, max-video-preview:-1\" \/>\n<link rel=\"canonical\" href=\"https:\/\/xenonkungen.com\/dk\/vare\/xk-ballast-bmw-e90-e91-2006-2008\/\" \/>\n<meta property=\"og:locale\" content=\"da_DK\" \/>\n<meta property=\"og:type\" content=\"article\" \/>\n<meta property=\"og:title\" content=\"XK Ballast BMW E90\/E91 2006-2008 - Xenonkungen\" \/>\n<meta property=\"og:description\" content=\"Eftermarknads xenon ballast enligt original Mitsubishi f\u00f6rlaga f\u00f6r BMW 3-serie E90\/E91 2006-2008 Volvo V70\/XC70 2008-2015\" \/>\n<meta property=\"og:url\" content=\"https:\/\/xenonkungen.com\/dk\/vare\/xk-ballast-bmw-e90-e91-2006-2008\/\" \/>\n<meta property=\"og:site_name\" content=\"Xenonkungen\" \/>\n<meta property=\"article:modified_time\" content=\"2026-04-24T15:32:03+00:00\" \/>\n<meta property=\"og:image\" content=\"https:\/\/xenonkungen.com\/wp-content\/uploads\/2025\/04\/154830942-origpic-767f66.png\" \/>\n\t<meta property=\"og:image:width\" content=\"1000\" \/>\n\t<meta property=\"og:image:height\" content=\"1000\" \/>\n\t<meta property=\"og:image:type\" content=\"image\/png\" \/>\n<meta name=\"twitter:card\" content=\"summary_large_image\" \/>\n<meta name=\"twitter:label1\" content=\"Estimeret l\u00e6setid\" \/>\n\t<meta name=\"twitter:data1\" content=\"1 minut\" \/>\n<script type=\"application\/ld+json\" class=\"yoast-schema-graph\">{\"@context\":\"https:\/\/schema.org\",\"@graph\":[{\"@type\":\"WebPage\",\"@id\":\"https:\/\/xenonkungen.com\/produkt\/xk-ballast-bmw-e90-e91-2006-2008\/\",\"url\":\"https:\/\/xenonkungen.com\/produkt\/xk-ballast-bmw-e90-e91-2006-2008\/\",\"name\":\"XK Ballast BMW E90\/E91 2006-2008 - Xenonkungen\",\"isPartOf\":{\"@id\":\"https:\/\/xenonkungen.com\/#website\"},\"primaryImageOfPage\":{\"@id\":\"https:\/\/xenonkungen.com\/produkt\/xk-ballast-bmw-e90-e91-2006-2008\/#primaryimage\"},\"image\":{\"@id\":\"https:\/\/xenonkungen.com\/produkt\/xk-ballast-bmw-e90-e91-2006-2008\/#primaryimage\"},\"thumbnailUrl\":\"https:\/\/xenonkungen.com\/wp-content\/uploads\/2025\/04\/154830942-origpic-767f66.png\",\"datePublished\":\"2025-04-15T08:36:31+00:00\",\"dateModified\":\"2026-04-24T15:32:03+00:00\",\"breadcrumb\":{\"@id\":\"https:\/\/xenonkungen.com\/produkt\/xk-ballast-bmw-e90-e91-2006-2008\/#breadcrumb\"},\"inLanguage\":\"da-DK\",\"potentialAction\":[{\"@type\":\"ReadAction\",\"target\":[\"https:\/\/xenonkungen.com\/produkt\/xk-ballast-bmw-e90-e91-2006-2008\/\"]}]},{\"@type\":\"ImageObject\",\"inLanguage\":\"da-DK\",\"@id\":\"https:\/\/xenonkungen.com\/produkt\/xk-ballast-bmw-e90-e91-2006-2008\/#primaryimage\",\"url\":\"https:\/\/xenonkungen.com\/wp-content\/uploads\/2025\/04\/154830942-origpic-767f66.png\",\"contentUrl\":\"https:\/\/xenonkungen.com\/wp-content\/uploads\/2025\/04\/154830942-origpic-767f66.png\",\"width\":1000,\"height\":1000},{\"@type\":\"BreadcrumbList\",\"@id\":\"https:\/\/xenonkungen.com\/produkt\/xk-ballast-bmw-e90-e91-2006-2008\/#breadcrumb\",\"itemListElement\":[{\"@type\":\"ListItem\",\"position\":1,\"name\":\"Hem\",\"item\":\"https:\/\/xenonkungen.com\/\"},{\"@type\":\"ListItem\",\"position\":2,\"name\":\"Shop\",\"item\":\"https:\/\/xenonkungen.com\/shop\/\"},{\"@type\":\"ListItem\",\"position\":3,\"name\":\"XK Ballast BMW E90\/E91 2006-2008\"}]},{\"@type\":\"WebSite\",\"@id\":\"https:\/\/xenonkungen.com\/#website\",\"url\":\"https:\/\/xenonkungen.com\/\",\"name\":\"Xenonkungen\",\"description\":\"\",\"potentialAction\":[{\"@type\":\"SearchAction\",\"target\":{\"@type\":\"EntryPoint\",\"urlTemplate\":\"https:\/\/xenonkungen.com\/?s={search_term_string}\"},\"query-input\":{\"@type\":\"PropertyValueSpecification\",\"valueRequired\":true,\"valueName\":\"search_term_string\"}}],\"inLanguage\":\"da-DK\"}]}<\/script>\n<!-- \/ Yoast SEO plugin. -->","yoast_head_json":{"title":"XK Ballast BMW E90\/E91 2006-2008 - Xenon-kongen","robots":{"index":"index","follow":"follow","max-snippet":"max-snippet:-1","max-image-preview":"max-image-preview:large","max-video-preview":"max-video-preview:-1"},"canonical":"https:\/\/xenonkungen.com\/dk\/vare\/xk-ballast-bmw-e90-e91-2006-2008\/","og_locale":"da_DK","og_type":"article","og_title":"XK Ballast BMW E90\/E91 2006-2008 - Xenonkungen","og_description":"Eftermarknads xenon ballast enligt original Mitsubishi f\u00f6rlaga f\u00f6r BMW 3-serie E90\/E91 2006-2008 Volvo V70\/XC70 2008-2015","og_url":"https:\/\/xenonkungen.com\/dk\/vare\/xk-ballast-bmw-e90-e91-2006-2008\/","og_site_name":"Xenonkungen","article_modified_time":"2026-04-24T15:32:03+00:00","og_image":[{"width":1000,"height":1000,"url":"https:\/\/xenonkungen.com\/wp-content\/uploads\/2025\/04\/154830942-origpic-767f66.png","type":"image\/png"}],"twitter_card":"summary_large_image","twitter_misc":{"Estimeret l\u00e6setid":"1 minut"},"schema":{"@context":"https:\/\/schema.org","@graph":[{"@type":"WebPage","@id":"https:\/\/xenonkungen.com\/produkt\/xk-ballast-bmw-e90-e91-2006-2008\/","url":"https:\/\/xenonkungen.com\/produkt\/xk-ballast-bmw-e90-e91-2006-2008\/","name":"XK Ballast BMW E90\/E91 2006-2008 - Xenon-kongen","isPartOf":{"@id":"https:\/\/xenonkungen.com\/#website"},"primaryImageOfPage":{"@id":"https:\/\/xenonkungen.com\/produkt\/xk-ballast-bmw-e90-e91-2006-2008\/#primaryimage"},"image":{"@id":"https:\/\/xenonkungen.com\/produkt\/xk-ballast-bmw-e90-e91-2006-2008\/#primaryimage"},"thumbnailUrl":"https:\/\/xenonkungen.com\/wp-content\/uploads\/2025\/04\/154830942-origpic-767f66.png","datePublished":"2025-04-15T08:36:31+00:00","dateModified":"2026-04-24T15:32:03+00:00","breadcrumb":{"@id":"https:\/\/xenonkungen.com\/produkt\/xk-ballast-bmw-e90-e91-2006-2008\/#breadcrumb"},"inLanguage":"da-DK","potentialAction":[{"@type":"ReadAction","target":["https:\/\/xenonkungen.com\/produkt\/xk-ballast-bmw-e90-e91-2006-2008\/"]}]},{"@type":"ImageObject","inLanguage":"da-DK","@id":"https:\/\/xenonkungen.com\/produkt\/xk-ballast-bmw-e90-e91-2006-2008\/#primaryimage","url":"https:\/\/xenonkungen.com\/wp-content\/uploads\/2025\/04\/154830942-origpic-767f66.png","contentUrl":"https:\/\/xenonkungen.com\/wp-content\/uploads\/2025\/04\/154830942-origpic-767f66.png","width":1000,"height":1000},{"@type":"BreadcrumbList","@id":"https:\/\/xenonkungen.com\/produkt\/xk-ballast-bmw-e90-e91-2006-2008\/#breadcrumb","itemListElement":[{"@type":"ListItem","position":1,"name":"Hem","item":"https:\/\/xenonkungen.com\/"},{"@type":"ListItem","position":2,"name":"Shop","item":"https:\/\/xenonkungen.com\/shop\/"},{"@type":"ListItem","position":3,"name":"XK Ballast BMW E90\/E91 2006-2008"}]},{"@type":"WebSite","@id":"https:\/\/xenonkungen.com\/#website","url":"https:\/\/xenonkungen.com\/","name":"Xenonkungen","description":"","potentialAction":[{"@type":"SearchAction","target":{"@type":"EntryPoint","urlTemplate":"https:\/\/xenonkungen.com\/?s={search_term_string}"},"query-input":{"@type":"PropertyValueSpecification","valueRequired":true,"valueName":"search_term_string"}}],"inLanguage":"da-DK"}]}},"taxonomy_info":{"product_brand":[{"value":117,"label":"Xenonkungen"}],"product_cat":[{"value":2484,"label":"Ballast"},{"value":2485,"label":"Xenonkonvertering"},{"value":789,"label":"Ballast"},{"value":733,"label":"Halvljus \/ Helljus"}],"pa_volt-v":[{"value":159,"label":"12"}]},"featured_image_src_large":["https:\/\/xenonkungen.com\/wp-content\/uploads\/2025\/04\/154830942-origpic-767f66.png",1000,1000,false],"author_info":[],"comment_info":0,"_links":{"self":[{"href":"https:\/\/xenonkungen.com\/dk\/wp-json\/wp\/v2\/product\/2358","targetHints":{"allow":["GET"]}}],"collection":[{"href":"https:\/\/xenonkungen.com\/dk\/wp-json\/wp\/v2\/product"}],"about":[{"href":"https:\/\/xenonkungen.com\/dk\/wp-json\/wp\/v2\/types\/product"}],"replies":[{"embeddable":true,"href":"https:\/\/xenonkungen.com\/dk\/wp-json\/wp\/v2\/comments?post=2358"}],"wp:featuredmedia":[{"embeddable":true,"href":"https:\/\/xenonkungen.com\/dk\/wp-json\/wp\/v2\/media\/2359"}],"wp:attachment":[{"href":"https:\/\/xenonkungen.com\/dk\/wp-json\/wp\/v2\/media?parent=2358"}],"wp:term":[{"taxonomy":"anvandningsomrade","embeddable":true,"href":"https:\/\/xenonkungen.com\/dk\/wp-json\/wp\/v2\/anvandningsomrade?post=2358"},{"taxonomy":"bilmarken","embeddable":true,"href":"https:\/\/xenonkungen.com\/dk\/wp-json\/wp\/v2\/bilmarken?post=2358"},{"taxonomy":"product_brand","embeddable":true,"href":"https:\/\/xenonkungen.com\/dk\/wp-json\/wp\/v2\/product_brand?post=2358"},{"taxonomy":"product_cat","embeddable":true,"href":"https:\/\/xenonkungen.com\/dk\/wp-json\/wp\/v2\/product_cat?post=2358"},{"taxonomy":"product_tag","embeddable":true,"href":"https:\/\/xenonkungen.com\/dk\/wp-json\/wp\/v2\/product_tag?post=2358"}],"curies":[{"name":"wp","href":"https:\/\/api.w.org\/{rel}","templated":true}]}}