{"id":2361,"date":"2025-04-15T08:36:31","date_gmt":"2025-04-15T08:36:31","guid":{"rendered":"https:\/\/xenonkungen.com\/product\/xk-ballast-mitsubishi-v-a-g\/"},"modified":"2026-04-24T16:32:06","modified_gmt":"2026-04-24T15:32:06","slug":"xk-ballast-mitsubishi-vag","status":"publish","type":"product","link":"https:\/\/xenonkungen.com\/dk\/vare\/xk-ballast-mitsubishi-vag\/","title":{"rendered":"XK Ballast Mitsubishi VAG"},"content":{"rendered":"<p>Eftermarkeds xenon-ballast i henhold til den originale model, der erstatter biler udstyret med en lignende model af m\u00e6rket Mitsubishi W003T22071 og andre betegnelser.<\/p>\n<p>12V DC.<br \/>OEM-fabrikater af denne ballast findes i f\u00f8lgende biler:<\/p>\n<p><strong>AUDI<\/strong><br \/>A1 2011-2015<br \/>A3 2009-2013<br \/>S3 2009-2014<br \/>RS3 2011-2013<br \/>A4 2008-2015<br \/>S4 2010-2014<br \/>RS4 2013-2016<br \/>A5 2008-2014<br \/>S5 2008-2014<br \/>RS5 2010-2016<br \/>A6 2011-2015<br \/>S6 2009-2014<br \/>RS6 2013-2015<br \/>A7 2011-2014<br \/>S7 2010-2014<br \/>RS7 2014-2015<br \/>A8 2010-2015<br \/>S8 2010-2014<br \/>A8L 2010-2014<br \/>3. kvartal 2012-2014<br \/>RSQ3 2014-2015<br \/>5. kvartal 2009-2012 <\/p>\n<p><strong>S\u00c6DE<\/strong><br \/>ALHAMBRA 2011-2015<\/p>\n<p><strong>SKODA<\/strong><br \/>Octavia 2013-2014<br \/>Fremragende 2014-2015<\/p>\n<p><strong>VW<\/strong><br \/>CADDY 2011-2015<br \/>CC 2012-2015<br \/>SHARAN 2011-2015<br \/>SCIROCCO 2015<br \/>EOS 2011-2016<br \/>JETTA 2011-2014<br \/>TIGUAN 2012-2015<br \/>TOURAN 2011-2015<br \/>TOUAREG 2011-2015<br \/>GOLF 2014-2015<br \/>TRANSPORT 2012-2015<br \/>POLO 2010-2015<br \/>Bille\/Ny Bille 2011-2014<\/p>\n<p><strong>2 \u00e5rs garanti<\/strong><\/p>\n<p><strong>Godt at vide<\/strong><br \/>Denne type kopi af originale produkter er tilg\u00e6ngelig p\u00e5 markedet. Det mest almindelige tr\u00e6k ved originaler og kopier er det ydre kabinet. Det, der adskiller dem, er komponenterne, programmeringen og kvaliteten.<br \/>Og det g\u00e6lder ogs\u00e5 mellem forskellige producenter af replikaer.<br \/>Mens originalen er fuldt funktionsdygtig for alle k\u00f8ret\u00f8jer p\u00e5 listen, kan nogle kopier v\u00e6re begr\u00e6nset i funktionalitet for individuelle m\u00e6rker eller modeller, afh\u00e6ngigt af blandt andet producentens tekniske viden og ambition.<br \/>Vores XK-forkoblinger er dyrere at k\u00f8be og derfor generelt bedre end billigere alternativer - som i \u00f8vrigt ogs\u00e5 kan v\u00e6re prissat h\u00f8jere af konkurrenterne.<\/p>","protected":false},"excerpt":{"rendered":"<p>Eftermarkeds xenon-ballast i henhold til originalmodel til Audi, VW, Skoda og Seat. <b>Original udskiftning<\/b> <b>H\u00f8j kvalitet<\/b> <b>Passer til mange forskellige bilmodeller<\/b> <b>2 \u00e5rs garanti<\/b><\/p>","protected":false},"featured_media":2362,"comment_status":"closed","ping_status":"open","template":"","meta":{"_acf_changed":false,"_smort_price_nok":"956","_smort_price_dkk":"607","_smort_price_eur":"81.36","_smort_sale_price_nok":"","_smort_sale_price_dkk":"","_smort_sale_price_eur":"","smort_restorder":"","shipmondo_restorder":"","_kad_blocks_custom_css":"","_kad_blocks_head_custom_js":"","_kad_blocks_body_custom_js":"","_kad_blocks_footer_custom_js":"","smort_custom_pricelist_1":"501.2","smort_custom_pricelist_2":"501.2","smort_custom_pricelist_3":"476.14","smort_custom_pricelist_4":"716","smort_custom_pricelist_5":"501.2"},"anvandningsomrade":[],"bilmarken":[],"product_brand":[117],"product_cat":[2484,2485,789,733],"product_tag":[],"class_list":{"0":"post-2361","1":"product","2":"type-product","3":"status-publish","4":"has-post-thumbnail","6":"product_brand-xenonkungen","7":"product_cat-ballast-halvljus-helljus","8":"product_cat-xenonkonventering","9":"product_cat-ballast","10":"product_cat-halvljus-helljus","11":"pa_volt-v-159","13":"first","14":"instock","15":"taxable","16":"shipping-taxable","17":"purchasable","18":"product-type-simple"},"bundled_by":[],"bundle_stock_status":"instock","bundle_stock_quantity":11,"bundle_virtual":false,"bundle_layout":"","bundle_add_to_cart_form_location":"","bundle_editable_in_cart":false,"bundle_sold_individually_context":"","bundle_item_grouping":"","bundle_min_size":"","bundle_max_size":"","bundle_price":[],"bundled_items":[],"bundle_sell_ids":[],"acf":[],"yoast_head":"<!-- This site is optimized with the Yoast SEO plugin v27.0 - https:\/\/yoast.com\/product\/yoast-seo-wordpress\/ -->\n<title>XK Ballast Mitsubishi V.A.G. - Xenonkungen<\/title>\n<meta name=\"robots\" content=\"index, follow, max-snippet:-1, max-image-preview:large, max-video-preview:-1\" \/>\n<link rel=\"canonical\" href=\"https:\/\/xenonkungen.com\/dk\/vare\/xk-ballast-mitsubishi-vag\/\" \/>\n<meta property=\"og:locale\" content=\"da_DK\" \/>\n<meta property=\"og:type\" content=\"article\" \/>\n<meta property=\"og:title\" content=\"XK Ballast Mitsubishi V.A.G. - Xenonkungen\" \/>\n<meta property=\"og:description\" content=\"Eftermarknads xenon ballast enligt original f\u00f6rlaga f\u00f6r Audi, VW, Skoda och Seat. Orginalers\u00e4ttning H\u00f6g kvalitet Passar m\u00e5nga olika bilmodeller 2 \u00e5rs garanti\" \/>\n<meta property=\"og:url\" content=\"https:\/\/xenonkungen.com\/dk\/vare\/xk-ballast-mitsubishi-vag\/\" \/>\n<meta property=\"og:site_name\" content=\"Xenonkungen\" \/>\n<meta property=\"article:modified_time\" content=\"2026-04-24T15:32:06+00:00\" \/>\n<meta property=\"og:image\" content=\"https:\/\/xenonkungen.com\/wp-content\/uploads\/2025\/04\/154819112-origpic-be707d.png\" \/>\n\t<meta property=\"og:image:width\" content=\"1000\" \/>\n\t<meta property=\"og:image:height\" content=\"1000\" \/>\n\t<meta property=\"og:image:type\" content=\"image\/png\" \/>\n<meta name=\"twitter:card\" content=\"summary_large_image\" \/>\n<meta name=\"twitter:label1\" content=\"Estimeret l\u00e6setid\" \/>\n\t<meta name=\"twitter:data1\" content=\"1 minut\" \/>\n<script type=\"application\/ld+json\" class=\"yoast-schema-graph\">{\"@context\":\"https:\/\/schema.org\",\"@graph\":[{\"@type\":\"WebPage\",\"@id\":\"https:\/\/xenonkungen.com\/produkt\/xk-ballast-mitsubishi-v-a-g\/\",\"url\":\"https:\/\/xenonkungen.com\/produkt\/xk-ballast-mitsubishi-v-a-g\/\",\"name\":\"XK Ballast Mitsubishi V.A.G. - Xenonkungen\",\"isPartOf\":{\"@id\":\"https:\/\/xenonkungen.com\/#website\"},\"primaryImageOfPage\":{\"@id\":\"https:\/\/xenonkungen.com\/produkt\/xk-ballast-mitsubishi-v-a-g\/#primaryimage\"},\"image\":{\"@id\":\"https:\/\/xenonkungen.com\/produkt\/xk-ballast-mitsubishi-v-a-g\/#primaryimage\"},\"thumbnailUrl\":\"https:\/\/xenonkungen.com\/wp-content\/uploads\/2025\/04\/154819112-origpic-be707d.png\",\"datePublished\":\"2025-04-15T08:36:31+00:00\",\"dateModified\":\"2026-04-24T15:32:06+00:00\",\"breadcrumb\":{\"@id\":\"https:\/\/xenonkungen.com\/produkt\/xk-ballast-mitsubishi-v-a-g\/#breadcrumb\"},\"inLanguage\":\"da-DK\",\"potentialAction\":[{\"@type\":\"ReadAction\",\"target\":[\"https:\/\/xenonkungen.com\/produkt\/xk-ballast-mitsubishi-v-a-g\/\"]}]},{\"@type\":\"ImageObject\",\"inLanguage\":\"da-DK\",\"@id\":\"https:\/\/xenonkungen.com\/produkt\/xk-ballast-mitsubishi-v-a-g\/#primaryimage\",\"url\":\"https:\/\/xenonkungen.com\/wp-content\/uploads\/2025\/04\/154819112-origpic-be707d.png\",\"contentUrl\":\"https:\/\/xenonkungen.com\/wp-content\/uploads\/2025\/04\/154819112-origpic-be707d.png\",\"width\":1000,\"height\":1000},{\"@type\":\"BreadcrumbList\",\"@id\":\"https:\/\/xenonkungen.com\/produkt\/xk-ballast-mitsubishi-v-a-g\/#breadcrumb\",\"itemListElement\":[{\"@type\":\"ListItem\",\"position\":1,\"name\":\"Hem\",\"item\":\"https:\/\/xenonkungen.com\/\"},{\"@type\":\"ListItem\",\"position\":2,\"name\":\"Shop\",\"item\":\"https:\/\/xenonkungen.com\/shop\/\"},{\"@type\":\"ListItem\",\"position\":3,\"name\":\"XK Ballast Mitsubishi V.A.G.\"}]},{\"@type\":\"WebSite\",\"@id\":\"https:\/\/xenonkungen.com\/#website\",\"url\":\"https:\/\/xenonkungen.com\/\",\"name\":\"Xenonkungen\",\"description\":\"\",\"potentialAction\":[{\"@type\":\"SearchAction\",\"target\":{\"@type\":\"EntryPoint\",\"urlTemplate\":\"https:\/\/xenonkungen.com\/?s={search_term_string}\"},\"query-input\":{\"@type\":\"PropertyValueSpecification\",\"valueRequired\":true,\"valueName\":\"search_term_string\"}}],\"inLanguage\":\"da-DK\"}]}<\/script>\n<!-- \/ Yoast SEO plugin. -->","yoast_head_json":{"title":"XK Ballast Mitsubishi VAG - Xenon Kongen","robots":{"index":"index","follow":"follow","max-snippet":"max-snippet:-1","max-image-preview":"max-image-preview:large","max-video-preview":"max-video-preview:-1"},"canonical":"https:\/\/xenonkungen.com\/dk\/vare\/xk-ballast-mitsubishi-vag\/","og_locale":"da_DK","og_type":"article","og_title":"XK Ballast Mitsubishi V.A.G. - Xenonkungen","og_description":"Eftermarknads xenon ballast enligt original f\u00f6rlaga f\u00f6r Audi, VW, Skoda och Seat. Orginalers\u00e4ttning H\u00f6g kvalitet Passar m\u00e5nga olika bilmodeller 2 \u00e5rs garanti","og_url":"https:\/\/xenonkungen.com\/dk\/vare\/xk-ballast-mitsubishi-vag\/","og_site_name":"Xenonkungen","article_modified_time":"2026-04-24T15:32:06+00:00","og_image":[{"width":1000,"height":1000,"url":"https:\/\/xenonkungen.com\/wp-content\/uploads\/2025\/04\/154819112-origpic-be707d.png","type":"image\/png"}],"twitter_card":"summary_large_image","twitter_misc":{"Estimeret l\u00e6setid":"1 minut"},"schema":{"@context":"https:\/\/schema.org","@graph":[{"@type":"WebPage","@id":"https:\/\/xenonkungen.com\/produkt\/xk-ballast-mitsubishi-v-a-g\/","url":"https:\/\/xenonkungen.com\/produkt\/xk-ballast-mitsubishi-v-a-g\/","name":"XK Ballast Mitsubishi VAG - Xenon Kongen","isPartOf":{"@id":"https:\/\/xenonkungen.com\/#website"},"primaryImageOfPage":{"@id":"https:\/\/xenonkungen.com\/produkt\/xk-ballast-mitsubishi-v-a-g\/#primaryimage"},"image":{"@id":"https:\/\/xenonkungen.com\/produkt\/xk-ballast-mitsubishi-v-a-g\/#primaryimage"},"thumbnailUrl":"https:\/\/xenonkungen.com\/wp-content\/uploads\/2025\/04\/154819112-origpic-be707d.png","datePublished":"2025-04-15T08:36:31+00:00","dateModified":"2026-04-24T15:32:06+00:00","breadcrumb":{"@id":"https:\/\/xenonkungen.com\/produkt\/xk-ballast-mitsubishi-v-a-g\/#breadcrumb"},"inLanguage":"da-DK","potentialAction":[{"@type":"ReadAction","target":["https:\/\/xenonkungen.com\/produkt\/xk-ballast-mitsubishi-v-a-g\/"]}]},{"@type":"ImageObject","inLanguage":"da-DK","@id":"https:\/\/xenonkungen.com\/produkt\/xk-ballast-mitsubishi-v-a-g\/#primaryimage","url":"https:\/\/xenonkungen.com\/wp-content\/uploads\/2025\/04\/154819112-origpic-be707d.png","contentUrl":"https:\/\/xenonkungen.com\/wp-content\/uploads\/2025\/04\/154819112-origpic-be707d.png","width":1000,"height":1000},{"@type":"BreadcrumbList","@id":"https:\/\/xenonkungen.com\/produkt\/xk-ballast-mitsubishi-v-a-g\/#breadcrumb","itemListElement":[{"@type":"ListItem","position":1,"name":"Hem","item":"https:\/\/xenonkungen.com\/"},{"@type":"ListItem","position":2,"name":"Shop","item":"https:\/\/xenonkungen.com\/shop\/"},{"@type":"ListItem","position":3,"name":"XK Ballast Mitsubishi V.A.G."}]},{"@type":"WebSite","@id":"https:\/\/xenonkungen.com\/#website","url":"https:\/\/xenonkungen.com\/","name":"Xenonkungen","description":"","potentialAction":[{"@type":"SearchAction","target":{"@type":"EntryPoint","urlTemplate":"https:\/\/xenonkungen.com\/?s={search_term_string}"},"query-input":{"@type":"PropertyValueSpecification","valueRequired":true,"valueName":"search_term_string"}}],"inLanguage":"da-DK"}]}},"taxonomy_info":{"product_brand":[{"value":117,"label":"Xenonkungen"}],"product_cat":[{"value":2484,"label":"Ballast"},{"value":2485,"label":"Xenonkonvertering"},{"value":789,"label":"Ballast"},{"value":733,"label":"Halvljus \/ Helljus"}],"pa_volt-v":[{"value":159,"label":"12"}]},"featured_image_src_large":["https:\/\/xenonkungen.com\/wp-content\/uploads\/2025\/04\/154819112-origpic-be707d.png",1000,1000,false],"author_info":[],"comment_info":0,"_links":{"self":[{"href":"https:\/\/xenonkungen.com\/dk\/wp-json\/wp\/v2\/product\/2361","targetHints":{"allow":["GET"]}}],"collection":[{"href":"https:\/\/xenonkungen.com\/dk\/wp-json\/wp\/v2\/product"}],"about":[{"href":"https:\/\/xenonkungen.com\/dk\/wp-json\/wp\/v2\/types\/product"}],"replies":[{"embeddable":true,"href":"https:\/\/xenonkungen.com\/dk\/wp-json\/wp\/v2\/comments?post=2361"}],"wp:featuredmedia":[{"embeddable":true,"href":"https:\/\/xenonkungen.com\/dk\/wp-json\/wp\/v2\/media\/2362"}],"wp:attachment":[{"href":"https:\/\/xenonkungen.com\/dk\/wp-json\/wp\/v2\/media?parent=2361"}],"wp:term":[{"taxonomy":"anvandningsomrade","embeddable":true,"href":"https:\/\/xenonkungen.com\/dk\/wp-json\/wp\/v2\/anvandningsomrade?post=2361"},{"taxonomy":"bilmarken","embeddable":true,"href":"https:\/\/xenonkungen.com\/dk\/wp-json\/wp\/v2\/bilmarken?post=2361"},{"taxonomy":"product_brand","embeddable":true,"href":"https:\/\/xenonkungen.com\/dk\/wp-json\/wp\/v2\/product_brand?post=2361"},{"taxonomy":"product_cat","embeddable":true,"href":"https:\/\/xenonkungen.com\/dk\/wp-json\/wp\/v2\/product_cat?post=2361"},{"taxonomy":"product_tag","embeddable":true,"href":"https:\/\/xenonkungen.com\/dk\/wp-json\/wp\/v2\/product_tag?post=2361"}],"curies":[{"name":"wp","href":"https:\/\/api.w.org\/{rel}","templated":true}]}}