{"id":2431,"date":"2025-04-15T08:37:18","date_gmt":"2025-04-15T08:37:18","guid":{"rendered":"https:\/\/xenonkungen.com\/product\/xk-ballast-5gl-4pin\/"},"modified":"2026-04-17T12:03:57","modified_gmt":"2026-04-17T11:03:57","slug":"xk-ballast-5gl-4ben","status":"publish","type":"product","link":"https:\/\/xenonkungen.com\/dk\/vare\/xk-ballast-5gl-4ben\/","title":{"rendered":"XK Ballast 5GL 4PIN"},"content":{"rendered":"<p>Til Volvo, BMW, VAG og andre bilm\u00e6rker. Eftermarkeds xenon-ballast i henhold til Valeo-modellen, der erstatter biler udstyret med en lignende model af m\u00e6rket Valeo Velarc LAD5GL 4-PIN.<br \/>12VDC.<\/p>\n<p><strong>Passer til f\u00f8lgende biler:<\/strong><\/p>\n<p><strong>ALFA Romeo<\/strong><br \/>147<br \/>156<\/p>\n<p><strong>AUDI<\/strong> <br \/>A3<br \/>A4\/S4 B6 03\/2003 \u2013 12\/2005<br \/>S4 2D Cabriolet 02\/2004 \u2013 12\/2005<br \/>A6<br \/>A8<br \/>TT<\/p>\n<p><strong>BMW<\/strong> <br \/>1-serie E81 E87 2004-2010<br \/>E39<br \/>E46<br \/>E60<br \/>E65<br \/>X5<br \/>Z4<\/p>\n<p><strong>CADILLAC<\/strong> <br \/>SRX 2003-2009<\/p>\n<p><strong>CHRYSLER<\/strong> <br \/>300 2005-2008<\/p>\n<p><strong>CITROEN<\/strong> <br \/>C4 2008-2015<br \/>C5 09\/2004 \u2013 06\/2008<br \/>C8<\/p>\n<p><strong>FERRARI<\/strong> <br \/>F430 2004-2013<\/p>\n<p><strong>FIAT<\/strong> <br \/>Ulysses<\/p>\n<p><strong>FORD<\/strong> <br \/>Galakse<br \/>Tilstand II\/III<br \/>Fokus<\/p>\n<p><strong>JAGUAR<\/strong> <br \/>XJ8 2002-2009<br \/>XJR 2005-2008<\/p>\n<p><strong>LOTUS<\/strong> <br \/>\u00c9vora 2009-2013<\/p>\n<p><strong>MERCEDES<\/strong><br \/>W163<br \/>W203<br \/>W210<br \/>W211<br \/>EN<br \/>CLK<br \/>ML<\/p>\n<p><strong>MINI<\/strong> <br \/>Cooper<\/p>\n<p><strong>NISSAN<\/strong> <br \/>Primera P12 2002-<\/p>\n<p><strong>OPEL<\/strong> <br \/>Meriva A 05\/2003 \u2013 07\/2010<br \/>Vectra B\/C<br \/>Omega B\/C<br \/>Astra II\/III<br \/>Signum<br \/>Zafira I<\/p>\n<p><strong>PEUGEOT<\/strong> <br \/>407<\/p>\n<p><strong>RANGE ROVER<\/strong> <br \/>Rover 75<\/p>\n<p><strong>RENAULT<\/strong> <br \/>Clio II<br \/>Rum 4 2003-2011<br \/>Laguna II 2000-2007<br \/>Megane II 2002-2008<\/p>\n<p><strong>S\u00c6DE<\/strong> <br \/>C\u00f3rdoba 09\/2002 \u2013 11\/2009<br \/>Ibiza Mk3 2002 \u2013 2008<br \/>Alhambra<\/p>\n<p><strong>SKODA<\/strong> <br \/>Octavia<br \/>Fremragende<\/p>\n<p><strong>VOLKSWAGEN<\/strong> <br \/>Passat B6 B7 03\/2005 \u2013 11\/2012<br \/>Phaeton 05\/2002 \u2013 06\/2007<br \/>Touareg 11\/2002 \u2013 11\/2006<br \/>Sharan<br \/>Golf 4\/5<br \/>Touran<\/p>\n<p><strong>VOLVO<\/strong> <br \/>S60 2000-2009<br \/>S80 2002-2006<br \/>XC90 2003-2007<br \/>V70\/XC70 2000-2007<\/p>\n<p><strong>Godt at vide<\/strong><br \/>I originalt design f\u00e5s denne vare blandt andet med f\u00f8lgende OEM-varenumre:<br \/>VW, AUDI, SEAT: 3D0907391B, 8E0907391A, 3D0907157<br \/>BMW: 63126938561<br \/>CITROEN: 6224F9<br \/>OPEL: 13128287, 6237219<br \/>Peugeot 6224F9 6224F9<br \/>S\u00e6de 3D0 907 391 B 3D0907391B<br \/>S\u00e6de 8E0 907 391 A 8E0907391A<br \/>Skoda 3D0 907 391 B 3D0907391B<br \/>Skoda 8E0 907 391 A 8E0907391A<br \/>Volvo 30727205 30727205<br \/>Volvo 8678116 8678116<br \/>Volvo 31214562 31214562<br \/>VW 3D0 907 391 B 3D0907391B<br \/>VW 8E0 907 391 A 8E0907391A<br \/>Osv.<\/p>\n<p><strong>2 \u00e5rs garanti<\/strong><\/p>\n<p>Ingen garanti for, at denne liste er korrekt for et bestemt k\u00f8ret\u00f8j. Hvis din bil har en ballast, der ser s\u00e5dan ud, med 4 str\u00f8mben (PIN), s\u00e5 passer den ogs\u00e5.<\/p>\n<p>Denne type kopi af originale produkter er tilg\u00e6ngelig p\u00e5 markedet. Det mest almindelige tr\u00e6k ved originaler og kopier er det ydre kabinet. Det, der adskiller dem, er komponenterne, programmeringen og kvaliteten.<br \/>Og det g\u00e6lder ogs\u00e5 mellem forskellige producenter af replikaer.<br \/>Mens originalen er fuldt funktionsdygtig for alle k\u00f8ret\u00f8jer p\u00e5 listen, kan nogle kopier v\u00e6re begr\u00e6nset i funktionalitet for individuelle m\u00e6rker eller modeller, afh\u00e6ngigt af blandt andet producentens tekniske viden og ambition.<br \/>Vores XK-forkoblinger er dyrere at k\u00f8be og derfor generelt bedre end billigere alternativer - som i \u00f8vrigt ogs\u00e5 kan v\u00e6re prissat h\u00f8jere af konkurrenterne.<\/p>","protected":false},"excerpt":{"rendered":"<p><b>Original udskiftning<\/b> <b>H\u00f8j kvalitet<\/b> <b>Passer til mange forskellige bilmodeller<\/b> <b>2 \u00e5rs garanti<\/b><\/p>","protected":false},"featured_media":2432,"comment_status":"closed","ping_status":"open","template":"","meta":{"_acf_changed":false,"_smort_price_nok":"956","_smort_price_dkk":"607","_smort_price_eur":"81.36","_smort_sale_price_nok":"","_smort_sale_price_dkk":"","_smort_sale_price_eur":"","smort_restorder":"","shipmondo_restorder":"","_kad_blocks_custom_css":"","_kad_blocks_head_custom_js":"","_kad_blocks_body_custom_js":"","_kad_blocks_footer_custom_js":"","smort_custom_pricelist_1":"501.2","smort_custom_pricelist_2":"501.2","smort_custom_pricelist_3":"476.14","smort_custom_pricelist_4":"716","smort_custom_pricelist_5":"501.2"},"anvandningsomrade":[],"bilmarken":[],"product_brand":[117],"product_cat":[2484,2485,789,733],"product_tag":[],"class_list":{"0":"post-2431","1":"product","2":"type-product","3":"status-publish","4":"has-post-thumbnail","6":"product_brand-xenonkungen","7":"product_cat-ballast-halvljus-helljus","8":"product_cat-xenonkonventering","9":"product_cat-ballast","10":"product_cat-halvljus-helljus","11":"pa_volt-v-159","13":"first","14":"instock","15":"taxable","16":"shipping-taxable","17":"purchasable","18":"product-type-simple"},"bundled_by":[],"bundle_stock_status":"instock","bundle_stock_quantity":177,"bundle_virtual":false,"bundle_layout":"","bundle_add_to_cart_form_location":"","bundle_editable_in_cart":false,"bundle_sold_individually_context":"","bundle_item_grouping":"","bundle_min_size":"","bundle_max_size":"","bundle_price":[],"bundled_items":[],"bundle_sell_ids":[],"acf":[],"yoast_head":"<!-- This site is optimized with the Yoast SEO plugin v27.0 - https:\/\/yoast.com\/product\/yoast-seo-wordpress\/ -->\n<title>XK Ballast 5GL 4PIN - Xenonkungen<\/title>\n<meta name=\"robots\" content=\"index, follow, max-snippet:-1, max-image-preview:large, max-video-preview:-1\" \/>\n<link rel=\"canonical\" href=\"https:\/\/xenonkungen.com\/dk\/vare\/xk-ballast-5gl-4ben\/\" \/>\n<meta property=\"og:locale\" content=\"da_DK\" \/>\n<meta property=\"og:type\" content=\"article\" \/>\n<meta property=\"og:title\" content=\"XK Ballast 5GL 4PIN - Xenonkungen\" \/>\n<meta property=\"og:description\" content=\"Orginalers\u00e4ttning H\u00f6g kvalitet Passar m\u00e5nga olika bilmodeller 2 \u00e5rs garanti\" \/>\n<meta property=\"og:url\" content=\"https:\/\/xenonkungen.com\/dk\/vare\/xk-ballast-5gl-4ben\/\" \/>\n<meta property=\"og:site_name\" content=\"Xenonkungen\" \/>\n<meta property=\"article:modified_time\" content=\"2026-04-17T11:03:57+00:00\" \/>\n<meta property=\"og:image\" content=\"https:\/\/xenonkungen.com\/wp-content\/uploads\/2025\/04\/2675390-origpic-55d588.png\" \/>\n\t<meta property=\"og:image:width\" content=\"1000\" \/>\n\t<meta property=\"og:image:height\" content=\"1000\" \/>\n\t<meta property=\"og:image:type\" content=\"image\/png\" \/>\n<meta name=\"twitter:card\" content=\"summary_large_image\" \/>\n<meta name=\"twitter:label1\" content=\"Estimeret l\u00e6setid\" \/>\n\t<meta name=\"twitter:data1\" content=\"2 minutter\" \/>\n<script type=\"application\/ld+json\" class=\"yoast-schema-graph\">{\"@context\":\"https:\/\/schema.org\",\"@graph\":[{\"@type\":\"WebPage\",\"@id\":\"https:\/\/xenonkungen.com\/produkt\/xk-ballast-5gl-4pin\/\",\"url\":\"https:\/\/xenonkungen.com\/produkt\/xk-ballast-5gl-4pin\/\",\"name\":\"XK Ballast 5GL 4PIN - Xenonkungen\",\"isPartOf\":{\"@id\":\"https:\/\/xenonkungen.com\/#website\"},\"primaryImageOfPage\":{\"@id\":\"https:\/\/xenonkungen.com\/produkt\/xk-ballast-5gl-4pin\/#primaryimage\"},\"image\":{\"@id\":\"https:\/\/xenonkungen.com\/produkt\/xk-ballast-5gl-4pin\/#primaryimage\"},\"thumbnailUrl\":\"https:\/\/xenonkungen.com\/wp-content\/uploads\/2025\/04\/2675390-origpic-55d588.png\",\"datePublished\":\"2025-04-15T08:37:18+00:00\",\"dateModified\":\"2026-04-17T11:03:57+00:00\",\"breadcrumb\":{\"@id\":\"https:\/\/xenonkungen.com\/produkt\/xk-ballast-5gl-4pin\/#breadcrumb\"},\"inLanguage\":\"da-DK\",\"potentialAction\":[{\"@type\":\"ReadAction\",\"target\":[\"https:\/\/xenonkungen.com\/produkt\/xk-ballast-5gl-4pin\/\"]}]},{\"@type\":\"ImageObject\",\"inLanguage\":\"da-DK\",\"@id\":\"https:\/\/xenonkungen.com\/produkt\/xk-ballast-5gl-4pin\/#primaryimage\",\"url\":\"https:\/\/xenonkungen.com\/wp-content\/uploads\/2025\/04\/2675390-origpic-55d588.png\",\"contentUrl\":\"https:\/\/xenonkungen.com\/wp-content\/uploads\/2025\/04\/2675390-origpic-55d588.png\",\"width\":1000,\"height\":1000},{\"@type\":\"BreadcrumbList\",\"@id\":\"https:\/\/xenonkungen.com\/produkt\/xk-ballast-5gl-4pin\/#breadcrumb\",\"itemListElement\":[{\"@type\":\"ListItem\",\"position\":1,\"name\":\"Hem\",\"item\":\"https:\/\/xenonkungen.com\/\"},{\"@type\":\"ListItem\",\"position\":2,\"name\":\"Shop\",\"item\":\"https:\/\/xenonkungen.com\/shop\/\"},{\"@type\":\"ListItem\",\"position\":3,\"name\":\"XK Ballast 5GL 4PIN\"}]},{\"@type\":\"WebSite\",\"@id\":\"https:\/\/xenonkungen.com\/#website\",\"url\":\"https:\/\/xenonkungen.com\/\",\"name\":\"Xenonkungen\",\"description\":\"\",\"potentialAction\":[{\"@type\":\"SearchAction\",\"target\":{\"@type\":\"EntryPoint\",\"urlTemplate\":\"https:\/\/xenonkungen.com\/?s={search_term_string}\"},\"query-input\":{\"@type\":\"PropertyValueSpecification\",\"valueRequired\":true,\"valueName\":\"search_term_string\"}}],\"inLanguage\":\"da-DK\"}]}<\/script>\n<!-- \/ Yoast SEO plugin. -->","yoast_head_json":{"title":"XK Ballast 5GL 4PIN - Xenon Kongen","robots":{"index":"index","follow":"follow","max-snippet":"max-snippet:-1","max-image-preview":"max-image-preview:large","max-video-preview":"max-video-preview:-1"},"canonical":"https:\/\/xenonkungen.com\/dk\/vare\/xk-ballast-5gl-4ben\/","og_locale":"da_DK","og_type":"article","og_title":"XK Ballast 5GL 4PIN - Xenonkungen","og_description":"Orginalers\u00e4ttning H\u00f6g kvalitet Passar m\u00e5nga olika bilmodeller 2 \u00e5rs garanti","og_url":"https:\/\/xenonkungen.com\/dk\/vare\/xk-ballast-5gl-4ben\/","og_site_name":"Xenonkungen","article_modified_time":"2026-04-17T11:03:57+00:00","og_image":[{"width":1000,"height":1000,"url":"https:\/\/xenonkungen.com\/wp-content\/uploads\/2025\/04\/2675390-origpic-55d588.png","type":"image\/png"}],"twitter_card":"summary_large_image","twitter_misc":{"Estimeret l\u00e6setid":"2 minutter"},"schema":{"@context":"https:\/\/schema.org","@graph":[{"@type":"WebPage","@id":"https:\/\/xenonkungen.com\/produkt\/xk-ballast-5gl-4pin\/","url":"https:\/\/xenonkungen.com\/produkt\/xk-ballast-5gl-4pin\/","name":"XK Ballast 5GL 4PIN - Xenon Kongen","isPartOf":{"@id":"https:\/\/xenonkungen.com\/#website"},"primaryImageOfPage":{"@id":"https:\/\/xenonkungen.com\/produkt\/xk-ballast-5gl-4pin\/#primaryimage"},"image":{"@id":"https:\/\/xenonkungen.com\/produkt\/xk-ballast-5gl-4pin\/#primaryimage"},"thumbnailUrl":"https:\/\/xenonkungen.com\/wp-content\/uploads\/2025\/04\/2675390-origpic-55d588.png","datePublished":"2025-04-15T08:37:18+00:00","dateModified":"2026-04-17T11:03:57+00:00","breadcrumb":{"@id":"https:\/\/xenonkungen.com\/produkt\/xk-ballast-5gl-4pin\/#breadcrumb"},"inLanguage":"da-DK","potentialAction":[{"@type":"ReadAction","target":["https:\/\/xenonkungen.com\/produkt\/xk-ballast-5gl-4pin\/"]}]},{"@type":"ImageObject","inLanguage":"da-DK","@id":"https:\/\/xenonkungen.com\/produkt\/xk-ballast-5gl-4pin\/#primaryimage","url":"https:\/\/xenonkungen.com\/wp-content\/uploads\/2025\/04\/2675390-origpic-55d588.png","contentUrl":"https:\/\/xenonkungen.com\/wp-content\/uploads\/2025\/04\/2675390-origpic-55d588.png","width":1000,"height":1000},{"@type":"BreadcrumbList","@id":"https:\/\/xenonkungen.com\/produkt\/xk-ballast-5gl-4pin\/#breadcrumb","itemListElement":[{"@type":"ListItem","position":1,"name":"Hem","item":"https:\/\/xenonkungen.com\/"},{"@type":"ListItem","position":2,"name":"Shop","item":"https:\/\/xenonkungen.com\/shop\/"},{"@type":"ListItem","position":3,"name":"XK Ballast 5GL 4PIN"}]},{"@type":"WebSite","@id":"https:\/\/xenonkungen.com\/#website","url":"https:\/\/xenonkungen.com\/","name":"Xenonkungen","description":"","potentialAction":[{"@type":"SearchAction","target":{"@type":"EntryPoint","urlTemplate":"https:\/\/xenonkungen.com\/?s={search_term_string}"},"query-input":{"@type":"PropertyValueSpecification","valueRequired":true,"valueName":"search_term_string"}}],"inLanguage":"da-DK"}]}},"taxonomy_info":{"product_brand":[{"value":117,"label":"Xenonkungen"}],"product_cat":[{"value":2484,"label":"Ballast"},{"value":2485,"label":"XENONKONVENTERING"},{"value":789,"label":"Ballast"},{"value":733,"label":"Halvljus \/ Helljus"}],"pa_volt-v":[{"value":159,"label":"12"}]},"featured_image_src_large":["https:\/\/xenonkungen.com\/wp-content\/uploads\/2025\/04\/2675390-origpic-55d588.png",1000,1000,false],"author_info":[],"comment_info":3,"_links":{"self":[{"href":"https:\/\/xenonkungen.com\/dk\/wp-json\/wp\/v2\/product\/2431","targetHints":{"allow":["GET"]}}],"collection":[{"href":"https:\/\/xenonkungen.com\/dk\/wp-json\/wp\/v2\/product"}],"about":[{"href":"https:\/\/xenonkungen.com\/dk\/wp-json\/wp\/v2\/types\/product"}],"replies":[{"embeddable":true,"href":"https:\/\/xenonkungen.com\/dk\/wp-json\/wp\/v2\/comments?post=2431"}],"wp:featuredmedia":[{"embeddable":true,"href":"https:\/\/xenonkungen.com\/dk\/wp-json\/wp\/v2\/media\/2432"}],"wp:attachment":[{"href":"https:\/\/xenonkungen.com\/dk\/wp-json\/wp\/v2\/media?parent=2431"}],"wp:term":[{"taxonomy":"anvandningsomrade","embeddable":true,"href":"https:\/\/xenonkungen.com\/dk\/wp-json\/wp\/v2\/anvandningsomrade?post=2431"},{"taxonomy":"bilmarken","embeddable":true,"href":"https:\/\/xenonkungen.com\/dk\/wp-json\/wp\/v2\/bilmarken?post=2431"},{"taxonomy":"product_brand","embeddable":true,"href":"https:\/\/xenonkungen.com\/dk\/wp-json\/wp\/v2\/product_brand?post=2431"},{"taxonomy":"product_cat","embeddable":true,"href":"https:\/\/xenonkungen.com\/dk\/wp-json\/wp\/v2\/product_cat?post=2431"},{"taxonomy":"product_tag","embeddable":true,"href":"https:\/\/xenonkungen.com\/dk\/wp-json\/wp\/v2\/product_tag?post=2431"}],"curies":[{"name":"wp","href":"https:\/\/api.w.org\/{rel}","templated":true}]}}