{"id":24847,"date":"2026-01-21T13:29:51","date_gmt":"2026-01-21T12:29:51","guid":{"rendered":"https:\/\/xenonkungen.com\/?post_type=product&#038;p=24847"},"modified":"2026-04-24T17:40:05","modified_gmt":"2026-04-24T16:40:05","slug":"night-breaker-led-smart-hir2-vejledende-udsalgspris","status":"publish","type":"product","link":"https:\/\/xenonkungen.com\/dk\/vare\/night-breaker-led-smart-hir2-vejledende-udsalgspris\/","title":{"rendered":"NIGHT BREAKER LED SMART HIR2 | Legal p\u00e5 gaden"},"content":{"rendered":"<h3 data-start=\"116\" data-end=\"200\">NIGHT BREAKER LED SMART HIR2 \u2013 Opgrader til ekstrem synlighed og moderne LED-teknologi<\/h3>\n<p data-start=\"202\" data-end=\"474\">Oplev et helt nyt niveau af lys med <strong data-start=\"237\" data-end=\"269\">NATBREAKER LED SMART HIR2<\/strong> fra <strong data-start=\"275\" data-end=\"316\"><span class=\"hover:entity-accent entity-underline inline cursor-pointer align-baseline\"><span class=\"whitespace-normal\">OSRAM<\/span><\/span><\/strong>Takket v\u00e6re et innovativt og kompakt design er det nu nemmere end nogensinde at udskifte traditionelle halogenp\u00e6rer med avanceret LED-teknologi i endnu flere k\u00f8ret\u00f8jer.<\/p>\n<p data-start=\"476\" data-end=\"719\">Med op til <strong data-start=\"489\" data-end=\"513\">330 % mere lysstyrke<\/strong> Sammenlignet med standard halogenlamper f\u00e5r du et kraftigt, klart hvidt lys p\u00e5 op til <strong data-start=\"593\" data-end=\"608\">6000 Kelvin<\/strong> hvilket giver bedre udsyn, \u00f8get kontrast og hurtigere reaktionstid ved k\u00f8rsel om natten og i kr\u00e6vende vejrforhold.<\/p>\n<h3 data-start=\"721\" data-end=\"768\">Hvorfor du b\u00f8r v\u00e6lge NIGHT BREAKER LED SMART<\/h3>\n<ul data-start=\"769\" data-end=\"1159\">\n<li data-start=\"769\" data-end=\"795\">\n<p data-start=\"771\" data-end=\"795\">Godkendt til offentlige veje<\/p>\n<\/li>\n<li data-start=\"796\" data-end=\"843\">\n<p data-start=\"798\" data-end=\"843\">Op til 330 % mere lys sammenlignet med halogen<\/p>\n<\/li>\n<li data-start=\"844\" data-end=\"889\">\n<p data-start=\"846\" data-end=\"889\">Moderne hvidt lys p\u00e5 op til 6000 Kelvin<\/p>\n<\/li>\n<li data-start=\"890\" data-end=\"948\">\n<p data-start=\"892\" data-end=\"948\">Op til 50 % mindre bl\u00e6nding end tilladte gr\u00e6nser<\/p>\n<\/li>\n<li data-start=\"949\" data-end=\"990\">\n<p data-start=\"951\" data-end=\"990\">Op til 60% lavere energiforbrug<\/p>\n<\/li>\n<li data-start=\"991\" data-end=\"1060\">\n<p data-start=\"993\" data-end=\"1060\">Op til 6 gange l\u00e6ngere levetid end traditionelle halogenlamper<\/p>\n<\/li>\n<li data-start=\"1061\" data-end=\"1117\">\n<p data-start=\"1063\" data-end=\"1117\">Vibrationsbestandigt design tilpasset k\u00f8rsel<\/p>\n<\/li>\n<li data-start=\"1118\" data-end=\"1159\">\n<p data-start=\"1120\" data-end=\"1159\">Garanti fra OSRAM for ekstra ro i sindet<\/p>\n<\/li>\n<\/ul>\n<p data-start=\"1161\" data-end=\"1396\">NIGHT BREAKER LED SMART HIR2 er det oplagte valg for dem, der \u00f8nsker maksimal ydeevne, moderne design og h\u00f8j sikkerhed i \u00e9n lampe. Skift fra halogen til LED og oplev forskellen i dag, hver gang du k\u00f8rer og hver meter.<\/p>\n<p data-start=\"1398\" data-end=\"1475\">Opgrader dit fjernlys eller n\u00e6rlys til LED og se vejen som aldrig f\u00f8r.<\/p>","protected":false},"excerpt":{"rendered":"<p>NIGHT BREAKER LED SMART HIR2 \u2013 Uppgradera till extrem sikt och modern LED-teknik Upplev en helt ny niv\u00e5 av ljus med NIGHT BREAKER LED SMART HIR2 fr\u00e5n OSRAM. Tack vare en innovativ och kompakt design \u00e4r det nu enklare \u00e4n n\u00e5gonsin att ers\u00e4tta traditionella halogenlampor med avancerad LED-teknik i \u00e4nnu fler fordon. Med upp till [&hellip;]<\/p>","protected":false},"featured_media":24854,"comment_status":"open","ping_status":"closed","template":"","meta":{"_acf_changed":false,"_smort_price_nok":"2024","_smort_price_dkk":"","_smort_price_eur":"","_smort_sale_price_nok":"","_smort_sale_price_dkk":"","_smort_sale_price_eur":"","smort_restorder":"","shipmondo_restorder":"","_kad_blocks_custom_css":"","_kad_blocks_head_custom_js":"","_kad_blocks_body_custom_js":"","_kad_blocks_footer_custom_js":"","smort_custom_pricelist_1":"1212.8","smort_custom_pricelist_2":"1061.2","smort_custom_pricelist_3":"985.4","smort_custom_pricelist_4":"1516","smort_custom_pricelist_5":"1061.2"},"anvandningsomrade":[],"bilmarken":[],"product_brand":[108],"product_cat":[2451,733],"product_tag":[],"class_list":{"0":"post-24847","1":"product","2":"type-product","3":"status-publish","4":"has-post-thumbnail","6":"product_brand-osram","7":"product_cat-led-konvertering","8":"product_cat-halvljus-helljus","9":"pa_faktisk-effekts-forbrukning-1701","10":"pa_fargtemperatur-6000k","11":"pa_godkannande-abg","12":"pa_godkannande-e-markt","13":"pa_godkannande-ece","14":"pa_lampsockel-kontakt-343","15":"pa_lampsockel-kontakt-hir2","16":"pa_volt-v-159","17":"pa_volt-v-189","19":"first","20":"outofstock","21":"taxable","22":"shipping-taxable","23":"purchasable","24":"product-type-simple"},"bundled_by":[],"bundle_stock_status":"outofstock","bundle_stock_quantity":0,"bundle_virtual":false,"bundle_layout":"","bundle_add_to_cart_form_location":"","bundle_editable_in_cart":false,"bundle_sold_individually_context":"","bundle_item_grouping":"","bundle_min_size":"","bundle_max_size":"","bundle_price":[],"bundled_items":[],"bundle_sell_ids":[],"acf":[],"yoast_head":"<!-- This site is optimized with the Yoast SEO plugin v27.0 - https:\/\/yoast.com\/product\/yoast-seo-wordpress\/ -->\n<title>NIGHT BREAKER LED SMART HIR2 | Street Legal - Xenonkungen<\/title>\n<meta name=\"robots\" content=\"index, follow, max-snippet:-1, max-image-preview:large, max-video-preview:-1\" \/>\n<link rel=\"canonical\" href=\"https:\/\/xenonkungen.com\/dk\/vare\/night-breaker-led-smart-hir2-vejledende-udsalgspris\/\" \/>\n<meta property=\"og:locale\" content=\"da_DK\" \/>\n<meta property=\"og:type\" content=\"article\" \/>\n<meta property=\"og:title\" content=\"NIGHT BREAKER LED SMART HIR2 | Street Legal - Xenonkungen\" \/>\n<meta property=\"og:description\" content=\"NIGHT BREAKER LED SMART HIR2 \u2013 Uppgradera till extrem sikt och modern LED-teknik Upplev en helt ny niv\u00e5 av ljus med NIGHT BREAKER LED SMART HIR2 fr\u00e5n OSRAM. Tack vare en innovativ och kompakt design \u00e4r det nu enklare \u00e4n n\u00e5gonsin att ers\u00e4tta traditionella halogenlampor med avancerad LED-teknik i \u00e4nnu fler fordon. Med upp till [&hellip;]\" \/>\n<meta property=\"og:url\" content=\"https:\/\/xenonkungen.com\/dk\/vare\/night-breaker-led-smart-hir2-vejledende-udsalgspris\/\" \/>\n<meta property=\"og:site_name\" content=\"Xenonkungen\" \/>\n<meta property=\"article:modified_time\" content=\"2026-04-24T16:40:05+00:00\" \/>\n<meta property=\"og:image\" content=\"https:\/\/xenonkungen.com\/wp-content\/uploads\/2026\/01\/Small-for-web-and-ppt-PI_WFPIO-405_NIGHT_BREAKER_LED_SMART_HIR2_2x_Versatz_02.jpg\" \/>\n\t<meta property=\"og:image:width\" content=\"1024\" \/>\n\t<meta property=\"og:image:height\" content=\"1024\" \/>\n\t<meta property=\"og:image:type\" content=\"image\/jpeg\" \/>\n<meta name=\"twitter:card\" content=\"summary_large_image\" \/>\n<meta name=\"twitter:label1\" content=\"Estimeret l\u00e6setid\" \/>\n\t<meta name=\"twitter:data1\" content=\"2 minutter\" \/>\n<script type=\"application\/ld+json\" class=\"yoast-schema-graph\">{\"@context\":\"https:\/\/schema.org\",\"@graph\":[{\"@type\":\"WebPage\",\"@id\":\"https:\/\/xenonkungen.com\/produkt\/night-breaker-led-smart-hir2-street-legal\/\",\"url\":\"https:\/\/xenonkungen.com\/produkt\/night-breaker-led-smart-hir2-street-legal\/\",\"name\":\"NIGHT BREAKER LED SMART HIR2 | Street Legal - Xenonkungen\",\"isPartOf\":{\"@id\":\"https:\/\/xenonkungen.com\/#website\"},\"primaryImageOfPage\":{\"@id\":\"https:\/\/xenonkungen.com\/produkt\/night-breaker-led-smart-hir2-street-legal\/#primaryimage\"},\"image\":{\"@id\":\"https:\/\/xenonkungen.com\/produkt\/night-breaker-led-smart-hir2-street-legal\/#primaryimage\"},\"thumbnailUrl\":\"https:\/\/xenonkungen.com\/wp-content\/uploads\/2026\/01\/Small-for-web-and-ppt-PI_WFPIO-405_NIGHT_BREAKER_LED_SMART_HIR2_2x_Versatz_02.jpg\",\"datePublished\":\"2026-01-21T12:29:51+00:00\",\"dateModified\":\"2026-04-24T16:40:05+00:00\",\"breadcrumb\":{\"@id\":\"https:\/\/xenonkungen.com\/produkt\/night-breaker-led-smart-hir2-street-legal\/#breadcrumb\"},\"inLanguage\":\"da-DK\",\"potentialAction\":[{\"@type\":\"ReadAction\",\"target\":[\"https:\/\/xenonkungen.com\/produkt\/night-breaker-led-smart-hir2-street-legal\/\"]}]},{\"@type\":\"ImageObject\",\"inLanguage\":\"da-DK\",\"@id\":\"https:\/\/xenonkungen.com\/produkt\/night-breaker-led-smart-hir2-street-legal\/#primaryimage\",\"url\":\"https:\/\/xenonkungen.com\/wp-content\/uploads\/2026\/01\/Small-for-web-and-ppt-PI_WFPIO-405_NIGHT_BREAKER_LED_SMART_HIR2_2x_Versatz_02.jpg\",\"contentUrl\":\"https:\/\/xenonkungen.com\/wp-content\/uploads\/2026\/01\/Small-for-web-and-ppt-PI_WFPIO-405_NIGHT_BREAKER_LED_SMART_HIR2_2x_Versatz_02.jpg\",\"width\":1024,\"height\":1024},{\"@type\":\"BreadcrumbList\",\"@id\":\"https:\/\/xenonkungen.com\/produkt\/night-breaker-led-smart-hir2-street-legal\/#breadcrumb\",\"itemListElement\":[{\"@type\":\"ListItem\",\"position\":1,\"name\":\"Hem\",\"item\":\"https:\/\/xenonkungen.com\/\"},{\"@type\":\"ListItem\",\"position\":2,\"name\":\"Shop\",\"item\":\"https:\/\/xenonkungen.com\/shop\/\"},{\"@type\":\"ListItem\",\"position\":3,\"name\":\"NIGHT BREAKER LED SMART HIR2 | Street Legal\"}]},{\"@type\":\"WebSite\",\"@id\":\"https:\/\/xenonkungen.com\/#website\",\"url\":\"https:\/\/xenonkungen.com\/\",\"name\":\"Xenonkungen\",\"description\":\"\",\"potentialAction\":[{\"@type\":\"SearchAction\",\"target\":{\"@type\":\"EntryPoint\",\"urlTemplate\":\"https:\/\/xenonkungen.com\/?s={search_term_string}\"},\"query-input\":{\"@type\":\"PropertyValueSpecification\",\"valueRequired\":true,\"valueName\":\"search_term_string\"}}],\"inLanguage\":\"da-DK\"}]}<\/script>\n<!-- \/ Yoast SEO plugin. -->","yoast_head_json":{"title":"NIGHT BREAKER LED SMART HIR2 | Legal p\u00e5 gaden - Xenon-kongen","robots":{"index":"index","follow":"follow","max-snippet":"max-snippet:-1","max-image-preview":"max-image-preview:large","max-video-preview":"max-video-preview:-1"},"canonical":"https:\/\/xenonkungen.com\/dk\/vare\/night-breaker-led-smart-hir2-vejledende-udsalgspris\/","og_locale":"da_DK","og_type":"article","og_title":"NIGHT BREAKER LED SMART HIR2 | Street Legal - Xenonkungen","og_description":"NIGHT BREAKER LED SMART HIR2 \u2013 Uppgradera till extrem sikt och modern LED-teknik Upplev en helt ny niv\u00e5 av ljus med NIGHT BREAKER LED SMART HIR2 fr\u00e5n OSRAM. Tack vare en innovativ och kompakt design \u00e4r det nu enklare \u00e4n n\u00e5gonsin att ers\u00e4tta traditionella halogenlampor med avancerad LED-teknik i \u00e4nnu fler fordon. Med upp till [&hellip;]","og_url":"https:\/\/xenonkungen.com\/dk\/vare\/night-breaker-led-smart-hir2-vejledende-udsalgspris\/","og_site_name":"Xenonkungen","article_modified_time":"2026-04-24T16:40:05+00:00","og_image":[{"width":1024,"height":1024,"url":"https:\/\/xenonkungen.com\/wp-content\/uploads\/2026\/01\/Small-for-web-and-ppt-PI_WFPIO-405_NIGHT_BREAKER_LED_SMART_HIR2_2x_Versatz_02.jpg","type":"image\/jpeg"}],"twitter_card":"summary_large_image","twitter_misc":{"Estimeret l\u00e6setid":"2 minutter"},"schema":{"@context":"https:\/\/schema.org","@graph":[{"@type":"WebPage","@id":"https:\/\/xenonkungen.com\/produkt\/night-breaker-led-smart-hir2-street-legal\/","url":"https:\/\/xenonkungen.com\/produkt\/night-breaker-led-smart-hir2-street-legal\/","name":"NIGHT BREAKER LED SMART HIR2 | Legal p\u00e5 gaden - Xenon-kongen","isPartOf":{"@id":"https:\/\/xenonkungen.com\/#website"},"primaryImageOfPage":{"@id":"https:\/\/xenonkungen.com\/produkt\/night-breaker-led-smart-hir2-street-legal\/#primaryimage"},"image":{"@id":"https:\/\/xenonkungen.com\/produkt\/night-breaker-led-smart-hir2-street-legal\/#primaryimage"},"thumbnailUrl":"https:\/\/xenonkungen.com\/wp-content\/uploads\/2026\/01\/Small-for-web-and-ppt-PI_WFPIO-405_NIGHT_BREAKER_LED_SMART_HIR2_2x_Versatz_02.jpg","datePublished":"2026-01-21T12:29:51+00:00","dateModified":"2026-04-24T16:40:05+00:00","breadcrumb":{"@id":"https:\/\/xenonkungen.com\/produkt\/night-breaker-led-smart-hir2-street-legal\/#breadcrumb"},"inLanguage":"da-DK","potentialAction":[{"@type":"ReadAction","target":["https:\/\/xenonkungen.com\/produkt\/night-breaker-led-smart-hir2-street-legal\/"]}]},{"@type":"ImageObject","inLanguage":"da-DK","@id":"https:\/\/xenonkungen.com\/produkt\/night-breaker-led-smart-hir2-street-legal\/#primaryimage","url":"https:\/\/xenonkungen.com\/wp-content\/uploads\/2026\/01\/Small-for-web-and-ppt-PI_WFPIO-405_NIGHT_BREAKER_LED_SMART_HIR2_2x_Versatz_02.jpg","contentUrl":"https:\/\/xenonkungen.com\/wp-content\/uploads\/2026\/01\/Small-for-web-and-ppt-PI_WFPIO-405_NIGHT_BREAKER_LED_SMART_HIR2_2x_Versatz_02.jpg","width":1024,"height":1024},{"@type":"BreadcrumbList","@id":"https:\/\/xenonkungen.com\/produkt\/night-breaker-led-smart-hir2-street-legal\/#breadcrumb","itemListElement":[{"@type":"ListItem","position":1,"name":"Hem","item":"https:\/\/xenonkungen.com\/"},{"@type":"ListItem","position":2,"name":"Shop","item":"https:\/\/xenonkungen.com\/shop\/"},{"@type":"ListItem","position":3,"name":"NIGHT BREAKER LED SMART HIR2 | Street Legal"}]},{"@type":"WebSite","@id":"https:\/\/xenonkungen.com\/#website","url":"https:\/\/xenonkungen.com\/","name":"Xenonkungen","description":"","potentialAction":[{"@type":"SearchAction","target":{"@type":"EntryPoint","urlTemplate":"https:\/\/xenonkungen.com\/?s={search_term_string}"},"query-input":{"@type":"PropertyValueSpecification","valueRequired":true,"valueName":"search_term_string"}}],"inLanguage":"da-DK"}]}},"taxonomy_info":{"product_brand":[{"value":108,"label":"OSRAM"}],"product_cat":[{"value":2451,"label":"Led-konvertering"},{"value":733,"label":"Halvljus \/ Helljus"}],"pa_faktisk-effekts-forbrukning":[{"value":1701,"label":"21"}],"pa_fargtemperatur":[{"value":188,"label":"6000K"}],"pa_godkannande":[{"value":193,"label":"ABG"},{"value":191,"label":"E-m\u00e4rkt"},{"value":192,"label":"ECE"}],"pa_lampsockel-kontakt":[{"value":343,"label":"9012"},{"value":2738,"label":"HIR2"}],"pa_volt-v":[{"value":159,"label":"12"},{"value":189,"label":"14"}]},"featured_image_src_large":["https:\/\/xenonkungen.com\/wp-content\/uploads\/2026\/01\/Small-for-web-and-ppt-PI_WFPIO-405_NIGHT_BREAKER_LED_SMART_HIR2_2x_Versatz_02.jpg",1024,1024,false],"author_info":[],"comment_info":0,"_links":{"self":[{"href":"https:\/\/xenonkungen.com\/dk\/wp-json\/wp\/v2\/product\/24847","targetHints":{"allow":["GET"]}}],"collection":[{"href":"https:\/\/xenonkungen.com\/dk\/wp-json\/wp\/v2\/product"}],"about":[{"href":"https:\/\/xenonkungen.com\/dk\/wp-json\/wp\/v2\/types\/product"}],"replies":[{"embeddable":true,"href":"https:\/\/xenonkungen.com\/dk\/wp-json\/wp\/v2\/comments?post=24847"}],"wp:featuredmedia":[{"embeddable":true,"href":"https:\/\/xenonkungen.com\/dk\/wp-json\/wp\/v2\/media\/24854"}],"wp:attachment":[{"href":"https:\/\/xenonkungen.com\/dk\/wp-json\/wp\/v2\/media?parent=24847"}],"wp:term":[{"taxonomy":"anvandningsomrade","embeddable":true,"href":"https:\/\/xenonkungen.com\/dk\/wp-json\/wp\/v2\/anvandningsomrade?post=24847"},{"taxonomy":"bilmarken","embeddable":true,"href":"https:\/\/xenonkungen.com\/dk\/wp-json\/wp\/v2\/bilmarken?post=24847"},{"taxonomy":"product_brand","embeddable":true,"href":"https:\/\/xenonkungen.com\/dk\/wp-json\/wp\/v2\/product_brand?post=24847"},{"taxonomy":"product_cat","embeddable":true,"href":"https:\/\/xenonkungen.com\/dk\/wp-json\/wp\/v2\/product_cat?post=24847"},{"taxonomy":"product_tag","embeddable":true,"href":"https:\/\/xenonkungen.com\/dk\/wp-json\/wp\/v2\/product_tag?post=24847"}],"curies":[{"name":"wp","href":"https:\/\/api.w.org\/{rel}","templated":true}]}}