{"id":24893,"date":"2026-01-21T15:59:00","date_gmt":"2026-01-21T14:59:00","guid":{"rendered":"https:\/\/xenonkungen.com\/?post_type=product&#038;p=24893"},"modified":"2026-04-24T17:42:13","modified_gmt":"2026-04-24T16:42:13","slug":"osram-led-ambient-bagagerumslys","status":"publish","type":"product","link":"https:\/\/xenonkungen.com\/dk\/vare\/osram-led-ambient-bagagerumslys\/","title":{"rendered":"OSRAM LEDambient bagagerumslys"},"content":{"rendered":"<h3 data-start=\"261\" data-end=\"346\">LED-bagagerumslys til biler \u2013 OSRAM LEDambient bagagerumslys med sensor og magnetisk montering<\/h3>\n<p data-start=\"348\" data-end=\"708\"><strong data-start=\"348\" data-end=\"380\">OSRAM LEDambient bagagerumslys<\/strong> er en universel LED-bagagerumslampe, der giver effektiv og pr\u00e6cis belysning i bilens bagagerum. Den er udviklet til dem, der \u00f8nsker bedre udsyn, st\u00f8rre komfort og smart funktionalitet i hverdagen. Med automatisk t\u00e6nding, kraftigt LED-lys og fleksibel montering er dette en ideel l\u00f8sning til moderne indvendig belysning i biler.<\/p>\n<p data-start=\"710\" data-end=\"1083\">Den intelligente accelerations- og lyssensor betyder, at bagagerumslyset automatisk t\u00e6ndes, n\u00e5r du \u00e5bner bagklappen. Lyset aktiveres med det samme og oplyser hele bagagerummet, hvilket g\u00f8r det nemt at finde v\u00e6rkt\u00f8j, tasker eller andet udstyr, selv i m\u00f8rke. For \u00f8get fleksibilitet kan lyset ogs\u00e5 bruges manuelt, s\u00e5 du styrer, hvorn\u00e5r og hvordan lyset bruges.<\/p>\n<p data-start=\"1085\" data-end=\"1456\">Med en farvetemperatur p\u00e5 op til 6.000 Kelvin leverer LEDambient Trunk Light et klart, hvidt LED-lys, der giver fremragende detaljegengivelse i bagagerummet. Takket v\u00e6re dens praktiske 2-i-1-funktion fungerer lyset ikke kun som en fast bagagerumslampe, men ogs\u00e5 som en b\u00e6rbar inspektionslampe eller lommelygte, perfekt til bilvedligeholdelse, n\u00f8dsituationer eller arbejde uden for k\u00f8ret\u00f8jet.<\/p>\n<p data-start=\"1458\" data-end=\"1698\">Det indbyggede genopladelige batteri p\u00e5 1.500 mAh giver lang driftstid og sikrer, at lampen altid er klar til brug. Opladning er nem via det medf\u00f8lgende USB-C-kabel, hvilket g\u00f8r den praktisk at oplade b\u00e5de derhjemme og i bilen.<\/p>\n<p data-start=\"1700\" data-end=\"1966\">Installationen er hurtig og nem. LEDambient bagagerumslampen fastg\u00f8res til bilens interi\u00f8r ved hj\u00e6lp af en kraftig magnet eller den medf\u00f8lgende monteringsplade. Den magnetiske beslag holder lampen sikkert p\u00e5 plads, selv under k\u00f8rsel, og g\u00f8r det nemt at fjerne den, n\u00e5r det er n\u00f8dvendigt.<\/p>\n<p data-start=\"1968\" data-end=\"2214\">Med h\u00f8j kvalitet, smart design og lang holdbarhed er dette en LED-bagagelampe, du kan stole p\u00e5. <strong data-start=\"2063\" data-end=\"2104\"><span class=\"hover:entity-accent entity-underline inline cursor-pointer align-baseline\"><span class=\"whitespace-normal\">OSRAM<\/span><\/span><\/strong> Yder 2 \u00e5rs garanti p\u00e5 produktet. For de fuldst\u00e6ndige garantivilk\u00e5r henvises til OSRAMs officielle hjemmeside.<\/p>\n<h3 data-start=\"2216\" data-end=\"2248\">Vigtig information kort<\/h3>\n<ul data-start=\"2249\" data-end=\"2613\">\n<li data-start=\"2249\" data-end=\"2287\">\n<p data-start=\"2251\" data-end=\"2287\">Universal LED bagagerumslys til bil<\/p>\n<\/li>\n<li data-start=\"2288\" data-end=\"2349\">\n<p data-start=\"2290\" data-end=\"2349\">Automatisk t\u00e6nding via sensor ved \u00e5bning af bagagerumsklap<\/p>\n<\/li>\n<li data-start=\"2350\" data-end=\"2385\">\n<p data-start=\"2352\" data-end=\"2385\">Manuel og automatisk funktion<\/p>\n<\/li>\n<li data-start=\"2386\" data-end=\"2425\">\n<p data-start=\"2388\" data-end=\"2425\">Op til 6.000 Kelvin hvidt LED-lys<\/p>\n<\/li>\n<li data-start=\"2426\" data-end=\"2474\">\n<p data-start=\"2428\" data-end=\"2474\">2-i-1-funktion som bagagelys og lommelygte<\/p>\n<\/li>\n<li data-start=\"2475\" data-end=\"2513\">\n<p data-start=\"2477\" data-end=\"2513\">Genopladeligt batteri 1.500 mAh<\/p>\n<\/li>\n<li data-start=\"2514\" data-end=\"2532\">\n<p data-start=\"2516\" data-end=\"2532\">USB-C-opladning<\/p>\n<\/li>\n<li data-start=\"2533\" data-end=\"2584\">\n<p data-start=\"2535\" data-end=\"2584\">Nem montering med magnet og monteringsplade<\/p>\n<\/li>\n<li data-start=\"2585\" data-end=\"2613\">\n<p data-start=\"2587\" data-end=\"2613\">2 \u00e5rs garanti fra OSRAM<\/p>\n<\/li>\n<\/ul>","protected":false},"excerpt":{"rendered":"<p>LED bagagelampa f\u00f6r bil \u2013 OSRAM LEDambient Trunk Light med sensor och magnetf\u00e4ste OSRAM LEDambient Trunk Light \u00e4r en universell LED-bagagelampa som ger effektiv och exakt belysning i bilens bagageutrymme. Den \u00e4r utvecklad f\u00f6r dig som vill ha b\u00e4ttre sikt, h\u00f6gre komfort och smart funktionalitet i vardagen. Med automatisk t\u00e4ndning, kraftfullt LED-ljus och flexibel montering [&hellip;]<\/p>","protected":false},"featured_media":24904,"comment_status":"open","ping_status":"closed","template":"","meta":{"_acf_changed":false,"_smort_price_nok":"1063","_smort_price_dkk":"","_smort_price_eur":"","_smort_sale_price_nok":"","_smort_sale_price_dkk":"","_smort_sale_price_eur":"","smort_restorder":"","shipmondo_restorder":"","_kad_blocks_custom_css":"","_kad_blocks_head_custom_js":"","_kad_blocks_body_custom_js":"","_kad_blocks_footer_custom_js":"","smort_custom_pricelist_1":"636.8","smort_custom_pricelist_2":"636.8","smort_custom_pricelist_3":"636.8","smort_custom_pricelist_4":"796","smort_custom_pricelist_5":"636.8"},"anvandningsomrade":[],"bilmarken":[],"product_brand":[108],"product_cat":[2586,885],"product_tag":[],"class_list":{"0":"post-24893","1":"product","2":"type-product","3":"status-publish","4":"has-post-thumbnail","6":"product_brand-osram","7":"product_cat-interiorbelysning-slap","8":"product_cat-interiorbelysning","10":"first","11":"instock","12":"taxable","13":"shipping-taxable","14":"purchasable","15":"product-type-simple"},"bundled_by":[],"bundle_stock_status":"instock","bundle_stock_quantity":2,"bundle_virtual":false,"bundle_layout":"","bundle_add_to_cart_form_location":"","bundle_editable_in_cart":false,"bundle_sold_individually_context":"","bundle_item_grouping":"","bundle_min_size":"","bundle_max_size":"","bundle_price":[],"bundled_items":[],"bundle_sell_ids":[],"acf":[],"yoast_head":"<!-- This site is optimized with the Yoast SEO plugin v27.0 - https:\/\/yoast.com\/product\/yoast-seo-wordpress\/ -->\n<title>OSRAM LEDambient Trunk Light - Xenonkungen<\/title>\n<meta name=\"robots\" content=\"index, follow, max-snippet:-1, max-image-preview:large, max-video-preview:-1\" \/>\n<link rel=\"canonical\" href=\"https:\/\/xenonkungen.com\/dk\/vare\/osram-led-ambient-bagagerumslys\/\" \/>\n<meta property=\"og:locale\" content=\"da_DK\" \/>\n<meta property=\"og:type\" content=\"article\" \/>\n<meta property=\"og:title\" content=\"OSRAM LEDambient Trunk Light - Xenonkungen\" \/>\n<meta property=\"og:description\" content=\"LED bagagelampa f\u00f6r bil \u2013 OSRAM LEDambient Trunk Light med sensor och magnetf\u00e4ste OSRAM LEDambient Trunk Light \u00e4r en universell LED-bagagelampa som ger effektiv och exakt belysning i bilens bagageutrymme. Den \u00e4r utvecklad f\u00f6r dig som vill ha b\u00e4ttre sikt, h\u00f6gre komfort och smart funktionalitet i vardagen. Med automatisk t\u00e4ndning, kraftfullt LED-ljus och flexibel montering [&hellip;]\" \/>\n<meta property=\"og:url\" content=\"https:\/\/xenonkungen.com\/dk\/vare\/osram-led-ambient-bagagerumslys\/\" \/>\n<meta property=\"og:site_name\" content=\"Xenonkungen\" \/>\n<meta property=\"article:modified_time\" content=\"2026-04-24T16:42:13+00:00\" \/>\n<meta property=\"og:image\" content=\"https:\/\/xenonkungen.com\/wp-content\/uploads\/2026\/01\/Small-for-web-and-ppt-PI_ARF-2021-01714_LEDambient_Trunklight_LEDINT105_spacial_light_on.jpg\" \/>\n\t<meta property=\"og:image:width\" content=\"1024\" \/>\n\t<meta property=\"og:image:height\" content=\"1024\" \/>\n\t<meta property=\"og:image:type\" content=\"image\/jpeg\" \/>\n<meta name=\"twitter:card\" content=\"summary_large_image\" \/>\n<meta name=\"twitter:label1\" content=\"Estimeret l\u00e6setid\" \/>\n\t<meta name=\"twitter:data1\" content=\"2 minutter\" \/>\n<script type=\"application\/ld+json\" class=\"yoast-schema-graph\">{\"@context\":\"https:\/\/schema.org\",\"@graph\":[{\"@type\":\"WebPage\",\"@id\":\"https:\/\/xenonkungen.com\/produkt\/osram-ledambient-trunk-light\/\",\"url\":\"https:\/\/xenonkungen.com\/produkt\/osram-ledambient-trunk-light\/\",\"name\":\"OSRAM LEDambient Trunk Light - Xenonkungen\",\"isPartOf\":{\"@id\":\"https:\/\/xenonkungen.com\/#website\"},\"primaryImageOfPage\":{\"@id\":\"https:\/\/xenonkungen.com\/produkt\/osram-ledambient-trunk-light\/#primaryimage\"},\"image\":{\"@id\":\"https:\/\/xenonkungen.com\/produkt\/osram-ledambient-trunk-light\/#primaryimage\"},\"thumbnailUrl\":\"https:\/\/xenonkungen.com\/wp-content\/uploads\/2026\/01\/Small-for-web-and-ppt-PI_ARF-2021-01714_LEDambient_Trunklight_LEDINT105_spacial_light_on.jpg\",\"datePublished\":\"2026-01-21T14:59:00+00:00\",\"dateModified\":\"2026-04-24T16:42:13+00:00\",\"breadcrumb\":{\"@id\":\"https:\/\/xenonkungen.com\/produkt\/osram-ledambient-trunk-light\/#breadcrumb\"},\"inLanguage\":\"da-DK\",\"potentialAction\":[{\"@type\":\"ReadAction\",\"target\":[\"https:\/\/xenonkungen.com\/produkt\/osram-ledambient-trunk-light\/\"]}]},{\"@type\":\"ImageObject\",\"inLanguage\":\"da-DK\",\"@id\":\"https:\/\/xenonkungen.com\/produkt\/osram-ledambient-trunk-light\/#primaryimage\",\"url\":\"https:\/\/xenonkungen.com\/wp-content\/uploads\/2026\/01\/Small-for-web-and-ppt-PI_ARF-2021-01714_LEDambient_Trunklight_LEDINT105_spacial_light_on.jpg\",\"contentUrl\":\"https:\/\/xenonkungen.com\/wp-content\/uploads\/2026\/01\/Small-for-web-and-ppt-PI_ARF-2021-01714_LEDambient_Trunklight_LEDINT105_spacial_light_on.jpg\",\"width\":1024,\"height\":1024},{\"@type\":\"BreadcrumbList\",\"@id\":\"https:\/\/xenonkungen.com\/produkt\/osram-ledambient-trunk-light\/#breadcrumb\",\"itemListElement\":[{\"@type\":\"ListItem\",\"position\":1,\"name\":\"Hem\",\"item\":\"https:\/\/xenonkungen.com\/\"},{\"@type\":\"ListItem\",\"position\":2,\"name\":\"Shop\",\"item\":\"https:\/\/xenonkungen.com\/shop\/\"},{\"@type\":\"ListItem\",\"position\":3,\"name\":\"OSRAM LEDambient Trunk Light\"}]},{\"@type\":\"WebSite\",\"@id\":\"https:\/\/xenonkungen.com\/#website\",\"url\":\"https:\/\/xenonkungen.com\/\",\"name\":\"Xenonkungen\",\"description\":\"\",\"potentialAction\":[{\"@type\":\"SearchAction\",\"target\":{\"@type\":\"EntryPoint\",\"urlTemplate\":\"https:\/\/xenonkungen.com\/?s={search_term_string}\"},\"query-input\":{\"@type\":\"PropertyValueSpecification\",\"valueRequired\":true,\"valueName\":\"search_term_string\"}}],\"inLanguage\":\"da-DK\"}]}<\/script>\n<!-- \/ Yoast SEO plugin. -->","yoast_head_json":{"title":"OSRAM LEDambient bagagerumslys - Xenon-kongen","robots":{"index":"index","follow":"follow","max-snippet":"max-snippet:-1","max-image-preview":"max-image-preview:large","max-video-preview":"max-video-preview:-1"},"canonical":"https:\/\/xenonkungen.com\/dk\/vare\/osram-led-ambient-bagagerumslys\/","og_locale":"da_DK","og_type":"article","og_title":"OSRAM LEDambient Trunk Light - Xenonkungen","og_description":"LED bagagelampa f\u00f6r bil \u2013 OSRAM LEDambient Trunk Light med sensor och magnetf\u00e4ste OSRAM LEDambient Trunk Light \u00e4r en universell LED-bagagelampa som ger effektiv och exakt belysning i bilens bagageutrymme. Den \u00e4r utvecklad f\u00f6r dig som vill ha b\u00e4ttre sikt, h\u00f6gre komfort och smart funktionalitet i vardagen. Med automatisk t\u00e4ndning, kraftfullt LED-ljus och flexibel montering [&hellip;]","og_url":"https:\/\/xenonkungen.com\/dk\/vare\/osram-led-ambient-bagagerumslys\/","og_site_name":"Xenonkungen","article_modified_time":"2026-04-24T16:42:13+00:00","og_image":[{"width":1024,"height":1024,"url":"https:\/\/xenonkungen.com\/wp-content\/uploads\/2026\/01\/Small-for-web-and-ppt-PI_ARF-2021-01714_LEDambient_Trunklight_LEDINT105_spacial_light_on.jpg","type":"image\/jpeg"}],"twitter_card":"summary_large_image","twitter_misc":{"Estimeret l\u00e6setid":"2 minutter"},"schema":{"@context":"https:\/\/schema.org","@graph":[{"@type":"WebPage","@id":"https:\/\/xenonkungen.com\/produkt\/osram-ledambient-trunk-light\/","url":"https:\/\/xenonkungen.com\/produkt\/osram-ledambient-trunk-light\/","name":"OSRAM LEDambient bagagerumslys - Xenon-kongen","isPartOf":{"@id":"https:\/\/xenonkungen.com\/#website"},"primaryImageOfPage":{"@id":"https:\/\/xenonkungen.com\/produkt\/osram-ledambient-trunk-light\/#primaryimage"},"image":{"@id":"https:\/\/xenonkungen.com\/produkt\/osram-ledambient-trunk-light\/#primaryimage"},"thumbnailUrl":"https:\/\/xenonkungen.com\/wp-content\/uploads\/2026\/01\/Small-for-web-and-ppt-PI_ARF-2021-01714_LEDambient_Trunklight_LEDINT105_spacial_light_on.jpg","datePublished":"2026-01-21T14:59:00+00:00","dateModified":"2026-04-24T16:42:13+00:00","breadcrumb":{"@id":"https:\/\/xenonkungen.com\/produkt\/osram-ledambient-trunk-light\/#breadcrumb"},"inLanguage":"da-DK","potentialAction":[{"@type":"ReadAction","target":["https:\/\/xenonkungen.com\/produkt\/osram-ledambient-trunk-light\/"]}]},{"@type":"ImageObject","inLanguage":"da-DK","@id":"https:\/\/xenonkungen.com\/produkt\/osram-ledambient-trunk-light\/#primaryimage","url":"https:\/\/xenonkungen.com\/wp-content\/uploads\/2026\/01\/Small-for-web-and-ppt-PI_ARF-2021-01714_LEDambient_Trunklight_LEDINT105_spacial_light_on.jpg","contentUrl":"https:\/\/xenonkungen.com\/wp-content\/uploads\/2026\/01\/Small-for-web-and-ppt-PI_ARF-2021-01714_LEDambient_Trunklight_LEDINT105_spacial_light_on.jpg","width":1024,"height":1024},{"@type":"BreadcrumbList","@id":"https:\/\/xenonkungen.com\/produkt\/osram-ledambient-trunk-light\/#breadcrumb","itemListElement":[{"@type":"ListItem","position":1,"name":"Hem","item":"https:\/\/xenonkungen.com\/"},{"@type":"ListItem","position":2,"name":"Shop","item":"https:\/\/xenonkungen.com\/shop\/"},{"@type":"ListItem","position":3,"name":"OSRAM LEDambient Trunk Light"}]},{"@type":"WebSite","@id":"https:\/\/xenonkungen.com\/#website","url":"https:\/\/xenonkungen.com\/","name":"Xenonkungen","description":"","potentialAction":[{"@type":"SearchAction","target":{"@type":"EntryPoint","urlTemplate":"https:\/\/xenonkungen.com\/?s={search_term_string}"},"query-input":{"@type":"PropertyValueSpecification","valueRequired":true,"valueName":"search_term_string"}}],"inLanguage":"da-DK"}]}},"taxonomy_info":{"product_brand":[{"value":108,"label":"OSRAM"}],"product_cat":[{"value":2586,"label":"Interi\u00f6rbelysning"},{"value":885,"label":"Interi\u00f6rbelysning"}]},"featured_image_src_large":["https:\/\/xenonkungen.com\/wp-content\/uploads\/2026\/01\/Small-for-web-and-ppt-PI_ARF-2021-01714_LEDambient_Trunklight_LEDINT105_spacial_light_on.jpg",1024,1024,false],"author_info":[],"comment_info":0,"_links":{"self":[{"href":"https:\/\/xenonkungen.com\/dk\/wp-json\/wp\/v2\/product\/24893","targetHints":{"allow":["GET"]}}],"collection":[{"href":"https:\/\/xenonkungen.com\/dk\/wp-json\/wp\/v2\/product"}],"about":[{"href":"https:\/\/xenonkungen.com\/dk\/wp-json\/wp\/v2\/types\/product"}],"replies":[{"embeddable":true,"href":"https:\/\/xenonkungen.com\/dk\/wp-json\/wp\/v2\/comments?post=24893"}],"wp:featuredmedia":[{"embeddable":true,"href":"https:\/\/xenonkungen.com\/dk\/wp-json\/wp\/v2\/media\/24904"}],"wp:attachment":[{"href":"https:\/\/xenonkungen.com\/dk\/wp-json\/wp\/v2\/media?parent=24893"}],"wp:term":[{"taxonomy":"anvandningsomrade","embeddable":true,"href":"https:\/\/xenonkungen.com\/dk\/wp-json\/wp\/v2\/anvandningsomrade?post=24893"},{"taxonomy":"bilmarken","embeddable":true,"href":"https:\/\/xenonkungen.com\/dk\/wp-json\/wp\/v2\/bilmarken?post=24893"},{"taxonomy":"product_brand","embeddable":true,"href":"https:\/\/xenonkungen.com\/dk\/wp-json\/wp\/v2\/product_brand?post=24893"},{"taxonomy":"product_cat","embeddable":true,"href":"https:\/\/xenonkungen.com\/dk\/wp-json\/wp\/v2\/product_cat?post=24893"},{"taxonomy":"product_tag","embeddable":true,"href":"https:\/\/xenonkungen.com\/dk\/wp-json\/wp\/v2\/product_tag?post=24893"}],"curies":[{"name":"wp","href":"https:\/\/api.w.org\/{rel}","templated":true}]}}