{"id":24966,"date":"2026-01-22T13:14:30","date_gmt":"2026-01-22T12:14:30","guid":{"rendered":"https:\/\/xenonkungen.com\/?post_type=product&#038;p=24966"},"modified":"2026-04-24T17:40:02","modified_gmt":"2026-04-24T16:40:02","slug":"osram-hir2-cool-blue-intense","status":"publish","type":"product","link":"https:\/\/xenonkungen.com\/dk\/vare\/osram-hir2-cool-blue-intense\/","title":{"rendered":"OSRAM \u2013 HIR2 Cool Blue Intense"},"content":{"rendered":"<h2 data-start=\"110\" data-end=\"148\">Ekstra hvidt lys med et moderne LED-look<\/h2>\n<p data-start=\"150\" data-end=\"475\"><strong data-start=\"150\" data-end=\"209\"><span class=\"hover:entity-accent entity-underline inline cursor-pointer align-baseline\"><span class=\"whitespace-normal\">OSRAM<\/span><\/span> K\u00d8LIG BL\u00c5 INTENS<\/strong> er h\u00f8jteknologiske halogenlamper til dem, der \u00f8nsker at opgradere deres bils udseende og lysm\u00f8nster \u2013 uden at skifte til LED. Med en <strong data-start=\"334\" data-end=\"373\">ekstra hvidt lys p\u00e5 op til 5.000 K<\/strong> Du f\u00e5r en kold, stilfuld gl\u00f8d, der er meget t\u00e6t p\u00e5 LED-klassen og giver bilen et eksklusivt udseende.<\/p>\n<p data-start=\"477\" data-end=\"716\">Det dagslyslignende lys med h\u00f8j kontrast forbedrer synligheden og opfattes som <strong data-start=\"553\" data-end=\"579\">mere behagelig for \u00f8jnene<\/strong> sammenlignet med traditionelle halogenlamper. Resultatet er b\u00e5de bedre komfort ved k\u00f8rsel om natten og et tydeligt visuelt l\u00f8ft for k\u00f8ret\u00f8jet.<\/p>\n<p data-start=\"718\" data-end=\"917\">Sammenlignet med ECE&#039;s minimumskrav leverer den <strong data-start=\"757\" data-end=\"807\">K\u00d8LIG BL\u00c5 INTENS op til 100 % kraftigere lys<\/strong>, hvilket giver tydeligere vejmarkeringer, bedre kontraster og \u00f8get sikkerhed \u2013 uden at g\u00e5 p\u00e5 kompromis med lovkrav.<\/p>\n<p data-start=\"919\" data-end=\"1100\">Den <strong data-start=\"923\" data-end=\"958\">moderne design med s\u00f8lvtop<\/strong> (H4, H7, H8, H11, HB4) er specielt designet til forlygter med klart glas og giver en <strong data-start=\"1046\" data-end=\"1099\">Elegant, eksklusivt indtryk, selv n\u00e5r lampen er slukket<\/strong>.<\/p>\n<h3 data-start=\"1102\" data-end=\"1149\">Hvorfor du b\u00f8r v\u00e6lge OSRAM COOL BLUE INTENSE<\/h3>\n<ul>\n<li>Ekstra hvidt lys op til 5 000 K<\/li>\n<li>LED-lignende udseende med halogenteknologi<\/li>\n<li>Op til 100 % lyser kraftigere end ECE-kravene<\/li>\n<li>Dagslyslignende kontrast \u2013 sk\u00e5nsom for \u00f8jnene<\/li>\n<li>Stilfuld s\u00f8lvtop for et eksklusivt look<\/li>\n<\/ul>\n<p data-start=\"1370\" data-end=\"1505\"><strong data-start=\"1370\" data-end=\"1505\">Et perfekt valg for designbevidste bilister, der \u00f8nsker at kombinere stil, ydeevne og funktionalitet \u2013 til en meget attraktiv pris.<\/strong><\/p>","protected":false},"excerpt":{"rendered":"<p>Extra vitt ljus med modern LED-look OSRAM COOL BLUE INTENSE \u00e4r h\u00f6gteknologiska halogenlampor f\u00f6r dig som vill uppgradera bilens utseende och ljusbild \u2013 utan att byta till LED. Med ett extra vitt ljus p\u00e5 upp till 5 000 K f\u00e5r du ett kallt, stilrent sken som ligger mycket n\u00e4ra LED-klass och ger bilen ett exklusivt [&hellip;]<\/p>","protected":false},"featured_media":24970,"comment_status":"open","ping_status":"closed","template":"","meta":{"_acf_changed":false,"_smort_price_nok":"582","_smort_price_dkk":"","_smort_price_eur":"","_smort_sale_price_nok":"","_smort_sale_price_dkk":"","_smort_sale_price_eur":"","smort_restorder":"","shipmondo_restorder":"","_kad_blocks_custom_css":"","_kad_blocks_head_custom_js":"","_kad_blocks_body_custom_js":"","_kad_blocks_footer_custom_js":"","smort_custom_pricelist_1":"348.8","smort_custom_pricelist_2":"305.2","smort_custom_pricelist_3":"283.4","smort_custom_pricelist_4":"436","smort_custom_pricelist_5":"305.2"},"anvandningsomrade":[],"bilmarken":[],"product_brand":[108],"product_cat":[2543,733],"product_tag":[],"class_list":{"0":"post-24966","1":"product","2":"type-product","3":"status-publish","4":"has-post-thumbnail","6":"product_brand-osram","7":"product_cat-halogen-halvljus-helljus","8":"product_cat-halvljus-helljus","9":"pa_fargtemperatur-5000k","10":"pa_godkannande-e1","11":"pa_volt-v-159","13":"first","14":"instock","15":"taxable","16":"shipping-taxable","17":"purchasable","18":"product-type-simple"},"bundled_by":[],"bundle_stock_status":"instock","bundle_stock_quantity":8,"bundle_virtual":false,"bundle_layout":"","bundle_add_to_cart_form_location":"","bundle_editable_in_cart":false,"bundle_sold_individually_context":"","bundle_item_grouping":"","bundle_min_size":"","bundle_max_size":"","bundle_price":[],"bundled_items":[],"bundle_sell_ids":[],"acf":[],"yoast_head":"<!-- This site is optimized with the Yoast SEO plugin v27.0 - https:\/\/yoast.com\/product\/yoast-seo-wordpress\/ -->\n<title>OSRAM - HIR2 Cool Blue Intense - Xenonkungen<\/title>\n<meta name=\"robots\" content=\"index, follow, max-snippet:-1, max-image-preview:large, max-video-preview:-1\" \/>\n<link rel=\"canonical\" href=\"https:\/\/xenonkungen.com\/dk\/vare\/osram-hir2-cool-blue-intense\/\" \/>\n<meta property=\"og:locale\" content=\"da_DK\" \/>\n<meta property=\"og:type\" content=\"article\" \/>\n<meta property=\"og:title\" content=\"OSRAM - HIR2 Cool Blue Intense - Xenonkungen\" \/>\n<meta property=\"og:description\" content=\"Extra vitt ljus med modern LED-look OSRAM COOL BLUE INTENSE \u00e4r h\u00f6gteknologiska halogenlampor f\u00f6r dig som vill uppgradera bilens utseende och ljusbild \u2013 utan att byta till LED. Med ett extra vitt ljus p\u00e5 upp till 5 000 K f\u00e5r du ett kallt, stilrent sken som ligger mycket n\u00e4ra LED-klass och ger bilen ett exklusivt [&hellip;]\" \/>\n<meta property=\"og:url\" content=\"https:\/\/xenonkungen.com\/dk\/vare\/osram-hir2-cool-blue-intense\/\" \/>\n<meta property=\"og:site_name\" content=\"Xenonkungen\" \/>\n<meta property=\"article:modified_time\" content=\"2026-04-24T16:40:02+00:00\" \/>\n<meta property=\"og:image\" content=\"https:\/\/xenonkungen.com\/wp-content\/uploads\/2026\/01\/Small-for-web-and-ppt-BS_COOL_BLUE_INTENSE_Next_Generation_HIR2_9012CBN.jpg\" \/>\n\t<meta property=\"og:image:width\" content=\"1024\" \/>\n\t<meta property=\"og:image:height\" content=\"1024\" \/>\n\t<meta property=\"og:image:type\" content=\"image\/jpeg\" \/>\n<meta name=\"twitter:card\" content=\"summary_large_image\" \/>\n<meta name=\"twitter:label1\" content=\"Estimeret l\u00e6setid\" \/>\n\t<meta name=\"twitter:data1\" content=\"2 minutter\" \/>\n<script type=\"application\/ld+json\" class=\"yoast-schema-graph\">{\"@context\":\"https:\/\/schema.org\",\"@graph\":[{\"@type\":\"WebPage\",\"@id\":\"https:\/\/xenonkungen.com\/produkt\/osram-hir2-cool-blue-intense\/\",\"url\":\"https:\/\/xenonkungen.com\/produkt\/osram-hir2-cool-blue-intense\/\",\"name\":\"OSRAM - HIR2 Cool Blue Intense - Xenonkungen\",\"isPartOf\":{\"@id\":\"https:\/\/xenonkungen.com\/#website\"},\"primaryImageOfPage\":{\"@id\":\"https:\/\/xenonkungen.com\/produkt\/osram-hir2-cool-blue-intense\/#primaryimage\"},\"image\":{\"@id\":\"https:\/\/xenonkungen.com\/produkt\/osram-hir2-cool-blue-intense\/#primaryimage\"},\"thumbnailUrl\":\"https:\/\/xenonkungen.com\/wp-content\/uploads\/2026\/01\/Small-for-web-and-ppt-BS_COOL_BLUE_INTENSE_Next_Generation_HIR2_9012CBN.jpg\",\"datePublished\":\"2026-01-22T12:14:30+00:00\",\"dateModified\":\"2026-04-24T16:40:02+00:00\",\"breadcrumb\":{\"@id\":\"https:\/\/xenonkungen.com\/produkt\/osram-hir2-cool-blue-intense\/#breadcrumb\"},\"inLanguage\":\"da-DK\",\"potentialAction\":[{\"@type\":\"ReadAction\",\"target\":[\"https:\/\/xenonkungen.com\/produkt\/osram-hir2-cool-blue-intense\/\"]}]},{\"@type\":\"ImageObject\",\"inLanguage\":\"da-DK\",\"@id\":\"https:\/\/xenonkungen.com\/produkt\/osram-hir2-cool-blue-intense\/#primaryimage\",\"url\":\"https:\/\/xenonkungen.com\/wp-content\/uploads\/2026\/01\/Small-for-web-and-ppt-BS_COOL_BLUE_INTENSE_Next_Generation_HIR2_9012CBN.jpg\",\"contentUrl\":\"https:\/\/xenonkungen.com\/wp-content\/uploads\/2026\/01\/Small-for-web-and-ppt-BS_COOL_BLUE_INTENSE_Next_Generation_HIR2_9012CBN.jpg\",\"width\":1024,\"height\":1024},{\"@type\":\"BreadcrumbList\",\"@id\":\"https:\/\/xenonkungen.com\/produkt\/osram-hir2-cool-blue-intense\/#breadcrumb\",\"itemListElement\":[{\"@type\":\"ListItem\",\"position\":1,\"name\":\"Hem\",\"item\":\"https:\/\/xenonkungen.com\/\"},{\"@type\":\"ListItem\",\"position\":2,\"name\":\"Shop\",\"item\":\"https:\/\/xenonkungen.com\/shop\/\"},{\"@type\":\"ListItem\",\"position\":3,\"name\":\"OSRAM &#8211; HIR2 Cool Blue Intense\"}]},{\"@type\":\"WebSite\",\"@id\":\"https:\/\/xenonkungen.com\/#website\",\"url\":\"https:\/\/xenonkungen.com\/\",\"name\":\"Xenonkungen\",\"description\":\"\",\"potentialAction\":[{\"@type\":\"SearchAction\",\"target\":{\"@type\":\"EntryPoint\",\"urlTemplate\":\"https:\/\/xenonkungen.com\/?s={search_term_string}\"},\"query-input\":{\"@type\":\"PropertyValueSpecification\",\"valueRequired\":true,\"valueName\":\"search_term_string\"}}],\"inLanguage\":\"da-DK\"}]}<\/script>\n<!-- \/ Yoast SEO plugin. -->","yoast_head_json":{"title":"OSRAM - HIR2 Cool Blue Intense - Xenon-kongen","robots":{"index":"index","follow":"follow","max-snippet":"max-snippet:-1","max-image-preview":"max-image-preview:large","max-video-preview":"max-video-preview:-1"},"canonical":"https:\/\/xenonkungen.com\/dk\/vare\/osram-hir2-cool-blue-intense\/","og_locale":"da_DK","og_type":"article","og_title":"OSRAM - HIR2 Cool Blue Intense - Xenonkungen","og_description":"Extra vitt ljus med modern LED-look OSRAM COOL BLUE INTENSE \u00e4r h\u00f6gteknologiska halogenlampor f\u00f6r dig som vill uppgradera bilens utseende och ljusbild \u2013 utan att byta till LED. Med ett extra vitt ljus p\u00e5 upp till 5 000 K f\u00e5r du ett kallt, stilrent sken som ligger mycket n\u00e4ra LED-klass och ger bilen ett exklusivt [&hellip;]","og_url":"https:\/\/xenonkungen.com\/dk\/vare\/osram-hir2-cool-blue-intense\/","og_site_name":"Xenonkungen","article_modified_time":"2026-04-24T16:40:02+00:00","og_image":[{"width":1024,"height":1024,"url":"https:\/\/xenonkungen.com\/wp-content\/uploads\/2026\/01\/Small-for-web-and-ppt-BS_COOL_BLUE_INTENSE_Next_Generation_HIR2_9012CBN.jpg","type":"image\/jpeg"}],"twitter_card":"summary_large_image","twitter_misc":{"Estimeret l\u00e6setid":"2 minutter"},"schema":{"@context":"https:\/\/schema.org","@graph":[{"@type":"WebPage","@id":"https:\/\/xenonkungen.com\/produkt\/osram-hir2-cool-blue-intense\/","url":"https:\/\/xenonkungen.com\/produkt\/osram-hir2-cool-blue-intense\/","name":"OSRAM - HIR2 Cool Blue Intense - Xenon-kongen","isPartOf":{"@id":"https:\/\/xenonkungen.com\/#website"},"primaryImageOfPage":{"@id":"https:\/\/xenonkungen.com\/produkt\/osram-hir2-cool-blue-intense\/#primaryimage"},"image":{"@id":"https:\/\/xenonkungen.com\/produkt\/osram-hir2-cool-blue-intense\/#primaryimage"},"thumbnailUrl":"https:\/\/xenonkungen.com\/wp-content\/uploads\/2026\/01\/Small-for-web-and-ppt-BS_COOL_BLUE_INTENSE_Next_Generation_HIR2_9012CBN.jpg","datePublished":"2026-01-22T12:14:30+00:00","dateModified":"2026-04-24T16:40:02+00:00","breadcrumb":{"@id":"https:\/\/xenonkungen.com\/produkt\/osram-hir2-cool-blue-intense\/#breadcrumb"},"inLanguage":"da-DK","potentialAction":[{"@type":"ReadAction","target":["https:\/\/xenonkungen.com\/produkt\/osram-hir2-cool-blue-intense\/"]}]},{"@type":"ImageObject","inLanguage":"da-DK","@id":"https:\/\/xenonkungen.com\/produkt\/osram-hir2-cool-blue-intense\/#primaryimage","url":"https:\/\/xenonkungen.com\/wp-content\/uploads\/2026\/01\/Small-for-web-and-ppt-BS_COOL_BLUE_INTENSE_Next_Generation_HIR2_9012CBN.jpg","contentUrl":"https:\/\/xenonkungen.com\/wp-content\/uploads\/2026\/01\/Small-for-web-and-ppt-BS_COOL_BLUE_INTENSE_Next_Generation_HIR2_9012CBN.jpg","width":1024,"height":1024},{"@type":"BreadcrumbList","@id":"https:\/\/xenonkungen.com\/produkt\/osram-hir2-cool-blue-intense\/#breadcrumb","itemListElement":[{"@type":"ListItem","position":1,"name":"Hem","item":"https:\/\/xenonkungen.com\/"},{"@type":"ListItem","position":2,"name":"Shop","item":"https:\/\/xenonkungen.com\/shop\/"},{"@type":"ListItem","position":3,"name":"OSRAM &#8211; HIR2 Cool Blue Intense"}]},{"@type":"WebSite","@id":"https:\/\/xenonkungen.com\/#website","url":"https:\/\/xenonkungen.com\/","name":"Xenonkungen","description":"","potentialAction":[{"@type":"SearchAction","target":{"@type":"EntryPoint","urlTemplate":"https:\/\/xenonkungen.com\/?s={search_term_string}"},"query-input":{"@type":"PropertyValueSpecification","valueRequired":true,"valueName":"search_term_string"}}],"inLanguage":"da-DK"}]}},"taxonomy_info":{"product_brand":[{"value":108,"label":"OSRAM"}],"product_cat":[{"value":2543,"label":"Halogen"},{"value":733,"label":"Halvljus \/ Helljus"}],"pa_fargtemperatur":[{"value":154,"label":"5000K"}],"pa_godkannande":[{"value":2856,"label":"E1"}],"pa_volt-v":[{"value":159,"label":"12"}]},"featured_image_src_large":["https:\/\/xenonkungen.com\/wp-content\/uploads\/2026\/01\/Small-for-web-and-ppt-BS_COOL_BLUE_INTENSE_Next_Generation_HIR2_9012CBN.jpg",1024,1024,false],"author_info":[],"comment_info":0,"_links":{"self":[{"href":"https:\/\/xenonkungen.com\/dk\/wp-json\/wp\/v2\/product\/24966","targetHints":{"allow":["GET"]}}],"collection":[{"href":"https:\/\/xenonkungen.com\/dk\/wp-json\/wp\/v2\/product"}],"about":[{"href":"https:\/\/xenonkungen.com\/dk\/wp-json\/wp\/v2\/types\/product"}],"replies":[{"embeddable":true,"href":"https:\/\/xenonkungen.com\/dk\/wp-json\/wp\/v2\/comments?post=24966"}],"wp:featuredmedia":[{"embeddable":true,"href":"https:\/\/xenonkungen.com\/dk\/wp-json\/wp\/v2\/media\/24970"}],"wp:attachment":[{"href":"https:\/\/xenonkungen.com\/dk\/wp-json\/wp\/v2\/media?parent=24966"}],"wp:term":[{"taxonomy":"anvandningsomrade","embeddable":true,"href":"https:\/\/xenonkungen.com\/dk\/wp-json\/wp\/v2\/anvandningsomrade?post=24966"},{"taxonomy":"bilmarken","embeddable":true,"href":"https:\/\/xenonkungen.com\/dk\/wp-json\/wp\/v2\/bilmarken?post=24966"},{"taxonomy":"product_brand","embeddable":true,"href":"https:\/\/xenonkungen.com\/dk\/wp-json\/wp\/v2\/product_brand?post=24966"},{"taxonomy":"product_cat","embeddable":true,"href":"https:\/\/xenonkungen.com\/dk\/wp-json\/wp\/v2\/product_cat?post=24966"},{"taxonomy":"product_tag","embeddable":true,"href":"https:\/\/xenonkungen.com\/dk\/wp-json\/wp\/v2\/product_tag?post=24966"}],"curies":[{"name":"wp","href":"https:\/\/api.w.org\/{rel}","templated":true}]}}