{"id":2503,"date":"2025-04-15T08:38:32","date_gmt":"2025-04-15T08:38:32","guid":{"rendered":"https:\/\/xenonkungen.com\/product\/dt-4-kontakt-hona-set-4-pin\/"},"modified":"2026-04-24T16:43:22","modified_gmt":"2026-04-24T15:43:22","slug":"dt-4-kontakt-hun-saet-4-benet","status":"publish","type":"product","link":"https:\/\/xenonkungen.com\/dk\/vare\/dt-4-kontakt-hun-saet-4-benet\/","title":{"rendered":"DT-4 kontakt hun-s\u00e6t | 4-PIN"},"content":{"rendered":"<h1>DT-4 l\u00f8se kontakter til kundetilpassede forbindelser<\/h1>\n<p>Hvis du arbejder p\u00e5 elektriske installationer og finder ud af, at stikkene p\u00e5 ledningsnettet ikke passer til dit udstyr, er der en enkel l\u00f8sning - udskift de inkompatible stik med vores <span class=\"highlight\">l\u00f8se DT-4-stik<\/span>. Ved at udskifte eksisterende stik med nye, kompatible DT-4-stik sikrer du en <span class=\"highlight\">stabil og sikker kobling<\/span> der fungerer i alle milj\u00f8er.<\/p>\n<p>Vores DT-4 l\u00f8se stik er designet til at give en <span class=\"highlight\">p\u00e5lidelig og robust forbindelse<\/span>hvilket g\u00f8r dem ideelle til k\u00f8ret\u00f8jer, industrielle anvendelser og tunge maskiner. De er designet til at modst\u00e5 fugt, snavs og vibrationer, hvilket giver dig tillid til, at din forbindelse vil fungere fejlfrit selv under kr\u00e6vende forhold.<\/p>\n<h2>Hvert s\u00e6t indeholder:<\/h2>\n<ul>\n<li>1 kvinde<\/li>\n<li>4 x sokker<\/li>\n<li>Forsegling af gummi<\/li>\n<\/ul>\n<p>Disse komponenter giver dig alt, hvad du har brug for til en <span class=\"highlight\">holdbar og professionel installation<\/span>hvilket sikrer optimal ydeevne og p\u00e5lidelighed.<\/p>\n<p>Ved at bruge vores l\u00f8se DT-4-stik f\u00e5r du <span class=\"highlight\">fuld fleksibilitet<\/span> til at kombinere forskellige elektriske enheder og tilpasse installationen til dine behov - uden at g\u00e5 p\u00e5 kompromis med sikkerhed eller ydeevne.<\/p>","protected":false},"excerpt":{"rendered":"<p>L\u00f6sa DT-4 Kontakter f\u00f6r Anpassade Anslutningar Om du arbetar med elektriska installationer och uppt\u00e4cker att kontakterna p\u00e5 kablaget inte passar din utrustning, finns en enkel l\u00f6sning \u2013 byt ut de inkompatibla kontakterna mot v\u00e5ra l\u00f6sa DT-4-kontakter. Genom att ers\u00e4tta befintliga anslutningar med nya, kompatibla DT-4-kontakter s\u00e4kerst\u00e4ller du en stabil och s\u00e4ker koppling som fungerar i [&hellip;]<\/p>","protected":false},"featured_media":2504,"comment_status":"closed","ping_status":"open","template":"","meta":{"_acf_changed":false,"_smort_price_nok":"127","_smort_price_dkk":"81","_smort_price_eur":"10.82","_smort_sale_price_nok":"","_smort_sale_price_dkk":"","_smort_sale_price_eur":"","smort_restorder":"","shipmondo_restorder":"","_kad_blocks_custom_css":"","_kad_blocks_head_custom_js":"","_kad_blocks_body_custom_js":"","_kad_blocks_footer_custom_js":"","smort_custom_pricelist_1":"66.64","smort_custom_pricelist_2":"57.12","smort_custom_pricelist_3":"47.12","smort_custom_pricelist_4":"95.2","smort_custom_pricelist_5":"57.12"},"anvandningsomrade":[],"bilmarken":[],"product_brand":[103],"product_cat":[2493,2826,390],"product_tag":[],"class_list":{"0":"post-2503","1":"product","2":"type-product","3":"status-publish","4":"has-post-thumbnail","6":"product_brand-luxtar","7":"product_cat-kontakter-installation","8":"product_cat-luxtar","9":"product_cat-installation","10":"pa_lampsockel-kontakt-dt-4","12":"first","13":"instock","14":"taxable","15":"shipping-taxable","16":"purchasable","17":"product-type-simple"},"bundled_by":[],"bundle_stock_status":"instock","bundle_stock_quantity":83,"bundle_virtual":false,"bundle_layout":"","bundle_add_to_cart_form_location":"","bundle_editable_in_cart":false,"bundle_sold_individually_context":"","bundle_item_grouping":"","bundle_min_size":"","bundle_max_size":"","bundle_price":[],"bundled_items":[],"bundle_sell_ids":[],"acf":[],"yoast_head":"<!-- This site is optimized with the Yoast SEO plugin v27.0 - https:\/\/yoast.com\/product\/yoast-seo-wordpress\/ -->\n<title>DT-4 Kontakt Hona set | 4-PIN - Xenonkungen<\/title>\n<meta name=\"robots\" content=\"index, follow, max-snippet:-1, max-image-preview:large, max-video-preview:-1\" \/>\n<link rel=\"canonical\" href=\"https:\/\/xenonkungen.com\/dk\/vare\/dt-4-kontakt-hun-saet-4-benet\/\" \/>\n<meta property=\"og:locale\" content=\"da_DK\" \/>\n<meta property=\"og:type\" content=\"article\" \/>\n<meta property=\"og:title\" content=\"DT-4 Kontakt Hona set | 4-PIN - Xenonkungen\" \/>\n<meta property=\"og:description\" content=\"L\u00f6sa DT-4 Kontakter f\u00f6r Anpassade Anslutningar Om du arbetar med elektriska installationer och uppt\u00e4cker att kontakterna p\u00e5 kablaget inte passar din utrustning, finns en enkel l\u00f6sning \u2013 byt ut de inkompatibla kontakterna mot v\u00e5ra l\u00f6sa DT-4-kontakter. Genom att ers\u00e4tta befintliga anslutningar med nya, kompatibla DT-4-kontakter s\u00e4kerst\u00e4ller du en stabil och s\u00e4ker koppling som fungerar i [&hellip;]\" \/>\n<meta property=\"og:url\" content=\"https:\/\/xenonkungen.com\/dk\/vare\/dt-4-kontakt-hun-saet-4-benet\/\" \/>\n<meta property=\"og:site_name\" content=\"Xenonkungen\" \/>\n<meta property=\"article:modified_time\" content=\"2026-04-24T15:43:22+00:00\" \/>\n<meta property=\"og:image\" content=\"https:\/\/xenonkungen.com\/wp-content\/uploads\/2025\/04\/fZtRbBKw.png\" \/>\n\t<meta property=\"og:image:width\" content=\"1250\" \/>\n\t<meta property=\"og:image:height\" content=\"1250\" \/>\n\t<meta property=\"og:image:type\" content=\"image\/png\" \/>\n<meta name=\"twitter:card\" content=\"summary_large_image\" \/>\n<meta name=\"twitter:label1\" content=\"Estimeret l\u00e6setid\" \/>\n\t<meta name=\"twitter:data1\" content=\"1 minut\" \/>\n<script type=\"application\/ld+json\" class=\"yoast-schema-graph\">{\"@context\":\"https:\/\/schema.org\",\"@graph\":[{\"@type\":\"WebPage\",\"@id\":\"https:\/\/xenonkungen.com\/produkt\/dt-4-kontakt-hona-set-4-pin\/\",\"url\":\"https:\/\/xenonkungen.com\/produkt\/dt-4-kontakt-hona-set-4-pin\/\",\"name\":\"DT-4 Kontakt Hona set | 4-PIN - Xenonkungen\",\"isPartOf\":{\"@id\":\"https:\/\/xenonkungen.com\/#website\"},\"primaryImageOfPage\":{\"@id\":\"https:\/\/xenonkungen.com\/produkt\/dt-4-kontakt-hona-set-4-pin\/#primaryimage\"},\"image\":{\"@id\":\"https:\/\/xenonkungen.com\/produkt\/dt-4-kontakt-hona-set-4-pin\/#primaryimage\"},\"thumbnailUrl\":\"https:\/\/xenonkungen.com\/wp-content\/uploads\/2025\/04\/fZtRbBKw.png\",\"datePublished\":\"2025-04-15T08:38:32+00:00\",\"dateModified\":\"2026-04-24T15:43:22+00:00\",\"breadcrumb\":{\"@id\":\"https:\/\/xenonkungen.com\/produkt\/dt-4-kontakt-hona-set-4-pin\/#breadcrumb\"},\"inLanguage\":\"da-DK\",\"potentialAction\":[{\"@type\":\"ReadAction\",\"target\":[\"https:\/\/xenonkungen.com\/produkt\/dt-4-kontakt-hona-set-4-pin\/\"]}]},{\"@type\":\"ImageObject\",\"inLanguage\":\"da-DK\",\"@id\":\"https:\/\/xenonkungen.com\/produkt\/dt-4-kontakt-hona-set-4-pin\/#primaryimage\",\"url\":\"https:\/\/xenonkungen.com\/wp-content\/uploads\/2025\/04\/fZtRbBKw.png\",\"contentUrl\":\"https:\/\/xenonkungen.com\/wp-content\/uploads\/2025\/04\/fZtRbBKw.png\",\"width\":1250,\"height\":1250},{\"@type\":\"BreadcrumbList\",\"@id\":\"https:\/\/xenonkungen.com\/produkt\/dt-4-kontakt-hona-set-4-pin\/#breadcrumb\",\"itemListElement\":[{\"@type\":\"ListItem\",\"position\":1,\"name\":\"Hem\",\"item\":\"https:\/\/xenonkungen.com\/\"},{\"@type\":\"ListItem\",\"position\":2,\"name\":\"Shop\",\"item\":\"https:\/\/xenonkungen.com\/shop\/\"},{\"@type\":\"ListItem\",\"position\":3,\"name\":\"DT-4 Kontakt Hona set | 4-PIN\"}]},{\"@type\":\"WebSite\",\"@id\":\"https:\/\/xenonkungen.com\/#website\",\"url\":\"https:\/\/xenonkungen.com\/\",\"name\":\"Xenonkungen\",\"description\":\"\",\"potentialAction\":[{\"@type\":\"SearchAction\",\"target\":{\"@type\":\"EntryPoint\",\"urlTemplate\":\"https:\/\/xenonkungen.com\/?s={search_term_string}\"},\"query-input\":{\"@type\":\"PropertyValueSpecification\",\"valueRequired\":true,\"valueName\":\"search_term_string\"}}],\"inLanguage\":\"da-DK\"}]}<\/script>\n<!-- \/ Yoast SEO plugin. -->","yoast_head_json":{"title":"DT-4 Hunstik S\u00e6t | 4-PIN - Xenonkungen","robots":{"index":"index","follow":"follow","max-snippet":"max-snippet:-1","max-image-preview":"max-image-preview:large","max-video-preview":"max-video-preview:-1"},"canonical":"https:\/\/xenonkungen.com\/dk\/vare\/dt-4-kontakt-hun-saet-4-benet\/","og_locale":"da_DK","og_type":"article","og_title":"DT-4 Kontakt Hona set | 4-PIN - Xenonkungen","og_description":"L\u00f6sa DT-4 Kontakter f\u00f6r Anpassade Anslutningar Om du arbetar med elektriska installationer och uppt\u00e4cker att kontakterna p\u00e5 kablaget inte passar din utrustning, finns en enkel l\u00f6sning \u2013 byt ut de inkompatibla kontakterna mot v\u00e5ra l\u00f6sa DT-4-kontakter. Genom att ers\u00e4tta befintliga anslutningar med nya, kompatibla DT-4-kontakter s\u00e4kerst\u00e4ller du en stabil och s\u00e4ker koppling som fungerar i [&hellip;]","og_url":"https:\/\/xenonkungen.com\/dk\/vare\/dt-4-kontakt-hun-saet-4-benet\/","og_site_name":"Xenonkungen","article_modified_time":"2026-04-24T15:43:22+00:00","og_image":[{"width":1250,"height":1250,"url":"https:\/\/xenonkungen.com\/wp-content\/uploads\/2025\/04\/fZtRbBKw.png","type":"image\/png"}],"twitter_card":"summary_large_image","twitter_misc":{"Estimeret l\u00e6setid":"1 minut"},"schema":{"@context":"https:\/\/schema.org","@graph":[{"@type":"WebPage","@id":"https:\/\/xenonkungen.com\/produkt\/dt-4-kontakt-hona-set-4-pin\/","url":"https:\/\/xenonkungen.com\/produkt\/dt-4-kontakt-hona-set-4-pin\/","name":"DT-4 Hunstik S\u00e6t | 4-PIN - Xenonkungen","isPartOf":{"@id":"https:\/\/xenonkungen.com\/#website"},"primaryImageOfPage":{"@id":"https:\/\/xenonkungen.com\/produkt\/dt-4-kontakt-hona-set-4-pin\/#primaryimage"},"image":{"@id":"https:\/\/xenonkungen.com\/produkt\/dt-4-kontakt-hona-set-4-pin\/#primaryimage"},"thumbnailUrl":"https:\/\/xenonkungen.com\/wp-content\/uploads\/2025\/04\/fZtRbBKw.png","datePublished":"2025-04-15T08:38:32+00:00","dateModified":"2026-04-24T15:43:22+00:00","breadcrumb":{"@id":"https:\/\/xenonkungen.com\/produkt\/dt-4-kontakt-hona-set-4-pin\/#breadcrumb"},"inLanguage":"da-DK","potentialAction":[{"@type":"ReadAction","target":["https:\/\/xenonkungen.com\/produkt\/dt-4-kontakt-hona-set-4-pin\/"]}]},{"@type":"ImageObject","inLanguage":"da-DK","@id":"https:\/\/xenonkungen.com\/produkt\/dt-4-kontakt-hona-set-4-pin\/#primaryimage","url":"https:\/\/xenonkungen.com\/wp-content\/uploads\/2025\/04\/fZtRbBKw.png","contentUrl":"https:\/\/xenonkungen.com\/wp-content\/uploads\/2025\/04\/fZtRbBKw.png","width":1250,"height":1250},{"@type":"BreadcrumbList","@id":"https:\/\/xenonkungen.com\/produkt\/dt-4-kontakt-hona-set-4-pin\/#breadcrumb","itemListElement":[{"@type":"ListItem","position":1,"name":"Hem","item":"https:\/\/xenonkungen.com\/"},{"@type":"ListItem","position":2,"name":"Shop","item":"https:\/\/xenonkungen.com\/shop\/"},{"@type":"ListItem","position":3,"name":"DT-4 Kontakt Hona set | 4-PIN"}]},{"@type":"WebSite","@id":"https:\/\/xenonkungen.com\/#website","url":"https:\/\/xenonkungen.com\/","name":"Xenonkungen","description":"","potentialAction":[{"@type":"SearchAction","target":{"@type":"EntryPoint","urlTemplate":"https:\/\/xenonkungen.com\/?s={search_term_string}"},"query-input":{"@type":"PropertyValueSpecification","valueRequired":true,"valueName":"search_term_string"}}],"inLanguage":"da-DK"}]}},"taxonomy_info":{"product_brand":[{"value":103,"label":"LUXTAR"}],"product_cat":[{"value":2493,"label":"Kontakter"},{"value":2826,"label":"LUXTAR"},{"value":390,"label":"Installation"}],"pa_lampsockel-kontakt":[{"value":181,"label":"DT-4"}]},"featured_image_src_large":["https:\/\/xenonkungen.com\/wp-content\/uploads\/2025\/04\/fZtRbBKw-1024x1024.png",1024,1024,true],"author_info":[],"comment_info":0,"_links":{"self":[{"href":"https:\/\/xenonkungen.com\/dk\/wp-json\/wp\/v2\/product\/2503","targetHints":{"allow":["GET"]}}],"collection":[{"href":"https:\/\/xenonkungen.com\/dk\/wp-json\/wp\/v2\/product"}],"about":[{"href":"https:\/\/xenonkungen.com\/dk\/wp-json\/wp\/v2\/types\/product"}],"replies":[{"embeddable":true,"href":"https:\/\/xenonkungen.com\/dk\/wp-json\/wp\/v2\/comments?post=2503"}],"wp:featuredmedia":[{"embeddable":true,"href":"https:\/\/xenonkungen.com\/dk\/wp-json\/wp\/v2\/media\/2504"}],"wp:attachment":[{"href":"https:\/\/xenonkungen.com\/dk\/wp-json\/wp\/v2\/media?parent=2503"}],"wp:term":[{"taxonomy":"anvandningsomrade","embeddable":true,"href":"https:\/\/xenonkungen.com\/dk\/wp-json\/wp\/v2\/anvandningsomrade?post=2503"},{"taxonomy":"bilmarken","embeddable":true,"href":"https:\/\/xenonkungen.com\/dk\/wp-json\/wp\/v2\/bilmarken?post=2503"},{"taxonomy":"product_brand","embeddable":true,"href":"https:\/\/xenonkungen.com\/dk\/wp-json\/wp\/v2\/product_brand?post=2503"},{"taxonomy":"product_cat","embeddable":true,"href":"https:\/\/xenonkungen.com\/dk\/wp-json\/wp\/v2\/product_cat?post=2503"},{"taxonomy":"product_tag","embeddable":true,"href":"https:\/\/xenonkungen.com\/dk\/wp-json\/wp\/v2\/product_tag?post=2503"}],"curies":[{"name":"wp","href":"https:\/\/api.w.org\/{rel}","templated":true}]}}