{"id":25049,"date":"2026-01-23T10:38:58","date_gmt":"2026-01-23T09:38:58","guid":{"rendered":"https:\/\/xenonkungen.com\/?post_type=product&#038;p=25049"},"modified":"2026-04-24T17:36:25","modified_gmt":"2026-04-24T16:36:25","slug":"osram-night-breaker-220-h4-1-pakke","status":"publish","type":"product","link":"https:\/\/xenonkungen.com\/dk\/vare\/osram-night-breaker-220-h4-1-pakke\/","title":{"rendered":"OSRAM Night Breaker\u00ae 220 | H4 | 1-pak"},"content":{"rendered":"<h3 data-start=\"169\" data-end=\"241\">OSRAM NIGHT BREAKER 220 \u2013 OSRAMs kraftigste halogenlampe nogensinde<\/h3>\n<p data-start=\"243\" data-end=\"488\">Tag skridtet til det n\u00e6ste niveau af lys. <strong data-start=\"274\" data-end=\"333\"><span class=\"hover:entity-accent entity-underline inline cursor-pointer align-baseline\"><span class=\"whitespace-normal\">OSRAM<\/span><\/span> NATTEBR\u00c6KKER 220<\/strong> er OSRAMs <strong data-start=\"344\" data-end=\"385\">den klareste halogenp\u00e6re til k\u00f8ret\u00f8jer<\/strong> \u2013 designet til bilister, der har brug for <strong data-start=\"420\" data-end=\"487\">maksimal synlighed, hurtigere reaktionstid og kompromisl\u00f8s ydeevne<\/strong>.<\/p>\n<p data-start=\"490\" data-end=\"828\">Med op til <strong data-start=\"503\" data-end=\"529\">220 % h\u00f8jere lysstyrke<\/strong> sammenlignet med minimumsstandarder i henhold til lovgivningen og <strong data-start=\"574\" data-end=\"603\">op til 20 % hvidere lys<\/strong>, f\u00e5r du et betydeligt lysere og mere kontrastrigt lys. Den ekstra lysstyrke giver en <strong data-start=\"690\" data-end=\"727\">synlighedsr\u00e6kkevidde p\u00e5 op til 150 meter<\/strong>, hvilket betyder, at du registrerer vejskilte, forhindringer og farer <strong data-start=\"790\" data-end=\"827\">tidligere \u2013 og kan handle hurtigere<\/strong>.<\/p>\n<p data-start=\"830\" data-end=\"1019\">NIGHT BREAKER 220 er det oplagte valg for dem, der virkelig m\u00e6rker forskellen, n\u00e5r belysningen yder sit bedste. En lampe, der ikke kun lyser vejen op \u2013 men som ogs\u00e5 forbedrer hele k\u00f8reoplevelsen.<\/p>\n<h4 data-start=\"1021\" data-end=\"1063\">Hvorfor v\u00e6lge OSRAM NIGHT BREAKER 220?<\/h4>\n<ul data-start=\"1064\" data-end=\"1330\">\n<li data-start=\"1064\" data-end=\"1121\">\n<p data-start=\"1066\" data-end=\"1121\"><strong data-start=\"1069\" data-end=\"1096\">Op til 220 % mere lys<\/strong> end lovpligtig standard<\/p>\n<\/li>\n<li data-start=\"1064\" data-end=\"1121\">\n<p data-start=\"1066\" data-end=\"1121\"><strong data-start=\"1128\" data-end=\"1157\">Op til 20 % hvidere lys<\/strong> for bedre kontrast og skarphed<\/p>\n<\/li>\n<li data-start=\"1191\" data-end=\"1249\">\n<p data-start=\"1193\" data-end=\"1249\"><strong data-start=\"1197\" data-end=\"1227\">Op til 150 m l\u00e6ngere sigtbarhed<\/strong> \u2013 se farer tidligere<\/p>\n<\/li>\n<li data-start=\"1250\" data-end=\"1296\">\n<p data-start=\"1252\" data-end=\"1296\"><strong data-start=\"1255\" data-end=\"1294\">Eksklusivt design med guldfarvet top<\/strong><\/p>\n<\/li>\n<li data-start=\"1297\" data-end=\"1330\">\n<p data-start=\"1299\" data-end=\"1330\">Tilg\u00e6ngelig i <strong data-start=\"1310\" data-end=\"1328\">H4, H7 og H11<\/strong><\/p>\n<\/li>\n<\/ul>\n<p data-start=\"1332\" data-end=\"1503\">OSRAM NIGHT BREAKER 220 er lampen for dem, der \u00f8nsker <strong data-start=\"1386\" data-end=\"1420\">det absolut bedste inden for halogen<\/strong> \u2013 maksimal lysstyrke, moderne design og en klar sikkerhedsfordel ved k\u00f8rsel om natten.<\/p>","protected":false},"excerpt":{"rendered":"<p>G\u00e5 til det n\u00e6ste niveau af lys: med NIGHT BREAKER 220 - OSRAMs mest lysst\u00e6rke halogenlampe til biler!<\/p>","protected":false},"featured_media":25051,"comment_status":"closed","ping_status":"closed","template":"","meta":{"_acf_changed":false,"_smort_price_nok":"176","_smort_price_dkk":"241","_smort_price_eur":"32.27","_smort_sale_price_nok":"","_smort_sale_price_dkk":"","_smort_sale_price_eur":"","smort_restorder":"","shipmondo_restorder":"","_kad_blocks_custom_css":"","_kad_blocks_head_custom_js":"","_kad_blocks_body_custom_js":"","_kad_blocks_footer_custom_js":"","smort_custom_pricelist_1":"105.6","smort_custom_pricelist_2":"92.4","smort_custom_pricelist_3":"85.8","smort_custom_pricelist_4":"132","smort_custom_pricelist_5":"92.4"},"anvandningsomrade":[],"bilmarken":[],"product_brand":[108],"product_cat":[2543,733],"product_tag":[],"class_list":{"0":"post-25049","1":"product","2":"type-product","3":"status-publish","4":"has-post-thumbnail","6":"product_brand-osram","7":"product_cat-halogen-halvljus-helljus","8":"product_cat-halvljus-helljus","9":"pa_faktisk-effekts-forbrukning-311","10":"pa_lampsockel-kontakt-h4","11":"pa_lampsockel-kontakt-p43t","12":"pa_storlek-mm-1256","13":"pa_volt-v-159","15":"first","16":"onbackorder","17":"taxable","18":"shipping-taxable","19":"purchasable","20":"product-type-simple"},"bundled_by":[],"bundle_stock_status":"onbackorder","bundle_stock_quantity":0,"bundle_virtual":false,"bundle_layout":"","bundle_add_to_cart_form_location":"","bundle_editable_in_cart":false,"bundle_sold_individually_context":"","bundle_item_grouping":"","bundle_min_size":"","bundle_max_size":"","bundle_price":[],"bundled_items":[],"bundle_sell_ids":[],"acf":[],"yoast_head":"<!-- This site is optimized with the Yoast SEO plugin v27.0 - https:\/\/yoast.com\/product\/yoast-seo-wordpress\/ -->\n<title>OSRAM Night Breaker\u00ae 220 | H4 | 1-Pack - Xenonkungen<\/title>\n<meta name=\"robots\" content=\"index, follow, max-snippet:-1, max-image-preview:large, max-video-preview:-1\" \/>\n<link rel=\"canonical\" href=\"https:\/\/xenonkungen.com\/dk\/vare\/osram-night-breaker-220-h4-1-pakke\/\" \/>\n<meta property=\"og:locale\" content=\"da_DK\" \/>\n<meta property=\"og:type\" content=\"article\" \/>\n<meta property=\"og:title\" content=\"OSRAM Night Breaker\u00ae 220 | H4 | 1-Pack - Xenonkungen\" \/>\n<meta property=\"og:description\" content=\"G\u00e5 till n\u00e4sta ljusniv\u00e5: Med NIGHT BREAKER 220 \u2013 OSRAMs ljusstarkaste halogenlampa f\u00f6r fordon!\" \/>\n<meta property=\"og:url\" content=\"https:\/\/xenonkungen.com\/dk\/vare\/osram-night-breaker-220-h4-1-pakke\/\" \/>\n<meta property=\"og:site_name\" content=\"Xenonkungen\" \/>\n<meta property=\"article:modified_time\" content=\"2026-04-24T16:36:25+00:00\" \/>\n<meta property=\"og:image\" content=\"https:\/\/xenonkungen.com\/wp-content\/uploads\/2026\/01\/Small-for-web-and-ppt-BS_ARF-2023-02278_64193NB220_01.jpg\" \/>\n\t<meta property=\"og:image:width\" content=\"1024\" \/>\n\t<meta property=\"og:image:height\" content=\"1024\" \/>\n\t<meta property=\"og:image:type\" content=\"image\/jpeg\" \/>\n<meta name=\"twitter:card\" content=\"summary_large_image\" \/>\n<meta name=\"twitter:label1\" content=\"Estimeret l\u00e6setid\" \/>\n\t<meta name=\"twitter:data1\" content=\"2 minutter\" \/>\n<script type=\"application\/ld+json\" class=\"yoast-schema-graph\">{\"@context\":\"https:\/\/schema.org\",\"@graph\":[{\"@type\":\"WebPage\",\"@id\":\"https:\/\/xenonkungen.com\/produkt\/osram-night-breaker-220-h4-1-pack\/\",\"url\":\"https:\/\/xenonkungen.com\/produkt\/osram-night-breaker-220-h4-1-pack\/\",\"name\":\"OSRAM Night Breaker\u00ae 220 | H4 | 1-Pack - Xenonkungen\",\"isPartOf\":{\"@id\":\"https:\/\/xenonkungen.com\/#website\"},\"primaryImageOfPage\":{\"@id\":\"https:\/\/xenonkungen.com\/produkt\/osram-night-breaker-220-h4-1-pack\/#primaryimage\"},\"image\":{\"@id\":\"https:\/\/xenonkungen.com\/produkt\/osram-night-breaker-220-h4-1-pack\/#primaryimage\"},\"thumbnailUrl\":\"https:\/\/xenonkungen.com\/wp-content\/uploads\/2026\/01\/Small-for-web-and-ppt-BS_ARF-2023-02278_64193NB220_01.jpg\",\"datePublished\":\"2026-01-23T09:38:58+00:00\",\"dateModified\":\"2026-04-24T16:36:25+00:00\",\"breadcrumb\":{\"@id\":\"https:\/\/xenonkungen.com\/produkt\/osram-night-breaker-220-h4-1-pack\/#breadcrumb\"},\"inLanguage\":\"da-DK\",\"potentialAction\":[{\"@type\":\"ReadAction\",\"target\":[\"https:\/\/xenonkungen.com\/produkt\/osram-night-breaker-220-h4-1-pack\/\"]}]},{\"@type\":\"ImageObject\",\"inLanguage\":\"da-DK\",\"@id\":\"https:\/\/xenonkungen.com\/produkt\/osram-night-breaker-220-h4-1-pack\/#primaryimage\",\"url\":\"https:\/\/xenonkungen.com\/wp-content\/uploads\/2026\/01\/Small-for-web-and-ppt-BS_ARF-2023-02278_64193NB220_01.jpg\",\"contentUrl\":\"https:\/\/xenonkungen.com\/wp-content\/uploads\/2026\/01\/Small-for-web-and-ppt-BS_ARF-2023-02278_64193NB220_01.jpg\",\"width\":1024,\"height\":1024},{\"@type\":\"BreadcrumbList\",\"@id\":\"https:\/\/xenonkungen.com\/produkt\/osram-night-breaker-220-h4-1-pack\/#breadcrumb\",\"itemListElement\":[{\"@type\":\"ListItem\",\"position\":1,\"name\":\"Hem\",\"item\":\"https:\/\/xenonkungen.com\/\"},{\"@type\":\"ListItem\",\"position\":2,\"name\":\"Shop\",\"item\":\"https:\/\/xenonkungen.com\/shop\/\"},{\"@type\":\"ListItem\",\"position\":3,\"name\":\"OSRAM Night Breaker\u00ae 220 | H4 | 1-Pack\"}]},{\"@type\":\"WebSite\",\"@id\":\"https:\/\/xenonkungen.com\/#website\",\"url\":\"https:\/\/xenonkungen.com\/\",\"name\":\"Xenonkungen\",\"description\":\"\",\"potentialAction\":[{\"@type\":\"SearchAction\",\"target\":{\"@type\":\"EntryPoint\",\"urlTemplate\":\"https:\/\/xenonkungen.com\/?s={search_term_string}\"},\"query-input\":{\"@type\":\"PropertyValueSpecification\",\"valueRequired\":true,\"valueName\":\"search_term_string\"}}],\"inLanguage\":\"da-DK\"}]}<\/script>\n<!-- \/ Yoast SEO plugin. -->","yoast_head_json":{"title":"OSRAM Night Breaker\u00ae 220 | H4 | 1-pak - Xenon-kongen","robots":{"index":"index","follow":"follow","max-snippet":"max-snippet:-1","max-image-preview":"max-image-preview:large","max-video-preview":"max-video-preview:-1"},"canonical":"https:\/\/xenonkungen.com\/dk\/vare\/osram-night-breaker-220-h4-1-pakke\/","og_locale":"da_DK","og_type":"article","og_title":"OSRAM Night Breaker\u00ae 220 | H4 | 1-Pack - Xenonkungen","og_description":"G\u00e5 till n\u00e4sta ljusniv\u00e5: Med NIGHT BREAKER 220 \u2013 OSRAMs ljusstarkaste halogenlampa f\u00f6r fordon!","og_url":"https:\/\/xenonkungen.com\/dk\/vare\/osram-night-breaker-220-h4-1-pakke\/","og_site_name":"Xenonkungen","article_modified_time":"2026-04-24T16:36:25+00:00","og_image":[{"width":1024,"height":1024,"url":"https:\/\/xenonkungen.com\/wp-content\/uploads\/2026\/01\/Small-for-web-and-ppt-BS_ARF-2023-02278_64193NB220_01.jpg","type":"image\/jpeg"}],"twitter_card":"summary_large_image","twitter_misc":{"Estimeret l\u00e6setid":"2 minutter"},"schema":{"@context":"https:\/\/schema.org","@graph":[{"@type":"WebPage","@id":"https:\/\/xenonkungen.com\/produkt\/osram-night-breaker-220-h4-1-pack\/","url":"https:\/\/xenonkungen.com\/produkt\/osram-night-breaker-220-h4-1-pack\/","name":"OSRAM Night Breaker\u00ae 220 | H4 | 1-pak - Xenon-kongen","isPartOf":{"@id":"https:\/\/xenonkungen.com\/#website"},"primaryImageOfPage":{"@id":"https:\/\/xenonkungen.com\/produkt\/osram-night-breaker-220-h4-1-pack\/#primaryimage"},"image":{"@id":"https:\/\/xenonkungen.com\/produkt\/osram-night-breaker-220-h4-1-pack\/#primaryimage"},"thumbnailUrl":"https:\/\/xenonkungen.com\/wp-content\/uploads\/2026\/01\/Small-for-web-and-ppt-BS_ARF-2023-02278_64193NB220_01.jpg","datePublished":"2026-01-23T09:38:58+00:00","dateModified":"2026-04-24T16:36:25+00:00","breadcrumb":{"@id":"https:\/\/xenonkungen.com\/produkt\/osram-night-breaker-220-h4-1-pack\/#breadcrumb"},"inLanguage":"da-DK","potentialAction":[{"@type":"ReadAction","target":["https:\/\/xenonkungen.com\/produkt\/osram-night-breaker-220-h4-1-pack\/"]}]},{"@type":"ImageObject","inLanguage":"da-DK","@id":"https:\/\/xenonkungen.com\/produkt\/osram-night-breaker-220-h4-1-pack\/#primaryimage","url":"https:\/\/xenonkungen.com\/wp-content\/uploads\/2026\/01\/Small-for-web-and-ppt-BS_ARF-2023-02278_64193NB220_01.jpg","contentUrl":"https:\/\/xenonkungen.com\/wp-content\/uploads\/2026\/01\/Small-for-web-and-ppt-BS_ARF-2023-02278_64193NB220_01.jpg","width":1024,"height":1024},{"@type":"BreadcrumbList","@id":"https:\/\/xenonkungen.com\/produkt\/osram-night-breaker-220-h4-1-pack\/#breadcrumb","itemListElement":[{"@type":"ListItem","position":1,"name":"Hem","item":"https:\/\/xenonkungen.com\/"},{"@type":"ListItem","position":2,"name":"Shop","item":"https:\/\/xenonkungen.com\/shop\/"},{"@type":"ListItem","position":3,"name":"OSRAM Night Breaker\u00ae 220 | H4 | 1-Pack"}]},{"@type":"WebSite","@id":"https:\/\/xenonkungen.com\/#website","url":"https:\/\/xenonkungen.com\/","name":"Xenonkungen","description":"","potentialAction":[{"@type":"SearchAction","target":{"@type":"EntryPoint","urlTemplate":"https:\/\/xenonkungen.com\/?s={search_term_string}"},"query-input":{"@type":"PropertyValueSpecification","valueRequired":true,"valueName":"search_term_string"}}],"inLanguage":"da-DK"}]}},"taxonomy_info":{"product_brand":[{"value":108,"label":"OSRAM"}],"product_cat":[{"value":2543,"label":"Halogen"},{"value":733,"label":"Halvljus \/ Helljus"}],"pa_faktisk-effekts-forbrukning":[{"value":311,"label":"75"}],"pa_lampsockel-kontakt":[{"value":340,"label":"H4"},{"value":2785,"label":"P43t"}],"pa_storlek-mm":[{"value":1256,"label":"82"}],"pa_volt-v":[{"value":159,"label":"12"}]},"featured_image_src_large":["https:\/\/xenonkungen.com\/wp-content\/uploads\/2026\/01\/Small-for-web-and-ppt-BS_ARF-2023-02278_64193NB220_01.jpg",1024,1024,false],"author_info":[],"comment_info":0,"_links":{"self":[{"href":"https:\/\/xenonkungen.com\/dk\/wp-json\/wp\/v2\/product\/25049","targetHints":{"allow":["GET"]}}],"collection":[{"href":"https:\/\/xenonkungen.com\/dk\/wp-json\/wp\/v2\/product"}],"about":[{"href":"https:\/\/xenonkungen.com\/dk\/wp-json\/wp\/v2\/types\/product"}],"replies":[{"embeddable":true,"href":"https:\/\/xenonkungen.com\/dk\/wp-json\/wp\/v2\/comments?post=25049"}],"wp:featuredmedia":[{"embeddable":true,"href":"https:\/\/xenonkungen.com\/dk\/wp-json\/wp\/v2\/media\/25051"}],"wp:attachment":[{"href":"https:\/\/xenonkungen.com\/dk\/wp-json\/wp\/v2\/media?parent=25049"}],"wp:term":[{"taxonomy":"anvandningsomrade","embeddable":true,"href":"https:\/\/xenonkungen.com\/dk\/wp-json\/wp\/v2\/anvandningsomrade?post=25049"},{"taxonomy":"bilmarken","embeddable":true,"href":"https:\/\/xenonkungen.com\/dk\/wp-json\/wp\/v2\/bilmarken?post=25049"},{"taxonomy":"product_brand","embeddable":true,"href":"https:\/\/xenonkungen.com\/dk\/wp-json\/wp\/v2\/product_brand?post=25049"},{"taxonomy":"product_cat","embeddable":true,"href":"https:\/\/xenonkungen.com\/dk\/wp-json\/wp\/v2\/product_cat?post=25049"},{"taxonomy":"product_tag","embeddable":true,"href":"https:\/\/xenonkungen.com\/dk\/wp-json\/wp\/v2\/product_tag?post=25049"}],"curies":[{"name":"wp","href":"https:\/\/api.w.org\/{rel}","templated":true}]}}