{"id":2505,"date":"2025-04-15T08:38:32","date_gmt":"2025-04-15T08:38:32","guid":{"rendered":"https:\/\/xenonkungen.com\/product\/dt-4-kontakt-hane-set-4-pin\/"},"modified":"2026-04-10T23:51:28","modified_gmt":"2026-04-10T22:51:28","slug":"dt-4-stik-han-saet-4-benet","status":"publish","type":"product","link":"https:\/\/xenonkungen.com\/dk\/vare\/dt-4-stik-han-saet-4-benet\/","title":{"rendered":"DT-4 Kontakttaps\u00e6t | 4-PIN"},"content":{"rendered":"<h1>L\u00f8se DT-4-stik til elektriske installationer<\/h1>\n<p>Hvis du arbejder med elektriske systemer og st\u00f8der p\u00e5 inkompatible stik mellem komponenter, beh\u00f8ver du ikke bekymre dig. Med vores l\u00f8se <strong>DT-4 kontakter<\/strong> Du kan nemt tilpasse ledningsf\u00f8ringen ved at udskifte de eksisterende stik med vores kompatible og p\u00e5lidelige DT-4-varianter. Det er en hurtig og nem l\u00f8sning, der sikrer en problemfri og sikker forbindelse.<\/p>\n<p>Vores DT-4-stik er designet til at give en <strong>stabil, vandt\u00e6t og langvarig forbindelse<\/strong> i alle typer applikationer, fra bilelektronik til industrielle systemer. Ved at bruge disse stik undg\u00e5r du problemer med l\u00f8se eller usikre forbindelser og kan stole p\u00e5 en professionel og holdbar installation.<\/p>\n<h2>Hvert s\u00e6t l\u00f8se DT-4-stik indeholder:<\/h2>\n<ul>\n<li>1 mand<\/li>\n<li>4 x sokker<\/li>\n<li>Fugtbestandig gummi<\/li>\n<\/ul>\n<p>Disse komponenter sikrer en <strong>nem montering og en sikker forbindelse<\/strong> der kan modst\u00e5 barske milj\u00f8er og varierende vejrforhold. Uanset om du opgraderer eller udskifter eksisterende stik, giver vores l\u00f8se DT-4-stik dig den fleksibilitet og p\u00e5lidelighed, du har brug for.<\/p>","protected":false},"excerpt":{"rendered":"<p>L\u00f6sa DT-4 Kontakter f\u00f6r Elektriska Installationer Om du arbetar med elektriska system och st\u00f6ter p\u00e5 inkompatibla kontakter mellan komponenterna, beh\u00f6ver du inte oroa dig. Med v\u00e5ra l\u00f6sa DT-4 kontakter kan du enkelt anpassa kablaget genom att ers\u00e4tta de befintliga kontakterna med v\u00e5ra kompatibla och p\u00e5litliga DT-4 varianter. Det \u00e4r en snabb och enkel l\u00f6sning f\u00f6r [&hellip;]<\/p>","protected":false},"featured_media":2506,"comment_status":"closed","ping_status":"open","template":"","meta":{"_acf_changed":false,"_smort_price_nok":"127","_smort_price_dkk":"81","_smort_price_eur":"10.82","_smort_sale_price_nok":"","_smort_sale_price_dkk":"","_smort_sale_price_eur":"","smort_restorder":"","shipmondo_restorder":"","_kad_blocks_custom_css":"","_kad_blocks_head_custom_js":"","_kad_blocks_body_custom_js":"","_kad_blocks_footer_custom_js":"","smort_custom_pricelist_1":"66.64","smort_custom_pricelist_2":"57.12","smort_custom_pricelist_3":"47.12","smort_custom_pricelist_4":"95.2","smort_custom_pricelist_5":"57.12"},"anvandningsomrade":[],"bilmarken":[],"product_brand":[103],"product_cat":[2493,2826,2823,390],"product_tag":[],"class_list":{"0":"post-2505","1":"product","2":"type-product","3":"status-publish","4":"has-post-thumbnail","6":"product_brand-luxtar","7":"product_cat-kontakter-installation","8":"product_cat-luxtar","9":"product_cat-luxtar-ovriga-produkter","10":"product_cat-installation","11":"pa_lampsockel-kontakt-dt-4","13":"first","14":"instock","15":"taxable","16":"shipping-taxable","17":"purchasable","18":"product-type-simple"},"bundled_by":[],"bundle_stock_status":"instock","bundle_stock_quantity":73,"bundle_virtual":false,"bundle_layout":"","bundle_add_to_cart_form_location":"","bundle_editable_in_cart":false,"bundle_sold_individually_context":"","bundle_item_grouping":"","bundle_min_size":"","bundle_max_size":"","bundle_price":[],"bundled_items":[],"bundle_sell_ids":[],"acf":[],"yoast_head":"<!-- This site is optimized with the Yoast SEO plugin v27.0 - https:\/\/yoast.com\/product\/yoast-seo-wordpress\/ -->\n<title>DT-4 Kontakt Hane set | 4-PIN - Xenonkungen<\/title>\n<meta name=\"robots\" content=\"index, follow, max-snippet:-1, max-image-preview:large, max-video-preview:-1\" \/>\n<link rel=\"canonical\" href=\"https:\/\/xenonkungen.com\/dk\/vare\/dt-4-stik-han-saet-4-benet\/\" \/>\n<meta property=\"og:locale\" content=\"da_DK\" \/>\n<meta property=\"og:type\" content=\"article\" \/>\n<meta property=\"og:title\" content=\"DT-4 Kontakt Hane set | 4-PIN - Xenonkungen\" \/>\n<meta property=\"og:description\" content=\"L\u00f6sa DT-4 Kontakter f\u00f6r Elektriska Installationer Om du arbetar med elektriska system och st\u00f6ter p\u00e5 inkompatibla kontakter mellan komponenterna, beh\u00f6ver du inte oroa dig. Med v\u00e5ra l\u00f6sa DT-4 kontakter kan du enkelt anpassa kablaget genom att ers\u00e4tta de befintliga kontakterna med v\u00e5ra kompatibla och p\u00e5litliga DT-4 varianter. Det \u00e4r en snabb och enkel l\u00f6sning f\u00f6r [&hellip;]\" \/>\n<meta property=\"og:url\" content=\"https:\/\/xenonkungen.com\/dk\/vare\/dt-4-stik-han-saet-4-benet\/\" \/>\n<meta property=\"og:site_name\" content=\"Xenonkungen\" \/>\n<meta property=\"article:modified_time\" content=\"2026-04-10T22:51:28+00:00\" \/>\n<meta property=\"og:image\" content=\"https:\/\/xenonkungen.com\/wp-content\/uploads\/2025\/04\/IDPjkTgA.png\" \/>\n\t<meta property=\"og:image:width\" content=\"600\" \/>\n\t<meta property=\"og:image:height\" content=\"600\" \/>\n\t<meta property=\"og:image:type\" content=\"image\/png\" \/>\n<meta name=\"twitter:card\" content=\"summary_large_image\" \/>\n<meta name=\"twitter:label1\" content=\"Estimeret l\u00e6setid\" \/>\n\t<meta name=\"twitter:data1\" content=\"1 minut\" \/>\n<script type=\"application\/ld+json\" class=\"yoast-schema-graph\">{\"@context\":\"https:\/\/schema.org\",\"@graph\":[{\"@type\":\"WebPage\",\"@id\":\"https:\/\/xenonkungen.com\/produkt\/dt-4-kontakt-hane-set-4-pin\/\",\"url\":\"https:\/\/xenonkungen.com\/produkt\/dt-4-kontakt-hane-set-4-pin\/\",\"name\":\"DT-4 Kontakt Hane set | 4-PIN - Xenonkungen\",\"isPartOf\":{\"@id\":\"https:\/\/xenonkungen.com\/#website\"},\"primaryImageOfPage\":{\"@id\":\"https:\/\/xenonkungen.com\/produkt\/dt-4-kontakt-hane-set-4-pin\/#primaryimage\"},\"image\":{\"@id\":\"https:\/\/xenonkungen.com\/produkt\/dt-4-kontakt-hane-set-4-pin\/#primaryimage\"},\"thumbnailUrl\":\"https:\/\/xenonkungen.com\/wp-content\/uploads\/2025\/04\/IDPjkTgA.png\",\"datePublished\":\"2025-04-15T08:38:32+00:00\",\"dateModified\":\"2026-04-10T22:51:28+00:00\",\"breadcrumb\":{\"@id\":\"https:\/\/xenonkungen.com\/produkt\/dt-4-kontakt-hane-set-4-pin\/#breadcrumb\"},\"inLanguage\":\"da-DK\",\"potentialAction\":[{\"@type\":\"ReadAction\",\"target\":[\"https:\/\/xenonkungen.com\/produkt\/dt-4-kontakt-hane-set-4-pin\/\"]}]},{\"@type\":\"ImageObject\",\"inLanguage\":\"da-DK\",\"@id\":\"https:\/\/xenonkungen.com\/produkt\/dt-4-kontakt-hane-set-4-pin\/#primaryimage\",\"url\":\"https:\/\/xenonkungen.com\/wp-content\/uploads\/2025\/04\/IDPjkTgA.png\",\"contentUrl\":\"https:\/\/xenonkungen.com\/wp-content\/uploads\/2025\/04\/IDPjkTgA.png\",\"width\":600,\"height\":600},{\"@type\":\"BreadcrumbList\",\"@id\":\"https:\/\/xenonkungen.com\/produkt\/dt-4-kontakt-hane-set-4-pin\/#breadcrumb\",\"itemListElement\":[{\"@type\":\"ListItem\",\"position\":1,\"name\":\"Hem\",\"item\":\"https:\/\/xenonkungen.com\/\"},{\"@type\":\"ListItem\",\"position\":2,\"name\":\"Shop\",\"item\":\"https:\/\/xenonkungen.com\/shop\/\"},{\"@type\":\"ListItem\",\"position\":3,\"name\":\"DT-4 Kontakt Hane set | 4-PIN\"}]},{\"@type\":\"WebSite\",\"@id\":\"https:\/\/xenonkungen.com\/#website\",\"url\":\"https:\/\/xenonkungen.com\/\",\"name\":\"Xenonkungen\",\"description\":\"\",\"potentialAction\":[{\"@type\":\"SearchAction\",\"target\":{\"@type\":\"EntryPoint\",\"urlTemplate\":\"https:\/\/xenonkungen.com\/?s={search_term_string}\"},\"query-input\":{\"@type\":\"PropertyValueSpecification\",\"valueRequired\":true,\"valueName\":\"search_term_string\"}}],\"inLanguage\":\"da-DK\"}]}<\/script>\n<!-- \/ Yoast SEO plugin. -->","yoast_head_json":{"title":"DT-4 Kontakt Han-s\u00e6t | 4-PIN - Xenon Kongen","robots":{"index":"index","follow":"follow","max-snippet":"max-snippet:-1","max-image-preview":"max-image-preview:large","max-video-preview":"max-video-preview:-1"},"canonical":"https:\/\/xenonkungen.com\/dk\/vare\/dt-4-stik-han-saet-4-benet\/","og_locale":"da_DK","og_type":"article","og_title":"DT-4 Kontakt Hane set | 4-PIN - Xenonkungen","og_description":"L\u00f6sa DT-4 Kontakter f\u00f6r Elektriska Installationer Om du arbetar med elektriska system och st\u00f6ter p\u00e5 inkompatibla kontakter mellan komponenterna, beh\u00f6ver du inte oroa dig. Med v\u00e5ra l\u00f6sa DT-4 kontakter kan du enkelt anpassa kablaget genom att ers\u00e4tta de befintliga kontakterna med v\u00e5ra kompatibla och p\u00e5litliga DT-4 varianter. Det \u00e4r en snabb och enkel l\u00f6sning f\u00f6r [&hellip;]","og_url":"https:\/\/xenonkungen.com\/dk\/vare\/dt-4-stik-han-saet-4-benet\/","og_site_name":"Xenonkungen","article_modified_time":"2026-04-10T22:51:28+00:00","og_image":[{"width":600,"height":600,"url":"https:\/\/xenonkungen.com\/wp-content\/uploads\/2025\/04\/IDPjkTgA.png","type":"image\/png"}],"twitter_card":"summary_large_image","twitter_misc":{"Estimeret l\u00e6setid":"1 minut"},"schema":{"@context":"https:\/\/schema.org","@graph":[{"@type":"WebPage","@id":"https:\/\/xenonkungen.com\/produkt\/dt-4-kontakt-hane-set-4-pin\/","url":"https:\/\/xenonkungen.com\/produkt\/dt-4-kontakt-hane-set-4-pin\/","name":"DT-4 Kontakt Han-s\u00e6t | 4-PIN - Xenon Kongen","isPartOf":{"@id":"https:\/\/xenonkungen.com\/#website"},"primaryImageOfPage":{"@id":"https:\/\/xenonkungen.com\/produkt\/dt-4-kontakt-hane-set-4-pin\/#primaryimage"},"image":{"@id":"https:\/\/xenonkungen.com\/produkt\/dt-4-kontakt-hane-set-4-pin\/#primaryimage"},"thumbnailUrl":"https:\/\/xenonkungen.com\/wp-content\/uploads\/2025\/04\/IDPjkTgA.png","datePublished":"2025-04-15T08:38:32+00:00","dateModified":"2026-04-10T22:51:28+00:00","breadcrumb":{"@id":"https:\/\/xenonkungen.com\/produkt\/dt-4-kontakt-hane-set-4-pin\/#breadcrumb"},"inLanguage":"da-DK","potentialAction":[{"@type":"ReadAction","target":["https:\/\/xenonkungen.com\/produkt\/dt-4-kontakt-hane-set-4-pin\/"]}]},{"@type":"ImageObject","inLanguage":"da-DK","@id":"https:\/\/xenonkungen.com\/produkt\/dt-4-kontakt-hane-set-4-pin\/#primaryimage","url":"https:\/\/xenonkungen.com\/wp-content\/uploads\/2025\/04\/IDPjkTgA.png","contentUrl":"https:\/\/xenonkungen.com\/wp-content\/uploads\/2025\/04\/IDPjkTgA.png","width":600,"height":600},{"@type":"BreadcrumbList","@id":"https:\/\/xenonkungen.com\/produkt\/dt-4-kontakt-hane-set-4-pin\/#breadcrumb","itemListElement":[{"@type":"ListItem","position":1,"name":"Hem","item":"https:\/\/xenonkungen.com\/"},{"@type":"ListItem","position":2,"name":"Shop","item":"https:\/\/xenonkungen.com\/shop\/"},{"@type":"ListItem","position":3,"name":"DT-4 Kontakt Hane set | 4-PIN"}]},{"@type":"WebSite","@id":"https:\/\/xenonkungen.com\/#website","url":"https:\/\/xenonkungen.com\/","name":"Xenonkungen","description":"","potentialAction":[{"@type":"SearchAction","target":{"@type":"EntryPoint","urlTemplate":"https:\/\/xenonkungen.com\/?s={search_term_string}"},"query-input":{"@type":"PropertyValueSpecification","valueRequired":true,"valueName":"search_term_string"}}],"inLanguage":"da-DK"}]}},"taxonomy_info":{"product_brand":[{"value":103,"label":"LUXTAR"}],"product_cat":[{"value":2493,"label":"Kontakter"},{"value":2826,"label":"LUXTAR"},{"value":2823,"label":"Luxtar - \u00d6vriga produkter"},{"value":390,"label":"Installation"}],"pa_lampsockel-kontakt":[{"value":181,"label":"DT-4"}]},"featured_image_src_large":["https:\/\/xenonkungen.com\/wp-content\/uploads\/2025\/04\/IDPjkTgA.png",600,600,false],"author_info":[],"comment_info":0,"_links":{"self":[{"href":"https:\/\/xenonkungen.com\/dk\/wp-json\/wp\/v2\/product\/2505","targetHints":{"allow":["GET"]}}],"collection":[{"href":"https:\/\/xenonkungen.com\/dk\/wp-json\/wp\/v2\/product"}],"about":[{"href":"https:\/\/xenonkungen.com\/dk\/wp-json\/wp\/v2\/types\/product"}],"replies":[{"embeddable":true,"href":"https:\/\/xenonkungen.com\/dk\/wp-json\/wp\/v2\/comments?post=2505"}],"wp:featuredmedia":[{"embeddable":true,"href":"https:\/\/xenonkungen.com\/dk\/wp-json\/wp\/v2\/media\/2506"}],"wp:attachment":[{"href":"https:\/\/xenonkungen.com\/dk\/wp-json\/wp\/v2\/media?parent=2505"}],"wp:term":[{"taxonomy":"anvandningsomrade","embeddable":true,"href":"https:\/\/xenonkungen.com\/dk\/wp-json\/wp\/v2\/anvandningsomrade?post=2505"},{"taxonomy":"bilmarken","embeddable":true,"href":"https:\/\/xenonkungen.com\/dk\/wp-json\/wp\/v2\/bilmarken?post=2505"},{"taxonomy":"product_brand","embeddable":true,"href":"https:\/\/xenonkungen.com\/dk\/wp-json\/wp\/v2\/product_brand?post=2505"},{"taxonomy":"product_cat","embeddable":true,"href":"https:\/\/xenonkungen.com\/dk\/wp-json\/wp\/v2\/product_cat?post=2505"},{"taxonomy":"product_tag","embeddable":true,"href":"https:\/\/xenonkungen.com\/dk\/wp-json\/wp\/v2\/product_tag?post=2505"}],"curies":[{"name":"wp","href":"https:\/\/api.w.org\/{rel}","templated":true}]}}