{"id":25103,"date":"2026-01-23T14:46:36","date_gmt":"2026-01-23T13:46:36","guid":{"rendered":"https:\/\/xenonkungen.com\/?post_type=product&#038;p=25103"},"modified":"2026-04-24T17:35:05","modified_gmt":"2026-04-24T16:35:05","slug":"osram-superlys-premium-superlys-offroad-h4-p4","status":"publish","type":"product","link":"https:\/\/xenonkungen.com\/dk\/vare\/osram-superlys-premium-superlys-offroad-h4-p4\/","title":{"rendered":"OSRAM SUPER BRIGHT PREMIUM \u2013 SUPER BRIGHT \u2013 Offroad H4 \u2013 P4"},"content":{"rendered":"<h3 data-start=\"133\" data-end=\"222\">OSRAM SUPER BRIGHT \/ SUPER BRIGHT PREMIUM \u2013 ekstrem offroad-belysning med maksimal effekt<\/h3>\n<p data-start=\"224\" data-end=\"496\">N\u00e5r standardbelysning ikke er nok, er der brug for noget mere. <strong data-start=\"280\" data-end=\"359\"><span class=\"hover:entity-accent entity-underline inline cursor-pointer align-baseline\"><span class=\"whitespace-normal\">OSRAM<\/span><\/span> SUPERLYS og SUPERLYS PREMIUM<\/strong> er <strong data-start=\"363\" data-end=\"393\">kraftige terr\u00e6nlygter<\/strong> udviklet til kr\u00e6vende milj\u00f8er, hvor <strong data-start=\"430\" data-end=\"482\">maksimal lysstyrke, holdbarhed og driftssikkerhed<\/strong> er afg\u00f8rende.<\/p>\n<p data-start=\"498\" data-end=\"649\">Disse lamper leverer <strong data-start=\"521\" data-end=\"580\">imponerende lysydelse selv i det mest kr\u00e6vende terr\u00e6n<\/strong> og er et oplagt valg til professionelle anvendelser s\u00e5som:<\/p>\n<ul data-start=\"650\" data-end=\"788\">\n<li data-start=\"650\" data-end=\"676\">\n<p data-start=\"652\" data-end=\"676\">\ud83d\udea8 <strong data-start=\"655\" data-end=\"676\">Udrykningsk\u00f8ret\u00f8jer<\/strong><\/p>\n<\/li>\n<li data-start=\"677\" data-end=\"712\">\n<p data-start=\"679\" data-end=\"712\">\ud83d\udea7 <strong data-start=\"682\" data-end=\"712\">Bygge- og transportsektoren<\/strong><\/p>\n<\/li>\n<li data-start=\"713\" data-end=\"730\">\n<p data-start=\"715\" data-end=\"730\">\ud83d\ude9c <strong data-start=\"718\" data-end=\"730\">Landbrug<\/strong><\/p>\n<\/li>\n<li data-start=\"731\" data-end=\"749\">\n<p data-start=\"733\" data-end=\"749\">\ud83c\udf32 <strong data-start=\"736\" data-end=\"749\">Skovbrug<\/strong><\/p>\n<\/li>\n<li data-start=\"750\" data-end=\"788\">\n<p data-start=\"752\" data-end=\"788\">\ud83d\udee0\ufe0f Arbejdsk\u00f8ret\u00f8jer og specialmaskiner<\/p>\n<\/li>\n<\/ul>\n<p data-start=\"790\" data-end=\"1011\">Den robuste konstruktion g\u00f8r lamperne <strong data-start=\"830\" data-end=\"860\">holdbar og alsidig<\/strong>, tilpasset til barske vibrationer, snavs og kr\u00e6vende arbejdsforhold \u2013 hvor p\u00e5lidelig belysning er helt afg\u00f8rende for b\u00e5de effektivitet og sikkerhed.<\/p>\n<h4 data-start=\"1013\" data-end=\"1057\">Hvorfor du b\u00f8r v\u00e6lge OSRAM SUPER BRIGHT:<\/h4>\n<ul data-start=\"1058\" data-end=\"1272\">\n<li data-start=\"1058\" data-end=\"1110\">\n<p data-start=\"1060\" data-end=\"1110\"><strong data-start=\"1063\" data-end=\"1088\">Meget h\u00f8j lysstyrke<\/strong> til at arbejde i m\u00f8rke<\/p>\n<\/li>\n<li data-start=\"1111\" data-end=\"1166\">\n<p data-start=\"1113\" data-end=\"1166\"><strong data-start=\"1116\" data-end=\"1146\">Ekstremt holdbar konstruktion<\/strong> til barske milj\u00f8er<\/p>\n<\/li>\n<li data-start=\"1167\" data-end=\"1225\">\n<p data-start=\"1169\" data-end=\"1225\">Udviklet til <strong data-start=\"1186\" data-end=\"1223\">professionel terr\u00e6ng\u00e5ende brug<\/strong><\/p>\n<\/li>\n<li data-start=\"1226\" data-end=\"1272\">\n<p data-start=\"1228\" data-end=\"1272\">Perfekt til <strong data-start=\"1243\" data-end=\"1272\">arbejds- og terr\u00e6ng\u00e5ende k\u00f8ret\u00f8jer<\/strong><\/p>\n<\/li>\n<\/ul>\n<hr data-start=\"1274\" data-end=\"1277\" \/>\n<h3 data-start=\"1279\" data-end=\"1328\">Vigtig information \u2013 ikke godkendt til vejtrafik<\/h3>\n<p data-start=\"1329\" data-end=\"1717\">\u26a0\ufe0f Disse produkter er <strong data-start=\"1351\" data-end=\"1372\">ikke ECE-godkendt<\/strong> og f\u00e5r <strong data-start=\"1381\" data-end=\"1412\">m\u00e5 ikke anvendes p\u00e5 offentlige veje<\/strong> i en eller anden form for ekstern belysning.<br data-start=\"1445\" data-end=\"1448\" \/>Brug p\u00e5 offentlige veje kan f\u00f8re til <strong data-start=\"1487\" data-end=\"1536\">inddraget k\u00f8rekort og opsagt forsikring<\/strong>.<br data-start=\"1537\" data-end=\"1540\" \/>Bem\u00e6rk venligst, at <strong data-start=\"1554\" data-end=\"1613\">nogle lande tillader ikke salg eller brug<\/strong> af disse produkter.<br data-start=\"1633\" data-end=\"1636\" \/>Kontakt din lokale forhandler for at f\u00e5 oplysninger om, hvad der g\u00e6lder i dit land.<\/p>","protected":false},"excerpt":{"rendered":"<p>OSRAM SUPER BRIGHT \/ SUPER BRIGHT PREMIUM \u2013 extrem terr\u00e4ngbelysning med maximal kraft N\u00e4r standardbelysning inte r\u00e4cker till kr\u00e4vs n\u00e5got mer. OSRAM SUPER BRIGHT och SUPER BRIGHT PREMIUM \u00e4r effektstarka terr\u00e4nglampor utvecklade f\u00f6r kr\u00e4vande milj\u00f6er d\u00e4r maximal ljusstyrka, slitstyrka och drifts\u00e4kerhet \u00e4r avg\u00f6rande. Dessa lampor levererar imponerande ljusprestanda \u00e4ven i den tuffaste terr\u00e4ngen och \u00e4r [&hellip;]<\/p>","protected":false},"featured_media":25114,"comment_status":"open","ping_status":"closed","template":"","meta":{"_acf_changed":false,"_smort_price_nok":"59","_smort_price_dkk":"","_smort_price_eur":"","_smort_sale_price_nok":"","_smort_sale_price_dkk":"","_smort_sale_price_eur":"","smort_restorder":"","shipmondo_restorder":"","_kad_blocks_custom_css":"","_kad_blocks_head_custom_js":"","_kad_blocks_body_custom_js":"","_kad_blocks_footer_custom_js":"","smort_custom_pricelist_1":"35.2","smort_custom_pricelist_2":"30.8","smort_custom_pricelist_3":"28.6","smort_custom_pricelist_4":"44","smort_custom_pricelist_5":"30.8"},"anvandningsomrade":[],"bilmarken":[],"product_brand":[108],"product_cat":[2543,733],"product_tag":[],"class_list":{"0":"post-25103","1":"product","2":"type-product","3":"status-publish","4":"has-post-thumbnail","6":"product_brand-osram","7":"product_cat-halogen-halvljus-helljus","8":"product_cat-halvljus-helljus","9":"pa_faktisk-effekts-forbrukning-989","10":"pa_fargtemperatur-4800k","11":"pa_lampsockel-kontakt-h4","12":"pa_lampsockel-kontakt-p43t","13":"pa_volt-v-159","15":"first","16":"instock","17":"taxable","18":"shipping-taxable","19":"purchasable","20":"product-type-simple"},"bundled_by":[],"bundle_stock_status":"instock","bundle_stock_quantity":5,"bundle_virtual":false,"bundle_layout":"","bundle_add_to_cart_form_location":"","bundle_editable_in_cart":false,"bundle_sold_individually_context":"","bundle_item_grouping":"","bundle_min_size":"","bundle_max_size":"","bundle_price":[],"bundled_items":[],"bundle_sell_ids":[],"acf":[],"yoast_head":"<!-- This site is optimized with the Yoast SEO plugin v27.0 - https:\/\/yoast.com\/product\/yoast-seo-wordpress\/ -->\n<title>OSRAM SUPER BRIGHT PREMIUM - SUPER BRIGHT - Off-road H4 - P4 - Xenonkungen<\/title>\n<meta name=\"robots\" content=\"index, follow, max-snippet:-1, max-image-preview:large, max-video-preview:-1\" \/>\n<link rel=\"canonical\" href=\"https:\/\/xenonkungen.com\/dk\/vare\/osram-superlys-premium-superlys-offroad-h4-p4\/\" \/>\n<meta property=\"og:locale\" content=\"da_DK\" \/>\n<meta property=\"og:type\" content=\"article\" \/>\n<meta property=\"og:title\" content=\"OSRAM SUPER BRIGHT PREMIUM - SUPER BRIGHT - Off-road H4 - P4 - Xenonkungen\" \/>\n<meta property=\"og:description\" content=\"OSRAM SUPER BRIGHT \/ SUPER BRIGHT PREMIUM \u2013 extrem terr\u00e4ngbelysning med maximal kraft N\u00e4r standardbelysning inte r\u00e4cker till kr\u00e4vs n\u00e5got mer. OSRAM SUPER BRIGHT och SUPER BRIGHT PREMIUM \u00e4r effektstarka terr\u00e4nglampor utvecklade f\u00f6r kr\u00e4vande milj\u00f6er d\u00e4r maximal ljusstyrka, slitstyrka och drifts\u00e4kerhet \u00e4r avg\u00f6rande. Dessa lampor levererar imponerande ljusprestanda \u00e4ven i den tuffaste terr\u00e4ngen och \u00e4r [&hellip;]\" \/>\n<meta property=\"og:url\" content=\"https:\/\/xenonkungen.com\/dk\/vare\/osram-superlys-premium-superlys-offroad-h4-p4\/\" \/>\n<meta property=\"og:site_name\" content=\"Xenonkungen\" \/>\n<meta property=\"article:modified_time\" content=\"2026-04-24T16:35:05+00:00\" \/>\n<meta property=\"og:image\" content=\"https:\/\/xenonkungen.com\/wp-content\/uploads\/2026\/01\/Small-for-web-and-ppt-ZMP_1066359_SUPER-BRIGHT-PREMIUM_62204SBP.jpg\" \/>\n\t<meta property=\"og:image:width\" content=\"1024\" \/>\n\t<meta property=\"og:image:height\" content=\"1024\" \/>\n\t<meta property=\"og:image:type\" content=\"image\/jpeg\" \/>\n<meta name=\"twitter:card\" content=\"summary_large_image\" \/>\n<meta name=\"twitter:label1\" content=\"Estimeret l\u00e6setid\" \/>\n\t<meta name=\"twitter:data1\" content=\"2 minutter\" \/>\n<script type=\"application\/ld+json\" class=\"yoast-schema-graph\">{\"@context\":\"https:\/\/schema.org\",\"@graph\":[{\"@type\":\"WebPage\",\"@id\":\"https:\/\/xenonkungen.com\/produkt\/osram-super-bright-premium-super-bright-off-road-h4-p4\/\",\"url\":\"https:\/\/xenonkungen.com\/produkt\/osram-super-bright-premium-super-bright-off-road-h4-p4\/\",\"name\":\"OSRAM SUPER BRIGHT PREMIUM - SUPER BRIGHT - Off-road H4 - P4 - Xenonkungen\",\"isPartOf\":{\"@id\":\"https:\/\/xenonkungen.com\/#website\"},\"primaryImageOfPage\":{\"@id\":\"https:\/\/xenonkungen.com\/produkt\/osram-super-bright-premium-super-bright-off-road-h4-p4\/#primaryimage\"},\"image\":{\"@id\":\"https:\/\/xenonkungen.com\/produkt\/osram-super-bright-premium-super-bright-off-road-h4-p4\/#primaryimage\"},\"thumbnailUrl\":\"https:\/\/xenonkungen.com\/wp-content\/uploads\/2026\/01\/Small-for-web-and-ppt-ZMP_1066359_SUPER-BRIGHT-PREMIUM_62204SBP.jpg\",\"datePublished\":\"2026-01-23T13:46:36+00:00\",\"dateModified\":\"2026-04-24T16:35:05+00:00\",\"breadcrumb\":{\"@id\":\"https:\/\/xenonkungen.com\/produkt\/osram-super-bright-premium-super-bright-off-road-h4-p4\/#breadcrumb\"},\"inLanguage\":\"da-DK\",\"potentialAction\":[{\"@type\":\"ReadAction\",\"target\":[\"https:\/\/xenonkungen.com\/produkt\/osram-super-bright-premium-super-bright-off-road-h4-p4\/\"]}]},{\"@type\":\"ImageObject\",\"inLanguage\":\"da-DK\",\"@id\":\"https:\/\/xenonkungen.com\/produkt\/osram-super-bright-premium-super-bright-off-road-h4-p4\/#primaryimage\",\"url\":\"https:\/\/xenonkungen.com\/wp-content\/uploads\/2026\/01\/Small-for-web-and-ppt-ZMP_1066359_SUPER-BRIGHT-PREMIUM_62204SBP.jpg\",\"contentUrl\":\"https:\/\/xenonkungen.com\/wp-content\/uploads\/2026\/01\/Small-for-web-and-ppt-ZMP_1066359_SUPER-BRIGHT-PREMIUM_62204SBP.jpg\",\"width\":1024,\"height\":1024},{\"@type\":\"BreadcrumbList\",\"@id\":\"https:\/\/xenonkungen.com\/produkt\/osram-super-bright-premium-super-bright-off-road-h4-p4\/#breadcrumb\",\"itemListElement\":[{\"@type\":\"ListItem\",\"position\":1,\"name\":\"Hem\",\"item\":\"https:\/\/xenonkungen.com\/\"},{\"@type\":\"ListItem\",\"position\":2,\"name\":\"Shop\",\"item\":\"https:\/\/xenonkungen.com\/shop\/\"},{\"@type\":\"ListItem\",\"position\":3,\"name\":\"OSRAM SUPER BRIGHT PREMIUM &#8211; SUPER BRIGHT &#8211; Off-road H4 &#8211; P4\"}]},{\"@type\":\"WebSite\",\"@id\":\"https:\/\/xenonkungen.com\/#website\",\"url\":\"https:\/\/xenonkungen.com\/\",\"name\":\"Xenonkungen\",\"description\":\"\",\"potentialAction\":[{\"@type\":\"SearchAction\",\"target\":{\"@type\":\"EntryPoint\",\"urlTemplate\":\"https:\/\/xenonkungen.com\/?s={search_term_string}\"},\"query-input\":{\"@type\":\"PropertyValueSpecification\",\"valueRequired\":true,\"valueName\":\"search_term_string\"}}],\"inLanguage\":\"da-DK\"}]}<\/script>\n<!-- \/ Yoast SEO plugin. -->","yoast_head_json":{"title":"OSRAM SUPER BRIGHT PREMIUM - SUPER BRIGHT - Offroad H4 - P4 - Xenon-kongen","robots":{"index":"index","follow":"follow","max-snippet":"max-snippet:-1","max-image-preview":"max-image-preview:large","max-video-preview":"max-video-preview:-1"},"canonical":"https:\/\/xenonkungen.com\/dk\/vare\/osram-superlys-premium-superlys-offroad-h4-p4\/","og_locale":"da_DK","og_type":"article","og_title":"OSRAM SUPER BRIGHT PREMIUM - SUPER BRIGHT - Off-road H4 - P4 - Xenonkungen","og_description":"OSRAM SUPER BRIGHT \/ SUPER BRIGHT PREMIUM \u2013 extrem terr\u00e4ngbelysning med maximal kraft N\u00e4r standardbelysning inte r\u00e4cker till kr\u00e4vs n\u00e5got mer. OSRAM SUPER BRIGHT och SUPER BRIGHT PREMIUM \u00e4r effektstarka terr\u00e4nglampor utvecklade f\u00f6r kr\u00e4vande milj\u00f6er d\u00e4r maximal ljusstyrka, slitstyrka och drifts\u00e4kerhet \u00e4r avg\u00f6rande. Dessa lampor levererar imponerande ljusprestanda \u00e4ven i den tuffaste terr\u00e4ngen och \u00e4r [&hellip;]","og_url":"https:\/\/xenonkungen.com\/dk\/vare\/osram-superlys-premium-superlys-offroad-h4-p4\/","og_site_name":"Xenonkungen","article_modified_time":"2026-04-24T16:35:05+00:00","og_image":[{"width":1024,"height":1024,"url":"https:\/\/xenonkungen.com\/wp-content\/uploads\/2026\/01\/Small-for-web-and-ppt-ZMP_1066359_SUPER-BRIGHT-PREMIUM_62204SBP.jpg","type":"image\/jpeg"}],"twitter_card":"summary_large_image","twitter_misc":{"Estimeret l\u00e6setid":"2 minutter"},"schema":{"@context":"https:\/\/schema.org","@graph":[{"@type":"WebPage","@id":"https:\/\/xenonkungen.com\/produkt\/osram-super-bright-premium-super-bright-off-road-h4-p4\/","url":"https:\/\/xenonkungen.com\/produkt\/osram-super-bright-premium-super-bright-off-road-h4-p4\/","name":"OSRAM SUPER BRIGHT PREMIUM - SUPER BRIGHT - Offroad H4 - P4 - Xenon-kongen","isPartOf":{"@id":"https:\/\/xenonkungen.com\/#website"},"primaryImageOfPage":{"@id":"https:\/\/xenonkungen.com\/produkt\/osram-super-bright-premium-super-bright-off-road-h4-p4\/#primaryimage"},"image":{"@id":"https:\/\/xenonkungen.com\/produkt\/osram-super-bright-premium-super-bright-off-road-h4-p4\/#primaryimage"},"thumbnailUrl":"https:\/\/xenonkungen.com\/wp-content\/uploads\/2026\/01\/Small-for-web-and-ppt-ZMP_1066359_SUPER-BRIGHT-PREMIUM_62204SBP.jpg","datePublished":"2026-01-23T13:46:36+00:00","dateModified":"2026-04-24T16:35:05+00:00","breadcrumb":{"@id":"https:\/\/xenonkungen.com\/produkt\/osram-super-bright-premium-super-bright-off-road-h4-p4\/#breadcrumb"},"inLanguage":"da-DK","potentialAction":[{"@type":"ReadAction","target":["https:\/\/xenonkungen.com\/produkt\/osram-super-bright-premium-super-bright-off-road-h4-p4\/"]}]},{"@type":"ImageObject","inLanguage":"da-DK","@id":"https:\/\/xenonkungen.com\/produkt\/osram-super-bright-premium-super-bright-off-road-h4-p4\/#primaryimage","url":"https:\/\/xenonkungen.com\/wp-content\/uploads\/2026\/01\/Small-for-web-and-ppt-ZMP_1066359_SUPER-BRIGHT-PREMIUM_62204SBP.jpg","contentUrl":"https:\/\/xenonkungen.com\/wp-content\/uploads\/2026\/01\/Small-for-web-and-ppt-ZMP_1066359_SUPER-BRIGHT-PREMIUM_62204SBP.jpg","width":1024,"height":1024},{"@type":"BreadcrumbList","@id":"https:\/\/xenonkungen.com\/produkt\/osram-super-bright-premium-super-bright-off-road-h4-p4\/#breadcrumb","itemListElement":[{"@type":"ListItem","position":1,"name":"Hem","item":"https:\/\/xenonkungen.com\/"},{"@type":"ListItem","position":2,"name":"Shop","item":"https:\/\/xenonkungen.com\/shop\/"},{"@type":"ListItem","position":3,"name":"OSRAM SUPER BRIGHT PREMIUM &#8211; SUPER BRIGHT &#8211; Off-road H4 &#8211; P4"}]},{"@type":"WebSite","@id":"https:\/\/xenonkungen.com\/#website","url":"https:\/\/xenonkungen.com\/","name":"Xenonkungen","description":"","potentialAction":[{"@type":"SearchAction","target":{"@type":"EntryPoint","urlTemplate":"https:\/\/xenonkungen.com\/?s={search_term_string}"},"query-input":{"@type":"PropertyValueSpecification","valueRequired":true,"valueName":"search_term_string"}}],"inLanguage":"da-DK"}]}},"taxonomy_info":{"product_brand":[{"value":108,"label":"OSRAM"}],"product_cat":[{"value":2543,"label":"Halogen"},{"value":733,"label":"Halvljus \/ Helljus"}],"pa_faktisk-effekts-forbrukning":[{"value":989,"label":"100"}],"pa_fargtemperatur":[{"value":2857,"label":"4800K"}],"pa_lampsockel-kontakt":[{"value":340,"label":"H4"},{"value":2785,"label":"P43t"}],"pa_volt-v":[{"value":159,"label":"12"}]},"featured_image_src_large":["https:\/\/xenonkungen.com\/wp-content\/uploads\/2026\/01\/Small-for-web-and-ppt-ZMP_1066359_SUPER-BRIGHT-PREMIUM_62204SBP.jpg",1024,1024,false],"author_info":[],"comment_info":0,"_links":{"self":[{"href":"https:\/\/xenonkungen.com\/dk\/wp-json\/wp\/v2\/product\/25103","targetHints":{"allow":["GET"]}}],"collection":[{"href":"https:\/\/xenonkungen.com\/dk\/wp-json\/wp\/v2\/product"}],"about":[{"href":"https:\/\/xenonkungen.com\/dk\/wp-json\/wp\/v2\/types\/product"}],"replies":[{"embeddable":true,"href":"https:\/\/xenonkungen.com\/dk\/wp-json\/wp\/v2\/comments?post=25103"}],"wp:featuredmedia":[{"embeddable":true,"href":"https:\/\/xenonkungen.com\/dk\/wp-json\/wp\/v2\/media\/25114"}],"wp:attachment":[{"href":"https:\/\/xenonkungen.com\/dk\/wp-json\/wp\/v2\/media?parent=25103"}],"wp:term":[{"taxonomy":"anvandningsomrade","embeddable":true,"href":"https:\/\/xenonkungen.com\/dk\/wp-json\/wp\/v2\/anvandningsomrade?post=25103"},{"taxonomy":"bilmarken","embeddable":true,"href":"https:\/\/xenonkungen.com\/dk\/wp-json\/wp\/v2\/bilmarken?post=25103"},{"taxonomy":"product_brand","embeddable":true,"href":"https:\/\/xenonkungen.com\/dk\/wp-json\/wp\/v2\/product_brand?post=25103"},{"taxonomy":"product_cat","embeddable":true,"href":"https:\/\/xenonkungen.com\/dk\/wp-json\/wp\/v2\/product_cat?post=25103"},{"taxonomy":"product_tag","embeddable":true,"href":"https:\/\/xenonkungen.com\/dk\/wp-json\/wp\/v2\/product_tag?post=25103"}],"curies":[{"name":"wp","href":"https:\/\/api.w.org\/{rel}","templated":true}]}}