{"id":25266,"date":"2026-01-27T13:45:39","date_gmt":"2026-01-27T12:45:39","guid":{"rendered":"https:\/\/xenonkungen.com\/?post_type=product&#038;p=25266"},"modified":"2026-04-07T03:43:59","modified_gmt":"2026-04-07T02:43:59","slug":"osram-led-driving-cube-mx180-cb-7-raekker-3","status":"publish","type":"product","link":"https:\/\/xenonkungen.com\/dk\/vare\/osram-led-driving-cube-mx180-cb-7-raekker-3\/","title":{"rendered":"Osram LEDriving\u00ae CUBE MX180-CB 7\u2033 RAD3"},"content":{"rendered":"<h2>Osram LEDriving\u00ae CUBE MX180-CB 7\u2033 RAD3<\/h2>\n<p>OSRAM MX-serien er bygget til dem, der \u00f8nsker \u00e6gte lys.<br \/>\nEn f\u00f8rsteklasses LED-hj\u00e6lpelygte, der leverer en brutal lysstyrke, moderne design og en robust konstruktion, der kan modst\u00e5 alt fra lange asfaltstr\u00e6kninger til kr\u00e6vende arbejdsmilj\u00f8er og terr\u00e6ng\u00e5ende k\u00f8rsel.<\/p>\n<p>Med op til 7.000 lumen i boost og avanceret kombinationsoptik f\u00e5r du b\u00e5de l\u00e6ngde og bredde i samme lysm\u00f8nster \u2013 perfekt synlighed uanset hastighed, terr\u00e6n eller vejr.<\/p>\n<p><strong>4-i-1 \u2013 v\u00e6lg udtryk og funktion<\/strong><\/p>\n<p>MX-serien tilbyder fleksibel belysningsops\u00e6tning:<\/p>\n<ul>\n<li>Klart lys<\/li>\n<li>Boost-tilstand<\/li>\n<li>Hvidt positionslys<\/li>\n<li>Gult positionslys<\/li>\n<\/ul>\n<p>Du v\u00e6lger stilen \u2013 et rent OEM-look eller et mere aggressivt rally-inspireret udtryk.<\/p>\n<p><strong>Bygget til h\u00e5rd brug<\/strong><\/p>\n<p>Robust aluminiumshus, polycarbonatlinse og IP6K8\/IP6K9K-certificering betyder, at lampen er vandt\u00e6t, st\u00f8vt\u00e6t og vibrationsbestandig \u2013 hele \u00e5ret rundt.<\/p>\n<p><strong>Perfekt egnet til:<\/strong><\/p>\n<ul>\n<li>Bil \/ personbil<\/li>\n<li>Lastbil \/ lastbil<\/li>\n<li>4\u00d74 \/ Terr\u00e6ng\u00e5ende<\/li>\n<li>ATV&#039;er og UTV&#039;er<\/li>\n<li>Landbrugsmaskiner<\/li>\n<li>Arbejdsk\u00f8ret\u00f8jer \/ erhvervsk\u00f8ret\u00f8jer<\/li>\n<li>Byggeri \/ entrepren\u00f8rvirksomhed<\/li>\n<li>Campingvogn \/ autocamper &amp; trailer<\/li>\n<\/ul>\n<p><strong>Kort sagt:<\/strong><\/p>\n<p>OSRAM MX-serien er skabt til maksimal synlighed, pr\u00e6cision og sikkerhed \u2013 hvor du har brug for lys, der virkelig leverer.<\/p>\n<p><strong>Dette er inkluderet i pakken<\/strong><\/p>\n<ul>\n<li>OSRAM LEDriving Cube MX180<\/li>\n<li>Monteringsbeslag + 1. stabiliseringsstang<\/li>\n<li>Hankontakt med l\u00f8se ledere<\/li>\n<\/ul>\n<p>F\u00f8rsteklasses belysningsydelse \u2013 uanset hvor vejen f\u00f8rer hen.<\/p>\n<p><strong>5 \u00e5rs garanti.<\/strong><\/p>","protected":false},"excerpt":{"rendered":"<p><strong data-start=\"131\" data-end=\"150\">OSRAM MX-serien<\/strong> er en f\u00f8rsteklasses LED-hj\u00e6lpelygte til dem, der kr\u00e6ver maksimal lysstyrke og driftssikkerhed. Med op til <strong data-start=\"245\" data-end=\"268\">7.000 lumen i boost<\/strong>, kombineret lysbillede for b\u00e5de l\u00e6ngde og bredde og <strong data-start=\"320\" data-end=\"354\" data-is-only-node=\"\">hvidt eller gult positionslys<\/strong>, den leverer optimal udsyn i alle milj\u00f8er. Den robuste konstruktion med <strong data-start=\"430\" data-end=\"456\">IP6K8\/IP6K9K-klassificering<\/strong> g\u00f8r lampen klar til h\u00e5rdt arbejde, terr\u00e6nk\u00f8rsel og brug \u00e5ret rundt.<br data-start=\"518\" data-end=\"521\" \/>Et kraftfuldt, fleksibelt og p\u00e5lideligt valg \u2013 n\u00e5r kun rigtigt lys er nok.<\/p>","protected":false},"featured_media":25267,"comment_status":"open","ping_status":"closed","template":"","meta":{"_acf_changed":false,"_smort_price_nok":"11536","_smort_price_dkk":"","_smort_price_eur":"","_smort_sale_price_nok":"","_smort_sale_price_dkk":"","_smort_sale_price_eur":"","smort_restorder":"","shipmondo_restorder":"","_kad_blocks_custom_css":"","_kad_blocks_head_custom_js":"","_kad_blocks_body_custom_js":"","_kad_blocks_footer_custom_js":"","smort_custom_pricelist_1":"6912","smort_custom_pricelist_2":"6048","smort_custom_pricelist_3":"5616","smort_custom_pricelist_4":"8640","smort_custom_pricelist_5":"6048"},"anvandningsomrade":[],"bilmarken":[],"product_brand":[108],"product_cat":[1859],"product_tag":[],"class_list":{"0":"post-25266","1":"product","2":"type-product","3":"status-publish","4":"has-post-thumbnail","6":"product_brand-osram","7":"product_cat-extraljuspaket","9":"first","10":"outofstock","11":"virtual","12":"taxable","13":"purchasable","14":"product-type-bundle"},"bundled_by":[],"bundle_stock_status":"outofstock","bundle_stock_quantity":0,"bundle_virtual":false,"bundle_layout":"default","bundle_add_to_cart_form_location":"default","bundle_editable_in_cart":false,"bundle_sold_individually_context":"product","bundle_item_grouping":"parent","bundle_min_size":"","bundle_max_size":"","bundle_price":{"price":{"min":{"incl_tax":"7328.41","excl_tax":"5862.7280736"},"max":{"incl_tax":"7328.41","excl_tax":"5862.7280736"}},"regular_price":{"min":{"incl_tax":"7328.41","excl_tax":"5862.7280736"},"max":{"incl_tax":"7328.41","excl_tax":"5862.7280736"}}},"bundled_items":[{"bundled_item_id":516,"product_id":14991,"menu_order":0,"quantity_min":1,"quantity_max":1,"quantity_default":1,"priced_individually":false,"shipped_individually":false,"override_title":false,"title":"Luxtar rel\u00e6kabels\u00e6t DT-6 X3 | 12V | 80A rel\u00e6","override_description":false,"description":"","optional":false,"hide_thumbnail":false,"discount":"","override_variations":false,"allowed_variations":[],"override_default_variation_attributes":false,"default_variation_attributes":[],"single_product_visibility":"visible","cart_visibility":"visible","order_visibility":"visible","single_product_price_visibility":"visible","cart_price_visibility":"visible","order_price_visibility":"visible","stock_status":"in_stock"},{"bundled_item_id":517,"product_id":3039,"menu_order":1,"quantity_min":1,"quantity_max":1,"quantity_default":1,"priced_individually":false,"shipped_individually":false,"override_title":false,"title":"Ekstralysbeslag 3 - 175 mm\/7&quot;","override_description":false,"description":"","optional":false,"hide_thumbnail":false,"discount":"","override_variations":false,"allowed_variations":[],"override_default_variation_attributes":false,"default_variation_attributes":[],"single_product_visibility":"visible","cart_visibility":"visible","order_visibility":"visible","single_product_price_visibility":"visible","cart_price_visibility":"visible","order_price_visibility":"visible","stock_status":"in_stock"},{"bundled_item_id":514,"product_id":1538,"menu_order":2,"quantity_min":1,"quantity_max":1,"quantity_default":1,"priced_individually":false,"shipped_individually":false,"override_title":false,"title":"XBB OBD-II Dongle + PowerUnit","override_description":false,"description":"","optional":false,"hide_thumbnail":false,"discount":"","override_variations":false,"allowed_variations":[],"override_default_variation_attributes":false,"default_variation_attributes":[],"single_product_visibility":"visible","cart_visibility":"visible","order_visibility":"visible","single_product_price_visibility":"visible","cart_price_visibility":"visible","order_price_visibility":"visible","stock_status":"on_backorder"},{"bundled_item_id":515,"product_id":2603,"menu_order":3,"quantity_min":1,"quantity_max":1,"quantity_default":1,"priced_individually":false,"shipped_individually":false,"override_title":false,"title":"Kabels\u00e6t til XBB Power Unit","override_description":false,"description":"","optional":false,"hide_thumbnail":false,"discount":"","override_variations":false,"allowed_variations":[],"override_default_variation_attributes":false,"default_variation_attributes":[],"single_product_visibility":"visible","cart_visibility":"visible","order_visibility":"visible","single_product_price_visibility":"visible","cart_price_visibility":"visible","order_price_visibility":"visible","stock_status":"on_backorder"}],"bundle_sell_ids":[],"acf":[],"yoast_head":"<!-- This site is optimized with the Yoast SEO plugin v27.0 - https:\/\/yoast.com\/product\/yoast-seo-wordpress\/ -->\n<title>Osram LEDriving\u00ae CUBE MX180-CB 7&quot; RAD3 - Xenonkungen<\/title>\n<meta name=\"robots\" content=\"index, follow, max-snippet:-1, max-image-preview:large, max-video-preview:-1\" \/>\n<link rel=\"canonical\" href=\"https:\/\/xenonkungen.com\/dk\/vare\/osram-led-driving-cube-mx180-cb-7-raekker-3\/\" \/>\n<meta property=\"og:locale\" content=\"da_DK\" \/>\n<meta property=\"og:type\" content=\"article\" \/>\n<meta property=\"og:title\" content=\"Osram LEDriving\u00ae CUBE MX180-CB 7&quot; RAD3 - Xenonkungen\" \/>\n<meta property=\"og:description\" content=\"OSRAM MX Series \u00e4r ett premium LED-extraljus f\u00f6r dig som kr\u00e4ver maximalt ljus och drifts\u00e4kerhet. Med upp till 7 000 lumen i boost, kombinerad ljusbild f\u00f6r b\u00e5de l\u00e4ngd och bredd samt vitt eller amber positionsljus, levererar den optimal sikt i alla milj\u00f6er. Den robusta konstruktionen med IP6K8\/IP6K9K-klassning g\u00f6r lampan redo f\u00f6r tufft arbete, offroad och \u00e5ret-runt-bruk.Ett kraftfullt, flexibelt och p\u00e5litligt val \u2013 n\u00e4r bara riktigt ljus duger.\" \/>\n<meta property=\"og:url\" content=\"https:\/\/xenonkungen.com\/dk\/vare\/osram-led-driving-cube-mx180-cb-7-raekker-3\/\" \/>\n<meta property=\"og:site_name\" content=\"Xenonkungen\" \/>\n<meta property=\"article:modified_time\" content=\"2026-04-07T02:43:59+00:00\" \/>\n<meta property=\"og:image\" content=\"https:\/\/xenonkungen.com\/wp-content\/uploads\/2026\/01\/7tumx3st-OS-LEDDL136-CBX-PNNG.png\" \/>\n\t<meta property=\"og:image:width\" content=\"2032\" \/>\n\t<meta property=\"og:image:height\" content=\"1720\" \/>\n\t<meta property=\"og:image:type\" content=\"image\/png\" \/>\n<meta name=\"twitter:card\" content=\"summary_large_image\" \/>\n<meta name=\"twitter:label1\" content=\"Estimeret l\u00e6setid\" \/>\n\t<meta name=\"twitter:data1\" content=\"2 minutter\" \/>\n<script type=\"application\/ld+json\" class=\"yoast-schema-graph\">{\"@context\":\"https:\/\/schema.org\",\"@graph\":[{\"@type\":\"WebPage\",\"@id\":\"https:\/\/xenonkungen.com\/produkt\/osram-ledriving-cube-mx180-cb-7-rad3\/\",\"url\":\"https:\/\/xenonkungen.com\/produkt\/osram-ledriving-cube-mx180-cb-7-rad3\/\",\"name\":\"Osram LEDriving\u00ae CUBE MX180-CB 7\\\" RAD3 - Xenonkungen\",\"isPartOf\":{\"@id\":\"https:\/\/xenonkungen.com\/#website\"},\"primaryImageOfPage\":{\"@id\":\"https:\/\/xenonkungen.com\/produkt\/osram-ledriving-cube-mx180-cb-7-rad3\/#primaryimage\"},\"image\":{\"@id\":\"https:\/\/xenonkungen.com\/produkt\/osram-ledriving-cube-mx180-cb-7-rad3\/#primaryimage\"},\"thumbnailUrl\":\"https:\/\/xenonkungen.com\/wp-content\/uploads\/2026\/01\/7tumx3st-OS-LEDDL136-CBX-PNNG.png\",\"datePublished\":\"2026-01-27T12:45:39+00:00\",\"dateModified\":\"2026-04-07T02:43:59+00:00\",\"breadcrumb\":{\"@id\":\"https:\/\/xenonkungen.com\/produkt\/osram-ledriving-cube-mx180-cb-7-rad3\/#breadcrumb\"},\"inLanguage\":\"da-DK\",\"potentialAction\":[{\"@type\":\"ReadAction\",\"target\":[\"https:\/\/xenonkungen.com\/produkt\/osram-ledriving-cube-mx180-cb-7-rad3\/\"]}]},{\"@type\":\"ImageObject\",\"inLanguage\":\"da-DK\",\"@id\":\"https:\/\/xenonkungen.com\/produkt\/osram-ledriving-cube-mx180-cb-7-rad3\/#primaryimage\",\"url\":\"https:\/\/xenonkungen.com\/wp-content\/uploads\/2026\/01\/7tumx3st-OS-LEDDL136-CBX-PNNG.png\",\"contentUrl\":\"https:\/\/xenonkungen.com\/wp-content\/uploads\/2026\/01\/7tumx3st-OS-LEDDL136-CBX-PNNG.png\",\"width\":2032,\"height\":1720},{\"@type\":\"BreadcrumbList\",\"@id\":\"https:\/\/xenonkungen.com\/produkt\/osram-ledriving-cube-mx180-cb-7-rad3\/#breadcrumb\",\"itemListElement\":[{\"@type\":\"ListItem\",\"position\":1,\"name\":\"Hem\",\"item\":\"https:\/\/xenonkungen.com\/\"},{\"@type\":\"ListItem\",\"position\":2,\"name\":\"Shop\",\"item\":\"https:\/\/xenonkungen.com\/shop\/\"},{\"@type\":\"ListItem\",\"position\":3,\"name\":\"Osram LEDriving\u00ae CUBE MX180-CB 7&#8243; RAD3\"}]},{\"@type\":\"WebSite\",\"@id\":\"https:\/\/xenonkungen.com\/#website\",\"url\":\"https:\/\/xenonkungen.com\/\",\"name\":\"Xenonkungen\",\"description\":\"\",\"potentialAction\":[{\"@type\":\"SearchAction\",\"target\":{\"@type\":\"EntryPoint\",\"urlTemplate\":\"https:\/\/xenonkungen.com\/?s={search_term_string}\"},\"query-input\":{\"@type\":\"PropertyValueSpecification\",\"valueRequired\":true,\"valueName\":\"search_term_string\"}}],\"inLanguage\":\"da-DK\"}]}<\/script>\n<!-- \/ Yoast SEO plugin. -->","yoast_head_json":{"title":"Osram LEDriving\u00ae CUBE MX180-CB 7&quot; RAD3 - Xenon-kongen","robots":{"index":"index","follow":"follow","max-snippet":"max-snippet:-1","max-image-preview":"max-image-preview:large","max-video-preview":"max-video-preview:-1"},"canonical":"https:\/\/xenonkungen.com\/dk\/vare\/osram-led-driving-cube-mx180-cb-7-raekker-3\/","og_locale":"da_DK","og_type":"article","og_title":"Osram LEDriving\u00ae CUBE MX180-CB 7\" RAD3 - Xenonkungen","og_description":"OSRAM MX Series \u00e4r ett premium LED-extraljus f\u00f6r dig som kr\u00e4ver maximalt ljus och drifts\u00e4kerhet. Med upp till 7 000 lumen i boost, kombinerad ljusbild f\u00f6r b\u00e5de l\u00e4ngd och bredd samt vitt eller amber positionsljus, levererar den optimal sikt i alla milj\u00f6er. Den robusta konstruktionen med IP6K8\/IP6K9K-klassning g\u00f6r lampan redo f\u00f6r tufft arbete, offroad och \u00e5ret-runt-bruk.Ett kraftfullt, flexibelt och p\u00e5litligt val \u2013 n\u00e4r bara riktigt ljus duger.","og_url":"https:\/\/xenonkungen.com\/dk\/vare\/osram-led-driving-cube-mx180-cb-7-raekker-3\/","og_site_name":"Xenonkungen","article_modified_time":"2026-04-07T02:43:59+00:00","og_image":[{"width":2032,"height":1720,"url":"https:\/\/xenonkungen.com\/wp-content\/uploads\/2026\/01\/7tumx3st-OS-LEDDL136-CBX-PNNG.png","type":"image\/png"}],"twitter_card":"summary_large_image","twitter_misc":{"Estimeret l\u00e6setid":"2 minutter"},"schema":{"@context":"https:\/\/schema.org","@graph":[{"@type":"WebPage","@id":"https:\/\/xenonkungen.com\/produkt\/osram-ledriving-cube-mx180-cb-7-rad3\/","url":"https:\/\/xenonkungen.com\/produkt\/osram-ledriving-cube-mx180-cb-7-rad3\/","name":"Osram LEDriving\u00ae CUBE MX180-CB 7&quot; RAD3 - Xenon-kongen","isPartOf":{"@id":"https:\/\/xenonkungen.com\/#website"},"primaryImageOfPage":{"@id":"https:\/\/xenonkungen.com\/produkt\/osram-ledriving-cube-mx180-cb-7-rad3\/#primaryimage"},"image":{"@id":"https:\/\/xenonkungen.com\/produkt\/osram-ledriving-cube-mx180-cb-7-rad3\/#primaryimage"},"thumbnailUrl":"https:\/\/xenonkungen.com\/wp-content\/uploads\/2026\/01\/7tumx3st-OS-LEDDL136-CBX-PNNG.png","datePublished":"2026-01-27T12:45:39+00:00","dateModified":"2026-04-07T02:43:59+00:00","breadcrumb":{"@id":"https:\/\/xenonkungen.com\/produkt\/osram-ledriving-cube-mx180-cb-7-rad3\/#breadcrumb"},"inLanguage":"da-DK","potentialAction":[{"@type":"ReadAction","target":["https:\/\/xenonkungen.com\/produkt\/osram-ledriving-cube-mx180-cb-7-rad3\/"]}]},{"@type":"ImageObject","inLanguage":"da-DK","@id":"https:\/\/xenonkungen.com\/produkt\/osram-ledriving-cube-mx180-cb-7-rad3\/#primaryimage","url":"https:\/\/xenonkungen.com\/wp-content\/uploads\/2026\/01\/7tumx3st-OS-LEDDL136-CBX-PNNG.png","contentUrl":"https:\/\/xenonkungen.com\/wp-content\/uploads\/2026\/01\/7tumx3st-OS-LEDDL136-CBX-PNNG.png","width":2032,"height":1720},{"@type":"BreadcrumbList","@id":"https:\/\/xenonkungen.com\/produkt\/osram-ledriving-cube-mx180-cb-7-rad3\/#breadcrumb","itemListElement":[{"@type":"ListItem","position":1,"name":"Hem","item":"https:\/\/xenonkungen.com\/"},{"@type":"ListItem","position":2,"name":"Shop","item":"https:\/\/xenonkungen.com\/shop\/"},{"@type":"ListItem","position":3,"name":"Osram LEDriving\u00ae CUBE MX180-CB 7&#8243; RAD3"}]},{"@type":"WebSite","@id":"https:\/\/xenonkungen.com\/#website","url":"https:\/\/xenonkungen.com\/","name":"Xenonkungen","description":"","potentialAction":[{"@type":"SearchAction","target":{"@type":"EntryPoint","urlTemplate":"https:\/\/xenonkungen.com\/?s={search_term_string}"},"query-input":{"@type":"PropertyValueSpecification","valueRequired":true,"valueName":"search_term_string"}}],"inLanguage":"da-DK"}]}},"taxonomy_info":{"product_brand":[{"value":108,"label":"OSRAM"}],"product_cat":[{"value":1859,"label":"Extraljuspaket"}]},"featured_image_src_large":["https:\/\/xenonkungen.com\/wp-content\/uploads\/2026\/01\/7tumx3st-OS-LEDDL136-CBX-PNNG-1024x867.png",1024,867,true],"author_info":[],"comment_info":0,"_links":{"self":[{"href":"https:\/\/xenonkungen.com\/dk\/wp-json\/wp\/v2\/product\/25266","targetHints":{"allow":["GET"]}}],"collection":[{"href":"https:\/\/xenonkungen.com\/dk\/wp-json\/wp\/v2\/product"}],"about":[{"href":"https:\/\/xenonkungen.com\/dk\/wp-json\/wp\/v2\/types\/product"}],"replies":[{"embeddable":true,"href":"https:\/\/xenonkungen.com\/dk\/wp-json\/wp\/v2\/comments?post=25266"}],"wp:featuredmedia":[{"embeddable":true,"href":"https:\/\/xenonkungen.com\/dk\/wp-json\/wp\/v2\/media\/25267"}],"wp:attachment":[{"href":"https:\/\/xenonkungen.com\/dk\/wp-json\/wp\/v2\/media?parent=25266"}],"wp:term":[{"taxonomy":"anvandningsomrade","embeddable":true,"href":"https:\/\/xenonkungen.com\/dk\/wp-json\/wp\/v2\/anvandningsomrade?post=25266"},{"taxonomy":"bilmarken","embeddable":true,"href":"https:\/\/xenonkungen.com\/dk\/wp-json\/wp\/v2\/bilmarken?post=25266"},{"taxonomy":"product_brand","embeddable":true,"href":"https:\/\/xenonkungen.com\/dk\/wp-json\/wp\/v2\/product_brand?post=25266"},{"taxonomy":"product_cat","embeddable":true,"href":"https:\/\/xenonkungen.com\/dk\/wp-json\/wp\/v2\/product_cat?post=25266"},{"taxonomy":"product_tag","embeddable":true,"href":"https:\/\/xenonkungen.com\/dk\/wp-json\/wp\/v2\/product_tag?post=25266"}],"curies":[{"name":"wp","href":"https:\/\/api.w.org\/{rel}","templated":true}]}}