{"id":25441,"date":"2026-01-28T14:53:36","date_gmt":"2026-01-28T13:53:36","guid":{"rendered":"https:\/\/xenonkungen.com\/?post_type=product&#038;p=25441"},"modified":"2026-03-04T17:03:42","modified_gmt":"2026-03-04T16:03:42","slug":"big-trio-fronttaske-fiat-ducato-2015","status":"publish","type":"product","link":"https:\/\/xenonkungen.com\/dk\/vare\/big-trio-fronttaske-fiat-ducato-2015\/","title":{"rendered":"BIG TRIO frontbue \u2013 Fiat Ducato 2015-"},"content":{"rendered":"<h2 data-start=\"87\" data-end=\"143\">Stor modelspecifik frontbue - Fiat Ducato 2015-2023<\/h2>\n<p data-start=\"145\" data-end=\"443\">Denne <strong data-start=\"151\" data-end=\"186\">stor modelspecifik frontbue<\/strong> er udviklet specifikt til <strong data-start=\"214\" data-end=\"249\">Fiat Ducato model\u00e5r 2015\u20132023<\/strong> og giver k\u00f8ret\u00f8jet en <strong data-start=\"271\" data-end=\"323\">kraftfuldt, professionelt og eksklusivt udtryk<\/strong>Lavet i <strong data-start=\"338\" data-end=\"356\">rustfrit st\u00e5l<\/strong> og designet til maksimal stabilitet \u2013 fuldst\u00e6ndig vibrationsfri, selv under h\u00e5rd k\u00f8rsel.<\/p>\n<p data-start=\"445\" data-end=\"754\">Den forreste bue er i <strong data-start=\"464\" data-end=\"493\">h\u00f8jglanspoleret finish<\/strong> for et elegant OEM-lignende look eller i <strong data-start=\"540\" data-end=\"564\">sort lakeret finish<\/strong> for et mere robust og sporty look. Den er udstyret med <strong data-start=\"621\" data-end=\"651\">3 svejsede ekstralygtebeslag<\/strong>, tilpasset til ekstra lys med <strong data-start=\"681\" data-end=\"704\">maksimal diameter \u00d8225 mm<\/strong>, hvilket g\u00f8r installationen b\u00e5de nem og stabil.<\/p>\n<h3 data-start=\"756\" data-end=\"769\">Fordele:<\/h3>\n<ul data-start=\"770\" data-end=\"1110\">\n<li data-start=\"770\" data-end=\"818\">\n<p data-start=\"772\" data-end=\"818\">Model tilpasset til <strong data-start=\"791\" data-end=\"816\">Fiat Ducato 2015\u20132023<\/strong><\/p>\n<\/li>\n<li data-start=\"819\" data-end=\"873\">\n<p data-start=\"821\" data-end=\"873\">Lavet i <strong data-start=\"834\" data-end=\"852\">rustfrit st\u00e5l<\/strong> for lang levetid<\/p>\n<\/li>\n<li data-start=\"874\" data-end=\"933\">\n<p data-start=\"876\" data-end=\"933\">Tilg\u00e6ngelig i <strong data-start=\"884\" data-end=\"923\">h\u00f8jglanspoleret eller sortlakeret<\/strong> version<\/p>\n<\/li>\n<li data-start=\"934\" data-end=\"992\">\n<p data-start=\"936\" data-end=\"992\"><strong data-start=\"936\" data-end=\"957\">3 svejsede beslag<\/strong> til ekstra lys (op til \u00d8225 mm)<\/p>\n<\/li>\n<li data-start=\"993\" data-end=\"1046\">\n<p data-start=\"995\" data-end=\"1046\">Meget stabil konstruktion \u2013 <strong data-start=\"1024\" data-end=\"1044\">ingen vibrationer<\/strong><\/p>\n<\/li>\n<li data-start=\"1047\" data-end=\"1110\">\n<p data-start=\"1049\" data-end=\"1110\"><strong data-start=\"1049\" data-end=\"1070\">60 mm r\u00f8rdiameter<\/strong> for et kraftfuldt og robust indtryk<\/p>\n<\/li>\n<\/ul>\n<p data-start=\"1112\" data-end=\"1265\" data-is-last-node=\"\" data-is-only-node=\"\"><strong data-start=\"1112\" data-end=\"1260\">En f\u00f8rsteklasses frontb\u00f8jle, der kombinerer design, funktion og holdbarhed \u2013 perfekt til dem, der \u00f8nsker at opgradere deres Ducato med ekstra lygter p\u00e5 den rigtige m\u00e5de.<\/strong><\/p>\n<p data-start=\"1112\" data-end=\"1265\" data-is-last-node=\"\" data-is-only-node=\"\"><img decoding=\"async\" src=\"https:\/\/cdn.abicart.com\/shop\/11788\/files\/Vool\/Custom_Item_Images\/klocka.jpg\" \/><strong>Cirka 60 minutter<\/strong><\/p>","protected":false},"excerpt":{"rendered":"<p>Stor modellanpassad frontb\u00e5ge \u2013 Fiat Ducato 2015\u20132023 Denna stora modellanpassade frontb\u00e5ge \u00e4r utvecklad specifikt f\u00f6r Fiat Ducato \u00e5rsmodell 2015\u20132023 och ger fordonet ett kraftfullt, professionellt och exklusivt uttryck. Tillverkad i rostfritt st\u00e5l och konstruerad f\u00f6r maximal stabilitet \u2013 helt utan vibrationer, \u00e4ven vid tuff k\u00f6rning. Frontb\u00e5gen finns i h\u00f6gglanspolerat utf\u00f6rande f\u00f6r ett elegant OEM-liknande utseende [&hellip;]<\/p>","protected":false},"featured_media":25442,"comment_status":"open","ping_status":"closed","template":"","meta":{"_acf_changed":false,"_smort_price_nok":"8807","_smort_price_dkk":"","_smort_price_eur":"","_smort_sale_price_nok":"","_smort_sale_price_dkk":"","_smort_sale_price_eur":"","smort_restorder":"","shipmondo_restorder":"","_kad_blocks_custom_css":"","_kad_blocks_head_custom_js":"","_kad_blocks_body_custom_js":"","_kad_blocks_footer_custom_js":"","smort_custom_pricelist_1":"5606.6","smort_custom_pricelist_2":"5606.6","smort_custom_pricelist_3":"5606.6","smort_custom_pricelist_4":"6596","smort_custom_pricelist_5":"5606.6"},"anvandningsomrade":[],"bilmarken":[],"product_brand":[1653],"product_cat":[2461,2537,810,390],"product_tag":[],"class_list":{"0":"post-25441","1":"product","2":"type-product","3":"status-publish","4":"has-post-thumbnail","6":"product_brand-voolbar","7":"product_cat-fasten-installation","8":"product_cat-fasten-ledramper","9":"product_cat-fasten","10":"product_cat-installation","12":"first","13":"onbackorder","14":"taxable","15":"shipping-taxable","16":"purchasable","17":"product-type-simple"},"bundled_by":[],"bundle_stock_status":"onbackorder","bundle_stock_quantity":0,"bundle_virtual":false,"bundle_layout":"","bundle_add_to_cart_form_location":"","bundle_editable_in_cart":false,"bundle_sold_individually_context":"","bundle_item_grouping":"","bundle_min_size":"","bundle_max_size":"","bundle_price":[],"bundled_items":[],"bundle_sell_ids":[],"acf":[],"yoast_head":"<!-- This site is optimized with the Yoast SEO plugin v27.0 - https:\/\/yoast.com\/product\/yoast-seo-wordpress\/ -->\n<title>STOR TRIO frontb\u00e5ge - Fiat Ducato 2015- Xenonkungen<\/title>\n<meta name=\"robots\" content=\"index, follow, max-snippet:-1, max-image-preview:large, max-video-preview:-1\" \/>\n<link rel=\"canonical\" href=\"https:\/\/xenonkungen.com\/dk\/vare\/big-trio-fronttaske-fiat-ducato-2015\/\" \/>\n<meta property=\"og:locale\" content=\"da_DK\" \/>\n<meta property=\"og:type\" content=\"article\" \/>\n<meta property=\"og:title\" content=\"STOR TRIO frontb\u00e5ge - Fiat Ducato 2015- Xenonkungen\" \/>\n<meta property=\"og:description\" content=\"Stor modellanpassad frontb\u00e5ge \u2013 Fiat Ducato 2015\u20132023 Denna stora modellanpassade frontb\u00e5ge \u00e4r utvecklad specifikt f\u00f6r Fiat Ducato \u00e5rsmodell 2015\u20132023 och ger fordonet ett kraftfullt, professionellt och exklusivt uttryck. Tillverkad i rostfritt st\u00e5l och konstruerad f\u00f6r maximal stabilitet \u2013 helt utan vibrationer, \u00e4ven vid tuff k\u00f6rning. Frontb\u00e5gen finns i h\u00f6gglanspolerat utf\u00f6rande f\u00f6r ett elegant OEM-liknande utseende [&hellip;]\" \/>\n<meta property=\"og:url\" content=\"https:\/\/xenonkungen.com\/dk\/vare\/big-trio-fronttaske-fiat-ducato-2015\/\" \/>\n<meta property=\"og:site_name\" content=\"Xenonkungen\" \/>\n<meta property=\"article:modified_time\" content=\"2026-03-04T16:03:42+00:00\" \/>\n<meta property=\"og:image\" content=\"https:\/\/xenonkungen.com\/wp-content\/uploads\/2026\/01\/199119263-origpic-face90.jpg\" \/>\n\t<meta property=\"og:image:width\" content=\"1000\" \/>\n\t<meta property=\"og:image:height\" content=\"800\" \/>\n\t<meta property=\"og:image:type\" content=\"image\/jpeg\" \/>\n<meta name=\"twitter:card\" content=\"summary_large_image\" \/>\n<meta name=\"twitter:label1\" content=\"Estimeret l\u00e6setid\" \/>\n\t<meta name=\"twitter:data1\" content=\"2 minutter\" \/>\n<script type=\"application\/ld+json\" class=\"yoast-schema-graph\">{\"@context\":\"https:\/\/schema.org\",\"@graph\":[{\"@type\":\"WebPage\",\"@id\":\"https:\/\/xenonkungen.com\/produkt\/stor-trio-frontbage-fiat-ducato-2015\/\",\"url\":\"https:\/\/xenonkungen.com\/produkt\/stor-trio-frontbage-fiat-ducato-2015\/\",\"name\":\"STOR TRIO frontb\u00e5ge - Fiat Ducato 2015- Xenonkungen\",\"isPartOf\":{\"@id\":\"https:\/\/xenonkungen.com\/#website\"},\"primaryImageOfPage\":{\"@id\":\"https:\/\/xenonkungen.com\/produkt\/stor-trio-frontbage-fiat-ducato-2015\/#primaryimage\"},\"image\":{\"@id\":\"https:\/\/xenonkungen.com\/produkt\/stor-trio-frontbage-fiat-ducato-2015\/#primaryimage\"},\"thumbnailUrl\":\"https:\/\/xenonkungen.com\/wp-content\/uploads\/2026\/01\/199119263-origpic-face90.jpg\",\"datePublished\":\"2026-01-28T13:53:36+00:00\",\"dateModified\":\"2026-03-04T16:03:42+00:00\",\"breadcrumb\":{\"@id\":\"https:\/\/xenonkungen.com\/produkt\/stor-trio-frontbage-fiat-ducato-2015\/#breadcrumb\"},\"inLanguage\":\"da-DK\",\"potentialAction\":[{\"@type\":\"ReadAction\",\"target\":[\"https:\/\/xenonkungen.com\/produkt\/stor-trio-frontbage-fiat-ducato-2015\/\"]}]},{\"@type\":\"ImageObject\",\"inLanguage\":\"da-DK\",\"@id\":\"https:\/\/xenonkungen.com\/produkt\/stor-trio-frontbage-fiat-ducato-2015\/#primaryimage\",\"url\":\"https:\/\/xenonkungen.com\/wp-content\/uploads\/2026\/01\/199119263-origpic-face90.jpg\",\"contentUrl\":\"https:\/\/xenonkungen.com\/wp-content\/uploads\/2026\/01\/199119263-origpic-face90.jpg\",\"width\":1000,\"height\":800},{\"@type\":\"BreadcrumbList\",\"@id\":\"https:\/\/xenonkungen.com\/produkt\/stor-trio-frontbage-fiat-ducato-2015\/#breadcrumb\",\"itemListElement\":[{\"@type\":\"ListItem\",\"position\":1,\"name\":\"Hem\",\"item\":\"https:\/\/xenonkungen.com\/\"},{\"@type\":\"ListItem\",\"position\":2,\"name\":\"Shop\",\"item\":\"https:\/\/xenonkungen.com\/shop\/\"},{\"@type\":\"ListItem\",\"position\":3,\"name\":\"STOR TRIO frontb\u00e5ge &#8211; Fiat Ducato 2015-\"}]},{\"@type\":\"WebSite\",\"@id\":\"https:\/\/xenonkungen.com\/#website\",\"url\":\"https:\/\/xenonkungen.com\/\",\"name\":\"Xenonkungen\",\"description\":\"\",\"potentialAction\":[{\"@type\":\"SearchAction\",\"target\":{\"@type\":\"EntryPoint\",\"urlTemplate\":\"https:\/\/xenonkungen.com\/?s={search_term_string}\"},\"query-input\":{\"@type\":\"PropertyValueSpecification\",\"valueRequired\":true,\"valueName\":\"search_term_string\"}}],\"inLanguage\":\"da-DK\"}]}<\/script>\n<!-- \/ Yoast SEO plugin. -->","yoast_head_json":{"title":"BIG TRIO frontsk\u00e6rm - Fiat Ducato 2015 - Xenon king","robots":{"index":"index","follow":"follow","max-snippet":"max-snippet:-1","max-image-preview":"max-image-preview:large","max-video-preview":"max-video-preview:-1"},"canonical":"https:\/\/xenonkungen.com\/dk\/vare\/big-trio-fronttaske-fiat-ducato-2015\/","og_locale":"da_DK","og_type":"article","og_title":"STOR TRIO frontb\u00e5ge - Fiat Ducato 2015- Xenonkungen","og_description":"Stor modellanpassad frontb\u00e5ge \u2013 Fiat Ducato 2015\u20132023 Denna stora modellanpassade frontb\u00e5ge \u00e4r utvecklad specifikt f\u00f6r Fiat Ducato \u00e5rsmodell 2015\u20132023 och ger fordonet ett kraftfullt, professionellt och exklusivt uttryck. Tillverkad i rostfritt st\u00e5l och konstruerad f\u00f6r maximal stabilitet \u2013 helt utan vibrationer, \u00e4ven vid tuff k\u00f6rning. Frontb\u00e5gen finns i h\u00f6gglanspolerat utf\u00f6rande f\u00f6r ett elegant OEM-liknande utseende [&hellip;]","og_url":"https:\/\/xenonkungen.com\/dk\/vare\/big-trio-fronttaske-fiat-ducato-2015\/","og_site_name":"Xenonkungen","article_modified_time":"2026-03-04T16:03:42+00:00","og_image":[{"width":1000,"height":800,"url":"https:\/\/xenonkungen.com\/wp-content\/uploads\/2026\/01\/199119263-origpic-face90.jpg","type":"image\/jpeg"}],"twitter_card":"summary_large_image","twitter_misc":{"Estimeret l\u00e6setid":"2 minutter"},"schema":{"@context":"https:\/\/schema.org","@graph":[{"@type":"WebPage","@id":"https:\/\/xenonkungen.com\/produkt\/stor-trio-frontbage-fiat-ducato-2015\/","url":"https:\/\/xenonkungen.com\/produkt\/stor-trio-frontbage-fiat-ducato-2015\/","name":"BIG TRIO frontsk\u00e6rm - Fiat Ducato 2015 - Xenon king","isPartOf":{"@id":"https:\/\/xenonkungen.com\/#website"},"primaryImageOfPage":{"@id":"https:\/\/xenonkungen.com\/produkt\/stor-trio-frontbage-fiat-ducato-2015\/#primaryimage"},"image":{"@id":"https:\/\/xenonkungen.com\/produkt\/stor-trio-frontbage-fiat-ducato-2015\/#primaryimage"},"thumbnailUrl":"https:\/\/xenonkungen.com\/wp-content\/uploads\/2026\/01\/199119263-origpic-face90.jpg","datePublished":"2026-01-28T13:53:36+00:00","dateModified":"2026-03-04T16:03:42+00:00","breadcrumb":{"@id":"https:\/\/xenonkungen.com\/produkt\/stor-trio-frontbage-fiat-ducato-2015\/#breadcrumb"},"inLanguage":"da-DK","potentialAction":[{"@type":"ReadAction","target":["https:\/\/xenonkungen.com\/produkt\/stor-trio-frontbage-fiat-ducato-2015\/"]}]},{"@type":"ImageObject","inLanguage":"da-DK","@id":"https:\/\/xenonkungen.com\/produkt\/stor-trio-frontbage-fiat-ducato-2015\/#primaryimage","url":"https:\/\/xenonkungen.com\/wp-content\/uploads\/2026\/01\/199119263-origpic-face90.jpg","contentUrl":"https:\/\/xenonkungen.com\/wp-content\/uploads\/2026\/01\/199119263-origpic-face90.jpg","width":1000,"height":800},{"@type":"BreadcrumbList","@id":"https:\/\/xenonkungen.com\/produkt\/stor-trio-frontbage-fiat-ducato-2015\/#breadcrumb","itemListElement":[{"@type":"ListItem","position":1,"name":"Hem","item":"https:\/\/xenonkungen.com\/"},{"@type":"ListItem","position":2,"name":"Shop","item":"https:\/\/xenonkungen.com\/shop\/"},{"@type":"ListItem","position":3,"name":"STOR TRIO frontb\u00e5ge &#8211; Fiat Ducato 2015-"}]},{"@type":"WebSite","@id":"https:\/\/xenonkungen.com\/#website","url":"https:\/\/xenonkungen.com\/","name":"Xenonkungen","description":"","potentialAction":[{"@type":"SearchAction","target":{"@type":"EntryPoint","urlTemplate":"https:\/\/xenonkungen.com\/?s={search_term_string}"},"query-input":{"@type":"PropertyValueSpecification","valueRequired":true,"valueName":"search_term_string"}}],"inLanguage":"da-DK"}]}},"taxonomy_info":{"product_brand":[{"value":1653,"label":"Voolbar"}],"product_cat":[{"value":2461,"label":"F\u00e4sten"},{"value":2537,"label":"F\u00e4sten"},{"value":810,"label":"F\u00e4sten"},{"value":390,"label":"Installation"}]},"featured_image_src_large":["https:\/\/xenonkungen.com\/wp-content\/uploads\/2026\/01\/199119263-origpic-face90.jpg",1000,800,false],"author_info":[],"comment_info":0,"_links":{"self":[{"href":"https:\/\/xenonkungen.com\/dk\/wp-json\/wp\/v2\/product\/25441","targetHints":{"allow":["GET"]}}],"collection":[{"href":"https:\/\/xenonkungen.com\/dk\/wp-json\/wp\/v2\/product"}],"about":[{"href":"https:\/\/xenonkungen.com\/dk\/wp-json\/wp\/v2\/types\/product"}],"replies":[{"embeddable":true,"href":"https:\/\/xenonkungen.com\/dk\/wp-json\/wp\/v2\/comments?post=25441"}],"wp:featuredmedia":[{"embeddable":true,"href":"https:\/\/xenonkungen.com\/dk\/wp-json\/wp\/v2\/media\/25442"}],"wp:attachment":[{"href":"https:\/\/xenonkungen.com\/dk\/wp-json\/wp\/v2\/media?parent=25441"}],"wp:term":[{"taxonomy":"anvandningsomrade","embeddable":true,"href":"https:\/\/xenonkungen.com\/dk\/wp-json\/wp\/v2\/anvandningsomrade?post=25441"},{"taxonomy":"bilmarken","embeddable":true,"href":"https:\/\/xenonkungen.com\/dk\/wp-json\/wp\/v2\/bilmarken?post=25441"},{"taxonomy":"product_brand","embeddable":true,"href":"https:\/\/xenonkungen.com\/dk\/wp-json\/wp\/v2\/product_brand?post=25441"},{"taxonomy":"product_cat","embeddable":true,"href":"https:\/\/xenonkungen.com\/dk\/wp-json\/wp\/v2\/product_cat?post=25441"},{"taxonomy":"product_tag","embeddable":true,"href":"https:\/\/xenonkungen.com\/dk\/wp-json\/wp\/v2\/product_tag?post=25441"}],"curies":[{"name":"wp","href":"https:\/\/api.w.org\/{rel}","templated":true}]}}