{"id":25448,"date":"2026-01-28T15:37:02","date_gmt":"2026-01-28T14:37:02","guid":{"rendered":"https:\/\/xenonkungen.com\/?post_type=product&#038;p=25448"},"modified":"2026-02-06T16:47:10","modified_gmt":"2026-02-06T15:47:10","slug":"batteri-jumpstart-500-ojs010","status":"publish","type":"product","link":"https:\/\/xenonkungen.com\/dk\/vare\/batteri-jumpstart-500-ojs010\/","title":{"rendered":"BATTERI jumpstarter 500 OJS010"},"content":{"rendered":"<h3 data-start=\"109\" data-end=\"180\">Kraftig starthj\u00e6lp, n\u00e5r du har brug for det \u2013 sikkerhed i lommest\u00f8rrelse<\/h3>\n<p data-start=\"182\" data-end=\"495\"><strong data-start=\"182\" data-end=\"212\">OSRAM BATTERI jumpstart 500<\/strong> er en kompakt, men kraftfuld starthj\u00e6lp, der giver dig <strong data-start=\"264\" data-end=\"302\">fuld kontrol, n\u00e5r batteriet svigter<\/strong>Den er udviklet til <strong data-start=\"325\" data-end=\"340\">12 V-k\u00f8ret\u00f8jer<\/strong> og kan h\u00e5ndtere motorer op til <strong data-start=\"369\" data-end=\"385\">3,0 l benzin<\/strong> eller <strong data-start=\"392\" data-end=\"408\">1,5 l diesel<\/strong>, hvilket g\u00f8r den perfekt til personbiler, varevogne, SUV&#039;er og lette erhvervsk\u00f8ret\u00f8jer.<\/p>\n<p data-start=\"497\" data-end=\"624\">Takket v\u00e6re den indbyggede <strong data-start=\"520\" data-end=\"539\">boost-funktionen<\/strong> du kan starte k\u00f8ret\u00f8jet selv kl. <strong data-start=\"570\" data-end=\"595\">fuldt afladet batteri<\/strong> \u2013 hurtigt, nemt og sikkert.<\/p>\n<h3 data-start=\"626\" data-end=\"664\">Hvorfor v\u00e6lge BATTERYjumpstart 500?<\/h3>\n<ul data-start=\"665\" data-end=\"1214\">\n<li data-start=\"665\" data-end=\"712\">\n<p data-start=\"667\" data-end=\"712\"><strong data-start=\"670\" data-end=\"694\">Kraftig starthj\u00e6lp<\/strong> til 12 V-k\u00f8ret\u00f8jer<\/p>\n<\/li>\n<li data-start=\"713\" data-end=\"772\">\n<p data-start=\"715\" data-end=\"772\"><strong data-start=\"717\" data-end=\"734\">Boost-funktion<\/strong> \u2013 starter selv helt tomme batterier<\/p>\n<\/li>\n<li data-start=\"773\" data-end=\"907\">\n<p data-start=\"775\" data-end=\"811\">\u00a0Fremskreden <strong data-start=\"790\" data-end=\"808\">sikkerhedsbeskyttelse<\/strong>:<\/p>\n<ul data-start=\"814\" data-end=\"907\">\n<li data-start=\"814\" data-end=\"844\">\n<p data-start=\"816\" data-end=\"844\">Beskyttelse mod omvendt polaritet<\/p>\n<\/li>\n<li data-start=\"847\" data-end=\"882\">\n<p data-start=\"849\" data-end=\"882\">Oversp\u00e6ndingsbeskyttelse (anti-spike)<\/p>\n<\/li>\n<li data-start=\"885\" data-end=\"907\">\n<p data-start=\"887\" data-end=\"907\">Kortslutningsbeskyttelse<\/p>\n<\/li>\n<\/ul>\n<\/li>\n<li data-start=\"908\" data-end=\"983\">\n<p data-start=\"910\" data-end=\"983\"><strong data-start=\"913\" data-end=\"942\">Lyd- og LED-indikatorer<\/strong> for klar status og sikker brug<\/p>\n<\/li>\n<li data-start=\"984\" data-end=\"1024\">\n<p data-start=\"986\" data-end=\"1024\"><strong data-start=\"989\" data-end=\"998\">USB-C<\/strong> til opladning af enheden<\/p>\n<\/li>\n<li data-start=\"1025\" data-end=\"1087\">\n<p data-start=\"1027\" data-end=\"1087\"><strong data-start=\"1030\" data-end=\"1046\">USB-A-udgang<\/strong> til opladning af mobiltelefoner, tablets osv.<\/p>\n<\/li>\n<li data-start=\"1088\" data-end=\"1159\">\n<p data-start=\"1090\" data-end=\"1159\"><strong data-start=\"1093\" data-end=\"1117\">Integreret lommelygte<\/strong> \u2013 perfekt til m\u00f8rke og n\u00f8dsituationer<\/p>\n<\/li>\n<li data-start=\"1160\" data-end=\"1214\">\n<p data-start=\"1162\" data-end=\"1214\">LED-indikatorer, der viser <strong data-start=\"1191\" data-end=\"1214\">nuv\u00e6rende batteriniveau<\/strong><\/p>\n<\/li>\n<\/ul>\n<p data-start=\"1216\" data-end=\"1376\">De <strong data-start=\"1219\" data-end=\"1249\">ergonomiske smarte klemmer<\/strong> med l\u00e6ngere kabler g\u00f8r det nemt at tilslutte selv i <strong data-start=\"1298\" data-end=\"1335\">trange og sv\u00e6rt tilg\u00e6ngelige motorrum<\/strong>, hvilket sparer b\u00e5de tid og frustration.<\/p>\n<p data-start=\"1378\" data-end=\"1558\" data-is-last-node=\"\" data-is-only-node=\"\"><strong data-start=\"1378\" data-end=\"1408\">OSRAM BATTERI jumpstart 500<\/strong> er mere end blot en starthj\u00e6lp \u2013 det er en <strong data-start=\"1450\" data-end=\"1496\">sikkerhedsl\u00f8sningen du altid \u00f8nsker i din bil<\/strong>, klar til at hj\u00e6lpe b\u00e5de dig og andre, n\u00e5r det virkelig g\u00e6lder.<\/p>","protected":false},"excerpt":{"rendered":"<p>Kraftfull starthj\u00e4lp n\u00e4r du beh\u00f6ver den \u2013 trygghet i fickformat OSRAM BATTERYjumpstart 500 \u00e4r en kompakt men kraftfull starthj\u00e4lp som ger dig full kontroll n\u00e4r batteriet sviker. Den \u00e4r utvecklad f\u00f6r 12 V-fordon och klarar motorer upp till 3,0 l bensin eller 1,5 l diesel, vilket g\u00f6r den perfekt f\u00f6r personbilar, transportbilar, SUV:ar och l\u00e4tta [&hellip;]<\/p>","protected":false},"featured_media":25450,"comment_status":"open","ping_status":"closed","template":"","meta":{"_acf_changed":false,"_smort_price_nok":"1383","_smort_price_dkk":"","_smort_price_eur":"","_smort_sale_price_nok":"","_smort_sale_price_dkk":"","_smort_sale_price_eur":"","smort_restorder":"","shipmondo_restorder":"","_kad_blocks_custom_css":"","_kad_blocks_head_custom_js":"","_kad_blocks_body_custom_js":"","_kad_blocks_footer_custom_js":"","smort_custom_pricelist_1":"828.8","smort_custom_pricelist_2":"725.2","smort_custom_pricelist_3":"673.4","smort_custom_pricelist_4":"1036","smort_custom_pricelist_5":"725.2"},"anvandningsomrade":[],"bilmarken":[],"product_brand":[108],"product_cat":[377],"product_tag":[],"class_list":{"0":"post-25448","1":"product","2":"type-product","3":"status-publish","4":"has-post-thumbnail","6":"product_brand-osram","7":"product_cat-biltillbehor","8":"pa_storlek-mm-254x42x94","9":"pa_volt-v-159","11":"first","12":"instock","13":"taxable","14":"shipping-taxable","15":"purchasable","16":"product-type-simple"},"bundled_by":[],"bundle_stock_status":"instock","bundle_stock_quantity":4,"bundle_virtual":false,"bundle_layout":"","bundle_add_to_cart_form_location":"","bundle_editable_in_cart":false,"bundle_sold_individually_context":"","bundle_item_grouping":"","bundle_min_size":"","bundle_max_size":"","bundle_price":[],"bundled_items":[],"bundle_sell_ids":[],"acf":[],"yoast_head":"<!-- This site is optimized with the Yoast SEO plugin v27.0 - https:\/\/yoast.com\/product\/yoast-seo-wordpress\/ -->\n<title>BATTERYjumpstart 500 OJS010 - Xenonkungen<\/title>\n<meta name=\"robots\" content=\"index, follow, max-snippet:-1, max-image-preview:large, max-video-preview:-1\" \/>\n<link rel=\"canonical\" href=\"https:\/\/xenonkungen.com\/dk\/vare\/batteri-jumpstart-500-ojs010\/\" \/>\n<meta property=\"og:locale\" content=\"da_DK\" \/>\n<meta property=\"og:type\" content=\"article\" \/>\n<meta property=\"og:title\" content=\"BATTERYjumpstart 500 OJS010 - Xenonkungen\" \/>\n<meta property=\"og:description\" content=\"Kraftfull starthj\u00e4lp n\u00e4r du beh\u00f6ver den \u2013 trygghet i fickformat OSRAM BATTERYjumpstart 500 \u00e4r en kompakt men kraftfull starthj\u00e4lp som ger dig full kontroll n\u00e4r batteriet sviker. Den \u00e4r utvecklad f\u00f6r 12 V-fordon och klarar motorer upp till 3,0 l bensin eller 1,5 l diesel, vilket g\u00f6r den perfekt f\u00f6r personbilar, transportbilar, SUV:ar och l\u00e4tta [&hellip;]\" \/>\n<meta property=\"og:url\" content=\"https:\/\/xenonkungen.com\/dk\/vare\/batteri-jumpstart-500-ojs010\/\" \/>\n<meta property=\"og:site_name\" content=\"Xenonkungen\" \/>\n<meta property=\"article:modified_time\" content=\"2026-02-06T15:47:10+00:00\" \/>\n<meta property=\"og:image\" content=\"https:\/\/xenonkungen.com\/wp-content\/uploads\/2026\/01\/Small-for-web-and-ppt-PI_BATTERYstart_OJS010_cmyk_RZ.jpg\" \/>\n\t<meta property=\"og:image:width\" content=\"1024\" \/>\n\t<meta property=\"og:image:height\" content=\"1024\" \/>\n\t<meta property=\"og:image:type\" content=\"image\/jpeg\" \/>\n<meta name=\"twitter:card\" content=\"summary_large_image\" \/>\n<meta name=\"twitter:label1\" content=\"Estimeret l\u00e6setid\" \/>\n\t<meta name=\"twitter:data1\" content=\"2 minutter\" \/>\n<script type=\"application\/ld+json\" class=\"yoast-schema-graph\">{\"@context\":\"https:\/\/schema.org\",\"@graph\":[{\"@type\":\"WebPage\",\"@id\":\"https:\/\/xenonkungen.com\/produkt\/batteryjumpstart-500-ojs010\/\",\"url\":\"https:\/\/xenonkungen.com\/produkt\/batteryjumpstart-500-ojs010\/\",\"name\":\"BATTERYjumpstart 500 OJS010 - Xenonkungen\",\"isPartOf\":{\"@id\":\"https:\/\/xenonkungen.com\/#website\"},\"primaryImageOfPage\":{\"@id\":\"https:\/\/xenonkungen.com\/produkt\/batteryjumpstart-500-ojs010\/#primaryimage\"},\"image\":{\"@id\":\"https:\/\/xenonkungen.com\/produkt\/batteryjumpstart-500-ojs010\/#primaryimage\"},\"thumbnailUrl\":\"https:\/\/xenonkungen.com\/wp-content\/uploads\/2026\/01\/Small-for-web-and-ppt-PI_BATTERYstart_OJS010_cmyk_RZ.jpg\",\"datePublished\":\"2026-01-28T14:37:02+00:00\",\"dateModified\":\"2026-02-06T15:47:10+00:00\",\"breadcrumb\":{\"@id\":\"https:\/\/xenonkungen.com\/produkt\/batteryjumpstart-500-ojs010\/#breadcrumb\"},\"inLanguage\":\"da-DK\",\"potentialAction\":[{\"@type\":\"ReadAction\",\"target\":[\"https:\/\/xenonkungen.com\/produkt\/batteryjumpstart-500-ojs010\/\"]}]},{\"@type\":\"ImageObject\",\"inLanguage\":\"da-DK\",\"@id\":\"https:\/\/xenonkungen.com\/produkt\/batteryjumpstart-500-ojs010\/#primaryimage\",\"url\":\"https:\/\/xenonkungen.com\/wp-content\/uploads\/2026\/01\/Small-for-web-and-ppt-PI_BATTERYstart_OJS010_cmyk_RZ.jpg\",\"contentUrl\":\"https:\/\/xenonkungen.com\/wp-content\/uploads\/2026\/01\/Small-for-web-and-ppt-PI_BATTERYstart_OJS010_cmyk_RZ.jpg\",\"width\":1024,\"height\":1024},{\"@type\":\"BreadcrumbList\",\"@id\":\"https:\/\/xenonkungen.com\/produkt\/batteryjumpstart-500-ojs010\/#breadcrumb\",\"itemListElement\":[{\"@type\":\"ListItem\",\"position\":1,\"name\":\"Hem\",\"item\":\"https:\/\/xenonkungen.com\/\"},{\"@type\":\"ListItem\",\"position\":2,\"name\":\"Shop\",\"item\":\"https:\/\/xenonkungen.com\/shop\/\"},{\"@type\":\"ListItem\",\"position\":3,\"name\":\"BATTERYjumpstart 500 OJS010\"}]},{\"@type\":\"WebSite\",\"@id\":\"https:\/\/xenonkungen.com\/#website\",\"url\":\"https:\/\/xenonkungen.com\/\",\"name\":\"Xenonkungen\",\"description\":\"\",\"potentialAction\":[{\"@type\":\"SearchAction\",\"target\":{\"@type\":\"EntryPoint\",\"urlTemplate\":\"https:\/\/xenonkungen.com\/?s={search_term_string}\"},\"query-input\":{\"@type\":\"PropertyValueSpecification\",\"valueRequired\":true,\"valueName\":\"search_term_string\"}}],\"inLanguage\":\"da-DK\"}]}<\/script>\n<!-- \/ Yoast SEO plugin. -->","yoast_head_json":{"title":"BATTERI jumpstart 500 OJS010 - Xenon-kongen","robots":{"index":"index","follow":"follow","max-snippet":"max-snippet:-1","max-image-preview":"max-image-preview:large","max-video-preview":"max-video-preview:-1"},"canonical":"https:\/\/xenonkungen.com\/dk\/vare\/batteri-jumpstart-500-ojs010\/","og_locale":"da_DK","og_type":"article","og_title":"BATTERYjumpstart 500 OJS010 - Xenonkungen","og_description":"Kraftfull starthj\u00e4lp n\u00e4r du beh\u00f6ver den \u2013 trygghet i fickformat OSRAM BATTERYjumpstart 500 \u00e4r en kompakt men kraftfull starthj\u00e4lp som ger dig full kontroll n\u00e4r batteriet sviker. Den \u00e4r utvecklad f\u00f6r 12 V-fordon och klarar motorer upp till 3,0 l bensin eller 1,5 l diesel, vilket g\u00f6r den perfekt f\u00f6r personbilar, transportbilar, SUV:ar och l\u00e4tta [&hellip;]","og_url":"https:\/\/xenonkungen.com\/dk\/vare\/batteri-jumpstart-500-ojs010\/","og_site_name":"Xenonkungen","article_modified_time":"2026-02-06T15:47:10+00:00","og_image":[{"width":1024,"height":1024,"url":"https:\/\/xenonkungen.com\/wp-content\/uploads\/2026\/01\/Small-for-web-and-ppt-PI_BATTERYstart_OJS010_cmyk_RZ.jpg","type":"image\/jpeg"}],"twitter_card":"summary_large_image","twitter_misc":{"Estimeret l\u00e6setid":"2 minutter"},"schema":{"@context":"https:\/\/schema.org","@graph":[{"@type":"WebPage","@id":"https:\/\/xenonkungen.com\/produkt\/batteryjumpstart-500-ojs010\/","url":"https:\/\/xenonkungen.com\/produkt\/batteryjumpstart-500-ojs010\/","name":"BATTERI jumpstart 500 OJS010 - Xenon-kongen","isPartOf":{"@id":"https:\/\/xenonkungen.com\/#website"},"primaryImageOfPage":{"@id":"https:\/\/xenonkungen.com\/produkt\/batteryjumpstart-500-ojs010\/#primaryimage"},"image":{"@id":"https:\/\/xenonkungen.com\/produkt\/batteryjumpstart-500-ojs010\/#primaryimage"},"thumbnailUrl":"https:\/\/xenonkungen.com\/wp-content\/uploads\/2026\/01\/Small-for-web-and-ppt-PI_BATTERYstart_OJS010_cmyk_RZ.jpg","datePublished":"2026-01-28T14:37:02+00:00","dateModified":"2026-02-06T15:47:10+00:00","breadcrumb":{"@id":"https:\/\/xenonkungen.com\/produkt\/batteryjumpstart-500-ojs010\/#breadcrumb"},"inLanguage":"da-DK","potentialAction":[{"@type":"ReadAction","target":["https:\/\/xenonkungen.com\/produkt\/batteryjumpstart-500-ojs010\/"]}]},{"@type":"ImageObject","inLanguage":"da-DK","@id":"https:\/\/xenonkungen.com\/produkt\/batteryjumpstart-500-ojs010\/#primaryimage","url":"https:\/\/xenonkungen.com\/wp-content\/uploads\/2026\/01\/Small-for-web-and-ppt-PI_BATTERYstart_OJS010_cmyk_RZ.jpg","contentUrl":"https:\/\/xenonkungen.com\/wp-content\/uploads\/2026\/01\/Small-for-web-and-ppt-PI_BATTERYstart_OJS010_cmyk_RZ.jpg","width":1024,"height":1024},{"@type":"BreadcrumbList","@id":"https:\/\/xenonkungen.com\/produkt\/batteryjumpstart-500-ojs010\/#breadcrumb","itemListElement":[{"@type":"ListItem","position":1,"name":"Hem","item":"https:\/\/xenonkungen.com\/"},{"@type":"ListItem","position":2,"name":"Shop","item":"https:\/\/xenonkungen.com\/shop\/"},{"@type":"ListItem","position":3,"name":"BATTERYjumpstart 500 OJS010"}]},{"@type":"WebSite","@id":"https:\/\/xenonkungen.com\/#website","url":"https:\/\/xenonkungen.com\/","name":"Xenonkungen","description":"","potentialAction":[{"@type":"SearchAction","target":{"@type":"EntryPoint","urlTemplate":"https:\/\/xenonkungen.com\/?s={search_term_string}"},"query-input":{"@type":"PropertyValueSpecification","valueRequired":true,"valueName":"search_term_string"}}],"inLanguage":"da-DK"}]}},"taxonomy_info":{"product_brand":[{"value":108,"label":"OSRAM"}],"product_cat":[{"value":377,"label":"Biltillbeh\u00f6r"}],"pa_storlek-mm":[{"value":2873,"label":"254x42x94"}],"pa_volt-v":[{"value":159,"label":"12"}]},"featured_image_src_large":["https:\/\/xenonkungen.com\/wp-content\/uploads\/2026\/01\/Small-for-web-and-ppt-PI_BATTERYstart_OJS010_cmyk_RZ.jpg",1024,1024,false],"author_info":[],"comment_info":0,"_links":{"self":[{"href":"https:\/\/xenonkungen.com\/dk\/wp-json\/wp\/v2\/product\/25448","targetHints":{"allow":["GET"]}}],"collection":[{"href":"https:\/\/xenonkungen.com\/dk\/wp-json\/wp\/v2\/product"}],"about":[{"href":"https:\/\/xenonkungen.com\/dk\/wp-json\/wp\/v2\/types\/product"}],"replies":[{"embeddable":true,"href":"https:\/\/xenonkungen.com\/dk\/wp-json\/wp\/v2\/comments?post=25448"}],"wp:featuredmedia":[{"embeddable":true,"href":"https:\/\/xenonkungen.com\/dk\/wp-json\/wp\/v2\/media\/25450"}],"wp:attachment":[{"href":"https:\/\/xenonkungen.com\/dk\/wp-json\/wp\/v2\/media?parent=25448"}],"wp:term":[{"taxonomy":"anvandningsomrade","embeddable":true,"href":"https:\/\/xenonkungen.com\/dk\/wp-json\/wp\/v2\/anvandningsomrade?post=25448"},{"taxonomy":"bilmarken","embeddable":true,"href":"https:\/\/xenonkungen.com\/dk\/wp-json\/wp\/v2\/bilmarken?post=25448"},{"taxonomy":"product_brand","embeddable":true,"href":"https:\/\/xenonkungen.com\/dk\/wp-json\/wp\/v2\/product_brand?post=25448"},{"taxonomy":"product_cat","embeddable":true,"href":"https:\/\/xenonkungen.com\/dk\/wp-json\/wp\/v2\/product_cat?post=25448"},{"taxonomy":"product_tag","embeddable":true,"href":"https:\/\/xenonkungen.com\/dk\/wp-json\/wp\/v2\/product_tag?post=25448"}],"curies":[{"name":"wp","href":"https:\/\/api.w.org\/{rel}","templated":true}]}}