{"id":25457,"date":"2026-01-28T15:51:54","date_gmt":"2026-01-28T14:51:54","guid":{"rendered":"https:\/\/xenonkungen.com\/?post_type=product&#038;p=25457"},"modified":"2026-04-24T17:43:28","modified_gmt":"2026-04-24T16:43:28","slug":"batteri-jumpstart-1000-ojs020","status":"publish","type":"product","link":"https:\/\/xenonkungen.com\/dk\/vare\/batteri-jumpstart-1000-ojs020\/","title":{"rendered":"BATTERI jumpstart 1000 OJS020"},"content":{"rendered":"<div class=\"flex flex-col text-sm pb-25\">\n<article class=\"text-token-text-primary w-full focus:outline-none [--shadow-height:45px] has-data-writing-block:pointer-events-none has-data-writing-block:-mt-(--shadow-height) has-data-writing-block:pt-(--shadow-height) [&amp;:has([data-writing-block])&gt;*]:pointer-events-auto scroll-mt-[calc(var(--header-height)+min(200px,max(70px,20svh)))]\" dir=\"auto\" tabindex=\"-1\" data-turn-id=\"request-WEB:fdeb951a-1383-4d96-baba-13ba2e1658e7-38\" data-testid=\"conversation-turn-74\" data-scroll-anchor=\"true\" data-turn=\"assistant\">\n<div class=\"text-base my-auto mx-auto pb-10 [--thread-content-margin:--spacing(4)] @w-sm\/main:[--thread-content-margin:--spacing(6)] @w-lg\/main:[--thread-content-margin:--spacing(16)] px-(--thread-content-margin)\">\n<div class=\"[--thread-content-max-width:40rem] @w-lg\/main:[--thread-content-max-width:48rem] mx-auto max-w-(--thread-content-max-width) flex-1 group\/turn-messages focus-visible:outline-hidden relative flex w-full min-w-0 flex-col agent-turn\" tabindex=\"-1\">\n<div class=\"flex max-w-full flex-col grow\">\n<div class=\"min-h-8 text-message relative flex w-full flex-col items-end gap-2 text-start break-words whitespace-normal [.text-message+&amp;]:mt-1\" dir=\"auto\" data-message-author-role=\"assistant\" data-message-id=\"d3bd4a76-41f7-4699-b9be-eee063f5ee4b\" data-message-model-slug=\"gpt-5-2\">\n<div class=\"flex w-full flex-col gap-1 empty:hidden first:pt-[1px]\">\n<div class=\"markdown prose dark:prose-invert w-full wrap-break-word light markdown-new-styling\">\n<h3 data-start=\"123\" data-end=\"174\">Maksimal starthj\u00e6lp. Fuld kontrol. Altid klar.<\/h3>\n<p data-start=\"176\" data-end=\"523\"><strong data-start=\"176\" data-end=\"207\">OSRAM BATTERI jumpstart 1000<\/strong> er en <strong data-start=\"214\" data-end=\"272\">Ekstremt kraftfuld og sikker jumpstarter til 12 V-k\u00f8ret\u00f8jer<\/strong>, designet til dem, der \u00f8nsker at v\u00e6re forberedt p\u00e5 alle situationer. Med hele <strong data-start=\"345\" data-end=\"366\">1000 A starteffekt<\/strong> den kan h\u00e5ndtere motorer op til <strong data-start=\"395\" data-end=\"411\">5,0 l benzin<\/strong> eller <strong data-start=\"418\" data-end=\"434\">2,0L diesel<\/strong>hvilket g\u00f8r den ideel til personbiler, varevogne, SUV&#039;er og lette erhvervsk\u00f8ret\u00f8jer.<\/p>\n<p data-start=\"525\" data-end=\"664\">Den intelligente <strong data-start=\"542\" data-end=\"561\">boost-funktionen<\/strong> g\u00f8r det muligt at starte k\u00f8ret\u00f8jer, selv n\u00e5r batteriet er afladet <strong data-start=\"618\" data-end=\"635\">fuldst\u00e6ndig afladet<\/strong> \u2013 hurtigt, nemt og sikkert.<\/p>\n<h3 data-start=\"666\" data-end=\"705\">Hvorfor v\u00e6lge BATTERYjumpstart 1000?<\/h3>\n<ul data-start=\"706\" data-end=\"1414\">\n<li data-start=\"706\" data-end=\"774\">\n<p data-start=\"708\" data-end=\"774\"><strong data-start=\"710\" data-end=\"731\">1000 A jumpstarter<\/strong> \u2013 h\u00f8j ydeevne, n\u00e5r det virkelig g\u00e6lder<\/p>\n<\/li>\n<li data-start=\"775\" data-end=\"838\">\n<p data-start=\"777\" data-end=\"838\">\u00a0Starter motorer op til <strong data-start=\"805\" data-end=\"836\">5,0 l benzin \/ 2,0 l diesel<\/strong><\/p>\n<\/li>\n<li data-start=\"839\" data-end=\"878\">\n<p data-start=\"841\" data-end=\"878\">\u00a0Passer til de fleste <strong data-start=\"861\" data-end=\"876\">12 V-k\u00f8ret\u00f8jer<\/strong><\/p>\n<\/li>\n<li data-start=\"879\" data-end=\"1014\">\n<p data-start=\"881\" data-end=\"918\">\u00a0Fremskreden <strong data-start=\"896\" data-end=\"915\">sikkerhedssystem<\/strong>:<\/p>\n<ul data-start=\"921\" data-end=\"1014\">\n<li data-start=\"921\" data-end=\"951\">\n<p data-start=\"923\" data-end=\"951\">Beskyttelse mod omvendt polaritet<\/p>\n<\/li>\n<li data-start=\"954\" data-end=\"989\">\n<p data-start=\"956\" data-end=\"989\">Oversp\u00e6ndingsbeskyttelse (anti-spike)<\/p>\n<\/li>\n<li data-start=\"992\" data-end=\"1014\">\n<p data-start=\"994\" data-end=\"1014\">Kortslutningsbeskyttelse<\/p>\n<\/li>\n<\/ul>\n<\/li>\n<li data-start=\"1015\" data-end=\"1083\">\n<p data-start=\"1017\" data-end=\"1083\"><span data-start=\"1020\" data-end=\"1049\">\u00a0<\/span><strong data-start=\"1020\" data-end=\"1049\">Lyd- og LED-indikatorer<\/strong> til sikker og klar brug<\/p>\n<\/li>\n<li data-start=\"1084\" data-end=\"1170\">\n<p data-start=\"1086\" data-end=\"1170\">\u00a0Ergonomisk <strong data-start=\"1101\" data-end=\"1140\">Smarte klemmer med ekstra lange kabler<\/strong> \u2013 perfekt i trange motorrum<\/p>\n<\/li>\n<li data-start=\"1171\" data-end=\"1222\">\n<p data-start=\"1173\" data-end=\"1222\"><strong data-start=\"1176\" data-end=\"1200\">Integreret lommelygte<\/strong> til at arbejde i m\u00f8rke<\/p>\n<\/li>\n<li data-start=\"1223\" data-end=\"1283\">\n<p data-start=\"1225\" data-end=\"1283\">\u00a0LED-indikatorer, der viser <strong data-start=\"1254\" data-end=\"1281\">batteristatus i realtid<\/strong><\/p>\n<\/li>\n<li data-start=\"1284\" data-end=\"1347\">\n<p data-start=\"1286\" data-end=\"1347\"><strong data-start=\"1289\" data-end=\"1314\">PD 30W hurtigopladning<\/strong> \u2013 hurtig opladning af enheden<\/p>\n<\/li>\n<li data-start=\"1348\" data-end=\"1414\">\n<p data-start=\"1350\" data-end=\"1414\"><strong data-start=\"1353\" data-end=\"1370\">USB-C og USB-A<\/strong> \u2013 oplad mobiltelefoner, tablets og andre enheder<\/p>\n<\/li>\n<\/ul>\n<p data-start=\"1416\" data-end=\"1617\" data-is-last-node=\"\" data-is-only-node=\"\"><strong data-start=\"1416\" data-end=\"1447\">OSRAM BATTERI jumpstart 1000<\/strong> er mere end blot en starthj\u00e6lp \u2013 det er en <strong data-start=\"1489\" data-end=\"1518\">p\u00e5lidelig sikkerhedsl\u00f8sning<\/strong> der giver dig sikkerhed p\u00e5 vejen, p\u00e5 arbejdet og i hverdagen. Et oplagt valg altid at have i bilen.<\/p>\n<\/div>\n<\/div>\n<\/div>\n<\/div>\n<\/div>\n<\/div>\n<\/article>\n<\/div>","protected":false},"excerpt":{"rendered":"<p>Maximal starthj\u00e4lp. Full kontroll. Alltid redo. OSRAM BATTERYjumpstart 1000 \u00e4r en extremt kraftfull och s\u00e4ker starthj\u00e4lp f\u00f6r 12 V-fordon, framtagen f\u00f6r dig som vill vara f\u00f6rberedd i alla situationer. Med hela 1000 A startkraft klarar den motorer upp till 5,0 l bensin eller 2,0 l diesel, vilket g\u00f6r den idealisk f\u00f6r personbilar, transportbilar, SUV:ar och [&hellip;]<\/p>","protected":false},"featured_media":25458,"comment_status":"open","ping_status":"closed","template":"","meta":{"_acf_changed":false,"_smort_price_nok":"1704","_smort_price_dkk":"","_smort_price_eur":"","_smort_sale_price_nok":"","_smort_sale_price_dkk":"","_smort_sale_price_eur":"","smort_restorder":"","shipmondo_restorder":"","_kad_blocks_custom_css":"","_kad_blocks_head_custom_js":"","_kad_blocks_body_custom_js":"","_kad_blocks_footer_custom_js":"","smort_custom_pricelist_1":"1020.8","smort_custom_pricelist_2":"893.2","smort_custom_pricelist_3":"829.4","smort_custom_pricelist_4":"1276","smort_custom_pricelist_5":"893.2"},"anvandningsomrade":[],"bilmarken":[],"product_brand":[108],"product_cat":[377],"product_tag":[],"class_list":{"0":"post-25457","1":"product","2":"type-product","3":"status-publish","4":"has-post-thumbnail","6":"product_brand-osram","7":"product_cat-biltillbehor","8":"pa_storlek-mm-254x42x94","9":"pa_volt-v-159","11":"first","12":"instock","13":"taxable","14":"shipping-taxable","15":"purchasable","16":"product-type-simple"},"bundled_by":[],"bundle_stock_status":"instock","bundle_stock_quantity":2,"bundle_virtual":false,"bundle_layout":"","bundle_add_to_cart_form_location":"","bundle_editable_in_cart":false,"bundle_sold_individually_context":"","bundle_item_grouping":"","bundle_min_size":"","bundle_max_size":"","bundle_price":[],"bundled_items":[],"bundle_sell_ids":[],"acf":[],"yoast_head":"<!-- This site is optimized with the Yoast SEO plugin v27.0 - https:\/\/yoast.com\/product\/yoast-seo-wordpress\/ -->\n<title>BATTERYjumpstart 1000 OJS020 - Xenonkungen<\/title>\n<meta name=\"robots\" content=\"index, follow, max-snippet:-1, max-image-preview:large, max-video-preview:-1\" \/>\n<link rel=\"canonical\" href=\"https:\/\/xenonkungen.com\/dk\/vare\/batteri-jumpstart-1000-ojs020\/\" \/>\n<meta property=\"og:locale\" content=\"da_DK\" \/>\n<meta property=\"og:type\" content=\"article\" \/>\n<meta property=\"og:title\" content=\"BATTERYjumpstart 1000 OJS020 - Xenonkungen\" \/>\n<meta property=\"og:description\" content=\"Maximal starthj\u00e4lp. Full kontroll. Alltid redo. OSRAM BATTERYjumpstart 1000 \u00e4r en extremt kraftfull och s\u00e4ker starthj\u00e4lp f\u00f6r 12 V-fordon, framtagen f\u00f6r dig som vill vara f\u00f6rberedd i alla situationer. Med hela 1000 A startkraft klarar den motorer upp till 5,0 l bensin eller 2,0 l diesel, vilket g\u00f6r den idealisk f\u00f6r personbilar, transportbilar, SUV:ar och [&hellip;]\" \/>\n<meta property=\"og:url\" content=\"https:\/\/xenonkungen.com\/dk\/vare\/batteri-jumpstart-1000-ojs020\/\" \/>\n<meta property=\"og:site_name\" content=\"Xenonkungen\" \/>\n<meta property=\"article:modified_time\" content=\"2026-04-24T16:43:28+00:00\" \/>\n<meta property=\"og:image\" content=\"https:\/\/xenonkungen.com\/wp-content\/uploads\/2026\/01\/Small-for-web-and-ppt-PI_BATTERYstart_OJS020_cmyk_RZ.jpg\" \/>\n\t<meta property=\"og:image:width\" content=\"1024\" \/>\n\t<meta property=\"og:image:height\" content=\"1024\" \/>\n\t<meta property=\"og:image:type\" content=\"image\/jpeg\" \/>\n<meta name=\"twitter:card\" content=\"summary_large_image\" \/>\n<meta name=\"twitter:label1\" content=\"Estimeret l\u00e6setid\" \/>\n\t<meta name=\"twitter:data1\" content=\"2 minutter\" \/>\n<script type=\"application\/ld+json\" class=\"yoast-schema-graph\">{\"@context\":\"https:\/\/schema.org\",\"@graph\":[{\"@type\":\"WebPage\",\"@id\":\"https:\/\/xenonkungen.com\/produkt\/batteryjumpstart-1000-ojs020\/\",\"url\":\"https:\/\/xenonkungen.com\/produkt\/batteryjumpstart-1000-ojs020\/\",\"name\":\"BATTERYjumpstart 1000 OJS020 - Xenonkungen\",\"isPartOf\":{\"@id\":\"https:\/\/xenonkungen.com\/#website\"},\"primaryImageOfPage\":{\"@id\":\"https:\/\/xenonkungen.com\/produkt\/batteryjumpstart-1000-ojs020\/#primaryimage\"},\"image\":{\"@id\":\"https:\/\/xenonkungen.com\/produkt\/batteryjumpstart-1000-ojs020\/#primaryimage\"},\"thumbnailUrl\":\"https:\/\/xenonkungen.com\/wp-content\/uploads\/2026\/01\/Small-for-web-and-ppt-PI_BATTERYstart_OJS020_cmyk_RZ.jpg\",\"datePublished\":\"2026-01-28T14:51:54+00:00\",\"dateModified\":\"2026-04-24T16:43:28+00:00\",\"breadcrumb\":{\"@id\":\"https:\/\/xenonkungen.com\/produkt\/batteryjumpstart-1000-ojs020\/#breadcrumb\"},\"inLanguage\":\"da-DK\",\"potentialAction\":[{\"@type\":\"ReadAction\",\"target\":[\"https:\/\/xenonkungen.com\/produkt\/batteryjumpstart-1000-ojs020\/\"]}]},{\"@type\":\"ImageObject\",\"inLanguage\":\"da-DK\",\"@id\":\"https:\/\/xenonkungen.com\/produkt\/batteryjumpstart-1000-ojs020\/#primaryimage\",\"url\":\"https:\/\/xenonkungen.com\/wp-content\/uploads\/2026\/01\/Small-for-web-and-ppt-PI_BATTERYstart_OJS020_cmyk_RZ.jpg\",\"contentUrl\":\"https:\/\/xenonkungen.com\/wp-content\/uploads\/2026\/01\/Small-for-web-and-ppt-PI_BATTERYstart_OJS020_cmyk_RZ.jpg\",\"width\":1024,\"height\":1024},{\"@type\":\"BreadcrumbList\",\"@id\":\"https:\/\/xenonkungen.com\/produkt\/batteryjumpstart-1000-ojs020\/#breadcrumb\",\"itemListElement\":[{\"@type\":\"ListItem\",\"position\":1,\"name\":\"Hem\",\"item\":\"https:\/\/xenonkungen.com\/\"},{\"@type\":\"ListItem\",\"position\":2,\"name\":\"Shop\",\"item\":\"https:\/\/xenonkungen.com\/shop\/\"},{\"@type\":\"ListItem\",\"position\":3,\"name\":\"BATTERYjumpstart 1000 OJS020\"}]},{\"@type\":\"WebSite\",\"@id\":\"https:\/\/xenonkungen.com\/#website\",\"url\":\"https:\/\/xenonkungen.com\/\",\"name\":\"Xenonkungen\",\"description\":\"\",\"potentialAction\":[{\"@type\":\"SearchAction\",\"target\":{\"@type\":\"EntryPoint\",\"urlTemplate\":\"https:\/\/xenonkungen.com\/?s={search_term_string}\"},\"query-input\":{\"@type\":\"PropertyValueSpecification\",\"valueRequired\":true,\"valueName\":\"search_term_string\"}}],\"inLanguage\":\"da-DK\"}]}<\/script>\n<!-- \/ Yoast SEO plugin. -->","yoast_head_json":{"title":"BATTERI jumpstart 1000 OJS020 - Xenon-kongen","robots":{"index":"index","follow":"follow","max-snippet":"max-snippet:-1","max-image-preview":"max-image-preview:large","max-video-preview":"max-video-preview:-1"},"canonical":"https:\/\/xenonkungen.com\/dk\/vare\/batteri-jumpstart-1000-ojs020\/","og_locale":"da_DK","og_type":"article","og_title":"BATTERYjumpstart 1000 OJS020 - Xenonkungen","og_description":"Maximal starthj\u00e4lp. Full kontroll. Alltid redo. OSRAM BATTERYjumpstart 1000 \u00e4r en extremt kraftfull och s\u00e4ker starthj\u00e4lp f\u00f6r 12 V-fordon, framtagen f\u00f6r dig som vill vara f\u00f6rberedd i alla situationer. Med hela 1000 A startkraft klarar den motorer upp till 5,0 l bensin eller 2,0 l diesel, vilket g\u00f6r den idealisk f\u00f6r personbilar, transportbilar, SUV:ar och [&hellip;]","og_url":"https:\/\/xenonkungen.com\/dk\/vare\/batteri-jumpstart-1000-ojs020\/","og_site_name":"Xenonkungen","article_modified_time":"2026-04-24T16:43:28+00:00","og_image":[{"width":1024,"height":1024,"url":"https:\/\/xenonkungen.com\/wp-content\/uploads\/2026\/01\/Small-for-web-and-ppt-PI_BATTERYstart_OJS020_cmyk_RZ.jpg","type":"image\/jpeg"}],"twitter_card":"summary_large_image","twitter_misc":{"Estimeret l\u00e6setid":"2 minutter"},"schema":{"@context":"https:\/\/schema.org","@graph":[{"@type":"WebPage","@id":"https:\/\/xenonkungen.com\/produkt\/batteryjumpstart-1000-ojs020\/","url":"https:\/\/xenonkungen.com\/produkt\/batteryjumpstart-1000-ojs020\/","name":"BATTERI jumpstart 1000 OJS020 - Xenon-kongen","isPartOf":{"@id":"https:\/\/xenonkungen.com\/#website"},"primaryImageOfPage":{"@id":"https:\/\/xenonkungen.com\/produkt\/batteryjumpstart-1000-ojs020\/#primaryimage"},"image":{"@id":"https:\/\/xenonkungen.com\/produkt\/batteryjumpstart-1000-ojs020\/#primaryimage"},"thumbnailUrl":"https:\/\/xenonkungen.com\/wp-content\/uploads\/2026\/01\/Small-for-web-and-ppt-PI_BATTERYstart_OJS020_cmyk_RZ.jpg","datePublished":"2026-01-28T14:51:54+00:00","dateModified":"2026-04-24T16:43:28+00:00","breadcrumb":{"@id":"https:\/\/xenonkungen.com\/produkt\/batteryjumpstart-1000-ojs020\/#breadcrumb"},"inLanguage":"da-DK","potentialAction":[{"@type":"ReadAction","target":["https:\/\/xenonkungen.com\/produkt\/batteryjumpstart-1000-ojs020\/"]}]},{"@type":"ImageObject","inLanguage":"da-DK","@id":"https:\/\/xenonkungen.com\/produkt\/batteryjumpstart-1000-ojs020\/#primaryimage","url":"https:\/\/xenonkungen.com\/wp-content\/uploads\/2026\/01\/Small-for-web-and-ppt-PI_BATTERYstart_OJS020_cmyk_RZ.jpg","contentUrl":"https:\/\/xenonkungen.com\/wp-content\/uploads\/2026\/01\/Small-for-web-and-ppt-PI_BATTERYstart_OJS020_cmyk_RZ.jpg","width":1024,"height":1024},{"@type":"BreadcrumbList","@id":"https:\/\/xenonkungen.com\/produkt\/batteryjumpstart-1000-ojs020\/#breadcrumb","itemListElement":[{"@type":"ListItem","position":1,"name":"Hem","item":"https:\/\/xenonkungen.com\/"},{"@type":"ListItem","position":2,"name":"Shop","item":"https:\/\/xenonkungen.com\/shop\/"},{"@type":"ListItem","position":3,"name":"BATTERYjumpstart 1000 OJS020"}]},{"@type":"WebSite","@id":"https:\/\/xenonkungen.com\/#website","url":"https:\/\/xenonkungen.com\/","name":"Xenonkungen","description":"","potentialAction":[{"@type":"SearchAction","target":{"@type":"EntryPoint","urlTemplate":"https:\/\/xenonkungen.com\/?s={search_term_string}"},"query-input":{"@type":"PropertyValueSpecification","valueRequired":true,"valueName":"search_term_string"}}],"inLanguage":"da-DK"}]}},"taxonomy_info":{"product_brand":[{"value":108,"label":"OSRAM"}],"product_cat":[{"value":377,"label":"Biltillbeh\u00f6r"}],"pa_storlek-mm":[{"value":2873,"label":"254x42x94"}],"pa_volt-v":[{"value":159,"label":"12"}]},"featured_image_src_large":["https:\/\/xenonkungen.com\/wp-content\/uploads\/2026\/01\/Small-for-web-and-ppt-PI_BATTERYstart_OJS020_cmyk_RZ.jpg",1024,1024,false],"author_info":[],"comment_info":0,"_links":{"self":[{"href":"https:\/\/xenonkungen.com\/dk\/wp-json\/wp\/v2\/product\/25457","targetHints":{"allow":["GET"]}}],"collection":[{"href":"https:\/\/xenonkungen.com\/dk\/wp-json\/wp\/v2\/product"}],"about":[{"href":"https:\/\/xenonkungen.com\/dk\/wp-json\/wp\/v2\/types\/product"}],"replies":[{"embeddable":true,"href":"https:\/\/xenonkungen.com\/dk\/wp-json\/wp\/v2\/comments?post=25457"}],"wp:featuredmedia":[{"embeddable":true,"href":"https:\/\/xenonkungen.com\/dk\/wp-json\/wp\/v2\/media\/25458"}],"wp:attachment":[{"href":"https:\/\/xenonkungen.com\/dk\/wp-json\/wp\/v2\/media?parent=25457"}],"wp:term":[{"taxonomy":"anvandningsomrade","embeddable":true,"href":"https:\/\/xenonkungen.com\/dk\/wp-json\/wp\/v2\/anvandningsomrade?post=25457"},{"taxonomy":"bilmarken","embeddable":true,"href":"https:\/\/xenonkungen.com\/dk\/wp-json\/wp\/v2\/bilmarken?post=25457"},{"taxonomy":"product_brand","embeddable":true,"href":"https:\/\/xenonkungen.com\/dk\/wp-json\/wp\/v2\/product_brand?post=25457"},{"taxonomy":"product_cat","embeddable":true,"href":"https:\/\/xenonkungen.com\/dk\/wp-json\/wp\/v2\/product_cat?post=25457"},{"taxonomy":"product_tag","embeddable":true,"href":"https:\/\/xenonkungen.com\/dk\/wp-json\/wp\/v2\/product_tag?post=25457"}],"curies":[{"name":"wp","href":"https:\/\/api.w.org\/{rel}","templated":true}]}}