{"id":25558,"date":"2026-01-30T11:26:56","date_gmt":"2026-01-30T10:26:56","guid":{"rendered":"https:\/\/xenonkungen.com\/?post_type=product&#038;p=25558"},"modified":"2026-04-17T14:19:42","modified_gmt":"2026-04-17T13:19:42","slug":"ledinspect-pandelampe-87-essentiel","status":"publish","type":"product","link":"https:\/\/xenonkungen.com\/dk\/vare\/ledinspect-pandelampe-87-essentiel\/","title":{"rendered":"LEDinspect hovedlygte 87 ESSENTIAL"},"content":{"rendered":"<h3 data-start=\"122\" data-end=\"179\">Kraftig pandelampe til arbejde, fritid og sikkerhed<\/h3>\n<p data-start=\"181\" data-end=\"475\"><strong data-start=\"181\" data-end=\"257\"><span class=\"hover:entity-accent entity-underline inline cursor-pointer align-baseline\"><span class=\"whitespace-normal\">OSRAM<\/span><\/span> LEDinspect hovedlygte 87 ESSENTIAL<\/strong> er en praktisk og p\u00e5lidelig pandelampe, der giver dig fuld kontrol over lyset \u2013 lige der, hvor du har brug for det. Perfekt til arbejde i garager og v\u00e6rksteder, udend\u00f8rsaktiviteter, camping eller n\u00e5r du har brug for dine h\u00e6nder fri i m\u00f8rke omgivelser.<\/p>\n<p data-start=\"477\" data-end=\"755\">Det st\u00e6rke hvide LED-lys leverer op til <strong data-start=\"523\" data-end=\"535\">87 lumen<\/strong> med en r\u00e6kkevidde p\u00e5 hele <strong data-start=\"560\" data-end=\"572\">57 meter<\/strong>, som giver klar og fokuseret belysning selv i totalt m\u00f8rke. For ekstra sikkerhed er der ogs\u00e5 en <strong data-start=\"669\" data-end=\"690\">r\u00f8d blinkende LED<\/strong>, ideel til n\u00f8dsituationer eller n\u00e5r du har brug for at v\u00e6re tydeligt synlig.<\/p>\n<p data-start=\"757\" data-end=\"982\">Pandelampen er designet til komfort og fleksibilitet med <strong data-start=\"813\" data-end=\"837\">justerbar 90\u00b0 vinkel<\/strong>, s\u00e5 du nemt kan rette lyset derhen, hvor arbejdet kr\u00e6ver det. Med en <strong data-start=\"900\" data-end=\"933\">driftstid p\u00e5 op til 8 timer<\/strong> Du kan regne med langvarig ydeevne uden afbrydelser.<\/p>\n<p data-start=\"984\" data-end=\"1202\">Det lette og ergonomiske design g\u00f8r den behagelig at have p\u00e5 i l\u00e6ngere tid. Den leveres ogs\u00e5 komplet med <strong data-start=\"1107\" data-end=\"1128\">3 \u00d7 AAA-batterier<\/strong>, hvilket betyder, at det er <strong data-start=\"1156\" data-end=\"1201\">klar til brug direkte fra pakken<\/strong>.<\/p>\n<p data-start=\"1204\" data-end=\"1303\" data-is-last-node=\"\" data-is-only-node=\"\">Et fremragende valg for dem, der leder efter en alsidig, praktisk og p\u00e5lidelig pandelampe til hverdagsbrug.<\/p>","protected":false},"excerpt":{"rendered":"<p>Kraftfull pannlampa f\u00f6r arbete, fritid och s\u00e4kerhet OSRAM LEDinspect HEAD TORCH 87 ESSENTIAL \u00e4r en smidig och p\u00e5litlig pannlampa som ger dig full kontroll \u00f6ver ljuset \u2013 precis d\u00e4r du beh\u00f6ver det. Perfekt f\u00f6r arbete i garage och verkstad, friluftsliv, camping eller n\u00e4r du beh\u00f6ver h\u00e4nderna fria i m\u00f6rka milj\u00f6er. Det starka vita LED-ljuset levererar [&hellip;]<\/p>","protected":false},"featured_media":25563,"comment_status":"open","ping_status":"closed","template":"","meta":{"_acf_changed":false,"_smort_price_nok":"76","_smort_price_dkk":"","_smort_price_eur":"","_smort_sale_price_nok":"76","_smort_sale_price_dkk":"","_smort_sale_price_eur":"","smort_restorder":"","shipmondo_restorder":"","_kad_blocks_custom_css":"","_kad_blocks_head_custom_js":"","_kad_blocks_body_custom_js":"","_kad_blocks_footer_custom_js":"","smort_custom_pricelist_1":"60.8","smort_custom_pricelist_2":"53.2","smort_custom_pricelist_3":"49.4","smort_custom_pricelist_4":"76","smort_custom_pricelist_5":"53.2"},"anvandningsomrade":[],"bilmarken":[],"product_brand":[108],"product_cat":[1402,1277],"product_tag":[],"class_list":{"0":"post-25558","1":"product","2":"type-product","3":"status-publish","4":"has-post-thumbnail","6":"product_brand-osram","7":"product_cat-outlet","8":"product_cat-pannlampor","9":"pa_led-chips-effekt-w-2007","10":"pa_storlek-mm-61x32x45","11":"pa_volt-v-2875","13":"first","14":"onbackorder","15":"sale","16":"taxable","17":"shipping-taxable","18":"purchasable","19":"product-type-simple"},"bundled_by":[],"bundle_stock_status":"onbackorder","bundle_stock_quantity":-1,"bundle_virtual":false,"bundle_layout":"","bundle_add_to_cart_form_location":"","bundle_editable_in_cart":false,"bundle_sold_individually_context":"","bundle_item_grouping":"","bundle_min_size":"","bundle_max_size":"","bundle_price":[],"bundled_items":[],"bundle_sell_ids":[],"acf":[],"yoast_head":"<!-- This site is optimized with the Yoast SEO plugin v27.0 - https:\/\/yoast.com\/product\/yoast-seo-wordpress\/ -->\n<title>LEDinspect HEAD TORCH 87 ESSENTIAL - Xenonkungen<\/title>\n<meta name=\"robots\" content=\"index, follow, max-snippet:-1, max-image-preview:large, max-video-preview:-1\" \/>\n<link rel=\"canonical\" href=\"https:\/\/xenonkungen.com\/dk\/vare\/ledinspect-pandelampe-87-essentiel\/\" \/>\n<meta property=\"og:locale\" content=\"da_DK\" \/>\n<meta property=\"og:type\" content=\"article\" \/>\n<meta property=\"og:title\" content=\"LEDinspect HEAD TORCH 87 ESSENTIAL - Xenonkungen\" \/>\n<meta property=\"og:description\" content=\"Kraftfull pannlampa f\u00f6r arbete, fritid och s\u00e4kerhet OSRAM LEDinspect HEAD TORCH 87 ESSENTIAL \u00e4r en smidig och p\u00e5litlig pannlampa som ger dig full kontroll \u00f6ver ljuset \u2013 precis d\u00e4r du beh\u00f6ver det. Perfekt f\u00f6r arbete i garage och verkstad, friluftsliv, camping eller n\u00e4r du beh\u00f6ver h\u00e4nderna fria i m\u00f6rka milj\u00f6er. Det starka vita LED-ljuset levererar [&hellip;]\" \/>\n<meta property=\"og:url\" content=\"https:\/\/xenonkungen.com\/dk\/vare\/ledinspect-pandelampe-87-essentiel\/\" \/>\n<meta property=\"og:site_name\" content=\"Xenonkungen\" \/>\n<meta property=\"article:modified_time\" content=\"2026-04-17T13:19:42+00:00\" \/>\n<meta property=\"og:image\" content=\"https:\/\/xenonkungen.com\/wp-content\/uploads\/2026\/01\/Small-for-web-and-ppt-LEDIL433ESN_STUDIO_004.jpg\" \/>\n\t<meta property=\"og:image:width\" content=\"1024\" \/>\n\t<meta property=\"og:image:height\" content=\"1024\" \/>\n\t<meta property=\"og:image:type\" content=\"image\/jpeg\" \/>\n<meta name=\"twitter:card\" content=\"summary_large_image\" \/>\n<meta name=\"twitter:label1\" content=\"Estimeret l\u00e6setid\" \/>\n\t<meta name=\"twitter:data1\" content=\"2 minutter\" \/>\n<script type=\"application\/ld+json\" class=\"yoast-schema-graph\">{\"@context\":\"https:\/\/schema.org\",\"@graph\":[{\"@type\":\"WebPage\",\"@id\":\"https:\/\/xenonkungen.com\/produkt\/ledinspect-head-torch-87-essential\/\",\"url\":\"https:\/\/xenonkungen.com\/produkt\/ledinspect-head-torch-87-essential\/\",\"name\":\"LEDinspect HEAD TORCH 87 ESSENTIAL - Xenonkungen\",\"isPartOf\":{\"@id\":\"https:\/\/xenonkungen.com\/#website\"},\"primaryImageOfPage\":{\"@id\":\"https:\/\/xenonkungen.com\/produkt\/ledinspect-head-torch-87-essential\/#primaryimage\"},\"image\":{\"@id\":\"https:\/\/xenonkungen.com\/produkt\/ledinspect-head-torch-87-essential\/#primaryimage\"},\"thumbnailUrl\":\"https:\/\/xenonkungen.com\/wp-content\/uploads\/2026\/01\/Small-for-web-and-ppt-LEDIL433ESN_STUDIO_004.jpg\",\"datePublished\":\"2026-01-30T10:26:56+00:00\",\"dateModified\":\"2026-04-17T13:19:42+00:00\",\"breadcrumb\":{\"@id\":\"https:\/\/xenonkungen.com\/produkt\/ledinspect-head-torch-87-essential\/#breadcrumb\"},\"inLanguage\":\"da-DK\",\"potentialAction\":[{\"@type\":\"ReadAction\",\"target\":[\"https:\/\/xenonkungen.com\/produkt\/ledinspect-head-torch-87-essential\/\"]}]},{\"@type\":\"ImageObject\",\"inLanguage\":\"da-DK\",\"@id\":\"https:\/\/xenonkungen.com\/produkt\/ledinspect-head-torch-87-essential\/#primaryimage\",\"url\":\"https:\/\/xenonkungen.com\/wp-content\/uploads\/2026\/01\/Small-for-web-and-ppt-LEDIL433ESN_STUDIO_004.jpg\",\"contentUrl\":\"https:\/\/xenonkungen.com\/wp-content\/uploads\/2026\/01\/Small-for-web-and-ppt-LEDIL433ESN_STUDIO_004.jpg\",\"width\":1024,\"height\":1024},{\"@type\":\"BreadcrumbList\",\"@id\":\"https:\/\/xenonkungen.com\/produkt\/ledinspect-head-torch-87-essential\/#breadcrumb\",\"itemListElement\":[{\"@type\":\"ListItem\",\"position\":1,\"name\":\"Hem\",\"item\":\"https:\/\/xenonkungen.com\/\"},{\"@type\":\"ListItem\",\"position\":2,\"name\":\"Shop\",\"item\":\"https:\/\/xenonkungen.com\/shop\/\"},{\"@type\":\"ListItem\",\"position\":3,\"name\":\"LEDinspect HEAD TORCH 87 ESSENTIAL\"}]},{\"@type\":\"WebSite\",\"@id\":\"https:\/\/xenonkungen.com\/#website\",\"url\":\"https:\/\/xenonkungen.com\/\",\"name\":\"Xenonkungen\",\"description\":\"\",\"potentialAction\":[{\"@type\":\"SearchAction\",\"target\":{\"@type\":\"EntryPoint\",\"urlTemplate\":\"https:\/\/xenonkungen.com\/?s={search_term_string}\"},\"query-input\":{\"@type\":\"PropertyValueSpecification\",\"valueRequired\":true,\"valueName\":\"search_term_string\"}}],\"inLanguage\":\"da-DK\"}]}<\/script>\n<!-- \/ Yoast SEO plugin. -->","yoast_head_json":{"title":"LEDinspect PANDELAMPE 87 ESSENTIAL - Xenon-kongen","robots":{"index":"index","follow":"follow","max-snippet":"max-snippet:-1","max-image-preview":"max-image-preview:large","max-video-preview":"max-video-preview:-1"},"canonical":"https:\/\/xenonkungen.com\/dk\/vare\/ledinspect-pandelampe-87-essentiel\/","og_locale":"da_DK","og_type":"article","og_title":"LEDinspect HEAD TORCH 87 ESSENTIAL - Xenonkungen","og_description":"Kraftfull pannlampa f\u00f6r arbete, fritid och s\u00e4kerhet OSRAM LEDinspect HEAD TORCH 87 ESSENTIAL \u00e4r en smidig och p\u00e5litlig pannlampa som ger dig full kontroll \u00f6ver ljuset \u2013 precis d\u00e4r du beh\u00f6ver det. Perfekt f\u00f6r arbete i garage och verkstad, friluftsliv, camping eller n\u00e4r du beh\u00f6ver h\u00e4nderna fria i m\u00f6rka milj\u00f6er. Det starka vita LED-ljuset levererar [&hellip;]","og_url":"https:\/\/xenonkungen.com\/dk\/vare\/ledinspect-pandelampe-87-essentiel\/","og_site_name":"Xenonkungen","article_modified_time":"2026-04-17T13:19:42+00:00","og_image":[{"width":1024,"height":1024,"url":"https:\/\/xenonkungen.com\/wp-content\/uploads\/2026\/01\/Small-for-web-and-ppt-LEDIL433ESN_STUDIO_004.jpg","type":"image\/jpeg"}],"twitter_card":"summary_large_image","twitter_misc":{"Estimeret l\u00e6setid":"2 minutter"},"schema":{"@context":"https:\/\/schema.org","@graph":[{"@type":"WebPage","@id":"https:\/\/xenonkungen.com\/produkt\/ledinspect-head-torch-87-essential\/","url":"https:\/\/xenonkungen.com\/produkt\/ledinspect-head-torch-87-essential\/","name":"LEDinspect PANDELAMPE 87 ESSENTIAL - Xenon-kongen","isPartOf":{"@id":"https:\/\/xenonkungen.com\/#website"},"primaryImageOfPage":{"@id":"https:\/\/xenonkungen.com\/produkt\/ledinspect-head-torch-87-essential\/#primaryimage"},"image":{"@id":"https:\/\/xenonkungen.com\/produkt\/ledinspect-head-torch-87-essential\/#primaryimage"},"thumbnailUrl":"https:\/\/xenonkungen.com\/wp-content\/uploads\/2026\/01\/Small-for-web-and-ppt-LEDIL433ESN_STUDIO_004.jpg","datePublished":"2026-01-30T10:26:56+00:00","dateModified":"2026-04-17T13:19:42+00:00","breadcrumb":{"@id":"https:\/\/xenonkungen.com\/produkt\/ledinspect-head-torch-87-essential\/#breadcrumb"},"inLanguage":"da-DK","potentialAction":[{"@type":"ReadAction","target":["https:\/\/xenonkungen.com\/produkt\/ledinspect-head-torch-87-essential\/"]}]},{"@type":"ImageObject","inLanguage":"da-DK","@id":"https:\/\/xenonkungen.com\/produkt\/ledinspect-head-torch-87-essential\/#primaryimage","url":"https:\/\/xenonkungen.com\/wp-content\/uploads\/2026\/01\/Small-for-web-and-ppt-LEDIL433ESN_STUDIO_004.jpg","contentUrl":"https:\/\/xenonkungen.com\/wp-content\/uploads\/2026\/01\/Small-for-web-and-ppt-LEDIL433ESN_STUDIO_004.jpg","width":1024,"height":1024},{"@type":"BreadcrumbList","@id":"https:\/\/xenonkungen.com\/produkt\/ledinspect-head-torch-87-essential\/#breadcrumb","itemListElement":[{"@type":"ListItem","position":1,"name":"Hem","item":"https:\/\/xenonkungen.com\/"},{"@type":"ListItem","position":2,"name":"Shop","item":"https:\/\/xenonkungen.com\/shop\/"},{"@type":"ListItem","position":3,"name":"LEDinspect HEAD TORCH 87 ESSENTIAL"}]},{"@type":"WebSite","@id":"https:\/\/xenonkungen.com\/#website","url":"https:\/\/xenonkungen.com\/","name":"Xenonkungen","description":"","potentialAction":[{"@type":"SearchAction","target":{"@type":"EntryPoint","urlTemplate":"https:\/\/xenonkungen.com\/?s={search_term_string}"},"query-input":{"@type":"PropertyValueSpecification","valueRequired":true,"valueName":"search_term_string"}}],"inLanguage":"da-DK"}]}},"taxonomy_info":{"product_brand":[{"value":108,"label":"OSRAM"}],"product_cat":[{"value":1402,"label":"Outlet"},{"value":1277,"label":"Pannlampor"}],"pa_led-chips-effekt-w":[{"value":2007,"label":"1"}],"pa_storlek-mm":[{"value":2874,"label":"61x32x45"}],"pa_volt-v":[{"value":2875,"label":"1,5"}]},"featured_image_src_large":["https:\/\/xenonkungen.com\/wp-content\/uploads\/2026\/01\/Small-for-web-and-ppt-LEDIL433ESN_STUDIO_004.jpg",1024,1024,false],"author_info":[],"comment_info":0,"_links":{"self":[{"href":"https:\/\/xenonkungen.com\/dk\/wp-json\/wp\/v2\/product\/25558","targetHints":{"allow":["GET"]}}],"collection":[{"href":"https:\/\/xenonkungen.com\/dk\/wp-json\/wp\/v2\/product"}],"about":[{"href":"https:\/\/xenonkungen.com\/dk\/wp-json\/wp\/v2\/types\/product"}],"replies":[{"embeddable":true,"href":"https:\/\/xenonkungen.com\/dk\/wp-json\/wp\/v2\/comments?post=25558"}],"wp:featuredmedia":[{"embeddable":true,"href":"https:\/\/xenonkungen.com\/dk\/wp-json\/wp\/v2\/media\/25563"}],"wp:attachment":[{"href":"https:\/\/xenonkungen.com\/dk\/wp-json\/wp\/v2\/media?parent=25558"}],"wp:term":[{"taxonomy":"anvandningsomrade","embeddable":true,"href":"https:\/\/xenonkungen.com\/dk\/wp-json\/wp\/v2\/anvandningsomrade?post=25558"},{"taxonomy":"bilmarken","embeddable":true,"href":"https:\/\/xenonkungen.com\/dk\/wp-json\/wp\/v2\/bilmarken?post=25558"},{"taxonomy":"product_brand","embeddable":true,"href":"https:\/\/xenonkungen.com\/dk\/wp-json\/wp\/v2\/product_brand?post=25558"},{"taxonomy":"product_cat","embeddable":true,"href":"https:\/\/xenonkungen.com\/dk\/wp-json\/wp\/v2\/product_cat?post=25558"},{"taxonomy":"product_tag","embeddable":true,"href":"https:\/\/xenonkungen.com\/dk\/wp-json\/wp\/v2\/product_tag?post=25558"}],"curies":[{"name":"wp","href":"https:\/\/api.w.org\/{rel}","templated":true}]}}