{"id":2567,"date":"2025-04-15T08:39:12","date_gmt":"2025-04-15T08:39:12","guid":{"rendered":"https:\/\/xenonkungen.com\/product\/canbuslasare-induktiv-canbuslasare\/"},"modified":"2026-04-25T22:36:07","modified_gmt":"2026-04-25T21:36:07","slug":"canbus-laser-induktiv-canbus-laser","status":"publish","type":"product","link":"https:\/\/xenonkungen.com\/dk\/vare\/canbus-laser-induktiv-canbus-laser\/","title":{"rendered":"Canbus-l\u00e6ser Induktiv Canbus-l\u00e6ser"},"content":{"rendered":"<h1>Canbus-l\u00e6ser Induktiv Canbus-l\u00e6ser<\/h1>\n<p>Den kontaktl\u00f8se l\u00e6sermulighed g\u00f8r det muligt for CAN-busgr\u00e6nsefladen at l\u00e6se k\u00f8ret\u00f8jets CAN-busdata uden nogen metal-til-metal-forbindelse mellem gr\u00e6nsefladen og k\u00f8ret\u00f8jets CAN-bus. L\u00e6seren er fastgjort omkring en del af k\u00f8ret\u00f8jets CAN-busledninger, og dataene l\u00e6ses via en induktionsmetode, hvilket beskytter producentens garanti.<\/p>\n<p>Denne version af vores kontaktl\u00f8se l\u00e6ser fungerer p\u00e5 5V og er direkte kompatibel med vores CANNECT-gr\u00e6nseflader. Hvis du installerer et af vores CANNECT-produkter og \u00f8nsker at k\u00f8be en kontaktl\u00f8s l\u00e6ser til at arbejde med den, er dette produktet for dig.<br \/>L\u00e6serne har en st\u00e6rk l\u00e5seklemme for at holde deres position omkring CAN-kablerne. CAN-kablerne skal f\u00f8rst rettes et kort stykke ud, og HI-LO-kablerne skal identificeres og placeres i de tilsvarende kanaler i l\u00e6seren, f\u00f8r l\u00e6serhuset kan lukkes over ledningen.<\/p>\n<p>Dette produkt er forudforbundet med et M8-fjernlysstik, der nemt kan tilsluttes M8-fjernlysenheden.<\/p>","protected":false},"excerpt":{"rendered":"<p>Canbusl\u00e4sare Induktiv Canbusl\u00e4sare Alternativet Kontaktfri l\u00e4sare g\u00f6r att CAN Bus-gr\u00e4nssnittet kan l\u00e4sa fordons CAN-bussdata utan n\u00e5gon metallisk metallanslutning mellan gr\u00e4nssnittet och fordonets CAN-buss. L\u00e4saren \u00e4r s\u00e4krad kring en del av fordonets CAN Bus-kabeldragning och data l\u00e4ses av en induktionsmetod, vilket skyddar tillverkarens garanti. Den h\u00e4r versionen av v\u00e5r kontaktl\u00f6sa l\u00e4sare fungerar p\u00e5 5v och \u00e4r [&hellip;]<\/p>","protected":false},"featured_media":2568,"comment_status":"closed","ping_status":"open","template":"","meta":{"_acf_changed":false,"_smort_price_nok":"956","_smort_price_dkk":"607","_smort_price_eur":"81.36","_smort_sale_price_nok":"","_smort_sale_price_dkk":"","_smort_sale_price_eur":"","smort_restorder":"","shipmondo_restorder":"","_kad_blocks_custom_css":"","_kad_blocks_head_custom_js":"","_kad_blocks_body_custom_js":"","_kad_blocks_footer_custom_js":"","smort_custom_pricelist_1":"644.4","smort_custom_pricelist_2":"600","smort_custom_pricelist_3":"570","smort_custom_pricelist_4":"716","smort_custom_pricelist_5":"600"},"anvandningsomrade":[],"bilmarken":[],"product_brand":[117],"product_cat":[2487,2841,477,390],"product_tag":[],"class_list":{"0":"post-2567","1":"product","2":"type-product","3":"status-publish","4":"has-post-thumbnail","6":"product_brand-xenonkungen","7":"product_cat-canbus-installation","8":"product_cat-installation-extraljus","9":"product_cat-canbus-emc","10":"product_cat-installation","12":"first","13":"instock","14":"taxable","15":"shipping-taxable","16":"purchasable","17":"product-type-simple"},"bundled_by":[],"bundle_stock_status":"instock","bundle_stock_quantity":3,"bundle_virtual":false,"bundle_layout":"","bundle_add_to_cart_form_location":"","bundle_editable_in_cart":false,"bundle_sold_individually_context":"","bundle_item_grouping":"","bundle_min_size":"","bundle_max_size":"","bundle_price":[],"bundled_items":[],"bundle_sell_ids":[],"acf":[],"yoast_head":"<!-- This site is optimized with the Yoast SEO plugin v27.0 - https:\/\/yoast.com\/product\/yoast-seo-wordpress\/ -->\n<title>Canbusl\u00e4sare Induktiv Canbusl\u00e4sare - Xenonkungen<\/title>\n<meta name=\"robots\" content=\"index, follow, max-snippet:-1, max-image-preview:large, max-video-preview:-1\" \/>\n<link rel=\"canonical\" href=\"https:\/\/xenonkungen.com\/dk\/vare\/canbus-laser-induktiv-canbus-laser\/\" \/>\n<meta property=\"og:locale\" content=\"da_DK\" \/>\n<meta property=\"og:type\" content=\"article\" \/>\n<meta property=\"og:title\" content=\"Canbusl\u00e4sare Induktiv Canbusl\u00e4sare - Xenonkungen\" \/>\n<meta property=\"og:description\" content=\"Canbusl\u00e4sare Induktiv Canbusl\u00e4sare Alternativet Kontaktfri l\u00e4sare g\u00f6r att CAN Bus-gr\u00e4nssnittet kan l\u00e4sa fordons CAN-bussdata utan n\u00e5gon metallisk metallanslutning mellan gr\u00e4nssnittet och fordonets CAN-buss. L\u00e4saren \u00e4r s\u00e4krad kring en del av fordonets CAN Bus-kabeldragning och data l\u00e4ses av en induktionsmetod, vilket skyddar tillverkarens garanti. Den h\u00e4r versionen av v\u00e5r kontaktl\u00f6sa l\u00e4sare fungerar p\u00e5 5v och \u00e4r [&hellip;]\" \/>\n<meta property=\"og:url\" content=\"https:\/\/xenonkungen.com\/dk\/vare\/canbus-laser-induktiv-canbus-laser\/\" \/>\n<meta property=\"og:site_name\" content=\"Xenonkungen\" \/>\n<meta property=\"article:modified_time\" content=\"2026-04-25T21:36:07+00:00\" \/>\n<meta property=\"og:image\" content=\"https:\/\/xenonkungen.com\/wp-content\/uploads\/2025\/04\/178844711-origpic-66b004.png\" \/>\n\t<meta property=\"og:image:width\" content=\"1000\" \/>\n\t<meta property=\"og:image:height\" content=\"1000\" \/>\n\t<meta property=\"og:image:type\" content=\"image\/png\" \/>\n<meta name=\"twitter:card\" content=\"summary_large_image\" \/>\n<meta name=\"twitter:label1\" content=\"Estimeret l\u00e6setid\" \/>\n\t<meta name=\"twitter:data1\" content=\"1 minut\" \/>\n<script type=\"application\/ld+json\" class=\"yoast-schema-graph\">{\"@context\":\"https:\/\/schema.org\",\"@graph\":[{\"@type\":\"WebPage\",\"@id\":\"https:\/\/xenonkungen.com\/produkt\/canbuslasare-induktiv-canbuslasare\/\",\"url\":\"https:\/\/xenonkungen.com\/produkt\/canbuslasare-induktiv-canbuslasare\/\",\"name\":\"Canbusl\u00e4sare Induktiv Canbusl\u00e4sare - Xenonkungen\",\"isPartOf\":{\"@id\":\"https:\/\/xenonkungen.com\/#website\"},\"primaryImageOfPage\":{\"@id\":\"https:\/\/xenonkungen.com\/produkt\/canbuslasare-induktiv-canbuslasare\/#primaryimage\"},\"image\":{\"@id\":\"https:\/\/xenonkungen.com\/produkt\/canbuslasare-induktiv-canbuslasare\/#primaryimage\"},\"thumbnailUrl\":\"https:\/\/xenonkungen.com\/wp-content\/uploads\/2025\/04\/178844711-origpic-66b004.png\",\"datePublished\":\"2025-04-15T08:39:12+00:00\",\"dateModified\":\"2026-04-25T21:36:07+00:00\",\"breadcrumb\":{\"@id\":\"https:\/\/xenonkungen.com\/produkt\/canbuslasare-induktiv-canbuslasare\/#breadcrumb\"},\"inLanguage\":\"da-DK\",\"potentialAction\":[{\"@type\":\"ReadAction\",\"target\":[\"https:\/\/xenonkungen.com\/produkt\/canbuslasare-induktiv-canbuslasare\/\"]}]},{\"@type\":\"ImageObject\",\"inLanguage\":\"da-DK\",\"@id\":\"https:\/\/xenonkungen.com\/produkt\/canbuslasare-induktiv-canbuslasare\/#primaryimage\",\"url\":\"https:\/\/xenonkungen.com\/wp-content\/uploads\/2025\/04\/178844711-origpic-66b004.png\",\"contentUrl\":\"https:\/\/xenonkungen.com\/wp-content\/uploads\/2025\/04\/178844711-origpic-66b004.png\",\"width\":1000,\"height\":1000},{\"@type\":\"BreadcrumbList\",\"@id\":\"https:\/\/xenonkungen.com\/produkt\/canbuslasare-induktiv-canbuslasare\/#breadcrumb\",\"itemListElement\":[{\"@type\":\"ListItem\",\"position\":1,\"name\":\"Hem\",\"item\":\"https:\/\/xenonkungen.com\/\"},{\"@type\":\"ListItem\",\"position\":2,\"name\":\"Shop\",\"item\":\"https:\/\/xenonkungen.com\/shop\/\"},{\"@type\":\"ListItem\",\"position\":3,\"name\":\"Canbusl\u00e4sare Induktiv Canbusl\u00e4sare\"}]},{\"@type\":\"WebSite\",\"@id\":\"https:\/\/xenonkungen.com\/#website\",\"url\":\"https:\/\/xenonkungen.com\/\",\"name\":\"Xenonkungen\",\"description\":\"\",\"potentialAction\":[{\"@type\":\"SearchAction\",\"target\":{\"@type\":\"EntryPoint\",\"urlTemplate\":\"https:\/\/xenonkungen.com\/?s={search_term_string}\"},\"query-input\":{\"@type\":\"PropertyValueSpecification\",\"valueRequired\":true,\"valueName\":\"search_term_string\"}}],\"inLanguage\":\"da-DK\"}]}<\/script>\n<!-- \/ Yoast SEO plugin. -->","yoast_head_json":{"title":"Canbus-l\u00e6ser Induktiv Canbus-l\u00e6ser - Xenonkungen","robots":{"index":"index","follow":"follow","max-snippet":"max-snippet:-1","max-image-preview":"max-image-preview:large","max-video-preview":"max-video-preview:-1"},"canonical":"https:\/\/xenonkungen.com\/dk\/vare\/canbus-laser-induktiv-canbus-laser\/","og_locale":"da_DK","og_type":"article","og_title":"Canbusl\u00e4sare Induktiv Canbusl\u00e4sare - Xenonkungen","og_description":"Canbusl\u00e4sare Induktiv Canbusl\u00e4sare Alternativet Kontaktfri l\u00e4sare g\u00f6r att CAN Bus-gr\u00e4nssnittet kan l\u00e4sa fordons CAN-bussdata utan n\u00e5gon metallisk metallanslutning mellan gr\u00e4nssnittet och fordonets CAN-buss. L\u00e4saren \u00e4r s\u00e4krad kring en del av fordonets CAN Bus-kabeldragning och data l\u00e4ses av en induktionsmetod, vilket skyddar tillverkarens garanti. Den h\u00e4r versionen av v\u00e5r kontaktl\u00f6sa l\u00e4sare fungerar p\u00e5 5v och \u00e4r [&hellip;]","og_url":"https:\/\/xenonkungen.com\/dk\/vare\/canbus-laser-induktiv-canbus-laser\/","og_site_name":"Xenonkungen","article_modified_time":"2026-04-25T21:36:07+00:00","og_image":[{"width":1000,"height":1000,"url":"https:\/\/xenonkungen.com\/wp-content\/uploads\/2025\/04\/178844711-origpic-66b004.png","type":"image\/png"}],"twitter_card":"summary_large_image","twitter_misc":{"Estimeret l\u00e6setid":"1 minut"},"schema":{"@context":"https:\/\/schema.org","@graph":[{"@type":"WebPage","@id":"https:\/\/xenonkungen.com\/produkt\/canbuslasare-induktiv-canbuslasare\/","url":"https:\/\/xenonkungen.com\/produkt\/canbuslasare-induktiv-canbuslasare\/","name":"Canbus-l\u00e6ser Induktiv Canbus-l\u00e6ser - Xenonkungen","isPartOf":{"@id":"https:\/\/xenonkungen.com\/#website"},"primaryImageOfPage":{"@id":"https:\/\/xenonkungen.com\/produkt\/canbuslasare-induktiv-canbuslasare\/#primaryimage"},"image":{"@id":"https:\/\/xenonkungen.com\/produkt\/canbuslasare-induktiv-canbuslasare\/#primaryimage"},"thumbnailUrl":"https:\/\/xenonkungen.com\/wp-content\/uploads\/2025\/04\/178844711-origpic-66b004.png","datePublished":"2025-04-15T08:39:12+00:00","dateModified":"2026-04-25T21:36:07+00:00","breadcrumb":{"@id":"https:\/\/xenonkungen.com\/produkt\/canbuslasare-induktiv-canbuslasare\/#breadcrumb"},"inLanguage":"da-DK","potentialAction":[{"@type":"ReadAction","target":["https:\/\/xenonkungen.com\/produkt\/canbuslasare-induktiv-canbuslasare\/"]}]},{"@type":"ImageObject","inLanguage":"da-DK","@id":"https:\/\/xenonkungen.com\/produkt\/canbuslasare-induktiv-canbuslasare\/#primaryimage","url":"https:\/\/xenonkungen.com\/wp-content\/uploads\/2025\/04\/178844711-origpic-66b004.png","contentUrl":"https:\/\/xenonkungen.com\/wp-content\/uploads\/2025\/04\/178844711-origpic-66b004.png","width":1000,"height":1000},{"@type":"BreadcrumbList","@id":"https:\/\/xenonkungen.com\/produkt\/canbuslasare-induktiv-canbuslasare\/#breadcrumb","itemListElement":[{"@type":"ListItem","position":1,"name":"Hem","item":"https:\/\/xenonkungen.com\/"},{"@type":"ListItem","position":2,"name":"Shop","item":"https:\/\/xenonkungen.com\/shop\/"},{"@type":"ListItem","position":3,"name":"Canbusl\u00e4sare Induktiv Canbusl\u00e4sare"}]},{"@type":"WebSite","@id":"https:\/\/xenonkungen.com\/#website","url":"https:\/\/xenonkungen.com\/","name":"Xenonkungen","description":"","potentialAction":[{"@type":"SearchAction","target":{"@type":"EntryPoint","urlTemplate":"https:\/\/xenonkungen.com\/?s={search_term_string}"},"query-input":{"@type":"PropertyValueSpecification","valueRequired":true,"valueName":"search_term_string"}}],"inLanguage":"da-DK"}]}},"taxonomy_info":{"product_brand":[{"value":117,"label":"Xenonkungen"}],"product_cat":[{"value":2487,"label":"Canbus"},{"value":2841,"label":"Installation extraljus"},{"value":477,"label":"Canbus | EMC"},{"value":390,"label":"Installation"}]},"featured_image_src_large":["https:\/\/xenonkungen.com\/wp-content\/uploads\/2025\/04\/178844711-origpic-66b004.png",1000,1000,false],"author_info":[],"comment_info":0,"_links":{"self":[{"href":"https:\/\/xenonkungen.com\/dk\/wp-json\/wp\/v2\/product\/2567","targetHints":{"allow":["GET"]}}],"collection":[{"href":"https:\/\/xenonkungen.com\/dk\/wp-json\/wp\/v2\/product"}],"about":[{"href":"https:\/\/xenonkungen.com\/dk\/wp-json\/wp\/v2\/types\/product"}],"replies":[{"embeddable":true,"href":"https:\/\/xenonkungen.com\/dk\/wp-json\/wp\/v2\/comments?post=2567"}],"wp:featuredmedia":[{"embeddable":true,"href":"https:\/\/xenonkungen.com\/dk\/wp-json\/wp\/v2\/media\/2568"}],"wp:attachment":[{"href":"https:\/\/xenonkungen.com\/dk\/wp-json\/wp\/v2\/media?parent=2567"}],"wp:term":[{"taxonomy":"anvandningsomrade","embeddable":true,"href":"https:\/\/xenonkungen.com\/dk\/wp-json\/wp\/v2\/anvandningsomrade?post=2567"},{"taxonomy":"bilmarken","embeddable":true,"href":"https:\/\/xenonkungen.com\/dk\/wp-json\/wp\/v2\/bilmarken?post=2567"},{"taxonomy":"product_brand","embeddable":true,"href":"https:\/\/xenonkungen.com\/dk\/wp-json\/wp\/v2\/product_brand?post=2567"},{"taxonomy":"product_cat","embeddable":true,"href":"https:\/\/xenonkungen.com\/dk\/wp-json\/wp\/v2\/product_cat?post=2567"},{"taxonomy":"product_tag","embeddable":true,"href":"https:\/\/xenonkungen.com\/dk\/wp-json\/wp\/v2\/product_tag?post=2567"}],"curies":[{"name":"wp","href":"https:\/\/api.w.org\/{rel}","templated":true}]}}