{"id":25726,"date":"2026-02-02T12:03:04","date_gmt":"2026-02-02T11:03:04","guid":{"rendered":"https:\/\/xenonkungen.com\/?post_type=product&#038;p=25726"},"modified":"2026-02-02T12:15:13","modified_gmt":"2026-02-02T11:15:13","slug":"osram-startkabel-200a-taske","status":"publish","type":"product","link":"https:\/\/xenonkungen.com\/dk\/vare\/osram-startkabel-200a-taske\/","title":{"rendered":"OSRAM STARTERkabel 200A (POSE)"},"content":{"rendered":"<h2 data-start=\"127\" data-end=\"185\">Klassiske starthj\u00e6lpemidler \u2013 kraftfuld starthj\u00e6lp fra OSRAM<\/h2>\n<p data-start=\"187\" data-end=\"480\">Med <strong data-start=\"191\" data-end=\"276\"><span class=\"hover:entity-accent entity-underline inline cursor-pointer align-baseline\"><span class=\"whitespace-normal\">OSRAM<\/span><\/span> BATTERIstart PROFESSIONEL STARTERkabel 200A<\/strong> Du f\u00e5r en p\u00e5lidelig og effektiv l\u00f8sning, n\u00e5r batteriet ikke er nok. Startkablerne er designet til begge dele <strong data-start=\"385\" data-end=\"419\">professionel og privat brug<\/strong> og passer til motorcykler, personbiler og lette erhvervsk\u00f8ret\u00f8jer.<\/p>\n<p data-start=\"482\" data-end=\"869\">Kablerne er lavet af <strong data-start=\"509\" data-end=\"535\">kobberbelagt aluminium<\/strong>, hvilket giver lav modstand og en j\u00e6vn, effektiv kraftoverf\u00f8rsel mellem k\u00f8ret\u00f8jerne. Med en l\u00e6ngde p\u00e5 <strong data-start=\"633\" data-end=\"644\">3 meter<\/strong> og et kabelomr\u00e5de p\u00e5 <strong data-start=\"665\" data-end=\"676\">8,5 mm\u00b2<\/strong> De kan starte benzinmotorer op til <strong data-start=\"721\" data-end=\"734\">2,0 liter<\/strong>Kablerne h\u00e5ndterer en <strong data-start=\"757\" data-end=\"779\">spidsstr\u00f8m p\u00e5 200 A<\/strong> og en <strong data-start=\"787\" data-end=\"818\">kontinuerlig str\u00f8m p\u00e5 100 A<\/strong>, og kan bruges p\u00e5 begge <strong data-start=\"845\" data-end=\"861\">6V og 12V<\/strong>-system.<\/p>\n<p data-start=\"871\" data-end=\"1258\">Den fleksible, men holdbare <strong data-start=\"899\" data-end=\"918\">PVC-isoleringen<\/strong> beskytter kablerne under daglig brug, mens <strong data-start=\"965\" data-end=\"998\">isolerede klemmer og h\u00e5ndtag<\/strong> giver \u00f8get sikkerhed. De <strong data-start=\"1021\" data-end=\"1058\">farvekodede kabler og terminaler<\/strong> reducerer risikoen for forkert tilslutning og g\u00f8r brugen enkel og sikker. Startkablerne leveres i en <strong data-start=\"1178\" data-end=\"1206\">praktisk opbevaringstaske<\/strong> hvor instruktionsmanualen altid er let tilg\u00e6ngelig.<\/p>\n<h3 data-start=\"1260\" data-end=\"1282\">Vigtige funktioner<\/h3>\n<ul data-start=\"1283\" data-end=\"1633\">\n<li data-start=\"1283\" data-end=\"1333\">\n<p data-start=\"1285\" data-end=\"1333\">Startkabler til professionel og privat brug<\/p>\n<\/li>\n<li data-start=\"1334\" data-end=\"1389\">\n<p data-start=\"1336\" data-end=\"1389\">Kobberbekl\u00e6dt aluminium for effektiv kraftoverf\u00f8rsel<\/p>\n<\/li>\n<li data-start=\"1390\" data-end=\"1425\">\n<p data-start=\"1392\" data-end=\"1425\">3 m l\u00e6ngde og 8,5 mm\u00b2 kabeltv\u00e6rsnit<\/p>\n<\/li>\n<li data-start=\"1426\" data-end=\"1454\">\n<p data-start=\"1428\" data-end=\"1454\">Op til 200 A spidsstr\u00f8m<\/p>\n<\/li>\n<li data-start=\"1455\" data-end=\"1494\">\n<p data-start=\"1457\" data-end=\"1494\">Passer til benzinmotorer op til 2,0 l<\/p>\n<\/li>\n<li data-start=\"1495\" data-end=\"1522\">\n<p data-start=\"1497\" data-end=\"1522\">Til 6 V og 12 V systemer<\/p>\n<\/li>\n<li data-start=\"1523\" data-end=\"1568\">\n<p data-start=\"1525\" data-end=\"1568\">Isolerede, farvekodede klemmer og h\u00e5ndtag<\/p>\n<\/li>\n<li data-start=\"1569\" data-end=\"1602\">\n<p data-start=\"1571\" data-end=\"1602\">Leveres med opbevaringstaske<\/p>\n<\/li>\n<li data-start=\"1603\" data-end=\"1633\">\n<p data-start=\"1605\" data-end=\"1633\"><strong data-start=\"1605\" data-end=\"1633\">2 \u00e5rs garanti fra OSRAM<\/strong><\/p>\n<\/li>\n<\/ul>\n<p data-start=\"1635\" data-end=\"1749\"><strong data-start=\"1635\" data-end=\"1742\">OSRAM BATTERYstart PROFESSIONEL STARTERKABEL 200A \u2013 ekstra kraft og sikkerhed, n\u00e5r du har brug for starthj\u00e6lp.<\/strong><\/p>","protected":false},"excerpt":{"rendered":"<p>Klassiska startkablar \u2013 kraftfull starthj\u00e4lp fr\u00e5n OSRAM Med OSRAM BATTERYstart PROFESSIONAL STARTERcable 200A f\u00e5r du en p\u00e5litlig och effektiv l\u00f6sning n\u00e4r batteriet inte r\u00e4cker till. Startkablarna \u00e4r framtagna f\u00f6r b\u00e5de professionellt och privat bruk och passar motorcyklar, personbilar och l\u00e4ttare nyttofordon. Kablarna \u00e4r tillverkade av kopparbelagd aluminium, vilket ger l\u00e5gt motst\u00e5nd och en j\u00e4mn, effektiv [&hellip;]<\/p>","protected":false},"featured_media":25730,"comment_status":"open","ping_status":"closed","template":"","meta":{"_acf_changed":false,"_smort_price_nok":"208","_smort_price_dkk":"","_smort_price_eur":"","_smort_sale_price_nok":"","_smort_sale_price_dkk":"","_smort_sale_price_eur":"","smort_restorder":"","shipmondo_restorder":"","_kad_blocks_custom_css":"","_kad_blocks_head_custom_js":"","_kad_blocks_body_custom_js":"","_kad_blocks_footer_custom_js":"","smort_custom_pricelist_1":"124.8","smort_custom_pricelist_2":"109.2","smort_custom_pricelist_3":"101.4","smort_custom_pricelist_4":"156","smort_custom_pricelist_5":"109.2"},"anvandningsomrade":[],"bilmarken":[],"product_brand":[108],"product_cat":[377],"product_tag":[],"class_list":{"0":"post-25726","1":"product","2":"type-product","3":"status-publish","4":"has-post-thumbnail","6":"product_brand-osram","7":"product_cat-biltillbehor","9":"first","10":"onbackorder","11":"taxable","12":"shipping-taxable","13":"purchasable","14":"product-type-simple"},"bundled_by":[],"bundle_stock_status":"onbackorder","bundle_stock_quantity":0,"bundle_virtual":false,"bundle_layout":"","bundle_add_to_cart_form_location":"","bundle_editable_in_cart":false,"bundle_sold_individually_context":"","bundle_item_grouping":"","bundle_min_size":"","bundle_max_size":"","bundle_price":[],"bundled_items":[],"bundle_sell_ids":[],"acf":[],"yoast_head":"<!-- This site is optimized with the Yoast SEO plugin v27.0 - https:\/\/yoast.com\/product\/yoast-seo-wordpress\/ -->\n<title>OSRAM STARTERcable 200A (BAG) - Xenonkungen<\/title>\n<meta name=\"robots\" content=\"index, follow, max-snippet:-1, max-image-preview:large, max-video-preview:-1\" \/>\n<link rel=\"canonical\" href=\"https:\/\/xenonkungen.com\/dk\/vare\/osram-startkabel-200a-taske\/\" \/>\n<meta property=\"og:locale\" content=\"da_DK\" \/>\n<meta property=\"og:type\" content=\"article\" \/>\n<meta property=\"og:title\" content=\"OSRAM STARTERcable 200A (BAG) - Xenonkungen\" \/>\n<meta property=\"og:description\" content=\"Klassiska startkablar \u2013 kraftfull starthj\u00e4lp fr\u00e5n OSRAM Med OSRAM BATTERYstart PROFESSIONAL STARTERcable 200A f\u00e5r du en p\u00e5litlig och effektiv l\u00f6sning n\u00e4r batteriet inte r\u00e4cker till. Startkablarna \u00e4r framtagna f\u00f6r b\u00e5de professionellt och privat bruk och passar motorcyklar, personbilar och l\u00e4ttare nyttofordon. Kablarna \u00e4r tillverkade av kopparbelagd aluminium, vilket ger l\u00e5gt motst\u00e5nd och en j\u00e4mn, effektiv [&hellip;]\" \/>\n<meta property=\"og:url\" content=\"https:\/\/xenonkungen.com\/dk\/vare\/osram-startkabel-200a-taske\/\" \/>\n<meta property=\"og:site_name\" content=\"Xenonkungen\" \/>\n<meta property=\"article:modified_time\" content=\"2026-02-02T11:15:13+00:00\" \/>\n<meta property=\"og:image\" content=\"https:\/\/xenonkungen.com\/wp-content\/uploads\/2026\/02\/Small-for-web-and-ppt-PI_ARF-2021-01598_BATTERYstart_STARTER_CABLE_200A_OSC101.jpg\" \/>\n\t<meta property=\"og:image:width\" content=\"1024\" \/>\n\t<meta property=\"og:image:height\" content=\"1024\" \/>\n\t<meta property=\"og:image:type\" content=\"image\/jpeg\" \/>\n<meta name=\"twitter:card\" content=\"summary_large_image\" \/>\n<meta name=\"twitter:label1\" content=\"Estimeret l\u00e6setid\" \/>\n\t<meta name=\"twitter:data1\" content=\"2 minutter\" \/>\n<script type=\"application\/ld+json\" class=\"yoast-schema-graph\">{\"@context\":\"https:\/\/schema.org\",\"@graph\":[{\"@type\":\"WebPage\",\"@id\":\"https:\/\/xenonkungen.com\/produkt\/osram-startercable-200a-bag\/\",\"url\":\"https:\/\/xenonkungen.com\/produkt\/osram-startercable-200a-bag\/\",\"name\":\"OSRAM STARTERcable 200A (BAG) - Xenonkungen\",\"isPartOf\":{\"@id\":\"https:\/\/xenonkungen.com\/#website\"},\"primaryImageOfPage\":{\"@id\":\"https:\/\/xenonkungen.com\/produkt\/osram-startercable-200a-bag\/#primaryimage\"},\"image\":{\"@id\":\"https:\/\/xenonkungen.com\/produkt\/osram-startercable-200a-bag\/#primaryimage\"},\"thumbnailUrl\":\"https:\/\/xenonkungen.com\/wp-content\/uploads\/2026\/02\/Small-for-web-and-ppt-PI_ARF-2021-01598_BATTERYstart_STARTER_CABLE_200A_OSC101.jpg\",\"datePublished\":\"2026-02-02T11:03:04+00:00\",\"dateModified\":\"2026-02-02T11:15:13+00:00\",\"breadcrumb\":{\"@id\":\"https:\/\/xenonkungen.com\/produkt\/osram-startercable-200a-bag\/#breadcrumb\"},\"inLanguage\":\"da-DK\",\"potentialAction\":[{\"@type\":\"ReadAction\",\"target\":[\"https:\/\/xenonkungen.com\/produkt\/osram-startercable-200a-bag\/\"]}]},{\"@type\":\"ImageObject\",\"inLanguage\":\"da-DK\",\"@id\":\"https:\/\/xenonkungen.com\/produkt\/osram-startercable-200a-bag\/#primaryimage\",\"url\":\"https:\/\/xenonkungen.com\/wp-content\/uploads\/2026\/02\/Small-for-web-and-ppt-PI_ARF-2021-01598_BATTERYstart_STARTER_CABLE_200A_OSC101.jpg\",\"contentUrl\":\"https:\/\/xenonkungen.com\/wp-content\/uploads\/2026\/02\/Small-for-web-and-ppt-PI_ARF-2021-01598_BATTERYstart_STARTER_CABLE_200A_OSC101.jpg\",\"width\":1024,\"height\":1024},{\"@type\":\"BreadcrumbList\",\"@id\":\"https:\/\/xenonkungen.com\/produkt\/osram-startercable-200a-bag\/#breadcrumb\",\"itemListElement\":[{\"@type\":\"ListItem\",\"position\":1,\"name\":\"Hem\",\"item\":\"https:\/\/xenonkungen.com\/\"},{\"@type\":\"ListItem\",\"position\":2,\"name\":\"Shop\",\"item\":\"https:\/\/xenonkungen.com\/shop\/\"},{\"@type\":\"ListItem\",\"position\":3,\"name\":\"OSRAM STARTERcable 200A (BAG)\"}]},{\"@type\":\"WebSite\",\"@id\":\"https:\/\/xenonkungen.com\/#website\",\"url\":\"https:\/\/xenonkungen.com\/\",\"name\":\"Xenonkungen\",\"description\":\"\",\"potentialAction\":[{\"@type\":\"SearchAction\",\"target\":{\"@type\":\"EntryPoint\",\"urlTemplate\":\"https:\/\/xenonkungen.com\/?s={search_term_string}\"},\"query-input\":{\"@type\":\"PropertyValueSpecification\",\"valueRequired\":true,\"valueName\":\"search_term_string\"}}],\"inLanguage\":\"da-DK\"}]}<\/script>\n<!-- \/ Yoast SEO plugin. -->","yoast_head_json":{"title":"OSRAM STARTERkabel 200A (POSE) - Xenon-kongen","robots":{"index":"index","follow":"follow","max-snippet":"max-snippet:-1","max-image-preview":"max-image-preview:large","max-video-preview":"max-video-preview:-1"},"canonical":"https:\/\/xenonkungen.com\/dk\/vare\/osram-startkabel-200a-taske\/","og_locale":"da_DK","og_type":"article","og_title":"OSRAM STARTERcable 200A (BAG) - Xenonkungen","og_description":"Klassiska startkablar \u2013 kraftfull starthj\u00e4lp fr\u00e5n OSRAM Med OSRAM BATTERYstart PROFESSIONAL STARTERcable 200A f\u00e5r du en p\u00e5litlig och effektiv l\u00f6sning n\u00e4r batteriet inte r\u00e4cker till. Startkablarna \u00e4r framtagna f\u00f6r b\u00e5de professionellt och privat bruk och passar motorcyklar, personbilar och l\u00e4ttare nyttofordon. Kablarna \u00e4r tillverkade av kopparbelagd aluminium, vilket ger l\u00e5gt motst\u00e5nd och en j\u00e4mn, effektiv [&hellip;]","og_url":"https:\/\/xenonkungen.com\/dk\/vare\/osram-startkabel-200a-taske\/","og_site_name":"Xenonkungen","article_modified_time":"2026-02-02T11:15:13+00:00","og_image":[{"width":1024,"height":1024,"url":"https:\/\/xenonkungen.com\/wp-content\/uploads\/2026\/02\/Small-for-web-and-ppt-PI_ARF-2021-01598_BATTERYstart_STARTER_CABLE_200A_OSC101.jpg","type":"image\/jpeg"}],"twitter_card":"summary_large_image","twitter_misc":{"Estimeret l\u00e6setid":"2 minutter"},"schema":{"@context":"https:\/\/schema.org","@graph":[{"@type":"WebPage","@id":"https:\/\/xenonkungen.com\/produkt\/osram-startercable-200a-bag\/","url":"https:\/\/xenonkungen.com\/produkt\/osram-startercable-200a-bag\/","name":"OSRAM STARTERkabel 200A (POSE) - Xenon-kongen","isPartOf":{"@id":"https:\/\/xenonkungen.com\/#website"},"primaryImageOfPage":{"@id":"https:\/\/xenonkungen.com\/produkt\/osram-startercable-200a-bag\/#primaryimage"},"image":{"@id":"https:\/\/xenonkungen.com\/produkt\/osram-startercable-200a-bag\/#primaryimage"},"thumbnailUrl":"https:\/\/xenonkungen.com\/wp-content\/uploads\/2026\/02\/Small-for-web-and-ppt-PI_ARF-2021-01598_BATTERYstart_STARTER_CABLE_200A_OSC101.jpg","datePublished":"2026-02-02T11:03:04+00:00","dateModified":"2026-02-02T11:15:13+00:00","breadcrumb":{"@id":"https:\/\/xenonkungen.com\/produkt\/osram-startercable-200a-bag\/#breadcrumb"},"inLanguage":"da-DK","potentialAction":[{"@type":"ReadAction","target":["https:\/\/xenonkungen.com\/produkt\/osram-startercable-200a-bag\/"]}]},{"@type":"ImageObject","inLanguage":"da-DK","@id":"https:\/\/xenonkungen.com\/produkt\/osram-startercable-200a-bag\/#primaryimage","url":"https:\/\/xenonkungen.com\/wp-content\/uploads\/2026\/02\/Small-for-web-and-ppt-PI_ARF-2021-01598_BATTERYstart_STARTER_CABLE_200A_OSC101.jpg","contentUrl":"https:\/\/xenonkungen.com\/wp-content\/uploads\/2026\/02\/Small-for-web-and-ppt-PI_ARF-2021-01598_BATTERYstart_STARTER_CABLE_200A_OSC101.jpg","width":1024,"height":1024},{"@type":"BreadcrumbList","@id":"https:\/\/xenonkungen.com\/produkt\/osram-startercable-200a-bag\/#breadcrumb","itemListElement":[{"@type":"ListItem","position":1,"name":"Hem","item":"https:\/\/xenonkungen.com\/"},{"@type":"ListItem","position":2,"name":"Shop","item":"https:\/\/xenonkungen.com\/shop\/"},{"@type":"ListItem","position":3,"name":"OSRAM STARTERcable 200A (BAG)"}]},{"@type":"WebSite","@id":"https:\/\/xenonkungen.com\/#website","url":"https:\/\/xenonkungen.com\/","name":"Xenonkungen","description":"","potentialAction":[{"@type":"SearchAction","target":{"@type":"EntryPoint","urlTemplate":"https:\/\/xenonkungen.com\/?s={search_term_string}"},"query-input":{"@type":"PropertyValueSpecification","valueRequired":true,"valueName":"search_term_string"}}],"inLanguage":"da-DK"}]}},"taxonomy_info":{"product_brand":[{"value":108,"label":"OSRAM"}],"product_cat":[{"value":377,"label":"Biltillbeh\u00f6r"}]},"featured_image_src_large":["https:\/\/xenonkungen.com\/wp-content\/uploads\/2026\/02\/Small-for-web-and-ppt-PI_ARF-2021-01598_BATTERYstart_STARTER_CABLE_200A_OSC101.jpg",1024,1024,false],"author_info":[],"comment_info":0,"_links":{"self":[{"href":"https:\/\/xenonkungen.com\/dk\/wp-json\/wp\/v2\/product\/25726","targetHints":{"allow":["GET"]}}],"collection":[{"href":"https:\/\/xenonkungen.com\/dk\/wp-json\/wp\/v2\/product"}],"about":[{"href":"https:\/\/xenonkungen.com\/dk\/wp-json\/wp\/v2\/types\/product"}],"replies":[{"embeddable":true,"href":"https:\/\/xenonkungen.com\/dk\/wp-json\/wp\/v2\/comments?post=25726"}],"wp:featuredmedia":[{"embeddable":true,"href":"https:\/\/xenonkungen.com\/dk\/wp-json\/wp\/v2\/media\/25730"}],"wp:attachment":[{"href":"https:\/\/xenonkungen.com\/dk\/wp-json\/wp\/v2\/media?parent=25726"}],"wp:term":[{"taxonomy":"anvandningsomrade","embeddable":true,"href":"https:\/\/xenonkungen.com\/dk\/wp-json\/wp\/v2\/anvandningsomrade?post=25726"},{"taxonomy":"bilmarken","embeddable":true,"href":"https:\/\/xenonkungen.com\/dk\/wp-json\/wp\/v2\/bilmarken?post=25726"},{"taxonomy":"product_brand","embeddable":true,"href":"https:\/\/xenonkungen.com\/dk\/wp-json\/wp\/v2\/product_brand?post=25726"},{"taxonomy":"product_cat","embeddable":true,"href":"https:\/\/xenonkungen.com\/dk\/wp-json\/wp\/v2\/product_cat?post=25726"},{"taxonomy":"product_tag","embeddable":true,"href":"https:\/\/xenonkungen.com\/dk\/wp-json\/wp\/v2\/product_tag?post=25726"}],"curies":[{"name":"wp","href":"https:\/\/api.w.org\/{rel}","templated":true}]}}