{"id":25742,"date":"2026-02-02T13:22:36","date_gmt":"2026-02-02T12:22:36","guid":{"rendered":"https:\/\/xenonkungen.com\/?post_type=product&#038;p=25742"},"modified":"2026-04-24T17:43:40","modified_gmt":"2026-04-24T16:43:40","slug":"osram-startkabel-300a-taske","status":"publish","type":"product","link":"https:\/\/xenonkungen.com\/dk\/vare\/osram-startkabel-300a-taske\/","title":{"rendered":"OSRAM STARTERkabel 300A (POSE)"},"content":{"rendered":"<h2 data-start=\"110\" data-end=\"166\">Klassiske jumpstartere \u2013 maksimal starthj\u00e6lp fra OSRAM<\/h2>\n<p data-start=\"168\" data-end=\"448\">Med <strong data-start=\"172\" data-end=\"257\"><span class=\"hover:entity-accent entity-underline inline cursor-pointer align-baseline\"><span class=\"whitespace-normal\">OSRAM<\/span><\/span> BATTERIstart PROFESSIONEL STARTERkabel 300A<\/strong> Du f\u00e5r kraftfuld og p\u00e5lidelig starthj\u00e6lp, n\u00e5r batteriet svigter. Startkablerne er udviklet til begge dele <strong data-start=\"358\" data-end=\"392\">professionel og privat brug<\/strong> og passer til motorcykler, personbiler og st\u00f8rre k\u00f8ret\u00f8jer.<\/p>\n<p data-start=\"450\" data-end=\"814\">Kablerne er lavet af <strong data-start=\"477\" data-end=\"503\">kobberbelagt aluminium<\/strong> for lav modstand og effektiv str\u00f8moverf\u00f8rsel. Med <strong data-start=\"556\" data-end=\"574\">3 meter l\u00e6ngde<\/strong> og en stor en <strong data-start=\"588\" data-end=\"611\">kabeltv\u00e6rsnit p\u00e5 16 mm\u00b2<\/strong> Er de i stand til at starte? <strong data-start=\"633\" data-end=\"681\">Benzin- og dieselmotorer op til 3,5 liter<\/strong>Den robuste konstruktion giver en <strong data-start=\"717\" data-end=\"739\">spidsstr\u00f8m p\u00e5 300 A<\/strong> og <strong data-start=\"744\" data-end=\"772\">150 A kontinuerlig str\u00f8m<\/strong>, kompatibel med <strong data-start=\"790\" data-end=\"806\">6V og 12V<\/strong>-system.<\/p>\n<p data-start=\"816\" data-end=\"1023\">Holdbar <strong data-start=\"826\" data-end=\"843\">PVC-isolering<\/strong>, <strong data-start=\"845\" data-end=\"866\">isolerede h\u00e5ndtag<\/strong> og <strong data-start=\"871\" data-end=\"893\">farvekodede klemmer<\/strong> \u00f8ger sikkerheden og reducerer risikoen for forkert tilslutning. Leveres i <strong data-start=\"958\" data-end=\"986\">praktisk opbevaringstaske<\/strong> med instruktionsmanualen let tilg\u00e6ngelig.<\/p>\n<h3 data-start=\"1025\" data-end=\"1047\">Vigtige funktioner<\/h3>\n<ul data-start=\"1048\" data-end=\"1427\">\n<li data-start=\"1048\" data-end=\"1104\">\n<p data-start=\"1050\" data-end=\"1104\">Ekstra kraftige startkabler til kr\u00e6vende brug<\/p>\n<\/li>\n<li data-start=\"1105\" data-end=\"1164\">\n<p data-start=\"1107\" data-end=\"1164\">Kobberbekl\u00e6dt aluminium for effektiv ladningsoverf\u00f8rsel<\/p>\n<\/li>\n<li data-start=\"1165\" data-end=\"1196\">\n<p data-start=\"1167\" data-end=\"1196\">3 m l\u00e6ngde, 16 mm\u00b2 kabeltv\u00e6rsnit<\/p>\n<\/li>\n<li data-start=\"1197\" data-end=\"1247\">\n<p data-start=\"1199\" data-end=\"1247\">Op til 300 A spidsstr\u00f8m (150 A kontinuerlig)<\/p>\n<\/li>\n<li data-start=\"1248\" data-end=\"1296\">\n<p data-start=\"1250\" data-end=\"1296\">Til benzin- og dieselmotorer op til 3,5 l<\/p>\n<\/li>\n<li data-start=\"1297\" data-end=\"1324\">\n<p data-start=\"1299\" data-end=\"1324\">Til 6 V og 12 V systemer<\/p>\n<\/li>\n<li data-start=\"1325\" data-end=\"1370\">\n<p data-start=\"1327\" data-end=\"1370\">Isolerede, farvekodede klemmer og h\u00e5ndtag<\/p>\n<\/li>\n<li data-start=\"1371\" data-end=\"1396\">\n<p data-start=\"1373\" data-end=\"1396\">Opbevaringspose inkluderet<\/p>\n<\/li>\n<li data-start=\"1397\" data-end=\"1427\">\n<p data-start=\"1399\" data-end=\"1427\"><strong data-start=\"1399\" data-end=\"1427\">2 \u00e5rs garanti fra OSRAM<\/strong><\/p>\n<\/li>\n<\/ul>\n<p data-start=\"1429\" data-end=\"1535\" data-is-last-node=\"\" data-is-only-node=\"\"><strong data-start=\"1429\" data-end=\"1530\">OSRAM BATTERYstart PROFESSIONEL STARTERKABEL 300A \u2013 n\u00e5r du har brug for ekstra str\u00f8m og komplet sikkerhed.<\/strong><\/p>","protected":false},"excerpt":{"rendered":"<p>Klassiska startkablar \u2013 maximal starthj\u00e4lp fr\u00e5n OSRAM Med OSRAM BATTERYstart PROFESSIONAL STARTERcable 300A f\u00e5r du kraftfull och p\u00e5litlig starthj\u00e4lp n\u00e4r batteriet sviker. Startkablarna \u00e4r utvecklade f\u00f6r b\u00e5de professionellt och privat bruk och passar motorcyklar, personbilar samt st\u00f6rre fordon. Kablarna \u00e4r tillverkade av kopparbelagd aluminium f\u00f6r l\u00e5g resistans och effektiv str\u00f6m\u00f6verf\u00f6ring. Med 3 meters l\u00e4ngd och [&hellip;]<\/p>","protected":false},"featured_media":25747,"comment_status":"open","ping_status":"closed","template":"","meta":{"_acf_changed":false,"_smort_price_nok":"266","_smort_price_dkk":"","_smort_price_eur":"","_smort_sale_price_nok":"","_smort_sale_price_dkk":"","_smort_sale_price_eur":"","smort_restorder":"","shipmondo_restorder":"","_kad_blocks_custom_css":"","_kad_blocks_head_custom_js":"","_kad_blocks_body_custom_js":"","_kad_blocks_footer_custom_js":"","smort_custom_pricelist_1":"159.36","smort_custom_pricelist_2":"139.44","smort_custom_pricelist_3":"129.48","smort_custom_pricelist_4":"199.2","smort_custom_pricelist_5":"139.44"},"anvandningsomrade":[],"bilmarken":[],"product_brand":[108],"product_cat":[377],"product_tag":[],"class_list":{"0":"post-25742","1":"product","2":"type-product","3":"status-publish","4":"has-post-thumbnail","6":"product_brand-osram","7":"product_cat-biltillbehor","9":"first","10":"onbackorder","11":"taxable","12":"shipping-taxable","13":"purchasable","14":"product-type-simple"},"bundled_by":[],"bundle_stock_status":"onbackorder","bundle_stock_quantity":0,"bundle_virtual":false,"bundle_layout":"","bundle_add_to_cart_form_location":"","bundle_editable_in_cart":false,"bundle_sold_individually_context":"","bundle_item_grouping":"","bundle_min_size":"","bundle_max_size":"","bundle_price":[],"bundled_items":[],"bundle_sell_ids":[],"acf":[],"yoast_head":"<!-- This site is optimized with the Yoast SEO plugin v27.0 - https:\/\/yoast.com\/product\/yoast-seo-wordpress\/ -->\n<title>OSRAM STARTERcable 300A (BAG) - Xenonkungen<\/title>\n<meta name=\"robots\" content=\"index, follow, max-snippet:-1, max-image-preview:large, max-video-preview:-1\" \/>\n<link rel=\"canonical\" href=\"https:\/\/xenonkungen.com\/dk\/vare\/osram-startkabel-300a-taske\/\" \/>\n<meta property=\"og:locale\" content=\"da_DK\" \/>\n<meta property=\"og:type\" content=\"article\" \/>\n<meta property=\"og:title\" content=\"OSRAM STARTERcable 300A (BAG) - Xenonkungen\" \/>\n<meta property=\"og:description\" content=\"Klassiska startkablar \u2013 maximal starthj\u00e4lp fr\u00e5n OSRAM Med OSRAM BATTERYstart PROFESSIONAL STARTERcable 300A f\u00e5r du kraftfull och p\u00e5litlig starthj\u00e4lp n\u00e4r batteriet sviker. Startkablarna \u00e4r utvecklade f\u00f6r b\u00e5de professionellt och privat bruk och passar motorcyklar, personbilar samt st\u00f6rre fordon. Kablarna \u00e4r tillverkade av kopparbelagd aluminium f\u00f6r l\u00e5g resistans och effektiv str\u00f6m\u00f6verf\u00f6ring. Med 3 meters l\u00e4ngd och [&hellip;]\" \/>\n<meta property=\"og:url\" content=\"https:\/\/xenonkungen.com\/dk\/vare\/osram-startkabel-300a-taske\/\" \/>\n<meta property=\"og:site_name\" content=\"Xenonkungen\" \/>\n<meta property=\"article:modified_time\" content=\"2026-04-24T16:43:40+00:00\" \/>\n<meta property=\"og:image\" content=\"https:\/\/xenonkungen.com\/wp-content\/uploads\/2026\/02\/Small-for-web-and-ppt-PI_ARF-2021-01585_BATTERYstart_STARTER_CABLE_300A_OSC160.jpg\" \/>\n\t<meta property=\"og:image:width\" content=\"1024\" \/>\n\t<meta property=\"og:image:height\" content=\"1024\" \/>\n\t<meta property=\"og:image:type\" content=\"image\/jpeg\" \/>\n<meta name=\"twitter:card\" content=\"summary_large_image\" \/>\n<meta name=\"twitter:label1\" content=\"Estimeret l\u00e6setid\" \/>\n\t<meta name=\"twitter:data1\" content=\"2 minutter\" \/>\n<script type=\"application\/ld+json\" class=\"yoast-schema-graph\">{\"@context\":\"https:\/\/schema.org\",\"@graph\":[{\"@type\":\"WebPage\",\"@id\":\"https:\/\/xenonkungen.com\/produkt\/osram-startercable-300a-bag\/\",\"url\":\"https:\/\/xenonkungen.com\/produkt\/osram-startercable-300a-bag\/\",\"name\":\"OSRAM STARTERcable 300A (BAG) - Xenonkungen\",\"isPartOf\":{\"@id\":\"https:\/\/xenonkungen.com\/#website\"},\"primaryImageOfPage\":{\"@id\":\"https:\/\/xenonkungen.com\/produkt\/osram-startercable-300a-bag\/#primaryimage\"},\"image\":{\"@id\":\"https:\/\/xenonkungen.com\/produkt\/osram-startercable-300a-bag\/#primaryimage\"},\"thumbnailUrl\":\"https:\/\/xenonkungen.com\/wp-content\/uploads\/2026\/02\/Small-for-web-and-ppt-PI_ARF-2021-01585_BATTERYstart_STARTER_CABLE_300A_OSC160.jpg\",\"datePublished\":\"2026-02-02T12:22:36+00:00\",\"dateModified\":\"2026-04-24T16:43:40+00:00\",\"breadcrumb\":{\"@id\":\"https:\/\/xenonkungen.com\/produkt\/osram-startercable-300a-bag\/#breadcrumb\"},\"inLanguage\":\"da-DK\",\"potentialAction\":[{\"@type\":\"ReadAction\",\"target\":[\"https:\/\/xenonkungen.com\/produkt\/osram-startercable-300a-bag\/\"]}]},{\"@type\":\"ImageObject\",\"inLanguage\":\"da-DK\",\"@id\":\"https:\/\/xenonkungen.com\/produkt\/osram-startercable-300a-bag\/#primaryimage\",\"url\":\"https:\/\/xenonkungen.com\/wp-content\/uploads\/2026\/02\/Small-for-web-and-ppt-PI_ARF-2021-01585_BATTERYstart_STARTER_CABLE_300A_OSC160.jpg\",\"contentUrl\":\"https:\/\/xenonkungen.com\/wp-content\/uploads\/2026\/02\/Small-for-web-and-ppt-PI_ARF-2021-01585_BATTERYstart_STARTER_CABLE_300A_OSC160.jpg\",\"width\":1024,\"height\":1024},{\"@type\":\"BreadcrumbList\",\"@id\":\"https:\/\/xenonkungen.com\/produkt\/osram-startercable-300a-bag\/#breadcrumb\",\"itemListElement\":[{\"@type\":\"ListItem\",\"position\":1,\"name\":\"Hem\",\"item\":\"https:\/\/xenonkungen.com\/\"},{\"@type\":\"ListItem\",\"position\":2,\"name\":\"Shop\",\"item\":\"https:\/\/xenonkungen.com\/shop\/\"},{\"@type\":\"ListItem\",\"position\":3,\"name\":\"OSRAM STARTERcable 300A (BAG)\"}]},{\"@type\":\"WebSite\",\"@id\":\"https:\/\/xenonkungen.com\/#website\",\"url\":\"https:\/\/xenonkungen.com\/\",\"name\":\"Xenonkungen\",\"description\":\"\",\"potentialAction\":[{\"@type\":\"SearchAction\",\"target\":{\"@type\":\"EntryPoint\",\"urlTemplate\":\"https:\/\/xenonkungen.com\/?s={search_term_string}\"},\"query-input\":{\"@type\":\"PropertyValueSpecification\",\"valueRequired\":true,\"valueName\":\"search_term_string\"}}],\"inLanguage\":\"da-DK\"}]}<\/script>\n<!-- \/ Yoast SEO plugin. -->","yoast_head_json":{"title":"OSRAM STARTERkabel 300A (POSE) - Xenon-kongen","robots":{"index":"index","follow":"follow","max-snippet":"max-snippet:-1","max-image-preview":"max-image-preview:large","max-video-preview":"max-video-preview:-1"},"canonical":"https:\/\/xenonkungen.com\/dk\/vare\/osram-startkabel-300a-taske\/","og_locale":"da_DK","og_type":"article","og_title":"OSRAM STARTERcable 300A (BAG) - Xenonkungen","og_description":"Klassiska startkablar \u2013 maximal starthj\u00e4lp fr\u00e5n OSRAM Med OSRAM BATTERYstart PROFESSIONAL STARTERcable 300A f\u00e5r du kraftfull och p\u00e5litlig starthj\u00e4lp n\u00e4r batteriet sviker. Startkablarna \u00e4r utvecklade f\u00f6r b\u00e5de professionellt och privat bruk och passar motorcyklar, personbilar samt st\u00f6rre fordon. Kablarna \u00e4r tillverkade av kopparbelagd aluminium f\u00f6r l\u00e5g resistans och effektiv str\u00f6m\u00f6verf\u00f6ring. Med 3 meters l\u00e4ngd och [&hellip;]","og_url":"https:\/\/xenonkungen.com\/dk\/vare\/osram-startkabel-300a-taske\/","og_site_name":"Xenonkungen","article_modified_time":"2026-04-24T16:43:40+00:00","og_image":[{"width":1024,"height":1024,"url":"https:\/\/xenonkungen.com\/wp-content\/uploads\/2026\/02\/Small-for-web-and-ppt-PI_ARF-2021-01585_BATTERYstart_STARTER_CABLE_300A_OSC160.jpg","type":"image\/jpeg"}],"twitter_card":"summary_large_image","twitter_misc":{"Estimeret l\u00e6setid":"2 minutter"},"schema":{"@context":"https:\/\/schema.org","@graph":[{"@type":"WebPage","@id":"https:\/\/xenonkungen.com\/produkt\/osram-startercable-300a-bag\/","url":"https:\/\/xenonkungen.com\/produkt\/osram-startercable-300a-bag\/","name":"OSRAM STARTERkabel 300A (POSE) - Xenon-kongen","isPartOf":{"@id":"https:\/\/xenonkungen.com\/#website"},"primaryImageOfPage":{"@id":"https:\/\/xenonkungen.com\/produkt\/osram-startercable-300a-bag\/#primaryimage"},"image":{"@id":"https:\/\/xenonkungen.com\/produkt\/osram-startercable-300a-bag\/#primaryimage"},"thumbnailUrl":"https:\/\/xenonkungen.com\/wp-content\/uploads\/2026\/02\/Small-for-web-and-ppt-PI_ARF-2021-01585_BATTERYstart_STARTER_CABLE_300A_OSC160.jpg","datePublished":"2026-02-02T12:22:36+00:00","dateModified":"2026-04-24T16:43:40+00:00","breadcrumb":{"@id":"https:\/\/xenonkungen.com\/produkt\/osram-startercable-300a-bag\/#breadcrumb"},"inLanguage":"da-DK","potentialAction":[{"@type":"ReadAction","target":["https:\/\/xenonkungen.com\/produkt\/osram-startercable-300a-bag\/"]}]},{"@type":"ImageObject","inLanguage":"da-DK","@id":"https:\/\/xenonkungen.com\/produkt\/osram-startercable-300a-bag\/#primaryimage","url":"https:\/\/xenonkungen.com\/wp-content\/uploads\/2026\/02\/Small-for-web-and-ppt-PI_ARF-2021-01585_BATTERYstart_STARTER_CABLE_300A_OSC160.jpg","contentUrl":"https:\/\/xenonkungen.com\/wp-content\/uploads\/2026\/02\/Small-for-web-and-ppt-PI_ARF-2021-01585_BATTERYstart_STARTER_CABLE_300A_OSC160.jpg","width":1024,"height":1024},{"@type":"BreadcrumbList","@id":"https:\/\/xenonkungen.com\/produkt\/osram-startercable-300a-bag\/#breadcrumb","itemListElement":[{"@type":"ListItem","position":1,"name":"Hem","item":"https:\/\/xenonkungen.com\/"},{"@type":"ListItem","position":2,"name":"Shop","item":"https:\/\/xenonkungen.com\/shop\/"},{"@type":"ListItem","position":3,"name":"OSRAM STARTERcable 300A (BAG)"}]},{"@type":"WebSite","@id":"https:\/\/xenonkungen.com\/#website","url":"https:\/\/xenonkungen.com\/","name":"Xenonkungen","description":"","potentialAction":[{"@type":"SearchAction","target":{"@type":"EntryPoint","urlTemplate":"https:\/\/xenonkungen.com\/?s={search_term_string}"},"query-input":{"@type":"PropertyValueSpecification","valueRequired":true,"valueName":"search_term_string"}}],"inLanguage":"da-DK"}]}},"taxonomy_info":{"product_brand":[{"value":108,"label":"OSRAM"}],"product_cat":[{"value":377,"label":"Biltillbeh\u00f6r"}]},"featured_image_src_large":["https:\/\/xenonkungen.com\/wp-content\/uploads\/2026\/02\/Small-for-web-and-ppt-PI_ARF-2021-01585_BATTERYstart_STARTER_CABLE_300A_OSC160.jpg",1024,1024,false],"author_info":[],"comment_info":0,"_links":{"self":[{"href":"https:\/\/xenonkungen.com\/dk\/wp-json\/wp\/v2\/product\/25742","targetHints":{"allow":["GET"]}}],"collection":[{"href":"https:\/\/xenonkungen.com\/dk\/wp-json\/wp\/v2\/product"}],"about":[{"href":"https:\/\/xenonkungen.com\/dk\/wp-json\/wp\/v2\/types\/product"}],"replies":[{"embeddable":true,"href":"https:\/\/xenonkungen.com\/dk\/wp-json\/wp\/v2\/comments?post=25742"}],"wp:featuredmedia":[{"embeddable":true,"href":"https:\/\/xenonkungen.com\/dk\/wp-json\/wp\/v2\/media\/25747"}],"wp:attachment":[{"href":"https:\/\/xenonkungen.com\/dk\/wp-json\/wp\/v2\/media?parent=25742"}],"wp:term":[{"taxonomy":"anvandningsomrade","embeddable":true,"href":"https:\/\/xenonkungen.com\/dk\/wp-json\/wp\/v2\/anvandningsomrade?post=25742"},{"taxonomy":"bilmarken","embeddable":true,"href":"https:\/\/xenonkungen.com\/dk\/wp-json\/wp\/v2\/bilmarken?post=25742"},{"taxonomy":"product_brand","embeddable":true,"href":"https:\/\/xenonkungen.com\/dk\/wp-json\/wp\/v2\/product_brand?post=25742"},{"taxonomy":"product_cat","embeddable":true,"href":"https:\/\/xenonkungen.com\/dk\/wp-json\/wp\/v2\/product_cat?post=25742"},{"taxonomy":"product_tag","embeddable":true,"href":"https:\/\/xenonkungen.com\/dk\/wp-json\/wp\/v2\/product_tag?post=25742"}],"curies":[{"name":"wp","href":"https:\/\/api.w.org\/{rel}","templated":true}]}}