{"id":25776,"date":"2026-02-02T14:20:15","date_gmt":"2026-02-02T13:20:15","guid":{"rendered":"https:\/\/xenonkungen.com\/?post_type=product&#038;p=25776"},"modified":"2026-02-02T14:33:49","modified_gmt":"2026-02-02T13:33:49","slug":"osram-startkabel-1500a-taske","status":"publish","type":"product","link":"https:\/\/xenonkungen.com\/dk\/vare\/osram-startkabel-1500a-taske\/","title":{"rendered":"OSRAM STARTERkabel 1500A (POSE)"},"content":{"rendered":"<h2 data-start=\"158\" data-end=\"209\">Klassiske jumpstartere \u2013 maksimal kraft fra OSRAM<\/h2>\n<p data-start=\"211\" data-end=\"554\">Med <strong data-start=\"215\" data-end=\"301\"><span class=\"hover:entity-accent entity-underline inline cursor-pointer align-baseline\"><span class=\"whitespace-normal\">OSRAM<\/span><\/span> BATTERIstart PROFESSIONEL STARTERkabel 1200A<\/strong> f\u00e5r du <strong data-start=\"309\" data-end=\"360\">Ekstrem starthj\u00e6lp til de tungeste k\u00f8ret\u00f8jer<\/strong>Disse startkabler er designet til <strong data-start=\"398\" data-end=\"421\">professionel brug<\/strong>, men ogs\u00e5 velegnet til private brugere, der kr\u00e6ver maksimal ydeevne \u2013 perfekt til lastbiler, entrepren\u00f8rmaskiner og st\u00f8rre erhvervsk\u00f8ret\u00f8jer.<\/p>\n<p data-start=\"556\" data-end=\"984\">Kablerne er lavet af <strong data-start=\"583\" data-end=\"609\">kobberbelagt aluminium<\/strong> for lav modstand og sikker, effektiv str\u00f8moverf\u00f8rsel selv ved meget h\u00f8je belastninger. Med en gener\u00f8s l\u00e6ngde <strong data-start=\"723\" data-end=\"734\">5 meter<\/strong> og en st\u00e6rk <strong data-start=\"750\" data-end=\"773\">kabeltv\u00e6rsnit p\u00e5 50 mm\u00b2<\/strong> Er de i stand til at starte? <strong data-start=\"795\" data-end=\"843\">Benzin- og dieselmotorer op til 9,5 liter<\/strong>Designet giver mulighed for en <strong data-start=\"873\" data-end=\"906\">spidsstr\u00f8m p\u00e5 op til 1.200 A<\/strong> og <strong data-start=\"911\" data-end=\"939\">600 A kontinuerlig str\u00f8m<\/strong>, tilpasset til begge <strong data-start=\"959\" data-end=\"976\">12V og 24V<\/strong>-system.<\/p>\n<p data-start=\"986\" data-end=\"1317\">Det holdbare <strong data-start=\"1001\" data-end=\"1020\">PVC-isoleringen<\/strong> beskytter kabler i barske arbejdsmilj\u00f8er, samtidig med at <strong data-start=\"1067\" data-end=\"1119\">Isolerede h\u00e5ndtag og tydeligt farvekodede klemmer<\/strong> \u00f8ger sikkerheden og minimerer risikoen for forkert tilslutning. For nem h\u00e5ndtering og ordentlig opbevaring leveres startkablerne i en <strong data-start=\"1244\" data-end=\"1270\">robust opbevaringstaske<\/strong>, med brugsanvisningen altid lige ved h\u00e5nden.<\/p>\n<h3 data-start=\"1319\" data-end=\"1341\">Vigtige funktioner<\/h3>\n<ul data-start=\"1342\" data-end=\"1737\">\n<li data-start=\"1342\" data-end=\"1412\">\n<p data-start=\"1344\" data-end=\"1412\">Ekstremt kraftige jumpstartere til tunge og professionelle k\u00f8ret\u00f8jer<\/p>\n<\/li>\n<li data-start=\"1413\" data-end=\"1468\">\n<p data-start=\"1415\" data-end=\"1468\">Kobberbekl\u00e6dt aluminium for effektiv kraftoverf\u00f8rsel<\/p>\n<\/li>\n<li data-start=\"1469\" data-end=\"1503\">\n<p data-start=\"1471\" data-end=\"1503\">5 m l\u00e6ngde og 50 mm\u00b2 kabeltv\u00e6rsnit<\/p>\n<\/li>\n<li data-start=\"1504\" data-end=\"1556\">\n<p data-start=\"1506\" data-end=\"1556\">Op til 1200A spidsstr\u00f8m (600A kontinuerlig)<\/p>\n<\/li>\n<li data-start=\"1557\" data-end=\"1605\">\n<p data-start=\"1559\" data-end=\"1605\">Til benzin- og dieselmotorer op til 9,5 l<\/p>\n<\/li>\n<li data-start=\"1606\" data-end=\"1634\">\n<p data-start=\"1608\" data-end=\"1634\">Til 12 V og 24 V systemer<\/p>\n<\/li>\n<li data-start=\"1635\" data-end=\"1680\">\n<p data-start=\"1637\" data-end=\"1680\">Isolerede, farvekodede klemmer og h\u00e5ndtag<\/p>\n<\/li>\n<li data-start=\"1681\" data-end=\"1706\">\n<p data-start=\"1683\" data-end=\"1706\">Opbevaringspose inkluderet<\/p>\n<\/li>\n<li data-start=\"1707\" data-end=\"1737\">\n<p data-start=\"1709\" data-end=\"1737\"><strong data-start=\"1709\" data-end=\"1737\">2 \u00e5rs garanti fra OSRAM<\/strong><\/p>\n<\/li>\n<\/ul>\n<p data-start=\"1739\" data-end=\"1844\"><strong data-start=\"1739\" data-end=\"1837\">OSRAM BATTERYstart PROFESSIONEL STARTERkabel 1200A \u2013 n\u00e5r intet mindre end maksimal effekt er nok.<\/strong><\/p>","protected":false},"excerpt":{"rendered":"<p>Klassiska startkablar \u2013 maximal kraft fr\u00e5n OSRAM Med OSRAM BATTERYstart PROFESSIONAL STARTERcable 1200A f\u00e5r du extrem starthj\u00e4lp f\u00f6r de allra tyngsta fordonen. Dessa startkablar \u00e4r utvecklade f\u00f6r professionellt bruk, men passar \u00e4ven privata anv\u00e4ndare som kr\u00e4ver maximal prestanda \u2013 perfekt f\u00f6r lastbilar, entreprenadmaskiner och st\u00f6rre nyttofordon. Kablarna \u00e4r tillverkade av kopparbelagd aluminium f\u00f6r l\u00e5g resistans [&hellip;]<\/p>","protected":false},"featured_media":25784,"comment_status":"open","ping_status":"closed","template":"","meta":{"_acf_changed":false,"_smort_price_nok":"742","_smort_price_dkk":"","_smort_price_eur":"","_smort_sale_price_nok":"","_smort_sale_price_dkk":"","_smort_sale_price_eur":"","smort_restorder":"","shipmondo_restorder":"","_kad_blocks_custom_css":"","_kad_blocks_head_custom_js":"","_kad_blocks_body_custom_js":"","_kad_blocks_footer_custom_js":"","smort_custom_pricelist_1":"444.8","smort_custom_pricelist_2":"389.2","smort_custom_pricelist_3":"361.4","smort_custom_pricelist_4":"556","smort_custom_pricelist_5":"389.2"},"anvandningsomrade":[],"bilmarken":[],"product_brand":[108],"product_cat":[377],"product_tag":[],"class_list":{"0":"post-25776","1":"product","2":"type-product","3":"status-publish","4":"has-post-thumbnail","6":"product_brand-osram","7":"product_cat-biltillbehor","9":"first","10":"onbackorder","11":"taxable","12":"shipping-taxable","13":"purchasable","14":"product-type-simple"},"bundled_by":[],"bundle_stock_status":"onbackorder","bundle_stock_quantity":0,"bundle_virtual":false,"bundle_layout":"","bundle_add_to_cart_form_location":"","bundle_editable_in_cart":false,"bundle_sold_individually_context":"","bundle_item_grouping":"","bundle_min_size":"","bundle_max_size":"","bundle_price":[],"bundled_items":[],"bundle_sell_ids":[],"acf":[],"yoast_head":"<!-- This site is optimized with the Yoast SEO plugin v27.0 - https:\/\/yoast.com\/product\/yoast-seo-wordpress\/ -->\n<title>OSRAM STARTERcable 1500A (BAG) - Xenonkungen<\/title>\n<meta name=\"robots\" content=\"index, follow, max-snippet:-1, max-image-preview:large, max-video-preview:-1\" \/>\n<link rel=\"canonical\" href=\"https:\/\/xenonkungen.com\/dk\/vare\/osram-startkabel-1500a-taske\/\" \/>\n<meta property=\"og:locale\" content=\"da_DK\" \/>\n<meta property=\"og:type\" content=\"article\" \/>\n<meta property=\"og:title\" content=\"OSRAM STARTERcable 1500A (BAG) - Xenonkungen\" \/>\n<meta property=\"og:description\" content=\"Klassiska startkablar \u2013 maximal kraft fr\u00e5n OSRAM Med OSRAM BATTERYstart PROFESSIONAL STARTERcable 1200A f\u00e5r du extrem starthj\u00e4lp f\u00f6r de allra tyngsta fordonen. Dessa startkablar \u00e4r utvecklade f\u00f6r professionellt bruk, men passar \u00e4ven privata anv\u00e4ndare som kr\u00e4ver maximal prestanda \u2013 perfekt f\u00f6r lastbilar, entreprenadmaskiner och st\u00f6rre nyttofordon. Kablarna \u00e4r tillverkade av kopparbelagd aluminium f\u00f6r l\u00e5g resistans [&hellip;]\" \/>\n<meta property=\"og:url\" content=\"https:\/\/xenonkungen.com\/dk\/vare\/osram-startkabel-1500a-taske\/\" \/>\n<meta property=\"og:site_name\" content=\"Xenonkungen\" \/>\n<meta property=\"article:modified_time\" content=\"2026-02-02T13:33:49+00:00\" \/>\n<meta property=\"og:image\" content=\"https:\/\/xenonkungen.com\/wp-content\/uploads\/2026\/02\/Small-for-web-and-ppt-PI_ARF-2021-01593_BATTERYstart_STARTER_CABLE_1200A_OSC500.jpg\" \/>\n\t<meta property=\"og:image:width\" content=\"1024\" \/>\n\t<meta property=\"og:image:height\" content=\"1024\" \/>\n\t<meta property=\"og:image:type\" content=\"image\/jpeg\" \/>\n<meta name=\"twitter:card\" content=\"summary_large_image\" \/>\n<meta name=\"twitter:label1\" content=\"Estimeret l\u00e6setid\" \/>\n\t<meta name=\"twitter:data1\" content=\"2 minutter\" \/>\n<script type=\"application\/ld+json\" class=\"yoast-schema-graph\">{\"@context\":\"https:\/\/schema.org\",\"@graph\":[{\"@type\":\"WebPage\",\"@id\":\"https:\/\/xenonkungen.com\/produkt\/osram-startercable-1500a-bag\/\",\"url\":\"https:\/\/xenonkungen.com\/produkt\/osram-startercable-1500a-bag\/\",\"name\":\"OSRAM STARTERcable 1500A (BAG) - Xenonkungen\",\"isPartOf\":{\"@id\":\"https:\/\/xenonkungen.com\/#website\"},\"primaryImageOfPage\":{\"@id\":\"https:\/\/xenonkungen.com\/produkt\/osram-startercable-1500a-bag\/#primaryimage\"},\"image\":{\"@id\":\"https:\/\/xenonkungen.com\/produkt\/osram-startercable-1500a-bag\/#primaryimage\"},\"thumbnailUrl\":\"https:\/\/xenonkungen.com\/wp-content\/uploads\/2026\/02\/Small-for-web-and-ppt-PI_ARF-2021-01593_BATTERYstart_STARTER_CABLE_1200A_OSC500.jpg\",\"datePublished\":\"2026-02-02T13:20:15+00:00\",\"dateModified\":\"2026-02-02T13:33:49+00:00\",\"breadcrumb\":{\"@id\":\"https:\/\/xenonkungen.com\/produkt\/osram-startercable-1500a-bag\/#breadcrumb\"},\"inLanguage\":\"da-DK\",\"potentialAction\":[{\"@type\":\"ReadAction\",\"target\":[\"https:\/\/xenonkungen.com\/produkt\/osram-startercable-1500a-bag\/\"]}]},{\"@type\":\"ImageObject\",\"inLanguage\":\"da-DK\",\"@id\":\"https:\/\/xenonkungen.com\/produkt\/osram-startercable-1500a-bag\/#primaryimage\",\"url\":\"https:\/\/xenonkungen.com\/wp-content\/uploads\/2026\/02\/Small-for-web-and-ppt-PI_ARF-2021-01593_BATTERYstart_STARTER_CABLE_1200A_OSC500.jpg\",\"contentUrl\":\"https:\/\/xenonkungen.com\/wp-content\/uploads\/2026\/02\/Small-for-web-and-ppt-PI_ARF-2021-01593_BATTERYstart_STARTER_CABLE_1200A_OSC500.jpg\",\"width\":1024,\"height\":1024},{\"@type\":\"BreadcrumbList\",\"@id\":\"https:\/\/xenonkungen.com\/produkt\/osram-startercable-1500a-bag\/#breadcrumb\",\"itemListElement\":[{\"@type\":\"ListItem\",\"position\":1,\"name\":\"Hem\",\"item\":\"https:\/\/xenonkungen.com\/\"},{\"@type\":\"ListItem\",\"position\":2,\"name\":\"Shop\",\"item\":\"https:\/\/xenonkungen.com\/shop\/\"},{\"@type\":\"ListItem\",\"position\":3,\"name\":\"OSRAM STARTERcable 1500A (BAG)\"}]},{\"@type\":\"WebSite\",\"@id\":\"https:\/\/xenonkungen.com\/#website\",\"url\":\"https:\/\/xenonkungen.com\/\",\"name\":\"Xenonkungen\",\"description\":\"\",\"potentialAction\":[{\"@type\":\"SearchAction\",\"target\":{\"@type\":\"EntryPoint\",\"urlTemplate\":\"https:\/\/xenonkungen.com\/?s={search_term_string}\"},\"query-input\":{\"@type\":\"PropertyValueSpecification\",\"valueRequired\":true,\"valueName\":\"search_term_string\"}}],\"inLanguage\":\"da-DK\"}]}<\/script>\n<!-- \/ Yoast SEO plugin. -->","yoast_head_json":{"title":"OSRAM STARTERkabel 1500A (POSE) - Xenon-kongen","robots":{"index":"index","follow":"follow","max-snippet":"max-snippet:-1","max-image-preview":"max-image-preview:large","max-video-preview":"max-video-preview:-1"},"canonical":"https:\/\/xenonkungen.com\/dk\/vare\/osram-startkabel-1500a-taske\/","og_locale":"da_DK","og_type":"article","og_title":"OSRAM STARTERcable 1500A (BAG) - Xenonkungen","og_description":"Klassiska startkablar \u2013 maximal kraft fr\u00e5n OSRAM Med OSRAM BATTERYstart PROFESSIONAL STARTERcable 1200A f\u00e5r du extrem starthj\u00e4lp f\u00f6r de allra tyngsta fordonen. Dessa startkablar \u00e4r utvecklade f\u00f6r professionellt bruk, men passar \u00e4ven privata anv\u00e4ndare som kr\u00e4ver maximal prestanda \u2013 perfekt f\u00f6r lastbilar, entreprenadmaskiner och st\u00f6rre nyttofordon. Kablarna \u00e4r tillverkade av kopparbelagd aluminium f\u00f6r l\u00e5g resistans [&hellip;]","og_url":"https:\/\/xenonkungen.com\/dk\/vare\/osram-startkabel-1500a-taske\/","og_site_name":"Xenonkungen","article_modified_time":"2026-02-02T13:33:49+00:00","og_image":[{"width":1024,"height":1024,"url":"https:\/\/xenonkungen.com\/wp-content\/uploads\/2026\/02\/Small-for-web-and-ppt-PI_ARF-2021-01593_BATTERYstart_STARTER_CABLE_1200A_OSC500.jpg","type":"image\/jpeg"}],"twitter_card":"summary_large_image","twitter_misc":{"Estimeret l\u00e6setid":"2 minutter"},"schema":{"@context":"https:\/\/schema.org","@graph":[{"@type":"WebPage","@id":"https:\/\/xenonkungen.com\/produkt\/osram-startercable-1500a-bag\/","url":"https:\/\/xenonkungen.com\/produkt\/osram-startercable-1500a-bag\/","name":"OSRAM STARTERkabel 1500A (POSE) - Xenon-kongen","isPartOf":{"@id":"https:\/\/xenonkungen.com\/#website"},"primaryImageOfPage":{"@id":"https:\/\/xenonkungen.com\/produkt\/osram-startercable-1500a-bag\/#primaryimage"},"image":{"@id":"https:\/\/xenonkungen.com\/produkt\/osram-startercable-1500a-bag\/#primaryimage"},"thumbnailUrl":"https:\/\/xenonkungen.com\/wp-content\/uploads\/2026\/02\/Small-for-web-and-ppt-PI_ARF-2021-01593_BATTERYstart_STARTER_CABLE_1200A_OSC500.jpg","datePublished":"2026-02-02T13:20:15+00:00","dateModified":"2026-02-02T13:33:49+00:00","breadcrumb":{"@id":"https:\/\/xenonkungen.com\/produkt\/osram-startercable-1500a-bag\/#breadcrumb"},"inLanguage":"da-DK","potentialAction":[{"@type":"ReadAction","target":["https:\/\/xenonkungen.com\/produkt\/osram-startercable-1500a-bag\/"]}]},{"@type":"ImageObject","inLanguage":"da-DK","@id":"https:\/\/xenonkungen.com\/produkt\/osram-startercable-1500a-bag\/#primaryimage","url":"https:\/\/xenonkungen.com\/wp-content\/uploads\/2026\/02\/Small-for-web-and-ppt-PI_ARF-2021-01593_BATTERYstart_STARTER_CABLE_1200A_OSC500.jpg","contentUrl":"https:\/\/xenonkungen.com\/wp-content\/uploads\/2026\/02\/Small-for-web-and-ppt-PI_ARF-2021-01593_BATTERYstart_STARTER_CABLE_1200A_OSC500.jpg","width":1024,"height":1024},{"@type":"BreadcrumbList","@id":"https:\/\/xenonkungen.com\/produkt\/osram-startercable-1500a-bag\/#breadcrumb","itemListElement":[{"@type":"ListItem","position":1,"name":"Hem","item":"https:\/\/xenonkungen.com\/"},{"@type":"ListItem","position":2,"name":"Shop","item":"https:\/\/xenonkungen.com\/shop\/"},{"@type":"ListItem","position":3,"name":"OSRAM STARTERcable 1500A (BAG)"}]},{"@type":"WebSite","@id":"https:\/\/xenonkungen.com\/#website","url":"https:\/\/xenonkungen.com\/","name":"Xenonkungen","description":"","potentialAction":[{"@type":"SearchAction","target":{"@type":"EntryPoint","urlTemplate":"https:\/\/xenonkungen.com\/?s={search_term_string}"},"query-input":{"@type":"PropertyValueSpecification","valueRequired":true,"valueName":"search_term_string"}}],"inLanguage":"da-DK"}]}},"taxonomy_info":{"product_brand":[{"value":108,"label":"OSRAM"}],"product_cat":[{"value":377,"label":"Biltillbeh\u00f6r"}]},"featured_image_src_large":["https:\/\/xenonkungen.com\/wp-content\/uploads\/2026\/02\/Small-for-web-and-ppt-PI_ARF-2021-01593_BATTERYstart_STARTER_CABLE_1200A_OSC500.jpg",1024,1024,false],"author_info":[],"comment_info":0,"_links":{"self":[{"href":"https:\/\/xenonkungen.com\/dk\/wp-json\/wp\/v2\/product\/25776","targetHints":{"allow":["GET"]}}],"collection":[{"href":"https:\/\/xenonkungen.com\/dk\/wp-json\/wp\/v2\/product"}],"about":[{"href":"https:\/\/xenonkungen.com\/dk\/wp-json\/wp\/v2\/types\/product"}],"replies":[{"embeddable":true,"href":"https:\/\/xenonkungen.com\/dk\/wp-json\/wp\/v2\/comments?post=25776"}],"wp:featuredmedia":[{"embeddable":true,"href":"https:\/\/xenonkungen.com\/dk\/wp-json\/wp\/v2\/media\/25784"}],"wp:attachment":[{"href":"https:\/\/xenonkungen.com\/dk\/wp-json\/wp\/v2\/media?parent=25776"}],"wp:term":[{"taxonomy":"anvandningsomrade","embeddable":true,"href":"https:\/\/xenonkungen.com\/dk\/wp-json\/wp\/v2\/anvandningsomrade?post=25776"},{"taxonomy":"bilmarken","embeddable":true,"href":"https:\/\/xenonkungen.com\/dk\/wp-json\/wp\/v2\/bilmarken?post=25776"},{"taxonomy":"product_brand","embeddable":true,"href":"https:\/\/xenonkungen.com\/dk\/wp-json\/wp\/v2\/product_brand?post=25776"},{"taxonomy":"product_cat","embeddable":true,"href":"https:\/\/xenonkungen.com\/dk\/wp-json\/wp\/v2\/product_cat?post=25776"},{"taxonomy":"product_tag","embeddable":true,"href":"https:\/\/xenonkungen.com\/dk\/wp-json\/wp\/v2\/product_tag?post=25776"}],"curies":[{"name":"wp","href":"https:\/\/api.w.org\/{rel}","templated":true}]}}