{"id":25816,"date":"2026-02-02T15:30:19","date_gmt":"2026-02-02T14:30:19","guid":{"rendered":"https:\/\/xenonkungen.com\/?post_type=product&#038;p=25816"},"modified":"2026-05-04T17:02:34","modified_gmt":"2026-05-04T16:02:34","slug":"w-light-xtreme-w9-rad4","status":"publish","type":"product","link":"https:\/\/xenonkungen.com\/dk\/vare\/w-light-xtreme-w9-rad4\/","title":{"rendered":"W-Light XTREME W9 RAD4"},"content":{"rendered":"<h2 data-start=\"187\" data-end=\"247\">W-Light XTREME W9 RAD4 \u2013 kompromisl\u00f8s kraft og r\u00e6kkevidde<\/h2>\n<p data-start=\"249\" data-end=\"550\"><strong data-start=\"249\" data-end=\"305\"><span class=\"hover:entity-accent entity-underline inline cursor-pointer align-baseline\"><span class=\"whitespace-normal\">W-Light<\/span><\/span> XTREME W9 RAD4<\/strong>\u00a0er designet til bilister, der ikke n\u00f8jes med &quot;nok&quot;. Med ekstrem lysstyrke, avanceret optik og et design, der signalerer ydeevne, leverer dette ekstralys sikkert udsyn langt ud over forventningerne \u2013 selv under de h\u00e5rdeste forhold.<\/p>\n<p data-start=\"552\" data-end=\"805\">Det opdaterede lysm\u00f8nster giver et bredt og behageligt lysfelt, der oplyser b\u00e5de vejen og vejkanten, samtidig med at r\u00e6kkevidden forl\u00e6nges langt foran. Resultatet er et bedre overblik, hurtigere reaktionstid og en k\u00f8reoplevelse med fuld kontrol i m\u00f8rke.<\/p>\n<h3 data-start=\"807\" data-end=\"826\">Kraft, der er m\u00e6rkbar<\/h3>\n<p data-start=\"827\" data-end=\"1102\">Med <strong data-start=\"831\" data-end=\"861\">15.000 lumen pr. ekstralys<\/strong> og et imponerende udvalg af <strong data-start=\"893\" data-end=\"918\">over 1,5 km ved 1 lux<\/strong>, W9 RAD4 forvandler natten til et arbejdsomr\u00e5de med krystalklar udsyn. Den \u00f8jenvenlige farvetemperatur p\u00e5 <strong data-start=\"1027\" data-end=\"1037\">5500K<\/strong> Giver naturligt lys, der reducerer tr\u00e6thed under lange k\u00f8reture.<\/p>\n<h3 data-start=\"1104\" data-end=\"1126\">Design med attitude<\/h3>\n<p data-start=\"1127\" data-end=\"1363\">Det stilfulde <strong data-start=\"1140\" data-end=\"1162\">Det m\u00f8rke look-design<\/strong> giver et eksklusivt og moderne udseende, der passer til b\u00e5de personbiler og transportk\u00f8ret\u00f8jer. <strong data-start=\"1252\" data-end=\"1279\">tofarvet positionslys<\/strong> Du kan v\u00e6lge mellem hvid eller orange og s\u00e6tte dit eget pr\u00e6g p\u00e5 fronten af k\u00f8ret\u00f8jet.<\/p>\n<h3 data-start=\"1365\" data-end=\"1400\">Bygget til nordiske forhold<\/h3>\n<p data-start=\"1401\" data-end=\"1697\">XTREME W9 RAD4 er designet til at modst\u00e5 barske milj\u00f8er. Det forst\u00e6rkede chassis, den slidst\u00e6rke finish og den forbedrede ventilation sikrer lang levetid og stabil ydeevne i regn, kulde og sne. Takket v\u00e6re <strong data-start=\"1628\" data-end=\"1654\">integreret DT4-stik<\/strong> Installationen er hurtig, sikker og problemfri.<\/p>\n<h3 data-start=\"1699\" data-end=\"1721\">Vigtige funktioner<\/h3>\n<ul data-start=\"1722\" data-end=\"2120\">\n<li data-start=\"1722\" data-end=\"1765\">\n<p data-start=\"1724\" data-end=\"1765\">Op til <strong data-start=\"1733\" data-end=\"1749\">15.000 lumen<\/strong> pr. ekstra lys<\/p>\n<\/li>\n<li data-start=\"1766\" data-end=\"1818\">\n<p data-start=\"1768\" data-end=\"1818\">Omfang: <strong data-start=\"1778\" data-end=\"1816\">1509 m @ 1 lux \/ 2889 m @ 0,25 lux<\/strong><\/p>\n<\/li>\n<li data-start=\"1819\" data-end=\"1876\">\n<p data-start=\"1821\" data-end=\"1876\">Optimeret lysm\u00f8nster for bred og behagelig belysning<\/p>\n<\/li>\n<li data-start=\"1877\" data-end=\"1939\">\n<p data-start=\"1879\" data-end=\"1939\">Farvetemperatur <strong data-start=\"1894\" data-end=\"1904\">5500K<\/strong> \u2013 naturligt og \u00f8jenvenligt lys<\/p>\n<\/li>\n<li data-start=\"1940\" data-end=\"1981\">\n<p data-start=\"1942\" data-end=\"1981\">Positionslys i <strong data-start=\"1958\" data-end=\"1979\">hvid eller orange<\/strong><\/p>\n<\/li>\n<li data-start=\"1982\" data-end=\"2034\">\n<p data-start=\"1984\" data-end=\"2034\">Robust konstruktion tilpasset det nordiske klima<\/p>\n<\/li>\n<li data-start=\"2035\" data-end=\"2082\">\n<p data-start=\"2037\" data-end=\"2082\">Forbedret k\u00f8ling for l\u00e6ngere LED-levetid<\/p>\n<\/li>\n<li data-start=\"2083\" data-end=\"2120\">\n<p data-start=\"2085\" data-end=\"2120\">Nem montering med <strong data-start=\"2105\" data-end=\"2120\">DT4-stik<\/strong><\/p>\n<\/li>\n<\/ul>\n<p data-start=\"2122\" data-end=\"2217\"><strong data-start=\"2122\" data-end=\"2215\">W-Light XTREME W9 RAD4 \u2013 til dem, der vil se l\u00e6ngere, k\u00f8re mere sikkert og skille sig ud med stil.<\/strong><\/p>","protected":false},"excerpt":{"rendered":"<p><strong data-start=\"110\" data-end=\"166\"><span class=\"hover:entity-accent entity-underline inline cursor-pointer align-baseline\"><span class=\"whitespace-normal\">W-Light<\/span><\/span> XTREME W9 RAD4<\/strong> er en kraftig LED-ekstralygte med imponerende r\u00e6kkevidde og moderne Dark Look-design. Med op til <strong data-start=\"266\" data-end=\"282\" data-is-only-node=\"\">15.000 lumen<\/strong>, optimeret belysning og <strong data-start=\"307\" data-end=\"348\">tofarvet positionslys (hvid\/orange)<\/strong> giver den fremragende synlighed og et eksklusivt udseende. Robust konstruktion, behagelig for \u00f8jnene <strong data-start=\"430\" data-end=\"445\">5500 K lys<\/strong> og nem montering med <strong data-start=\"470\" data-end=\"485\">DT4-stik<\/strong> g\u00f8r W9 RAD4 til et oplagt valg til kr\u00e6vende k\u00f8rsel under alle forhold.<\/p>","protected":false},"featured_media":25808,"comment_status":"open","ping_status":"closed","template":"","meta":{"_acf_changed":false,"_smort_price_nok":"12919","_smort_price_dkk":"","_smort_price_eur":"","_smort_sale_price_nok":"","_smort_sale_price_dkk":"","_smort_sale_price_eur":"","smort_restorder":"","shipmondo_restorder":"","_kad_blocks_custom_css":"","_kad_blocks_head_custom_js":"","_kad_blocks_body_custom_js":"","_kad_blocks_footer_custom_js":"","smort_custom_pricelist_1":"7740.8","smort_custom_pricelist_2":"6773.2","smort_custom_pricelist_3":"6289.4","smort_custom_pricelist_4":"9676","smort_custom_pricelist_5":"6773.2"},"anvandningsomrade":[],"bilmarken":[],"product_brand":[114,115,117],"product_cat":[1859],"product_tag":[],"class_list":{"0":"post-25816","1":"product","2":"type-product","3":"status-publish","4":"has-post-thumbnail","6":"product_brand-w-light","7":"product_brand-xbb","8":"product_brand-xenonkungen","9":"product_cat-extraljuspaket","11":"first","12":"outofstock","13":"virtual","14":"taxable","15":"purchasable","16":"product-type-bundle"},"bundled_by":[],"bundle_stock_status":"outofstock","bundle_stock_quantity":0,"bundle_virtual":false,"bundle_layout":"default","bundle_add_to_cart_form_location":"default","bundle_editable_in_cart":false,"bundle_sold_individually_context":"product","bundle_item_grouping":"parent","bundle_min_size":"","bundle_max_size":"","bundle_price":{"price":{"min":{"incl_tax":"8207.14","excl_tax":"6565.71259724"},"max":{"incl_tax":"8207.14","excl_tax":"6565.71259724"}},"regular_price":{"min":{"incl_tax":"8207.14","excl_tax":"6565.71259724"},"max":{"incl_tax":"8207.14","excl_tax":"6565.71259724"}}},"bundled_items":[{"bundled_item_id":559,"product_id":2718,"menu_order":0,"quantity_min":1,"quantity_max":1,"quantity_default":1,"priced_individually":false,"shipped_individually":false,"override_title":false,"title":"Ekstra lysbeslag til 4 stk. 225 mm | 9&quot;","override_description":false,"description":"","optional":false,"hide_thumbnail":false,"discount":"","override_variations":false,"allowed_variations":[],"override_default_variation_attributes":false,"default_variation_attributes":[],"single_product_visibility":"visible","cart_visibility":"visible","order_visibility":"visible","single_product_price_visibility":"visible","cart_price_visibility":"visible","order_price_visibility":"visible","stock_status":"in_stock"},{"bundled_item_id":556,"product_id":1538,"menu_order":1,"quantity_min":1,"quantity_max":1,"quantity_default":1,"priced_individually":false,"shipped_individually":false,"override_title":false,"title":"XBB OBD-II Dongle + PowerUnit","override_description":false,"description":"","optional":false,"hide_thumbnail":false,"discount":"","override_variations":false,"allowed_variations":[],"override_default_variation_attributes":false,"default_variation_attributes":[],"single_product_visibility":"visible","cart_visibility":"visible","order_visibility":"visible","single_product_price_visibility":"visible","cart_price_visibility":"visible","order_price_visibility":"visible","stock_status":"on_backorder"},{"bundled_item_id":560,"product_id":1056,"menu_order":2,"quantity_min":1,"quantity_max":1,"quantity_default":1,"priced_individually":false,"shipped_individually":false,"override_title":false,"title":"Luxtar Rel\u00e6-kabels\u00e6t DT-4 X4 12V 80A Rel\u00e6","override_description":false,"description":"","optional":false,"hide_thumbnail":false,"discount":"","override_variations":false,"allowed_variations":[],"override_default_variation_attributes":false,"default_variation_attributes":[],"single_product_visibility":"visible","cart_visibility":"visible","order_visibility":"visible","single_product_price_visibility":"visible","cart_price_visibility":"visible","order_price_visibility":"visible","stock_status":"in_stock"},{"bundled_item_id":558,"product_id":2605,"menu_order":3,"quantity_min":1,"quantity_max":1,"quantity_default":1,"priced_individually":false,"shipped_individually":false,"override_title":false,"title":"Kabels\u00e6t til XBB str\u00f8mforsyning - DT","override_description":false,"description":"","optional":false,"hide_thumbnail":false,"discount":"","override_variations":false,"allowed_variations":[],"override_default_variation_attributes":false,"default_variation_attributes":[],"single_product_visibility":"visible","cart_visibility":"visible","order_visibility":"visible","single_product_price_visibility":"visible","cart_price_visibility":"visible","order_price_visibility":"visible","stock_status":"on_backorder"}],"bundle_sell_ids":[],"acf":[],"yoast_head":"<!-- This site is optimized with the Yoast SEO plugin v27.0 - https:\/\/yoast.com\/product\/yoast-seo-wordpress\/ -->\n<title>W-Light XTREME W9 RAD4 - Xenonkungen<\/title>\n<meta name=\"robots\" content=\"index, follow, max-snippet:-1, max-image-preview:large, max-video-preview:-1\" \/>\n<link rel=\"canonical\" href=\"https:\/\/xenonkungen.com\/dk\/vare\/w-light-xtreme-w9-rad4\/\" \/>\n<meta property=\"og:locale\" content=\"da_DK\" \/>\n<meta property=\"og:type\" content=\"article\" \/>\n<meta property=\"og:title\" content=\"W-Light XTREME W9 RAD4 - Xenonkungen\" \/>\n<meta property=\"og:description\" content=\"W-Light XTREME W9 RAD4 \u00e4r ett kraftfullt LED-extraljus med imponerande r\u00e4ckvidd och modern Dark Look-design. Med upp till 15 000 lumen, optimerad ljusbild och tv\u00e5f\u00e4rgat positionsljus (vitt\/orange) ger det utm\u00e4rkt sikt och ett exklusivt uttryck. Robust konstruktion, \u00f6gonv\u00e4nligt 5500 K-ljus och enkel montering med DT4-kontakt g\u00f6r W9 RAD4 till ett sj\u00e4lvklart val f\u00f6r kr\u00e4vande k\u00f6rning i alla f\u00f6rh\u00e5llanden.\" \/>\n<meta property=\"og:url\" content=\"https:\/\/xenonkungen.com\/dk\/vare\/w-light-xtreme-w9-rad4\/\" \/>\n<meta property=\"og:site_name\" content=\"Xenonkungen\" \/>\n<meta property=\"article:modified_time\" content=\"2026-05-04T16:02:34+00:00\" \/>\n<meta property=\"og:image\" content=\"https:\/\/xenonkungen.com\/wp-content\/uploads\/2026\/02\/RAD4-5stx9tum-W-Light-w9-Phoenix-Paket-White-PNNG-1024x719.png\" \/>\n\t<meta property=\"og:image:width\" content=\"1024\" \/>\n\t<meta property=\"og:image:height\" content=\"719\" \/>\n\t<meta property=\"og:image:type\" content=\"image\/png\" \/>\n<meta name=\"twitter:card\" content=\"summary_large_image\" \/>\n<meta name=\"twitter:label1\" content=\"Estimeret l\u00e6setid\" \/>\n\t<meta name=\"twitter:data1\" content=\"2 minutter\" \/>\n<script type=\"application\/ld+json\" class=\"yoast-schema-graph\">{\"@context\":\"https:\/\/schema.org\",\"@graph\":[{\"@type\":\"WebPage\",\"@id\":\"https:\/\/xenonkungen.com\/produkt\/w-light-xtreme-w9-rad4\/\",\"url\":\"https:\/\/xenonkungen.com\/produkt\/w-light-xtreme-w9-rad4\/\",\"name\":\"W-Light XTREME W9 RAD4 - Xenonkungen\",\"isPartOf\":{\"@id\":\"https:\/\/xenonkungen.com\/#website\"},\"primaryImageOfPage\":{\"@id\":\"https:\/\/xenonkungen.com\/produkt\/w-light-xtreme-w9-rad4\/#primaryimage\"},\"image\":{\"@id\":\"https:\/\/xenonkungen.com\/produkt\/w-light-xtreme-w9-rad4\/#primaryimage\"},\"thumbnailUrl\":\"https:\/\/xenonkungen.com\/wp-content\/uploads\/2026\/02\/RAD4-5stx9tum-W-Light-w9-Phoenix-Paket-White-PNNG.png\",\"datePublished\":\"2026-02-02T14:30:19+00:00\",\"dateModified\":\"2026-05-04T16:02:34+00:00\",\"breadcrumb\":{\"@id\":\"https:\/\/xenonkungen.com\/produkt\/w-light-xtreme-w9-rad4\/#breadcrumb\"},\"inLanguage\":\"da-DK\",\"potentialAction\":[{\"@type\":\"ReadAction\",\"target\":[\"https:\/\/xenonkungen.com\/produkt\/w-light-xtreme-w9-rad4\/\"]}]},{\"@type\":\"ImageObject\",\"inLanguage\":\"da-DK\",\"@id\":\"https:\/\/xenonkungen.com\/produkt\/w-light-xtreme-w9-rad4\/#primaryimage\",\"url\":\"https:\/\/xenonkungen.com\/wp-content\/uploads\/2026\/02\/RAD4-5stx9tum-W-Light-w9-Phoenix-Paket-White-PNNG.png\",\"contentUrl\":\"https:\/\/xenonkungen.com\/wp-content\/uploads\/2026\/02\/RAD4-5stx9tum-W-Light-w9-Phoenix-Paket-White-PNNG.png\",\"width\":2450,\"height\":1720},{\"@type\":\"BreadcrumbList\",\"@id\":\"https:\/\/xenonkungen.com\/produkt\/w-light-xtreme-w9-rad4\/#breadcrumb\",\"itemListElement\":[{\"@type\":\"ListItem\",\"position\":1,\"name\":\"Hem\",\"item\":\"https:\/\/xenonkungen.com\/\"},{\"@type\":\"ListItem\",\"position\":2,\"name\":\"Shop\",\"item\":\"https:\/\/xenonkungen.com\/shop\/\"},{\"@type\":\"ListItem\",\"position\":3,\"name\":\"W-Light XTREME W9 RAD4\"}]},{\"@type\":\"WebSite\",\"@id\":\"https:\/\/xenonkungen.com\/#website\",\"url\":\"https:\/\/xenonkungen.com\/\",\"name\":\"Xenonkungen\",\"description\":\"\",\"potentialAction\":[{\"@type\":\"SearchAction\",\"target\":{\"@type\":\"EntryPoint\",\"urlTemplate\":\"https:\/\/xenonkungen.com\/?s={search_term_string}\"},\"query-input\":{\"@type\":\"PropertyValueSpecification\",\"valueRequired\":true,\"valueName\":\"search_term_string\"}}],\"inLanguage\":\"da-DK\"}]}<\/script>\n<!-- \/ Yoast SEO plugin. -->","yoast_head_json":{"title":"W-Light XTREME W9 RAD4 - Xenon-kongen","robots":{"index":"index","follow":"follow","max-snippet":"max-snippet:-1","max-image-preview":"max-image-preview:large","max-video-preview":"max-video-preview:-1"},"canonical":"https:\/\/xenonkungen.com\/dk\/vare\/w-light-xtreme-w9-rad4\/","og_locale":"da_DK","og_type":"article","og_title":"W-Light XTREME W9 RAD4 - Xenonkungen","og_description":"W-Light XTREME W9 RAD4 \u00e4r ett kraftfullt LED-extraljus med imponerande r\u00e4ckvidd och modern Dark Look-design. Med upp till 15 000 lumen, optimerad ljusbild och tv\u00e5f\u00e4rgat positionsljus (vitt\/orange) ger det utm\u00e4rkt sikt och ett exklusivt uttryck. Robust konstruktion, \u00f6gonv\u00e4nligt 5500 K-ljus och enkel montering med DT4-kontakt g\u00f6r W9 RAD4 till ett sj\u00e4lvklart val f\u00f6r kr\u00e4vande k\u00f6rning i alla f\u00f6rh\u00e5llanden.","og_url":"https:\/\/xenonkungen.com\/dk\/vare\/w-light-xtreme-w9-rad4\/","og_site_name":"Xenonkungen","article_modified_time":"2026-05-04T16:02:34+00:00","og_image":[{"width":1024,"height":719,"url":"https:\/\/xenonkungen.com\/wp-content\/uploads\/2026\/02\/RAD4-5stx9tum-W-Light-w9-Phoenix-Paket-White-PNNG-1024x719.png","type":"image\/png"}],"twitter_card":"summary_large_image","twitter_misc":{"Estimeret l\u00e6setid":"2 minutter"},"schema":{"@context":"https:\/\/schema.org","@graph":[{"@type":"WebPage","@id":"https:\/\/xenonkungen.com\/produkt\/w-light-xtreme-w9-rad4\/","url":"https:\/\/xenonkungen.com\/produkt\/w-light-xtreme-w9-rad4\/","name":"W-Light XTREME W9 RAD4 - Xenon-kongen","isPartOf":{"@id":"https:\/\/xenonkungen.com\/#website"},"primaryImageOfPage":{"@id":"https:\/\/xenonkungen.com\/produkt\/w-light-xtreme-w9-rad4\/#primaryimage"},"image":{"@id":"https:\/\/xenonkungen.com\/produkt\/w-light-xtreme-w9-rad4\/#primaryimage"},"thumbnailUrl":"https:\/\/xenonkungen.com\/wp-content\/uploads\/2026\/02\/RAD4-5stx9tum-W-Light-w9-Phoenix-Paket-White-PNNG.png","datePublished":"2026-02-02T14:30:19+00:00","dateModified":"2026-05-04T16:02:34+00:00","breadcrumb":{"@id":"https:\/\/xenonkungen.com\/produkt\/w-light-xtreme-w9-rad4\/#breadcrumb"},"inLanguage":"da-DK","potentialAction":[{"@type":"ReadAction","target":["https:\/\/xenonkungen.com\/produkt\/w-light-xtreme-w9-rad4\/"]}]},{"@type":"ImageObject","inLanguage":"da-DK","@id":"https:\/\/xenonkungen.com\/produkt\/w-light-xtreme-w9-rad4\/#primaryimage","url":"https:\/\/xenonkungen.com\/wp-content\/uploads\/2026\/02\/RAD4-5stx9tum-W-Light-w9-Phoenix-Paket-White-PNNG.png","contentUrl":"https:\/\/xenonkungen.com\/wp-content\/uploads\/2026\/02\/RAD4-5stx9tum-W-Light-w9-Phoenix-Paket-White-PNNG.png","width":2450,"height":1720},{"@type":"BreadcrumbList","@id":"https:\/\/xenonkungen.com\/produkt\/w-light-xtreme-w9-rad4\/#breadcrumb","itemListElement":[{"@type":"ListItem","position":1,"name":"Hem","item":"https:\/\/xenonkungen.com\/"},{"@type":"ListItem","position":2,"name":"Shop","item":"https:\/\/xenonkungen.com\/shop\/"},{"@type":"ListItem","position":3,"name":"W-Light XTREME W9 RAD4"}]},{"@type":"WebSite","@id":"https:\/\/xenonkungen.com\/#website","url":"https:\/\/xenonkungen.com\/","name":"Xenonkungen","description":"","potentialAction":[{"@type":"SearchAction","target":{"@type":"EntryPoint","urlTemplate":"https:\/\/xenonkungen.com\/?s={search_term_string}"},"query-input":{"@type":"PropertyValueSpecification","valueRequired":true,"valueName":"search_term_string"}}],"inLanguage":"da-DK"}]}},"taxonomy_info":{"product_brand":[{"value":114,"label":"W-Light"},{"value":115,"label":"XBB"},{"value":117,"label":"Xenonkungen"}],"product_cat":[{"value":1859,"label":"Extraljuspaket"}]},"featured_image_src_large":["https:\/\/xenonkungen.com\/wp-content\/uploads\/2026\/02\/RAD4-5stx9tum-W-Light-w9-Phoenix-Paket-White-PNNG-1024x719.png",1024,719,true],"author_info":[],"comment_info":0,"_links":{"self":[{"href":"https:\/\/xenonkungen.com\/dk\/wp-json\/wp\/v2\/product\/25816","targetHints":{"allow":["GET"]}}],"collection":[{"href":"https:\/\/xenonkungen.com\/dk\/wp-json\/wp\/v2\/product"}],"about":[{"href":"https:\/\/xenonkungen.com\/dk\/wp-json\/wp\/v2\/types\/product"}],"replies":[{"embeddable":true,"href":"https:\/\/xenonkungen.com\/dk\/wp-json\/wp\/v2\/comments?post=25816"}],"wp:featuredmedia":[{"embeddable":true,"href":"https:\/\/xenonkungen.com\/dk\/wp-json\/wp\/v2\/media\/25808"}],"wp:attachment":[{"href":"https:\/\/xenonkungen.com\/dk\/wp-json\/wp\/v2\/media?parent=25816"}],"wp:term":[{"taxonomy":"anvandningsomrade","embeddable":true,"href":"https:\/\/xenonkungen.com\/dk\/wp-json\/wp\/v2\/anvandningsomrade?post=25816"},{"taxonomy":"bilmarken","embeddable":true,"href":"https:\/\/xenonkungen.com\/dk\/wp-json\/wp\/v2\/bilmarken?post=25816"},{"taxonomy":"product_brand","embeddable":true,"href":"https:\/\/xenonkungen.com\/dk\/wp-json\/wp\/v2\/product_brand?post=25816"},{"taxonomy":"product_cat","embeddable":true,"href":"https:\/\/xenonkungen.com\/dk\/wp-json\/wp\/v2\/product_cat?post=25816"},{"taxonomy":"product_tag","embeddable":true,"href":"https:\/\/xenonkungen.com\/dk\/wp-json\/wp\/v2\/product_tag?post=25816"}],"curies":[{"name":"wp","href":"https:\/\/api.w.org\/{rel}","templated":true}]}}