{"id":2585,"date":"2025-04-15T08:39:30","date_gmt":"2025-04-15T08:39:30","guid":{"rendered":"https:\/\/xenonkungen.com\/product\/xbb-smart-button\/"},"modified":"2026-04-01T07:58:19","modified_gmt":"2026-04-01T06:58:19","slug":"xbb-smart-knap","status":"publish","type":"product","link":"https:\/\/xenonkungen.com\/dk\/vare\/xbb-smart-knap\/","title":{"rendered":"XBB Smart-knap"},"content":{"rendered":"<h1>XBB Smart-knap<\/h1>\n<p>Styr din belysning eller dit tilsluttede udstyr med en tr\u00e5dl\u00f8s trykknap. Kommunikerer med din XBB Dongle via Bluetooth, s\u00e5 du ikke beh\u00f8ver at klippe kabler over for at tilslutte en traditionel kablet kontakt.<\/p>\n<p>Knappen kan programmeres til at aktivere eller deaktivere output 1 og 2 p\u00e5 dine PowerUnits. Det betyder, at du har flere funktioner i den samme knap!<\/p>\n<p>Nedenfor er nogle eksempler p\u00e5, hvordan knappen kan bruges.<\/p>\n<p>Sluk dine ekstralys eller LED-ramper, hvis fjernlyset er aktiveret, for eksempel n\u00e5r det sner.<br \/>T\u00e6nd baklygterne\/arbejdslygterne uden at s\u00e6tte bilen i bakgear eller v\u00e6re i bilen.<br \/>Sluk for Halo-funktionen\/DRL i dine ekstralygter\/LED-bj\u00e6lker.<br \/>Knappen kan bruges uden at indl\u00e6se en opskrift i XBB-donglen.<br \/>Det betyder, at du kan bruge XBB Dongle &amp; XBB PowerUnit uden at din bilmodel er repr\u00e6senteret i opskriftsdatabasen!<br \/>Hurtig guide<\/p>\n<p>Installer XBB Smart Button via XBB Configurator-appen<\/p>\n<p>Start XBB Configurator-appen (tilg\u00e6ngelig i Google Play eller App Store).<br \/>Opret forbindelse til XBB Dongle med din telefon<br \/>V\u00e6lg fanen PowerUnit, og klik derefter for at tilf\u00f8je en enhed.<br \/>Klik p\u00e5 Tilf\u00f8j XBB-knap, XBB-donglen vil begynde at s\u00f8ge efter knappen.<br \/>Tryk \u00e9n gang p\u00e5 din XBB Smart Button, og klik p\u00e5 OK, n\u00e5r knappen er fundet.<br \/>Klik p\u00e5 indstillinger p\u00e5 PowerUnit<br \/>V\u00e6lg, hvad der skal ske, n\u00e5r du trykker p\u00e5 1 eller 2, og gem dine indstillinger.<br \/>Lav en funktionstest. Held og lykke!<br \/>Godt at vide<\/p>\n<p>BEM\u00c6RK: Brug kun vores XBB Configurator-app til at oprette forbindelse til knappen.<br \/>Du kan kun tilslutte \u00e9n knap til systemet.<br \/>Hvis du bruger 1 XBB Smart Button, kan du maksimalt tilslutte 3 XBB PowerUnits til systemet.<br \/>Hvis du holder knappen nede i 2 sekunder, annulleres alle knaptryk, hvis du er usikker p\u00e5, om en funktion er aktiveret eller ej.<br \/>For at skifte batteri skal du fastg\u00f8re knappen til en overflade og derefter skrue knappen til venstre. Batteriet er af typen CR2032.<br \/>Den er IKKE vandt\u00e6t.<\/p>","protected":false},"excerpt":{"rendered":"<p>En praktisk l\u00f8sning for dem af jer, der ikke altid \u00f8nsker at have ekstralysene eller LED-rampen k\u00f8rende!<\/p>","protected":false},"featured_media":2586,"comment_status":"closed","ping_status":"closed","template":"","meta":{"_acf_changed":false,"_smort_price_nok":"918","_smort_price_dkk":"583","_smort_price_eur":"78.09","_smort_sale_price_nok":"","_smort_sale_price_dkk":"","_smort_sale_price_eur":"","smort_restorder":"","shipmondo_restorder":"","_kad_blocks_custom_css":"","_kad_blocks_head_custom_js":"","_kad_blocks_body_custom_js":"","_kad_blocks_footer_custom_js":"","smort_custom_pricelist_1":"549.76","smort_custom_pricelist_2":"481.04","smort_custom_pricelist_3":"446.68","smort_custom_pricelist_4":"687.2","smort_custom_pricelist_5":"481.04"},"anvandningsomrade":[],"bilmarken":[],"product_brand":[115],"product_cat":[2487,2841,2828,2497,390],"product_tag":[],"class_list":{"0":"post-2585","1":"product","2":"type-product","3":"status-publish","4":"has-post-thumbnail","6":"product_brand-xbb","7":"product_cat-canbus-installation","8":"product_cat-installation-extraljus","9":"product_cat-installation-led-ramper","10":"product_cat-xbb","11":"product_cat-installation","13":"first","14":"instock","15":"taxable","16":"shipping-taxable","17":"purchasable","18":"product-type-simple"},"bundled_by":[],"bundle_stock_status":"instock","bundle_stock_quantity":65,"bundle_virtual":false,"bundle_layout":"","bundle_add_to_cart_form_location":"","bundle_editable_in_cart":false,"bundle_sold_individually_context":"","bundle_item_grouping":"","bundle_min_size":"","bundle_max_size":"","bundle_price":[],"bundled_items":[],"bundle_sell_ids":[],"acf":[],"yoast_head":"<!-- This site is optimized with the Yoast SEO plugin v27.0 - https:\/\/yoast.com\/product\/yoast-seo-wordpress\/ -->\n<title>XBB Smart Button - Xenonkungen<\/title>\n<meta name=\"robots\" content=\"index, follow, max-snippet:-1, max-image-preview:large, max-video-preview:-1\" \/>\n<link rel=\"canonical\" href=\"https:\/\/xenonkungen.com\/dk\/vare\/xbb-smart-knap\/\" \/>\n<meta property=\"og:locale\" content=\"da_DK\" \/>\n<meta property=\"og:type\" content=\"article\" \/>\n<meta property=\"og:title\" content=\"XBB Smart Button - Xenonkungen\" \/>\n<meta property=\"og:description\" content=\"Smidig l\u00f6sning f\u00f6r er som inte alltid vill ha Extraljusen eller Ledrampen ig\u00e5ng!\" \/>\n<meta property=\"og:url\" content=\"https:\/\/xenonkungen.com\/dk\/vare\/xbb-smart-knap\/\" \/>\n<meta property=\"og:site_name\" content=\"Xenonkungen\" \/>\n<meta property=\"article:modified_time\" content=\"2026-04-01T06:58:19+00:00\" \/>\n<meta property=\"og:image\" content=\"https:\/\/xenonkungen.com\/wp-content\/uploads\/2025\/04\/185172801-origpic-8373bb.png\" \/>\n\t<meta property=\"og:image:width\" content=\"2560\" \/>\n\t<meta property=\"og:image:height\" content=\"1920\" \/>\n\t<meta property=\"og:image:type\" content=\"image\/png\" \/>\n<meta name=\"twitter:card\" content=\"summary_large_image\" \/>\n<meta name=\"twitter:label1\" content=\"Estimeret l\u00e6setid\" \/>\n\t<meta name=\"twitter:data1\" content=\"2 minutter\" \/>\n<script type=\"application\/ld+json\" class=\"yoast-schema-graph\">{\"@context\":\"https:\/\/schema.org\",\"@graph\":[{\"@type\":\"WebPage\",\"@id\":\"https:\/\/xenonkungen.com\/no\/produkt\/xbb-smartknapp\/\",\"url\":\"https:\/\/xenonkungen.com\/no\/produkt\/xbb-smartknapp\/\",\"name\":\"XBB Smart Button - Xenonkungen\",\"isPartOf\":{\"@id\":\"https:\/\/xenonkungen.com\/#website\"},\"primaryImageOfPage\":{\"@id\":\"https:\/\/xenonkungen.com\/no\/produkt\/xbb-smartknapp\/#primaryimage\"},\"image\":{\"@id\":\"https:\/\/xenonkungen.com\/no\/produkt\/xbb-smartknapp\/#primaryimage\"},\"thumbnailUrl\":\"https:\/\/xenonkungen.com\/wp-content\/uploads\/2025\/04\/185172801-origpic-8373bb.png\",\"datePublished\":\"2025-04-15T08:39:30+00:00\",\"dateModified\":\"2026-04-01T06:58:19+00:00\",\"breadcrumb\":{\"@id\":\"https:\/\/xenonkungen.com\/no\/produkt\/xbb-smartknapp\/#breadcrumb\"},\"inLanguage\":\"da-DK\",\"potentialAction\":[{\"@type\":\"ReadAction\",\"target\":[\"https:\/\/xenonkungen.com\/no\/produkt\/xbb-smartknapp\/\"]}]},{\"@type\":\"ImageObject\",\"inLanguage\":\"da-DK\",\"@id\":\"https:\/\/xenonkungen.com\/no\/produkt\/xbb-smartknapp\/#primaryimage\",\"url\":\"https:\/\/xenonkungen.com\/wp-content\/uploads\/2025\/04\/185172801-origpic-8373bb.png\",\"contentUrl\":\"https:\/\/xenonkungen.com\/wp-content\/uploads\/2025\/04\/185172801-origpic-8373bb.png\",\"width\":2560,\"height\":1920},{\"@type\":\"BreadcrumbList\",\"@id\":\"https:\/\/xenonkungen.com\/no\/produkt\/xbb-smartknapp\/#breadcrumb\",\"itemListElement\":[{\"@type\":\"ListItem\",\"position\":1,\"name\":\"Hem\",\"item\":\"https:\/\/xenonkungen.com\/\"},{\"@type\":\"ListItem\",\"position\":2,\"name\":\"Shop\",\"item\":\"https:\/\/xenonkungen.com\/shop\/\"},{\"@type\":\"ListItem\",\"position\":3,\"name\":\"XBB Smart Button\"}]},{\"@type\":\"WebSite\",\"@id\":\"https:\/\/xenonkungen.com\/#website\",\"url\":\"https:\/\/xenonkungen.com\/\",\"name\":\"Xenonkungen\",\"description\":\"\",\"potentialAction\":[{\"@type\":\"SearchAction\",\"target\":{\"@type\":\"EntryPoint\",\"urlTemplate\":\"https:\/\/xenonkungen.com\/?s={search_term_string}\"},\"query-input\":{\"@type\":\"PropertyValueSpecification\",\"valueRequired\":true,\"valueName\":\"search_term_string\"}}],\"inLanguage\":\"da-DK\"}]}<\/script>\n<!-- \/ Yoast SEO plugin. -->","yoast_head_json":{"title":"XBB Smart Button - Xenon-kongen","robots":{"index":"index","follow":"follow","max-snippet":"max-snippet:-1","max-image-preview":"max-image-preview:large","max-video-preview":"max-video-preview:-1"},"canonical":"https:\/\/xenonkungen.com\/dk\/vare\/xbb-smart-knap\/","og_locale":"da_DK","og_type":"article","og_title":"XBB Smart Button - Xenonkungen","og_description":"Smidig l\u00f6sning f\u00f6r er som inte alltid vill ha Extraljusen eller Ledrampen ig\u00e5ng!","og_url":"https:\/\/xenonkungen.com\/dk\/vare\/xbb-smart-knap\/","og_site_name":"Xenonkungen","article_modified_time":"2026-04-01T06:58:19+00:00","og_image":[{"width":2560,"height":1920,"url":"https:\/\/xenonkungen.com\/wp-content\/uploads\/2025\/04\/185172801-origpic-8373bb.png","type":"image\/png"}],"twitter_card":"summary_large_image","twitter_misc":{"Estimeret l\u00e6setid":"2 minutter"},"schema":{"@context":"https:\/\/schema.org","@graph":[{"@type":"WebPage","@id":"https:\/\/xenonkungen.com\/no\/produkt\/xbb-smartknapp\/","url":"https:\/\/xenonkungen.com\/no\/produkt\/xbb-smartknapp\/","name":"XBB Smart Button - Xenon-kongen","isPartOf":{"@id":"https:\/\/xenonkungen.com\/#website"},"primaryImageOfPage":{"@id":"https:\/\/xenonkungen.com\/no\/produkt\/xbb-smartknapp\/#primaryimage"},"image":{"@id":"https:\/\/xenonkungen.com\/no\/produkt\/xbb-smartknapp\/#primaryimage"},"thumbnailUrl":"https:\/\/xenonkungen.com\/wp-content\/uploads\/2025\/04\/185172801-origpic-8373bb.png","datePublished":"2025-04-15T08:39:30+00:00","dateModified":"2026-04-01T06:58:19+00:00","breadcrumb":{"@id":"https:\/\/xenonkungen.com\/no\/produkt\/xbb-smartknapp\/#breadcrumb"},"inLanguage":"da-DK","potentialAction":[{"@type":"ReadAction","target":["https:\/\/xenonkungen.com\/no\/produkt\/xbb-smartknapp\/"]}]},{"@type":"ImageObject","inLanguage":"da-DK","@id":"https:\/\/xenonkungen.com\/no\/produkt\/xbb-smartknapp\/#primaryimage","url":"https:\/\/xenonkungen.com\/wp-content\/uploads\/2025\/04\/185172801-origpic-8373bb.png","contentUrl":"https:\/\/xenonkungen.com\/wp-content\/uploads\/2025\/04\/185172801-origpic-8373bb.png","width":2560,"height":1920},{"@type":"BreadcrumbList","@id":"https:\/\/xenonkungen.com\/no\/produkt\/xbb-smartknapp\/#breadcrumb","itemListElement":[{"@type":"ListItem","position":1,"name":"Hem","item":"https:\/\/xenonkungen.com\/"},{"@type":"ListItem","position":2,"name":"Shop","item":"https:\/\/xenonkungen.com\/shop\/"},{"@type":"ListItem","position":3,"name":"XBB Smart Button"}]},{"@type":"WebSite","@id":"https:\/\/xenonkungen.com\/#website","url":"https:\/\/xenonkungen.com\/","name":"Xenonkungen","description":"","potentialAction":[{"@type":"SearchAction","target":{"@type":"EntryPoint","urlTemplate":"https:\/\/xenonkungen.com\/?s={search_term_string}"},"query-input":{"@type":"PropertyValueSpecification","valueRequired":true,"valueName":"search_term_string"}}],"inLanguage":"da-DK"}]}},"taxonomy_info":{"product_brand":[{"value":115,"label":"XBB"}],"product_cat":[{"value":2487,"label":"Canbus"},{"value":2841,"label":"Installation extraljus"},{"value":2828,"label":"Installation LED-ramper"},{"value":2497,"label":"XBB"},{"value":390,"label":"Installation"}]},"featured_image_src_large":["https:\/\/xenonkungen.com\/wp-content\/uploads\/2025\/04\/185172801-origpic-8373bb-1024x768.png",1024,768,true],"author_info":[],"comment_info":5,"_links":{"self":[{"href":"https:\/\/xenonkungen.com\/dk\/wp-json\/wp\/v2\/product\/2585","targetHints":{"allow":["GET"]}}],"collection":[{"href":"https:\/\/xenonkungen.com\/dk\/wp-json\/wp\/v2\/product"}],"about":[{"href":"https:\/\/xenonkungen.com\/dk\/wp-json\/wp\/v2\/types\/product"}],"replies":[{"embeddable":true,"href":"https:\/\/xenonkungen.com\/dk\/wp-json\/wp\/v2\/comments?post=2585"}],"wp:featuredmedia":[{"embeddable":true,"href":"https:\/\/xenonkungen.com\/dk\/wp-json\/wp\/v2\/media\/2586"}],"wp:attachment":[{"href":"https:\/\/xenonkungen.com\/dk\/wp-json\/wp\/v2\/media?parent=2585"}],"wp:term":[{"taxonomy":"anvandningsomrade","embeddable":true,"href":"https:\/\/xenonkungen.com\/dk\/wp-json\/wp\/v2\/anvandningsomrade?post=2585"},{"taxonomy":"bilmarken","embeddable":true,"href":"https:\/\/xenonkungen.com\/dk\/wp-json\/wp\/v2\/bilmarken?post=2585"},{"taxonomy":"product_brand","embeddable":true,"href":"https:\/\/xenonkungen.com\/dk\/wp-json\/wp\/v2\/product_brand?post=2585"},{"taxonomy":"product_cat","embeddable":true,"href":"https:\/\/xenonkungen.com\/dk\/wp-json\/wp\/v2\/product_cat?post=2585"},{"taxonomy":"product_tag","embeddable":true,"href":"https:\/\/xenonkungen.com\/dk\/wp-json\/wp\/v2\/product_tag?post=2585"}],"curies":[{"name":"wp","href":"https:\/\/api.w.org\/{rel}","templated":true}]}}