{"id":25886,"date":"2026-02-03T14:27:47","date_gmt":"2026-02-03T13:27:47","guid":{"rendered":"https:\/\/xenonkungen.com\/?post_type=product&#038;p=25886"},"modified":"2026-04-11T00:08:36","modified_gmt":"2026-04-10T23:08:36","slug":"afbryder-3-trin","status":"publish","type":"product","link":"https:\/\/xenonkungen.com\/dk\/vare\/afbryder-3-trin\/","title":{"rendered":"Skift 3-trins"},"content":{"rendered":"<h2 data-start=\"124\" data-end=\"181\">Kontakt 12 V \u2013 3-trins (1-0-2) til ekstra forbrugere<\/h2>\n<p data-start=\"183\" data-end=\"430\">Glat og p\u00e5lidelig <strong data-start=\"203\" data-end=\"241\">12 V 3-trins afbryder (1-0-2)<\/strong> \u2013 perfekt til styring af ekstra forbrugere i k\u00f8ret\u00f8jer, maskiner og andre 12-volts installationer. Det kompakte design g\u00f8r den nem at installere og giver en klar og brugervenlig betjening.<\/p>\n<p data-start=\"432\" data-end=\"675\">Kontakten kan h\u00e5ndtere <strong data-start=\"453\" data-end=\"493\">op til 6 A kontinuerlig belastning<\/strong> og er udstyret med <strong data-start=\"514\" data-end=\"539\">fors\u00f8lvede kontakter<\/strong> for sikker kraftoverf\u00f8rsel og lang levetid. Det robuste hus i <strong data-start=\"606\" data-end=\"618\">nylon 66<\/strong> giver h\u00f8j slidstyrke og holdbarhed i daglig brug.<\/p>\n<p data-start=\"677\" data-end=\"839\">Med en levetid p\u00e5 <strong data-start=\"697\" data-end=\"730\">op til 10.000 operationer<\/strong> Dette er et p\u00e5lideligt valg til indend\u00f8rs installationer, hvor du \u00f8nsker nem kontrol over flere funktioner.<\/p>\n<p data-start=\"841\" data-end=\"1007\">\u2714 3-trins kontakt (1-0-2)<br data-start=\"865\" data-end=\"868\" \/>\u2714 12V-system<br data-start=\"881\" data-end=\"884\" \/>\u2714 Maks. 6 A kontinuerlig belastning<br data-start=\"917\" data-end=\"920\" \/>\u2714 Fors\u00f8lvede kontakter for stabil drift<br data-start=\"963\" data-end=\"966\" \/>\u2714 Nem installation \u2013 huldiameter 20,2 mm<\/p>\n<p data-start=\"1009\" data-end=\"1072\"><strong data-start=\"1009\" data-end=\"1023\">Bem\u00e6rk venligst:<\/strong> Beregnet til indend\u00f8rs brug, ikke til udend\u00f8rs installation.<\/p>","protected":false},"excerpt":{"rendered":"<p>Str\u00f6mbrytare 12 V \u2013 3-steg (1-0-2) f\u00f6r extraf\u00f6rbrukare Smidig och p\u00e5litlig 12 V str\u00f6mbrytare i 3-steg (1-0-2) \u2013 perfekt f\u00f6r styrning av extraf\u00f6rbrukare i fordon, maskiner och andra 12-voltsinstallationer. Den kompakta designen g\u00f6r den enkel att montera och ger en tydlig och l\u00e4ttanv\u00e4nd man\u00f6vrering. Str\u00f6mbrytaren klarar upp till 6 A kontinuerlig belastning och \u00e4r utrustad [&hellip;]<\/p>","protected":false},"featured_media":25887,"comment_status":"open","ping_status":"closed","template":"","meta":{"_acf_changed":false,"_smort_price_nok":"159","_smort_price_dkk":"","_smort_price_eur":"","_smort_sale_price_nok":"","_smort_sale_price_dkk":"","_smort_sale_price_eur":"","smort_restorder":"","shipmondo_restorder":"","_kad_blocks_custom_css":"","_kad_blocks_head_custom_js":"","_kad_blocks_body_custom_js":"","_kad_blocks_footer_custom_js":"","smort_custom_pricelist_1":"95.36","smort_custom_pricelist_2":"83.44","smort_custom_pricelist_3":"77.48","smort_custom_pricelist_4":"119.2","smort_custom_pricelist_5":"83.44"},"anvandningsomrade":[],"bilmarken":[],"product_brand":[2790],"product_cat":[2795,327,727],"product_tag":[],"class_list":{"0":"post-25886","1":"product","2":"type-product","3":"status-publish","4":"has-post-thumbnail","6":"product_brand-abkati","7":"product_cat-kablar-rela","8":"product_cat-kablar-kontakter","9":"product_cat-tillbehor","11":"first","12":"onbackorder","13":"taxable","14":"shipping-taxable","15":"purchasable","16":"product-type-simple"},"bundled_by":[],"bundle_stock_status":"onbackorder","bundle_stock_quantity":0,"bundle_virtual":false,"bundle_layout":"","bundle_add_to_cart_form_location":"","bundle_editable_in_cart":false,"bundle_sold_individually_context":"","bundle_item_grouping":"","bundle_min_size":"","bundle_max_size":"","bundle_price":[],"bundled_items":[],"bundle_sell_ids":[],"acf":[],"yoast_head":"<!-- This site is optimized with the Yoast SEO plugin v27.0 - https:\/\/yoast.com\/product\/yoast-seo-wordpress\/ -->\n<title>Str\u00f6mbrytare 3-steg - Xenonkungen<\/title>\n<meta name=\"robots\" content=\"index, follow, max-snippet:-1, max-image-preview:large, max-video-preview:-1\" \/>\n<link rel=\"canonical\" href=\"https:\/\/xenonkungen.com\/dk\/vare\/afbryder-3-trin\/\" \/>\n<meta property=\"og:locale\" content=\"da_DK\" \/>\n<meta property=\"og:type\" content=\"article\" \/>\n<meta property=\"og:title\" content=\"Str\u00f6mbrytare 3-steg - Xenonkungen\" \/>\n<meta property=\"og:description\" content=\"Str\u00f6mbrytare 12 V \u2013 3-steg (1-0-2) f\u00f6r extraf\u00f6rbrukare Smidig och p\u00e5litlig 12 V str\u00f6mbrytare i 3-steg (1-0-2) \u2013 perfekt f\u00f6r styrning av extraf\u00f6rbrukare i fordon, maskiner och andra 12-voltsinstallationer. Den kompakta designen g\u00f6r den enkel att montera och ger en tydlig och l\u00e4ttanv\u00e4nd man\u00f6vrering. Str\u00f6mbrytaren klarar upp till 6 A kontinuerlig belastning och \u00e4r utrustad [&hellip;]\" \/>\n<meta property=\"og:url\" content=\"https:\/\/xenonkungen.com\/dk\/vare\/afbryder-3-trin\/\" \/>\n<meta property=\"og:site_name\" content=\"Xenonkungen\" \/>\n<meta property=\"article:modified_time\" content=\"2026-04-10T23:08:36+00:00\" \/>\n<meta property=\"og:image\" content=\"https:\/\/xenonkungen.com\/wp-content\/uploads\/2026\/02\/Skarmbild-2026-02-03-142147.png\" \/>\n\t<meta property=\"og:image:width\" content=\"1125\" \/>\n\t<meta property=\"og:image:height\" content=\"840\" \/>\n\t<meta property=\"og:image:type\" content=\"image\/png\" \/>\n<meta name=\"twitter:card\" content=\"summary_large_image\" \/>\n<meta name=\"twitter:label1\" content=\"Estimeret l\u00e6setid\" \/>\n\t<meta name=\"twitter:data1\" content=\"1 minut\" \/>\n<script type=\"application\/ld+json\" class=\"yoast-schema-graph\">{\"@context\":\"https:\/\/schema.org\",\"@graph\":[{\"@type\":\"WebPage\",\"@id\":\"https:\/\/xenonkungen.com\/fi\/tuote\/strombrytare-3-steg\/\",\"url\":\"https:\/\/xenonkungen.com\/fi\/tuote\/strombrytare-3-steg\/\",\"name\":\"Str\u00f6mbrytare 3-steg - Xenonkungen\",\"isPartOf\":{\"@id\":\"https:\/\/xenonkungen.com\/#website\"},\"primaryImageOfPage\":{\"@id\":\"https:\/\/xenonkungen.com\/fi\/tuote\/strombrytare-3-steg\/#primaryimage\"},\"image\":{\"@id\":\"https:\/\/xenonkungen.com\/fi\/tuote\/strombrytare-3-steg\/#primaryimage\"},\"thumbnailUrl\":\"https:\/\/xenonkungen.com\/wp-content\/uploads\/2026\/02\/Skarmbild-2026-02-03-142147.png\",\"datePublished\":\"2026-02-03T13:27:47+00:00\",\"dateModified\":\"2026-04-10T23:08:36+00:00\",\"breadcrumb\":{\"@id\":\"https:\/\/xenonkungen.com\/fi\/tuote\/strombrytare-3-steg\/#breadcrumb\"},\"inLanguage\":\"da-DK\",\"potentialAction\":[{\"@type\":\"ReadAction\",\"target\":[\"https:\/\/xenonkungen.com\/fi\/tuote\/strombrytare-3-steg\/\"]}]},{\"@type\":\"ImageObject\",\"inLanguage\":\"da-DK\",\"@id\":\"https:\/\/xenonkungen.com\/fi\/tuote\/strombrytare-3-steg\/#primaryimage\",\"url\":\"https:\/\/xenonkungen.com\/wp-content\/uploads\/2026\/02\/Skarmbild-2026-02-03-142147.png\",\"contentUrl\":\"https:\/\/xenonkungen.com\/wp-content\/uploads\/2026\/02\/Skarmbild-2026-02-03-142147.png\",\"width\":1125,\"height\":840},{\"@type\":\"BreadcrumbList\",\"@id\":\"https:\/\/xenonkungen.com\/fi\/tuote\/strombrytare-3-steg\/#breadcrumb\",\"itemListElement\":[{\"@type\":\"ListItem\",\"position\":1,\"name\":\"Hem\",\"item\":\"https:\/\/xenonkungen.com\/\"},{\"@type\":\"ListItem\",\"position\":2,\"name\":\"Shop\",\"item\":\"https:\/\/xenonkungen.com\/shop\/\"},{\"@type\":\"ListItem\",\"position\":3,\"name\":\"Str\u00f6mbrytare 3-steg\"}]},{\"@type\":\"WebSite\",\"@id\":\"https:\/\/xenonkungen.com\/#website\",\"url\":\"https:\/\/xenonkungen.com\/\",\"name\":\"Xenonkungen\",\"description\":\"\",\"potentialAction\":[{\"@type\":\"SearchAction\",\"target\":{\"@type\":\"EntryPoint\",\"urlTemplate\":\"https:\/\/xenonkungen.com\/?s={search_term_string}\"},\"query-input\":{\"@type\":\"PropertyValueSpecification\",\"valueRequired\":true,\"valueName\":\"search_term_string\"}}],\"inLanguage\":\"da-DK\"}]}<\/script>\n<!-- \/ Yoast SEO plugin. -->","yoast_head_json":{"title":"Skift 3-trins - Xenonkungen","robots":{"index":"index","follow":"follow","max-snippet":"max-snippet:-1","max-image-preview":"max-image-preview:large","max-video-preview":"max-video-preview:-1"},"canonical":"https:\/\/xenonkungen.com\/dk\/vare\/afbryder-3-trin\/","og_locale":"da_DK","og_type":"article","og_title":"Str\u00f6mbrytare 3-steg - Xenonkungen","og_description":"Str\u00f6mbrytare 12 V \u2013 3-steg (1-0-2) f\u00f6r extraf\u00f6rbrukare Smidig och p\u00e5litlig 12 V str\u00f6mbrytare i 3-steg (1-0-2) \u2013 perfekt f\u00f6r styrning av extraf\u00f6rbrukare i fordon, maskiner och andra 12-voltsinstallationer. Den kompakta designen g\u00f6r den enkel att montera och ger en tydlig och l\u00e4ttanv\u00e4nd man\u00f6vrering. Str\u00f6mbrytaren klarar upp till 6 A kontinuerlig belastning och \u00e4r utrustad [&hellip;]","og_url":"https:\/\/xenonkungen.com\/dk\/vare\/afbryder-3-trin\/","og_site_name":"Xenonkungen","article_modified_time":"2026-04-10T23:08:36+00:00","og_image":[{"width":1125,"height":840,"url":"https:\/\/xenonkungen.com\/wp-content\/uploads\/2026\/02\/Skarmbild-2026-02-03-142147.png","type":"image\/png"}],"twitter_card":"summary_large_image","twitter_misc":{"Estimeret l\u00e6setid":"1 minut"},"schema":{"@context":"https:\/\/schema.org","@graph":[{"@type":"WebPage","@id":"https:\/\/xenonkungen.com\/fi\/tuote\/strombrytare-3-steg\/","url":"https:\/\/xenonkungen.com\/fi\/tuote\/strombrytare-3-steg\/","name":"Skift 3-trins - Xenonkungen","isPartOf":{"@id":"https:\/\/xenonkungen.com\/#website"},"primaryImageOfPage":{"@id":"https:\/\/xenonkungen.com\/fi\/tuote\/strombrytare-3-steg\/#primaryimage"},"image":{"@id":"https:\/\/xenonkungen.com\/fi\/tuote\/strombrytare-3-steg\/#primaryimage"},"thumbnailUrl":"https:\/\/xenonkungen.com\/wp-content\/uploads\/2026\/02\/Skarmbild-2026-02-03-142147.png","datePublished":"2026-02-03T13:27:47+00:00","dateModified":"2026-04-10T23:08:36+00:00","breadcrumb":{"@id":"https:\/\/xenonkungen.com\/fi\/tuote\/strombrytare-3-steg\/#breadcrumb"},"inLanguage":"da-DK","potentialAction":[{"@type":"ReadAction","target":["https:\/\/xenonkungen.com\/fi\/tuote\/strombrytare-3-steg\/"]}]},{"@type":"ImageObject","inLanguage":"da-DK","@id":"https:\/\/xenonkungen.com\/fi\/tuote\/strombrytare-3-steg\/#primaryimage","url":"https:\/\/xenonkungen.com\/wp-content\/uploads\/2026\/02\/Skarmbild-2026-02-03-142147.png","contentUrl":"https:\/\/xenonkungen.com\/wp-content\/uploads\/2026\/02\/Skarmbild-2026-02-03-142147.png","width":1125,"height":840},{"@type":"BreadcrumbList","@id":"https:\/\/xenonkungen.com\/fi\/tuote\/strombrytare-3-steg\/#breadcrumb","itemListElement":[{"@type":"ListItem","position":1,"name":"Hem","item":"https:\/\/xenonkungen.com\/"},{"@type":"ListItem","position":2,"name":"Shop","item":"https:\/\/xenonkungen.com\/shop\/"},{"@type":"ListItem","position":3,"name":"Str\u00f6mbrytare 3-steg"}]},{"@type":"WebSite","@id":"https:\/\/xenonkungen.com\/#website","url":"https:\/\/xenonkungen.com\/","name":"Xenonkungen","description":"","potentialAction":[{"@type":"SearchAction","target":{"@type":"EntryPoint","urlTemplate":"https:\/\/xenonkungen.com\/?s={search_term_string}"},"query-input":{"@type":"PropertyValueSpecification","valueRequired":true,"valueName":"search_term_string"}}],"inLanguage":"da-DK"}]}},"taxonomy_info":{"product_brand":[{"value":2790,"label":"Abkati"}],"product_cat":[{"value":2795,"label":"Kablar och Rel\u00e4"},{"value":327,"label":"Kablar | Kontakter"},{"value":727,"label":"Tillbeh\u00f6r"}]},"featured_image_src_large":["https:\/\/xenonkungen.com\/wp-content\/uploads\/2026\/02\/Skarmbild-2026-02-03-142147-1024x765.png",1024,765,true],"author_info":[],"comment_info":0,"_links":{"self":[{"href":"https:\/\/xenonkungen.com\/dk\/wp-json\/wp\/v2\/product\/25886","targetHints":{"allow":["GET"]}}],"collection":[{"href":"https:\/\/xenonkungen.com\/dk\/wp-json\/wp\/v2\/product"}],"about":[{"href":"https:\/\/xenonkungen.com\/dk\/wp-json\/wp\/v2\/types\/product"}],"replies":[{"embeddable":true,"href":"https:\/\/xenonkungen.com\/dk\/wp-json\/wp\/v2\/comments?post=25886"}],"wp:featuredmedia":[{"embeddable":true,"href":"https:\/\/xenonkungen.com\/dk\/wp-json\/wp\/v2\/media\/25887"}],"wp:attachment":[{"href":"https:\/\/xenonkungen.com\/dk\/wp-json\/wp\/v2\/media?parent=25886"}],"wp:term":[{"taxonomy":"anvandningsomrade","embeddable":true,"href":"https:\/\/xenonkungen.com\/dk\/wp-json\/wp\/v2\/anvandningsomrade?post=25886"},{"taxonomy":"bilmarken","embeddable":true,"href":"https:\/\/xenonkungen.com\/dk\/wp-json\/wp\/v2\/bilmarken?post=25886"},{"taxonomy":"product_brand","embeddable":true,"href":"https:\/\/xenonkungen.com\/dk\/wp-json\/wp\/v2\/product_brand?post=25886"},{"taxonomy":"product_cat","embeddable":true,"href":"https:\/\/xenonkungen.com\/dk\/wp-json\/wp\/v2\/product_cat?post=25886"},{"taxonomy":"product_tag","embeddable":true,"href":"https:\/\/xenonkungen.com\/dk\/wp-json\/wp\/v2\/product_tag?post=25886"}],"curies":[{"name":"wp","href":"https:\/\/api.w.org\/{rel}","templated":true}]}}