{"id":25932,"date":"2026-02-04T11:31:25","date_gmt":"2026-02-04T10:31:25","guid":{"rendered":"https:\/\/xenonkungen.com\/?post_type=product&#038;p=25932"},"modified":"2026-04-24T16:53:04","modified_gmt":"2026-04-24T15:53:04","slug":"hella-bremselys-2-005-200-161","status":"publish","type":"product","link":"https:\/\/xenonkungen.com\/dk\/vare\/hella-bremselys-2-005-200-161\/","title":{"rendered":"Hella Bremselys \u2013 2DA 005 200-161"},"content":{"rendered":"<h2 data-start=\"176\" data-end=\"223\">Baglygte med bremselys \u2013 HELLA (ECE-godkendt)<\/h2>\n<p data-start=\"225\" data-end=\"483\">Robust og p\u00e5lidelig <strong data-start=\"245\" data-end=\"268\">baglygte fra HELLA<\/strong>, designet til kr\u00e6vende bilmilj\u00f8er, hvor kvalitet og p\u00e5lidelighed er afg\u00f8rende. Lampen er <strong data-start=\"363\" data-end=\"377\">ECE-testet<\/strong>har <strong data-start=\"383\" data-end=\"400\">r\u00f8d lanterne glas<\/strong> og er beregnet til <strong data-start=\"419\" data-end=\"432\">indbygget<\/strong>, hvilket giver en p\u00e6n og professionel installation.<\/p>\n<p data-start=\"485\" data-end=\"586\">Perfekt som erstatnings- eller supplerende lampe til lastbiler, trailere, entrepren\u00f8r- og specialk\u00f8ret\u00f8jer.<\/p>\n<h3 data-start=\"588\" data-end=\"607\">Produktets fordele<\/h3>\n<ul data-start=\"608\" data-end=\"855\">\n<li data-start=\"608\" data-end=\"687\">\n<p data-start=\"610\" data-end=\"687\">Lavet af <strong data-start=\"624\" data-end=\"665\"><span class=\"hover:entity-accent entity-underline inline cursor-pointer align-baseline\"><span class=\"whitespace-normal\">HELLA<\/span><\/span><\/strong> \u2013 kendt OEM-kvalitet<\/p>\n<\/li>\n<li data-start=\"688\" data-end=\"731\">\n<p data-start=\"690\" data-end=\"731\">ECE-testet til lovlig brug p\u00e5 vejen<\/p>\n<\/li>\n<li data-start=\"732\" data-end=\"768\">\n<p data-start=\"734\" data-end=\"768\">Integreret <strong data-start=\"745\" data-end=\"766\">bremselysfunktion<\/strong><\/p>\n<\/li>\n<li data-start=\"769\" data-end=\"814\">\n<p data-start=\"771\" data-end=\"814\">Holdbar konstruktion for lang levetid<\/p>\n<\/li>\n<li data-start=\"815\" data-end=\"855\">\n<p data-start=\"817\" data-end=\"855\">Passer til begge <strong data-start=\"829\" data-end=\"855\">venstre og h\u00f8jre side<\/strong><\/p>\n<\/li>\n<\/ul>\n<h3 data-start=\"857\" data-end=\"876\">Specifikationer<\/h3>\n<ul data-start=\"877\" data-end=\"1150\">\n<li data-start=\"877\" data-end=\"906\">\n<p data-start=\"879\" data-end=\"906\">Monteringsmetode: Indbygget<\/p>\n<\/li>\n<li data-start=\"907\" data-end=\"936\">\n<p data-start=\"909\" data-end=\"936\">Position: Venstre \/ H\u00f8jre<\/p>\n<\/li>\n<li data-start=\"937\" data-end=\"970\">\n<p data-start=\"939\" data-end=\"970\">Lysfunktion: Bremselys<\/p>\n<\/li>\n<li data-start=\"971\" data-end=\"998\">\n<p data-start=\"973\" data-end=\"998\">Antal lysfunktioner: 1<\/p>\n<\/li>\n<li data-start=\"999\" data-end=\"1014\">\n<p data-start=\"1001\" data-end=\"1014\">Farve: Sort<\/p>\n<\/li>\n<li data-start=\"1015\" data-end=\"1032\">\n<p data-start=\"1017\" data-end=\"1032\">Linse: R\u00f8d<\/p>\n<\/li>\n<li data-start=\"1033\" data-end=\"1058\">\n<p data-start=\"1035\" data-end=\"1058\">Lampetype: <strong data-start=\"1044\" data-end=\"1056\">H4, P21W<\/strong><\/p>\n<\/li>\n<li data-start=\"1059\" data-end=\"1082\">\n<p data-start=\"1061\" data-end=\"1082\">Lampemodel: Halogen<\/p>\n<\/li>\n<li data-start=\"1083\" data-end=\"1117\">\n<p data-start=\"1085\" data-end=\"1117\">Leveret: <strong data-start=\"1096\" data-end=\"1115\">Uden p\u00e6rer<\/strong><\/p>\n<\/li>\n<li data-start=\"1118\" data-end=\"1150\">\n<p data-start=\"1120\" data-end=\"1150\">Registreringstype: ECE-testet<\/p>\n<\/li>\n<\/ul>\n<p data-start=\"1152\" data-end=\"1236\"><strong data-start=\"1155\" data-end=\"1169\">Bem\u00e6rk venligst:<\/strong><br data-start=\"1169\" data-end=\"1172\" \/>Montering og demontering skal udf\u00f8res af <strong data-start=\"1213\" data-end=\"1235\">specialiseret personale<\/strong>.<\/p>\n<h3 data-start=\"1238\" data-end=\"1260\">Vareoplysninger<\/h3>\n<ul data-start=\"1261\" data-end=\"1323\">\n<li data-start=\"1261\" data-end=\"1298\">\n<p data-start=\"1263\" data-end=\"1298\">Objektnummer: <strong data-start=\"1277\" data-end=\"1296\">2DA 005 200-161<\/strong><\/p>\n<\/li>\n<li data-start=\"1299\" data-end=\"1323\">\n<p data-start=\"1301\" data-end=\"1323\">EAN: <strong data-start=\"1306\" data-end=\"1323\">4082300050202<\/strong><\/p>\n<\/li>\n<\/ul>\n<h3 data-start=\"1325\" data-end=\"1352\">Referencer \/ OEM-numre<\/h3>\n<p data-start=\"1353\" data-end=\"1545\">Passer til k\u00f8ret\u00f8jer og anvendelser, hvor f\u00f8lgende referencer anvendes:<br data-start=\"1417\" data-end=\"1420\" \/>HELLA, Volvo, MAN, Iveco, Fiat, John Deere, Rosenbauer, Doll og andre.<br data-start=\"1486\" data-end=\"1489\" \/>(Blandt andet: 20543986, 14030300, 84252256034, 42047227)<\/p>","protected":false},"excerpt":{"rendered":"<p>Baklykta med bromsljus \u2013 HELLA (ECE-godk\u00e4nd) Robust och p\u00e5litlig baklykta fr\u00e5n HELLA, framtagen f\u00f6r kr\u00e4vande fordonsmilj\u00f6er d\u00e4r kvalitet och drifts\u00e4kerhet \u00e4r avg\u00f6rande. Lyktan \u00e4r ECE-testad, har r\u00f6tt lyktglas och \u00e4r avsedd f\u00f6r inbyggnad, vilket ger ett snyggt och professionellt montage. Perfekt som ers\u00e4ttnings- eller kompletteringslykta f\u00f6r lastbil, sl\u00e4p, entreprenad- och specialfordon. Produktf\u00f6rdelar Tillverkad av HELLA [&hellip;]<\/p>","protected":false},"featured_media":25933,"comment_status":"open","ping_status":"closed","template":"","meta":{"_acf_changed":false,"_smort_price_nok":"475","_smort_price_dkk":"","_smort_price_eur":"","_smort_sale_price_nok":"","_smort_sale_price_dkk":"","_smort_sale_price_eur":"","smort_restorder":"","shipmondo_restorder":"","_kad_blocks_custom_css":"","_kad_blocks_head_custom_js":"","_kad_blocks_body_custom_js":"","_kad_blocks_footer_custom_js":"","smort_custom_pricelist_1":"284.8","smort_custom_pricelist_2":"249.2","smort_custom_pricelist_3":"231.4","smort_custom_pricelist_4":"356","smort_custom_pricelist_5":"284.8"},"anvandningsomrade":[],"bilmarken":[],"product_brand":[],"product_cat":[2552],"product_tag":[],"class_list":{"0":"post-25932","1":"product","2":"type-product","3":"status-publish","4":"has-post-thumbnail","6":"product_cat-bakljus-slap","8":"first","9":"onbackorder","10":"taxable","11":"shipping-taxable","12":"purchasable","13":"product-type-simple"},"bundled_by":[],"bundle_stock_status":"onbackorder","bundle_stock_quantity":0,"bundle_virtual":false,"bundle_layout":"","bundle_add_to_cart_form_location":"","bundle_editable_in_cart":false,"bundle_sold_individually_context":"","bundle_item_grouping":"","bundle_min_size":"","bundle_max_size":"","bundle_price":[],"bundled_items":[],"bundle_sell_ids":[],"acf":[],"yoast_head":"<!-- This site is optimized with the Yoast SEO plugin v27.0 - https:\/\/yoast.com\/product\/yoast-seo-wordpress\/ -->\n<title>Hella Bromslykta - 2DA 005 200-161 - Xenonkungen<\/title>\n<meta name=\"robots\" content=\"index, follow, max-snippet:-1, max-image-preview:large, max-video-preview:-1\" \/>\n<link rel=\"canonical\" href=\"https:\/\/xenonkungen.com\/dk\/vare\/hella-bremselys-2-005-200-161\/\" \/>\n<meta property=\"og:locale\" content=\"da_DK\" \/>\n<meta property=\"og:type\" content=\"article\" \/>\n<meta property=\"og:title\" content=\"Hella Bromslykta - 2DA 005 200-161 - Xenonkungen\" \/>\n<meta property=\"og:description\" content=\"Baklykta med bromsljus \u2013 HELLA (ECE-godk\u00e4nd) Robust och p\u00e5litlig baklykta fr\u00e5n HELLA, framtagen f\u00f6r kr\u00e4vande fordonsmilj\u00f6er d\u00e4r kvalitet och drifts\u00e4kerhet \u00e4r avg\u00f6rande. Lyktan \u00e4r ECE-testad, har r\u00f6tt lyktglas och \u00e4r avsedd f\u00f6r inbyggnad, vilket ger ett snyggt och professionellt montage. Perfekt som ers\u00e4ttnings- eller kompletteringslykta f\u00f6r lastbil, sl\u00e4p, entreprenad- och specialfordon. Produktf\u00f6rdelar Tillverkad av HELLA [&hellip;]\" \/>\n<meta property=\"og:url\" content=\"https:\/\/xenonkungen.com\/dk\/vare\/hella-bremselys-2-005-200-161\/\" \/>\n<meta property=\"og:site_name\" content=\"Xenonkungen\" \/>\n<meta property=\"article:modified_time\" content=\"2026-04-24T15:53:04+00:00\" \/>\n<meta property=\"og:image\" content=\"https:\/\/xenonkungen.com\/wp-content\/uploads\/2026\/02\/2DA005200161.jpg\" \/>\n\t<meta property=\"og:image:width\" content=\"476\" \/>\n\t<meta property=\"og:image:height\" content=\"310\" \/>\n\t<meta property=\"og:image:type\" content=\"image\/jpeg\" \/>\n<meta name=\"twitter:card\" content=\"summary_large_image\" \/>\n<meta name=\"twitter:label1\" content=\"Estimeret l\u00e6setid\" \/>\n\t<meta name=\"twitter:data1\" content=\"1 minut\" \/>\n<script type=\"application\/ld+json\" class=\"yoast-schema-graph\">{\"@context\":\"https:\/\/schema.org\",\"@graph\":[{\"@type\":\"WebPage\",\"@id\":\"https:\/\/xenonkungen.com\/produkt\/hella-bromslykta-2da-005-200-161\/\",\"url\":\"https:\/\/xenonkungen.com\/produkt\/hella-bromslykta-2da-005-200-161\/\",\"name\":\"Hella Bromslykta - 2DA 005 200-161 - Xenonkungen\",\"isPartOf\":{\"@id\":\"https:\/\/xenonkungen.com\/#website\"},\"primaryImageOfPage\":{\"@id\":\"https:\/\/xenonkungen.com\/produkt\/hella-bromslykta-2da-005-200-161\/#primaryimage\"},\"image\":{\"@id\":\"https:\/\/xenonkungen.com\/produkt\/hella-bromslykta-2da-005-200-161\/#primaryimage\"},\"thumbnailUrl\":\"https:\/\/xenonkungen.com\/wp-content\/uploads\/2026\/02\/2DA005200161.jpg\",\"datePublished\":\"2026-02-04T10:31:25+00:00\",\"dateModified\":\"2026-04-24T15:53:04+00:00\",\"breadcrumb\":{\"@id\":\"https:\/\/xenonkungen.com\/produkt\/hella-bromslykta-2da-005-200-161\/#breadcrumb\"},\"inLanguage\":\"da-DK\",\"potentialAction\":[{\"@type\":\"ReadAction\",\"target\":[\"https:\/\/xenonkungen.com\/produkt\/hella-bromslykta-2da-005-200-161\/\"]}]},{\"@type\":\"ImageObject\",\"inLanguage\":\"da-DK\",\"@id\":\"https:\/\/xenonkungen.com\/produkt\/hella-bromslykta-2da-005-200-161\/#primaryimage\",\"url\":\"https:\/\/xenonkungen.com\/wp-content\/uploads\/2026\/02\/2DA005200161.jpg\",\"contentUrl\":\"https:\/\/xenonkungen.com\/wp-content\/uploads\/2026\/02\/2DA005200161.jpg\",\"width\":476,\"height\":310},{\"@type\":\"BreadcrumbList\",\"@id\":\"https:\/\/xenonkungen.com\/produkt\/hella-bromslykta-2da-005-200-161\/#breadcrumb\",\"itemListElement\":[{\"@type\":\"ListItem\",\"position\":1,\"name\":\"Hem\",\"item\":\"https:\/\/xenonkungen.com\/\"},{\"@type\":\"ListItem\",\"position\":2,\"name\":\"Shop\",\"item\":\"https:\/\/xenonkungen.com\/shop\/\"},{\"@type\":\"ListItem\",\"position\":3,\"name\":\"Hella Bromslykta &#8211; 2DA 005 200-161\"}]},{\"@type\":\"WebSite\",\"@id\":\"https:\/\/xenonkungen.com\/#website\",\"url\":\"https:\/\/xenonkungen.com\/\",\"name\":\"Xenonkungen\",\"description\":\"\",\"potentialAction\":[{\"@type\":\"SearchAction\",\"target\":{\"@type\":\"EntryPoint\",\"urlTemplate\":\"https:\/\/xenonkungen.com\/?s={search_term_string}\"},\"query-input\":{\"@type\":\"PropertyValueSpecification\",\"valueRequired\":true,\"valueName\":\"search_term_string\"}}],\"inLanguage\":\"da-DK\"}]}<\/script>\n<!-- \/ Yoast SEO plugin. -->","yoast_head_json":{"title":"Hella Bremselys - 2DA 005 200-161 - Xenonlygter","robots":{"index":"index","follow":"follow","max-snippet":"max-snippet:-1","max-image-preview":"max-image-preview:large","max-video-preview":"max-video-preview:-1"},"canonical":"https:\/\/xenonkungen.com\/dk\/vare\/hella-bremselys-2-005-200-161\/","og_locale":"da_DK","og_type":"article","og_title":"Hella Bromslykta - 2DA 005 200-161 - Xenonkungen","og_description":"Baklykta med bromsljus \u2013 HELLA (ECE-godk\u00e4nd) Robust och p\u00e5litlig baklykta fr\u00e5n HELLA, framtagen f\u00f6r kr\u00e4vande fordonsmilj\u00f6er d\u00e4r kvalitet och drifts\u00e4kerhet \u00e4r avg\u00f6rande. Lyktan \u00e4r ECE-testad, har r\u00f6tt lyktglas och \u00e4r avsedd f\u00f6r inbyggnad, vilket ger ett snyggt och professionellt montage. Perfekt som ers\u00e4ttnings- eller kompletteringslykta f\u00f6r lastbil, sl\u00e4p, entreprenad- och specialfordon. Produktf\u00f6rdelar Tillverkad av HELLA [&hellip;]","og_url":"https:\/\/xenonkungen.com\/dk\/vare\/hella-bremselys-2-005-200-161\/","og_site_name":"Xenonkungen","article_modified_time":"2026-04-24T15:53:04+00:00","og_image":[{"width":476,"height":310,"url":"https:\/\/xenonkungen.com\/wp-content\/uploads\/2026\/02\/2DA005200161.jpg","type":"image\/jpeg"}],"twitter_card":"summary_large_image","twitter_misc":{"Estimeret l\u00e6setid":"1 minut"},"schema":{"@context":"https:\/\/schema.org","@graph":[{"@type":"WebPage","@id":"https:\/\/xenonkungen.com\/produkt\/hella-bromslykta-2da-005-200-161\/","url":"https:\/\/xenonkungen.com\/produkt\/hella-bromslykta-2da-005-200-161\/","name":"Hella Bremselys - 2DA 005 200-161 - Xenonlygter","isPartOf":{"@id":"https:\/\/xenonkungen.com\/#website"},"primaryImageOfPage":{"@id":"https:\/\/xenonkungen.com\/produkt\/hella-bromslykta-2da-005-200-161\/#primaryimage"},"image":{"@id":"https:\/\/xenonkungen.com\/produkt\/hella-bromslykta-2da-005-200-161\/#primaryimage"},"thumbnailUrl":"https:\/\/xenonkungen.com\/wp-content\/uploads\/2026\/02\/2DA005200161.jpg","datePublished":"2026-02-04T10:31:25+00:00","dateModified":"2026-04-24T15:53:04+00:00","breadcrumb":{"@id":"https:\/\/xenonkungen.com\/produkt\/hella-bromslykta-2da-005-200-161\/#breadcrumb"},"inLanguage":"da-DK","potentialAction":[{"@type":"ReadAction","target":["https:\/\/xenonkungen.com\/produkt\/hella-bromslykta-2da-005-200-161\/"]}]},{"@type":"ImageObject","inLanguage":"da-DK","@id":"https:\/\/xenonkungen.com\/produkt\/hella-bromslykta-2da-005-200-161\/#primaryimage","url":"https:\/\/xenonkungen.com\/wp-content\/uploads\/2026\/02\/2DA005200161.jpg","contentUrl":"https:\/\/xenonkungen.com\/wp-content\/uploads\/2026\/02\/2DA005200161.jpg","width":476,"height":310},{"@type":"BreadcrumbList","@id":"https:\/\/xenonkungen.com\/produkt\/hella-bromslykta-2da-005-200-161\/#breadcrumb","itemListElement":[{"@type":"ListItem","position":1,"name":"Hem","item":"https:\/\/xenonkungen.com\/"},{"@type":"ListItem","position":2,"name":"Shop","item":"https:\/\/xenonkungen.com\/shop\/"},{"@type":"ListItem","position":3,"name":"Hella Bromslykta &#8211; 2DA 005 200-161"}]},{"@type":"WebSite","@id":"https:\/\/xenonkungen.com\/#website","url":"https:\/\/xenonkungen.com\/","name":"Xenonkungen","description":"","potentialAction":[{"@type":"SearchAction","target":{"@type":"EntryPoint","urlTemplate":"https:\/\/xenonkungen.com\/?s={search_term_string}"},"query-input":{"@type":"PropertyValueSpecification","valueRequired":true,"valueName":"search_term_string"}}],"inLanguage":"da-DK"}]}},"taxonomy_info":{"product_cat":[{"value":2552,"label":"Bakljus"}]},"featured_image_src_large":["https:\/\/xenonkungen.com\/wp-content\/uploads\/2026\/02\/2DA005200161.jpg",476,310,false],"author_info":[],"comment_info":0,"_links":{"self":[{"href":"https:\/\/xenonkungen.com\/dk\/wp-json\/wp\/v2\/product\/25932","targetHints":{"allow":["GET"]}}],"collection":[{"href":"https:\/\/xenonkungen.com\/dk\/wp-json\/wp\/v2\/product"}],"about":[{"href":"https:\/\/xenonkungen.com\/dk\/wp-json\/wp\/v2\/types\/product"}],"replies":[{"embeddable":true,"href":"https:\/\/xenonkungen.com\/dk\/wp-json\/wp\/v2\/comments?post=25932"}],"wp:featuredmedia":[{"embeddable":true,"href":"https:\/\/xenonkungen.com\/dk\/wp-json\/wp\/v2\/media\/25933"}],"wp:attachment":[{"href":"https:\/\/xenonkungen.com\/dk\/wp-json\/wp\/v2\/media?parent=25932"}],"wp:term":[{"taxonomy":"anvandningsomrade","embeddable":true,"href":"https:\/\/xenonkungen.com\/dk\/wp-json\/wp\/v2\/anvandningsomrade?post=25932"},{"taxonomy":"bilmarken","embeddable":true,"href":"https:\/\/xenonkungen.com\/dk\/wp-json\/wp\/v2\/bilmarken?post=25932"},{"taxonomy":"product_brand","embeddable":true,"href":"https:\/\/xenonkungen.com\/dk\/wp-json\/wp\/v2\/product_brand?post=25932"},{"taxonomy":"product_cat","embeddable":true,"href":"https:\/\/xenonkungen.com\/dk\/wp-json\/wp\/v2\/product_cat?post=25932"},{"taxonomy":"product_tag","embeddable":true,"href":"https:\/\/xenonkungen.com\/dk\/wp-json\/wp\/v2\/product_tag?post=25932"}],"curies":[{"name":"wp","href":"https:\/\/api.w.org\/{rel}","templated":true}]}}