{"id":2605,"date":"2025-04-15T08:39:48","date_gmt":"2025-04-15T08:39:48","guid":{"rendered":"https:\/\/xenonkungen.com\/product\/kabelsats-till-xbb-power-unit-dt\/"},"modified":"2026-04-17T15:44:18","modified_gmt":"2026-04-17T14:44:18","slug":"kabelsaet-til-xbb-stromforsyning-dt","status":"publish","type":"product","link":"https:\/\/xenonkungen.com\/dk\/vare\/kabelsaet-til-xbb-stromforsyning-dt\/","title":{"rendered":"Kabels\u00e6t til XBB Power Unit - DT"},"content":{"rendered":"<h1>Rel\u00e6kabels\u00e6t til XBB OBD-II str\u00f8mforsyning \u2013 DT<\/h1>\n<p>Ledningsf\u00f8ring ekskl. rel\u00e6 med DT-kontakt til direkte tilslutning og sikker str\u00f8mforsyning til en xenon-forkobling eller LED-ramper som f.eks. LUXTAR LED-rampe X6, X8 og op til X10, der har den tilsvarende kontakt.<\/p>\n<p><strong>12-24V (15A) DC<\/strong><\/p>\n<p><strong>40A sikring<\/strong><\/p>\n<p>Dette kabels\u00e6t kan sammen med XBB OBD II styre LED-rampe- og\/eller hj\u00e6lpelygter op til 15A (faktisk effekt). <\/p>\n<p><strong>Forbindelse<\/strong><br \/>1. Forbindes til batteriet (+), jordpunkt (-). <br \/>2. Str\u00f8mstik (+\/-) p\u00e5 ballast (alternativt lysbj\u00e6lkekabel)<\/p>\n<p>S\u00e6rlige instruktioner er ikke inkluderet.<\/p>\n<p><strong>Godt at vide<\/strong><br \/>Hvis du afkorter ledningerne, kan du betjene LED-ramper eller ekstra lys med h\u00f8jere effekt. <br \/>N\u00e5r den forl\u00e6nges, falder den maksimale effekt.<br \/>Den l\u00e6ngste afstand mellem batteri og lyskilde er 3 meter.<br \/>Fungerer lige s\u00e5 godt med halogen-ekstralygter.<\/p>\n<p>V\u00e6gt: 0,27 kg<\/p>\n<p>F\u00e5 mere at vide om, hvordan du bruger <a href=\"https:\/\/www.xenonkungen.com\/se\/produkter\/installationsmaterial\/xbb-dongle-power-unit\/\">XBB Dongle og str\u00f8mforsyning<\/a>.<\/p>","protected":false},"excerpt":{"rendered":"<p>Specielt ledningsnet med DT-stik designet til XBB OBD-ll-rel\u00e6.<\/p>","protected":false},"featured_media":2606,"comment_status":"closed","ping_status":"open","template":"","meta":{"_acf_changed":false,"_smort_price_nok":"240","_smort_price_dkk":"153","_smort_price_eur":"20.45","_smort_sale_price_nok":"","_smort_sale_price_dkk":"","_smort_sale_price_eur":"","smort_restorder":"","shipmondo_restorder":"","_kad_blocks_custom_css":"","_kad_blocks_head_custom_js":"","_kad_blocks_body_custom_js":"","_kad_blocks_footer_custom_js":"","smort_custom_pricelist_1":"124.8","smort_custom_pricelist_2":"109.2","smort_custom_pricelist_3":"103.74","smort_custom_pricelist_4":"180","smort_custom_pricelist_5":"109.2"},"anvandningsomrade":[],"bilmarken":[],"product_brand":[115],"product_cat":[2487,2841,2795,2796,2573,390],"product_tag":[],"class_list":{"0":"post-2605","1":"product","2":"type-product","3":"status-publish","4":"has-post-thumbnail","6":"product_brand-xbb","7":"product_cat-canbus-installation","8":"product_cat-installation-extraljus","9":"product_cat-kablar-rela","10":"product_cat-relakabelsatser","11":"product_cat-relasats-relasats-ledramper-relasats-extraljus-relasats-arbetsbelysning-xbb-installation","12":"product_cat-installation","13":"pa_volt-v-159","15":"first","16":"instock","17":"taxable","18":"shipping-taxable","19":"purchasable","20":"product-type-simple"},"bundled_by":["9152","9161","9170","9215","9223","9231","9239","9265","9271","9277","9283","9305","9309","9315","9509","9520","9527","9534","10292","10301","10303","21277","25797","25806","25816","25821","25824","25826","25827","25828"],"bundle_stock_status":"instock","bundle_stock_quantity":17,"bundle_virtual":false,"bundle_layout":"","bundle_add_to_cart_form_location":"","bundle_editable_in_cart":false,"bundle_sold_individually_context":"","bundle_item_grouping":"","bundle_min_size":"","bundle_max_size":"","bundle_price":[],"bundled_items":[],"bundle_sell_ids":[],"acf":[],"yoast_head":"<!-- This site is optimized with the Yoast SEO plugin v27.0 - https:\/\/yoast.com\/product\/yoast-seo-wordpress\/ -->\n<title>Kabelsats till XBB Power Unit - DT - Xenonkungen<\/title>\n<meta name=\"robots\" content=\"index, follow, max-snippet:-1, max-image-preview:large, max-video-preview:-1\" \/>\n<link rel=\"canonical\" href=\"https:\/\/xenonkungen.com\/dk\/vare\/kabelsaet-til-xbb-stromforsyning-dt\/\" \/>\n<meta property=\"og:locale\" content=\"da_DK\" \/>\n<meta property=\"og:type\" content=\"article\" \/>\n<meta property=\"og:title\" content=\"Kabelsats till XBB Power Unit - DT - Xenonkungen\" \/>\n<meta property=\"og:description\" content=\"Special kablage med DT-Kontakt framtaget till XBB OBD-ll rel\u00e4.\" \/>\n<meta property=\"og:url\" content=\"https:\/\/xenonkungen.com\/dk\/vare\/kabelsaet-til-xbb-stromforsyning-dt\/\" \/>\n<meta property=\"og:site_name\" content=\"Xenonkungen\" \/>\n<meta property=\"article:modified_time\" content=\"2026-04-17T14:44:18+00:00\" \/>\n<meta property=\"og:image\" content=\"https:\/\/xenonkungen.com\/wp-content\/uploads\/2025\/04\/209719873-origpic-fc4540.png\" \/>\n\t<meta property=\"og:image:width\" content=\"1000\" \/>\n\t<meta property=\"og:image:height\" content=\"665\" \/>\n\t<meta property=\"og:image:type\" content=\"image\/png\" \/>\n<meta name=\"twitter:card\" content=\"summary_large_image\" \/>\n<meta name=\"twitter:label1\" content=\"Estimeret l\u00e6setid\" \/>\n\t<meta name=\"twitter:data1\" content=\"1 minut\" \/>\n<script type=\"application\/ld+json\" class=\"yoast-schema-graph\">{\"@context\":\"https:\/\/schema.org\",\"@graph\":[{\"@type\":\"WebPage\",\"@id\":\"https:\/\/xenonkungen.com\/no\/produkt\/kabelsett-for-xbb-stromforsyning-dt\/\",\"url\":\"https:\/\/xenonkungen.com\/no\/produkt\/kabelsett-for-xbb-stromforsyning-dt\/\",\"name\":\"Kabelsats till XBB Power Unit - DT - Xenonkungen\",\"isPartOf\":{\"@id\":\"https:\/\/xenonkungen.com\/#website\"},\"primaryImageOfPage\":{\"@id\":\"https:\/\/xenonkungen.com\/no\/produkt\/kabelsett-for-xbb-stromforsyning-dt\/#primaryimage\"},\"image\":{\"@id\":\"https:\/\/xenonkungen.com\/no\/produkt\/kabelsett-for-xbb-stromforsyning-dt\/#primaryimage\"},\"thumbnailUrl\":\"https:\/\/xenonkungen.com\/wp-content\/uploads\/2025\/04\/209719873-origpic-fc4540.png\",\"datePublished\":\"2025-04-15T08:39:48+00:00\",\"dateModified\":\"2026-04-17T14:44:18+00:00\",\"breadcrumb\":{\"@id\":\"https:\/\/xenonkungen.com\/no\/produkt\/kabelsett-for-xbb-stromforsyning-dt\/#breadcrumb\"},\"inLanguage\":\"da-DK\",\"potentialAction\":[{\"@type\":\"ReadAction\",\"target\":[\"https:\/\/xenonkungen.com\/no\/produkt\/kabelsett-for-xbb-stromforsyning-dt\/\"]}]},{\"@type\":\"ImageObject\",\"inLanguage\":\"da-DK\",\"@id\":\"https:\/\/xenonkungen.com\/no\/produkt\/kabelsett-for-xbb-stromforsyning-dt\/#primaryimage\",\"url\":\"https:\/\/xenonkungen.com\/wp-content\/uploads\/2025\/04\/209719873-origpic-fc4540.png\",\"contentUrl\":\"https:\/\/xenonkungen.com\/wp-content\/uploads\/2025\/04\/209719873-origpic-fc4540.png\",\"width\":1000,\"height\":665},{\"@type\":\"BreadcrumbList\",\"@id\":\"https:\/\/xenonkungen.com\/no\/produkt\/kabelsett-for-xbb-stromforsyning-dt\/#breadcrumb\",\"itemListElement\":[{\"@type\":\"ListItem\",\"position\":1,\"name\":\"Hem\",\"item\":\"https:\/\/xenonkungen.com\/\"},{\"@type\":\"ListItem\",\"position\":2,\"name\":\"Shop\",\"item\":\"https:\/\/xenonkungen.com\/shop\/\"},{\"@type\":\"ListItem\",\"position\":3,\"name\":\"Kabelsats till XBB Power Unit &#8211; DT\"}]},{\"@type\":\"WebSite\",\"@id\":\"https:\/\/xenonkungen.com\/#website\",\"url\":\"https:\/\/xenonkungen.com\/\",\"name\":\"Xenonkungen\",\"description\":\"\",\"potentialAction\":[{\"@type\":\"SearchAction\",\"target\":{\"@type\":\"EntryPoint\",\"urlTemplate\":\"https:\/\/xenonkungen.com\/?s={search_term_string}\"},\"query-input\":{\"@type\":\"PropertyValueSpecification\",\"valueRequired\":true,\"valueName\":\"search_term_string\"}}],\"inLanguage\":\"da-DK\"}]}<\/script>\n<!-- \/ Yoast SEO plugin. -->","yoast_head_json":{"title":"Kabels\u00e6t til XBB str\u00f8mforsyning - DT - Xenonkungen","robots":{"index":"index","follow":"follow","max-snippet":"max-snippet:-1","max-image-preview":"max-image-preview:large","max-video-preview":"max-video-preview:-1"},"canonical":"https:\/\/xenonkungen.com\/dk\/vare\/kabelsaet-til-xbb-stromforsyning-dt\/","og_locale":"da_DK","og_type":"article","og_title":"Kabelsats till XBB Power Unit - DT - Xenonkungen","og_description":"Special kablage med DT-Kontakt framtaget till XBB OBD-ll rel\u00e4.","og_url":"https:\/\/xenonkungen.com\/dk\/vare\/kabelsaet-til-xbb-stromforsyning-dt\/","og_site_name":"Xenonkungen","article_modified_time":"2026-04-17T14:44:18+00:00","og_image":[{"width":1000,"height":665,"url":"https:\/\/xenonkungen.com\/wp-content\/uploads\/2025\/04\/209719873-origpic-fc4540.png","type":"image\/png"}],"twitter_card":"summary_large_image","twitter_misc":{"Estimeret l\u00e6setid":"1 minut"},"schema":{"@context":"https:\/\/schema.org","@graph":[{"@type":"WebPage","@id":"https:\/\/xenonkungen.com\/no\/produkt\/kabelsett-for-xbb-stromforsyning-dt\/","url":"https:\/\/xenonkungen.com\/no\/produkt\/kabelsett-for-xbb-stromforsyning-dt\/","name":"Kabels\u00e6t til XBB str\u00f8mforsyning - DT - Xenonkungen","isPartOf":{"@id":"https:\/\/xenonkungen.com\/#website"},"primaryImageOfPage":{"@id":"https:\/\/xenonkungen.com\/no\/produkt\/kabelsett-for-xbb-stromforsyning-dt\/#primaryimage"},"image":{"@id":"https:\/\/xenonkungen.com\/no\/produkt\/kabelsett-for-xbb-stromforsyning-dt\/#primaryimage"},"thumbnailUrl":"https:\/\/xenonkungen.com\/wp-content\/uploads\/2025\/04\/209719873-origpic-fc4540.png","datePublished":"2025-04-15T08:39:48+00:00","dateModified":"2026-04-17T14:44:18+00:00","breadcrumb":{"@id":"https:\/\/xenonkungen.com\/no\/produkt\/kabelsett-for-xbb-stromforsyning-dt\/#breadcrumb"},"inLanguage":"da-DK","potentialAction":[{"@type":"ReadAction","target":["https:\/\/xenonkungen.com\/no\/produkt\/kabelsett-for-xbb-stromforsyning-dt\/"]}]},{"@type":"ImageObject","inLanguage":"da-DK","@id":"https:\/\/xenonkungen.com\/no\/produkt\/kabelsett-for-xbb-stromforsyning-dt\/#primaryimage","url":"https:\/\/xenonkungen.com\/wp-content\/uploads\/2025\/04\/209719873-origpic-fc4540.png","contentUrl":"https:\/\/xenonkungen.com\/wp-content\/uploads\/2025\/04\/209719873-origpic-fc4540.png","width":1000,"height":665},{"@type":"BreadcrumbList","@id":"https:\/\/xenonkungen.com\/no\/produkt\/kabelsett-for-xbb-stromforsyning-dt\/#breadcrumb","itemListElement":[{"@type":"ListItem","position":1,"name":"Hem","item":"https:\/\/xenonkungen.com\/"},{"@type":"ListItem","position":2,"name":"Shop","item":"https:\/\/xenonkungen.com\/shop\/"},{"@type":"ListItem","position":3,"name":"Kabelsats till XBB Power Unit &#8211; DT"}]},{"@type":"WebSite","@id":"https:\/\/xenonkungen.com\/#website","url":"https:\/\/xenonkungen.com\/","name":"Xenonkungen","description":"","potentialAction":[{"@type":"SearchAction","target":{"@type":"EntryPoint","urlTemplate":"https:\/\/xenonkungen.com\/?s={search_term_string}"},"query-input":{"@type":"PropertyValueSpecification","valueRequired":true,"valueName":"search_term_string"}}],"inLanguage":"da-DK"}]}},"taxonomy_info":{"product_brand":[{"value":115,"label":"XBB"}],"product_cat":[{"value":2487,"label":"Canbus"},{"value":2841,"label":"Installation extraljus"},{"value":2795,"label":"Kablar och Rel\u00e4"},{"value":2796,"label":"Rel\u00e4kabelsatser"},{"value":2573,"label":"Rel\u00e4sats"},{"value":390,"label":"Installation"}],"pa_volt-v":[{"value":159,"label":"12"}]},"featured_image_src_large":["https:\/\/xenonkungen.com\/wp-content\/uploads\/2025\/04\/209719873-origpic-fc4540.png",1000,665,false],"author_info":[],"comment_info":3,"_links":{"self":[{"href":"https:\/\/xenonkungen.com\/dk\/wp-json\/wp\/v2\/product\/2605","targetHints":{"allow":["GET"]}}],"collection":[{"href":"https:\/\/xenonkungen.com\/dk\/wp-json\/wp\/v2\/product"}],"about":[{"href":"https:\/\/xenonkungen.com\/dk\/wp-json\/wp\/v2\/types\/product"}],"replies":[{"embeddable":true,"href":"https:\/\/xenonkungen.com\/dk\/wp-json\/wp\/v2\/comments?post=2605"}],"wp:featuredmedia":[{"embeddable":true,"href":"https:\/\/xenonkungen.com\/dk\/wp-json\/wp\/v2\/media\/2606"}],"wp:attachment":[{"href":"https:\/\/xenonkungen.com\/dk\/wp-json\/wp\/v2\/media?parent=2605"}],"wp:term":[{"taxonomy":"anvandningsomrade","embeddable":true,"href":"https:\/\/xenonkungen.com\/dk\/wp-json\/wp\/v2\/anvandningsomrade?post=2605"},{"taxonomy":"bilmarken","embeddable":true,"href":"https:\/\/xenonkungen.com\/dk\/wp-json\/wp\/v2\/bilmarken?post=2605"},{"taxonomy":"product_brand","embeddable":true,"href":"https:\/\/xenonkungen.com\/dk\/wp-json\/wp\/v2\/product_brand?post=2605"},{"taxonomy":"product_cat","embeddable":true,"href":"https:\/\/xenonkungen.com\/dk\/wp-json\/wp\/v2\/product_cat?post=2605"},{"taxonomy":"product_tag","embeddable":true,"href":"https:\/\/xenonkungen.com\/dk\/wp-json\/wp\/v2\/product_tag?post=2605"}],"curies":[{"name":"wp","href":"https:\/\/api.w.org\/{rel}","templated":true}]}}