{"id":2612,"date":"2025-04-15T08:39:48","date_gmt":"2025-04-15T08:39:48","guid":{"rendered":"https:\/\/xenonkungen.com\/product\/extraljussats-60w-xenon-speedstart-12-24v\/"},"modified":"2026-04-10T20:53:16","modified_gmt":"2026-04-10T19:53:16","slug":"ekstralyssaet-60w-xenon-speedstart-12-24v","status":"publish","type":"product","link":"https:\/\/xenonkungen.com\/dk\/vare\/ekstralyssaet-60w-xenon-speedstart-12-24v\/","title":{"rendered":"Ekstra lygtes\u00e6t 60W Xenon SpeedStart | 12\/24V"},"content":{"rendered":"<h1>Premium 60W hj\u00e6lpelyss\u00e6t<\/h1>\n<p>Den medf\u00f8lgende ballast HNS-6 har en effekt p\u00e5 60W (effektiv ~60W), og lampen har et matchende effektomr\u00e5de og karakteristika.<\/p>\n<p>Giver op til ca. <strong>450% mere lys<\/strong> sammenlignet med 55W halogen. Du f\u00e5r normalt ogs\u00e5 et meget bredere og l\u00e6ngere lysm\u00f8nster afh\u00e6ngigt af lampens egenskaber.<\/p>\n<p>En unik egenskab ved HNS-6 er, at den kan betjene alle xenonlamper, inklusive blyfri (D1\/D2\/D3\/D4). Der kr\u00e6ves dog specielle kabler til dette, og opgaven er i denne sammenh\u00e6ng givet at demonstrere HNS-6&#039;s avancerede teknologi.<\/p>\n<p><strong>Specifikationer<\/strong><br \/>Ballast: HNS-6 Super fast start<br \/>Effekt: 60W (~60W), 42V\/85V AC<br \/>Volt: 9-32V DC<br \/>Driftsmilj\u00f8: -40 til +85<br \/><span>Str\u00f8mforbrug: 5,2A\/12V<\/span><\/p>\n<p><strong>For ekstra lys med lampebase:<\/strong><br \/>D2H\/D2Y (NBB 225 osv.)<br \/>H1<br \/>H3<br \/>H7<\/p>\n<p><strong>Enhver farvetemperatur (K = Kelvin):<\/strong><br \/>4300K = 5600\u00b1100 lm, standard hvid<br \/>5000K = 5200\u00b1100 lm, klar hvid<br \/>6000K = 4700\u00b1100 lm, diamanthvid<br \/><em>Faktiske v\u00e6rdier<\/em> if\u00f8lge spektroanalyse.<br \/>- Vi anbefaler 4300K.<\/p>\n<p><em>Hvis du har ekstra lys med bl\u00e5t glas, anbefaler vi 4300K, det bl\u00e5 glas giver s\u00e5 en lysfarve p\u00e5 cirka 4800K.<\/em><\/p>\n<p><strong>Bem\u00e6rk!<\/strong> Rel\u00e6ledninger til almindelige halogen-extralygter er ikke egnet til drift af xenonlygter. De fleste supportsp\u00f8rgsm\u00e5l omhandler dette. K\u00f8b derfor en af vores <em>tilpasset<\/em> Rel\u00e6ledninger. F\u00e5s til 1, 2 eller 3 ekstra lys.<br \/>Hvis du bruger din egen ledningsf\u00f8ring, skal du bruge et 2,5 mm\u00b2 kabel og en sikring p\u00e5 15A. <em>om<\/em> ballast.<\/p>\n<p><strong>Indhold\/s\u00e6t:<\/strong><br \/>1. forkobling HNS-6 Superhurtig start 9-32V \/ Multivolt<br \/>1x Power xenon-lampe (specielt ekstralys)<br \/>1 stk. str\u00f8mkabel<\/p>\n<p>Garanti 3 \u00e5r Ballast | 1 \u00e5r Lampe<\/p>\n<p>Konverter din NBB 225 med dette s\u00e6t! <br \/><iframe loading=\"lazy\" frameborder=\"0\" height=\"315\" allow=\"accelerometer; autoplay; clipboard-write; encrypted-media; gyroscope; picture-in-picture\" src=\"https:\/\/www.youtube.com\/embed\/16ww_o6qDYg\" title=\"YouTube-videoafspiller\" width=\"560\" allowfullscreen=\"allowfullscreen\"><\/iframe><\/p>","protected":false},"excerpt":{"rendered":"<p>Premium xenon-s\u00e6t eksklusivt hos Xenonkungen. B\u00e5de forkobling og lamper er af typen Super hurtig start og h\u00f8j lysstyrke: hurtig start og med h\u00f8jere lysstyrke.<\/p>","protected":false},"featured_media":2613,"comment_status":"closed","ping_status":"closed","template":"","meta":{"_acf_changed":false,"_smort_price_nok":"561","_smort_price_dkk":"356","_smort_price_eur":"47.73","_smort_sale_price_nok":"","_smort_sale_price_dkk":"","_smort_sale_price_eur":"","smort_restorder":"","shipmondo_restorder":"","_kad_blocks_custom_css":"","_kad_blocks_head_custom_js":"","_kad_blocks_body_custom_js":"","_kad_blocks_footer_custom_js":"","smort_custom_pricelist_1":"336","smort_custom_pricelist_2":"294","smort_custom_pricelist_3":"279.3","smort_custom_pricelist_4":"420","smort_custom_pricelist_5":"294"},"anvandningsomrade":[],"bilmarken":[],"product_brand":[],"product_cat":[2485],"product_tag":[],"class_list":{"0":"post-2612","1":"product","2":"type-product","3":"status-publish","4":"has-post-thumbnail","6":"product_cat-xenonkonventering","7":"pa_fargtemperatur-5000k","8":"pa_fargtemperatur-6000k","9":"pa_fargtemperatur-4300k","10":"pa_fuktskydd-varde-ipxx-ip67","11":"pa_lampsockel-kontakt-h7","12":"pa_lampsockel-kontakt-d2h","13":"pa_lampsockel-kontakt-h1","14":"pa_lampsockel-kontakt-h3","15":"pa_volt-v-12-24-multivolt","17":"first","18":"instock","19":"taxable","20":"shipping-taxable","21":"purchasable","22":"product-type-variable"},"bundled_by":[],"bundle_stock_status":"instock","bundle_stock_quantity":111,"bundle_virtual":false,"bundle_layout":"","bundle_add_to_cart_form_location":"","bundle_editable_in_cart":false,"bundle_sold_individually_context":"","bundle_item_grouping":"","bundle_min_size":"","bundle_max_size":"","bundle_price":[],"bundled_items":[],"bundle_sell_ids":[],"acf":[],"yoast_head":"<!-- This site is optimized with the Yoast SEO plugin v27.0 - https:\/\/yoast.com\/product\/yoast-seo-wordpress\/ -->\n<title>Extraljussats 60W Xenon SpeedStart | 12\/24V - Xenonkungen<\/title>\n<meta name=\"robots\" content=\"index, follow, max-snippet:-1, max-image-preview:large, max-video-preview:-1\" \/>\n<link rel=\"canonical\" href=\"https:\/\/xenonkungen.com\/dk\/vare\/ekstralyssaet-60w-xenon-speedstart-12-24v\/\" \/>\n<meta property=\"og:locale\" content=\"da_DK\" \/>\n<meta property=\"og:type\" content=\"article\" \/>\n<meta property=\"og:title\" content=\"Extraljussats 60W Xenon SpeedStart | 12\/24V - Xenonkungen\" \/>\n<meta property=\"og:description\" content=\"Premium xenonkit exklusivt hos Xenonkungen. B\u00e5de ballast och lampor \u00e4r av typ Super fast start och High brightness: snabbstartande och med h\u00f6gre ljusstyrka.\" \/>\n<meta property=\"og:url\" content=\"https:\/\/xenonkungen.com\/dk\/vare\/ekstralyssaet-60w-xenon-speedstart-12-24v\/\" \/>\n<meta property=\"og:site_name\" content=\"Xenonkungen\" \/>\n<meta property=\"article:modified_time\" content=\"2026-04-10T19:53:16+00:00\" \/>\n<meta property=\"og:image\" content=\"https:\/\/xenonkungen.com\/wp-content\/uploads\/2025\/04\/77276113-origpic-6c59c8.jpg\" \/>\n\t<meta property=\"og:image:width\" content=\"600\" \/>\n\t<meta property=\"og:image:height\" content=\"600\" \/>\n\t<meta property=\"og:image:type\" content=\"image\/jpeg\" \/>\n<meta name=\"twitter:card\" content=\"summary_large_image\" \/>\n<meta name=\"twitter:label1\" content=\"Estimeret l\u00e6setid\" \/>\n\t<meta name=\"twitter:data1\" content=\"2 minutter\" \/>\n<script type=\"application\/ld+json\" class=\"yoast-schema-graph\">{\"@context\":\"https:\/\/schema.org\",\"@graph\":[{\"@type\":\"WebPage\",\"@id\":\"https:\/\/xenonkungen.com\/dk\/vare\/extraljussats-60w-xenon-speedstart-12-24v\/\",\"url\":\"https:\/\/xenonkungen.com\/dk\/vare\/extraljussats-60w-xenon-speedstart-12-24v\/\",\"name\":\"Extraljussats 60W Xenon SpeedStart | 12\/24V - Xenonkungen\",\"isPartOf\":{\"@id\":\"https:\/\/xenonkungen.com\/#website\"},\"primaryImageOfPage\":{\"@id\":\"https:\/\/xenonkungen.com\/dk\/vare\/extraljussats-60w-xenon-speedstart-12-24v\/#primaryimage\"},\"image\":{\"@id\":\"https:\/\/xenonkungen.com\/dk\/vare\/extraljussats-60w-xenon-speedstart-12-24v\/#primaryimage\"},\"thumbnailUrl\":\"https:\/\/xenonkungen.com\/wp-content\/uploads\/2025\/04\/77276113-origpic-6c59c8.jpg\",\"datePublished\":\"2025-04-15T08:39:48+00:00\",\"dateModified\":\"2026-04-10T19:53:16+00:00\",\"breadcrumb\":{\"@id\":\"https:\/\/xenonkungen.com\/dk\/vare\/extraljussats-60w-xenon-speedstart-12-24v\/#breadcrumb\"},\"inLanguage\":\"da-DK\",\"potentialAction\":[{\"@type\":\"ReadAction\",\"target\":[\"https:\/\/xenonkungen.com\/dk\/vare\/extraljussats-60w-xenon-speedstart-12-24v\/\"]}]},{\"@type\":\"ImageObject\",\"inLanguage\":\"da-DK\",\"@id\":\"https:\/\/xenonkungen.com\/dk\/vare\/extraljussats-60w-xenon-speedstart-12-24v\/#primaryimage\",\"url\":\"https:\/\/xenonkungen.com\/wp-content\/uploads\/2025\/04\/77276113-origpic-6c59c8.jpg\",\"contentUrl\":\"https:\/\/xenonkungen.com\/wp-content\/uploads\/2025\/04\/77276113-origpic-6c59c8.jpg\",\"width\":600,\"height\":600},{\"@type\":\"BreadcrumbList\",\"@id\":\"https:\/\/xenonkungen.com\/dk\/vare\/extraljussats-60w-xenon-speedstart-12-24v\/#breadcrumb\",\"itemListElement\":[{\"@type\":\"ListItem\",\"position\":1,\"name\":\"Hem\",\"item\":\"https:\/\/xenonkungen.com\/\"},{\"@type\":\"ListItem\",\"position\":2,\"name\":\"Shop\",\"item\":\"https:\/\/xenonkungen.com\/shop\/\"},{\"@type\":\"ListItem\",\"position\":3,\"name\":\"Extraljussats 60W Xenon SpeedStart | 12\/24V\"}]},{\"@type\":\"WebSite\",\"@id\":\"https:\/\/xenonkungen.com\/#website\",\"url\":\"https:\/\/xenonkungen.com\/\",\"name\":\"Xenonkungen\",\"description\":\"\",\"potentialAction\":[{\"@type\":\"SearchAction\",\"target\":{\"@type\":\"EntryPoint\",\"urlTemplate\":\"https:\/\/xenonkungen.com\/?s={search_term_string}\"},\"query-input\":{\"@type\":\"PropertyValueSpecification\",\"valueRequired\":true,\"valueName\":\"search_term_string\"}}],\"inLanguage\":\"da-DK\"}]}<\/script>\n<!-- \/ Yoast SEO plugin. -->","yoast_head_json":{"title":"Ekstralyss\u00e6t 60W Xenon SpeedStart | 12\/24V - Xenon-kongen","robots":{"index":"index","follow":"follow","max-snippet":"max-snippet:-1","max-image-preview":"max-image-preview:large","max-video-preview":"max-video-preview:-1"},"canonical":"https:\/\/xenonkungen.com\/dk\/vare\/ekstralyssaet-60w-xenon-speedstart-12-24v\/","og_locale":"da_DK","og_type":"article","og_title":"Extraljussats 60W Xenon SpeedStart | 12\/24V - Xenonkungen","og_description":"Premium xenonkit exklusivt hos Xenonkungen. B\u00e5de ballast och lampor \u00e4r av typ Super fast start och High brightness: snabbstartande och med h\u00f6gre ljusstyrka.","og_url":"https:\/\/xenonkungen.com\/dk\/vare\/ekstralyssaet-60w-xenon-speedstart-12-24v\/","og_site_name":"Xenonkungen","article_modified_time":"2026-04-10T19:53:16+00:00","og_image":[{"width":600,"height":600,"url":"https:\/\/xenonkungen.com\/wp-content\/uploads\/2025\/04\/77276113-origpic-6c59c8.jpg","type":"image\/jpeg"}],"twitter_card":"summary_large_image","twitter_misc":{"Estimeret l\u00e6setid":"2 minutter"},"schema":{"@context":"https:\/\/schema.org","@graph":[{"@type":"WebPage","@id":"https:\/\/xenonkungen.com\/dk\/vare\/extraljussats-60w-xenon-speedstart-12-24v\/","url":"https:\/\/xenonkungen.com\/dk\/vare\/extraljussats-60w-xenon-speedstart-12-24v\/","name":"Ekstralyss\u00e6t 60W Xenon SpeedStart | 12\/24V - Xenon-kongen","isPartOf":{"@id":"https:\/\/xenonkungen.com\/#website"},"primaryImageOfPage":{"@id":"https:\/\/xenonkungen.com\/dk\/vare\/extraljussats-60w-xenon-speedstart-12-24v\/#primaryimage"},"image":{"@id":"https:\/\/xenonkungen.com\/dk\/vare\/extraljussats-60w-xenon-speedstart-12-24v\/#primaryimage"},"thumbnailUrl":"https:\/\/xenonkungen.com\/wp-content\/uploads\/2025\/04\/77276113-origpic-6c59c8.jpg","datePublished":"2025-04-15T08:39:48+00:00","dateModified":"2026-04-10T19:53:16+00:00","breadcrumb":{"@id":"https:\/\/xenonkungen.com\/dk\/vare\/extraljussats-60w-xenon-speedstart-12-24v\/#breadcrumb"},"inLanguage":"da-DK","potentialAction":[{"@type":"ReadAction","target":["https:\/\/xenonkungen.com\/dk\/vare\/extraljussats-60w-xenon-speedstart-12-24v\/"]}]},{"@type":"ImageObject","inLanguage":"da-DK","@id":"https:\/\/xenonkungen.com\/dk\/vare\/extraljussats-60w-xenon-speedstart-12-24v\/#primaryimage","url":"https:\/\/xenonkungen.com\/wp-content\/uploads\/2025\/04\/77276113-origpic-6c59c8.jpg","contentUrl":"https:\/\/xenonkungen.com\/wp-content\/uploads\/2025\/04\/77276113-origpic-6c59c8.jpg","width":600,"height":600},{"@type":"BreadcrumbList","@id":"https:\/\/xenonkungen.com\/dk\/vare\/extraljussats-60w-xenon-speedstart-12-24v\/#breadcrumb","itemListElement":[{"@type":"ListItem","position":1,"name":"Hem","item":"https:\/\/xenonkungen.com\/"},{"@type":"ListItem","position":2,"name":"Shop","item":"https:\/\/xenonkungen.com\/shop\/"},{"@type":"ListItem","position":3,"name":"Extraljussats 60W Xenon SpeedStart | 12\/24V"}]},{"@type":"WebSite","@id":"https:\/\/xenonkungen.com\/#website","url":"https:\/\/xenonkungen.com\/","name":"Xenonkungen","description":"","potentialAction":[{"@type":"SearchAction","target":{"@type":"EntryPoint","urlTemplate":"https:\/\/xenonkungen.com\/?s={search_term_string}"},"query-input":{"@type":"PropertyValueSpecification","valueRequired":true,"valueName":"search_term_string"}}],"inLanguage":"da-DK"}]}},"taxonomy_info":{"product_cat":[{"value":2485,"label":"XENONKONVENTERING"}],"pa_fargtemperatur":[{"value":154,"label":"5000K"},{"value":188,"label":"6000K"},{"value":755,"label":"4300K"}],"pa_fuktskydd-varde-ipxx":[{"value":333,"label":"IP67"}],"pa_lampsockel-kontakt":[{"value":206,"label":"H7"},{"value":1216,"label":"D2H"},{"value":336,"label":"H1"},{"value":339,"label":"H3"}],"pa_volt-v":[{"value":367,"label":"12, 24, Multivolt"}]},"featured_image_src_large":["https:\/\/xenonkungen.com\/wp-content\/uploads\/2025\/04\/77276113-origpic-6c59c8.jpg",600,600,false],"author_info":[],"comment_info":2,"_links":{"self":[{"href":"https:\/\/xenonkungen.com\/dk\/wp-json\/wp\/v2\/product\/2612","targetHints":{"allow":["GET"]}}],"collection":[{"href":"https:\/\/xenonkungen.com\/dk\/wp-json\/wp\/v2\/product"}],"about":[{"href":"https:\/\/xenonkungen.com\/dk\/wp-json\/wp\/v2\/types\/product"}],"replies":[{"embeddable":true,"href":"https:\/\/xenonkungen.com\/dk\/wp-json\/wp\/v2\/comments?post=2612"}],"wp:featuredmedia":[{"embeddable":true,"href":"https:\/\/xenonkungen.com\/dk\/wp-json\/wp\/v2\/media\/2613"}],"wp:attachment":[{"href":"https:\/\/xenonkungen.com\/dk\/wp-json\/wp\/v2\/media?parent=2612"}],"wp:term":[{"taxonomy":"anvandningsomrade","embeddable":true,"href":"https:\/\/xenonkungen.com\/dk\/wp-json\/wp\/v2\/anvandningsomrade?post=2612"},{"taxonomy":"bilmarken","embeddable":true,"href":"https:\/\/xenonkungen.com\/dk\/wp-json\/wp\/v2\/bilmarken?post=2612"},{"taxonomy":"product_brand","embeddable":true,"href":"https:\/\/xenonkungen.com\/dk\/wp-json\/wp\/v2\/product_brand?post=2612"},{"taxonomy":"product_cat","embeddable":true,"href":"https:\/\/xenonkungen.com\/dk\/wp-json\/wp\/v2\/product_cat?post=2612"},{"taxonomy":"product_tag","embeddable":true,"href":"https:\/\/xenonkungen.com\/dk\/wp-json\/wp\/v2\/product_tag?post=2612"}],"curies":[{"name":"wp","href":"https:\/\/api.w.org\/{rel}","templated":true}]}}