{"id":2642,"date":"2025-04-15T08:40:19","date_gmt":"2025-04-15T08:40:19","guid":{"rendered":"https:\/\/xenonkungen.com\/product\/xenonlook-halogen-h1\/"},"modified":"2026-04-15T07:58:36","modified_gmt":"2026-04-15T06:58:36","slug":"halogen-h1-med-xenon-look","status":"publish","type":"product","link":"https:\/\/xenonkungen.com\/dk\/vare\/halogen-h1-med-xenon-look\/","title":{"rendered":"Xenonlook Halogen | H1"},"content":{"rendered":"<p>Vores nye serie med halogen-xenon-look.<br \/>\nPerfekt til at give din bil et mere moderne look.<\/p>\n<p>Disse lamper er rigtig gode i betragtning af, at de har normal standardeffekt. Det er derfor kun i udseende (lysfarve), at de n\u00e6rmer sig xenonlys.<\/p>\n<p>Lygterne passer lige s\u00e5 godt i bilens almindelige belysning som i ekstralygterne.<\/p>\n<p>Hvis du er p\u00e5 udkig efter et mere gult lys, giver vores \"Offroad\"-serie dig det klassiske Le Mans-lys med en gul tone.<\/p>\n<p><strong>Godt at vide<\/strong><br \/>\nDisse p\u00e6rer skifter p\u00e5 samme m\u00e5de som enhver halogenp\u00e6re, hvilket g\u00f8r dette til en vare, som vi mener, at alle kan skifte selv.<\/p>","protected":false},"excerpt":{"rendered":"<p>Xenonlook Halogenlampe med god ydeevne og hvidere lys! Til dem, der \u00f8nsker at modernisere udseendet uden at skifte til LED eller Xenon<\/p>\n<p>Samme effekt som original halogen<\/p>\n<p>God levetid 4-500 timer<\/p>\n<p>E-m\u00e6rket, godkendt til brug p\u00e5 vejen<\/p>\n<p>Hvidere lys<\/p>\n<p>H\u00f8j kvalitet<\/p>","protected":false},"featured_media":2643,"comment_status":"closed","ping_status":"closed","template":"","meta":{"_acf_changed":false,"_smort_price_nok":"40","_smort_price_dkk":"85","_smort_price_eur":"11.36","_smort_sale_price_nok":"40","_smort_sale_price_dkk":"","_smort_sale_price_eur":"3.41","smort_restorder":"","shipmondo_restorder":"","_kad_blocks_custom_css":"","_kad_blocks_head_custom_js":"","_kad_blocks_body_custom_js":"","_kad_blocks_footer_custom_js":"","smort_custom_pricelist_1":"80","smort_custom_pricelist_2":"70","smort_custom_pricelist_3":"66.5","smort_custom_pricelist_4":"100","smort_custom_pricelist_5":"70"},"anvandningsomrade":[],"bilmarken":[],"product_brand":[117],"product_cat":[2543,733],"product_tag":[],"class_list":{"0":"post-2642","1":"product","2":"type-product","3":"status-publish","4":"has-post-thumbnail","6":"product_brand-xenonkungen","7":"product_cat-halogen-halvljus-helljus","8":"product_cat-halvljus-helljus","9":"pa_faktisk-effekts-forbrukning-841","10":"pa_fargtemperatur-4500k","11":"pa_godkannande-e-markt","12":"pa_lampsockel-kontakt-h1","13":"pa_volt-v-12v","15":"first","16":"instock","17":"sale","18":"taxable","19":"shipping-taxable","20":"purchasable","21":"product-type-simple"},"bundled_by":[],"bundle_stock_status":"instock","bundle_stock_quantity":363,"bundle_virtual":false,"bundle_layout":"","bundle_add_to_cart_form_location":"","bundle_editable_in_cart":false,"bundle_sold_individually_context":"","bundle_item_grouping":"","bundle_min_size":"","bundle_max_size":"","bundle_price":[],"bundled_items":[],"bundle_sell_ids":[],"acf":[],"yoast_head":"<!-- This site is optimized with the Yoast SEO plugin v27.0 - https:\/\/yoast.com\/product\/yoast-seo-wordpress\/ -->\n<title>Xenonlook Halogen | H1 - Xenonkungen<\/title>\n<meta name=\"robots\" content=\"index, follow, max-snippet:-1, max-image-preview:large, max-video-preview:-1\" \/>\n<link rel=\"canonical\" href=\"https:\/\/xenonkungen.com\/dk\/vare\/halogen-h1-med-xenon-look\/\" \/>\n<meta property=\"og:locale\" content=\"da_DK\" \/>\n<meta property=\"og:type\" content=\"article\" \/>\n<meta property=\"og:title\" content=\"Xenonlook Halogen | H1 - Xenonkungen\" \/>\n<meta property=\"og:description\" content=\"Xenonlook Halogenlampa med god prestanda och vitare ljus! F\u00f6r dig som vill modernisera utseendet utan att byta till LED eller Xenon  Samma effekt som orginal halogen  God livsl\u00e4ngd 4-500 timmar  E-M\u00e4rkt, Godk\u00e4nd att anv\u00e4nda p\u00e5 v\u00e4g  Vitare ljus  H\u00f6g kvalitet\" \/>\n<meta property=\"og:url\" content=\"https:\/\/xenonkungen.com\/dk\/vare\/halogen-h1-med-xenon-look\/\" \/>\n<meta property=\"og:site_name\" content=\"Xenonkungen\" \/>\n<meta property=\"article:modified_time\" content=\"2026-04-15T06:58:36+00:00\" \/>\n<meta property=\"og:image\" content=\"https:\/\/xenonkungen.com\/wp-content\/uploads\/2025\/04\/167049007-origpic-10536f.png\" \/>\n\t<meta property=\"og:image:width\" content=\"1000\" \/>\n\t<meta property=\"og:image:height\" content=\"1000\" \/>\n\t<meta property=\"og:image:type\" content=\"image\/png\" \/>\n<meta name=\"twitter:card\" content=\"summary_large_image\" \/>\n<meta name=\"twitter:label1\" content=\"Estimeret l\u00e6setid\" \/>\n\t<meta name=\"twitter:data1\" content=\"1 minut\" \/>\n<script type=\"application\/ld+json\" class=\"yoast-schema-graph\">{\"@context\":\"https:\/\/schema.org\",\"@graph\":[{\"@type\":\"WebPage\",\"@id\":\"https:\/\/xenonkungen.com\/produkt\/xenonlook-halogen-h1\/\",\"url\":\"https:\/\/xenonkungen.com\/produkt\/xenonlook-halogen-h1\/\",\"name\":\"Xenonlook Halogen | H1 - Xenonkungen\",\"isPartOf\":{\"@id\":\"https:\/\/xenonkungen.com\/#website\"},\"primaryImageOfPage\":{\"@id\":\"https:\/\/xenonkungen.com\/produkt\/xenonlook-halogen-h1\/#primaryimage\"},\"image\":{\"@id\":\"https:\/\/xenonkungen.com\/produkt\/xenonlook-halogen-h1\/#primaryimage\"},\"thumbnailUrl\":\"https:\/\/xenonkungen.com\/wp-content\/uploads\/2025\/04\/167049007-origpic-10536f.png\",\"datePublished\":\"2025-04-15T08:40:19+00:00\",\"dateModified\":\"2026-04-15T06:58:36+00:00\",\"breadcrumb\":{\"@id\":\"https:\/\/xenonkungen.com\/produkt\/xenonlook-halogen-h1\/#breadcrumb\"},\"inLanguage\":\"da-DK\",\"potentialAction\":[{\"@type\":\"ReadAction\",\"target\":[\"https:\/\/xenonkungen.com\/produkt\/xenonlook-halogen-h1\/\"]}]},{\"@type\":\"ImageObject\",\"inLanguage\":\"da-DK\",\"@id\":\"https:\/\/xenonkungen.com\/produkt\/xenonlook-halogen-h1\/#primaryimage\",\"url\":\"https:\/\/xenonkungen.com\/wp-content\/uploads\/2025\/04\/167049007-origpic-10536f.png\",\"contentUrl\":\"https:\/\/xenonkungen.com\/wp-content\/uploads\/2025\/04\/167049007-origpic-10536f.png\",\"width\":1000,\"height\":1000},{\"@type\":\"BreadcrumbList\",\"@id\":\"https:\/\/xenonkungen.com\/produkt\/xenonlook-halogen-h1\/#breadcrumb\",\"itemListElement\":[{\"@type\":\"ListItem\",\"position\":1,\"name\":\"Hem\",\"item\":\"https:\/\/xenonkungen.com\/\"},{\"@type\":\"ListItem\",\"position\":2,\"name\":\"Shop\",\"item\":\"https:\/\/xenonkungen.com\/shop\/\"},{\"@type\":\"ListItem\",\"position\":3,\"name\":\"Xenonlook Halogen | H1\"}]},{\"@type\":\"WebSite\",\"@id\":\"https:\/\/xenonkungen.com\/#website\",\"url\":\"https:\/\/xenonkungen.com\/\",\"name\":\"Xenonkungen\",\"description\":\"\",\"potentialAction\":[{\"@type\":\"SearchAction\",\"target\":{\"@type\":\"EntryPoint\",\"urlTemplate\":\"https:\/\/xenonkungen.com\/?s={search_term_string}\"},\"query-input\":{\"@type\":\"PropertyValueSpecification\",\"valueRequired\":true,\"valueName\":\"search_term_string\"}}],\"inLanguage\":\"da-DK\"}]}<\/script>\n<!-- \/ Yoast SEO plugin. -->","yoast_head_json":{"title":"Halogen med xenon-look | H1 - Xenon-kongen","robots":{"index":"index","follow":"follow","max-snippet":"max-snippet:-1","max-image-preview":"max-image-preview:large","max-video-preview":"max-video-preview:-1"},"canonical":"https:\/\/xenonkungen.com\/dk\/vare\/halogen-h1-med-xenon-look\/","og_locale":"da_DK","og_type":"article","og_title":"Xenonlook Halogen | H1 - Xenonkungen","og_description":"Xenonlook Halogenlampa med god prestanda och vitare ljus! F\u00f6r dig som vill modernisera utseendet utan att byta till LED eller Xenon  Samma effekt som orginal halogen  God livsl\u00e4ngd 4-500 timmar  E-M\u00e4rkt, Godk\u00e4nd att anv\u00e4nda p\u00e5 v\u00e4g  Vitare ljus  H\u00f6g kvalitet","og_url":"https:\/\/xenonkungen.com\/dk\/vare\/halogen-h1-med-xenon-look\/","og_site_name":"Xenonkungen","article_modified_time":"2026-04-15T06:58:36+00:00","og_image":[{"width":1000,"height":1000,"url":"https:\/\/xenonkungen.com\/wp-content\/uploads\/2025\/04\/167049007-origpic-10536f.png","type":"image\/png"}],"twitter_card":"summary_large_image","twitter_misc":{"Estimeret l\u00e6setid":"1 minut"},"schema":{"@context":"https:\/\/schema.org","@graph":[{"@type":"WebPage","@id":"https:\/\/xenonkungen.com\/produkt\/xenonlook-halogen-h1\/","url":"https:\/\/xenonkungen.com\/produkt\/xenonlook-halogen-h1\/","name":"Halogen med xenon-look | H1 - Xenon-kongen","isPartOf":{"@id":"https:\/\/xenonkungen.com\/#website"},"primaryImageOfPage":{"@id":"https:\/\/xenonkungen.com\/produkt\/xenonlook-halogen-h1\/#primaryimage"},"image":{"@id":"https:\/\/xenonkungen.com\/produkt\/xenonlook-halogen-h1\/#primaryimage"},"thumbnailUrl":"https:\/\/xenonkungen.com\/wp-content\/uploads\/2025\/04\/167049007-origpic-10536f.png","datePublished":"2025-04-15T08:40:19+00:00","dateModified":"2026-04-15T06:58:36+00:00","breadcrumb":{"@id":"https:\/\/xenonkungen.com\/produkt\/xenonlook-halogen-h1\/#breadcrumb"},"inLanguage":"da-DK","potentialAction":[{"@type":"ReadAction","target":["https:\/\/xenonkungen.com\/produkt\/xenonlook-halogen-h1\/"]}]},{"@type":"ImageObject","inLanguage":"da-DK","@id":"https:\/\/xenonkungen.com\/produkt\/xenonlook-halogen-h1\/#primaryimage","url":"https:\/\/xenonkungen.com\/wp-content\/uploads\/2025\/04\/167049007-origpic-10536f.png","contentUrl":"https:\/\/xenonkungen.com\/wp-content\/uploads\/2025\/04\/167049007-origpic-10536f.png","width":1000,"height":1000},{"@type":"BreadcrumbList","@id":"https:\/\/xenonkungen.com\/produkt\/xenonlook-halogen-h1\/#breadcrumb","itemListElement":[{"@type":"ListItem","position":1,"name":"Hem","item":"https:\/\/xenonkungen.com\/"},{"@type":"ListItem","position":2,"name":"Shop","item":"https:\/\/xenonkungen.com\/shop\/"},{"@type":"ListItem","position":3,"name":"Xenonlook Halogen | H1"}]},{"@type":"WebSite","@id":"https:\/\/xenonkungen.com\/#website","url":"https:\/\/xenonkungen.com\/","name":"Xenonkungen","description":"","potentialAction":[{"@type":"SearchAction","target":{"@type":"EntryPoint","urlTemplate":"https:\/\/xenonkungen.com\/?s={search_term_string}"},"query-input":{"@type":"PropertyValueSpecification","valueRequired":true,"valueName":"search_term_string"}}],"inLanguage":"da-DK"}]}},"taxonomy_info":{"product_brand":[{"value":117,"label":"Xenonkungen"}],"product_cat":[{"value":2543,"label":"Halogen"},{"value":733,"label":"Halvljus \/ Helljus"}],"pa_faktisk-effekts-forbrukning":[{"value":841,"label":"55"}],"pa_fargtemperatur":[{"value":842,"label":"4500K"}],"pa_godkannande":[{"value":191,"label":"E-m\u00e4rkt"}],"pa_lampsockel-kontakt":[{"value":336,"label":"H1"}],"pa_volt-v":[{"value":843,"label":"12V"}]},"featured_image_src_large":["https:\/\/xenonkungen.com\/wp-content\/uploads\/2025\/04\/167049007-origpic-10536f.png",1000,1000,false],"author_info":[],"comment_info":1,"_links":{"self":[{"href":"https:\/\/xenonkungen.com\/dk\/wp-json\/wp\/v2\/product\/2642","targetHints":{"allow":["GET"]}}],"collection":[{"href":"https:\/\/xenonkungen.com\/dk\/wp-json\/wp\/v2\/product"}],"about":[{"href":"https:\/\/xenonkungen.com\/dk\/wp-json\/wp\/v2\/types\/product"}],"replies":[{"embeddable":true,"href":"https:\/\/xenonkungen.com\/dk\/wp-json\/wp\/v2\/comments?post=2642"}],"wp:featuredmedia":[{"embeddable":true,"href":"https:\/\/xenonkungen.com\/dk\/wp-json\/wp\/v2\/media\/2643"}],"wp:attachment":[{"href":"https:\/\/xenonkungen.com\/dk\/wp-json\/wp\/v2\/media?parent=2642"}],"wp:term":[{"taxonomy":"anvandningsomrade","embeddable":true,"href":"https:\/\/xenonkungen.com\/dk\/wp-json\/wp\/v2\/anvandningsomrade?post=2642"},{"taxonomy":"bilmarken","embeddable":true,"href":"https:\/\/xenonkungen.com\/dk\/wp-json\/wp\/v2\/bilmarken?post=2642"},{"taxonomy":"product_brand","embeddable":true,"href":"https:\/\/xenonkungen.com\/dk\/wp-json\/wp\/v2\/product_brand?post=2642"},{"taxonomy":"product_cat","embeddable":true,"href":"https:\/\/xenonkungen.com\/dk\/wp-json\/wp\/v2\/product_cat?post=2642"},{"taxonomy":"product_tag","embeddable":true,"href":"https:\/\/xenonkungen.com\/dk\/wp-json\/wp\/v2\/product_tag?post=2642"}],"curies":[{"name":"wp","href":"https:\/\/api.w.org\/{rel}","templated":true}]}}