{"id":27029,"date":"2026-03-02T11:16:58","date_gmt":"2026-03-02T10:16:58","guid":{"rendered":"https:\/\/xenonkungen.com\/?post_type=product&#038;p=27029"},"modified":"2026-04-11T01:21:35","modified_gmt":"2026-04-11T00:21:35","slug":"signallampe-2721mf-12v-1w-b8-5d-osram-original","status":"publish","type":"product","link":"https:\/\/xenonkungen.com\/dk\/vare\/signallampe-2721mf-12v-1w-b8-5d-osram-original\/","title":{"rendered":"Signallampe 2721MF 12V 1W B8.5d, OSRAM ORIGINAL"},"content":{"rendered":"<h2 data-start=\"641\" data-end=\"693\">OEM-kvalitet til instrument- og kontrolbelysning<\/h2>\n<p data-start=\"695\" data-end=\"947\">OSRAM ORIGINAL 2721MF er en p\u00e5lidelig signallampe til montering p\u00e5 printkort (PCB) og bruges prim\u00e6rt til instrument- og styrebelysning i k\u00f8ret\u00f8jer. Med dokumenteret OEM-kvalitet og stabil ydeevne er den et omkostningseffektivt valg til service og reparation.<\/p>\n<p data-start=\"949\" data-end=\"1183\">Lampen leverer en lysstr\u00f8m p\u00e5 6,4 lumen og er egnet til 12V-systemer med en nominel effekt p\u00e5 1W. Det kompakte design g\u00f8r den ideel til brug i dashboards og styreenheder, hvor en pr\u00e6cis pasform er afg\u00f8rende.<\/p>\n<h2 data-start=\"1185\" data-end=\"1214\">Tilpasset til printkortmontering<\/h2>\n<p data-start=\"1216\" data-end=\"1417\">Med en B8.5d-sokkel og en diameter p\u00e5 5 mm er lampen designet til montering i printkort med en printpladetykkelse p\u00e5 1,6 mm. Den sorte sokkel sikrer korrekt pasform og sikker installation i kompatible holdere.<\/p>\n<p data-start=\"1419\" data-end=\"1523\">Lampen har en nominel m\u00e6rkesp\u00e6nding p\u00e5 12V og en testsp\u00e6nding p\u00e5 13,5V, med en tolerance p\u00e5 \u00b110 % i str\u00f8mforbrug.<\/p>\n<h2 data-start=\"1525\" data-end=\"1547\">Levetid og drift<\/h2>\n<p data-start=\"1549\" data-end=\"1785\">OSRAM 2721MF tilbyder en levetid p\u00e5 op til 2000 timer (Tc) og 500 timer (B3), hvilket sikrer sikker og stabil drift i k\u00f8ret\u00f8jets elektriske system. Den er udviklet med AUX-teknologi og opfylder h\u00f8je krav til kvalitet og p\u00e5lidelighed.<\/p>\n<p data-start=\"1787\" data-end=\"1879\">Et oplagt valg, n\u00e5r du leder efter originale reservedele med sikker funktion og korrekt lysm\u00f8nster.<\/p>","protected":false},"excerpt":{"rendered":"<p>Omkostningseffektiv OEM-signallampe fra OSRAM til instrument- og styringsbelysning. 12V, 1W med B8.5d-sokkel og p\u00e5lidelig levetid til printkortmontering.<\/p>","protected":false},"featured_media":27030,"comment_status":"open","ping_status":"closed","template":"","meta":{"_acf_changed":false,"_smort_price_nok":"12","_smort_price_dkk":"","_smort_price_eur":"","_smort_sale_price_nok":"","_smort_sale_price_dkk":"","_smort_sale_price_eur":"","smort_restorder":"","shipmondo_restorder":"","_kad_blocks_custom_css":"","_kad_blocks_head_custom_js":"","_kad_blocks_body_custom_js":"","_kad_blocks_footer_custom_js":"","smort_custom_pricelist_1":"7.04","smort_custom_pricelist_2":"6.16","smort_custom_pricelist_3":"5.72","smort_custom_pricelist_4":"8.8","smort_custom_pricelist_5":"6.16"},"anvandningsomrade":[],"bilmarken":[],"product_brand":[],"product_cat":[338],"product_tag":[],"class_list":{"0":"post-27029","1":"product","2":"type-product","3":"status-publish","4":"has-post-thumbnail","6":"product_cat-diodlampor","7":"pa_faktisk-effekts-forbrukning-1674","8":"pa_lampsockel-kontakt-b8-5d","9":"pa_volt-v-159","11":"first","12":"instock","13":"taxable","14":"shipping-taxable","15":"purchasable","16":"product-type-simple"},"bundled_by":[],"bundle_stock_status":"instock","bundle_stock_quantity":5,"bundle_virtual":false,"bundle_layout":"","bundle_add_to_cart_form_location":"","bundle_editable_in_cart":false,"bundle_sold_individually_context":"","bundle_item_grouping":"","bundle_min_size":"","bundle_max_size":"","bundle_price":[],"bundled_items":[],"bundle_sell_ids":[],"acf":[],"yoast_head":"<!-- This site is optimized with the Yoast SEO plugin v27.0 - https:\/\/yoast.com\/product\/yoast-seo-wordpress\/ -->\n<title>Signallampa 2721MF 12V 1W B8.5d, OSRAM ORIGINAL - Xenonkungen OSRAM ORIGINAL 2721MF 12V 1W B8.5d - Xenonkungen<\/title>\n<meta name=\"description\" content=\"K\u00f6p OSRAM ORIGINAL 2721MF 12V 1W med B8.5d-sockel f\u00f6r instrumentbelysning. OEM-kvalitet och p\u00e5litlig prestanda. Snabb leverans. \u00d6ppet k\u00f6p 30 dagar. Handla enkelt p\u00e5 xenonkungen.com!\" \/>\n<meta name=\"robots\" content=\"index, follow, max-snippet:-1, max-image-preview:large, max-video-preview:-1\" \/>\n<link rel=\"canonical\" href=\"https:\/\/xenonkungen.com\/dk\/vare\/signallampe-2721mf-12v-1w-b8-5d-osram-original\/\" \/>\n<meta property=\"og:locale\" content=\"da_DK\" \/>\n<meta property=\"og:type\" content=\"article\" \/>\n<meta property=\"og:title\" content=\"Signallampa 2721MF 12V 1W B8.5d, OSRAM ORIGINAL - Xenonkungen OSRAM ORIGINAL 2721MF 12V 1W B8.5d - Xenonkungen\" \/>\n<meta property=\"og:description\" content=\"K\u00f6p OSRAM ORIGINAL 2721MF 12V 1W med B8.5d-sockel f\u00f6r instrumentbelysning. OEM-kvalitet och p\u00e5litlig prestanda. Snabb leverans. \u00d6ppet k\u00f6p 30 dagar. Handla enkelt p\u00e5 xenonkungen.com!\" \/>\n<meta property=\"og:url\" content=\"https:\/\/xenonkungen.com\/dk\/vare\/signallampe-2721mf-12v-1w-b8-5d-osram-original\/\" \/>\n<meta property=\"og:site_name\" content=\"Xenonkungen\" \/>\n<meta property=\"article:modified_time\" content=\"2026-04-11T00:21:35+00:00\" \/>\n<meta property=\"og:image\" content=\"https:\/\/xenonkungen.com\/wp-content\/uploads\/2026\/03\/Small-for-web-and-ppt-344909_ORIGINAL-2721MF_90.jpg\" \/>\n\t<meta property=\"og:image:width\" content=\"1024\" \/>\n\t<meta property=\"og:image:height\" content=\"1243\" \/>\n\t<meta property=\"og:image:type\" content=\"image\/jpeg\" \/>\n<meta name=\"twitter:card\" content=\"summary_large_image\" \/>\n<meta name=\"twitter:label1\" content=\"Estimeret l\u00e6setid\" \/>\n\t<meta name=\"twitter:data1\" content=\"2 minutter\" \/>\n<script type=\"application\/ld+json\" class=\"yoast-schema-graph\">{\"@context\":\"https:\/\/schema.org\",\"@graph\":[{\"@type\":\"WebPage\",\"@id\":\"https:\/\/xenonkungen.com\/produkt\/signallampa-2721mf-12v-1w-b8-5d-osram-original\/\",\"url\":\"https:\/\/xenonkungen.com\/produkt\/signallampa-2721mf-12v-1w-b8-5d-osram-original\/\",\"name\":\"Signallampa 2721MF 12V 1W B8.5d, OSRAM ORIGINAL - Xenonkungen OSRAM ORIGINAL 2721MF 12V 1W B8.5d - Xenonkungen\",\"isPartOf\":{\"@id\":\"https:\/\/xenonkungen.com\/#website\"},\"primaryImageOfPage\":{\"@id\":\"https:\/\/xenonkungen.com\/produkt\/signallampa-2721mf-12v-1w-b8-5d-osram-original\/#primaryimage\"},\"image\":{\"@id\":\"https:\/\/xenonkungen.com\/produkt\/signallampa-2721mf-12v-1w-b8-5d-osram-original\/#primaryimage\"},\"thumbnailUrl\":\"https:\/\/xenonkungen.com\/wp-content\/uploads\/2026\/03\/Small-for-web-and-ppt-344909_ORIGINAL-2721MF_90.jpg\",\"datePublished\":\"2026-03-02T10:16:58+00:00\",\"dateModified\":\"2026-04-11T00:21:35+00:00\",\"description\":\"K\u00f6p OSRAM ORIGINAL 2721MF 12V 1W med B8.5d-sockel f\u00f6r instrumentbelysning. OEM-kvalitet och p\u00e5litlig prestanda. Snabb leverans. \u00d6ppet k\u00f6p 30 dagar. Handla enkelt p\u00e5 xenonkungen.com!\",\"breadcrumb\":{\"@id\":\"https:\/\/xenonkungen.com\/produkt\/signallampa-2721mf-12v-1w-b8-5d-osram-original\/#breadcrumb\"},\"inLanguage\":\"da-DK\",\"potentialAction\":[{\"@type\":\"ReadAction\",\"target\":[\"https:\/\/xenonkungen.com\/produkt\/signallampa-2721mf-12v-1w-b8-5d-osram-original\/\"]}]},{\"@type\":\"ImageObject\",\"inLanguage\":\"da-DK\",\"@id\":\"https:\/\/xenonkungen.com\/produkt\/signallampa-2721mf-12v-1w-b8-5d-osram-original\/#primaryimage\",\"url\":\"https:\/\/xenonkungen.com\/wp-content\/uploads\/2026\/03\/Small-for-web-and-ppt-344909_ORIGINAL-2721MF_90.jpg\",\"contentUrl\":\"https:\/\/xenonkungen.com\/wp-content\/uploads\/2026\/03\/Small-for-web-and-ppt-344909_ORIGINAL-2721MF_90.jpg\",\"width\":1024,\"height\":1243},{\"@type\":\"BreadcrumbList\",\"@id\":\"https:\/\/xenonkungen.com\/produkt\/signallampa-2721mf-12v-1w-b8-5d-osram-original\/#breadcrumb\",\"itemListElement\":[{\"@type\":\"ListItem\",\"position\":1,\"name\":\"Hem\",\"item\":\"https:\/\/xenonkungen.com\/\"},{\"@type\":\"ListItem\",\"position\":2,\"name\":\"Shop\",\"item\":\"https:\/\/xenonkungen.com\/shop\/\"},{\"@type\":\"ListItem\",\"position\":3,\"name\":\"Signallampa 2721MF 12V 1W B8.5d, OSRAM ORIGINAL\"}]},{\"@type\":\"WebSite\",\"@id\":\"https:\/\/xenonkungen.com\/#website\",\"url\":\"https:\/\/xenonkungen.com\/\",\"name\":\"Xenonkungen\",\"description\":\"\",\"potentialAction\":[{\"@type\":\"SearchAction\",\"target\":{\"@type\":\"EntryPoint\",\"urlTemplate\":\"https:\/\/xenonkungen.com\/?s={search_term_string}\"},\"query-input\":{\"@type\":\"PropertyValueSpecification\",\"valueRequired\":true,\"valueName\":\"search_term_string\"}}],\"inLanguage\":\"da-DK\"}]}<\/script>\n<!-- \/ Yoast SEO plugin. -->","yoast_head_json":{"title":"Signallampe 2721MF 12V 1W B8.5d, OSRAM ORIGINAL - Xenon-kongen OSRAM ORIGINAL 2721MF 12V 1W B8.5d - Xenon-kongen","description":"K\u00f8b OSRAM ORIGINAL 2721MF 12V 1W med B8.5d fatning til instrumentbelysning. OEM-kvalitet og p\u00e5lidelig ydeevne. Hurtig levering. \u00c5bent k\u00f8b 30 dage. Shop nemt p\u00e5 xenonkungen.com!","robots":{"index":"index","follow":"follow","max-snippet":"max-snippet:-1","max-image-preview":"max-image-preview:large","max-video-preview":"max-video-preview:-1"},"canonical":"https:\/\/xenonkungen.com\/dk\/vare\/signallampe-2721mf-12v-1w-b8-5d-osram-original\/","og_locale":"da_DK","og_type":"article","og_title":"Signallampa 2721MF 12V 1W B8.5d, OSRAM ORIGINAL - Xenonkungen OSRAM ORIGINAL 2721MF 12V 1W B8.5d - Xenonkungen","og_description":"K\u00f6p OSRAM ORIGINAL 2721MF 12V 1W med B8.5d-sockel f\u00f6r instrumentbelysning. OEM-kvalitet och p\u00e5litlig prestanda. Snabb leverans. \u00d6ppet k\u00f6p 30 dagar. Handla enkelt p\u00e5 xenonkungen.com!","og_url":"https:\/\/xenonkungen.com\/dk\/vare\/signallampe-2721mf-12v-1w-b8-5d-osram-original\/","og_site_name":"Xenonkungen","article_modified_time":"2026-04-11T00:21:35+00:00","og_image":[{"width":1024,"height":1243,"url":"https:\/\/xenonkungen.com\/wp-content\/uploads\/2026\/03\/Small-for-web-and-ppt-344909_ORIGINAL-2721MF_90.jpg","type":"image\/jpeg"}],"twitter_card":"summary_large_image","twitter_misc":{"Estimeret l\u00e6setid":"2 minutter"},"schema":{"@context":"https:\/\/schema.org","@graph":[{"@type":"WebPage","@id":"https:\/\/xenonkungen.com\/produkt\/signallampa-2721mf-12v-1w-b8-5d-osram-original\/","url":"https:\/\/xenonkungen.com\/produkt\/signallampa-2721mf-12v-1w-b8-5d-osram-original\/","name":"Signallampe 2721MF 12V 1W B8.5d, OSRAM ORIGINAL - Xenon-kongen OSRAM ORIGINAL 2721MF 12V 1W B8.5d - Xenon-kongen","isPartOf":{"@id":"https:\/\/xenonkungen.com\/#website"},"primaryImageOfPage":{"@id":"https:\/\/xenonkungen.com\/produkt\/signallampa-2721mf-12v-1w-b8-5d-osram-original\/#primaryimage"},"image":{"@id":"https:\/\/xenonkungen.com\/produkt\/signallampa-2721mf-12v-1w-b8-5d-osram-original\/#primaryimage"},"thumbnailUrl":"https:\/\/xenonkungen.com\/wp-content\/uploads\/2026\/03\/Small-for-web-and-ppt-344909_ORIGINAL-2721MF_90.jpg","datePublished":"2026-03-02T10:16:58+00:00","dateModified":"2026-04-11T00:21:35+00:00","description":"K\u00f8b OSRAM ORIGINAL 2721MF 12V 1W med B8.5d fatning til instrumentbelysning. OEM-kvalitet og p\u00e5lidelig ydeevne. Hurtig levering. \u00c5bent k\u00f8b 30 dage. Shop nemt p\u00e5 xenonkungen.com!","breadcrumb":{"@id":"https:\/\/xenonkungen.com\/produkt\/signallampa-2721mf-12v-1w-b8-5d-osram-original\/#breadcrumb"},"inLanguage":"da-DK","potentialAction":[{"@type":"ReadAction","target":["https:\/\/xenonkungen.com\/produkt\/signallampa-2721mf-12v-1w-b8-5d-osram-original\/"]}]},{"@type":"ImageObject","inLanguage":"da-DK","@id":"https:\/\/xenonkungen.com\/produkt\/signallampa-2721mf-12v-1w-b8-5d-osram-original\/#primaryimage","url":"https:\/\/xenonkungen.com\/wp-content\/uploads\/2026\/03\/Small-for-web-and-ppt-344909_ORIGINAL-2721MF_90.jpg","contentUrl":"https:\/\/xenonkungen.com\/wp-content\/uploads\/2026\/03\/Small-for-web-and-ppt-344909_ORIGINAL-2721MF_90.jpg","width":1024,"height":1243},{"@type":"BreadcrumbList","@id":"https:\/\/xenonkungen.com\/produkt\/signallampa-2721mf-12v-1w-b8-5d-osram-original\/#breadcrumb","itemListElement":[{"@type":"ListItem","position":1,"name":"Hem","item":"https:\/\/xenonkungen.com\/"},{"@type":"ListItem","position":2,"name":"Shop","item":"https:\/\/xenonkungen.com\/shop\/"},{"@type":"ListItem","position":3,"name":"Signallampa 2721MF 12V 1W B8.5d, OSRAM ORIGINAL"}]},{"@type":"WebSite","@id":"https:\/\/xenonkungen.com\/#website","url":"https:\/\/xenonkungen.com\/","name":"Xenonkungen","description":"","potentialAction":[{"@type":"SearchAction","target":{"@type":"EntryPoint","urlTemplate":"https:\/\/xenonkungen.com\/?s={search_term_string}"},"query-input":{"@type":"PropertyValueSpecification","valueRequired":true,"valueName":"search_term_string"}}],"inLanguage":"da-DK"}]}},"taxonomy_info":{"product_cat":[{"value":338,"label":"Diodlampor"}],"pa_faktisk-effekts-forbrukning":[{"value":1674,"label":"1"}],"pa_lampsockel-kontakt":[{"value":2890,"label":"B8.5d"}],"pa_volt-v":[{"value":159,"label":"12"}]},"featured_image_src_large":["https:\/\/xenonkungen.com\/wp-content\/uploads\/2026\/03\/Small-for-web-and-ppt-344909_ORIGINAL-2721MF_90-844x1024.jpg",844,1024,true],"author_info":[],"comment_info":0,"_links":{"self":[{"href":"https:\/\/xenonkungen.com\/dk\/wp-json\/wp\/v2\/product\/27029","targetHints":{"allow":["GET"]}}],"collection":[{"href":"https:\/\/xenonkungen.com\/dk\/wp-json\/wp\/v2\/product"}],"about":[{"href":"https:\/\/xenonkungen.com\/dk\/wp-json\/wp\/v2\/types\/product"}],"replies":[{"embeddable":true,"href":"https:\/\/xenonkungen.com\/dk\/wp-json\/wp\/v2\/comments?post=27029"}],"wp:featuredmedia":[{"embeddable":true,"href":"https:\/\/xenonkungen.com\/dk\/wp-json\/wp\/v2\/media\/27030"}],"wp:attachment":[{"href":"https:\/\/xenonkungen.com\/dk\/wp-json\/wp\/v2\/media?parent=27029"}],"wp:term":[{"taxonomy":"anvandningsomrade","embeddable":true,"href":"https:\/\/xenonkungen.com\/dk\/wp-json\/wp\/v2\/anvandningsomrade?post=27029"},{"taxonomy":"bilmarken","embeddable":true,"href":"https:\/\/xenonkungen.com\/dk\/wp-json\/wp\/v2\/bilmarken?post=27029"},{"taxonomy":"product_brand","embeddable":true,"href":"https:\/\/xenonkungen.com\/dk\/wp-json\/wp\/v2\/product_brand?post=27029"},{"taxonomy":"product_cat","embeddable":true,"href":"https:\/\/xenonkungen.com\/dk\/wp-json\/wp\/v2\/product_cat?post=27029"},{"taxonomy":"product_tag","embeddable":true,"href":"https:\/\/xenonkungen.com\/dk\/wp-json\/wp\/v2\/product_tag?post=27029"}],"curies":[{"name":"wp","href":"https:\/\/api.w.org\/{rel}","templated":true}]}}