{"id":27206,"date":"2026-03-06T09:23:08","date_gmt":"2026-03-06T08:23:08","guid":{"rendered":"https:\/\/xenonkungen.com\/?post_type=product&#038;p=27206"},"modified":"2026-04-11T00:04:35","modified_gmt":"2026-04-10T23:04:35","slug":"monteringssaet-triple-r-750-vw-amarok-2023-lazer","status":"publish","type":"product","link":"https:\/\/xenonkungen.com\/dk\/vare\/monteringssaet-triple-r-750-vw-amarok-2023-lazer\/","title":{"rendered":"Monteringss\u00e6t Triple-R 750 VW Amarok 2023+, Lazer"},"content":{"rendered":"<h2 data-start=\"494\" data-end=\"535\">Specialtilpasset til VW Amarok 2023+<\/h2>\n<p data-start=\"537\" data-end=\"818\">Dette monteringss\u00e6t er designet til at muligg\u00f8re en sikker og diskret installation af Lazer Triple-R 750 lysbj\u00e6lker p\u00e5 Volkswagen Amarok fra model\u00e5r 2023 og fremefter. Beslagene er modelspecifikke til bilens front og muligg\u00f8r stabil og korrekt montering af lysbj\u00e6lken.<\/p>\n<p data-start=\"820\" data-end=\"972\">Monteringss\u00e6ttet giver et integreret udseende, hvor lysbj\u00e6lken passer ind i bilens design, samtidig med at den forbliver sikker, selv under k\u00f8rsel i barske milj\u00f8er.<\/p>\n<h2 data-start=\"974\" data-end=\"1010\">Kompatibel med Lazer Triple-R 750<\/h2>\n<p data-start=\"1012\" data-end=\"1212\">Beslagene er designet til at passe til Lazer Triple-R 750 i b\u00e5de Standard- og Elite-versionerne. Monteringss\u00e6ttet er designet til at give den korrekte position og h\u00e6ldning for optimalt lysm\u00f8nster fra hj\u00e6lpelyset.<\/p>\n<p data-start=\"1214\" data-end=\"1307\">Navnet p\u00e5 varenummeret angiver, hvilken rampemodel og bilmodel monteringss\u00e6ttet er beregnet til.<\/p>\n<h2 data-start=\"1309\" data-end=\"1330\">Nem installation<\/h2>\n<p data-start=\"1332\" data-end=\"1560\">Monteringss\u00e6ttet er designet til at g\u00f8re installationen s\u00e5 nem som muligt. Det monteres foran p\u00e5 bilen og fungerer sammen med Lazer Triple-R 750-lysbj\u00e6lkerne uden at p\u00e5virke bilens originale komponenter mere end n\u00f8dvendigt.<\/p>","protected":false},"excerpt":{"rendered":"<p>Modelspecifikt monteringss\u00e6t til installation af Lazer Triple-R 750 Std eller Triple-R 750 Elite p\u00e5 Volkswagen Amarok 2023+. Giver en stabil og diskret montering af lysbj\u00e6lken foran uden at skulle foretage st\u00f8rre \u00e6ndringer p\u00e5 k\u00f8ret\u00f8jet.<\/p>","protected":false},"featured_media":27227,"comment_status":"open","ping_status":"closed","template":"","meta":{"_acf_changed":false,"_smort_price_nok":"1602","_smort_price_dkk":"","_smort_price_eur":"","_smort_sale_price_nok":"","_smort_sale_price_dkk":"","_smort_sale_price_eur":"","smort_restorder":"","shipmondo_restorder":"","_kad_blocks_custom_css":"","_kad_blocks_head_custom_js":"","_kad_blocks_body_custom_js":"","_kad_blocks_footer_custom_js":"","smort_custom_pricelist_1":"960","smort_custom_pricelist_2":"960","smort_custom_pricelist_3":"960","smort_custom_pricelist_4":"1200","smort_custom_pricelist_5":"960"},"anvandningsomrade":[],"bilmarken":[],"product_brand":[1124,98],"product_cat":[2461,2537,810,390],"product_tag":[],"class_list":{"0":"post-27206","1":"product","2":"type-product","3":"status-publish","4":"has-post-thumbnail","6":"product_brand-lazer","7":"product_brand-lazer-lamps","8":"product_cat-fasten-installation","9":"product_cat-fasten-ledramper","10":"product_cat-fasten","11":"product_cat-installation","13":"first","14":"onbackorder","15":"taxable","16":"shipping-taxable","17":"purchasable","18":"product-type-simple"},"bundled_by":[],"bundle_stock_status":"onbackorder","bundle_stock_quantity":0,"bundle_virtual":false,"bundle_layout":"","bundle_add_to_cart_form_location":"","bundle_editable_in_cart":false,"bundle_sold_individually_context":"","bundle_item_grouping":"","bundle_min_size":"","bundle_max_size":"","bundle_price":[],"bundled_items":[],"bundle_sell_ids":[],"acf":[],"yoast_head":"<!-- This site is optimized with the Yoast SEO plugin v27.0 - https:\/\/yoast.com\/product\/yoast-seo-wordpress\/ -->\n<title>Monteringssats Triple-R 750 VW Amarok 2023+, Lazer - Xenonkungen Monteringssats Triple-R 750 VW Amarok 2023+, Lazer - Xenonkungen<\/title>\n<meta name=\"description\" content=\"K\u00f6p monteringssats f\u00f6r Lazer Triple-R 750 till VW Amarok 2023+. Modellanpassad montering f\u00f6r Triple-R 750 Std och Elite. Snabb leverans. \u00d6ppet k\u00f6p 30 dagar. Handla enkelt p\u00e5 xenonkungen.com!\" \/>\n<meta name=\"robots\" content=\"index, follow, max-snippet:-1, max-image-preview:large, max-video-preview:-1\" \/>\n<link rel=\"canonical\" href=\"https:\/\/xenonkungen.com\/dk\/vare\/monteringssaet-triple-r-750-vw-amarok-2023-lazer\/\" \/>\n<meta property=\"og:locale\" content=\"da_DK\" \/>\n<meta property=\"og:type\" content=\"article\" \/>\n<meta property=\"og:title\" content=\"Monteringssats Triple-R 750 VW Amarok 2023+, Lazer - Xenonkungen Monteringssats Triple-R 750 VW Amarok 2023+, Lazer - Xenonkungen\" \/>\n<meta property=\"og:description\" content=\"K\u00f6p monteringssats f\u00f6r Lazer Triple-R 750 till VW Amarok 2023+. Modellanpassad montering f\u00f6r Triple-R 750 Std och Elite. Snabb leverans. \u00d6ppet k\u00f6p 30 dagar. Handla enkelt p\u00e5 xenonkungen.com!\" \/>\n<meta property=\"og:url\" content=\"https:\/\/xenonkungen.com\/dk\/vare\/monteringssaet-triple-r-750-vw-amarok-2023-lazer\/\" \/>\n<meta property=\"og:site_name\" content=\"Xenonkungen\" \/>\n<meta property=\"article:modified_time\" content=\"2026-04-10T23:04:35+00:00\" \/>\n<meta property=\"og:image\" content=\"https:\/\/xenonkungen.com\/wp-content\/uploads\/2026\/03\/218159637.png\" \/>\n\t<meta property=\"og:image:width\" content=\"1126\" \/>\n\t<meta property=\"og:image:height\" content=\"843\" \/>\n\t<meta property=\"og:image:type\" content=\"image\/png\" \/>\n<meta name=\"twitter:card\" content=\"summary_large_image\" \/>\n<meta name=\"twitter:label1\" content=\"Estimeret l\u00e6setid\" \/>\n\t<meta name=\"twitter:data1\" content=\"1 minut\" \/>\n<script type=\"application\/ld+json\" class=\"yoast-schema-graph\">{\"@context\":\"https:\/\/schema.org\",\"@graph\":[{\"@type\":\"WebPage\",\"@id\":\"https:\/\/xenonkungen.com\/produkt\/monteringssats-triple-r-750-vw-amarok-2023-lazer\/\",\"url\":\"https:\/\/xenonkungen.com\/produkt\/monteringssats-triple-r-750-vw-amarok-2023-lazer\/\",\"name\":\"Monteringssats Triple-R 750 VW Amarok 2023+, Lazer - Xenonkungen Monteringssats Triple-R 750 VW Amarok 2023+, Lazer - Xenonkungen\",\"isPartOf\":{\"@id\":\"https:\/\/xenonkungen.com\/#website\"},\"primaryImageOfPage\":{\"@id\":\"https:\/\/xenonkungen.com\/produkt\/monteringssats-triple-r-750-vw-amarok-2023-lazer\/#primaryimage\"},\"image\":{\"@id\":\"https:\/\/xenonkungen.com\/produkt\/monteringssats-triple-r-750-vw-amarok-2023-lazer\/#primaryimage\"},\"thumbnailUrl\":\"https:\/\/xenonkungen.com\/wp-content\/uploads\/2026\/03\/218159637.png\",\"datePublished\":\"2026-03-06T08:23:08+00:00\",\"dateModified\":\"2026-04-10T23:04:35+00:00\",\"description\":\"K\u00f6p monteringssats f\u00f6r Lazer Triple-R 750 till VW Amarok 2023+. Modellanpassad montering f\u00f6r Triple-R 750 Std och Elite. Snabb leverans. \u00d6ppet k\u00f6p 30 dagar. Handla enkelt p\u00e5 xenonkungen.com!\",\"breadcrumb\":{\"@id\":\"https:\/\/xenonkungen.com\/produkt\/monteringssats-triple-r-750-vw-amarok-2023-lazer\/#breadcrumb\"},\"inLanguage\":\"da-DK\",\"potentialAction\":[{\"@type\":\"ReadAction\",\"target\":[\"https:\/\/xenonkungen.com\/produkt\/monteringssats-triple-r-750-vw-amarok-2023-lazer\/\"]}]},{\"@type\":\"ImageObject\",\"inLanguage\":\"da-DK\",\"@id\":\"https:\/\/xenonkungen.com\/produkt\/monteringssats-triple-r-750-vw-amarok-2023-lazer\/#primaryimage\",\"url\":\"https:\/\/xenonkungen.com\/wp-content\/uploads\/2026\/03\/218159637.png\",\"contentUrl\":\"https:\/\/xenonkungen.com\/wp-content\/uploads\/2026\/03\/218159637.png\",\"width\":1126,\"height\":843},{\"@type\":\"BreadcrumbList\",\"@id\":\"https:\/\/xenonkungen.com\/produkt\/monteringssats-triple-r-750-vw-amarok-2023-lazer\/#breadcrumb\",\"itemListElement\":[{\"@type\":\"ListItem\",\"position\":1,\"name\":\"Hem\",\"item\":\"https:\/\/xenonkungen.com\/\"},{\"@type\":\"ListItem\",\"position\":2,\"name\":\"Shop\",\"item\":\"https:\/\/xenonkungen.com\/shop\/\"},{\"@type\":\"ListItem\",\"position\":3,\"name\":\"Monteringssats Triple-R 750 VW Amarok 2023+, Lazer\"}]},{\"@type\":\"WebSite\",\"@id\":\"https:\/\/xenonkungen.com\/#website\",\"url\":\"https:\/\/xenonkungen.com\/\",\"name\":\"Xenonkungen\",\"description\":\"\",\"potentialAction\":[{\"@type\":\"SearchAction\",\"target\":{\"@type\":\"EntryPoint\",\"urlTemplate\":\"https:\/\/xenonkungen.com\/?s={search_term_string}\"},\"query-input\":{\"@type\":\"PropertyValueSpecification\",\"valueRequired\":true,\"valueName\":\"search_term_string\"}}],\"inLanguage\":\"da-DK\"}]}<\/script>\n<!-- \/ Yoast SEO plugin. -->","yoast_head_json":{"title":"Monteringss\u00e6t Triple-R 750 VW Amarok 2023+, Lazer - Xenonkungen Monteringss\u00e6t Triple-R 750 VW Amarok 2023+, Lazer - Xenonkungen","description":"K\u00f8b monteringss\u00e6t til Lazer Triple-R 750 til VW Amarok 2023+. Modelspecifik montering til Triple-R 750 Std og Elite. Hurtig levering. \u00c5bent k\u00f8b 30 dage. Shop nemt p\u00e5 xenonkungen.com!","robots":{"index":"index","follow":"follow","max-snippet":"max-snippet:-1","max-image-preview":"max-image-preview:large","max-video-preview":"max-video-preview:-1"},"canonical":"https:\/\/xenonkungen.com\/dk\/vare\/monteringssaet-triple-r-750-vw-amarok-2023-lazer\/","og_locale":"da_DK","og_type":"article","og_title":"Monteringssats Triple-R 750 VW Amarok 2023+, Lazer - Xenonkungen Monteringssats Triple-R 750 VW Amarok 2023+, Lazer - Xenonkungen","og_description":"K\u00f6p monteringssats f\u00f6r Lazer Triple-R 750 till VW Amarok 2023+. Modellanpassad montering f\u00f6r Triple-R 750 Std och Elite. Snabb leverans. \u00d6ppet k\u00f6p 30 dagar. Handla enkelt p\u00e5 xenonkungen.com!","og_url":"https:\/\/xenonkungen.com\/dk\/vare\/monteringssaet-triple-r-750-vw-amarok-2023-lazer\/","og_site_name":"Xenonkungen","article_modified_time":"2026-04-10T23:04:35+00:00","og_image":[{"width":1126,"height":843,"url":"https:\/\/xenonkungen.com\/wp-content\/uploads\/2026\/03\/218159637.png","type":"image\/png"}],"twitter_card":"summary_large_image","twitter_misc":{"Estimeret l\u00e6setid":"1 minut"},"schema":{"@context":"https:\/\/schema.org","@graph":[{"@type":"WebPage","@id":"https:\/\/xenonkungen.com\/produkt\/monteringssats-triple-r-750-vw-amarok-2023-lazer\/","url":"https:\/\/xenonkungen.com\/produkt\/monteringssats-triple-r-750-vw-amarok-2023-lazer\/","name":"Monteringss\u00e6t Triple-R 750 VW Amarok 2023+, Lazer - Xenonkungen Monteringss\u00e6t Triple-R 750 VW Amarok 2023+, Lazer - Xenonkungen","isPartOf":{"@id":"https:\/\/xenonkungen.com\/#website"},"primaryImageOfPage":{"@id":"https:\/\/xenonkungen.com\/produkt\/monteringssats-triple-r-750-vw-amarok-2023-lazer\/#primaryimage"},"image":{"@id":"https:\/\/xenonkungen.com\/produkt\/monteringssats-triple-r-750-vw-amarok-2023-lazer\/#primaryimage"},"thumbnailUrl":"https:\/\/xenonkungen.com\/wp-content\/uploads\/2026\/03\/218159637.png","datePublished":"2026-03-06T08:23:08+00:00","dateModified":"2026-04-10T23:04:35+00:00","description":"K\u00f8b monteringss\u00e6t til Lazer Triple-R 750 til VW Amarok 2023+. Modelspecifik montering til Triple-R 750 Std og Elite. Hurtig levering. \u00c5bent k\u00f8b 30 dage. Shop nemt p\u00e5 xenonkungen.com!","breadcrumb":{"@id":"https:\/\/xenonkungen.com\/produkt\/monteringssats-triple-r-750-vw-amarok-2023-lazer\/#breadcrumb"},"inLanguage":"da-DK","potentialAction":[{"@type":"ReadAction","target":["https:\/\/xenonkungen.com\/produkt\/monteringssats-triple-r-750-vw-amarok-2023-lazer\/"]}]},{"@type":"ImageObject","inLanguage":"da-DK","@id":"https:\/\/xenonkungen.com\/produkt\/monteringssats-triple-r-750-vw-amarok-2023-lazer\/#primaryimage","url":"https:\/\/xenonkungen.com\/wp-content\/uploads\/2026\/03\/218159637.png","contentUrl":"https:\/\/xenonkungen.com\/wp-content\/uploads\/2026\/03\/218159637.png","width":1126,"height":843},{"@type":"BreadcrumbList","@id":"https:\/\/xenonkungen.com\/produkt\/monteringssats-triple-r-750-vw-amarok-2023-lazer\/#breadcrumb","itemListElement":[{"@type":"ListItem","position":1,"name":"Hem","item":"https:\/\/xenonkungen.com\/"},{"@type":"ListItem","position":2,"name":"Shop","item":"https:\/\/xenonkungen.com\/shop\/"},{"@type":"ListItem","position":3,"name":"Monteringssats Triple-R 750 VW Amarok 2023+, Lazer"}]},{"@type":"WebSite","@id":"https:\/\/xenonkungen.com\/#website","url":"https:\/\/xenonkungen.com\/","name":"Xenonkungen","description":"","potentialAction":[{"@type":"SearchAction","target":{"@type":"EntryPoint","urlTemplate":"https:\/\/xenonkungen.com\/?s={search_term_string}"},"query-input":{"@type":"PropertyValueSpecification","valueRequired":true,"valueName":"search_term_string"}}],"inLanguage":"da-DK"}]}},"taxonomy_info":{"product_brand":[{"value":1124,"label":"Lazer"},{"value":98,"label":"Lazer Lamps"}],"product_cat":[{"value":2461,"label":"F\u00e4sten"},{"value":2537,"label":"F\u00e4sten"},{"value":810,"label":"F\u00e4sten"},{"value":390,"label":"Installation"}]},"featured_image_src_large":["https:\/\/xenonkungen.com\/wp-content\/uploads\/2026\/03\/218159637-1024x767.png",1024,767,true],"author_info":[],"comment_info":0,"_links":{"self":[{"href":"https:\/\/xenonkungen.com\/dk\/wp-json\/wp\/v2\/product\/27206","targetHints":{"allow":["GET"]}}],"collection":[{"href":"https:\/\/xenonkungen.com\/dk\/wp-json\/wp\/v2\/product"}],"about":[{"href":"https:\/\/xenonkungen.com\/dk\/wp-json\/wp\/v2\/types\/product"}],"replies":[{"embeddable":true,"href":"https:\/\/xenonkungen.com\/dk\/wp-json\/wp\/v2\/comments?post=27206"}],"wp:featuredmedia":[{"embeddable":true,"href":"https:\/\/xenonkungen.com\/dk\/wp-json\/wp\/v2\/media\/27227"}],"wp:attachment":[{"href":"https:\/\/xenonkungen.com\/dk\/wp-json\/wp\/v2\/media?parent=27206"}],"wp:term":[{"taxonomy":"anvandningsomrade","embeddable":true,"href":"https:\/\/xenonkungen.com\/dk\/wp-json\/wp\/v2\/anvandningsomrade?post=27206"},{"taxonomy":"bilmarken","embeddable":true,"href":"https:\/\/xenonkungen.com\/dk\/wp-json\/wp\/v2\/bilmarken?post=27206"},{"taxonomy":"product_brand","embeddable":true,"href":"https:\/\/xenonkungen.com\/dk\/wp-json\/wp\/v2\/product_brand?post=27206"},{"taxonomy":"product_cat","embeddable":true,"href":"https:\/\/xenonkungen.com\/dk\/wp-json\/wp\/v2\/product_cat?post=27206"},{"taxonomy":"product_tag","embeddable":true,"href":"https:\/\/xenonkungen.com\/dk\/wp-json\/wp\/v2\/product_tag?post=27206"}],"curies":[{"name":"wp","href":"https:\/\/api.w.org\/{rel}","templated":true}]}}