{"id":2747,"date":"2025-04-15T08:41:49","date_gmt":"2025-04-15T08:41:49","guid":{"rendered":"https:\/\/xenonkungen.com\/product\/extraljusfaste-till-tesla-ledramp-infallnadsfaste-svart\/"},"modified":"2026-04-10T23:56:35","modified_gmt":"2026-04-10T22:56:35","slug":"ekstra-lysarmatur-til-tesla-led-rampe-indbygget-armatur-sort","status":"publish","type":"product","link":"https:\/\/xenonkungen.com\/dk\/vare\/ekstra-lysarmatur-til-tesla-led-rampe-indbygget-armatur-sort\/","title":{"rendered":"Ekstra lysbeslag til Tesla LEDramp | Indbygget beslag Sort"},"content":{"rendered":"<h1>Tesla Indbygningsmontering \u2013 Elegance m\u00f8der funktion<\/h1>\n<p>Vi introducerer vores propriet\u00e6re planmontering, eksklusivt designet til TESLA Model 3 og Model Y. Med problemfri integration, der komplementerer bilens buede linjer, tilbyder denne montering en unik mulighed for at montere en rampe p\u00e5 op til 94 cm direkte i bilens luftdyse. Denne montering er fremstillet med pr\u00e6cision og kombinerer \u00e6stetik med holdbarhed.<\/p>\n<ul>\n<li>Dimensioner: 570x160x105mm<\/li>\n<li>Materiale: Galvaniseret metalplade<\/li>\n<li>Tykkelse: 3 mm<\/li>\n<li>Farvemuligheder: Sort eller hvid pulverlakering<\/li>\n<\/ul>\n<p>Den indbyggede montering er ikke kun en \u00e6stetisk tilf\u00f8jelse til din Tesla, men den er ogs\u00e5 bygget til at v\u00e6re robust og holdbar. Den 3 mm tykke galvaniserede metalplade sikrer en lang levetid, mens pulverlakeringen i enten sort eller hvid giver en flot finish, der matcher dit k\u00f8ret\u00f8js \u00e6stetik. Det gennemt\u00e6nkte design sikrer, at den leddelte rampe er sikkert fastgjort, samtidig med at den giver dit k\u00f8ret\u00f8j et opgraderet og sofistikeret udseende.<\/p>\n<p>Installationen er enkel og intuitiv, s\u00e5 du hurtigt kan forvandle fronten af din bil og forbedre dens belysningsevne. Uanset om du k\u00f8rer p\u00e5 byens gader eller udforsker landeveje, vil denne indbyggede montering, sammen med en LED-rampe, tage din bils udseende og funktionalitet til det n\u00e6ste niveau.<\/p>","protected":false},"excerpt":{"rendered":"<p>Tesla Model 3 og Model Y<\/p>","protected":false},"featured_media":2748,"comment_status":"closed","ping_status":"open","template":"","meta":{"_acf_changed":false,"_smort_price_nok":"960","_smort_price_dkk":"610","_smort_price_eur":"81.72","_smort_sale_price_nok":"","_smort_sale_price_dkk":"","_smort_sale_price_eur":"","smort_restorder":"","shipmondo_restorder":"","_kad_blocks_custom_css":"","_kad_blocks_head_custom_js":"","_kad_blocks_body_custom_js":"","_kad_blocks_footer_custom_js":"","smort_custom_pricelist_1":"647.28","smort_custom_pricelist_2":"539.4","smort_custom_pricelist_3":"503.44","smort_custom_pricelist_4":"719.2","smort_custom_pricelist_5":"539.4"},"anvandningsomrade":[],"bilmarken":[],"product_brand":[],"product_cat":[2534,2461,2828,2535,2536,390],"product_tag":[],"class_list":{"0":"post-2747","1":"product","2":"type-product","3":"status-publish","4":"has-post-thumbnail","6":"product_cat-extraljusfaste-extraljus","7":"product_cat-fasten-installation","8":"product_cat-installation-led-ramper","9":"product_cat-tillbehor-ledramper","10":"product_cat-tillbehor-tillbehor-ledramper","11":"product_cat-installation","12":"pa_storlek-mm-570x160x105","14":"first","15":"instock","16":"taxable","17":"shipping-taxable","18":"purchasable","19":"product-type-simple"},"bundled_by":["9527","9545","9553","9559","9614","9624","9633","9643","21277"],"bundle_stock_status":"instock","bundle_stock_quantity":97,"bundle_virtual":false,"bundle_layout":"","bundle_add_to_cart_form_location":"","bundle_editable_in_cart":false,"bundle_sold_individually_context":"","bundle_item_grouping":"","bundle_min_size":"","bundle_max_size":"","bundle_price":[],"bundled_items":[],"bundle_sell_ids":[],"acf":[],"yoast_head":"<!-- This site is optimized with the Yoast SEO plugin v27.0 - https:\/\/yoast.com\/product\/yoast-seo-wordpress\/ -->\n<title>Extraljusf\u00e4ste till Tesla LEDramp | Inf\u00e4llnadsf\u00e4ste Svart - Xenonkungen<\/title>\n<meta name=\"robots\" content=\"index, follow, max-snippet:-1, max-image-preview:large, max-video-preview:-1\" \/>\n<link rel=\"canonical\" href=\"https:\/\/xenonkungen.com\/dk\/vare\/ekstra-lysarmatur-til-tesla-led-rampe-indbygget-armatur-sort\/\" \/>\n<meta property=\"og:locale\" content=\"da_DK\" \/>\n<meta property=\"og:type\" content=\"article\" \/>\n<meta property=\"og:title\" content=\"Extraljusf\u00e4ste till Tesla LEDramp | Inf\u00e4llnadsf\u00e4ste Svart - Xenonkungen\" \/>\n<meta property=\"og:description\" content=\"Tesla Model 3 &amp; Model Y\" \/>\n<meta property=\"og:url\" content=\"https:\/\/xenonkungen.com\/dk\/vare\/ekstra-lysarmatur-til-tesla-led-rampe-indbygget-armatur-sort\/\" \/>\n<meta property=\"og:site_name\" content=\"Xenonkungen\" \/>\n<meta property=\"article:modified_time\" content=\"2026-04-10T22:56:35+00:00\" \/>\n<meta property=\"og:image\" content=\"https:\/\/xenonkungen.com\/wp-content\/uploads\/2025\/04\/206111893-origpic-13288f.png\" \/>\n\t<meta property=\"og:image:width\" content=\"1000\" \/>\n\t<meta property=\"og:image:height\" content=\"678\" \/>\n\t<meta property=\"og:image:type\" content=\"image\/png\" \/>\n<meta name=\"twitter:card\" content=\"summary_large_image\" \/>\n<meta name=\"twitter:label1\" content=\"Estimeret l\u00e6setid\" \/>\n\t<meta name=\"twitter:data1\" content=\"1 minut\" \/>\n<script type=\"application\/ld+json\" class=\"yoast-schema-graph\">{\"@context\":\"https:\/\/schema.org\",\"@graph\":[{\"@type\":\"WebPage\",\"@id\":\"https:\/\/xenonkungen.com\/no\/produkt\/ekstra-lysarmatur-for-tesla-led-rampe-innfelt-armatur-svart\/\",\"url\":\"https:\/\/xenonkungen.com\/no\/produkt\/ekstra-lysarmatur-for-tesla-led-rampe-innfelt-armatur-svart\/\",\"name\":\"Extraljusf\u00e4ste till Tesla LEDramp | Inf\u00e4llnadsf\u00e4ste Svart - Xenonkungen\",\"isPartOf\":{\"@id\":\"https:\/\/xenonkungen.com\/#website\"},\"primaryImageOfPage\":{\"@id\":\"https:\/\/xenonkungen.com\/no\/produkt\/ekstra-lysarmatur-for-tesla-led-rampe-innfelt-armatur-svart\/#primaryimage\"},\"image\":{\"@id\":\"https:\/\/xenonkungen.com\/no\/produkt\/ekstra-lysarmatur-for-tesla-led-rampe-innfelt-armatur-svart\/#primaryimage\"},\"thumbnailUrl\":\"https:\/\/xenonkungen.com\/wp-content\/uploads\/2025\/04\/206111893-origpic-13288f.png\",\"datePublished\":\"2025-04-15T08:41:49+00:00\",\"dateModified\":\"2026-04-10T22:56:35+00:00\",\"breadcrumb\":{\"@id\":\"https:\/\/xenonkungen.com\/no\/produkt\/ekstra-lysarmatur-for-tesla-led-rampe-innfelt-armatur-svart\/#breadcrumb\"},\"inLanguage\":\"da-DK\",\"potentialAction\":[{\"@type\":\"ReadAction\",\"target\":[\"https:\/\/xenonkungen.com\/no\/produkt\/ekstra-lysarmatur-for-tesla-led-rampe-innfelt-armatur-svart\/\"]}]},{\"@type\":\"ImageObject\",\"inLanguage\":\"da-DK\",\"@id\":\"https:\/\/xenonkungen.com\/no\/produkt\/ekstra-lysarmatur-for-tesla-led-rampe-innfelt-armatur-svart\/#primaryimage\",\"url\":\"https:\/\/xenonkungen.com\/wp-content\/uploads\/2025\/04\/206111893-origpic-13288f.png\",\"contentUrl\":\"https:\/\/xenonkungen.com\/wp-content\/uploads\/2025\/04\/206111893-origpic-13288f.png\",\"width\":1000,\"height\":678},{\"@type\":\"BreadcrumbList\",\"@id\":\"https:\/\/xenonkungen.com\/no\/produkt\/ekstra-lysarmatur-for-tesla-led-rampe-innfelt-armatur-svart\/#breadcrumb\",\"itemListElement\":[{\"@type\":\"ListItem\",\"position\":1,\"name\":\"Hem\",\"item\":\"https:\/\/xenonkungen.com\/\"},{\"@type\":\"ListItem\",\"position\":2,\"name\":\"Shop\",\"item\":\"https:\/\/xenonkungen.com\/shop\/\"},{\"@type\":\"ListItem\",\"position\":3,\"name\":\"Extraljusf\u00e4ste till Tesla LEDramp | Inf\u00e4llnadsf\u00e4ste Svart\"}]},{\"@type\":\"WebSite\",\"@id\":\"https:\/\/xenonkungen.com\/#website\",\"url\":\"https:\/\/xenonkungen.com\/\",\"name\":\"Xenonkungen\",\"description\":\"\",\"potentialAction\":[{\"@type\":\"SearchAction\",\"target\":{\"@type\":\"EntryPoint\",\"urlTemplate\":\"https:\/\/xenonkungen.com\/?s={search_term_string}\"},\"query-input\":{\"@type\":\"PropertyValueSpecification\",\"valueRequired\":true,\"valueName\":\"search_term_string\"}}],\"inLanguage\":\"da-DK\"}]}<\/script>\n<!-- \/ Yoast SEO plugin. -->","yoast_head_json":{"title":"Ekstra lysbeslag til Tesla LED-rampe | Indbygget beslag Sort - Xenonkungen","robots":{"index":"index","follow":"follow","max-snippet":"max-snippet:-1","max-image-preview":"max-image-preview:large","max-video-preview":"max-video-preview:-1"},"canonical":"https:\/\/xenonkungen.com\/dk\/vare\/ekstra-lysarmatur-til-tesla-led-rampe-indbygget-armatur-sort\/","og_locale":"da_DK","og_type":"article","og_title":"Extraljusf\u00e4ste till Tesla LEDramp | Inf\u00e4llnadsf\u00e4ste Svart - Xenonkungen","og_description":"Tesla Model 3 & Model Y","og_url":"https:\/\/xenonkungen.com\/dk\/vare\/ekstra-lysarmatur-til-tesla-led-rampe-indbygget-armatur-sort\/","og_site_name":"Xenonkungen","article_modified_time":"2026-04-10T22:56:35+00:00","og_image":[{"width":1000,"height":678,"url":"https:\/\/xenonkungen.com\/wp-content\/uploads\/2025\/04\/206111893-origpic-13288f.png","type":"image\/png"}],"twitter_card":"summary_large_image","twitter_misc":{"Estimeret l\u00e6setid":"1 minut"},"schema":{"@context":"https:\/\/schema.org","@graph":[{"@type":"WebPage","@id":"https:\/\/xenonkungen.com\/no\/produkt\/ekstra-lysarmatur-for-tesla-led-rampe-innfelt-armatur-svart\/","url":"https:\/\/xenonkungen.com\/no\/produkt\/ekstra-lysarmatur-for-tesla-led-rampe-innfelt-armatur-svart\/","name":"Ekstra lysbeslag til Tesla LED-rampe | Indbygget beslag Sort - Xenonkungen","isPartOf":{"@id":"https:\/\/xenonkungen.com\/#website"},"primaryImageOfPage":{"@id":"https:\/\/xenonkungen.com\/no\/produkt\/ekstra-lysarmatur-for-tesla-led-rampe-innfelt-armatur-svart\/#primaryimage"},"image":{"@id":"https:\/\/xenonkungen.com\/no\/produkt\/ekstra-lysarmatur-for-tesla-led-rampe-innfelt-armatur-svart\/#primaryimage"},"thumbnailUrl":"https:\/\/xenonkungen.com\/wp-content\/uploads\/2025\/04\/206111893-origpic-13288f.png","datePublished":"2025-04-15T08:41:49+00:00","dateModified":"2026-04-10T22:56:35+00:00","breadcrumb":{"@id":"https:\/\/xenonkungen.com\/no\/produkt\/ekstra-lysarmatur-for-tesla-led-rampe-innfelt-armatur-svart\/#breadcrumb"},"inLanguage":"da-DK","potentialAction":[{"@type":"ReadAction","target":["https:\/\/xenonkungen.com\/no\/produkt\/ekstra-lysarmatur-for-tesla-led-rampe-innfelt-armatur-svart\/"]}]},{"@type":"ImageObject","inLanguage":"da-DK","@id":"https:\/\/xenonkungen.com\/no\/produkt\/ekstra-lysarmatur-for-tesla-led-rampe-innfelt-armatur-svart\/#primaryimage","url":"https:\/\/xenonkungen.com\/wp-content\/uploads\/2025\/04\/206111893-origpic-13288f.png","contentUrl":"https:\/\/xenonkungen.com\/wp-content\/uploads\/2025\/04\/206111893-origpic-13288f.png","width":1000,"height":678},{"@type":"BreadcrumbList","@id":"https:\/\/xenonkungen.com\/no\/produkt\/ekstra-lysarmatur-for-tesla-led-rampe-innfelt-armatur-svart\/#breadcrumb","itemListElement":[{"@type":"ListItem","position":1,"name":"Hem","item":"https:\/\/xenonkungen.com\/"},{"@type":"ListItem","position":2,"name":"Shop","item":"https:\/\/xenonkungen.com\/shop\/"},{"@type":"ListItem","position":3,"name":"Extraljusf\u00e4ste till Tesla LEDramp | Inf\u00e4llnadsf\u00e4ste Svart"}]},{"@type":"WebSite","@id":"https:\/\/xenonkungen.com\/#website","url":"https:\/\/xenonkungen.com\/","name":"Xenonkungen","description":"","potentialAction":[{"@type":"SearchAction","target":{"@type":"EntryPoint","urlTemplate":"https:\/\/xenonkungen.com\/?s={search_term_string}"},"query-input":{"@type":"PropertyValueSpecification","valueRequired":true,"valueName":"search_term_string"}}],"inLanguage":"da-DK"}]}},"taxonomy_info":{"product_cat":[{"value":2534,"label":"Extraljusf\u00e4ste"},{"value":2461,"label":"F\u00e4sten"},{"value":2828,"label":"Installation LED-ramper"},{"value":2535,"label":"LEDRAMPER"},{"value":2536,"label":"Tillbeh\u00f6r"},{"value":390,"label":"Installation"}],"pa_storlek-mm":[{"value":855,"label":"570x160x105"}]},"featured_image_src_large":["https:\/\/xenonkungen.com\/wp-content\/uploads\/2025\/04\/206111893-origpic-13288f.png",1000,678,false],"author_info":[],"comment_info":0,"_links":{"self":[{"href":"https:\/\/xenonkungen.com\/dk\/wp-json\/wp\/v2\/product\/2747","targetHints":{"allow":["GET"]}}],"collection":[{"href":"https:\/\/xenonkungen.com\/dk\/wp-json\/wp\/v2\/product"}],"about":[{"href":"https:\/\/xenonkungen.com\/dk\/wp-json\/wp\/v2\/types\/product"}],"replies":[{"embeddable":true,"href":"https:\/\/xenonkungen.com\/dk\/wp-json\/wp\/v2\/comments?post=2747"}],"wp:featuredmedia":[{"embeddable":true,"href":"https:\/\/xenonkungen.com\/dk\/wp-json\/wp\/v2\/media\/2748"}],"wp:attachment":[{"href":"https:\/\/xenonkungen.com\/dk\/wp-json\/wp\/v2\/media?parent=2747"}],"wp:term":[{"taxonomy":"anvandningsomrade","embeddable":true,"href":"https:\/\/xenonkungen.com\/dk\/wp-json\/wp\/v2\/anvandningsomrade?post=2747"},{"taxonomy":"bilmarken","embeddable":true,"href":"https:\/\/xenonkungen.com\/dk\/wp-json\/wp\/v2\/bilmarken?post=2747"},{"taxonomy":"product_brand","embeddable":true,"href":"https:\/\/xenonkungen.com\/dk\/wp-json\/wp\/v2\/product_brand?post=2747"},{"taxonomy":"product_cat","embeddable":true,"href":"https:\/\/xenonkungen.com\/dk\/wp-json\/wp\/v2\/product_cat?post=2747"},{"taxonomy":"product_tag","embeddable":true,"href":"https:\/\/xenonkungen.com\/dk\/wp-json\/wp\/v2\/product_tag?post=2747"}],"curies":[{"name":"wp","href":"https:\/\/api.w.org\/{rel}","templated":true}]}}