{"id":2765,"date":"2025-04-15T08:42:47","date_gmt":"2025-04-15T08:42:47","guid":{"rendered":"https:\/\/xenonkungen.com\/product\/luxtar-twilight-ledrampsfaste-svart-rf\/"},"modified":"2026-04-17T12:05:53","modified_gmt":"2026-04-17T11:05:53","slug":"luxtar-twilight-led-lampe-sort-rf","status":"publish","type":"product","link":"https:\/\/xenonkungen.com\/dk\/vare\/luxtar-twilight-led-lampe-sort-rf\/","title":{"rendered":"Luxtar Twilight Led Ramp Bracket | Sort | RF"},"content":{"rendered":"<h2>Luxtar Twilight LED Ramp Bracket | Sort | RF | Rustfrit st\u00e5l Holdbarhed<\/h2>\n<p>Giv din bil et f\u00f8rsteklasses look, og maksimer belysningen med vores <strong>Luxtar Twilight LED rampebeslag<\/strong>. Denne monteringsl\u00f8sning er lavet af 3 mm rustfrit st\u00e5l af h\u00f8j kvalitet, der garanterer styrke og holdbarhed selv under barske forhold. Med en elegant sort finish passer holderen perfekt til din bils design og giver et stilfuldt, moderne look.<\/p>\n<h3>Karakteristika:<\/h3>\n<ul>\n<li><strong>Optimal pasform<\/strong>: Specielt designet til at passe til Twilight LED-ramper.<\/li>\n<li><strong>Robust og rustfrit st\u00e5l<\/strong>: 3 mm rustfrit st\u00e5l for en langtidsholdbar, vejrbestandig montering.<\/li>\n<li><strong>Elegant design<\/strong>: Sort bel\u00e6gning, der b\u00e5de beskytter og forbedrer udseendet.<\/li>\n<\/ul>\n<p>Beslaget er nemt at montere og fors\u00e6nket for en mere diskret installation, der giver din bil et eksklusivt og funktionelt l\u00f8ft. Med Luxtar Twilight LED rampebeslag f\u00e5r du b\u00e5de stil og p\u00e5lidelighed - den perfekte l\u00f8sning til dem, der leder efter en kombination af design og holdbarhed.<\/p>","protected":false},"excerpt":{"rendered":"<p>Luxtar Twilight LED-rampsf\u00e4ste | Svart | RF | H\u00e5llbarhet i rostfritt st\u00e5l Ge din bil en premium look och maximera belysningen med v\u00e5rt Luxtar Twilight LED-rampsf\u00e4ste. Denna monteringsl\u00f6sning \u00e4r tillverkad av h\u00f6gkvalitativt, 3 mm rostfritt st\u00e5l som garanterar styrka och h\u00e5llbarhet \u00e4ven under tuffa f\u00f6rh\u00e5llanden. Med en elegant svart finish sm\u00e4lter f\u00e4stet perfekt in i [&hellip;]<\/p>","protected":false},"featured_media":2766,"comment_status":"closed","ping_status":"open","template":"","meta":{"_acf_changed":false,"_smort_price_nok":"640","_smort_price_dkk":"406","_smort_price_eur":"54.45","_smort_sale_price_nok":"","_smort_sale_price_dkk":"","_smort_sale_price_eur":"","smort_restorder":"","shipmondo_restorder":"","_kad_blocks_custom_css":"","_kad_blocks_head_custom_js":"","_kad_blocks_body_custom_js":"","_kad_blocks_footer_custom_js":"","smort_custom_pricelist_1":"338.36","smort_custom_pricelist_2":"335.44","smort_custom_pricelist_3":"311.48","smort_custom_pricelist_4":"479.2","smort_custom_pricelist_5":"335.44"},"anvandningsomrade":[],"bilmarken":[],"product_brand":[103],"product_cat":[2534,2461,2828,2535,2539,2826,2823,2542,2536,390,18,20,2159],"product_tag":[],"class_list":{"0":"post-2765","1":"product","2":"type-product","3":"status-publish","4":"has-post-thumbnail","6":"product_brand-luxtar","7":"product_cat-extraljusfaste-extraljus","8":"product_cat-fasten-installation","9":"product_cat-installation-led-ramper","10":"product_cat-tillbehor-ledramper","11":"product_cat-ledramper","12":"product_cat-luxtar","13":"product_cat-luxtar-ovriga-produkter","14":"product_cat-luxtar-twilight-ledramper","15":"product_cat-tillbehor-tillbehor-ledramper","16":"product_cat-installation","17":"product_cat-led-ramper-ljusramper","18":"product_cat-luxtar-twilight-led-ramper-ljusramper","19":"product_cat-luxtar-twilight","21":"first","22":"instock","23":"taxable","24":"shipping-taxable","25":"purchasable","26":"product-type-simple"},"bundled_by":["9505","9509","10295","10303"],"bundle_stock_status":"instock","bundle_stock_quantity":49,"bundle_virtual":false,"bundle_layout":"","bundle_add_to_cart_form_location":"","bundle_editable_in_cart":false,"bundle_sold_individually_context":"","bundle_item_grouping":"","bundle_min_size":"","bundle_max_size":"","bundle_price":[],"bundled_items":[],"bundle_sell_ids":[],"acf":[],"yoast_head":"<!-- This site is optimized with the Yoast SEO plugin v27.0 - https:\/\/yoast.com\/product\/yoast-seo-wordpress\/ -->\n<title>Luxtar Twilight Ledrampsf\u00e4ste | Svart | RF - Xenonkungen<\/title>\n<meta name=\"robots\" content=\"index, follow, max-snippet:-1, max-image-preview:large, max-video-preview:-1\" \/>\n<link rel=\"canonical\" href=\"https:\/\/xenonkungen.com\/dk\/vare\/luxtar-twilight-led-lampe-sort-rf\/\" \/>\n<meta property=\"og:locale\" content=\"da_DK\" \/>\n<meta property=\"og:type\" content=\"article\" \/>\n<meta property=\"og:title\" content=\"Luxtar Twilight Ledrampsf\u00e4ste | Svart | RF - Xenonkungen\" \/>\n<meta property=\"og:description\" content=\"Luxtar Twilight LED-rampsf\u00e4ste | Svart | RF | H\u00e5llbarhet i rostfritt st\u00e5l Ge din bil en premium look och maximera belysningen med v\u00e5rt Luxtar Twilight LED-rampsf\u00e4ste. Denna monteringsl\u00f6sning \u00e4r tillverkad av h\u00f6gkvalitativt, 3 mm rostfritt st\u00e5l som garanterar styrka och h\u00e5llbarhet \u00e4ven under tuffa f\u00f6rh\u00e5llanden. Med en elegant svart finish sm\u00e4lter f\u00e4stet perfekt in i [&hellip;]\" \/>\n<meta property=\"og:url\" content=\"https:\/\/xenonkungen.com\/dk\/vare\/luxtar-twilight-led-lampe-sort-rf\/\" \/>\n<meta property=\"og:site_name\" content=\"Xenonkungen\" \/>\n<meta property=\"article:modified_time\" content=\"2026-04-17T11:05:53+00:00\" \/>\n<meta property=\"og:image\" content=\"https:\/\/xenonkungen.com\/wp-content\/uploads\/2025\/04\/p-dySazQ.png\" \/>\n\t<meta property=\"og:image:width\" content=\"600\" \/>\n\t<meta property=\"og:image:height\" content=\"600\" \/>\n\t<meta property=\"og:image:type\" content=\"image\/png\" \/>\n<meta name=\"twitter:card\" content=\"summary_large_image\" \/>\n<meta name=\"twitter:label1\" content=\"Estimeret l\u00e6setid\" \/>\n\t<meta name=\"twitter:data1\" content=\"1 minut\" \/>\n<script type=\"application\/ld+json\" class=\"yoast-schema-graph\">{\"@context\":\"https:\/\/schema.org\",\"@graph\":[{\"@type\":\"WebPage\",\"@id\":\"https:\/\/xenonkungen.com\/produkt\/luxtar-twilight-ledrampsfaste-svart-rf\/\",\"url\":\"https:\/\/xenonkungen.com\/produkt\/luxtar-twilight-ledrampsfaste-svart-rf\/\",\"name\":\"Luxtar Twilight Ledrampsf\u00e4ste | Svart | RF - Xenonkungen\",\"isPartOf\":{\"@id\":\"https:\/\/xenonkungen.com\/#website\"},\"primaryImageOfPage\":{\"@id\":\"https:\/\/xenonkungen.com\/produkt\/luxtar-twilight-ledrampsfaste-svart-rf\/#primaryimage\"},\"image\":{\"@id\":\"https:\/\/xenonkungen.com\/produkt\/luxtar-twilight-ledrampsfaste-svart-rf\/#primaryimage\"},\"thumbnailUrl\":\"https:\/\/xenonkungen.com\/wp-content\/uploads\/2025\/04\/p-dySazQ.png\",\"datePublished\":\"2025-04-15T08:42:47+00:00\",\"dateModified\":\"2026-04-17T11:05:53+00:00\",\"breadcrumb\":{\"@id\":\"https:\/\/xenonkungen.com\/produkt\/luxtar-twilight-ledrampsfaste-svart-rf\/#breadcrumb\"},\"inLanguage\":\"da-DK\",\"potentialAction\":[{\"@type\":\"ReadAction\",\"target\":[\"https:\/\/xenonkungen.com\/produkt\/luxtar-twilight-ledrampsfaste-svart-rf\/\"]}]},{\"@type\":\"ImageObject\",\"inLanguage\":\"da-DK\",\"@id\":\"https:\/\/xenonkungen.com\/produkt\/luxtar-twilight-ledrampsfaste-svart-rf\/#primaryimage\",\"url\":\"https:\/\/xenonkungen.com\/wp-content\/uploads\/2025\/04\/p-dySazQ.png\",\"contentUrl\":\"https:\/\/xenonkungen.com\/wp-content\/uploads\/2025\/04\/p-dySazQ.png\",\"width\":600,\"height\":600},{\"@type\":\"BreadcrumbList\",\"@id\":\"https:\/\/xenonkungen.com\/produkt\/luxtar-twilight-ledrampsfaste-svart-rf\/#breadcrumb\",\"itemListElement\":[{\"@type\":\"ListItem\",\"position\":1,\"name\":\"Hem\",\"item\":\"https:\/\/xenonkungen.com\/\"},{\"@type\":\"ListItem\",\"position\":2,\"name\":\"Shop\",\"item\":\"https:\/\/xenonkungen.com\/shop\/\"},{\"@type\":\"ListItem\",\"position\":3,\"name\":\"Luxtar Twilight Ledrampsf\u00e4ste | Svart | RF\"}]},{\"@type\":\"WebSite\",\"@id\":\"https:\/\/xenonkungen.com\/#website\",\"url\":\"https:\/\/xenonkungen.com\/\",\"name\":\"Xenonkungen\",\"description\":\"\",\"potentialAction\":[{\"@type\":\"SearchAction\",\"target\":{\"@type\":\"EntryPoint\",\"urlTemplate\":\"https:\/\/xenonkungen.com\/?s={search_term_string}\"},\"query-input\":{\"@type\":\"PropertyValueSpecification\",\"valueRequired\":true,\"valueName\":\"search_term_string\"}}],\"inLanguage\":\"da-DK\"}]}<\/script>\n<!-- \/ Yoast SEO plugin. -->","yoast_head_json":{"title":"Luxtar Twilight LED-lygtebeslag | Sort | RF - Xenonkungen","robots":{"index":"index","follow":"follow","max-snippet":"max-snippet:-1","max-image-preview":"max-image-preview:large","max-video-preview":"max-video-preview:-1"},"canonical":"https:\/\/xenonkungen.com\/dk\/vare\/luxtar-twilight-led-lampe-sort-rf\/","og_locale":"da_DK","og_type":"article","og_title":"Luxtar Twilight Ledrampsf\u00e4ste | Svart | RF - Xenonkungen","og_description":"Luxtar Twilight LED-rampsf\u00e4ste | Svart | RF | H\u00e5llbarhet i rostfritt st\u00e5l Ge din bil en premium look och maximera belysningen med v\u00e5rt Luxtar Twilight LED-rampsf\u00e4ste. Denna monteringsl\u00f6sning \u00e4r tillverkad av h\u00f6gkvalitativt, 3 mm rostfritt st\u00e5l som garanterar styrka och h\u00e5llbarhet \u00e4ven under tuffa f\u00f6rh\u00e5llanden. Med en elegant svart finish sm\u00e4lter f\u00e4stet perfekt in i [&hellip;]","og_url":"https:\/\/xenonkungen.com\/dk\/vare\/luxtar-twilight-led-lampe-sort-rf\/","og_site_name":"Xenonkungen","article_modified_time":"2026-04-17T11:05:53+00:00","og_image":[{"width":600,"height":600,"url":"https:\/\/xenonkungen.com\/wp-content\/uploads\/2025\/04\/p-dySazQ.png","type":"image\/png"}],"twitter_card":"summary_large_image","twitter_misc":{"Estimeret l\u00e6setid":"1 minut"},"schema":{"@context":"https:\/\/schema.org","@graph":[{"@type":"WebPage","@id":"https:\/\/xenonkungen.com\/produkt\/luxtar-twilight-ledrampsfaste-svart-rf\/","url":"https:\/\/xenonkungen.com\/produkt\/luxtar-twilight-ledrampsfaste-svart-rf\/","name":"Luxtar Twilight LED-lygtebeslag | Sort | RF - Xenonkungen","isPartOf":{"@id":"https:\/\/xenonkungen.com\/#website"},"primaryImageOfPage":{"@id":"https:\/\/xenonkungen.com\/produkt\/luxtar-twilight-ledrampsfaste-svart-rf\/#primaryimage"},"image":{"@id":"https:\/\/xenonkungen.com\/produkt\/luxtar-twilight-ledrampsfaste-svart-rf\/#primaryimage"},"thumbnailUrl":"https:\/\/xenonkungen.com\/wp-content\/uploads\/2025\/04\/p-dySazQ.png","datePublished":"2025-04-15T08:42:47+00:00","dateModified":"2026-04-17T11:05:53+00:00","breadcrumb":{"@id":"https:\/\/xenonkungen.com\/produkt\/luxtar-twilight-ledrampsfaste-svart-rf\/#breadcrumb"},"inLanguage":"da-DK","potentialAction":[{"@type":"ReadAction","target":["https:\/\/xenonkungen.com\/produkt\/luxtar-twilight-ledrampsfaste-svart-rf\/"]}]},{"@type":"ImageObject","inLanguage":"da-DK","@id":"https:\/\/xenonkungen.com\/produkt\/luxtar-twilight-ledrampsfaste-svart-rf\/#primaryimage","url":"https:\/\/xenonkungen.com\/wp-content\/uploads\/2025\/04\/p-dySazQ.png","contentUrl":"https:\/\/xenonkungen.com\/wp-content\/uploads\/2025\/04\/p-dySazQ.png","width":600,"height":600},{"@type":"BreadcrumbList","@id":"https:\/\/xenonkungen.com\/produkt\/luxtar-twilight-ledrampsfaste-svart-rf\/#breadcrumb","itemListElement":[{"@type":"ListItem","position":1,"name":"Hem","item":"https:\/\/xenonkungen.com\/"},{"@type":"ListItem","position":2,"name":"Shop","item":"https:\/\/xenonkungen.com\/shop\/"},{"@type":"ListItem","position":3,"name":"Luxtar Twilight Ledrampsf\u00e4ste | Svart | RF"}]},{"@type":"WebSite","@id":"https:\/\/xenonkungen.com\/#website","url":"https:\/\/xenonkungen.com\/","name":"Xenonkungen","description":"","potentialAction":[{"@type":"SearchAction","target":{"@type":"EntryPoint","urlTemplate":"https:\/\/xenonkungen.com\/?s={search_term_string}"},"query-input":{"@type":"PropertyValueSpecification","valueRequired":true,"valueName":"search_term_string"}}],"inLanguage":"da-DK"}]}},"taxonomy_info":{"product_brand":[{"value":103,"label":"LUXTAR"}],"product_cat":[{"value":2534,"label":"Extraljusf\u00e4ste"},{"value":2461,"label":"F\u00e4sten"},{"value":2828,"label":"Installation LED-ramper"},{"value":2535,"label":"LEDRAMPER"},{"value":2539,"label":"LEDRAMPER"},{"value":2826,"label":"LUXTAR"},{"value":2823,"label":"Luxtar - \u00d6vriga produkter"},{"value":2542,"label":"Luxtar Twilight"},{"value":2536,"label":"Tillbeh\u00f6r"},{"value":390,"label":"Installation"},{"value":18,"label":"LED Ramper \/ Ljusramper"},{"value":20,"label":"Luxtar Twilight"},{"value":2159,"label":"LUXTAR Twilight"}]},"featured_image_src_large":["https:\/\/xenonkungen.com\/wp-content\/uploads\/2025\/04\/p-dySazQ.png",600,600,false],"author_info":[],"comment_info":1,"_links":{"self":[{"href":"https:\/\/xenonkungen.com\/dk\/wp-json\/wp\/v2\/product\/2765","targetHints":{"allow":["GET"]}}],"collection":[{"href":"https:\/\/xenonkungen.com\/dk\/wp-json\/wp\/v2\/product"}],"about":[{"href":"https:\/\/xenonkungen.com\/dk\/wp-json\/wp\/v2\/types\/product"}],"replies":[{"embeddable":true,"href":"https:\/\/xenonkungen.com\/dk\/wp-json\/wp\/v2\/comments?post=2765"}],"wp:featuredmedia":[{"embeddable":true,"href":"https:\/\/xenonkungen.com\/dk\/wp-json\/wp\/v2\/media\/2766"}],"wp:attachment":[{"href":"https:\/\/xenonkungen.com\/dk\/wp-json\/wp\/v2\/media?parent=2765"}],"wp:term":[{"taxonomy":"anvandningsomrade","embeddable":true,"href":"https:\/\/xenonkungen.com\/dk\/wp-json\/wp\/v2\/anvandningsomrade?post=2765"},{"taxonomy":"bilmarken","embeddable":true,"href":"https:\/\/xenonkungen.com\/dk\/wp-json\/wp\/v2\/bilmarken?post=2765"},{"taxonomy":"product_brand","embeddable":true,"href":"https:\/\/xenonkungen.com\/dk\/wp-json\/wp\/v2\/product_brand?post=2765"},{"taxonomy":"product_cat","embeddable":true,"href":"https:\/\/xenonkungen.com\/dk\/wp-json\/wp\/v2\/product_cat?post=2765"},{"taxonomy":"product_tag","embeddable":true,"href":"https:\/\/xenonkungen.com\/dk\/wp-json\/wp\/v2\/product_tag?post=2765"}],"curies":[{"name":"wp","href":"https:\/\/api.w.org\/{rel}","templated":true}]}}