{"id":2768,"date":"2025-04-15T08:42:47","date_gmt":"2025-04-15T08:42:47","guid":{"rendered":"https:\/\/xenonkungen.com\/product\/luxtar-universal-tvadelat-led-rampsfaste\/"},"modified":"2026-04-24T16:46:02","modified_gmt":"2026-04-24T15:46:02","slug":"luxtar-universel-todelt-led-rampebeslag","status":"publish","type":"product","link":"https:\/\/xenonkungen.com\/dk\/vare\/luxtar-universel-todelt-led-rampebeslag\/","title":{"rendered":"Luxtar Universal LED-rampebeslag i to dele"},"content":{"rendered":"<h2><strong>Luxtar Universal LED-rampebeslag i to dele<\/strong><\/h2>\n<p><strong>Luxtar Universal LED Bar Mounts \u2013 Fleksibel, elegant og effektiv<\/strong><\/p>\n<p>Opdag Luxtars todelte LED-rampebeslag, det ultimative valg til en sikker og problemfri installation af din LED-rampe.<\/p>\n<p>De er designet til at passe til en r\u00e6kke LED-bj\u00e6lker og tilbyder alsidige monteringsmuligheder, der g\u00f8r det muligt at montere dem b\u00e5de opad og nedad, direkte bag din nummerplade.<\/p>\n<p>Med en pulverlakeret sort finish og flere fastg\u00f8relsespunkter f\u00e5r du en stilfuld og robust installation. Perfekt til planfors\u00e6nket montering og ideel til dem, der \u00f8nsker at kombinere funktionalitet med et diskret udseende.<\/p>\n<p><strong>Hvorfor v\u00e6lge Luxtar LED rampebeslag?<\/strong><\/p>\n<ul>\n<li><strong>Universel<\/strong>Passer til de fleste LED-ramper.<\/li>\n<li><strong>Fleksible monteringsmuligheder<\/strong>Kan monteres i forskellige positioner for at im\u00f8dekomme dine behov.<\/li>\n<li><strong>Sikker og stabil montering<\/strong>Giver en robust og p\u00e5lidelig l\u00f8sning bag nummerpladen.<\/li>\n<li><strong>Nem installation<\/strong>Hurtig og nem at samle uden besv\u00e6r.<\/li>\n<li><strong>B\u00e6redygtigt design<\/strong>Pulverlakeret i sort for et holdbart og elegant resultat.<\/li>\n<li><strong>Leveres i par<\/strong><\/li>\n<\/ul>\n<p>Klar til at tage din bils belysning til det n\u00e6ste niveau. Giv dig selv friheden til at justere afstanden pr\u00e6cist og skab en perfekt installation hver gang.<\/p>\n<p>Med Luxtar LED rampebeslag f\u00e5r du ikke kun kvalitet, men ogs\u00e5 en l\u00f8sning, der g\u00f8r installationen nem og effektiv.<\/p>\n<p>V\u00e6lg det bedste til din belysning \u2013 v\u00e6lg Luxtar.<\/p>","protected":false},"excerpt":{"rendered":"<p>Luxtar Universal tv\u00e5delat LED-rampsf\u00e4ste Luxtar Universella LED-rampsf\u00e4sten \u2013 Flexibla, Eleganta och Effektiva Uppt\u00e4ck Luxtars tv\u00e5delade LED-rampsf\u00e4sten, det ultimata valet f\u00f6r en s\u00e4ker och smidig montering av din LED-ramp. Designade f\u00f6r att passa en rad olika LED-ramper och erbjuder m\u00e5ngsidiga monteringsm\u00f6jligheter som g\u00f6r att de kan monteras b\u00e5de upp\u00e5t och ned\u00e5t, direkt bakom din registreringsskylt. Med [&hellip;]<\/p>","protected":false},"featured_media":2769,"comment_status":"closed","ping_status":"closed","template":"","meta":{"_acf_changed":false,"_smort_price_nok":"373","_smort_price_dkk":"237","_smort_price_eur":"31.73","_smort_sale_price_nok":"","_smort_sale_price_dkk":"","_smort_sale_price_eur":"","smort_restorder":"","shipmondo_restorder":"","_kad_blocks_custom_css":"","_kad_blocks_head_custom_js":"","_kad_blocks_body_custom_js":"","_kad_blocks_footer_custom_js":"","smort_custom_pricelist_1":"223.36","smort_custom_pricelist_2":"195.44","smort_custom_pricelist_3":"181.48","smort_custom_pricelist_4":"279.2","smort_custom_pricelist_5":"195.44"},"anvandningsomrade":[],"bilmarken":[],"product_brand":[103],"product_cat":[2534,2461,2828,2535,2826,2536,390],"product_tag":[],"class_list":{"0":"post-2768","1":"product","2":"type-product","3":"status-publish","4":"has-post-thumbnail","6":"product_brand-luxtar","7":"product_cat-extraljusfaste-extraljus","8":"product_cat-fasten-installation","9":"product_cat-installation-led-ramper","10":"product_cat-tillbehor-ledramper","11":"product_cat-luxtar","12":"product_cat-tillbehor-tillbehor-ledramper","13":"product_cat-installation","14":"pa_storlek-mm-157x182x3","16":"first","17":"instock","18":"taxable","19":"shipping-taxable","20":"purchasable","21":"product-type-simple"},"bundled_by":[],"bundle_stock_status":"instock","bundle_stock_quantity":99,"bundle_virtual":false,"bundle_layout":"","bundle_add_to_cart_form_location":"","bundle_editable_in_cart":false,"bundle_sold_individually_context":"","bundle_item_grouping":"","bundle_min_size":"","bundle_max_size":"","bundle_price":[],"bundled_items":[],"bundle_sell_ids":[],"acf":[],"yoast_head":"<!-- This site is optimized with the Yoast SEO plugin v27.0 - https:\/\/yoast.com\/product\/yoast-seo-wordpress\/ -->\n<title>Luxtar Universal tv\u00e5delat LED-rampsf\u00e4ste - Xenonkungen<\/title>\n<meta name=\"robots\" content=\"index, follow, max-snippet:-1, max-image-preview:large, max-video-preview:-1\" \/>\n<link rel=\"canonical\" href=\"https:\/\/xenonkungen.com\/dk\/vare\/luxtar-universel-todelt-led-rampebeslag\/\" \/>\n<meta property=\"og:locale\" content=\"da_DK\" \/>\n<meta property=\"og:type\" content=\"article\" \/>\n<meta property=\"og:title\" content=\"Luxtar Universal tv\u00e5delat LED-rampsf\u00e4ste - Xenonkungen\" \/>\n<meta property=\"og:description\" content=\"Luxtar Universal tv\u00e5delat LED-rampsf\u00e4ste Luxtar Universella LED-rampsf\u00e4sten \u2013 Flexibla, Eleganta och Effektiva Uppt\u00e4ck Luxtars tv\u00e5delade LED-rampsf\u00e4sten, det ultimata valet f\u00f6r en s\u00e4ker och smidig montering av din LED-ramp. Designade f\u00f6r att passa en rad olika LED-ramper och erbjuder m\u00e5ngsidiga monteringsm\u00f6jligheter som g\u00f6r att de kan monteras b\u00e5de upp\u00e5t och ned\u00e5t, direkt bakom din registreringsskylt. Med [&hellip;]\" \/>\n<meta property=\"og:url\" content=\"https:\/\/xenonkungen.com\/dk\/vare\/luxtar-universel-todelt-led-rampebeslag\/\" \/>\n<meta property=\"og:site_name\" content=\"Xenonkungen\" \/>\n<meta property=\"article:modified_time\" content=\"2026-04-24T15:46:02+00:00\" \/>\n<meta property=\"og:image\" content=\"https:\/\/xenonkungen.com\/wp-content\/uploads\/2025\/04\/CDzV0pUQ.jpg\" \/>\n\t<meta property=\"og:image:width\" content=\"600\" \/>\n\t<meta property=\"og:image:height\" content=\"600\" \/>\n\t<meta property=\"og:image:type\" content=\"image\/jpeg\" \/>\n<meta name=\"twitter:card\" content=\"summary_large_image\" \/>\n<meta name=\"twitter:label1\" content=\"Estimeret l\u00e6setid\" \/>\n\t<meta name=\"twitter:data1\" content=\"2 minutter\" \/>\n<script type=\"application\/ld+json\" class=\"yoast-schema-graph\">{\"@context\":\"https:\/\/schema.org\",\"@graph\":[{\"@type\":\"WebPage\",\"@id\":\"https:\/\/xenonkungen.com\/produkt\/luxtar-universal-tvadelat-led-rampsfaste\/\",\"url\":\"https:\/\/xenonkungen.com\/produkt\/luxtar-universal-tvadelat-led-rampsfaste\/\",\"name\":\"Luxtar Universal tv\u00e5delat LED-rampsf\u00e4ste - Xenonkungen\",\"isPartOf\":{\"@id\":\"https:\/\/xenonkungen.com\/#website\"},\"primaryImageOfPage\":{\"@id\":\"https:\/\/xenonkungen.com\/produkt\/luxtar-universal-tvadelat-led-rampsfaste\/#primaryimage\"},\"image\":{\"@id\":\"https:\/\/xenonkungen.com\/produkt\/luxtar-universal-tvadelat-led-rampsfaste\/#primaryimage\"},\"thumbnailUrl\":\"https:\/\/xenonkungen.com\/wp-content\/uploads\/2025\/04\/CDzV0pUQ.jpg\",\"datePublished\":\"2025-04-15T08:42:47+00:00\",\"dateModified\":\"2026-04-24T15:46:02+00:00\",\"breadcrumb\":{\"@id\":\"https:\/\/xenonkungen.com\/produkt\/luxtar-universal-tvadelat-led-rampsfaste\/#breadcrumb\"},\"inLanguage\":\"da-DK\",\"potentialAction\":[{\"@type\":\"ReadAction\",\"target\":[\"https:\/\/xenonkungen.com\/produkt\/luxtar-universal-tvadelat-led-rampsfaste\/\"]}]},{\"@type\":\"ImageObject\",\"inLanguage\":\"da-DK\",\"@id\":\"https:\/\/xenonkungen.com\/produkt\/luxtar-universal-tvadelat-led-rampsfaste\/#primaryimage\",\"url\":\"https:\/\/xenonkungen.com\/wp-content\/uploads\/2025\/04\/CDzV0pUQ.jpg\",\"contentUrl\":\"https:\/\/xenonkungen.com\/wp-content\/uploads\/2025\/04\/CDzV0pUQ.jpg\",\"width\":600,\"height\":600},{\"@type\":\"BreadcrumbList\",\"@id\":\"https:\/\/xenonkungen.com\/produkt\/luxtar-universal-tvadelat-led-rampsfaste\/#breadcrumb\",\"itemListElement\":[{\"@type\":\"ListItem\",\"position\":1,\"name\":\"Hem\",\"item\":\"https:\/\/xenonkungen.com\/\"},{\"@type\":\"ListItem\",\"position\":2,\"name\":\"Shop\",\"item\":\"https:\/\/xenonkungen.com\/shop\/\"},{\"@type\":\"ListItem\",\"position\":3,\"name\":\"Luxtar Universal tv\u00e5delat LED-rampsf\u00e4ste\"}]},{\"@type\":\"WebSite\",\"@id\":\"https:\/\/xenonkungen.com\/#website\",\"url\":\"https:\/\/xenonkungen.com\/\",\"name\":\"Xenonkungen\",\"description\":\"\",\"potentialAction\":[{\"@type\":\"SearchAction\",\"target\":{\"@type\":\"EntryPoint\",\"urlTemplate\":\"https:\/\/xenonkungen.com\/?s={search_term_string}\"},\"query-input\":{\"@type\":\"PropertyValueSpecification\",\"valueRequired\":true,\"valueName\":\"search_term_string\"}}],\"inLanguage\":\"da-DK\"}]}<\/script>\n<!-- \/ Yoast SEO plugin. -->","yoast_head_json":{"title":"Luxtar Universal todelt LED rampebeslag - Xenonkungen","robots":{"index":"index","follow":"follow","max-snippet":"max-snippet:-1","max-image-preview":"max-image-preview:large","max-video-preview":"max-video-preview:-1"},"canonical":"https:\/\/xenonkungen.com\/dk\/vare\/luxtar-universel-todelt-led-rampebeslag\/","og_locale":"da_DK","og_type":"article","og_title":"Luxtar Universal tv\u00e5delat LED-rampsf\u00e4ste - Xenonkungen","og_description":"Luxtar Universal tv\u00e5delat LED-rampsf\u00e4ste Luxtar Universella LED-rampsf\u00e4sten \u2013 Flexibla, Eleganta och Effektiva Uppt\u00e4ck Luxtars tv\u00e5delade LED-rampsf\u00e4sten, det ultimata valet f\u00f6r en s\u00e4ker och smidig montering av din LED-ramp. Designade f\u00f6r att passa en rad olika LED-ramper och erbjuder m\u00e5ngsidiga monteringsm\u00f6jligheter som g\u00f6r att de kan monteras b\u00e5de upp\u00e5t och ned\u00e5t, direkt bakom din registreringsskylt. Med [&hellip;]","og_url":"https:\/\/xenonkungen.com\/dk\/vare\/luxtar-universel-todelt-led-rampebeslag\/","og_site_name":"Xenonkungen","article_modified_time":"2026-04-24T15:46:02+00:00","og_image":[{"width":600,"height":600,"url":"https:\/\/xenonkungen.com\/wp-content\/uploads\/2025\/04\/CDzV0pUQ.jpg","type":"image\/jpeg"}],"twitter_card":"summary_large_image","twitter_misc":{"Estimeret l\u00e6setid":"2 minutter"},"schema":{"@context":"https:\/\/schema.org","@graph":[{"@type":"WebPage","@id":"https:\/\/xenonkungen.com\/produkt\/luxtar-universal-tvadelat-led-rampsfaste\/","url":"https:\/\/xenonkungen.com\/produkt\/luxtar-universal-tvadelat-led-rampsfaste\/","name":"Luxtar Universal todelt LED rampebeslag - Xenonkungen","isPartOf":{"@id":"https:\/\/xenonkungen.com\/#website"},"primaryImageOfPage":{"@id":"https:\/\/xenonkungen.com\/produkt\/luxtar-universal-tvadelat-led-rampsfaste\/#primaryimage"},"image":{"@id":"https:\/\/xenonkungen.com\/produkt\/luxtar-universal-tvadelat-led-rampsfaste\/#primaryimage"},"thumbnailUrl":"https:\/\/xenonkungen.com\/wp-content\/uploads\/2025\/04\/CDzV0pUQ.jpg","datePublished":"2025-04-15T08:42:47+00:00","dateModified":"2026-04-24T15:46:02+00:00","breadcrumb":{"@id":"https:\/\/xenonkungen.com\/produkt\/luxtar-universal-tvadelat-led-rampsfaste\/#breadcrumb"},"inLanguage":"da-DK","potentialAction":[{"@type":"ReadAction","target":["https:\/\/xenonkungen.com\/produkt\/luxtar-universal-tvadelat-led-rampsfaste\/"]}]},{"@type":"ImageObject","inLanguage":"da-DK","@id":"https:\/\/xenonkungen.com\/produkt\/luxtar-universal-tvadelat-led-rampsfaste\/#primaryimage","url":"https:\/\/xenonkungen.com\/wp-content\/uploads\/2025\/04\/CDzV0pUQ.jpg","contentUrl":"https:\/\/xenonkungen.com\/wp-content\/uploads\/2025\/04\/CDzV0pUQ.jpg","width":600,"height":600},{"@type":"BreadcrumbList","@id":"https:\/\/xenonkungen.com\/produkt\/luxtar-universal-tvadelat-led-rampsfaste\/#breadcrumb","itemListElement":[{"@type":"ListItem","position":1,"name":"Hem","item":"https:\/\/xenonkungen.com\/"},{"@type":"ListItem","position":2,"name":"Shop","item":"https:\/\/xenonkungen.com\/shop\/"},{"@type":"ListItem","position":3,"name":"Luxtar Universal tv\u00e5delat LED-rampsf\u00e4ste"}]},{"@type":"WebSite","@id":"https:\/\/xenonkungen.com\/#website","url":"https:\/\/xenonkungen.com\/","name":"Xenonkungen","description":"","potentialAction":[{"@type":"SearchAction","target":{"@type":"EntryPoint","urlTemplate":"https:\/\/xenonkungen.com\/?s={search_term_string}"},"query-input":{"@type":"PropertyValueSpecification","valueRequired":true,"valueName":"search_term_string"}}],"inLanguage":"da-DK"}]}},"taxonomy_info":{"product_brand":[{"value":103,"label":"LUXTAR"}],"product_cat":[{"value":2534,"label":"Extraljusf\u00e4ste"},{"value":2461,"label":"F\u00e4sten"},{"value":2828,"label":"Installation LED-ramper"},{"value":2535,"label":"LEDRAMPER"},{"value":2826,"label":"LUXTAR"},{"value":2536,"label":"Tillbeh\u00f6r"},{"value":390,"label":"Installation"}],"pa_storlek-mm":[{"value":857,"label":"157x182x3"}]},"featured_image_src_large":["https:\/\/xenonkungen.com\/wp-content\/uploads\/2025\/04\/CDzV0pUQ.jpg",600,600,false],"author_info":[],"comment_info":0,"_links":{"self":[{"href":"https:\/\/xenonkungen.com\/dk\/wp-json\/wp\/v2\/product\/2768","targetHints":{"allow":["GET"]}}],"collection":[{"href":"https:\/\/xenonkungen.com\/dk\/wp-json\/wp\/v2\/product"}],"about":[{"href":"https:\/\/xenonkungen.com\/dk\/wp-json\/wp\/v2\/types\/product"}],"replies":[{"embeddable":true,"href":"https:\/\/xenonkungen.com\/dk\/wp-json\/wp\/v2\/comments?post=2768"}],"wp:featuredmedia":[{"embeddable":true,"href":"https:\/\/xenonkungen.com\/dk\/wp-json\/wp\/v2\/media\/2769"}],"wp:attachment":[{"href":"https:\/\/xenonkungen.com\/dk\/wp-json\/wp\/v2\/media?parent=2768"}],"wp:term":[{"taxonomy":"anvandningsomrade","embeddable":true,"href":"https:\/\/xenonkungen.com\/dk\/wp-json\/wp\/v2\/anvandningsomrade?post=2768"},{"taxonomy":"bilmarken","embeddable":true,"href":"https:\/\/xenonkungen.com\/dk\/wp-json\/wp\/v2\/bilmarken?post=2768"},{"taxonomy":"product_brand","embeddable":true,"href":"https:\/\/xenonkungen.com\/dk\/wp-json\/wp\/v2\/product_brand?post=2768"},{"taxonomy":"product_cat","embeddable":true,"href":"https:\/\/xenonkungen.com\/dk\/wp-json\/wp\/v2\/product_cat?post=2768"},{"taxonomy":"product_tag","embeddable":true,"href":"https:\/\/xenonkungen.com\/dk\/wp-json\/wp\/v2\/product_tag?post=2768"}],"curies":[{"name":"wp","href":"https:\/\/api.w.org\/{rel}","templated":true}]}}