{"id":27712,"date":"2026-03-13T15:14:31","date_gmt":"2026-03-13T14:14:31","guid":{"rendered":"https:\/\/xenonkungen.com\/?post_type=product&#038;p=27712"},"modified":"2026-05-12T14:58:21","modified_gmt":"2026-05-12T13:58:21","slug":"tershine-amplificate-vadlak-5-l","status":"publish","type":"product","link":"https:\/\/xenonkungen.com\/dk\/vare\/tershine-amplificate-vadlak-5-l\/","title":{"rendered":"Tershine Amplify \u2013 V\u00e5dlak 5 L"},"content":{"rendered":"<p>Beskyt dit k\u00f8ret\u00f8j med lak p\u00e5 ingen tid, spray p\u00e5 en v\u00e5d overflade og skyl af!<\/p>\n<p><strong>Skaber et stort afl\u00f8b og masser af glans<br \/>\nFortyndbar<br \/>\nEkstremt nem at anvende<br \/>\nFungerer p\u00e5 alle overflader og k\u00f8ret\u00f8jer<br \/>\nLang holdbarhed<br \/>\nProduktet er produceret uden tils\u00e6tning af per- og polyfluorerede stoffer (PFAS)<br \/>\nProduktet er ikke klassificeret som m\u00e6rkningspligtigt i henhold til CLP-forordning (EF) 1272\/2008.<br \/>\n<\/strong><\/p>\n<p><strong>S\u00e5dan bruger du Amplify \u2013 Wet Coat\u00a0<\/strong><\/p>\n<p><strong>1.\u00a0<\/strong>Vask k\u00f8ret\u00f8jet med alle trin, undg\u00e5 shampooer med afl\u00f8bsprodukter s\u00e5som Purify S+ osv. (kan v\u00e6re lidt for meget af det gode)! Selvf\u00f8lgelig kan du det, men fortynd derefter Amplify med vand for at v\u00e6re p\u00e5 den sikre side.\u00a0<strong><br \/>\n2.\u00a0<\/strong>Spray p\u00e5 v\u00e5d overflade<strong><br \/>\n3.\u00a0<\/strong>Skyl grundigt.<strong><br \/>\n4.\u00a0<\/strong>T\u00f8r med en mikrofiberklud efter eget valg<strong><br \/>\n5.\u00a0<\/strong>Ja, vi ved det godt, det er fuldst\u00e6ndig vanvittigt!<\/p>\n<p>Meget nem at bruge og giver fantastisk dr\u00e6ning, glans og beskyttelse uden dikkedarer. Fungerer lige s\u00e5 godt p\u00e5 wraps, PPF, matte malinger, plastik, glas og f\u00e6lge. Du m\u00e6rker ikke noget i \u00f8jnene, lungerne osv., som du nemt kan g\u00f8re med st\u00e6rkere kemikalier! Fungerer fantastisk, n\u00e5r den fortyndes helt op til 1:10 (overkommelig pris!).<\/p>\n<p>Dufter fantastisk af nogle eksotiske frugter, t\u00e6nk Fanta Exotic (agtig). Virker p\u00e5 stort set alle materialer s\u00e5som maling, glas, plastik, gelcoat, aluminium, gummi osv. Husk at produktet er meget gener\u00f8st, s\u00e5 lidt r\u00e6kker langt, som jeg altid anbefaler. Eksperimenter for at finde ud af, hvad du kan lide, og test gerne p\u00e5 \u00e9t panel ad gangen, f\u00f8r du l\u00e6rer produktet at kende. Som s\u00e6dvanlig med vores produkter, er mindre mere!<\/p>\n<p>Ps. Den kan selvf\u00f8lgelig ogs\u00e5 bruges p\u00e5 en t\u00f8r bil som en hurtig<br \/>\ndetaljer, og du kan ogs\u00e5 fortynde det op til 1:10, men du er velkommen til at eksperimentere med, hvad du bedst kan lide selv. Det hele afh\u00e6nger af, hvor god basen er. Hvis du har al vores beskyttelse nedenunder, s\u00e5som Magnify \u2013 Coating, Refract osv., s\u00e5 fungerer det fint at fortynde det. Men det er beregnet til at blive brugt, som det er, s\u00e5 pr\u00f8v selv, hvad du bedst kan lide. Undg\u00e5 direkte sollys under brug, dette g\u00e6lder selvf\u00f8lgelig for alle bilplejeprodukter.<\/p>\n<p><strong>Tip<\/strong>S\u00f8rg for at overfladen er k\u00f8lig og grundigt rengjort (skyl grundigt). Start altid med en eller to paneler, og skyl derefter af, s\u00e5 du ved, hvordan det virker i dit specifikke milj\u00f8. Husk at det er superpotent, mindre er mere, og undg\u00e5 sol\/vind.<\/p>\n<p>Hvis der mod forventning skulle opst\u00e5 en form for flamme, skal du blot polere den v\u00e6k, n\u00e5r du t\u00f8rrer bilen med mikrofiberkluden, eller hvis den allerede er h\u00e6rdet, er den nemmeste m\u00e5de at bruge en fugtig klud og Apex+! Hvis det ikke virker, kan du bruge Dissolve eller ideelt set Prime \u2013 Panel Wipe med en svamp, og s\u00e5 forsvinder den.<\/p>\n<p>Husk p\u00e5, at hvis du er udenfor, vil vind og varme fremskynde udbr\u00e6ndingstiden. Hvis du ikke er lidt bekendt med produktet, er du velkommen til at bruge et eller to paneler ad gangen og derefter tage et brusebad.<\/p>\n<p>Undg\u00e5 Purify S+ eller andre shampooer med &quot;Coating&quot; f\u00f8r brug, de virker normalt, men kan v\u00e6re lidt for meget af det gode! De f\u00f8rste par gange du pr\u00f8ver det, kan du starte med \u00e9t panel ad gangen eller fortynde det lidt, indtil du er tilfreds.<\/p>","protected":false},"excerpt":{"rendered":"<p>Beskyt din bils lak p\u00e5 ingen tid, spray p\u00e5 en v\u00e5d overflade og skyl af! Brutal afrenning og masser af glans p\u00e5 alle typer overflader.<\/p>","protected":false},"featured_media":27713,"comment_status":"open","ping_status":"closed","template":"","meta":{"_acf_changed":false,"_smort_price_nok":"","_smort_price_dkk":"","_smort_price_eur":"","_smort_sale_price_nok":"","_smort_sale_price_dkk":"","_smort_sale_price_eur":"","smort_restorder":"","shipmondo_restorder":"","_kad_blocks_custom_css":"","_kad_blocks_head_custom_js":"","_kad_blocks_body_custom_js":"","_kad_blocks_footer_custom_js":"","smort_custom_pricelist_1":"639.36","smort_custom_pricelist_2":"639.36","smort_custom_pricelist_3":"639.36","smort_custom_pricelist_4":"799.2","smort_custom_pricelist_5":"639.36"},"anvandningsomrade":[],"bilmarken":[],"product_brand":[2893],"product_cat":[2989,2614,378],"product_tag":[],"class_list":{"0":"post-27712","1":"product","2":"type-product","3":"status-publish","4":"has-post-thumbnail","6":"product_brand-tershine","7":"product_cat-avfettning","8":"product_cat-lackskydd","9":"product_cat-bilvard","11":"first","12":"onbackorder","13":"taxable","14":"shipping-taxable","15":"purchasable","16":"product-type-simple"},"bundled_by":[],"bundle_stock_status":"onbackorder","bundle_stock_quantity":0,"bundle_virtual":false,"bundle_layout":"","bundle_add_to_cart_form_location":"","bundle_editable_in_cart":false,"bundle_sold_individually_context":"","bundle_item_grouping":"","bundle_min_size":"","bundle_max_size":"","bundle_price":[],"bundled_items":[],"bundle_sell_ids":[],"acf":[],"yoast_head":"<!-- This site is optimized with the Yoast SEO plugin v27.0 - https:\/\/yoast.com\/product\/yoast-seo-wordpress\/ -->\n<title>Tershine Amplify - Wet Coat 5 L - Xenonkungen<\/title>\n<meta name=\"robots\" content=\"index, follow, max-snippet:-1, max-image-preview:large, max-video-preview:-1\" \/>\n<link rel=\"canonical\" href=\"https:\/\/xenonkungen.com\/dk\/vare\/tershine-amplificate-vadlak-5-l\/\" \/>\n<meta property=\"og:locale\" content=\"da_DK\" \/>\n<meta property=\"og:type\" content=\"article\" \/>\n<meta property=\"og:title\" content=\"Tershine Amplify - Wet Coat 5 L - Xenonkungen\" \/>\n<meta property=\"og:description\" content=\"Lackskydda ditt fordon p\u00e5 nolltid, spraya p\u00e5 bl\u00f6t yta och spola av! Brutal avrinning och massvis av glans p\u00e5 alla typer av ytor.\" \/>\n<meta property=\"og:url\" content=\"https:\/\/xenonkungen.com\/dk\/vare\/tershine-amplificate-vadlak-5-l\/\" \/>\n<meta property=\"og:site_name\" content=\"Xenonkungen\" \/>\n<meta property=\"article:modified_time\" content=\"2026-05-12T13:58:21+00:00\" \/>\n<meta property=\"og:image\" content=\"https:\/\/xenonkungen.com\/wp-content\/uploads\/2026\/03\/id6ZmCr6GTGaIngayiVJhlpDmApaqSchdvCRtVn1.webp\" \/>\n\t<meta property=\"og:image:width\" content=\"1024\" \/>\n\t<meta property=\"og:image:height\" content=\"1024\" \/>\n\t<meta property=\"og:image:type\" content=\"image\/webp\" \/>\n<meta name=\"twitter:card\" content=\"summary_large_image\" \/>\n<meta name=\"twitter:label1\" content=\"Estimeret l\u00e6setid\" \/>\n\t<meta name=\"twitter:data1\" content=\"3 minutter\" \/>\n<script type=\"application\/ld+json\" class=\"yoast-schema-graph\">{\"@context\":\"https:\/\/schema.org\",\"@graph\":[{\"@type\":\"WebPage\",\"@id\":\"https:\/\/xenonkungen.com\/produkt\/tershine-amplify-wet-coat-5-l\/\",\"url\":\"https:\/\/xenonkungen.com\/produkt\/tershine-amplify-wet-coat-5-l\/\",\"name\":\"Tershine Amplify - Wet Coat 5 L - Xenonkungen\",\"isPartOf\":{\"@id\":\"https:\/\/xenonkungen.com\/#website\"},\"primaryImageOfPage\":{\"@id\":\"https:\/\/xenonkungen.com\/produkt\/tershine-amplify-wet-coat-5-l\/#primaryimage\"},\"image\":{\"@id\":\"https:\/\/xenonkungen.com\/produkt\/tershine-amplify-wet-coat-5-l\/#primaryimage\"},\"thumbnailUrl\":\"https:\/\/xenonkungen.com\/wp-content\/uploads\/2026\/03\/id6ZmCr6GTGaIngayiVJhlpDmApaqSchdvCRtVn1.webp\",\"datePublished\":\"2026-03-13T14:14:31+00:00\",\"dateModified\":\"2026-05-12T13:58:21+00:00\",\"breadcrumb\":{\"@id\":\"https:\/\/xenonkungen.com\/produkt\/tershine-amplify-wet-coat-5-l\/#breadcrumb\"},\"inLanguage\":\"da-DK\",\"potentialAction\":[{\"@type\":\"ReadAction\",\"target\":[\"https:\/\/xenonkungen.com\/produkt\/tershine-amplify-wet-coat-5-l\/\"]}]},{\"@type\":\"ImageObject\",\"inLanguage\":\"da-DK\",\"@id\":\"https:\/\/xenonkungen.com\/produkt\/tershine-amplify-wet-coat-5-l\/#primaryimage\",\"url\":\"https:\/\/xenonkungen.com\/wp-content\/uploads\/2026\/03\/id6ZmCr6GTGaIngayiVJhlpDmApaqSchdvCRtVn1.webp\",\"contentUrl\":\"https:\/\/xenonkungen.com\/wp-content\/uploads\/2026\/03\/id6ZmCr6GTGaIngayiVJhlpDmApaqSchdvCRtVn1.webp\",\"width\":1024,\"height\":1024},{\"@type\":\"BreadcrumbList\",\"@id\":\"https:\/\/xenonkungen.com\/produkt\/tershine-amplify-wet-coat-5-l\/#breadcrumb\",\"itemListElement\":[{\"@type\":\"ListItem\",\"position\":1,\"name\":\"Hem\",\"item\":\"https:\/\/xenonkungen.com\/\"},{\"@type\":\"ListItem\",\"position\":2,\"name\":\"Shop\",\"item\":\"https:\/\/xenonkungen.com\/shop\/\"},{\"@type\":\"ListItem\",\"position\":3,\"name\":\"Tershine Amplify &#8211; Wet Coat 5 L\"}]},{\"@type\":\"WebSite\",\"@id\":\"https:\/\/xenonkungen.com\/#website\",\"url\":\"https:\/\/xenonkungen.com\/\",\"name\":\"Xenonkungen\",\"description\":\"\",\"potentialAction\":[{\"@type\":\"SearchAction\",\"target\":{\"@type\":\"EntryPoint\",\"urlTemplate\":\"https:\/\/xenonkungen.com\/?s={search_term_string}\"},\"query-input\":{\"@type\":\"PropertyValueSpecification\",\"valueRequired\":true,\"valueName\":\"search_term_string\"}}],\"inLanguage\":\"da-DK\"}]}<\/script>\n<!-- \/ Yoast SEO plugin. -->","yoast_head_json":{"title":"Tershine Amplify - Wet Coat 5 L - Xenon-kongen","robots":{"index":"index","follow":"follow","max-snippet":"max-snippet:-1","max-image-preview":"max-image-preview:large","max-video-preview":"max-video-preview:-1"},"canonical":"https:\/\/xenonkungen.com\/dk\/vare\/tershine-amplificate-vadlak-5-l\/","og_locale":"da_DK","og_type":"article","og_title":"Tershine Amplify - Wet Coat 5 L - Xenonkungen","og_description":"Lackskydda ditt fordon p\u00e5 nolltid, spraya p\u00e5 bl\u00f6t yta och spola av! Brutal avrinning och massvis av glans p\u00e5 alla typer av ytor.","og_url":"https:\/\/xenonkungen.com\/dk\/vare\/tershine-amplificate-vadlak-5-l\/","og_site_name":"Xenonkungen","article_modified_time":"2026-05-12T13:58:21+00:00","og_image":[{"width":1024,"height":1024,"url":"https:\/\/xenonkungen.com\/wp-content\/uploads\/2026\/03\/id6ZmCr6GTGaIngayiVJhlpDmApaqSchdvCRtVn1.webp","type":"image\/webp"}],"twitter_card":"summary_large_image","twitter_misc":{"Estimeret l\u00e6setid":"3 minutter"},"schema":{"@context":"https:\/\/schema.org","@graph":[{"@type":"WebPage","@id":"https:\/\/xenonkungen.com\/produkt\/tershine-amplify-wet-coat-5-l\/","url":"https:\/\/xenonkungen.com\/produkt\/tershine-amplify-wet-coat-5-l\/","name":"Tershine Amplify - Wet Coat 5 L - Xenon-kongen","isPartOf":{"@id":"https:\/\/xenonkungen.com\/#website"},"primaryImageOfPage":{"@id":"https:\/\/xenonkungen.com\/produkt\/tershine-amplify-wet-coat-5-l\/#primaryimage"},"image":{"@id":"https:\/\/xenonkungen.com\/produkt\/tershine-amplify-wet-coat-5-l\/#primaryimage"},"thumbnailUrl":"https:\/\/xenonkungen.com\/wp-content\/uploads\/2026\/03\/id6ZmCr6GTGaIngayiVJhlpDmApaqSchdvCRtVn1.webp","datePublished":"2026-03-13T14:14:31+00:00","dateModified":"2026-05-12T13:58:21+00:00","breadcrumb":{"@id":"https:\/\/xenonkungen.com\/produkt\/tershine-amplify-wet-coat-5-l\/#breadcrumb"},"inLanguage":"da-DK","potentialAction":[{"@type":"ReadAction","target":["https:\/\/xenonkungen.com\/produkt\/tershine-amplify-wet-coat-5-l\/"]}]},{"@type":"ImageObject","inLanguage":"da-DK","@id":"https:\/\/xenonkungen.com\/produkt\/tershine-amplify-wet-coat-5-l\/#primaryimage","url":"https:\/\/xenonkungen.com\/wp-content\/uploads\/2026\/03\/id6ZmCr6GTGaIngayiVJhlpDmApaqSchdvCRtVn1.webp","contentUrl":"https:\/\/xenonkungen.com\/wp-content\/uploads\/2026\/03\/id6ZmCr6GTGaIngayiVJhlpDmApaqSchdvCRtVn1.webp","width":1024,"height":1024},{"@type":"BreadcrumbList","@id":"https:\/\/xenonkungen.com\/produkt\/tershine-amplify-wet-coat-5-l\/#breadcrumb","itemListElement":[{"@type":"ListItem","position":1,"name":"Hem","item":"https:\/\/xenonkungen.com\/"},{"@type":"ListItem","position":2,"name":"Shop","item":"https:\/\/xenonkungen.com\/shop\/"},{"@type":"ListItem","position":3,"name":"Tershine Amplify &#8211; Wet Coat 5 L"}]},{"@type":"WebSite","@id":"https:\/\/xenonkungen.com\/#website","url":"https:\/\/xenonkungen.com\/","name":"Xenonkungen","description":"","potentialAction":[{"@type":"SearchAction","target":{"@type":"EntryPoint","urlTemplate":"https:\/\/xenonkungen.com\/?s={search_term_string}"},"query-input":{"@type":"PropertyValueSpecification","valueRequired":true,"valueName":"search_term_string"}}],"inLanguage":"da-DK"}]}},"taxonomy_info":{"product_brand":[{"value":2893,"label":"Tershine"}],"product_cat":[{"value":2989,"label":"2 | Avfettning"},{"value":2614,"label":"4 | Bilvax &amp; Lackskydd"},{"value":378,"label":"Bilv\u00e5rd"}]},"featured_image_src_large":["https:\/\/xenonkungen.com\/wp-content\/uploads\/2026\/03\/id6ZmCr6GTGaIngayiVJhlpDmApaqSchdvCRtVn1.webp",1024,1024,false],"author_info":[],"comment_info":0,"_links":{"self":[{"href":"https:\/\/xenonkungen.com\/dk\/wp-json\/wp\/v2\/product\/27712","targetHints":{"allow":["GET"]}}],"collection":[{"href":"https:\/\/xenonkungen.com\/dk\/wp-json\/wp\/v2\/product"}],"about":[{"href":"https:\/\/xenonkungen.com\/dk\/wp-json\/wp\/v2\/types\/product"}],"replies":[{"embeddable":true,"href":"https:\/\/xenonkungen.com\/dk\/wp-json\/wp\/v2\/comments?post=27712"}],"wp:featuredmedia":[{"embeddable":true,"href":"https:\/\/xenonkungen.com\/dk\/wp-json\/wp\/v2\/media\/27713"}],"wp:attachment":[{"href":"https:\/\/xenonkungen.com\/dk\/wp-json\/wp\/v2\/media?parent=27712"}],"wp:term":[{"taxonomy":"anvandningsomrade","embeddable":true,"href":"https:\/\/xenonkungen.com\/dk\/wp-json\/wp\/v2\/anvandningsomrade?post=27712"},{"taxonomy":"bilmarken","embeddable":true,"href":"https:\/\/xenonkungen.com\/dk\/wp-json\/wp\/v2\/bilmarken?post=27712"},{"taxonomy":"product_brand","embeddable":true,"href":"https:\/\/xenonkungen.com\/dk\/wp-json\/wp\/v2\/product_brand?post=27712"},{"taxonomy":"product_cat","embeddable":true,"href":"https:\/\/xenonkungen.com\/dk\/wp-json\/wp\/v2\/product_cat?post=27712"},{"taxonomy":"product_tag","embeddable":true,"href":"https:\/\/xenonkungen.com\/dk\/wp-json\/wp\/v2\/product_tag?post=27712"}],"curies":[{"name":"wp","href":"https:\/\/api.w.org\/{rel}","templated":true}]}}