{"id":27714,"date":"2026-03-13T15:28:28","date_gmt":"2026-03-13T14:28:28","guid":{"rendered":"https:\/\/xenonkungen.com\/?post_type=product&#038;p=27714"},"modified":"2026-04-24T17:46:59","modified_gmt":"2026-04-24T16:46:59","slug":"tershine-apc-universalrengoringsmiddel-500-ml","status":"publish","type":"product","link":"https:\/\/xenonkungen.com\/dk\/vare\/tershine-apc-universalrengoringsmiddel-500-ml\/","title":{"rendered":"Tershine APC \u2013 Universalreng\u00f8ringsmiddel 500ml"},"content":{"rendered":"<p style=\"box-sizing: inherit; scroll-behavior: smooth; margin: 0px 0px 1em; padding: 0px; color: #171717; font-family: Manrope, serif;\"><span style=\"box-sizing: border-box; scroll-behavior: smooth; font-style: inherit; font-weight: inherit;\">APC er et super effektivt plantebaseret universalreng\u00f8ringsmiddel, der f\u00e5s i flere forskellige dejlige dufte.<\/span><span style=\"box-sizing: border-box; scroll-behavior: smooth; color: #363636; font-weight: bold;\"><br style=\"box-sizing: inherit; scroll-behavior: smooth;\" \/><br style=\"box-sizing: inherit; scroll-behavior: smooth;\" \/><span style=\"box-sizing: inherit; scroll-behavior: smooth;\">Multifunktionel reng\u00f8ring mod de fleste typer snavs<br style=\"box-sizing: inherit; scroll-behavior: smooth;\" \/>Perfekt til bilinteri\u00f8r, k\u00f8kkener, badev\u00e6relser, l\u00e6der og tekstiler\u00a0\u00a0<br style=\"box-sizing: inherit; scroll-behavior: smooth;\" \/>Fortyndbar!<br style=\"box-sizing: inherit; scroll-behavior: smooth;\" \/>Efterlader ingen irriterende rester<br style=\"box-sizing: inherit; scroll-behavior: smooth;\" \/>Lugtblokerende funktion eliminerer u\u00f8nskede lugte<br style=\"box-sizing: inherit; scroll-behavior: smooth;\" \/>Plantebaserede r\u00e5varer<\/span><\/span><span style=\"box-sizing: border-box; scroll-behavior: smooth; color: #363636; font-weight: bold;\"><span style=\"box-sizing: inherit; scroll-behavior: smooth;\"><br style=\"box-sizing: inherit; scroll-behavior: smooth;\" \/>Produktet er ikke klassificeret som m\u00e6rkningspligtigt i henhold til CLP-forordning (EF) 1272\/2008.<br style=\"box-sizing: inherit; scroll-behavior: smooth;\" \/><br style=\"box-sizing: inherit; scroll-behavior: smooth;\" \/><\/span><br style=\"box-sizing: inherit; scroll-behavior: smooth;\" \/>Hvad bruges APC \u2013 Universalreng\u00f8ring til?<br style=\"box-sizing: inherit; scroll-behavior: smooth;\" \/><br style=\"box-sizing: inherit; scroll-behavior: smooth;\" \/><\/span><span style=\"box-sizing: border-box; scroll-behavior: smooth; font-style: inherit; font-weight: inherit;\">Interi\u00f8ret i alle typer k\u00f8ret\u00f8jer<\/span><span style=\"box-sizing: border-box; scroll-behavior: smooth; font-style: inherit; font-weight: inherit;\"><br style=\"box-sizing: inherit; scroll-behavior: smooth;\" \/>L\u00e6der, tekstil og alcantara<\/span><span style=\"box-sizing: border-box; scroll-behavior: smooth; font-style: inherit; font-weight: inherit;\"><br style=\"box-sizing: inherit; scroll-behavior: smooth;\" \/>Plast og gummi<\/span><span style=\"box-sizing: border-box; scroll-behavior: smooth; font-style: inherit; font-weight: inherit;\"><br style=\"box-sizing: inherit; scroll-behavior: smooth;\" \/>K\u00f8kken og badev\u00e6relse<\/span><span style=\"box-sizing: border-box; scroll-behavior: smooth; font-style: inherit; font-weight: inherit;\"><br style=\"box-sizing: inherit; scroll-behavior: smooth;\" \/>Meldug<\/span><span style=\"box-sizing: border-box; scroll-behavior: smooth; font-style: inherit; font-weight: inherit;\"><br style=\"box-sizing: inherit; scroll-behavior: smooth;\" \/>Ildelugtende overflader eller spild<\/span><span style=\"box-sizing: border-box; scroll-behavior: smooth; font-style: inherit; font-weight: inherit;\"><br style=\"box-sizing: inherit; scroll-behavior: smooth;\" \/>Virker p\u00e5 n\u00e6sten alt<\/span><span style=\"box-sizing: border-box; scroll-behavior: smooth; color: #363636; font-weight: bold;\"><br style=\"box-sizing: inherit; scroll-behavior: smooth;\" \/><br style=\"box-sizing: inherit; scroll-behavior: smooth;\" \/>S\u00e5dan bruger du APC \u2013 Universalreng\u00f8ring<\/span><span style=\"box-sizing: border-box; scroll-behavior: smooth; color: #363636; font-weight: bold;\"><br style=\"box-sizing: inherit; scroll-behavior: smooth;\" \/><br style=\"box-sizing: inherit; scroll-behavior: smooth;\" \/>1.\u00a0<\/span><span style=\"box-sizing: border-box; scroll-behavior: smooth; font-style: inherit; font-weight: inherit;\">Brus p\u00e5 enhver overflade (eller i en klud)<\/span><br style=\"box-sizing: border-box; scroll-behavior: smooth;\" \/><span style=\"box-sizing: border-box; scroll-behavior: smooth; color: #363636; font-weight: bold;\">2.\u00a0<\/span><span style=\"box-sizing: border-box; scroll-behavior: smooth; font-style: inherit; font-weight: inherit;\">Brug en b\u00f8rste til at ru overfladen, hvis den er meget snavset.<\/span><br style=\"box-sizing: border-box; scroll-behavior: smooth;\" \/><span style=\"box-sizing: border-box; scroll-behavior: smooth; color: #363636; font-weight: bold;\">3.\u00a0<\/span><span style=\"box-sizing: border-box; scroll-behavior: smooth; font-style: inherit; font-weight: inherit;\">T\u00f8r af med en mikrofiberklud.<\/span><br style=\"box-sizing: border-box; scroll-behavior: smooth;\" \/><span style=\"box-sizing: border-box; scroll-behavior: smooth; color: #363636; font-weight: bold;\">4.\u00a0<\/span><span style=\"box-sizing: border-box; scroll-behavior: smooth; font-style: inherit; font-weight: inherit;\">Ja, jeg ved det, super nemt at bruge!<\/span><br style=\"box-sizing: inherit; scroll-behavior: smooth;\" \/><br style=\"box-sizing: inherit; scroll-behavior: smooth;\" \/>APC \u2013 Universalreng\u00f8ringsmiddel er et yderst effektivt og plantebaseret universalreng\u00f8ringsmiddel, der blev brugt indvendigt i k\u00f8ret\u00f8jet, men som fungerer lige s\u00e5 godt i k\u00f8kkenet, bruseren, badev\u00e6relset, b\u00e5den eller ja, stort set hvor som helst!<br style=\"box-sizing: inherit; scroll-behavior: smooth;\" \/>Helt sikker p\u00e5 materialer som tekstiler, l\u00e6der, alcantara, plastik, gummi osv. Reng\u00f8r i \u00e9n omgang og efterlader ingen irriterende hinde.<br style=\"box-sizing: inherit; scroll-behavior: smooth;\" \/><br style=\"box-sizing: inherit; scroll-behavior: smooth;\" \/>Indeholder en helt fantastisk lugtfjernende funktion, blokerer og &quot;dr\u00e6ber&quot; d\u00e5rlig lugt, men holder den frisk. F\u00e5s i duftene: Lime, Gr\u00f8nt \u00c6ble, Viol, Melon, Bergamot, Eukalyptus eller Cedertr\u00e6. Helt fri for farem\u00e6rkning (advarselssymboler p\u00e5 bagsiden) og selvf\u00f8lgelig ingen hormonforstyrrende stoffer, som er mere almindelige end man skulle tro i universalreng\u00f8ringsmidler p\u00e5 markedet.<br style=\"box-sizing: inherit; scroll-behavior: smooth;\" \/><br style=\"box-sizing: inherit; scroll-behavior: smooth;\" \/>Det er nemt at fortynde, hvis du har lyst. Du kan pr\u00f8ve det af for at se, hvad du bedst kan lide, men husk, at jo mere du fortynder det, desto d\u00e5rligere vil den lugtblokerende funktion v\u00e6re! Men alt mellem 1:1 -1:25 afh\u00e6ngigt af graden af snavs. F\u00e5s i 500 ml og 5 l pakker.<br style=\"box-sizing: inherit; scroll-behavior: smooth;\" \/><br style=\"box-sizing: inherit; scroll-behavior: smooth;\" \/>Hvis du vil \u00f8ge lugtblokeringsfunktionen lidt ekstra, kan du pr\u00f8ve at spraye t\u00e6pperne i bilen og bruge ventilatorens recirkulationsfunktion (s\u00e5 det kan cirkulere gennem kanaler, filtre osv.). T\u00f8r dem derefter bare af og nyd den friske duft.<br style=\"box-sizing: inherit; scroll-behavior: smooth;\" \/><br style=\"box-sizing: inherit; scroll-behavior: smooth;\" \/>Husk ikke at bruge for meget tryk med kluden, hvis du reng\u00f8r en slidt inderside. V\u00e6r hellere lidt forsigtig og brug b\u00f8rster osv. til at f\u00e5 snavset ud! Og selvf\u00f8lgelig ikke i direkte sollys osv.<span style=\"box-sizing: border-box; scroll-behavior: smooth; font-style: inherit; font-weight: inherit;\"><br style=\"box-sizing: inherit; scroll-behavior: smooth;\" \/><span style=\"box-sizing: inherit; scroll-behavior: smooth; color: #363636; font-weight: bold;\"><br style=\"box-sizing: inherit; scroll-behavior: smooth;\" \/>Det fungerer selvf\u00f8lgelig ogs\u00e5 fint derhjemme!<\/span><\/span><span style=\"box-sizing: inherit; scroll-behavior: smooth; color: #363636; font-weight: bold;\"><br style=\"box-sizing: inherit; scroll-behavior: smooth;\" \/><\/span><em style=\"box-sizing: inherit; scroll-behavior: smooth;\"><br style=\"box-sizing: inherit; scroll-behavior: smooth;\" \/><\/em>Opbevares frostfrit<br style=\"box-sizing: inherit; scroll-behavior: smooth;\" \/><br style=\"box-sizing: inherit; scroll-behavior: smooth;\" \/><span style=\"box-sizing: inherit; scroll-behavior: smooth; color: #363636; font-weight: bold;\">Produktinformation og brug<\/span><br style=\"box-sizing: inherit; scroll-behavior: smooth;\" \/><br style=\"box-sizing: inherit; scroll-behavior: smooth;\" \/>APC All-Purpose Cleaner er et yderst effektivt, plantebaseret universalreng\u00f8ringsmiddel, der er designet til at reng\u00f8re k\u00f8ret\u00f8jets interi\u00f8r, men som ogs\u00e5 fungerer fantastisk i k\u00f8kkenet, bruseren, badev\u00e6relset, b\u00e5den eller andre overflader. Reng\u00f8ringsmidlet er sikkert at bruge p\u00e5 materialer som tekstiler, l\u00e6der, Alcantara, plastik, gummi og mere. APC Interior Cleaner efterlader ingen irriterende hinde og indeholder en fantastisk lugtfjernende funktion, der blokerer og &quot;dr\u00e6ber&quot; d\u00e5rlig lugt. Reng\u00f8ringsmidlet f\u00e5s i f\u00f8lgende dufte: Lime, Gr\u00f8nt \u00e6ble, Viol, Melon, Bergamot, Eukalyptus eller Cedertr\u00e6.<\/p>\n<h2 style=\"box-sizing: inherit; scroll-behavior: smooth; margin: 1.1428em 0px clamp(1.5rem, 1.178rem + 1.322vw, 2.5rem); padding: 0px; font-size: 30.0265px; font-weight: 500; font-family: Manrope, serif; color: #363636; line-height: 33.0292px;\">Fordele ved APC Universal Cleaning<br style=\"box-sizing: inherit; scroll-behavior: smooth;\" \/><br style=\"box-sizing: inherit; scroll-behavior: smooth;\" \/><\/h2>\n<ul style=\"box-sizing: inherit; scroll-behavior: smooth; margin: 1em 0px 1em 2em; padding: 0px; list-style-position: outside; list-style-image: initial; color: #171717; font-family: Manrope, serif;\">\n<li style=\"box-sizing: inherit; scroll-behavior: smooth; margin: 0px; padding: 0px;\">\n<p style=\"box-sizing: inherit; scroll-behavior: smooth; margin: 0px 0px 20px; padding: 0px;\">H\u00f8j effektivitet i reng\u00f8ring af k\u00f8ret\u00f8jets indvendige dele og andre overflader<\/p>\n<\/li>\n<li style=\"box-sizing: inherit; scroll-behavior: smooth; margin: unset; padding: 0px;\">\n<p style=\"box-sizing: inherit; scroll-behavior: smooth; margin: 0px 0px 20px; padding: 0px;\">Sikker at bruge p\u00e5 materialer som tekstiler, l\u00e6der, Alcantara, plastik, gummi og mere<\/p>\n<\/li>\n<li style=\"box-sizing: inherit; scroll-behavior: smooth; margin: unset; padding: 0px;\">\n<p style=\"box-sizing: inherit; scroll-behavior: smooth; margin: 0px 0px 20px; padding: 0px;\">Efterlader ingen irriterende rester<\/p>\n<\/li>\n<li style=\"box-sizing: inherit; scroll-behavior: smooth; margin: unset; padding: 0px;\">\n<p style=\"box-sizing: inherit; scroll-behavior: smooth; margin: 0px 0px 20px; padding: 0px;\">Indeholder en fantastisk lugtfjernende funktion, der blokerer og &quot;dr\u00e6ber&quot; d\u00e5rlig lugt<\/p>\n<\/li>\n<li style=\"box-sizing: inherit; scroll-behavior: smooth; margin: unset; padding: 0px;\">\n<p style=\"box-sizing: inherit; scroll-behavior: smooth; margin: 0px 0px 20px; padding: 0px;\">F\u00e5s i flere forskellige dufte<\/p>\n<\/li>\n<\/ul>","protected":false},"excerpt":{"rendered":"<p>APC universalreng\u00f8ringsmiddel til indersiden af dit k\u00f8ret\u00f8j, dit hjem og ja, stort set overalt! Lugtfjernende og plantebaseret i mange naturlige dufte!<\/p>","protected":false},"featured_media":27715,"comment_status":"open","ping_status":"closed","template":"","meta":{"_acf_changed":false,"_smort_price_nok":"","_smort_price_dkk":"","_smort_price_eur":"","_smort_sale_price_nok":"","_smort_sale_price_dkk":"","_smort_sale_price_eur":"","smort_restorder":"","shipmondo_restorder":"","_kad_blocks_custom_css":"","_kad_blocks_head_custom_js":"","_kad_blocks_body_custom_js":"","_kad_blocks_footer_custom_js":"","smort_custom_pricelist_1":null,"smort_custom_pricelist_2":null,"smort_custom_pricelist_3":null,"smort_custom_pricelist_4":null,"smort_custom_pricelist_5":null},"anvandningsomrade":[],"bilmarken":[],"product_brand":[2893],"product_cat":[2988,378],"product_tag":[],"class_list":{"0":"post-27714","1":"product","2":"type-product","3":"status-publish","4":"has-post-thumbnail","6":"product_brand-tershine","7":"product_cat-biltvatt","8":"product_cat-bilvard","10":"first","11":"instock","12":"taxable","13":"shipping-taxable","14":"purchasable","15":"product-type-variable"},"bundled_by":[],"bundle_stock_status":"instock","bundle_stock_quantity":1,"bundle_virtual":false,"bundle_layout":"","bundle_add_to_cart_form_location":"","bundle_editable_in_cart":false,"bundle_sold_individually_context":"","bundle_item_grouping":"","bundle_min_size":"","bundle_max_size":"","bundle_price":[],"bundled_items":[],"bundle_sell_ids":[],"acf":[],"yoast_head":"<!-- This site is optimized with the Yoast SEO plugin v27.0 - https:\/\/yoast.com\/product\/yoast-seo-wordpress\/ -->\n<title>Tershine APC - Allreng\u00f6ring 500ml - Xenonkungen<\/title>\n<meta name=\"robots\" content=\"index, follow, max-snippet:-1, max-image-preview:large, max-video-preview:-1\" \/>\n<link rel=\"canonical\" href=\"https:\/\/xenonkungen.com\/dk\/vare\/tershine-apc-universalrengoringsmiddel-500-ml\/\" \/>\n<meta property=\"og:locale\" content=\"da_DK\" \/>\n<meta property=\"og:type\" content=\"article\" \/>\n<meta property=\"og:title\" content=\"Tershine APC - Allreng\u00f6ring 500ml - Xenonkungen\" \/>\n<meta property=\"og:description\" content=\"APC allreng\u00f6ringsmedel f\u00f6r insidan av fordonet, i hemmet och ja, i stort sett \u00f6verallt! Od\u00f6reliminerande och plantbaserad i m\u00e5nga naturliga dofter!\" \/>\n<meta property=\"og:url\" content=\"https:\/\/xenonkungen.com\/dk\/vare\/tershine-apc-universalrengoringsmiddel-500-ml\/\" \/>\n<meta property=\"og:site_name\" content=\"Xenonkungen\" \/>\n<meta property=\"article:modified_time\" content=\"2026-04-24T16:46:59+00:00\" \/>\n<meta property=\"og:image\" content=\"https:\/\/xenonkungen.com\/wp-content\/uploads\/2026\/03\/CtyuKCbvDretWKcc2A5HJ1Zzl1tC4bhSqzTG24hj.webp\" \/>\n\t<meta property=\"og:image:width\" content=\"1024\" \/>\n\t<meta property=\"og:image:height\" content=\"1024\" \/>\n\t<meta property=\"og:image:type\" content=\"image\/webp\" \/>\n<meta name=\"twitter:card\" content=\"summary_large_image\" \/>\n<meta name=\"twitter:label1\" content=\"Estimeret l\u00e6setid\" \/>\n\t<meta name=\"twitter:data1\" content=\"3 minutter\" \/>\n<script type=\"application\/ld+json\" class=\"yoast-schema-graph\">{\"@context\":\"https:\/\/schema.org\",\"@graph\":[{\"@type\":\"WebPage\",\"@id\":\"https:\/\/xenonkungen.com\/produkt\/tershine-apc-allrengoring-500ml\/\",\"url\":\"https:\/\/xenonkungen.com\/produkt\/tershine-apc-allrengoring-500ml\/\",\"name\":\"Tershine APC - Allreng\u00f6ring 500ml - Xenonkungen\",\"isPartOf\":{\"@id\":\"https:\/\/xenonkungen.com\/#website\"},\"primaryImageOfPage\":{\"@id\":\"https:\/\/xenonkungen.com\/produkt\/tershine-apc-allrengoring-500ml\/#primaryimage\"},\"image\":{\"@id\":\"https:\/\/xenonkungen.com\/produkt\/tershine-apc-allrengoring-500ml\/#primaryimage\"},\"thumbnailUrl\":\"https:\/\/xenonkungen.com\/wp-content\/uploads\/2026\/03\/CtyuKCbvDretWKcc2A5HJ1Zzl1tC4bhSqzTG24hj.webp\",\"datePublished\":\"2026-03-13T14:28:28+00:00\",\"dateModified\":\"2026-04-24T16:46:59+00:00\",\"breadcrumb\":{\"@id\":\"https:\/\/xenonkungen.com\/produkt\/tershine-apc-allrengoring-500ml\/#breadcrumb\"},\"inLanguage\":\"da-DK\",\"potentialAction\":[{\"@type\":\"ReadAction\",\"target\":[\"https:\/\/xenonkungen.com\/produkt\/tershine-apc-allrengoring-500ml\/\"]}]},{\"@type\":\"ImageObject\",\"inLanguage\":\"da-DK\",\"@id\":\"https:\/\/xenonkungen.com\/produkt\/tershine-apc-allrengoring-500ml\/#primaryimage\",\"url\":\"https:\/\/xenonkungen.com\/wp-content\/uploads\/2026\/03\/CtyuKCbvDretWKcc2A5HJ1Zzl1tC4bhSqzTG24hj.webp\",\"contentUrl\":\"https:\/\/xenonkungen.com\/wp-content\/uploads\/2026\/03\/CtyuKCbvDretWKcc2A5HJ1Zzl1tC4bhSqzTG24hj.webp\",\"width\":1024,\"height\":1024},{\"@type\":\"BreadcrumbList\",\"@id\":\"https:\/\/xenonkungen.com\/produkt\/tershine-apc-allrengoring-500ml\/#breadcrumb\",\"itemListElement\":[{\"@type\":\"ListItem\",\"position\":1,\"name\":\"Hem\",\"item\":\"https:\/\/xenonkungen.com\/\"},{\"@type\":\"ListItem\",\"position\":2,\"name\":\"Shop\",\"item\":\"https:\/\/xenonkungen.com\/shop\/\"},{\"@type\":\"ListItem\",\"position\":3,\"name\":\"Tershine APC &#8211; Allreng\u00f6ring 500ml\"}]},{\"@type\":\"WebSite\",\"@id\":\"https:\/\/xenonkungen.com\/#website\",\"url\":\"https:\/\/xenonkungen.com\/\",\"name\":\"Xenonkungen\",\"description\":\"\",\"potentialAction\":[{\"@type\":\"SearchAction\",\"target\":{\"@type\":\"EntryPoint\",\"urlTemplate\":\"https:\/\/xenonkungen.com\/?s={search_term_string}\"},\"query-input\":{\"@type\":\"PropertyValueSpecification\",\"valueRequired\":true,\"valueName\":\"search_term_string\"}}],\"inLanguage\":\"da-DK\"}]}<\/script>\n<!-- \/ Yoast SEO plugin. -->","yoast_head_json":{"title":"Tershine APC - Universalreng\u00f8ringsmiddel 500ml - Xenon-kongen","robots":{"index":"index","follow":"follow","max-snippet":"max-snippet:-1","max-image-preview":"max-image-preview:large","max-video-preview":"max-video-preview:-1"},"canonical":"https:\/\/xenonkungen.com\/dk\/vare\/tershine-apc-universalrengoringsmiddel-500-ml\/","og_locale":"da_DK","og_type":"article","og_title":"Tershine APC - Allreng\u00f6ring 500ml - Xenonkungen","og_description":"APC allreng\u00f6ringsmedel f\u00f6r insidan av fordonet, i hemmet och ja, i stort sett \u00f6verallt! Od\u00f6reliminerande och plantbaserad i m\u00e5nga naturliga dofter!","og_url":"https:\/\/xenonkungen.com\/dk\/vare\/tershine-apc-universalrengoringsmiddel-500-ml\/","og_site_name":"Xenonkungen","article_modified_time":"2026-04-24T16:46:59+00:00","og_image":[{"width":1024,"height":1024,"url":"https:\/\/xenonkungen.com\/wp-content\/uploads\/2026\/03\/CtyuKCbvDretWKcc2A5HJ1Zzl1tC4bhSqzTG24hj.webp","type":"image\/webp"}],"twitter_card":"summary_large_image","twitter_misc":{"Estimeret l\u00e6setid":"3 minutter"},"schema":{"@context":"https:\/\/schema.org","@graph":[{"@type":"WebPage","@id":"https:\/\/xenonkungen.com\/produkt\/tershine-apc-allrengoring-500ml\/","url":"https:\/\/xenonkungen.com\/produkt\/tershine-apc-allrengoring-500ml\/","name":"Tershine APC - Universalreng\u00f8ringsmiddel 500ml - Xenon-kongen","isPartOf":{"@id":"https:\/\/xenonkungen.com\/#website"},"primaryImageOfPage":{"@id":"https:\/\/xenonkungen.com\/produkt\/tershine-apc-allrengoring-500ml\/#primaryimage"},"image":{"@id":"https:\/\/xenonkungen.com\/produkt\/tershine-apc-allrengoring-500ml\/#primaryimage"},"thumbnailUrl":"https:\/\/xenonkungen.com\/wp-content\/uploads\/2026\/03\/CtyuKCbvDretWKcc2A5HJ1Zzl1tC4bhSqzTG24hj.webp","datePublished":"2026-03-13T14:28:28+00:00","dateModified":"2026-04-24T16:46:59+00:00","breadcrumb":{"@id":"https:\/\/xenonkungen.com\/produkt\/tershine-apc-allrengoring-500ml\/#breadcrumb"},"inLanguage":"da-DK","potentialAction":[{"@type":"ReadAction","target":["https:\/\/xenonkungen.com\/produkt\/tershine-apc-allrengoring-500ml\/"]}]},{"@type":"ImageObject","inLanguage":"da-DK","@id":"https:\/\/xenonkungen.com\/produkt\/tershine-apc-allrengoring-500ml\/#primaryimage","url":"https:\/\/xenonkungen.com\/wp-content\/uploads\/2026\/03\/CtyuKCbvDretWKcc2A5HJ1Zzl1tC4bhSqzTG24hj.webp","contentUrl":"https:\/\/xenonkungen.com\/wp-content\/uploads\/2026\/03\/CtyuKCbvDretWKcc2A5HJ1Zzl1tC4bhSqzTG24hj.webp","width":1024,"height":1024},{"@type":"BreadcrumbList","@id":"https:\/\/xenonkungen.com\/produkt\/tershine-apc-allrengoring-500ml\/#breadcrumb","itemListElement":[{"@type":"ListItem","position":1,"name":"Hem","item":"https:\/\/xenonkungen.com\/"},{"@type":"ListItem","position":2,"name":"Shop","item":"https:\/\/xenonkungen.com\/shop\/"},{"@type":"ListItem","position":3,"name":"Tershine APC &#8211; Allreng\u00f6ring 500ml"}]},{"@type":"WebSite","@id":"https:\/\/xenonkungen.com\/#website","url":"https:\/\/xenonkungen.com\/","name":"Xenonkungen","description":"","potentialAction":[{"@type":"SearchAction","target":{"@type":"EntryPoint","urlTemplate":"https:\/\/xenonkungen.com\/?s={search_term_string}"},"query-input":{"@type":"PropertyValueSpecification","valueRequired":true,"valueName":"search_term_string"}}],"inLanguage":"da-DK"}]}},"taxonomy_info":{"product_brand":[{"value":2893,"label":"Tershine"}],"product_cat":[{"value":2988,"label":"1 | Biltv\u00e4tt"},{"value":378,"label":"Bilv\u00e5rd"}]},"featured_image_src_large":["https:\/\/xenonkungen.com\/wp-content\/uploads\/2026\/03\/CtyuKCbvDretWKcc2A5HJ1Zzl1tC4bhSqzTG24hj.webp",1024,1024,false],"author_info":[],"comment_info":0,"_links":{"self":[{"href":"https:\/\/xenonkungen.com\/dk\/wp-json\/wp\/v2\/product\/27714","targetHints":{"allow":["GET"]}}],"collection":[{"href":"https:\/\/xenonkungen.com\/dk\/wp-json\/wp\/v2\/product"}],"about":[{"href":"https:\/\/xenonkungen.com\/dk\/wp-json\/wp\/v2\/types\/product"}],"replies":[{"embeddable":true,"href":"https:\/\/xenonkungen.com\/dk\/wp-json\/wp\/v2\/comments?post=27714"}],"wp:featuredmedia":[{"embeddable":true,"href":"https:\/\/xenonkungen.com\/dk\/wp-json\/wp\/v2\/media\/27715"}],"wp:attachment":[{"href":"https:\/\/xenonkungen.com\/dk\/wp-json\/wp\/v2\/media?parent=27714"}],"wp:term":[{"taxonomy":"anvandningsomrade","embeddable":true,"href":"https:\/\/xenonkungen.com\/dk\/wp-json\/wp\/v2\/anvandningsomrade?post=27714"},{"taxonomy":"bilmarken","embeddable":true,"href":"https:\/\/xenonkungen.com\/dk\/wp-json\/wp\/v2\/bilmarken?post=27714"},{"taxonomy":"product_brand","embeddable":true,"href":"https:\/\/xenonkungen.com\/dk\/wp-json\/wp\/v2\/product_brand?post=27714"},{"taxonomy":"product_cat","embeddable":true,"href":"https:\/\/xenonkungen.com\/dk\/wp-json\/wp\/v2\/product_cat?post=27714"},{"taxonomy":"product_tag","embeddable":true,"href":"https:\/\/xenonkungen.com\/dk\/wp-json\/wp\/v2\/product_tag?post=27714"}],"curies":[{"name":"wp","href":"https:\/\/api.w.org\/{rel}","templated":true}]}}