{"id":27727,"date":"2026-03-13T15:43:24","date_gmt":"2026-03-13T14:43:24","guid":{"rendered":"https:\/\/xenonkungen.com\/?post_type=product&#038;p=27727"},"modified":"2026-04-24T17:47:04","modified_gmt":"2026-04-24T16:47:04","slug":"tershine-apc-universalrengoringsmiddel-5-l","status":"publish","type":"product","link":"https:\/\/xenonkungen.com\/dk\/vare\/tershine-apc-universalrengoringsmiddel-5-l\/","title":{"rendered":"Tershine APC \u2013 Universalreng\u00f8ringsmiddel 5 L"},"content":{"rendered":"<p>APC er et super effektivt plantebaseret universalreng\u00f8ringsmiddel, der f\u00e5s i flere forskellige dufte.<strong><\/p>\n<p>Multifunktionel reng\u00f8ring mod de fleste typer snavs<br \/>\nPerfekt til bilinteri\u00f8r, k\u00f8kkener, badev\u00e6relser, l\u00e6der og tekstiler<br \/>\nVirker til de fleste ting<br \/>\nKan fortyndes<br \/>\nEfterlader ingen irriterende rester<br \/>\nLugtblokerende funktion eliminerer u\u00f8nskede lugte<br \/>\nPlantebaserede r\u00e5varer<br \/>\nProduktet er ikke klassificeret som m\u00e6rkningspligtigt i henhold til CLP-forordning (EF) 1272\/2008.<\/strong><\/p>\n<p><strong>1.\u00a0<\/strong>Brus p\u00e5 enhver overflade (eller i en klud)<br \/>\n<strong>2.\u00a0<\/strong>Brug en b\u00f8rste til at ru overfladen, hvis den er meget snavset.<br \/>\n<strong>3.\u00a0<\/strong>T\u00f8r af med en mikrofiberklud efter eget valg<br \/>\n<strong>4.\u00a0<\/strong>Ja, vi ved det, super nemt at bruge!<\/p>\n<p>APC \u2013 Interi\u00f8rrens 5000 ml med melonduft er et yderst effektivt universalreng\u00f8ringsmiddel, der prim\u00e6rt er beregnet til brug i k\u00f8ret\u00f8jets interi\u00f8r. Meget velegnet til f.eks. tekstiler, l\u00e6der, alcantara, plastik, gummi osv. Reng\u00f8r i \u00e9n omgang og efterlader ingen irriterende hinde.<\/p>\n<p>Nu i en opdateret formel, der indeholder en helt fantastisk lugtfjernende funktion, der blokerer og &quot;dr\u00e6ber&quot; d\u00e5rlig lugt, men holder den frisk (ja, det lyder luftigt, men du vil ikke blive skuffet). F\u00e5s med Lime, Gr\u00f8nt \u00c6ble eller Melon (5000 ml) som duft, det er ikke vandmelon, men en let s\u00f8dlig frisk duft, bare s\u00e5 det ikke er for meget.<\/p>\n<p>Den kan fortyndes, hvis du har lyst. Du kan pr\u00f8ve at finde ud af, hvad du bedst kan lide, men husk, at jo mere du fortynder den, desto d\u00e5rligere vil den lugtblokerende funktion v\u00e6re! Men alt mellem 1:1 -1:25 afh\u00e6ngigt af graden af snavs. F\u00e5s i 500 ml, 5 l og 25 l pakker.<\/p>\n<p>Hvis du vil \u00f8ge lugtblokeringsfunktionen lidt ekstra, kan du pr\u00f8ve at spraye t\u00e6pperne i bilen og bruge ventilatorens recirkulationsfunktion (s\u00e5 det kan cirkulere gennem kanaler, filtre osv.). T\u00f8r dem derefter bare af og nyd den friske duft.<\/p>\n<p>Husk ikke at bruge for meget tryk med kluden, hvis du reng\u00f8r en slidt inderside. V\u00e6r hellere lidt forsigtig og brug b\u00f8rster osv. til at f\u00e5 snavset ud! Og selvf\u00f8lgelig ikke i direkte sollys osv.<\/p>\n<p>Det fungerer selvf\u00f8lgelig ogs\u00e5 fint derhjemme!<\/p>\n<p><strong>Dufte: <\/strong>\u00c6ble, Melon, Viol<\/p>\n<p><em>Opbevares frostfrit.<\/em><\/p>","protected":false},"excerpt":{"rendered":"<p>APC universalreng\u00f8ringsmiddel til indersiden af k\u00f8ret\u00f8jet, derhjemme og ja, stort set overalt!<\/p>","protected":false},"featured_media":27730,"comment_status":"open","ping_status":"closed","template":"","meta":{"_acf_changed":false,"_smort_price_nok":"","_smort_price_dkk":"","_smort_price_eur":"","_smort_sale_price_nok":"","_smort_sale_price_dkk":"","_smort_sale_price_eur":"","smort_restorder":"","shipmondo_restorder":"","_kad_blocks_custom_css":"","_kad_blocks_head_custom_js":"","_kad_blocks_body_custom_js":"","_kad_blocks_footer_custom_js":"","smort_custom_pricelist_1":null,"smort_custom_pricelist_2":null,"smort_custom_pricelist_3":null,"smort_custom_pricelist_4":null,"smort_custom_pricelist_5":null},"anvandningsomrade":[],"bilmarken":[],"product_brand":[2893],"product_cat":[2988,378],"product_tag":[],"class_list":{"0":"post-27727","1":"product","2":"type-product","3":"status-publish","4":"has-post-thumbnail","6":"product_brand-tershine","7":"product_cat-biltvatt","8":"product_cat-bilvard","10":"first","11":"instock","12":"taxable","13":"shipping-taxable","14":"purchasable","15":"product-type-variable"},"bundled_by":[],"bundle_stock_status":"instock","bundle_stock_quantity":1,"bundle_virtual":false,"bundle_layout":"","bundle_add_to_cart_form_location":"","bundle_editable_in_cart":false,"bundle_sold_individually_context":"","bundle_item_grouping":"","bundle_min_size":"","bundle_max_size":"","bundle_price":[],"bundled_items":[],"bundle_sell_ids":[],"acf":[],"yoast_head":"<!-- This site is optimized with the Yoast SEO plugin v27.0 - https:\/\/yoast.com\/product\/yoast-seo-wordpress\/ -->\n<title>Tershine APC - Allreng\u00f6ring 5 L - Xenonkungen<\/title>\n<meta name=\"robots\" content=\"index, follow, max-snippet:-1, max-image-preview:large, max-video-preview:-1\" \/>\n<link rel=\"canonical\" href=\"https:\/\/xenonkungen.com\/dk\/vare\/tershine-apc-universalrengoringsmiddel-5-l\/\" \/>\n<meta property=\"og:locale\" content=\"da_DK\" \/>\n<meta property=\"og:type\" content=\"article\" \/>\n<meta property=\"og:title\" content=\"Tershine APC - Allreng\u00f6ring 5 L - Xenonkungen\" \/>\n<meta property=\"og:description\" content=\"APC allreng\u00f6ringsmedel f\u00f6r insidan av fordonet, i hemmet och ja, i stort sett \u00f6verallt!\" \/>\n<meta property=\"og:url\" content=\"https:\/\/xenonkungen.com\/dk\/vare\/tershine-apc-universalrengoringsmiddel-5-l\/\" \/>\n<meta property=\"og:site_name\" content=\"Xenonkungen\" \/>\n<meta property=\"article:modified_time\" content=\"2026-04-24T16:47:04+00:00\" \/>\n<meta property=\"og:image\" content=\"https:\/\/xenonkungen.com\/wp-content\/uploads\/2026\/03\/bR0AfsZnqDaTL1UXku5fEvuPWvI92XyEGY1LPuxz.webp\" \/>\n\t<meta property=\"og:image:width\" content=\"1024\" \/>\n\t<meta property=\"og:image:height\" content=\"1024\" \/>\n\t<meta property=\"og:image:type\" content=\"image\/webp\" \/>\n<meta name=\"twitter:card\" content=\"summary_large_image\" \/>\n<meta name=\"twitter:label1\" content=\"Estimeret l\u00e6setid\" \/>\n\t<meta name=\"twitter:data1\" content=\"2 minutter\" \/>\n<script type=\"application\/ld+json\" class=\"yoast-schema-graph\">{\"@context\":\"https:\/\/schema.org\",\"@graph\":[{\"@type\":\"WebPage\",\"@id\":\"https:\/\/xenonkungen.com\/produkt\/tershine-apc-allrengoring-5-l\/\",\"url\":\"https:\/\/xenonkungen.com\/produkt\/tershine-apc-allrengoring-5-l\/\",\"name\":\"Tershine APC - Allreng\u00f6ring 5 L - Xenonkungen\",\"isPartOf\":{\"@id\":\"https:\/\/xenonkungen.com\/#website\"},\"primaryImageOfPage\":{\"@id\":\"https:\/\/xenonkungen.com\/produkt\/tershine-apc-allrengoring-5-l\/#primaryimage\"},\"image\":{\"@id\":\"https:\/\/xenonkungen.com\/produkt\/tershine-apc-allrengoring-5-l\/#primaryimage\"},\"thumbnailUrl\":\"https:\/\/xenonkungen.com\/wp-content\/uploads\/2026\/03\/bR0AfsZnqDaTL1UXku5fEvuPWvI92XyEGY1LPuxz.webp\",\"datePublished\":\"2026-03-13T14:43:24+00:00\",\"dateModified\":\"2026-04-24T16:47:04+00:00\",\"breadcrumb\":{\"@id\":\"https:\/\/xenonkungen.com\/produkt\/tershine-apc-allrengoring-5-l\/#breadcrumb\"},\"inLanguage\":\"da-DK\",\"potentialAction\":[{\"@type\":\"ReadAction\",\"target\":[\"https:\/\/xenonkungen.com\/produkt\/tershine-apc-allrengoring-5-l\/\"]}]},{\"@type\":\"ImageObject\",\"inLanguage\":\"da-DK\",\"@id\":\"https:\/\/xenonkungen.com\/produkt\/tershine-apc-allrengoring-5-l\/#primaryimage\",\"url\":\"https:\/\/xenonkungen.com\/wp-content\/uploads\/2026\/03\/bR0AfsZnqDaTL1UXku5fEvuPWvI92XyEGY1LPuxz.webp\",\"contentUrl\":\"https:\/\/xenonkungen.com\/wp-content\/uploads\/2026\/03\/bR0AfsZnqDaTL1UXku5fEvuPWvI92XyEGY1LPuxz.webp\",\"width\":1024,\"height\":1024},{\"@type\":\"BreadcrumbList\",\"@id\":\"https:\/\/xenonkungen.com\/produkt\/tershine-apc-allrengoring-5-l\/#breadcrumb\",\"itemListElement\":[{\"@type\":\"ListItem\",\"position\":1,\"name\":\"Hem\",\"item\":\"https:\/\/xenonkungen.com\/\"},{\"@type\":\"ListItem\",\"position\":2,\"name\":\"Shop\",\"item\":\"https:\/\/xenonkungen.com\/shop\/\"},{\"@type\":\"ListItem\",\"position\":3,\"name\":\"Tershine APC &#8211; Allreng\u00f6ring 5 L\"}]},{\"@type\":\"WebSite\",\"@id\":\"https:\/\/xenonkungen.com\/#website\",\"url\":\"https:\/\/xenonkungen.com\/\",\"name\":\"Xenonkungen\",\"description\":\"\",\"potentialAction\":[{\"@type\":\"SearchAction\",\"target\":{\"@type\":\"EntryPoint\",\"urlTemplate\":\"https:\/\/xenonkungen.com\/?s={search_term_string}\"},\"query-input\":{\"@type\":\"PropertyValueSpecification\",\"valueRequired\":true,\"valueName\":\"search_term_string\"}}],\"inLanguage\":\"da-DK\"}]}<\/script>\n<!-- \/ Yoast SEO plugin. -->","yoast_head_json":{"title":"Tershine APC - Universalreng\u00f8ringsmiddel 5 L - Xenon Kongen","robots":{"index":"index","follow":"follow","max-snippet":"max-snippet:-1","max-image-preview":"max-image-preview:large","max-video-preview":"max-video-preview:-1"},"canonical":"https:\/\/xenonkungen.com\/dk\/vare\/tershine-apc-universalrengoringsmiddel-5-l\/","og_locale":"da_DK","og_type":"article","og_title":"Tershine APC - Allreng\u00f6ring 5 L - Xenonkungen","og_description":"APC allreng\u00f6ringsmedel f\u00f6r insidan av fordonet, i hemmet och ja, i stort sett \u00f6verallt!","og_url":"https:\/\/xenonkungen.com\/dk\/vare\/tershine-apc-universalrengoringsmiddel-5-l\/","og_site_name":"Xenonkungen","article_modified_time":"2026-04-24T16:47:04+00:00","og_image":[{"width":1024,"height":1024,"url":"https:\/\/xenonkungen.com\/wp-content\/uploads\/2026\/03\/bR0AfsZnqDaTL1UXku5fEvuPWvI92XyEGY1LPuxz.webp","type":"image\/webp"}],"twitter_card":"summary_large_image","twitter_misc":{"Estimeret l\u00e6setid":"2 minutter"},"schema":{"@context":"https:\/\/schema.org","@graph":[{"@type":"WebPage","@id":"https:\/\/xenonkungen.com\/produkt\/tershine-apc-allrengoring-5-l\/","url":"https:\/\/xenonkungen.com\/produkt\/tershine-apc-allrengoring-5-l\/","name":"Tershine APC - Universalreng\u00f8ringsmiddel 5 L - Xenon Kongen","isPartOf":{"@id":"https:\/\/xenonkungen.com\/#website"},"primaryImageOfPage":{"@id":"https:\/\/xenonkungen.com\/produkt\/tershine-apc-allrengoring-5-l\/#primaryimage"},"image":{"@id":"https:\/\/xenonkungen.com\/produkt\/tershine-apc-allrengoring-5-l\/#primaryimage"},"thumbnailUrl":"https:\/\/xenonkungen.com\/wp-content\/uploads\/2026\/03\/bR0AfsZnqDaTL1UXku5fEvuPWvI92XyEGY1LPuxz.webp","datePublished":"2026-03-13T14:43:24+00:00","dateModified":"2026-04-24T16:47:04+00:00","breadcrumb":{"@id":"https:\/\/xenonkungen.com\/produkt\/tershine-apc-allrengoring-5-l\/#breadcrumb"},"inLanguage":"da-DK","potentialAction":[{"@type":"ReadAction","target":["https:\/\/xenonkungen.com\/produkt\/tershine-apc-allrengoring-5-l\/"]}]},{"@type":"ImageObject","inLanguage":"da-DK","@id":"https:\/\/xenonkungen.com\/produkt\/tershine-apc-allrengoring-5-l\/#primaryimage","url":"https:\/\/xenonkungen.com\/wp-content\/uploads\/2026\/03\/bR0AfsZnqDaTL1UXku5fEvuPWvI92XyEGY1LPuxz.webp","contentUrl":"https:\/\/xenonkungen.com\/wp-content\/uploads\/2026\/03\/bR0AfsZnqDaTL1UXku5fEvuPWvI92XyEGY1LPuxz.webp","width":1024,"height":1024},{"@type":"BreadcrumbList","@id":"https:\/\/xenonkungen.com\/produkt\/tershine-apc-allrengoring-5-l\/#breadcrumb","itemListElement":[{"@type":"ListItem","position":1,"name":"Hem","item":"https:\/\/xenonkungen.com\/"},{"@type":"ListItem","position":2,"name":"Shop","item":"https:\/\/xenonkungen.com\/shop\/"},{"@type":"ListItem","position":3,"name":"Tershine APC &#8211; Allreng\u00f6ring 5 L"}]},{"@type":"WebSite","@id":"https:\/\/xenonkungen.com\/#website","url":"https:\/\/xenonkungen.com\/","name":"Xenonkungen","description":"","potentialAction":[{"@type":"SearchAction","target":{"@type":"EntryPoint","urlTemplate":"https:\/\/xenonkungen.com\/?s={search_term_string}"},"query-input":{"@type":"PropertyValueSpecification","valueRequired":true,"valueName":"search_term_string"}}],"inLanguage":"da-DK"}]}},"taxonomy_info":{"product_brand":[{"value":2893,"label":"Tershine"}],"product_cat":[{"value":2988,"label":"1 | Biltv\u00e4tt"},{"value":378,"label":"Bilv\u00e5rd"}]},"featured_image_src_large":["https:\/\/xenonkungen.com\/wp-content\/uploads\/2026\/03\/bR0AfsZnqDaTL1UXku5fEvuPWvI92XyEGY1LPuxz.webp",1024,1024,false],"author_info":[],"comment_info":0,"_links":{"self":[{"href":"https:\/\/xenonkungen.com\/dk\/wp-json\/wp\/v2\/product\/27727","targetHints":{"allow":["GET"]}}],"collection":[{"href":"https:\/\/xenonkungen.com\/dk\/wp-json\/wp\/v2\/product"}],"about":[{"href":"https:\/\/xenonkungen.com\/dk\/wp-json\/wp\/v2\/types\/product"}],"replies":[{"embeddable":true,"href":"https:\/\/xenonkungen.com\/dk\/wp-json\/wp\/v2\/comments?post=27727"}],"wp:featuredmedia":[{"embeddable":true,"href":"https:\/\/xenonkungen.com\/dk\/wp-json\/wp\/v2\/media\/27730"}],"wp:attachment":[{"href":"https:\/\/xenonkungen.com\/dk\/wp-json\/wp\/v2\/media?parent=27727"}],"wp:term":[{"taxonomy":"anvandningsomrade","embeddable":true,"href":"https:\/\/xenonkungen.com\/dk\/wp-json\/wp\/v2\/anvandningsomrade?post=27727"},{"taxonomy":"bilmarken","embeddable":true,"href":"https:\/\/xenonkungen.com\/dk\/wp-json\/wp\/v2\/bilmarken?post=27727"},{"taxonomy":"product_brand","embeddable":true,"href":"https:\/\/xenonkungen.com\/dk\/wp-json\/wp\/v2\/product_brand?post=27727"},{"taxonomy":"product_cat","embeddable":true,"href":"https:\/\/xenonkungen.com\/dk\/wp-json\/wp\/v2\/product_cat?post=27727"},{"taxonomy":"product_tag","embeddable":true,"href":"https:\/\/xenonkungen.com\/dk\/wp-json\/wp\/v2\/product_tag?post=27727"}],"curies":[{"name":"wp","href":"https:\/\/api.w.org\/{rel}","templated":true}]}}