{"id":2779,"date":"2025-04-15T08:42:58","date_gmt":"2025-04-15T08:42:58","guid":{"rendered":"https:\/\/xenonkungen.com\/product\/briodlights-arbetslampa-bred-7400-lm\/"},"modified":"2026-05-11T15:11:48","modified_gmt":"2026-05-11T14:11:48","slug":"briodlights-arbejdslampe-bred-7400-lm","status":"publish","type":"product","link":"https:\/\/xenonkungen.com\/dk\/vare\/briodlights-arbejdslampe-bred-7400-lm\/","title":{"rendered":"BriodLights Arbejdslampe bred 7400 lm"},"content":{"rendered":"<h1>BriodLights: Fleksibel LED-arbejdslampe med 16 dioder<\/h1>\n<p>BriodLights pr\u00e6senterer en fleksibel og kompakt LED-arbejdslampe udstyret med 16 h\u00f8jkvalitetsdioder fra den velkendte producent Osram. Denne LED-arbejdslampe er designet til at levere kraftig belysning p\u00e5 arbejdspladser, hvor pladsen kan v\u00e6re begr\u00e6nset, men hvor st\u00e6rkt lys stadig er et krav.<\/p>\n<h2>S\u00e6rlige kendetegn:<\/h2>\n<ol>\n<li><strong>Fleksibelt design:<\/strong> Lampen kan styres fleksibelt for at give lys, hvor der er mest brug for det, hvilket g\u00f8r den til et fremragende v\u00e6rkt\u00f8j til mange forskellige arbejdspladser.<\/li>\n<li><strong>Kompakt st\u00f8rrelse:<\/strong> P\u00e5 trods af sin kompakte st\u00f8rrelse giver denne LED-arbejdslampe kraftig og effektiv belysning takket v\u00e6re de 16 Osram-dioder af h\u00f8j kvalitet.<\/li>\n<li><strong>Temperaturkontrolsystem:<\/strong> For at beskytte lampen mod skader p\u00e5 grund af overophedning er lampen udstyret med et temperaturkontrolsystem. Dette system reducerer automatisk lysstyrken, hvis der er risiko for overophedning, og beskytter dermed lampen og forl\u00e6nger dens levetid.<\/li>\n<li><strong>Inklusive DT-stik:<\/strong> Lampen leveres med et 20 cm langt kabel og et DT-stik, som g\u00f8r installationen nem og problemfri.<\/li>\n<li><strong>Certificeret kvalitet:<\/strong> Lampen har RoHS-, CE-, EMC- og ECE R10-certificeringer, som garanterer dens kvalitet og sikkerhed.<\/li>\n<li><strong>3 \u00e5rs funktionsgaranti:<\/strong> Vi tilbyder 3 \u00e5rs funktionsgaranti p\u00e5 denne LED-arbejdslampe, hvilket giver dig ekstra ro i sindet.<\/li>\n<\/ol>\n<p>BriodLights fleksible LED-arbejdslampe med 16 dioder giver p\u00e5lidelig, kraftig belysning til alle dine arbejdsbehov.<\/p>","protected":false},"excerpt":{"rendered":"<p>BriodLights: Flexibel LED Arbetslampa med 16 Dioder BriodLights presenterar en flexibel och kompakt LED arbetslampa som \u00e4r utrustad med 16 h\u00f6gkvalitativa dioder fr\u00e5n den v\u00e4lk\u00e4nda tillverkaren Osram. Denna LED arbetslampa \u00e4r designad f\u00f6r att leverera kraftfull belysning p\u00e5 arbetsplatser d\u00e4r utrymme kan vara begr\u00e4nsat men d\u00e4r starkt ljus fortfarande \u00e4r ett krav. Framst\u00e5ende Egenskaper: Flexibel [&hellip;]<\/p>","protected":false},"featured_media":2780,"comment_status":"closed","ping_status":"open","template":"","meta":{"_acf_changed":false,"_smort_price_nok":"1202","_smort_price_dkk":"763","_smort_price_eur":"102.27","_smort_sale_price_nok":"","_smort_sale_price_dkk":"","_smort_sale_price_eur":"","smort_restorder":"","shipmondo_restorder":"","_kad_blocks_custom_css":"","_kad_blocks_head_custom_js":"","_kad_blocks_body_custom_js":"","_kad_blocks_footer_custom_js":"","smort_custom_pricelist_1":"720","smort_custom_pricelist_2":"630","smort_custom_pricelist_3":"598.5","smort_custom_pricelist_4":"900","smort_custom_pricelist_5":"630"},"anvandningsomrade":[],"bilmarken":[],"product_brand":[92],"product_cat":[508],"product_tag":[2788],"class_list":{"0":"post-2779","1":"product","2":"type-product","3":"status-publish","4":"has-post-thumbnail","6":"product_brand-briodlights","7":"product_cat-arbetsbelysning","8":"product_tag-black-week-exclude","9":"pa_faktisk-effekts-forbrukning-867","10":"pa_fargtemperatur-5000k","11":"pa_fuktskydd-varde-ipxx-ip67","12":"pa_godkannande-rohs-ce-emc-ece-r10","13":"pa_lampsockel-kontakt-dt","14":"pa_ljusbild-flood","15":"pa_storlek-mm-1119x127x55","16":"pa_stromforbrukning-37a24v","17":"pa_stromforbrukning-765a12v","18":"pa_volt-v-multivolt-10-12-16-18-24-28-30","20":"first","21":"onbackorder","22":"taxable","23":"shipping-taxable","24":"purchasable","25":"product-type-simple"},"bundled_by":[],"bundle_stock_status":"onbackorder","bundle_stock_quantity":0,"bundle_virtual":false,"bundle_layout":"","bundle_add_to_cart_form_location":"","bundle_editable_in_cart":false,"bundle_sold_individually_context":"","bundle_item_grouping":"","bundle_min_size":"","bundle_max_size":"","bundle_price":[],"bundled_items":[],"bundle_sell_ids":[],"acf":[],"yoast_head":"<!-- This site is optimized with the Yoast SEO plugin v27.0 - https:\/\/yoast.com\/product\/yoast-seo-wordpress\/ -->\n<title>BriodLights Arbetslampa bred 7400 lm - Xenonkungen<\/title>\n<meta name=\"robots\" content=\"index, follow, max-snippet:-1, max-image-preview:large, max-video-preview:-1\" \/>\n<link rel=\"canonical\" href=\"https:\/\/xenonkungen.com\/dk\/vare\/briodlights-arbejdslampe-bred-7400-lm\/\" \/>\n<meta property=\"og:locale\" content=\"da_DK\" \/>\n<meta property=\"og:type\" content=\"article\" \/>\n<meta property=\"og:title\" content=\"BriodLights Arbetslampa bred 7400 lm - Xenonkungen\" \/>\n<meta property=\"og:description\" content=\"BriodLights: Flexibel LED Arbetslampa med 16 Dioder BriodLights presenterar en flexibel och kompakt LED arbetslampa som \u00e4r utrustad med 16 h\u00f6gkvalitativa dioder fr\u00e5n den v\u00e4lk\u00e4nda tillverkaren Osram. Denna LED arbetslampa \u00e4r designad f\u00f6r att leverera kraftfull belysning p\u00e5 arbetsplatser d\u00e4r utrymme kan vara begr\u00e4nsat men d\u00e4r starkt ljus fortfarande \u00e4r ett krav. Framst\u00e5ende Egenskaper: Flexibel [&hellip;]\" \/>\n<meta property=\"og:url\" content=\"https:\/\/xenonkungen.com\/dk\/vare\/briodlights-arbejdslampe-bred-7400-lm\/\" \/>\n<meta property=\"og:site_name\" content=\"Xenonkungen\" \/>\n<meta property=\"article:modified_time\" content=\"2026-05-11T14:11:48+00:00\" \/>\n<meta property=\"og:image\" content=\"https:\/\/xenonkungen.com\/wp-content\/uploads\/2025\/04\/11113_itemimage_mainfront.jpg\" \/>\n\t<meta property=\"og:image:width\" content=\"2048\" \/>\n\t<meta property=\"og:image:height\" content=\"1536\" \/>\n\t<meta property=\"og:image:type\" content=\"image\/jpeg\" \/>\n<meta name=\"twitter:card\" content=\"summary_large_image\" \/>\n<meta name=\"twitter:label1\" content=\"Estimeret l\u00e6setid\" \/>\n\t<meta name=\"twitter:data1\" content=\"1 minut\" \/>\n<script type=\"application\/ld+json\" class=\"yoast-schema-graph\">{\"@context\":\"https:\/\/schema.org\",\"@graph\":[{\"@type\":\"WebPage\",\"@id\":\"https:\/\/xenonkungen.com\/produkt\/briodlights-arbetslampa-bred-7400-lm\/\",\"url\":\"https:\/\/xenonkungen.com\/produkt\/briodlights-arbetslampa-bred-7400-lm\/\",\"name\":\"BriodLights Arbetslampa bred 7400 lm - Xenonkungen\",\"isPartOf\":{\"@id\":\"https:\/\/xenonkungen.com\/#website\"},\"primaryImageOfPage\":{\"@id\":\"https:\/\/xenonkungen.com\/produkt\/briodlights-arbetslampa-bred-7400-lm\/#primaryimage\"},\"image\":{\"@id\":\"https:\/\/xenonkungen.com\/produkt\/briodlights-arbetslampa-bred-7400-lm\/#primaryimage\"},\"thumbnailUrl\":\"https:\/\/xenonkungen.com\/wp-content\/uploads\/2025\/04\/11113_itemimage_mainfront.jpg\",\"datePublished\":\"2025-04-15T08:42:58+00:00\",\"dateModified\":\"2026-05-11T14:11:48+00:00\",\"breadcrumb\":{\"@id\":\"https:\/\/xenonkungen.com\/produkt\/briodlights-arbetslampa-bred-7400-lm\/#breadcrumb\"},\"inLanguage\":\"da-DK\",\"potentialAction\":[{\"@type\":\"ReadAction\",\"target\":[\"https:\/\/xenonkungen.com\/produkt\/briodlights-arbetslampa-bred-7400-lm\/\"]}]},{\"@type\":\"ImageObject\",\"inLanguage\":\"da-DK\",\"@id\":\"https:\/\/xenonkungen.com\/produkt\/briodlights-arbetslampa-bred-7400-lm\/#primaryimage\",\"url\":\"https:\/\/xenonkungen.com\/wp-content\/uploads\/2025\/04\/11113_itemimage_mainfront.jpg\",\"contentUrl\":\"https:\/\/xenonkungen.com\/wp-content\/uploads\/2025\/04\/11113_itemimage_mainfront.jpg\",\"width\":2048,\"height\":1536},{\"@type\":\"BreadcrumbList\",\"@id\":\"https:\/\/xenonkungen.com\/produkt\/briodlights-arbetslampa-bred-7400-lm\/#breadcrumb\",\"itemListElement\":[{\"@type\":\"ListItem\",\"position\":1,\"name\":\"Hem\",\"item\":\"https:\/\/xenonkungen.com\/\"},{\"@type\":\"ListItem\",\"position\":2,\"name\":\"Shop\",\"item\":\"https:\/\/xenonkungen.com\/shop\/\"},{\"@type\":\"ListItem\",\"position\":3,\"name\":\"BriodLights Arbetslampa bred 7400 lm\"}]},{\"@type\":\"WebSite\",\"@id\":\"https:\/\/xenonkungen.com\/#website\",\"url\":\"https:\/\/xenonkungen.com\/\",\"name\":\"Xenonkungen\",\"description\":\"\",\"potentialAction\":[{\"@type\":\"SearchAction\",\"target\":{\"@type\":\"EntryPoint\",\"urlTemplate\":\"https:\/\/xenonkungen.com\/?s={search_term_string}\"},\"query-input\":{\"@type\":\"PropertyValueSpecification\",\"valueRequired\":true,\"valueName\":\"search_term_string\"}}],\"inLanguage\":\"da-DK\"}]}<\/script>\n<!-- \/ Yoast SEO plugin. -->","yoast_head_json":{"title":"BriodLights Arbejdslampe bred 7400 lm - Xenonkungen","robots":{"index":"index","follow":"follow","max-snippet":"max-snippet:-1","max-image-preview":"max-image-preview:large","max-video-preview":"max-video-preview:-1"},"canonical":"https:\/\/xenonkungen.com\/dk\/vare\/briodlights-arbejdslampe-bred-7400-lm\/","og_locale":"da_DK","og_type":"article","og_title":"BriodLights Arbetslampa bred 7400 lm - Xenonkungen","og_description":"BriodLights: Flexibel LED Arbetslampa med 16 Dioder BriodLights presenterar en flexibel och kompakt LED arbetslampa som \u00e4r utrustad med 16 h\u00f6gkvalitativa dioder fr\u00e5n den v\u00e4lk\u00e4nda tillverkaren Osram. Denna LED arbetslampa \u00e4r designad f\u00f6r att leverera kraftfull belysning p\u00e5 arbetsplatser d\u00e4r utrymme kan vara begr\u00e4nsat men d\u00e4r starkt ljus fortfarande \u00e4r ett krav. Framst\u00e5ende Egenskaper: Flexibel [&hellip;]","og_url":"https:\/\/xenonkungen.com\/dk\/vare\/briodlights-arbejdslampe-bred-7400-lm\/","og_site_name":"Xenonkungen","article_modified_time":"2026-05-11T14:11:48+00:00","og_image":[{"width":2048,"height":1536,"url":"https:\/\/xenonkungen.com\/wp-content\/uploads\/2025\/04\/11113_itemimage_mainfront.jpg","type":"image\/jpeg"}],"twitter_card":"summary_large_image","twitter_misc":{"Estimeret l\u00e6setid":"1 minut"},"schema":{"@context":"https:\/\/schema.org","@graph":[{"@type":"WebPage","@id":"https:\/\/xenonkungen.com\/produkt\/briodlights-arbetslampa-bred-7400-lm\/","url":"https:\/\/xenonkungen.com\/produkt\/briodlights-arbetslampa-bred-7400-lm\/","name":"BriodLights Arbejdslampe bred 7400 lm - Xenonkungen","isPartOf":{"@id":"https:\/\/xenonkungen.com\/#website"},"primaryImageOfPage":{"@id":"https:\/\/xenonkungen.com\/produkt\/briodlights-arbetslampa-bred-7400-lm\/#primaryimage"},"image":{"@id":"https:\/\/xenonkungen.com\/produkt\/briodlights-arbetslampa-bred-7400-lm\/#primaryimage"},"thumbnailUrl":"https:\/\/xenonkungen.com\/wp-content\/uploads\/2025\/04\/11113_itemimage_mainfront.jpg","datePublished":"2025-04-15T08:42:58+00:00","dateModified":"2026-05-11T14:11:48+00:00","breadcrumb":{"@id":"https:\/\/xenonkungen.com\/produkt\/briodlights-arbetslampa-bred-7400-lm\/#breadcrumb"},"inLanguage":"da-DK","potentialAction":[{"@type":"ReadAction","target":["https:\/\/xenonkungen.com\/produkt\/briodlights-arbetslampa-bred-7400-lm\/"]}]},{"@type":"ImageObject","inLanguage":"da-DK","@id":"https:\/\/xenonkungen.com\/produkt\/briodlights-arbetslampa-bred-7400-lm\/#primaryimage","url":"https:\/\/xenonkungen.com\/wp-content\/uploads\/2025\/04\/11113_itemimage_mainfront.jpg","contentUrl":"https:\/\/xenonkungen.com\/wp-content\/uploads\/2025\/04\/11113_itemimage_mainfront.jpg","width":2048,"height":1536},{"@type":"BreadcrumbList","@id":"https:\/\/xenonkungen.com\/produkt\/briodlights-arbetslampa-bred-7400-lm\/#breadcrumb","itemListElement":[{"@type":"ListItem","position":1,"name":"Hem","item":"https:\/\/xenonkungen.com\/"},{"@type":"ListItem","position":2,"name":"Shop","item":"https:\/\/xenonkungen.com\/shop\/"},{"@type":"ListItem","position":3,"name":"BriodLights Arbetslampa bred 7400 lm"}]},{"@type":"WebSite","@id":"https:\/\/xenonkungen.com\/#website","url":"https:\/\/xenonkungen.com\/","name":"Xenonkungen","description":"","potentialAction":[{"@type":"SearchAction","target":{"@type":"EntryPoint","urlTemplate":"https:\/\/xenonkungen.com\/?s={search_term_string}"},"query-input":{"@type":"PropertyValueSpecification","valueRequired":true,"valueName":"search_term_string"}}],"inLanguage":"da-DK"}]}},"taxonomy_info":{"product_brand":[{"value":92,"label":"Briodlights"}],"product_cat":[{"value":508,"label":"Arbetsbelysning"}],"product_tag":[{"value":2788,"label":"black-week-exclude"}],"pa_faktisk-effekts-forbrukning":[{"value":867,"label":"96"}],"pa_fargtemperatur":[{"value":154,"label":"5000K"}],"pa_fuktskydd-varde-ipxx":[{"value":333,"label":"IP67"}],"pa_godkannande":[{"value":865,"label":"RoHS, CE, EMC, ECE, R10"}],"pa_lampsockel-kontakt":[{"value":329,"label":"DT"}],"pa_ljusbild":[{"value":503,"label":"FLOOD"}],"pa_storlek-mm":[{"value":866,"label":"111,9x127x55"}],"pa_stromforbrukning":[{"value":869,"label":"3,7A@24V"},{"value":868,"label":"7,65A@12V"}],"pa_volt-v":[{"value":773,"label":"Multivolt, 10, 12, 16, 18, 24, 28, 30"}]},"featured_image_src_large":["https:\/\/xenonkungen.com\/wp-content\/uploads\/2025\/04\/11113_itemimage_mainfront-1024x768.jpg",1024,768,true],"author_info":[],"comment_info":0,"_links":{"self":[{"href":"https:\/\/xenonkungen.com\/dk\/wp-json\/wp\/v2\/product\/2779","targetHints":{"allow":["GET"]}}],"collection":[{"href":"https:\/\/xenonkungen.com\/dk\/wp-json\/wp\/v2\/product"}],"about":[{"href":"https:\/\/xenonkungen.com\/dk\/wp-json\/wp\/v2\/types\/product"}],"replies":[{"embeddable":true,"href":"https:\/\/xenonkungen.com\/dk\/wp-json\/wp\/v2\/comments?post=2779"}],"wp:featuredmedia":[{"embeddable":true,"href":"https:\/\/xenonkungen.com\/dk\/wp-json\/wp\/v2\/media\/2780"}],"wp:attachment":[{"href":"https:\/\/xenonkungen.com\/dk\/wp-json\/wp\/v2\/media?parent=2779"}],"wp:term":[{"taxonomy":"anvandningsomrade","embeddable":true,"href":"https:\/\/xenonkungen.com\/dk\/wp-json\/wp\/v2\/anvandningsomrade?post=2779"},{"taxonomy":"bilmarken","embeddable":true,"href":"https:\/\/xenonkungen.com\/dk\/wp-json\/wp\/v2\/bilmarken?post=2779"},{"taxonomy":"product_brand","embeddable":true,"href":"https:\/\/xenonkungen.com\/dk\/wp-json\/wp\/v2\/product_brand?post=2779"},{"taxonomy":"product_cat","embeddable":true,"href":"https:\/\/xenonkungen.com\/dk\/wp-json\/wp\/v2\/product_cat?post=2779"},{"taxonomy":"product_tag","embeddable":true,"href":"https:\/\/xenonkungen.com\/dk\/wp-json\/wp\/v2\/product_tag?post=2779"}],"curies":[{"name":"wp","href":"https:\/\/api.w.org\/{rel}","templated":true}]}}