{"id":27822,"date":"2026-03-16T09:06:07","date_gmt":"2026-03-16T08:06:07","guid":{"rendered":"https:\/\/xenonkungen.com\/?post_type=product&#038;p=27822"},"modified":"2026-05-12T14:38:23","modified_gmt":"2026-05-12T13:38:23","slug":"tershine-dissolve-kold-affedtning-25-l","status":"publish","type":"product","link":"https:\/\/xenonkungen.com\/dk\/vare\/tershine-dissolve-kold-affedtning-25-l\/","title":{"rendered":"Tershine Dissolve \u2013 Kold affedtning 25 L"},"content":{"rendered":"<p>Kold affedtning anvendt mod asfaltspr\u00e6kker og andet petroleumbaseret snavs s\u00e5som diesel, sod, benzin, fedt, olie og kl\u00e6berester.<\/p>\n<p><strong>Meget effektiv<br \/>\nLav aromatisk, n\u00e6sten lugtfri<br \/>\nSk\u00e5nsom mod plastik, lamper og gummi<br \/>\nEffektiv mod vejsalt<br \/>\nFjerner effektivt vintersnavs<br \/>\nKlar til brug<br \/>\nKan p\u00e5f\u00f8res v\u00e5de overflader<br \/>\n<\/strong><\/p>\n<p>Dissolve 25l er en lavaromatisk kold affedter (lugter n\u00e6sten ingenting), der effektivt opl\u00f8ser asfalt, olie og andet petroleumbaseret snavs. Kan p\u00e5f\u00f8res b\u00e5de v\u00e5de og t\u00f8rre overflader. Vi har valgt en mildere, men stadig effektiv blanding, der minimerer risikoen for skader eller problemer. Det betyder, at den kan og b\u00f8r holde lidt l\u00e6ngere end mange andre. Den er selvf\u00f8lgelig ikke mindre effektiv til det.<\/p>\n<p><strong>S\u00e5dan bruger du Dissolve \u2013 Kold affedtning<\/strong><\/p>\n<p>1. Fordel j\u00e6vnt over overfladen (normalt fra h\u00e5ndtagene og nedad)<strong><br \/>\n2.\u00a0<\/strong>Lad det virke i et par minutter, husk at det i koldere vejr b\u00f8r st\u00e5 l\u00e6ngere.\u00a0<strong><br \/>\n3.\u00a0<\/strong>Skyl fra bund til top<strong><br \/>\n4.\u00a0<\/strong>Forts\u00e6t med n\u00e6ste trin i din vaskeprocedure.<\/p>\n<p>Ps. Det kan selvf\u00f8lgelig bruges til f.eks. motorvask osv. Husk ogs\u00e5, at produktet skal forblive p\u00e5 overfladen l\u00e6ngere ved kolde temperaturer (op til ca. 15 min). For den bedste effekt b\u00f8r Extract ogs\u00e5 bruges oven p\u00e5 Dissolve \u2013 Cold affedtning efter trin 2. Extract \u2013 Alkalisk affedtning vil ogs\u00e5 v\u00e6re n\u00f8dvendig, dvs. det er ikke nok at affedte kun \u00e9n gang om \u00e5ret. Hvis du har virkelig genstridige asfaltpletter, der ikke forsvinder, er Prime \u2013 Panel Wipe helt magisk til at fjerne dem, s\u00e5 pr\u00f8v det p\u00e5 udvalgte steder.<\/p>\n<h6>Sikkerhedsdatablade er tilg\u00e6ngelige efter anmodning.<br \/>\n<img decoding=\"async\" src=\"https:\/\/d3dnwnveix5428.cloudfront.net\/store_72f4e2a4-e492-4ff0-8f8a-c603645bdb5c\/media\/OZlcs529hYIqb5zYGL3Ariy4cKiV85SbGfjVRwnD.png\" \/><\/h6>\n<h6>FARE: Kan v\u00e6re d\u00f8delig ved indtagelse og indtagelse i luftvejene.<br \/>\nGentagen kontakt kan for\u00e5rsage t\u00f8r eller revnet hud.<br \/>\nVED INDTAGELSE: Ring omg\u00e5ende til en GIFTINFORMATION eller en l\u00e6ge.<br \/>\nFremkald ikke opkastning. Holdes v\u00e6k fra varme\/gnister\/\u00e5ben ild.<br \/>\nRygning forbudt. Opbevares afl\u00e5st. Indholdet af beholderen skal afleveres til en<br \/>\nGodkendt affaldsanl\u00e6g. Indeholder aromatiske kulbrinter &gt;30%.<\/h6>","protected":false},"excerpt":{"rendered":"<p>Kold affedtning, der effektivt opl\u00f8ser asfalt, tj\u00e6re, olie og andet petroleumbaseret snavs.<\/p>","protected":false},"featured_media":27823,"comment_status":"open","ping_status":"closed","template":"","meta":{"_acf_changed":false,"_smort_price_nok":"","_smort_price_dkk":"","_smort_price_eur":"","_smort_sale_price_nok":"","_smort_sale_price_dkk":"","_smort_sale_price_eur":"","smort_restorder":"","shipmondo_restorder":"","_kad_blocks_custom_css":"","_kad_blocks_head_custom_js":"","_kad_blocks_body_custom_js":"","_kad_blocks_footer_custom_js":"","smort_custom_pricelist_1":"1215.36","smort_custom_pricelist_2":"1215.36","smort_custom_pricelist_3":"1215.36","smort_custom_pricelist_4":"1519.2","smort_custom_pricelist_5":"1215.36"},"anvandningsomrade":[],"bilmarken":[],"product_brand":[2893],"product_cat":[2989,378],"product_tag":[],"class_list":{"0":"post-27822","1":"product","2":"type-product","3":"status-publish","4":"has-post-thumbnail","6":"product_brand-tershine","7":"product_cat-avfettning","8":"product_cat-bilvard","10":"first","11":"onbackorder","12":"taxable","13":"shipping-taxable","14":"purchasable","15":"product-type-simple"},"bundled_by":[],"bundle_stock_status":"onbackorder","bundle_stock_quantity":0,"bundle_virtual":false,"bundle_layout":"","bundle_add_to_cart_form_location":"","bundle_editable_in_cart":false,"bundle_sold_individually_context":"","bundle_item_grouping":"","bundle_min_size":"","bundle_max_size":"","bundle_price":[],"bundled_items":[],"bundle_sell_ids":[],"acf":[],"yoast_head":"<!-- This site is optimized with the Yoast SEO plugin v27.0 - https:\/\/yoast.com\/product\/yoast-seo-wordpress\/ -->\n<title>Tershine Dissolve - Kallavfettning 25 L - Xenonkungen<\/title>\n<meta name=\"robots\" content=\"index, follow, max-snippet:-1, max-image-preview:large, max-video-preview:-1\" \/>\n<link rel=\"canonical\" href=\"https:\/\/xenonkungen.com\/dk\/vare\/tershine-dissolve-kold-affedtning-25-l\/\" \/>\n<meta property=\"og:locale\" content=\"da_DK\" \/>\n<meta property=\"og:type\" content=\"article\" \/>\n<meta property=\"og:title\" content=\"Tershine Dissolve - Kallavfettning 25 L - Xenonkungen\" \/>\n<meta property=\"og:description\" content=\"Kallavfettning som effektivt l\u00f6ser asfalt, tj\u00e4ra, olja och annan petroleumbaserad smuts.\" \/>\n<meta property=\"og:url\" content=\"https:\/\/xenonkungen.com\/dk\/vare\/tershine-dissolve-kold-affedtning-25-l\/\" \/>\n<meta property=\"og:site_name\" content=\"Xenonkungen\" \/>\n<meta property=\"article:modified_time\" content=\"2026-05-12T13:38:23+00:00\" \/>\n<meta property=\"og:image\" content=\"https:\/\/xenonkungen.com\/wp-content\/uploads\/2026\/03\/aQsPwxPL3mBbgYXdoVYDBu82YwHYHWHHgVDKZkJY.webp\" \/>\n\t<meta property=\"og:image:width\" content=\"1024\" \/>\n\t<meta property=\"og:image:height\" content=\"1024\" \/>\n\t<meta property=\"og:image:type\" content=\"image\/webp\" \/>\n<meta name=\"twitter:card\" content=\"summary_large_image\" \/>\n<meta name=\"twitter:label1\" content=\"Estimeret l\u00e6setid\" \/>\n\t<meta name=\"twitter:data1\" content=\"2 minutter\" \/>\n<script type=\"application\/ld+json\" class=\"yoast-schema-graph\">{\"@context\":\"https:\/\/schema.org\",\"@graph\":[{\"@type\":\"WebPage\",\"@id\":\"https:\/\/xenonkungen.com\/produkt\/tershine-dissolve-kallavfettning-25-l\/\",\"url\":\"https:\/\/xenonkungen.com\/produkt\/tershine-dissolve-kallavfettning-25-l\/\",\"name\":\"Tershine Dissolve - Kallavfettning 25 L - Xenonkungen\",\"isPartOf\":{\"@id\":\"https:\/\/xenonkungen.com\/#website\"},\"primaryImageOfPage\":{\"@id\":\"https:\/\/xenonkungen.com\/produkt\/tershine-dissolve-kallavfettning-25-l\/#primaryimage\"},\"image\":{\"@id\":\"https:\/\/xenonkungen.com\/produkt\/tershine-dissolve-kallavfettning-25-l\/#primaryimage\"},\"thumbnailUrl\":\"https:\/\/xenonkungen.com\/wp-content\/uploads\/2026\/03\/aQsPwxPL3mBbgYXdoVYDBu82YwHYHWHHgVDKZkJY.webp\",\"datePublished\":\"2026-03-16T08:06:07+00:00\",\"dateModified\":\"2026-05-12T13:38:23+00:00\",\"breadcrumb\":{\"@id\":\"https:\/\/xenonkungen.com\/produkt\/tershine-dissolve-kallavfettning-25-l\/#breadcrumb\"},\"inLanguage\":\"da-DK\",\"potentialAction\":[{\"@type\":\"ReadAction\",\"target\":[\"https:\/\/xenonkungen.com\/produkt\/tershine-dissolve-kallavfettning-25-l\/\"]}]},{\"@type\":\"ImageObject\",\"inLanguage\":\"da-DK\",\"@id\":\"https:\/\/xenonkungen.com\/produkt\/tershine-dissolve-kallavfettning-25-l\/#primaryimage\",\"url\":\"https:\/\/xenonkungen.com\/wp-content\/uploads\/2026\/03\/aQsPwxPL3mBbgYXdoVYDBu82YwHYHWHHgVDKZkJY.webp\",\"contentUrl\":\"https:\/\/xenonkungen.com\/wp-content\/uploads\/2026\/03\/aQsPwxPL3mBbgYXdoVYDBu82YwHYHWHHgVDKZkJY.webp\",\"width\":1024,\"height\":1024},{\"@type\":\"BreadcrumbList\",\"@id\":\"https:\/\/xenonkungen.com\/produkt\/tershine-dissolve-kallavfettning-25-l\/#breadcrumb\",\"itemListElement\":[{\"@type\":\"ListItem\",\"position\":1,\"name\":\"Hem\",\"item\":\"https:\/\/xenonkungen.com\/\"},{\"@type\":\"ListItem\",\"position\":2,\"name\":\"Shop\",\"item\":\"https:\/\/xenonkungen.com\/shop\/\"},{\"@type\":\"ListItem\",\"position\":3,\"name\":\"Tershine Dissolve &#8211; Kallavfettning 25 L\"}]},{\"@type\":\"WebSite\",\"@id\":\"https:\/\/xenonkungen.com\/#website\",\"url\":\"https:\/\/xenonkungen.com\/\",\"name\":\"Xenonkungen\",\"description\":\"\",\"potentialAction\":[{\"@type\":\"SearchAction\",\"target\":{\"@type\":\"EntryPoint\",\"urlTemplate\":\"https:\/\/xenonkungen.com\/?s={search_term_string}\"},\"query-input\":{\"@type\":\"PropertyValueSpecification\",\"valueRequired\":true,\"valueName\":\"search_term_string\"}}],\"inLanguage\":\"da-DK\"}]}<\/script>\n<!-- \/ Yoast SEO plugin. -->","yoast_head_json":{"title":"Tershine Dissolve - Koldaffedtning 25 L - Xenonkungen","robots":{"index":"index","follow":"follow","max-snippet":"max-snippet:-1","max-image-preview":"max-image-preview:large","max-video-preview":"max-video-preview:-1"},"canonical":"https:\/\/xenonkungen.com\/dk\/vare\/tershine-dissolve-kold-affedtning-25-l\/","og_locale":"da_DK","og_type":"article","og_title":"Tershine Dissolve - Kallavfettning 25 L - Xenonkungen","og_description":"Kallavfettning som effektivt l\u00f6ser asfalt, tj\u00e4ra, olja och annan petroleumbaserad smuts.","og_url":"https:\/\/xenonkungen.com\/dk\/vare\/tershine-dissolve-kold-affedtning-25-l\/","og_site_name":"Xenonkungen","article_modified_time":"2026-05-12T13:38:23+00:00","og_image":[{"width":1024,"height":1024,"url":"https:\/\/xenonkungen.com\/wp-content\/uploads\/2026\/03\/aQsPwxPL3mBbgYXdoVYDBu82YwHYHWHHgVDKZkJY.webp","type":"image\/webp"}],"twitter_card":"summary_large_image","twitter_misc":{"Estimeret l\u00e6setid":"2 minutter"},"schema":{"@context":"https:\/\/schema.org","@graph":[{"@type":"WebPage","@id":"https:\/\/xenonkungen.com\/produkt\/tershine-dissolve-kallavfettning-25-l\/","url":"https:\/\/xenonkungen.com\/produkt\/tershine-dissolve-kallavfettning-25-l\/","name":"Tershine Dissolve - Koldaffedtning 25 L - Xenonkungen","isPartOf":{"@id":"https:\/\/xenonkungen.com\/#website"},"primaryImageOfPage":{"@id":"https:\/\/xenonkungen.com\/produkt\/tershine-dissolve-kallavfettning-25-l\/#primaryimage"},"image":{"@id":"https:\/\/xenonkungen.com\/produkt\/tershine-dissolve-kallavfettning-25-l\/#primaryimage"},"thumbnailUrl":"https:\/\/xenonkungen.com\/wp-content\/uploads\/2026\/03\/aQsPwxPL3mBbgYXdoVYDBu82YwHYHWHHgVDKZkJY.webp","datePublished":"2026-03-16T08:06:07+00:00","dateModified":"2026-05-12T13:38:23+00:00","breadcrumb":{"@id":"https:\/\/xenonkungen.com\/produkt\/tershine-dissolve-kallavfettning-25-l\/#breadcrumb"},"inLanguage":"da-DK","potentialAction":[{"@type":"ReadAction","target":["https:\/\/xenonkungen.com\/produkt\/tershine-dissolve-kallavfettning-25-l\/"]}]},{"@type":"ImageObject","inLanguage":"da-DK","@id":"https:\/\/xenonkungen.com\/produkt\/tershine-dissolve-kallavfettning-25-l\/#primaryimage","url":"https:\/\/xenonkungen.com\/wp-content\/uploads\/2026\/03\/aQsPwxPL3mBbgYXdoVYDBu82YwHYHWHHgVDKZkJY.webp","contentUrl":"https:\/\/xenonkungen.com\/wp-content\/uploads\/2026\/03\/aQsPwxPL3mBbgYXdoVYDBu82YwHYHWHHgVDKZkJY.webp","width":1024,"height":1024},{"@type":"BreadcrumbList","@id":"https:\/\/xenonkungen.com\/produkt\/tershine-dissolve-kallavfettning-25-l\/#breadcrumb","itemListElement":[{"@type":"ListItem","position":1,"name":"Hem","item":"https:\/\/xenonkungen.com\/"},{"@type":"ListItem","position":2,"name":"Shop","item":"https:\/\/xenonkungen.com\/shop\/"},{"@type":"ListItem","position":3,"name":"Tershine Dissolve &#8211; Kallavfettning 25 L"}]},{"@type":"WebSite","@id":"https:\/\/xenonkungen.com\/#website","url":"https:\/\/xenonkungen.com\/","name":"Xenonkungen","description":"","potentialAction":[{"@type":"SearchAction","target":{"@type":"EntryPoint","urlTemplate":"https:\/\/xenonkungen.com\/?s={search_term_string}"},"query-input":{"@type":"PropertyValueSpecification","valueRequired":true,"valueName":"search_term_string"}}],"inLanguage":"da-DK"}]}},"taxonomy_info":{"product_brand":[{"value":2893,"label":"Tershine"}],"product_cat":[{"value":2989,"label":"2 | Avfettning"},{"value":378,"label":"Bilv\u00e5rd"}]},"featured_image_src_large":["https:\/\/xenonkungen.com\/wp-content\/uploads\/2026\/03\/aQsPwxPL3mBbgYXdoVYDBu82YwHYHWHHgVDKZkJY.webp",1024,1024,false],"author_info":[],"comment_info":0,"_links":{"self":[{"href":"https:\/\/xenonkungen.com\/dk\/wp-json\/wp\/v2\/product\/27822","targetHints":{"allow":["GET"]}}],"collection":[{"href":"https:\/\/xenonkungen.com\/dk\/wp-json\/wp\/v2\/product"}],"about":[{"href":"https:\/\/xenonkungen.com\/dk\/wp-json\/wp\/v2\/types\/product"}],"replies":[{"embeddable":true,"href":"https:\/\/xenonkungen.com\/dk\/wp-json\/wp\/v2\/comments?post=27822"}],"wp:featuredmedia":[{"embeddable":true,"href":"https:\/\/xenonkungen.com\/dk\/wp-json\/wp\/v2\/media\/27823"}],"wp:attachment":[{"href":"https:\/\/xenonkungen.com\/dk\/wp-json\/wp\/v2\/media?parent=27822"}],"wp:term":[{"taxonomy":"anvandningsomrade","embeddable":true,"href":"https:\/\/xenonkungen.com\/dk\/wp-json\/wp\/v2\/anvandningsomrade?post=27822"},{"taxonomy":"bilmarken","embeddable":true,"href":"https:\/\/xenonkungen.com\/dk\/wp-json\/wp\/v2\/bilmarken?post=27822"},{"taxonomy":"product_brand","embeddable":true,"href":"https:\/\/xenonkungen.com\/dk\/wp-json\/wp\/v2\/product_brand?post=27822"},{"taxonomy":"product_cat","embeddable":true,"href":"https:\/\/xenonkungen.com\/dk\/wp-json\/wp\/v2\/product_cat?post=27822"},{"taxonomy":"product_tag","embeddable":true,"href":"https:\/\/xenonkungen.com\/dk\/wp-json\/wp\/v2\/product_tag?post=27822"}],"curies":[{"name":"wp","href":"https:\/\/api.w.org\/{rel}","templated":true}]}}