{"id":27835,"date":"2026-03-16T09:42:31","date_gmt":"2026-03-16T08:42:31","guid":{"rendered":"https:\/\/xenonkungen.com\/?post_type=product&#038;p=27835"},"modified":"2026-05-04T10:49:13","modified_gmt":"2026-05-04T09:49:13","slug":"tershine-ekstrakt-alkalisk-affedtning-1-l","status":"publish","type":"product","link":"https:\/\/xenonkungen.com\/dk\/vare\/tershine-ekstrakt-alkalisk-affedtning-1-l\/","title":{"rendered":"Tershine-ekstrakt \u2013 Alkalisk affedtning 1 l"},"content":{"rendered":"<p>Alkalisk affedtning i superkoncentrat, der effektivt fjerner alle typer organisk snavs s\u00e5som fluer, insekter, trafikfilm, alger, pollen, skimmelsvamp og anden v\u00e6kst. Et must til hver vask!<\/p>\n<p><strong>Ekstremt gener\u00f8s, 1 liter giver 20+ liter f\u00e6rdigt produkt<br \/>\nOverkommelig<br \/>\nGrusom som insektfjerner<br \/>\nMeget effektiv p\u00e5 de fleste materialer<br \/>\nFungerer p\u00e5 bil, autocamper, campingvogn, b\u00e5d, terrasse, facade, badev\u00e6relse osv.<br \/>\nVirker kanonen i skumlansen?<br \/>\nVenlig mod aluminium<br \/>\nF\u00e5s i flere st\u00f8rrelser<br \/>\nDufter godt af fersken<br \/>\nDet\/de overfladeaktive stof(fer) i dette pr\u00e6parat opfylder kriterierne for bionedbrydelighed i EU-forordning (EF) nr. 648\/2004 om vaske- og reng\u00f8ringsmidler.<br \/>\nProduktet er ikke klassificeret som m\u00e6rkningspligtigt i henhold til CLP-forordning (EF) 1272\/2008.<\/p>\n<p>Hvad bruges alkalisk affedtning til?<\/p>\n<p><\/strong>Opl\u00f8ser alle former for organisk snavs<strong><br \/>\n<\/strong>Fluer, myg og insekter<strong><br \/>\n<\/strong>Trafikfilm<strong><br \/>\n<\/strong>Alger og begroning<strong><br \/>\n<\/strong>Meldug<strong><br \/>\n<\/strong>Perfekt til bil, campingvogn, autocamper, motorcykel, terrasse og b\u00e5d<strong><br \/>\n<\/strong>Badev\u00e6relse, facade og de fleste overflader<br \/>\nStabil<br \/>\nTr\u00e6facade<\/p>\n<p><strong>S\u00e5dan fortyndes ekstrakt \u2013 Alkalisk affedtning:<\/strong><\/p>\n<p><strong>Svag blanding:<\/strong>\u00a0\u00a02-4% koncentrat restvand<br \/>\n<strong>Normal blanding:\u00a0<\/strong>\u00a05-7% koncentrat restvand<br \/>\n<strong>St\u00e6rk blanding:\u00a0<\/strong>10-15% koncentrat restvand<br \/>\n<strong>Meget st\u00e6rk blanding:<\/strong>\u00a015-25% koncentrat restvand<br \/>\n<strong>Ekstremt st\u00e6rk blanding:<\/strong>\u00a050-100% (m\u00e5 ikke t\u00f8rre)<\/p>\n<p>Ekstrakt er en yderst effektiv og superkoncentreret alkalisk affedter, perfekt til alle typer k\u00f8ret\u00f8jer, gulve, facader, tr\u00e6terrasser\/terrassebr\u00e6dder osv. L\u00f8fter alle former for organisk snavs og dufter dejligt af fersken. Bland 3-15% i vand og 1 liter giver dermed 20+ liter f\u00e6rdigt produkt. Fungerer ogs\u00e5 godt til grovere snavs p\u00e5 v\u00e6rkstedsgulve, t\u00e6pper, gelcoat osv.<\/p>\n<p><strong>Brug s\u00e5dan her:<\/strong><\/p>\n<p><strong>1.\u00a0<\/strong>Bland 3-15% med vand (afh\u00e6ngigt af tilsmudsningsgraden)<br \/>\n<strong>2.\u00a0<\/strong>Spray over det valgte omr\u00e5de og lad det virke i 5-15 minutter (lad det ikke t\u00f8rre)<br \/>\n<strong>3.\u00a0<\/strong>Skyl af med h\u00f8jt tryk<br \/>\n<strong>4.\u00a0<\/strong>Begynd det n\u00e6ste trin i vaskeprocessen<\/p>\n<p>Fungerer fantastisk i en skumpistol, dos\u00e9r m\u00e6ngden med dysen. Husk ogs\u00e5, at alle typer kemikalier, men is\u00e6r affedtning (kold\/alkalisk), skal bruge l\u00e6ngere tid p\u00e5 at bearbejde overfladen, n\u00e5r den er kold. S\u00e5 pr\u00f8v dig frem, hvilken tid du foretr\u00e6kker, alt mellem 5-15 minutter, men lad det ikke t\u00f8rre. V\u00e6r sk\u00e5nsom mod aluminium og andre metaller, men lad det som s\u00e6dvanligt ikke t\u00f8rre!<\/p>\n<p>Magisk som\u00a0<strong>flue-\/insektafviser\u00a0<\/strong>forrest, og bland derefter produktet betydeligt st\u00e6rkere hele vejen op for at reng\u00f8re!<\/p>\n<p>Dette opl\u00f8ser ikke tj\u00e6re-\/asfaltpletter, s\u00e5 skal du bruge vores koldaffedtningsmiddel Dissolve! F\u00e5s ogs\u00e5 som en brugsklar opl\u00f8sning fortyndet til 10%!<\/p>\n<p><strong>Ofte stillede sp\u00f8rgsm\u00e5l og svar om alkalisk affedtning:<\/strong><\/p>\n<p><strong>Hvad er forskellen p\u00e5 alkalisk affedtning og kold affedtning?<\/strong><br \/>\nAlkalisk affedtning opl\u00f8ser organisk snavs s\u00e5som jord, sand, fugleklatter, fluer og myg, og kold affedtning opl\u00f8ser alle former for petroleumbaseret snavs s\u00e5som asfalt, tj\u00e6re, benzin, diesel og mere.<\/p>\n<p><strong>Hvorn\u00e5r skal man bruge alkalisk affedtning?<\/strong><br \/>\nOpl\u00f8s fluer, myg, sand, jord og trafikfilm ved hver vask for at f\u00e5 den reneste overflade, inden du begynder at vaske h\u00e5ret med shampoo.<\/p>\n<p><strong>Kan alkalisk affedtning bruges p\u00e5 hele bilen?\u00a0<\/strong><br \/>\nJa, det er fint, bare lad ikke noget t\u00f8rre ind.<\/p>\n<p><strong>Hvad betyder alkalisk affedtning?<\/strong><br \/>\nAffedtningsmidler med h\u00f8jere pH-v\u00e6rdier.<\/p>\n<p><strong>Hvordan blander man et alkalisk affedtningsmiddel?<\/strong><\/p>\n<p><em>For 5%-blandingen, tag volumen, for eksempel 500 ml x 0,05 = 25 ml, for 10%, tag 500 ml x 0,1 osv.!<br \/>\n<\/em><\/p>\n<p><strong>Duft:\u00a0<\/strong>Fersken<strong><br \/>\n<em><br \/>\n<\/em><\/strong><em>Opbevares frostfrit.<\/em><\/p>","protected":false},"excerpt":{"rendered":"<p>Superkoncentreret alkalisk affedter \u2013 et kraftfuldt reng\u00f8ringsprodukt, der effektivt fjerner trafikfilm, insekter, alger og snavs fra biler, b\u00e5de og huse. Opl\u00f8ser alle former for organisk snavs!<\/p>","protected":false},"featured_media":27837,"comment_status":"open","ping_status":"closed","template":"","meta":{"_acf_changed":false,"_smort_price_nok":"","_smort_price_dkk":"","_smort_price_eur":"","_smort_sale_price_nok":"","_smort_sale_price_dkk":"","_smort_sale_price_eur":"","smort_restorder":"","shipmondo_restorder":"","_kad_blocks_custom_css":"","_kad_blocks_head_custom_js":"","_kad_blocks_body_custom_js":"","_kad_blocks_footer_custom_js":"","smort_custom_pricelist_1":"101.76","smort_custom_pricelist_2":"101.76","smort_custom_pricelist_3":"101.76","smort_custom_pricelist_4":"127.2","smort_custom_pricelist_5":"101.76"},"anvandningsomrade":[],"bilmarken":[],"product_brand":[2893],"product_cat":[2988,2989,378],"product_tag":[],"class_list":{"0":"post-27835","1":"product","2":"type-product","3":"status-publish","4":"has-post-thumbnail","6":"product_brand-tershine","7":"product_cat-biltvatt","8":"product_cat-avfettning","9":"product_cat-bilvard","11":"first","12":"instock","13":"taxable","14":"shipping-taxable","15":"purchasable","16":"product-type-simple"},"bundled_by":[],"bundle_stock_status":"instock","bundle_stock_quantity":1,"bundle_virtual":false,"bundle_layout":"","bundle_add_to_cart_form_location":"","bundle_editable_in_cart":false,"bundle_sold_individually_context":"","bundle_item_grouping":"","bundle_min_size":"","bundle_max_size":"","bundle_price":[],"bundled_items":[],"bundle_sell_ids":[],"acf":[],"yoast_head":"<!-- This site is optimized with the Yoast SEO plugin v27.0 - https:\/\/yoast.com\/product\/yoast-seo-wordpress\/ -->\n<title>Tershine Extract - Alkalisk avfettning 1 L - Xenonkungen<\/title>\n<meta name=\"robots\" content=\"index, follow, max-snippet:-1, max-image-preview:large, max-video-preview:-1\" \/>\n<link rel=\"canonical\" href=\"https:\/\/xenonkungen.com\/dk\/vare\/tershine-ekstrakt-alkalisk-affedtning-1-l\/\" \/>\n<meta property=\"og:locale\" content=\"da_DK\" \/>\n<meta property=\"og:type\" content=\"article\" \/>\n<meta property=\"og:title\" content=\"Tershine Extract - Alkalisk avfettning 1 L - Xenonkungen\" \/>\n<meta property=\"og:description\" content=\"Superkoncentrad alkalisk avfettning - en kraftfull reng\u00f6ringsprodukt som effektivt tar bort trafikfilm, insekter, alger och smuts fr\u00e5n bil, b\u00e5t och hus. L\u00f6ser all form av organisk smuts!\" \/>\n<meta property=\"og:url\" content=\"https:\/\/xenonkungen.com\/dk\/vare\/tershine-ekstrakt-alkalisk-affedtning-1-l\/\" \/>\n<meta property=\"og:site_name\" content=\"Xenonkungen\" \/>\n<meta property=\"article:modified_time\" content=\"2026-05-04T09:49:13+00:00\" \/>\n<meta property=\"og:image\" content=\"https:\/\/xenonkungen.com\/wp-content\/uploads\/2026\/03\/kHHctWa1bDWTnQr5Ml2jzudRqKSLMjR8RQlVbrqE.webp\" \/>\n\t<meta property=\"og:image:width\" content=\"1024\" \/>\n\t<meta property=\"og:image:height\" content=\"1024\" \/>\n\t<meta property=\"og:image:type\" content=\"image\/webp\" \/>\n<meta name=\"twitter:card\" content=\"summary_large_image\" \/>\n<meta name=\"twitter:label1\" content=\"Estimeret l\u00e6setid\" \/>\n\t<meta name=\"twitter:data1\" content=\"3 minutter\" \/>\n<script type=\"application\/ld+json\" class=\"yoast-schema-graph\">{\"@context\":\"https:\/\/schema.org\",\"@graph\":[{\"@type\":\"WebPage\",\"@id\":\"https:\/\/xenonkungen.com\/produkt\/tershine-extract-alkalisk-avfettning-1-l\/\",\"url\":\"https:\/\/xenonkungen.com\/produkt\/tershine-extract-alkalisk-avfettning-1-l\/\",\"name\":\"Tershine Extract - Alkalisk avfettning 1 L - Xenonkungen\",\"isPartOf\":{\"@id\":\"https:\/\/xenonkungen.com\/#website\"},\"primaryImageOfPage\":{\"@id\":\"https:\/\/xenonkungen.com\/produkt\/tershine-extract-alkalisk-avfettning-1-l\/#primaryimage\"},\"image\":{\"@id\":\"https:\/\/xenonkungen.com\/produkt\/tershine-extract-alkalisk-avfettning-1-l\/#primaryimage\"},\"thumbnailUrl\":\"https:\/\/xenonkungen.com\/wp-content\/uploads\/2026\/03\/kHHctWa1bDWTnQr5Ml2jzudRqKSLMjR8RQlVbrqE.webp\",\"datePublished\":\"2026-03-16T08:42:31+00:00\",\"dateModified\":\"2026-05-04T09:49:13+00:00\",\"breadcrumb\":{\"@id\":\"https:\/\/xenonkungen.com\/produkt\/tershine-extract-alkalisk-avfettning-1-l\/#breadcrumb\"},\"inLanguage\":\"da-DK\",\"potentialAction\":[{\"@type\":\"ReadAction\",\"target\":[\"https:\/\/xenonkungen.com\/produkt\/tershine-extract-alkalisk-avfettning-1-l\/\"]}]},{\"@type\":\"ImageObject\",\"inLanguage\":\"da-DK\",\"@id\":\"https:\/\/xenonkungen.com\/produkt\/tershine-extract-alkalisk-avfettning-1-l\/#primaryimage\",\"url\":\"https:\/\/xenonkungen.com\/wp-content\/uploads\/2026\/03\/kHHctWa1bDWTnQr5Ml2jzudRqKSLMjR8RQlVbrqE.webp\",\"contentUrl\":\"https:\/\/xenonkungen.com\/wp-content\/uploads\/2026\/03\/kHHctWa1bDWTnQr5Ml2jzudRqKSLMjR8RQlVbrqE.webp\",\"width\":1024,\"height\":1024},{\"@type\":\"BreadcrumbList\",\"@id\":\"https:\/\/xenonkungen.com\/produkt\/tershine-extract-alkalisk-avfettning-1-l\/#breadcrumb\",\"itemListElement\":[{\"@type\":\"ListItem\",\"position\":1,\"name\":\"Hem\",\"item\":\"https:\/\/xenonkungen.com\/\"},{\"@type\":\"ListItem\",\"position\":2,\"name\":\"Shop\",\"item\":\"https:\/\/xenonkungen.com\/shop\/\"},{\"@type\":\"ListItem\",\"position\":3,\"name\":\"Tershine Extract &#8211; Alkalisk avfettning 1 L\"}]},{\"@type\":\"WebSite\",\"@id\":\"https:\/\/xenonkungen.com\/#website\",\"url\":\"https:\/\/xenonkungen.com\/\",\"name\":\"Xenonkungen\",\"description\":\"\",\"potentialAction\":[{\"@type\":\"SearchAction\",\"target\":{\"@type\":\"EntryPoint\",\"urlTemplate\":\"https:\/\/xenonkungen.com\/?s={search_term_string}\"},\"query-input\":{\"@type\":\"PropertyValueSpecification\",\"valueRequired\":true,\"valueName\":\"search_term_string\"}}],\"inLanguage\":\"da-DK\"}]}<\/script>\n<!-- \/ Yoast SEO plugin. -->","yoast_head_json":{"title":"Tershine-ekstrakt - Alkalisk affedtning 1 L - Xenonkungen","robots":{"index":"index","follow":"follow","max-snippet":"max-snippet:-1","max-image-preview":"max-image-preview:large","max-video-preview":"max-video-preview:-1"},"canonical":"https:\/\/xenonkungen.com\/dk\/vare\/tershine-ekstrakt-alkalisk-affedtning-1-l\/","og_locale":"da_DK","og_type":"article","og_title":"Tershine Extract - Alkalisk avfettning 1 L - Xenonkungen","og_description":"Superkoncentrad alkalisk avfettning - en kraftfull reng\u00f6ringsprodukt som effektivt tar bort trafikfilm, insekter, alger och smuts fr\u00e5n bil, b\u00e5t och hus. L\u00f6ser all form av organisk smuts!","og_url":"https:\/\/xenonkungen.com\/dk\/vare\/tershine-ekstrakt-alkalisk-affedtning-1-l\/","og_site_name":"Xenonkungen","article_modified_time":"2026-05-04T09:49:13+00:00","og_image":[{"width":1024,"height":1024,"url":"https:\/\/xenonkungen.com\/wp-content\/uploads\/2026\/03\/kHHctWa1bDWTnQr5Ml2jzudRqKSLMjR8RQlVbrqE.webp","type":"image\/webp"}],"twitter_card":"summary_large_image","twitter_misc":{"Estimeret l\u00e6setid":"3 minutter"},"schema":{"@context":"https:\/\/schema.org","@graph":[{"@type":"WebPage","@id":"https:\/\/xenonkungen.com\/produkt\/tershine-extract-alkalisk-avfettning-1-l\/","url":"https:\/\/xenonkungen.com\/produkt\/tershine-extract-alkalisk-avfettning-1-l\/","name":"Tershine-ekstrakt - Alkalisk affedtning 1 L - Xenonkungen","isPartOf":{"@id":"https:\/\/xenonkungen.com\/#website"},"primaryImageOfPage":{"@id":"https:\/\/xenonkungen.com\/produkt\/tershine-extract-alkalisk-avfettning-1-l\/#primaryimage"},"image":{"@id":"https:\/\/xenonkungen.com\/produkt\/tershine-extract-alkalisk-avfettning-1-l\/#primaryimage"},"thumbnailUrl":"https:\/\/xenonkungen.com\/wp-content\/uploads\/2026\/03\/kHHctWa1bDWTnQr5Ml2jzudRqKSLMjR8RQlVbrqE.webp","datePublished":"2026-03-16T08:42:31+00:00","dateModified":"2026-05-04T09:49:13+00:00","breadcrumb":{"@id":"https:\/\/xenonkungen.com\/produkt\/tershine-extract-alkalisk-avfettning-1-l\/#breadcrumb"},"inLanguage":"da-DK","potentialAction":[{"@type":"ReadAction","target":["https:\/\/xenonkungen.com\/produkt\/tershine-extract-alkalisk-avfettning-1-l\/"]}]},{"@type":"ImageObject","inLanguage":"da-DK","@id":"https:\/\/xenonkungen.com\/produkt\/tershine-extract-alkalisk-avfettning-1-l\/#primaryimage","url":"https:\/\/xenonkungen.com\/wp-content\/uploads\/2026\/03\/kHHctWa1bDWTnQr5Ml2jzudRqKSLMjR8RQlVbrqE.webp","contentUrl":"https:\/\/xenonkungen.com\/wp-content\/uploads\/2026\/03\/kHHctWa1bDWTnQr5Ml2jzudRqKSLMjR8RQlVbrqE.webp","width":1024,"height":1024},{"@type":"BreadcrumbList","@id":"https:\/\/xenonkungen.com\/produkt\/tershine-extract-alkalisk-avfettning-1-l\/#breadcrumb","itemListElement":[{"@type":"ListItem","position":1,"name":"Hem","item":"https:\/\/xenonkungen.com\/"},{"@type":"ListItem","position":2,"name":"Shop","item":"https:\/\/xenonkungen.com\/shop\/"},{"@type":"ListItem","position":3,"name":"Tershine Extract &#8211; Alkalisk avfettning 1 L"}]},{"@type":"WebSite","@id":"https:\/\/xenonkungen.com\/#website","url":"https:\/\/xenonkungen.com\/","name":"Xenonkungen","description":"","potentialAction":[{"@type":"SearchAction","target":{"@type":"EntryPoint","urlTemplate":"https:\/\/xenonkungen.com\/?s={search_term_string}"},"query-input":{"@type":"PropertyValueSpecification","valueRequired":true,"valueName":"search_term_string"}}],"inLanguage":"da-DK"}]}},"taxonomy_info":{"product_brand":[{"value":2893,"label":"Tershine"}],"product_cat":[{"value":2988,"label":"1 | Biltv\u00e4tt"},{"value":2989,"label":"2 | Avfettning"},{"value":378,"label":"Bilv\u00e5rd"}]},"featured_image_src_large":["https:\/\/xenonkungen.com\/wp-content\/uploads\/2026\/03\/kHHctWa1bDWTnQr5Ml2jzudRqKSLMjR8RQlVbrqE.webp",1024,1024,false],"author_info":[],"comment_info":0,"_links":{"self":[{"href":"https:\/\/xenonkungen.com\/dk\/wp-json\/wp\/v2\/product\/27835","targetHints":{"allow":["GET"]}}],"collection":[{"href":"https:\/\/xenonkungen.com\/dk\/wp-json\/wp\/v2\/product"}],"about":[{"href":"https:\/\/xenonkungen.com\/dk\/wp-json\/wp\/v2\/types\/product"}],"replies":[{"embeddable":true,"href":"https:\/\/xenonkungen.com\/dk\/wp-json\/wp\/v2\/comments?post=27835"}],"wp:featuredmedia":[{"embeddable":true,"href":"https:\/\/xenonkungen.com\/dk\/wp-json\/wp\/v2\/media\/27837"}],"wp:attachment":[{"href":"https:\/\/xenonkungen.com\/dk\/wp-json\/wp\/v2\/media?parent=27835"}],"wp:term":[{"taxonomy":"anvandningsomrade","embeddable":true,"href":"https:\/\/xenonkungen.com\/dk\/wp-json\/wp\/v2\/anvandningsomrade?post=27835"},{"taxonomy":"bilmarken","embeddable":true,"href":"https:\/\/xenonkungen.com\/dk\/wp-json\/wp\/v2\/bilmarken?post=27835"},{"taxonomy":"product_brand","embeddable":true,"href":"https:\/\/xenonkungen.com\/dk\/wp-json\/wp\/v2\/product_brand?post=27835"},{"taxonomy":"product_cat","embeddable":true,"href":"https:\/\/xenonkungen.com\/dk\/wp-json\/wp\/v2\/product_cat?post=27835"},{"taxonomy":"product_tag","embeddable":true,"href":"https:\/\/xenonkungen.com\/dk\/wp-json\/wp\/v2\/product_tag?post=27835"}],"curies":[{"name":"wp","href":"https:\/\/api.w.org\/{rel}","templated":true}]}}